{"id":23079,"date":"2024-10-07T14:06:12","date_gmt":"2024-10-07T20:06:12","guid":{"rendered":"https:\/\/mivoot.com\/gt\/?post_type=product&#038;p=23079"},"modified":"2025-03-03T19:31:18","modified_gmt":"2025-03-04T01:31:18","slug":"impresora-termica-directa-de-recibos-usb-rs232-ethernet-3nstar","status":"publish","type":"product","link":"https:\/\/mivoot.com\/gt\/producto\/impresora-termica-directa-de-recibos-usb-rs232-ethernet-3nstar\/","title":{"rendered":"Impresora T\u00e9rmica Directa de Recibos USB RS232 Ethernet 3nstar"},"content":{"rendered":"<h1 style=\"text-align: center;\">Impresora T\u00e9rmica Directa de Recibos USB RS232 RPT008 Ethernet 3nstar<\/h1>\n<p>La RPT008 de 3nStar es una impresora t\u00e9rmica veloz, con excelentes acabados y un mecanismo interno de la mas alta calidad , que la convierten en una de las\u00a0 mejores impresoras del mercado.<\/p>\n<p>Sus caracter\u00edsticas mas importantes son la velocidad de impresi\u00f3n (260mm\/s), sus m\u00faltiples interfaces (Serial, USB y LAN) y la facilidad de integraci\u00f3n con diversos sistemas operativos. Elegancia, poder y versatilidad en un solo equipo.<\/p>\n<p><strong>Caracter\u00edsticas<\/strong><\/p>\n<ul>\n<li><span lang=\"es\">Impresora de recibos t\u00e9rmicos\u00a0<\/span><\/li>\n<li><span lang=\"es\">Velocidad de impresi\u00f3n: 260 mm\/s<\/span><\/li>\n<li><span lang=\"es\">Triple Interfaz: Serial, USB y Ethernet<\/span><\/li>\n<li><span lang=\"es\">Cortador autom\u00e1tico de papel<\/span><\/li>\n<li><span lang=\"es\">F\u00e1cil Carga de Papel<\/span><\/li>\n<li><span lang=\"es\">Vida util del Cabezal: 100km<\/span><\/li>\n<li><span lang=\"es\">Vida util del cortador autom\u00e1tico: 1.5 millones de cortes<\/span><\/li>\n<\/ul>\n<h4>F\u00edsicas<\/h4>\n<ul>\n<li>Dimensiones (L\/A\/P)<\/li>\n<li>Alimentaci\u00f3n 140mm x 183mm x 136mm<\/li>\n<li>Peso 1.1 kgs.<\/li>\n<li>Fuente de Poder Entrada: AC 110V\/220V,50~60Hz Salida: DC 24V\/2.5A<\/li>\n<li>Peso Bruto 2.0 kgs.<\/li>\n<li>Color Negro<\/li>\n<li>Condiciones Ambientales<\/li>\n<li>Temperatura de Operaci\u00f3n<\/li>\n<li>Temperatura de Almacenaje<\/li>\n<li>0\u00b0C to 45\u00b0C, humidity (10~80%)<\/li>\n<li>-10\u00b0 to 60\u00b0C humidity (10~90%)<\/li>\n<\/ul>\n<h4>Arquitectura<\/h4>\n<ul>\n<li>M\u00e9todo de impresi\u00f3n Transferencia t\u00e9rmica directa<\/li>\n<li>Velocidad de impresi\u00f3n 260mm\/s<\/li>\n<li>Resoluci\u00f3n 203dpi (8 puntos\/mm, 576 puntos\/linea)<\/li>\n<li>Area de impresi\u00f3n 76mm (2.9\u00a8)<\/li>\n<li>Medio de impresi\u00f3n Papel t\u00e9rmico<\/li>\n<li>Ancho del papel 79.5\u00b10.5mm<\/li>\n<li>Di\u00e1metro del rollo de papel 80mm (3.1\u00a8),(Max)<\/li>\n<li>M\u00e9todo de carga del papel \u201cDrop-in\u201d Se deposita en el compartimiento, sin gu\u00edas, ni procesos complejos.<\/li>\n<li>Vida \u00fatil del cabezal 150 km<\/li>\n<li>Compatibilidad c\u00f3digos 1D UPC-A\uff0cUPC-E\uff0cEAN-13\uff0cEAN-8\uff0cCODE39\uff0cITF\uff0cCODABAR\uff0c<\/li>\n<li>CODE 39, CODE93\uff0cCODE128<\/li>\n<\/ul>\n<h4>Compatibilidad sistemas operativos:<\/h4>\n<ul>\n<li>Win 2000\/Win 2003\/Win NT\/Win XP\/Win Vista\/win 7\/Win 8\/Win 8.1\/ Linux<\/li>\n<li>Sensor Sin papel, cubierta abierta, orden entrante, error, reimpresi\u00f3n.<\/li>\n<li>Puerto para gaveta 1 puerto DC 24V<\/li>\n<li>Interfaces RS-232, USB and Ethernet<\/li>\n<li>Compatibilidad c\u00f3digos 2D: QR, PDF417<\/li>\n<li>Tipo de Auto-cortador: Guillotina<\/li>\n<li>Vida \u00fatil auto-cortador 1,500,000 corte<\/li>\n<li>Emulaci\u00f3n ESC\/POS<\/li>\n<\/ul>\n","protected":false},"excerpt":{"rendered":"<p>&#8211; M\u00e9todo de impresi\u00f3n Transferencia t\u00e9rmica directa<br \/>\n&#8211; Velocidad de impresi\u00f3n 260mm\/s<br \/>\n&#8211; Resoluci\u00f3n 203dpi (8 puntos\/mm, 576 puntos\/linea)<br \/>\n&#8211; Area de impresi\u00f3n 76mm (2.9\u00a8)<br \/>\n&#8211; Medio de impresi\u00f3n Papel t\u00e9rmico<br \/>\n&#8211; Ancho del papel 79.5\u00b10.5mm<br \/>\n&#8211; Di\u00e1metro del rollo de papel 80mm (3.1\u00a8),(Max)<br \/>\n&#8211; Dimensiones (L\/A\/P)<br \/>\n&#8211; Dimensiones 140mm x 183mm x 136mm<br \/>\n&#8211; Peso 1.1 kgs.<br \/>\n&#8211; Peso Bruto 2.0 kgs.<br \/>\n&#8211; Color Negro<\/p>\n","protected":false},"featured_media":23085,"comment_status":"open","ping_status":"closed","template":"","meta":{"jetpack_publicize_message":"","jetpack_publicize_feature_enabled":true,"jetpack_social_post_already_shared":true,"jetpack_social_options":{"image_generator_settings":{"template":"highway","default_image_id":0,"font":"","enabled":false},"version":2}},"pwb-brand":[312],"product_brand":[],"product_cat":[174,305],"product_tag":[],"class_list":{"0":"post-23079","1":"product","2":"type-product","3":"status-publish","4":"has-post-thumbnail","6":"pwb-brand-3nstar","7":"product_cat-imptermica","8":"product_cat-impresoratermicarecibos","10":"first","11":"instock","12":"taxable","13":"shipping-taxable","14":"purchasable","15":"product-type-simple"},"yoast_head":"<!-- This site is optimized with the Yoast SEO Premium plugin v25.7.1 (Yoast SEO v26.8) - https:\/\/yoast.com\/product\/yoast-seo-premium-wordpress\/ -->\n<title>Impresora T\u00e9rmica Directa de Recibos USB RS232 Ethernet 3nstar - Mivoot<\/title>\n<meta name=\"robots\" content=\"index, follow, max-snippet:-1, max-image-preview:large, max-video-preview:-1\" \/>\n<link rel=\"canonical\" href=\"https:\/\/mivoot.com\/gt\/producto\/impresora-termica-directa-de-recibos-usb-rs232-ethernet-3nstar\/\" \/>\n<meta property=\"og:locale\" content=\"es_ES\" \/>\n<meta property=\"og:type\" content=\"article\" \/>\n<meta property=\"og:title\" content=\"Impresora T\u00e9rmica Directa de Recibos USB RS232 Ethernet 3nstar\" \/>\n<meta property=\"og:description\" content=\"- M\u00e9todo de impresi\u00f3n Transferencia t\u00e9rmica directa - Velocidad de impresi\u00f3n 260mm\/s - Resoluci\u00f3n 203dpi (8 puntos\/mm, 576 puntos\/linea) - Area de impresi\u00f3n 76mm (2.9\u00a8) - Medio de impresi\u00f3n Papel t\u00e9rmico - Ancho del papel 79.5\u00b10.5mm - Di\u00e1metro del rollo de papel 80mm (3.1\u00a8),(Max) - Dimensiones (L\/A\/P) - Dimensiones 140mm x 183mm x 136mm - Peso 1.1 kgs. - Peso Bruto 2.0 kgs. - Color Negro\" \/>\n<meta property=\"og:url\" content=\"https:\/\/mivoot.com\/gt\/producto\/impresora-termica-directa-de-recibos-usb-rs232-ethernet-3nstar\/\" \/>\n<meta property=\"og:site_name\" content=\"Mivoot\" \/>\n<meta property=\"article:publisher\" content=\"https:\/\/www.facebook.com\/mivootgt\" \/>\n<meta property=\"article:modified_time\" content=\"2025-03-04T01:31:18+00:00\" \/>\n<meta property=\"og:image\" content=\"https:\/\/mivoot.com\/gt\/wp-content\/uploads\/2024\/10\/RTP008.png\" \/>\n\t<meta property=\"og:image:width\" content=\"500\" \/>\n\t<meta property=\"og:image:height\" content=\"500\" \/>\n\t<meta property=\"og:image:type\" content=\"image\/png\" \/>\n<meta name=\"twitter:card\" content=\"summary_large_image\" \/>\n<meta name=\"twitter:label1\" content=\"Est. reading time\" \/>\n\t<meta name=\"twitter:data1\" content=\"2 minutos\" \/>\n<script type=\"application\/ld+json\" class=\"yoast-schema-graph\">{\"@context\":\"https:\/\/schema.org\",\"@graph\":[{\"@type\":\"WebPage\",\"@id\":\"https:\/\/mivoot.com\/gt\/producto\/impresora-termica-directa-de-recibos-usb-rs232-ethernet-3nstar\/\",\"url\":\"https:\/\/mivoot.com\/gt\/producto\/impresora-termica-directa-de-recibos-usb-rs232-ethernet-3nstar\/\",\"name\":\"Impresora T\u00e9rmica Directa de Recibos USB RS232 Ethernet 3nstar - Mivoot\",\"isPartOf\":{\"@id\":\"https:\/\/mivoot.com\/gt\/#website\"},\"primaryImageOfPage\":{\"@id\":\"https:\/\/mivoot.com\/gt\/producto\/impresora-termica-directa-de-recibos-usb-rs232-ethernet-3nstar\/#primaryimage\"},\"image\":{\"@id\":\"https:\/\/mivoot.com\/gt\/producto\/impresora-termica-directa-de-recibos-usb-rs232-ethernet-3nstar\/#primaryimage\"},\"thumbnailUrl\":\"https:\/\/mivoot.com\/gt\/wp-content\/uploads\/2024\/10\/RTP008.png\",\"datePublished\":\"2024-10-07T20:06:12+00:00\",\"dateModified\":\"2025-03-04T01:31:18+00:00\",\"breadcrumb\":{\"@id\":\"https:\/\/mivoot.com\/gt\/producto\/impresora-termica-directa-de-recibos-usb-rs232-ethernet-3nstar\/#breadcrumb\"},\"inLanguage\":\"es\",\"potentialAction\":[{\"@type\":\"ReadAction\",\"target\":[\"https:\/\/mivoot.com\/gt\/producto\/impresora-termica-directa-de-recibos-usb-rs232-ethernet-3nstar\/\"]}]},{\"@type\":\"ImageObject\",\"inLanguage\":\"es\",\"@id\":\"https:\/\/mivoot.com\/gt\/producto\/impresora-termica-directa-de-recibos-usb-rs232-ethernet-3nstar\/#primaryimage\",\"url\":\"https:\/\/mivoot.com\/gt\/wp-content\/uploads\/2024\/10\/RTP008.png\",\"contentUrl\":\"https:\/\/mivoot.com\/gt\/wp-content\/uploads\/2024\/10\/RTP008.png\",\"width\":500,\"height\":500},{\"@type\":\"BreadcrumbList\",\"@id\":\"https:\/\/mivoot.com\/gt\/producto\/impresora-termica-directa-de-recibos-usb-rs232-ethernet-3nstar\/#breadcrumb\",\"itemListElement\":[{\"@type\":\"ListItem\",\"position\":1,\"name\":\"Inicio\",\"item\":\"https:\/\/mivoot.com\/gt\/\"},{\"@type\":\"ListItem\",\"position\":2,\"name\":\"Productos\",\"item\":\"https:\/\/mivoot.com\/gt\/producto\/\"},{\"@type\":\"ListItem\",\"position\":3,\"name\":\"3nStar\",\"item\":\"https:\/\/mivoot.com\/gt\/marca\/3nstar\/\"},{\"@type\":\"ListItem\",\"position\":4,\"name\":\"Impresora T\u00e9rmica Directa de Recibos USB RS232 Ethernet 3nstar\"}]},{\"@type\":\"WebSite\",\"@id\":\"https:\/\/mivoot.com\/gt\/#website\",\"url\":\"https:\/\/mivoot.com\/gt\/\",\"name\":\"Mivoot\",\"description\":\"Mivoot Guatemala | Tienda Online\",\"publisher\":{\"@id\":\"https:\/\/mivoot.com\/gt\/#organization\"},\"alternateName\":\"mivoot\",\"potentialAction\":[{\"@type\":\"SearchAction\",\"target\":{\"@type\":\"EntryPoint\",\"urlTemplate\":\"https:\/\/mivoot.com\/gt\/?s={search_term_string}\"},\"query-input\":{\"@type\":\"PropertyValueSpecification\",\"valueRequired\":true,\"valueName\":\"search_term_string\"}}],\"inLanguage\":\"es\"},{\"@type\":\"Organization\",\"@id\":\"https:\/\/mivoot.com\/gt\/#organization\",\"name\":\"Mivoot Guatemala\",\"alternateName\":\"mivoot.com\",\"url\":\"https:\/\/mivoot.com\/gt\/\",\"logo\":{\"@type\":\"ImageObject\",\"inLanguage\":\"es\",\"@id\":\"https:\/\/mivoot.com\/gt\/#\/schema\/logo\/image\/\",\"url\":\"https:\/\/mivoot.com\/gt\/wp-content\/uploads\/2023\/03\/cropped-icon.png\",\"contentUrl\":\"https:\/\/mivoot.com\/gt\/wp-content\/uploads\/2023\/03\/cropped-icon.png\",\"width\":512,\"height\":512,\"caption\":\"Mivoot Guatemala\"},\"image\":{\"@id\":\"https:\/\/mivoot.com\/gt\/#\/schema\/logo\/image\/\"},\"sameAs\":[\"https:\/\/www.facebook.com\/mivootgt\",\"https:\/\/instagram.com\/mivoot\"]}]}<\/script>\n<!-- \/ Yoast SEO Premium plugin. -->","yoast_head_json":{"title":"Impresora T\u00e9rmica Directa de Recibos USB RS232 Ethernet 3nstar - Mivoot","robots":{"index":"index","follow":"follow","max-snippet":"max-snippet:-1","max-image-preview":"max-image-preview:large","max-video-preview":"max-video-preview:-1"},"canonical":"https:\/\/mivoot.com\/gt\/producto\/impresora-termica-directa-de-recibos-usb-rs232-ethernet-3nstar\/","og_locale":"es_ES","og_type":"article","og_title":"Impresora T\u00e9rmica Directa de Recibos USB RS232 Ethernet 3nstar","og_description":"- M\u00e9todo de impresi\u00f3n Transferencia t\u00e9rmica directa - Velocidad de impresi\u00f3n 260mm\/s - Resoluci\u00f3n 203dpi (8 puntos\/mm, 576 puntos\/linea) - Area de impresi\u00f3n 76mm (2.9\u00a8) - Medio de impresi\u00f3n Papel t\u00e9rmico - Ancho del papel 79.5\u00b10.5mm - Di\u00e1metro del rollo de papel 80mm (3.1\u00a8),(Max) - Dimensiones (L\/A\/P) - Dimensiones 140mm x 183mm x 136mm - Peso 1.1 kgs. - Peso Bruto 2.0 kgs. - Color Negro","og_url":"https:\/\/mivoot.com\/gt\/producto\/impresora-termica-directa-de-recibos-usb-rs232-ethernet-3nstar\/","og_site_name":"Mivoot","article_publisher":"https:\/\/www.facebook.com\/mivootgt","article_modified_time":"2025-03-04T01:31:18+00:00","og_image":[{"width":500,"height":500,"url":"https:\/\/mivoot.com\/gt\/wp-content\/uploads\/2024\/10\/RTP008.png","type":"image\/png"}],"twitter_card":"summary_large_image","twitter_misc":{"Est. reading time":"2 minutos"},"schema":{"@context":"https:\/\/schema.org","@graph":[{"@type":"WebPage","@id":"https:\/\/mivoot.com\/gt\/producto\/impresora-termica-directa-de-recibos-usb-rs232-ethernet-3nstar\/","url":"https:\/\/mivoot.com\/gt\/producto\/impresora-termica-directa-de-recibos-usb-rs232-ethernet-3nstar\/","name":"Impresora T\u00e9rmica Directa de Recibos USB RS232 Ethernet 3nstar - Mivoot","isPartOf":{"@id":"https:\/\/mivoot.com\/gt\/#website"},"primaryImageOfPage":{"@id":"https:\/\/mivoot.com\/gt\/producto\/impresora-termica-directa-de-recibos-usb-rs232-ethernet-3nstar\/#primaryimage"},"image":{"@id":"https:\/\/mivoot.com\/gt\/producto\/impresora-termica-directa-de-recibos-usb-rs232-ethernet-3nstar\/#primaryimage"},"thumbnailUrl":"https:\/\/mivoot.com\/gt\/wp-content\/uploads\/2024\/10\/RTP008.png","datePublished":"2024-10-07T20:06:12+00:00","dateModified":"2025-03-04T01:31:18+00:00","breadcrumb":{"@id":"https:\/\/mivoot.com\/gt\/producto\/impresora-termica-directa-de-recibos-usb-rs232-ethernet-3nstar\/#breadcrumb"},"inLanguage":"es","potentialAction":[{"@type":"ReadAction","target":["https:\/\/mivoot.com\/gt\/producto\/impresora-termica-directa-de-recibos-usb-rs232-ethernet-3nstar\/"]}]},{"@type":"ImageObject","inLanguage":"es","@id":"https:\/\/mivoot.com\/gt\/producto\/impresora-termica-directa-de-recibos-usb-rs232-ethernet-3nstar\/#primaryimage","url":"https:\/\/mivoot.com\/gt\/wp-content\/uploads\/2024\/10\/RTP008.png","contentUrl":"https:\/\/mivoot.com\/gt\/wp-content\/uploads\/2024\/10\/RTP008.png","width":500,"height":500},{"@type":"BreadcrumbList","@id":"https:\/\/mivoot.com\/gt\/producto\/impresora-termica-directa-de-recibos-usb-rs232-ethernet-3nstar\/#breadcrumb","itemListElement":[{"@type":"ListItem","position":1,"name":"Inicio","item":"https:\/\/mivoot.com\/gt\/"},{"@type":"ListItem","position":2,"name":"Productos","item":"https:\/\/mivoot.com\/gt\/producto\/"},{"@type":"ListItem","position":3,"name":"3nStar","item":"https:\/\/mivoot.com\/gt\/marca\/3nstar\/"},{"@type":"ListItem","position":4,"name":"Impresora T\u00e9rmica Directa de Recibos USB RS232 Ethernet 3nstar"}]},{"@type":"WebSite","@id":"https:\/\/mivoot.com\/gt\/#website","url":"https:\/\/mivoot.com\/gt\/","name":"Mivoot","description":"Mivoot Guatemala | Tienda Online","publisher":{"@id":"https:\/\/mivoot.com\/gt\/#organization"},"alternateName":"mivoot","potentialAction":[{"@type":"SearchAction","target":{"@type":"EntryPoint","urlTemplate":"https:\/\/mivoot.com\/gt\/?s={search_term_string}"},"query-input":{"@type":"PropertyValueSpecification","valueRequired":true,"valueName":"search_term_string"}}],"inLanguage":"es"},{"@type":"Organization","@id":"https:\/\/mivoot.com\/gt\/#organization","name":"Mivoot Guatemala","alternateName":"mivoot.com","url":"https:\/\/mivoot.com\/gt\/","logo":{"@type":"ImageObject","inLanguage":"es","@id":"https:\/\/mivoot.com\/gt\/#\/schema\/logo\/image\/","url":"https:\/\/mivoot.com\/gt\/wp-content\/uploads\/2023\/03\/cropped-icon.png","contentUrl":"https:\/\/mivoot.com\/gt\/wp-content\/uploads\/2023\/03\/cropped-icon.png","width":512,"height":512,"caption":"Mivoot Guatemala"},"image":{"@id":"https:\/\/mivoot.com\/gt\/#\/schema\/logo\/image\/"},"sameAs":["https:\/\/www.facebook.com\/mivootgt","https:\/\/instagram.com\/mivoot"]}]}},"jetpack_publicize_connections":[],"jetpack_sharing_enabled":true,"brands":[{"id":312,"name":"3nStar","slug":"3nstar"}],"_links":{"self":[{"href":"https:\/\/mivoot.com\/gt\/wp-json\/wp\/v2\/product\/23079","targetHints":{"allow":["GET"]}}],"collection":[{"href":"https:\/\/mivoot.com\/gt\/wp-json\/wp\/v2\/product"}],"about":[{"href":"https:\/\/mivoot.com\/gt\/wp-json\/wp\/v2\/types\/product"}],"replies":[{"embeddable":true,"href":"https:\/\/mivoot.com\/gt\/wp-json\/wp\/v2\/comments?post=23079"}],"version-history":[{"count":3,"href":"https:\/\/mivoot.com\/gt\/wp-json\/wp\/v2\/product\/23079\/revisions"}],"predecessor-version":[{"id":26709,"href":"https:\/\/mivoot.com\/gt\/wp-json\/wp\/v2\/product\/23079\/revisions\/26709"}],"wp:featuredmedia":[{"embeddable":true,"href":"https:\/\/mivoot.com\/gt\/wp-json\/wp\/v2\/media\/23085"}],"wp:attachment":[{"href":"https:\/\/mivoot.com\/gt\/wp-json\/wp\/v2\/media?parent=23079"}],"wp:term":[{"taxonomy":"pwb-brand","embeddable":true,"href":"https:\/\/mivoot.com\/gt\/wp-json\/wp\/v2\/pwb-brand?post=23079"},{"taxonomy":"product_brand","embeddable":true,"href":"https:\/\/mivoot.com\/gt\/wp-json\/wp\/v2\/product_brand?post=23079"},{"taxonomy":"product_cat","embeddable":true,"href":"https:\/\/mivoot.com\/gt\/wp-json\/wp\/v2\/product_cat?post=23079"},{"taxonomy":"product_tag","embeddable":true,"href":"https:\/\/mivoot.com\/gt\/wp-json\/wp\/v2\/product_tag?post=23079"}],"curies":[{"name":"wp","href":"https:\/\/api.w.org\/{rel}","templated":true}]}}