{"id":23522,"date":"2024-11-01T11:07:36","date_gmt":"2024-11-01T17:07:36","guid":{"rendered":"https:\/\/mivoot.com\/gt\/?post_type=product&#038;p=23522"},"modified":"2024-11-01T11:10:48","modified_gmt":"2024-11-01T17:10:48","slug":"timbre-video-portero-smart-wi-fi-2mp-ip65-zkteco","status":"publish","type":"product","link":"https:\/\/mivoot.com\/gt\/producto\/timbre-video-portero-smart-wi-fi-2mp-ip65-zkteco\/","title":{"rendered":"Timbre Video Portero Smart Wi-Fi 2MP IP65 ZKTeco"},"content":{"rendered":"<p><img decoding=\"async\" src=\"https:\/\/safe24.md\/image\/catalog\/Product\/Interfoane\/Video\/Fara_fir\/ZKTeco\/D0BPA\/D0BPA_1200px.jpg\" \/><\/p>\n<p>D0BPA es un timbre con video inal\u00e1mbrico de 2 MP con timbre para la seguridad del hogar que siempre vigila tu puerta de entrada. No importa d\u00f3nde est\u00e9s, puedes ver a los visitantes con claridad durante el d\u00eda o la noche y saludarlos a trav\u00e9s de la aplicaci\u00f3n m\u00f3vil ZSmart. Recibe una notificaci\u00f3n cuando se detecte a una persona y recibe una llamada en tu tel\u00e9fono cuando se presione el bot\u00f3n del timbre. Un micr\u00f3fono y un altavoz integrados permiten una conversaci\u00f3n bidireccional con audio.<\/p>\n<ul>\n<li>Modelo D0BPA<\/li>\n<li>Sensor de imagen CMOS de 1\/2,9&#8243;<\/li>\n<li>Resoluci\u00f3n 2MP<\/li>\n<li>Longitud focal 1,7 mm<\/li>\n<li>Campo de visi\u00f3n 140 (diagonal)<\/li>\n<li>Detecci\u00f3n de movimiento Compatible con PIR<\/li>\n<li>Detecci\u00f3n humana Apoyado<\/li>\n<li>Est\u00e1ndar de compresi\u00f3n de v\u00eddeo H.265<\/li>\n<li>Visi\u00f3n nocturna 3-5m<\/li>\n<li>Velocidad de cuadros 25 pies por segundo<\/li>\n<li>Compresi\u00f3n de audio G.711<\/li>\n<li>Distancia de recogida 5m<\/li>\n<li>Altavoz y micr\u00f3fono Incorporado<\/li>\n<li>Audio bidireccional Apoyado<\/li>\n<li>Protocolo inal\u00e1mbrico IEEE 802.11b\/g\/n (Wi-Fi de 2,4 GHz)<\/li>\n<li>Seguridad de datos Cifrado de extremo a extremo WEP \/ WPA \/ WPA2<\/li>\n<li>Protocolo TCP\/IP, HTTP, DHCP, DNS<\/li>\n<li>Asistente de voz Amazon Alexa, Asistente de Google<\/li>\n<li>Almacenamiento en la nube Apoyado<\/li>\n<li>Voltaje\/corriente de carga 5 V CC\/1 A<\/li>\n<li>Tipo de bater\u00eda 4500 mAh<\/li>\n<li>Apoyar 1-2 meses (se activa 5 veces al d\u00eda y depende del estado de la se\u00f1al de la red)<\/li>\n<li>Repicar Incluido<\/li>\n<li>Distancia RF433 20m (sin obst\u00e1culos)<\/li>\n<li>Dimensiones 134*56,3*39 mm (ancho*largo*profundidad)<\/li>\n<li>Consumo de energ\u00eda 2W Vatios (M\u00e1x.)<\/li>\n<li>Peso neto 189 gramos<\/li>\n<li>Peso bruto 432 g (incluido el timbre)<\/li>\n<li>Temperatura de trabajo -20 ~ 50 \u00b0C<\/li>\n<li>Humedad de trabajo &lt;90%<\/li>\n<li>Certificaciones CE\/FCC<\/li>\n<li>Almacenamiento local Soporte m\u00e1ximo 256G<\/li>\n<\/ul>\n<p><img decoding=\"async\" src=\"https:\/\/zktecobd.com\/wp-content\/uploads\/2023\/05\/Zkteco-D0BPA.jpg\" alt=\"Zkteco D0BPA\" \/><\/p>\n","protected":false},"excerpt":{"rendered":"<p>&#8211; Sensor de imagen: CMOS de 1\/2,9&#8243;<br \/>\n&#8211; Resoluci\u00f3n: 2 megap\u00edxeles<br \/>\n&#8211; Longitud focal:1,7 mm<br \/>\n&#8211; Campo de visi\u00f3n:140 (diagonales)<br \/>\n&#8211; Detecci\u00f3n de movimiento: Compatible con PIR<br \/>\n&#8211; Detecci\u00f3n humana: Soportado<br \/>\n&#8211; Est\u00e1ndar de compresi\u00f3n de v\u00eddeo: H.265<br \/>\n&#8211; Visi\u00f3n nocturna: 3-5m<br \/>\n&#8211; Distancia de recogida: 5m<br \/>\n&#8211; Altavoz y micr\u00f3fono: Incorporado<br \/>\n&#8211; RF433 Distancia: 20m (sin obst\u00e1culos)<br \/>\n&#8211; Dimensiones: 134*56,3*39 mm (ancho*largo*profundidad)<br \/>\n&#8211; El consumo de energ\u00eda: 2W vatios (m\u00e1x.)<br \/>\n&#8211; Peso neto: 189g<\/p>\n","protected":false},"featured_media":23524,"comment_status":"open","ping_status":"closed","template":"","meta":{"jetpack_publicize_message":"","jetpack_publicize_feature_enabled":true,"jetpack_social_post_already_shared":true,"jetpack_social_options":{"image_generator_settings":{"template":"highway","default_image_id":0,"font":"","enabled":false},"version":2}},"pwb-brand":[101],"product_brand":[],"product_cat":[28,356],"product_tag":[],"class_list":{"0":"post-23522","1":"product","2":"type-product","3":"status-publish","4":"has-post-thumbnail","6":"pwb-brand-zkteco-guatemala","7":"product_cat-smart-home","8":"product_cat-video-portero","10":"first","11":"instock","12":"taxable","13":"shipping-taxable","14":"purchasable","15":"product-type-simple"},"yoast_head":"<!-- This site is optimized with the Yoast SEO Premium plugin v25.7.1 (Yoast SEO v26.8) - https:\/\/yoast.com\/product\/yoast-seo-premium-wordpress\/ -->\n<title>Timbre Video Portero Smart Wi-Fi 2MP IP65 ZKTeco - Mivoot<\/title>\n<meta name=\"robots\" content=\"index, follow, max-snippet:-1, max-image-preview:large, max-video-preview:-1\" \/>\n<link rel=\"canonical\" href=\"https:\/\/mivoot.com\/gt\/producto\/timbre-video-portero-smart-wi-fi-2mp-ip65-zkteco\/\" \/>\n<meta property=\"og:locale\" content=\"es_ES\" \/>\n<meta property=\"og:type\" content=\"article\" \/>\n<meta property=\"og:title\" content=\"Timbre Video Portero Smart Wi-Fi 2MP IP65 ZKTeco\" \/>\n<meta property=\"og:description\" content=\"- Sensor de imagen: CMOS de 1\/2,9&quot; - Resoluci\u00f3n: 2 megap\u00edxeles - Longitud focal:1,7 mm - Campo de visi\u00f3n:140 (diagonales) - Detecci\u00f3n de movimiento: Compatible con PIR - Detecci\u00f3n humana: Soportado - Est\u00e1ndar de compresi\u00f3n de v\u00eddeo: H.265 - Visi\u00f3n nocturna: 3-5m - Distancia de recogida: 5m - Altavoz y micr\u00f3fono: Incorporado - RF433 Distancia: 20m (sin obst\u00e1culos) - Dimensiones: 134*56,3*39 mm (ancho*largo*profundidad) - El consumo de energ\u00eda: 2W vatios (m\u00e1x.) - Peso neto: 189g\" \/>\n<meta property=\"og:url\" content=\"https:\/\/mivoot.com\/gt\/producto\/timbre-video-portero-smart-wi-fi-2mp-ip65-zkteco\/\" \/>\n<meta property=\"og:site_name\" content=\"Mivoot\" \/>\n<meta property=\"article:publisher\" content=\"https:\/\/www.facebook.com\/mivootgt\" \/>\n<meta property=\"article:modified_time\" content=\"2024-11-01T17:10:48+00:00\" \/>\n<meta property=\"og:image\" content=\"https:\/\/mivoot.com\/gt\/wp-content\/uploads\/2024\/11\/D0BPA-00.jpg\" \/>\n\t<meta property=\"og:image:width\" content=\"500\" \/>\n\t<meta property=\"og:image:height\" content=\"500\" \/>\n\t<meta property=\"og:image:type\" content=\"image\/jpeg\" \/>\n<meta name=\"twitter:card\" content=\"summary_large_image\" \/>\n<meta name=\"twitter:label1\" content=\"Est. reading time\" \/>\n\t<meta name=\"twitter:data1\" content=\"2 minutos\" \/>\n<script type=\"application\/ld+json\" class=\"yoast-schema-graph\">{\"@context\":\"https:\/\/schema.org\",\"@graph\":[{\"@type\":\"WebPage\",\"@id\":\"https:\/\/mivoot.com\/gt\/producto\/timbre-video-portero-smart-wi-fi-2mp-ip65-zkteco\/\",\"url\":\"https:\/\/mivoot.com\/gt\/producto\/timbre-video-portero-smart-wi-fi-2mp-ip65-zkteco\/\",\"name\":\"Timbre Video Portero Smart Wi-Fi 2MP IP65 ZKTeco - Mivoot\",\"isPartOf\":{\"@id\":\"https:\/\/mivoot.com\/gt\/#website\"},\"primaryImageOfPage\":{\"@id\":\"https:\/\/mivoot.com\/gt\/producto\/timbre-video-portero-smart-wi-fi-2mp-ip65-zkteco\/#primaryimage\"},\"image\":{\"@id\":\"https:\/\/mivoot.com\/gt\/producto\/timbre-video-portero-smart-wi-fi-2mp-ip65-zkteco\/#primaryimage\"},\"thumbnailUrl\":\"https:\/\/mivoot.com\/gt\/wp-content\/uploads\/2024\/11\/D0BPA-00.jpg\",\"datePublished\":\"2024-11-01T17:07:36+00:00\",\"dateModified\":\"2024-11-01T17:10:48+00:00\",\"breadcrumb\":{\"@id\":\"https:\/\/mivoot.com\/gt\/producto\/timbre-video-portero-smart-wi-fi-2mp-ip65-zkteco\/#breadcrumb\"},\"inLanguage\":\"es\",\"potentialAction\":[{\"@type\":\"ReadAction\",\"target\":[\"https:\/\/mivoot.com\/gt\/producto\/timbre-video-portero-smart-wi-fi-2mp-ip65-zkteco\/\"]}]},{\"@type\":\"ImageObject\",\"inLanguage\":\"es\",\"@id\":\"https:\/\/mivoot.com\/gt\/producto\/timbre-video-portero-smart-wi-fi-2mp-ip65-zkteco\/#primaryimage\",\"url\":\"https:\/\/mivoot.com\/gt\/wp-content\/uploads\/2024\/11\/D0BPA-00.jpg\",\"contentUrl\":\"https:\/\/mivoot.com\/gt\/wp-content\/uploads\/2024\/11\/D0BPA-00.jpg\",\"width\":500,\"height\":500},{\"@type\":\"BreadcrumbList\",\"@id\":\"https:\/\/mivoot.com\/gt\/producto\/timbre-video-portero-smart-wi-fi-2mp-ip65-zkteco\/#breadcrumb\",\"itemListElement\":[{\"@type\":\"ListItem\",\"position\":1,\"name\":\"Inicio\",\"item\":\"https:\/\/mivoot.com\/gt\/\"},{\"@type\":\"ListItem\",\"position\":2,\"name\":\"Productos\",\"item\":\"https:\/\/mivoot.com\/gt\/producto\/\"},{\"@type\":\"ListItem\",\"position\":3,\"name\":\"ZKTeco\",\"item\":\"https:\/\/mivoot.com\/gt\/marca\/zkteco-guatemala\/\"},{\"@type\":\"ListItem\",\"position\":4,\"name\":\"Timbre Video Portero Smart Wi-Fi 2MP IP65 ZKTeco\"}]},{\"@type\":\"WebSite\",\"@id\":\"https:\/\/mivoot.com\/gt\/#website\",\"url\":\"https:\/\/mivoot.com\/gt\/\",\"name\":\"Mivoot\",\"description\":\"Mivoot Guatemala | Tienda Online\",\"publisher\":{\"@id\":\"https:\/\/mivoot.com\/gt\/#organization\"},\"alternateName\":\"mivoot\",\"potentialAction\":[{\"@type\":\"SearchAction\",\"target\":{\"@type\":\"EntryPoint\",\"urlTemplate\":\"https:\/\/mivoot.com\/gt\/?s={search_term_string}\"},\"query-input\":{\"@type\":\"PropertyValueSpecification\",\"valueRequired\":true,\"valueName\":\"search_term_string\"}}],\"inLanguage\":\"es\"},{\"@type\":\"Organization\",\"@id\":\"https:\/\/mivoot.com\/gt\/#organization\",\"name\":\"Mivoot Guatemala\",\"alternateName\":\"mivoot.com\",\"url\":\"https:\/\/mivoot.com\/gt\/\",\"logo\":{\"@type\":\"ImageObject\",\"inLanguage\":\"es\",\"@id\":\"https:\/\/mivoot.com\/gt\/#\/schema\/logo\/image\/\",\"url\":\"https:\/\/mivoot.com\/gt\/wp-content\/uploads\/2023\/03\/cropped-icon.png\",\"contentUrl\":\"https:\/\/mivoot.com\/gt\/wp-content\/uploads\/2023\/03\/cropped-icon.png\",\"width\":512,\"height\":512,\"caption\":\"Mivoot Guatemala\"},\"image\":{\"@id\":\"https:\/\/mivoot.com\/gt\/#\/schema\/logo\/image\/\"},\"sameAs\":[\"https:\/\/www.facebook.com\/mivootgt\",\"https:\/\/instagram.com\/mivoot\"]}]}<\/script>\n<!-- \/ Yoast SEO Premium plugin. -->","yoast_head_json":{"title":"Timbre Video Portero Smart Wi-Fi 2MP IP65 ZKTeco - Mivoot","robots":{"index":"index","follow":"follow","max-snippet":"max-snippet:-1","max-image-preview":"max-image-preview:large","max-video-preview":"max-video-preview:-1"},"canonical":"https:\/\/mivoot.com\/gt\/producto\/timbre-video-portero-smart-wi-fi-2mp-ip65-zkteco\/","og_locale":"es_ES","og_type":"article","og_title":"Timbre Video Portero Smart Wi-Fi 2MP IP65 ZKTeco","og_description":"- Sensor de imagen: CMOS de 1\/2,9\" - Resoluci\u00f3n: 2 megap\u00edxeles - Longitud focal:1,7 mm - Campo de visi\u00f3n:140 (diagonales) - Detecci\u00f3n de movimiento: Compatible con PIR - Detecci\u00f3n humana: Soportado - Est\u00e1ndar de compresi\u00f3n de v\u00eddeo: H.265 - Visi\u00f3n nocturna: 3-5m - Distancia de recogida: 5m - Altavoz y micr\u00f3fono: Incorporado - RF433 Distancia: 20m (sin obst\u00e1culos) - Dimensiones: 134*56,3*39 mm (ancho*largo*profundidad) - El consumo de energ\u00eda: 2W vatios (m\u00e1x.) - Peso neto: 189g","og_url":"https:\/\/mivoot.com\/gt\/producto\/timbre-video-portero-smart-wi-fi-2mp-ip65-zkteco\/","og_site_name":"Mivoot","article_publisher":"https:\/\/www.facebook.com\/mivootgt","article_modified_time":"2024-11-01T17:10:48+00:00","og_image":[{"width":500,"height":500,"url":"https:\/\/mivoot.com\/gt\/wp-content\/uploads\/2024\/11\/D0BPA-00.jpg","type":"image\/jpeg"}],"twitter_card":"summary_large_image","twitter_misc":{"Est. reading time":"2 minutos"},"schema":{"@context":"https:\/\/schema.org","@graph":[{"@type":"WebPage","@id":"https:\/\/mivoot.com\/gt\/producto\/timbre-video-portero-smart-wi-fi-2mp-ip65-zkteco\/","url":"https:\/\/mivoot.com\/gt\/producto\/timbre-video-portero-smart-wi-fi-2mp-ip65-zkteco\/","name":"Timbre Video Portero Smart Wi-Fi 2MP IP65 ZKTeco - Mivoot","isPartOf":{"@id":"https:\/\/mivoot.com\/gt\/#website"},"primaryImageOfPage":{"@id":"https:\/\/mivoot.com\/gt\/producto\/timbre-video-portero-smart-wi-fi-2mp-ip65-zkteco\/#primaryimage"},"image":{"@id":"https:\/\/mivoot.com\/gt\/producto\/timbre-video-portero-smart-wi-fi-2mp-ip65-zkteco\/#primaryimage"},"thumbnailUrl":"https:\/\/mivoot.com\/gt\/wp-content\/uploads\/2024\/11\/D0BPA-00.jpg","datePublished":"2024-11-01T17:07:36+00:00","dateModified":"2024-11-01T17:10:48+00:00","breadcrumb":{"@id":"https:\/\/mivoot.com\/gt\/producto\/timbre-video-portero-smart-wi-fi-2mp-ip65-zkteco\/#breadcrumb"},"inLanguage":"es","potentialAction":[{"@type":"ReadAction","target":["https:\/\/mivoot.com\/gt\/producto\/timbre-video-portero-smart-wi-fi-2mp-ip65-zkteco\/"]}]},{"@type":"ImageObject","inLanguage":"es","@id":"https:\/\/mivoot.com\/gt\/producto\/timbre-video-portero-smart-wi-fi-2mp-ip65-zkteco\/#primaryimage","url":"https:\/\/mivoot.com\/gt\/wp-content\/uploads\/2024\/11\/D0BPA-00.jpg","contentUrl":"https:\/\/mivoot.com\/gt\/wp-content\/uploads\/2024\/11\/D0BPA-00.jpg","width":500,"height":500},{"@type":"BreadcrumbList","@id":"https:\/\/mivoot.com\/gt\/producto\/timbre-video-portero-smart-wi-fi-2mp-ip65-zkteco\/#breadcrumb","itemListElement":[{"@type":"ListItem","position":1,"name":"Inicio","item":"https:\/\/mivoot.com\/gt\/"},{"@type":"ListItem","position":2,"name":"Productos","item":"https:\/\/mivoot.com\/gt\/producto\/"},{"@type":"ListItem","position":3,"name":"ZKTeco","item":"https:\/\/mivoot.com\/gt\/marca\/zkteco-guatemala\/"},{"@type":"ListItem","position":4,"name":"Timbre Video Portero Smart Wi-Fi 2MP IP65 ZKTeco"}]},{"@type":"WebSite","@id":"https:\/\/mivoot.com\/gt\/#website","url":"https:\/\/mivoot.com\/gt\/","name":"Mivoot","description":"Mivoot Guatemala | Tienda Online","publisher":{"@id":"https:\/\/mivoot.com\/gt\/#organization"},"alternateName":"mivoot","potentialAction":[{"@type":"SearchAction","target":{"@type":"EntryPoint","urlTemplate":"https:\/\/mivoot.com\/gt\/?s={search_term_string}"},"query-input":{"@type":"PropertyValueSpecification","valueRequired":true,"valueName":"search_term_string"}}],"inLanguage":"es"},{"@type":"Organization","@id":"https:\/\/mivoot.com\/gt\/#organization","name":"Mivoot Guatemala","alternateName":"mivoot.com","url":"https:\/\/mivoot.com\/gt\/","logo":{"@type":"ImageObject","inLanguage":"es","@id":"https:\/\/mivoot.com\/gt\/#\/schema\/logo\/image\/","url":"https:\/\/mivoot.com\/gt\/wp-content\/uploads\/2023\/03\/cropped-icon.png","contentUrl":"https:\/\/mivoot.com\/gt\/wp-content\/uploads\/2023\/03\/cropped-icon.png","width":512,"height":512,"caption":"Mivoot Guatemala"},"image":{"@id":"https:\/\/mivoot.com\/gt\/#\/schema\/logo\/image\/"},"sameAs":["https:\/\/www.facebook.com\/mivootgt","https:\/\/instagram.com\/mivoot"]}]}},"jetpack_publicize_connections":[],"jetpack_sharing_enabled":true,"brands":[{"id":101,"name":"ZKTeco","slug":"zkteco-guatemala"}],"_links":{"self":[{"href":"https:\/\/mivoot.com\/gt\/wp-json\/wp\/v2\/product\/23522","targetHints":{"allow":["GET"]}}],"collection":[{"href":"https:\/\/mivoot.com\/gt\/wp-json\/wp\/v2\/product"}],"about":[{"href":"https:\/\/mivoot.com\/gt\/wp-json\/wp\/v2\/types\/product"}],"replies":[{"embeddable":true,"href":"https:\/\/mivoot.com\/gt\/wp-json\/wp\/v2\/comments?post=23522"}],"version-history":[{"count":3,"href":"https:\/\/mivoot.com\/gt\/wp-json\/wp\/v2\/product\/23522\/revisions"}],"predecessor-version":[{"id":23532,"href":"https:\/\/mivoot.com\/gt\/wp-json\/wp\/v2\/product\/23522\/revisions\/23532"}],"wp:featuredmedia":[{"embeddable":true,"href":"https:\/\/mivoot.com\/gt\/wp-json\/wp\/v2\/media\/23524"}],"wp:attachment":[{"href":"https:\/\/mivoot.com\/gt\/wp-json\/wp\/v2\/media?parent=23522"}],"wp:term":[{"taxonomy":"pwb-brand","embeddable":true,"href":"https:\/\/mivoot.com\/gt\/wp-json\/wp\/v2\/pwb-brand?post=23522"},{"taxonomy":"product_brand","embeddable":true,"href":"https:\/\/mivoot.com\/gt\/wp-json\/wp\/v2\/product_brand?post=23522"},{"taxonomy":"product_cat","embeddable":true,"href":"https:\/\/mivoot.com\/gt\/wp-json\/wp\/v2\/product_cat?post=23522"},{"taxonomy":"product_tag","embeddable":true,"href":"https:\/\/mivoot.com\/gt\/wp-json\/wp\/v2\/product_tag?post=23522"}],"curies":[{"name":"wp","href":"https:\/\/api.w.org\/{rel}","templated":true}]}}