{"id":23659,"date":"2024-11-02T14:16:01","date_gmt":"2024-11-02T20:16:01","guid":{"rendered":"https:\/\/mivoot.com\/gt\/?post_type=product&#038;p=23659"},"modified":"2024-11-02T14:16:51","modified_gmt":"2024-11-02T20:16:51","slug":"set-de-cocina-sartenes-en-ceramica-9-piezas-ninja","status":"publish","type":"product","link":"https:\/\/mivoot.com\/gt\/producto\/set-de-cocina-sartenes-en-ceramica-9-piezas-ninja\/","title":{"rendered":"Set de Cocina Sartenes en Cer\u00e1mica 9 Piezas Ninja"},"content":{"rendered":"<div id=\"Desktop-Detailed-Evaluation-Zone\" class=\"celwidget\" data-feature-name=\"Desktop-Detailed-Evaluation-Zone\" data-csa-c-type=\"widget\" data-csa-c-content-id=\"Desktop-Detailed-Evaluation-Zone\" data-csa-c-slot-id=\"Desktop-Detailed-Evaluation-Zone\" data-csa-c-asin=\"\" data-csa-c-is-in-initial-active-row=\"false\" data-csa-c-id=\"be3p7d-2bg3xo-v6k4t9-787ubf\" data-cel-widget=\"Desktop-Detailed-Evaluation-Zone\">\n<div id=\"productDescription_feature_div\" class=\"celwidget pd_rd_w-8zWqc pd_rd_r-H9XT7RDD5ANK045HPM01 pd_rd_wg-frk4v\" data-feature-name=\"productDescription-3\" data-csa-c-type=\"widget\" data-csa-c-content-id=\"productDescription-3\" data-csa-c-slot-id=\"productDescription_feature_div\" data-csa-c-asin=\"\" data-csa-c-is-in-initial-active-row=\"false\" data-csa-c-id=\"hwffl0-ldcbw0-k2kx3f-b4zt0k\" data-cel-widget=\"productDescription_feature_div\">\n<div>\n<div id=\"productDescription_feature_div\" class=\"a-row feature\" data-feature-name=\"productDescription\" data-template-name=\"productDescription\" data-cel-widget=\"productDescription_feature_div\">\n<div id=\"productDescription\" class=\"a-section a-spacing-small\">\n<p>Conoce los utensilios de cocina de cer\u00e1mica Ninja Extended Life Premium que duran a\u00f1os. Nuestro revestimiento CeramicLock proporciona 5 a\u00f1os de rendimiento antiadherente, mientras que las sartenes de cer\u00e1mica tradicionales se pueden desgastar en tan solo 1 a\u00f1o. La cer\u00e1mica de larga duraci\u00f3n requiere poco o ning\u00fan aceite o grasa, lo que facilita la cocci\u00f3n saludable sin comprometer el rendimiento. El dise\u00f1o \u00fanico y duradero es apto para horno hasta 800 \u00b0F, se limpia f\u00e1cilmente y es apto para lavaplatos. Disfruta de la tranquilidad cuando utilices el revestimiento CeramicLock hecho sin productos qu\u00edmicos nocivos para alinearte con tu estilo de vida.<\/p>\n<\/div>\n<\/div>\n<\/div>\n<\/div>\n<\/div>\n<div id=\"HLCXComparisonWidget_NA-2-T2\" class=\"celwidget\" data-feature-name=\"HLCXComparisonWidget_NA-2-T2\" data-csa-c-type=\"widget\" data-csa-c-content-id=\"HLCXComparisonWidget_NA-2-T2\" data-csa-c-slot-id=\"HLCXComparisonWidget_NA-2-T2\" data-csa-c-asin=\"\" data-csa-c-is-in-initial-active-row=\"false\" data-csa-c-id=\"ixwe4j-cxmpxq-2xavy9-tigjh8\" data-cel-widget=\"HLCXComparisonWidget_NA-2-T2\">\n<div id=\"product-comparison_feature_div\" class=\"celwidget\" data-feature-name=\"product-comparison\" data-csa-c-type=\"widget\" data-csa-c-content-id=\"product-comparison\" data-csa-c-slot-id=\"product-comparison_feature_div\" data-csa-c-asin=\"\" data-csa-c-is-in-initial-active-row=\"false\" data-csa-c-id=\"qb1oxx-evgni7-ef1k1f-ej8foj\" data-cel-widget=\"product-comparison_feature_div\">\n<div id=\"sims-consolidated-4_feature_div\">\n<div id=\"sims-consolidated-4_feature_div\">\n<div class=\"celwidget\" data-csa-c-id=\"vxge8o-poqymf-mpg0ed-2u8ycw\" data-cel-widget=\"sims-consolidated-4_csm_instrumentation_wrapper\">\n<div class=\"celwidget pd_rd_w-bDKcF content-id-amzn1.sym.42c93586-16b8-4d7a-8bb4-1a46654b2797 pf_rd_p-42c93586-16b8-4d7a-8bb4-1a46654b2797 pf_rd_r-H9XT7RDD5ANK045HPM01 pd_rd_wg-DldXz pd_rd_r-718b429c-5978-4d8a-8170-30fc2380d49a c-f\" data-csa-op-log-render=\"\" data-csa-c-content-id=\"amzn1.sym.42c93586-16b8-4d7a-8bb4-1a46654b2797\" data-csa-c-slot-id=\"comparison-container-6\" data-csa-c-type=\"widget\" data-csa-c-painter=\"product-comparison-desktop-cards\" data-csa-c-id=\"4s9p4c-v4p2y3-jb8cwa-k3vbi5\" data-cel-widget=\"product-comparison-desktop_DPSims_5\"><\/div>\n<\/div>\n<\/div>\n<\/div>\n<\/div>\n<\/div>\n<ul class=\"a-unordered-list a-vertical a-spacing-mini\">\n<li class=\"a-spacing-mini\"><span class=\"a-list-item\">Revestimiento de cer\u00e1mica: el revestimiento de doble uni\u00f3n conserva el rendimiento antiadherente durante a\u00f1os, mientras que los utensilios de cocina de cer\u00e1mica tradicionales se pueden desgastar r\u00e1pidamente.<\/span><\/li>\n<li class=\"a-spacing-mini\"><span class=\"a-list-item\">Cocina saludable: requiere poco o ning\u00fan aceite o grasa.<\/span><\/li>\n<li class=\"a-spacing-mini\"><span class=\"a-list-item\">Tranquilidad: Fabricado sin productos qu\u00edmicos nocivos, PFAS, PFOA, plomo o cadmio.<\/span><\/li>\n<li class=\"a-spacing-mini\"><span class=\"a-list-item\">B\u00fasqueda perfecta y cocci\u00f3n uniforme: la base de aluminio de 4 mm distribuye uniformemente el calor para obtener resultados perfectos cada vez.<\/span><\/li>\n<li class=\"a-spacing-mini\"><span class=\"a-list-item\">Exterior duradero: el exterior anodizado duro es f\u00e1cil de limpiar y mantener.<\/span><\/li>\n<li class=\"a-spacing-mini\"><span class=\"a-list-item\">Apto para horno hasta 500 \u00b0F: pasa f\u00e1cilmente de estufa al horno o asador. Capacidad para todos los rangos.<\/span><\/li>\n<li class=\"a-spacing-mini\"><span class=\"a-list-item\">F\u00e1cil limpieza: revestimiento duradero que se limpia f\u00e1cilmente y es apto para lavaplatos.<\/span><\/li>\n<\/ul>\n<p><img decoding=\"async\" src=\"https:\/\/m.media-amazon.com\/images\/I\/61KPsWu7jfL._AC_SL1500_.jpg\" \/><\/p>\n<p><img decoding=\"async\" src=\"https:\/\/m.media-amazon.com\/images\/I\/A1JGwpjv--L._AC_SL1500_.jpg\" \/><\/p>\n","protected":false},"excerpt":{"rendered":"<p>Conoce los utensilios de cocina de cer\u00e1mica Ninja Extended Life Premium que duran a\u00f1os. Nuestro revestimiento CeramicLock proporciona 5 a\u00f1os de rendimiento antiadherente, mientras que las sartenes de cer\u00e1mica tradicionales se pueden desgastar en tan solo 1 a\u00f1o. La cer\u00e1mica de larga duraci\u00f3n requiere poco o ning\u00fan aceite o grasa, lo que facilita la cocci\u00f3n [&#8230;]\n","protected":false},"featured_media":23665,"comment_status":"open","ping_status":"closed","template":"","meta":{"jetpack_publicize_message":"","jetpack_publicize_feature_enabled":true,"jetpack_social_post_already_shared":true,"jetpack_social_options":{"image_generator_settings":{"template":"highway","default_image_id":0,"font":"","enabled":false},"version":2}},"pwb-brand":[500],"product_brand":[],"product_cat":[544],"product_tag":[],"class_list":{"0":"post-23659","1":"product","2":"type-product","3":"status-publish","4":"has-post-thumbnail","6":"pwb-brand-ninja","7":"product_cat-ollas-y-sartenes","9":"first","10":"instock","11":"taxable","12":"shipping-taxable","13":"purchasable","14":"product-type-simple"},"yoast_head":"<!-- This site is optimized with the Yoast SEO Premium plugin v25.7.1 (Yoast SEO v26.8) - https:\/\/yoast.com\/product\/yoast-seo-premium-wordpress\/ -->\n<title>Set de Cocina Sartenes en Cer\u00e1mica 9 Piezas Ninja - Mivoot<\/title>\n<meta name=\"robots\" content=\"index, follow, max-snippet:-1, max-image-preview:large, max-video-preview:-1\" \/>\n<link rel=\"canonical\" href=\"https:\/\/mivoot.com\/gt\/producto\/set-de-cocina-sartenes-en-ceramica-9-piezas-ninja\/\" \/>\n<meta property=\"og:locale\" content=\"es_ES\" \/>\n<meta property=\"og:type\" content=\"article\" \/>\n<meta property=\"og:title\" content=\"Set de Cocina Sartenes en Cer\u00e1mica 9 Piezas Ninja\" \/>\n<meta property=\"og:description\" content=\"Conoce los utensilios de cocina de cer\u00e1mica Ninja Extended Life Premium que duran a\u00f1os. Nuestro revestimiento CeramicLock proporciona 5 a\u00f1os de rendimiento antiadherente, mientras que las sartenes de cer\u00e1mica tradicionales se pueden desgastar en tan solo 1 a\u00f1o. La cer\u00e1mica de larga duraci\u00f3n requiere poco o ning\u00fan aceite o grasa, lo que facilita la cocci\u00f3n [...]\" \/>\n<meta property=\"og:url\" content=\"https:\/\/mivoot.com\/gt\/producto\/set-de-cocina-sartenes-en-ceramica-9-piezas-ninja\/\" \/>\n<meta property=\"og:site_name\" content=\"Mivoot\" \/>\n<meta property=\"article:publisher\" content=\"https:\/\/www.facebook.com\/mivootgt\" \/>\n<meta property=\"article:modified_time\" content=\"2024-11-02T20:16:51+00:00\" \/>\n<meta property=\"og:image\" content=\"https:\/\/mivoot.com\/gt\/wp-content\/uploads\/2024\/11\/sartenes-ninja-01.jpg\" \/>\n\t<meta property=\"og:image:width\" content=\"1024\" \/>\n\t<meta property=\"og:image:height\" content=\"1024\" \/>\n\t<meta property=\"og:image:type\" content=\"image\/jpeg\" \/>\n<meta name=\"twitter:card\" content=\"summary_large_image\" \/>\n<meta name=\"twitter:label1\" content=\"Est. reading time\" \/>\n\t<meta name=\"twitter:data1\" content=\"2 minutos\" \/>\n<script type=\"application\/ld+json\" class=\"yoast-schema-graph\">{\"@context\":\"https:\/\/schema.org\",\"@graph\":[{\"@type\":\"WebPage\",\"@id\":\"https:\/\/mivoot.com\/gt\/producto\/set-de-cocina-sartenes-en-ceramica-9-piezas-ninja\/\",\"url\":\"https:\/\/mivoot.com\/gt\/producto\/set-de-cocina-sartenes-en-ceramica-9-piezas-ninja\/\",\"name\":\"Set de Cocina Sartenes en Cer\u00e1mica 9 Piezas Ninja - Mivoot\",\"isPartOf\":{\"@id\":\"https:\/\/mivoot.com\/gt\/#website\"},\"primaryImageOfPage\":{\"@id\":\"https:\/\/mivoot.com\/gt\/producto\/set-de-cocina-sartenes-en-ceramica-9-piezas-ninja\/#primaryimage\"},\"image\":{\"@id\":\"https:\/\/mivoot.com\/gt\/producto\/set-de-cocina-sartenes-en-ceramica-9-piezas-ninja\/#primaryimage\"},\"thumbnailUrl\":\"https:\/\/mivoot.com\/gt\/wp-content\/uploads\/2024\/11\/sartenes-ninja-01.jpg\",\"datePublished\":\"2024-11-02T20:16:01+00:00\",\"dateModified\":\"2024-11-02T20:16:51+00:00\",\"breadcrumb\":{\"@id\":\"https:\/\/mivoot.com\/gt\/producto\/set-de-cocina-sartenes-en-ceramica-9-piezas-ninja\/#breadcrumb\"},\"inLanguage\":\"es\",\"potentialAction\":[{\"@type\":\"ReadAction\",\"target\":[\"https:\/\/mivoot.com\/gt\/producto\/set-de-cocina-sartenes-en-ceramica-9-piezas-ninja\/\"]}]},{\"@type\":\"ImageObject\",\"inLanguage\":\"es\",\"@id\":\"https:\/\/mivoot.com\/gt\/producto\/set-de-cocina-sartenes-en-ceramica-9-piezas-ninja\/#primaryimage\",\"url\":\"https:\/\/mivoot.com\/gt\/wp-content\/uploads\/2024\/11\/sartenes-ninja-01.jpg\",\"contentUrl\":\"https:\/\/mivoot.com\/gt\/wp-content\/uploads\/2024\/11\/sartenes-ninja-01.jpg\",\"width\":1024,\"height\":1024},{\"@type\":\"BreadcrumbList\",\"@id\":\"https:\/\/mivoot.com\/gt\/producto\/set-de-cocina-sartenes-en-ceramica-9-piezas-ninja\/#breadcrumb\",\"itemListElement\":[{\"@type\":\"ListItem\",\"position\":1,\"name\":\"Inicio\",\"item\":\"https:\/\/mivoot.com\/gt\/\"},{\"@type\":\"ListItem\",\"position\":2,\"name\":\"Productos\",\"item\":\"https:\/\/mivoot.com\/gt\/producto\/\"},{\"@type\":\"ListItem\",\"position\":3,\"name\":\"Ninja\",\"item\":\"https:\/\/mivoot.com\/gt\/marca\/ninja\/\"},{\"@type\":\"ListItem\",\"position\":4,\"name\":\"Set de Cocina Sartenes en Cer\u00e1mica 9 Piezas Ninja\"}]},{\"@type\":\"WebSite\",\"@id\":\"https:\/\/mivoot.com\/gt\/#website\",\"url\":\"https:\/\/mivoot.com\/gt\/\",\"name\":\"Mivoot\",\"description\":\"Mivoot Guatemala | Tienda Online\",\"publisher\":{\"@id\":\"https:\/\/mivoot.com\/gt\/#organization\"},\"alternateName\":\"mivoot\",\"potentialAction\":[{\"@type\":\"SearchAction\",\"target\":{\"@type\":\"EntryPoint\",\"urlTemplate\":\"https:\/\/mivoot.com\/gt\/?s={search_term_string}\"},\"query-input\":{\"@type\":\"PropertyValueSpecification\",\"valueRequired\":true,\"valueName\":\"search_term_string\"}}],\"inLanguage\":\"es\"},{\"@type\":\"Organization\",\"@id\":\"https:\/\/mivoot.com\/gt\/#organization\",\"name\":\"Mivoot Guatemala\",\"alternateName\":\"mivoot.com\",\"url\":\"https:\/\/mivoot.com\/gt\/\",\"logo\":{\"@type\":\"ImageObject\",\"inLanguage\":\"es\",\"@id\":\"https:\/\/mivoot.com\/gt\/#\/schema\/logo\/image\/\",\"url\":\"https:\/\/mivoot.com\/gt\/wp-content\/uploads\/2023\/03\/cropped-icon.png\",\"contentUrl\":\"https:\/\/mivoot.com\/gt\/wp-content\/uploads\/2023\/03\/cropped-icon.png\",\"width\":512,\"height\":512,\"caption\":\"Mivoot Guatemala\"},\"image\":{\"@id\":\"https:\/\/mivoot.com\/gt\/#\/schema\/logo\/image\/\"},\"sameAs\":[\"https:\/\/www.facebook.com\/mivootgt\",\"https:\/\/instagram.com\/mivoot\"]}]}<\/script>\n<!-- \/ Yoast SEO Premium plugin. -->","yoast_head_json":{"title":"Set de Cocina Sartenes en Cer\u00e1mica 9 Piezas Ninja - Mivoot","robots":{"index":"index","follow":"follow","max-snippet":"max-snippet:-1","max-image-preview":"max-image-preview:large","max-video-preview":"max-video-preview:-1"},"canonical":"https:\/\/mivoot.com\/gt\/producto\/set-de-cocina-sartenes-en-ceramica-9-piezas-ninja\/","og_locale":"es_ES","og_type":"article","og_title":"Set de Cocina Sartenes en Cer\u00e1mica 9 Piezas Ninja","og_description":"Conoce los utensilios de cocina de cer\u00e1mica Ninja Extended Life Premium que duran a\u00f1os. Nuestro revestimiento CeramicLock proporciona 5 a\u00f1os de rendimiento antiadherente, mientras que las sartenes de cer\u00e1mica tradicionales se pueden desgastar en tan solo 1 a\u00f1o. La cer\u00e1mica de larga duraci\u00f3n requiere poco o ning\u00fan aceite o grasa, lo que facilita la cocci\u00f3n [...]","og_url":"https:\/\/mivoot.com\/gt\/producto\/set-de-cocina-sartenes-en-ceramica-9-piezas-ninja\/","og_site_name":"Mivoot","article_publisher":"https:\/\/www.facebook.com\/mivootgt","article_modified_time":"2024-11-02T20:16:51+00:00","og_image":[{"width":1024,"height":1024,"url":"https:\/\/mivoot.com\/gt\/wp-content\/uploads\/2024\/11\/sartenes-ninja-01.jpg","type":"image\/jpeg"}],"twitter_card":"summary_large_image","twitter_misc":{"Est. reading time":"2 minutos"},"schema":{"@context":"https:\/\/schema.org","@graph":[{"@type":"WebPage","@id":"https:\/\/mivoot.com\/gt\/producto\/set-de-cocina-sartenes-en-ceramica-9-piezas-ninja\/","url":"https:\/\/mivoot.com\/gt\/producto\/set-de-cocina-sartenes-en-ceramica-9-piezas-ninja\/","name":"Set de Cocina Sartenes en Cer\u00e1mica 9 Piezas Ninja - Mivoot","isPartOf":{"@id":"https:\/\/mivoot.com\/gt\/#website"},"primaryImageOfPage":{"@id":"https:\/\/mivoot.com\/gt\/producto\/set-de-cocina-sartenes-en-ceramica-9-piezas-ninja\/#primaryimage"},"image":{"@id":"https:\/\/mivoot.com\/gt\/producto\/set-de-cocina-sartenes-en-ceramica-9-piezas-ninja\/#primaryimage"},"thumbnailUrl":"https:\/\/mivoot.com\/gt\/wp-content\/uploads\/2024\/11\/sartenes-ninja-01.jpg","datePublished":"2024-11-02T20:16:01+00:00","dateModified":"2024-11-02T20:16:51+00:00","breadcrumb":{"@id":"https:\/\/mivoot.com\/gt\/producto\/set-de-cocina-sartenes-en-ceramica-9-piezas-ninja\/#breadcrumb"},"inLanguage":"es","potentialAction":[{"@type":"ReadAction","target":["https:\/\/mivoot.com\/gt\/producto\/set-de-cocina-sartenes-en-ceramica-9-piezas-ninja\/"]}]},{"@type":"ImageObject","inLanguage":"es","@id":"https:\/\/mivoot.com\/gt\/producto\/set-de-cocina-sartenes-en-ceramica-9-piezas-ninja\/#primaryimage","url":"https:\/\/mivoot.com\/gt\/wp-content\/uploads\/2024\/11\/sartenes-ninja-01.jpg","contentUrl":"https:\/\/mivoot.com\/gt\/wp-content\/uploads\/2024\/11\/sartenes-ninja-01.jpg","width":1024,"height":1024},{"@type":"BreadcrumbList","@id":"https:\/\/mivoot.com\/gt\/producto\/set-de-cocina-sartenes-en-ceramica-9-piezas-ninja\/#breadcrumb","itemListElement":[{"@type":"ListItem","position":1,"name":"Inicio","item":"https:\/\/mivoot.com\/gt\/"},{"@type":"ListItem","position":2,"name":"Productos","item":"https:\/\/mivoot.com\/gt\/producto\/"},{"@type":"ListItem","position":3,"name":"Ninja","item":"https:\/\/mivoot.com\/gt\/marca\/ninja\/"},{"@type":"ListItem","position":4,"name":"Set de Cocina Sartenes en Cer\u00e1mica 9 Piezas Ninja"}]},{"@type":"WebSite","@id":"https:\/\/mivoot.com\/gt\/#website","url":"https:\/\/mivoot.com\/gt\/","name":"Mivoot","description":"Mivoot Guatemala | Tienda Online","publisher":{"@id":"https:\/\/mivoot.com\/gt\/#organization"},"alternateName":"mivoot","potentialAction":[{"@type":"SearchAction","target":{"@type":"EntryPoint","urlTemplate":"https:\/\/mivoot.com\/gt\/?s={search_term_string}"},"query-input":{"@type":"PropertyValueSpecification","valueRequired":true,"valueName":"search_term_string"}}],"inLanguage":"es"},{"@type":"Organization","@id":"https:\/\/mivoot.com\/gt\/#organization","name":"Mivoot Guatemala","alternateName":"mivoot.com","url":"https:\/\/mivoot.com\/gt\/","logo":{"@type":"ImageObject","inLanguage":"es","@id":"https:\/\/mivoot.com\/gt\/#\/schema\/logo\/image\/","url":"https:\/\/mivoot.com\/gt\/wp-content\/uploads\/2023\/03\/cropped-icon.png","contentUrl":"https:\/\/mivoot.com\/gt\/wp-content\/uploads\/2023\/03\/cropped-icon.png","width":512,"height":512,"caption":"Mivoot Guatemala"},"image":{"@id":"https:\/\/mivoot.com\/gt\/#\/schema\/logo\/image\/"},"sameAs":["https:\/\/www.facebook.com\/mivootgt","https:\/\/instagram.com\/mivoot"]}]}},"jetpack_publicize_connections":[],"jetpack_sharing_enabled":true,"brands":[{"id":500,"name":"Ninja","slug":"ninja"}],"_links":{"self":[{"href":"https:\/\/mivoot.com\/gt\/wp-json\/wp\/v2\/product\/23659","targetHints":{"allow":["GET"]}}],"collection":[{"href":"https:\/\/mivoot.com\/gt\/wp-json\/wp\/v2\/product"}],"about":[{"href":"https:\/\/mivoot.com\/gt\/wp-json\/wp\/v2\/types\/product"}],"replies":[{"embeddable":true,"href":"https:\/\/mivoot.com\/gt\/wp-json\/wp\/v2\/comments?post=23659"}],"version-history":[{"count":2,"href":"https:\/\/mivoot.com\/gt\/wp-json\/wp\/v2\/product\/23659\/revisions"}],"predecessor-version":[{"id":23671,"href":"https:\/\/mivoot.com\/gt\/wp-json\/wp\/v2\/product\/23659\/revisions\/23671"}],"wp:featuredmedia":[{"embeddable":true,"href":"https:\/\/mivoot.com\/gt\/wp-json\/wp\/v2\/media\/23665"}],"wp:attachment":[{"href":"https:\/\/mivoot.com\/gt\/wp-json\/wp\/v2\/media?parent=23659"}],"wp:term":[{"taxonomy":"pwb-brand","embeddable":true,"href":"https:\/\/mivoot.com\/gt\/wp-json\/wp\/v2\/pwb-brand?post=23659"},{"taxonomy":"product_brand","embeddable":true,"href":"https:\/\/mivoot.com\/gt\/wp-json\/wp\/v2\/product_brand?post=23659"},{"taxonomy":"product_cat","embeddable":true,"href":"https:\/\/mivoot.com\/gt\/wp-json\/wp\/v2\/product_cat?post=23659"},{"taxonomy":"product_tag","embeddable":true,"href":"https:\/\/mivoot.com\/gt\/wp-json\/wp\/v2\/product_tag?post=23659"}],"curies":[{"name":"wp","href":"https:\/\/api.w.org\/{rel}","templated":true}]}}