{"id":23737,"date":"2024-11-06T16:25:19","date_gmt":"2024-11-06T22:25:19","guid":{"rendered":"https:\/\/mivoot.com\/gt\/?post_type=product&#038;p=23737"},"modified":"2024-11-06T16:27:44","modified_gmt":"2024-11-06T22:27:44","slug":"control-de-acceso-facial-y-lector-qr-speedface-v3l-qr-zkteco","status":"publish","type":"product","link":"https:\/\/mivoot.com\/gt\/producto\/control-de-acceso-facial-y-lector-qr-speedface-v3l-qr-zkteco\/","title":{"rendered":"Control de Acceso Facial y Lector QR SpeedFace-V3L-QR ZKTeco"},"content":{"rendered":"<h1><img decoding=\"async\" src=\"https:\/\/new-website-file.s3.ap-southeast-1.amazonaws.com\/images\/20230317\/SpeedFace-V3L%20Series_%E7%94%BB%E6%9D%BF%201.png\" alt=\"SpeedFace-V3L-Series\" \/><\/h1>\n<h1>Terminal de control de acceso<\/h1>\n<ul>\n<li>SpeedFace-V3L Es un dispositivo que trabaja de forma independiente, es de control de acceso<\/li>\n<li>pertenece a la l\u00ednea Visible Light, es de material met\u00e1lico y puede ser utilizado en el exterior.<\/li>\n<\/ul>\n<p>El SpeedFace-V3L cuenta con varios m\u00e9todos de verificaci\u00f3n, por tarjetas RFID, reconocimiento facial y verificaci\u00f3n por<br \/>\nhuellas dactilares, es de gran capacidad y r\u00e1pido para el reconocimiento. SPeedFac-V3 (QR) cuenta con un m\u00f3dulo de lectura para c\u00f3digo QR, soporta el reconocimiento facial y tarjetas RFID.<\/p>\n<p>Esta serie de productos tambi\u00e9n est\u00e1 equipada con el \u00faltimo algoritmo anti-spoofing el cual garantiza la seguridad contra casi todos los tipos de ataques de fotos y videos falsos.SpeedFace V-3L es la serie que admite la funci\u00f3n de videoporteros, esto es a trav\u00e9s de la aplicaci\u00f3n ZSmart y a trav\u00e9s del software para PC, ZKBioTalk, o el software ZKBio CVSecurity.<\/p>\n<div class=\"x-p\">\n<p>Adem\u00e1s, existen diferentes versiones de SpeedFace-V3L para satisfacer sus necesidades. SpeedFace-V3L [QR] viene con un m\u00f3dulo de c\u00f3digo QR, mientras que SpeedFace-V3L [RFID] admite la funci\u00f3n de verificaci\u00f3n de tarjetas RFID. La serie SpeedFace-V3L tambi\u00e9n es compatible con el software ZKBio CVAccess y la aplicaci\u00f3n m\u00f3vil ZKBio Zlink y ZKBio Zlink-Web cuando se cambia al protocolo BEST.<\/p>\n<\/div>\n<h3 class=\"x-show-title\">Par\u00e1metros<\/h3>\n<ul>\n<li>Mostrar Pantalla t\u00e1ctil de 2,4 pulgadas<\/li>\n<li>Capacidad de la tarjeta 3.000<\/li>\n<li>Capacidad del usuario 3.000<\/li>\n<li>Capacidad de la cara<\/li>\n<li>SpeedFace-V3L: 500<br \/>\nSpeedFace-V3L[QR]: 500<\/li>\n<li>Capacidad de huellas dactilares 3.000<\/li>\n<li>Capacidad de registros 200.000<\/li>\n<li>Velocidad de reconocimiento facial &lt;1s<\/li>\n<li>Comunicaci\u00f3n TCP\/IP, WiFi (opcional), entrada\/salida Wiegand, RS485<\/li>\n<li>Sistema operativo Linux<\/li>\n<li>Funciones est\u00e1ndar ADMS, DST, c\u00e1mara, ID de usuario de 14 d\u00edgitos, niveles de acceso, grupos, d\u00edas festivos,<br \/>\nantirretorno, consulta de registros, alarma de interruptor de manipulaci\u00f3n, antirretorno m\u00faltiple<\/li>\n<li>Hardware CPU de doble n\u00facleo de 1,2 GHz, 256 MB de RAM\/512 MB de flash, c\u00e1mara binocular de 1 MP,<br \/>\nluz de relleno LED ajustable<\/li>\n<li>Interfaz de control de acceso Cerradura el\u00e9ctrica de terceros, sensor de puerta, bot\u00f3n de salida, salida de alarma, entrada auxiliar<\/li>\n<li>Fuente de alimentaci\u00f3n 12 V 3 A<\/li>\n<li>Clasificaci\u00f3n de protecci\u00f3n de entrada IP65<\/li>\n<li>Temperatura de funcionamiento -5\u00b0C a 45\u00b0C<\/li>\n<li>Humedad de funcionamiento 10% a 90% HR<\/li>\n<li>Software compatible Acceso a ZKBio<\/li>\n<\/ul>\n<p><img fetchpriority=\"high\" decoding=\"async\" class=\"\" src=\"https:\/\/i.ytimg.com\/vi\/_0CCR-gjEyY\/sddefault.jpg\" alt=\"Introducci\u00f3n Serie SpeedFace V3L\" width=\"514\" height=\"386\" \/><img decoding=\"async\" src=\"https:\/\/wagemaster.co.ke\/wp-content\/uploads\/2024\/05\/Configuration-of-the-SpeedFace-V3L.jpg\" alt=\"ZKTeco SpeedFace-V3L - Digital Frameworks Ltd\" \/><\/p>\n","protected":false},"excerpt":{"rendered":"<p>&#8211; Reconocimiento facial y QR con algoritmo antispoofing<br \/>\n&#8211; Pantalla t\u00e1ctil de 2.4 pulgadas para f\u00e1cil uso<br \/>\n&#8211; Capacidad facial de 500 usuarios registrados<br \/>\n&#8211; CPU dual core 1.2GHz para r\u00e1pido procesamiento<br \/>\n&#8211; Capacidad de usuarios 3,000<br \/>\n&#8211; Capacidad facial 500<br \/>\n&#8211; Capacidad de eventos 200,000<br \/>\n&#8211; Lectura de codigos QR<br \/>\n&#8211; IP65 resistente al agua y al polvo<br \/>\n&#8211; Temperatura de funcionamiento de -5 \u00b0C a 45 \u00b0C<br \/>\n&#8211; Funcion ADMS<\/p>\n","protected":false},"featured_media":23742,"comment_status":"open","ping_status":"closed","template":"","meta":{"jetpack_publicize_message":"","jetpack_publicize_feature_enabled":true,"jetpack_social_post_already_shared":true,"jetpack_social_options":{"image_generator_settings":{"template":"highway","default_image_id":0,"font":"","enabled":false},"version":2}},"pwb-brand":[101],"product_brand":[],"product_cat":[19],"product_tag":[],"class_list":{"0":"post-23737","1":"product","2":"type-product","3":"status-publish","4":"has-post-thumbnail","6":"pwb-brand-zkteco-guatemala","7":"product_cat-control-de-acceso","9":"first","10":"instock","11":"taxable","12":"shipping-taxable","13":"purchasable","14":"product-type-simple"},"yoast_head":"<!-- This site is optimized with the Yoast SEO Premium plugin v25.7.1 (Yoast SEO v26.8) - https:\/\/yoast.com\/product\/yoast-seo-premium-wordpress\/ -->\n<title>Control de Acceso Facial y Lector QR SpeedFace-V3L-QR ZKTeco - Mivoot<\/title>\n<meta name=\"robots\" content=\"index, follow, max-snippet:-1, max-image-preview:large, max-video-preview:-1\" \/>\n<link rel=\"canonical\" href=\"https:\/\/mivoot.com\/gt\/producto\/control-de-acceso-facial-y-lector-qr-speedface-v3l-qr-zkteco\/\" \/>\n<meta property=\"og:locale\" content=\"es_ES\" \/>\n<meta property=\"og:type\" content=\"article\" \/>\n<meta property=\"og:title\" content=\"Control de Acceso Facial y Lector QR SpeedFace-V3L-QR ZKTeco\" \/>\n<meta property=\"og:description\" content=\"- Reconocimiento facial y QR con algoritmo antispoofing - Pantalla t\u00e1ctil de 2.4 pulgadas para f\u00e1cil uso - Capacidad facial de 500 usuarios registrados - CPU dual core 1.2GHz para r\u00e1pido procesamiento - Capacidad de usuarios 3,000 - Capacidad facial 500 - Capacidad de eventos 200,000 - Lectura de codigos QR - IP65 resistente al agua y al polvo - Temperatura de funcionamiento de -5 \u00b0C a 45 \u00b0C - Funcion ADMS\" \/>\n<meta property=\"og:url\" content=\"https:\/\/mivoot.com\/gt\/producto\/control-de-acceso-facial-y-lector-qr-speedface-v3l-qr-zkteco\/\" \/>\n<meta property=\"og:site_name\" content=\"Mivoot\" \/>\n<meta property=\"article:publisher\" content=\"https:\/\/www.facebook.com\/mivootgt\" \/>\n<meta property=\"article:modified_time\" content=\"2024-11-06T22:27:44+00:00\" \/>\n<meta property=\"og:image\" content=\"https:\/\/mivoot.com\/gt\/wp-content\/uploads\/2024\/11\/SPEEDFACEV3LQR-l.png\" \/>\n\t<meta property=\"og:image:width\" content=\"1000\" \/>\n\t<meta property=\"og:image:height\" content=\"1000\" \/>\n\t<meta property=\"og:image:type\" content=\"image\/png\" \/>\n<meta name=\"twitter:card\" content=\"summary_large_image\" \/>\n<meta name=\"twitter:label1\" content=\"Est. reading time\" \/>\n\t<meta name=\"twitter:data1\" content=\"3 minutos\" \/>\n<script type=\"application\/ld+json\" class=\"yoast-schema-graph\">{\"@context\":\"https:\/\/schema.org\",\"@graph\":[{\"@type\":\"WebPage\",\"@id\":\"https:\/\/mivoot.com\/gt\/producto\/control-de-acceso-facial-y-lector-qr-speedface-v3l-qr-zkteco\/\",\"url\":\"https:\/\/mivoot.com\/gt\/producto\/control-de-acceso-facial-y-lector-qr-speedface-v3l-qr-zkteco\/\",\"name\":\"Control de Acceso Facial y Lector QR SpeedFace-V3L-QR ZKTeco - Mivoot\",\"isPartOf\":{\"@id\":\"https:\/\/mivoot.com\/gt\/#website\"},\"primaryImageOfPage\":{\"@id\":\"https:\/\/mivoot.com\/gt\/producto\/control-de-acceso-facial-y-lector-qr-speedface-v3l-qr-zkteco\/#primaryimage\"},\"image\":{\"@id\":\"https:\/\/mivoot.com\/gt\/producto\/control-de-acceso-facial-y-lector-qr-speedface-v3l-qr-zkteco\/#primaryimage\"},\"thumbnailUrl\":\"https:\/\/mivoot.com\/gt\/wp-content\/uploads\/2024\/11\/SPEEDFACEV3LQR-l.png\",\"datePublished\":\"2024-11-06T22:25:19+00:00\",\"dateModified\":\"2024-11-06T22:27:44+00:00\",\"breadcrumb\":{\"@id\":\"https:\/\/mivoot.com\/gt\/producto\/control-de-acceso-facial-y-lector-qr-speedface-v3l-qr-zkteco\/#breadcrumb\"},\"inLanguage\":\"es\",\"potentialAction\":[{\"@type\":\"ReadAction\",\"target\":[\"https:\/\/mivoot.com\/gt\/producto\/control-de-acceso-facial-y-lector-qr-speedface-v3l-qr-zkteco\/\"]}]},{\"@type\":\"ImageObject\",\"inLanguage\":\"es\",\"@id\":\"https:\/\/mivoot.com\/gt\/producto\/control-de-acceso-facial-y-lector-qr-speedface-v3l-qr-zkteco\/#primaryimage\",\"url\":\"https:\/\/mivoot.com\/gt\/wp-content\/uploads\/2024\/11\/SPEEDFACEV3LQR-l.png\",\"contentUrl\":\"https:\/\/mivoot.com\/gt\/wp-content\/uploads\/2024\/11\/SPEEDFACEV3LQR-l.png\",\"width\":1000,\"height\":1000},{\"@type\":\"BreadcrumbList\",\"@id\":\"https:\/\/mivoot.com\/gt\/producto\/control-de-acceso-facial-y-lector-qr-speedface-v3l-qr-zkteco\/#breadcrumb\",\"itemListElement\":[{\"@type\":\"ListItem\",\"position\":1,\"name\":\"Inicio\",\"item\":\"https:\/\/mivoot.com\/gt\/\"},{\"@type\":\"ListItem\",\"position\":2,\"name\":\"Productos\",\"item\":\"https:\/\/mivoot.com\/gt\/producto\/\"},{\"@type\":\"ListItem\",\"position\":3,\"name\":\"ZKTeco\",\"item\":\"https:\/\/mivoot.com\/gt\/marca\/zkteco-guatemala\/\"},{\"@type\":\"ListItem\",\"position\":4,\"name\":\"Control de Acceso Facial y Lector QR SpeedFace-V3L-QR ZKTeco\"}]},{\"@type\":\"WebSite\",\"@id\":\"https:\/\/mivoot.com\/gt\/#website\",\"url\":\"https:\/\/mivoot.com\/gt\/\",\"name\":\"Mivoot\",\"description\":\"Mivoot Guatemala | Tienda Online\",\"publisher\":{\"@id\":\"https:\/\/mivoot.com\/gt\/#organization\"},\"alternateName\":\"mivoot\",\"potentialAction\":[{\"@type\":\"SearchAction\",\"target\":{\"@type\":\"EntryPoint\",\"urlTemplate\":\"https:\/\/mivoot.com\/gt\/?s={search_term_string}\"},\"query-input\":{\"@type\":\"PropertyValueSpecification\",\"valueRequired\":true,\"valueName\":\"search_term_string\"}}],\"inLanguage\":\"es\"},{\"@type\":\"Organization\",\"@id\":\"https:\/\/mivoot.com\/gt\/#organization\",\"name\":\"Mivoot Guatemala\",\"alternateName\":\"mivoot.com\",\"url\":\"https:\/\/mivoot.com\/gt\/\",\"logo\":{\"@type\":\"ImageObject\",\"inLanguage\":\"es\",\"@id\":\"https:\/\/mivoot.com\/gt\/#\/schema\/logo\/image\/\",\"url\":\"https:\/\/mivoot.com\/gt\/wp-content\/uploads\/2023\/03\/cropped-icon.png\",\"contentUrl\":\"https:\/\/mivoot.com\/gt\/wp-content\/uploads\/2023\/03\/cropped-icon.png\",\"width\":512,\"height\":512,\"caption\":\"Mivoot Guatemala\"},\"image\":{\"@id\":\"https:\/\/mivoot.com\/gt\/#\/schema\/logo\/image\/\"},\"sameAs\":[\"https:\/\/www.facebook.com\/mivootgt\",\"https:\/\/instagram.com\/mivoot\"]}]}<\/script>\n<!-- \/ Yoast SEO Premium plugin. -->","yoast_head_json":{"title":"Control de Acceso Facial y Lector QR SpeedFace-V3L-QR ZKTeco - Mivoot","robots":{"index":"index","follow":"follow","max-snippet":"max-snippet:-1","max-image-preview":"max-image-preview:large","max-video-preview":"max-video-preview:-1"},"canonical":"https:\/\/mivoot.com\/gt\/producto\/control-de-acceso-facial-y-lector-qr-speedface-v3l-qr-zkteco\/","og_locale":"es_ES","og_type":"article","og_title":"Control de Acceso Facial y Lector QR SpeedFace-V3L-QR ZKTeco","og_description":"- Reconocimiento facial y QR con algoritmo antispoofing - Pantalla t\u00e1ctil de 2.4 pulgadas para f\u00e1cil uso - Capacidad facial de 500 usuarios registrados - CPU dual core 1.2GHz para r\u00e1pido procesamiento - Capacidad de usuarios 3,000 - Capacidad facial 500 - Capacidad de eventos 200,000 - Lectura de codigos QR - IP65 resistente al agua y al polvo - Temperatura de funcionamiento de -5 \u00b0C a 45 \u00b0C - Funcion ADMS","og_url":"https:\/\/mivoot.com\/gt\/producto\/control-de-acceso-facial-y-lector-qr-speedface-v3l-qr-zkteco\/","og_site_name":"Mivoot","article_publisher":"https:\/\/www.facebook.com\/mivootgt","article_modified_time":"2024-11-06T22:27:44+00:00","og_image":[{"width":1000,"height":1000,"url":"https:\/\/mivoot.com\/gt\/wp-content\/uploads\/2024\/11\/SPEEDFACEV3LQR-l.png","type":"image\/png"}],"twitter_card":"summary_large_image","twitter_misc":{"Est. reading time":"3 minutos"},"schema":{"@context":"https:\/\/schema.org","@graph":[{"@type":"WebPage","@id":"https:\/\/mivoot.com\/gt\/producto\/control-de-acceso-facial-y-lector-qr-speedface-v3l-qr-zkteco\/","url":"https:\/\/mivoot.com\/gt\/producto\/control-de-acceso-facial-y-lector-qr-speedface-v3l-qr-zkteco\/","name":"Control de Acceso Facial y Lector QR SpeedFace-V3L-QR ZKTeco - Mivoot","isPartOf":{"@id":"https:\/\/mivoot.com\/gt\/#website"},"primaryImageOfPage":{"@id":"https:\/\/mivoot.com\/gt\/producto\/control-de-acceso-facial-y-lector-qr-speedface-v3l-qr-zkteco\/#primaryimage"},"image":{"@id":"https:\/\/mivoot.com\/gt\/producto\/control-de-acceso-facial-y-lector-qr-speedface-v3l-qr-zkteco\/#primaryimage"},"thumbnailUrl":"https:\/\/mivoot.com\/gt\/wp-content\/uploads\/2024\/11\/SPEEDFACEV3LQR-l.png","datePublished":"2024-11-06T22:25:19+00:00","dateModified":"2024-11-06T22:27:44+00:00","breadcrumb":{"@id":"https:\/\/mivoot.com\/gt\/producto\/control-de-acceso-facial-y-lector-qr-speedface-v3l-qr-zkteco\/#breadcrumb"},"inLanguage":"es","potentialAction":[{"@type":"ReadAction","target":["https:\/\/mivoot.com\/gt\/producto\/control-de-acceso-facial-y-lector-qr-speedface-v3l-qr-zkteco\/"]}]},{"@type":"ImageObject","inLanguage":"es","@id":"https:\/\/mivoot.com\/gt\/producto\/control-de-acceso-facial-y-lector-qr-speedface-v3l-qr-zkteco\/#primaryimage","url":"https:\/\/mivoot.com\/gt\/wp-content\/uploads\/2024\/11\/SPEEDFACEV3LQR-l.png","contentUrl":"https:\/\/mivoot.com\/gt\/wp-content\/uploads\/2024\/11\/SPEEDFACEV3LQR-l.png","width":1000,"height":1000},{"@type":"BreadcrumbList","@id":"https:\/\/mivoot.com\/gt\/producto\/control-de-acceso-facial-y-lector-qr-speedface-v3l-qr-zkteco\/#breadcrumb","itemListElement":[{"@type":"ListItem","position":1,"name":"Inicio","item":"https:\/\/mivoot.com\/gt\/"},{"@type":"ListItem","position":2,"name":"Productos","item":"https:\/\/mivoot.com\/gt\/producto\/"},{"@type":"ListItem","position":3,"name":"ZKTeco","item":"https:\/\/mivoot.com\/gt\/marca\/zkteco-guatemala\/"},{"@type":"ListItem","position":4,"name":"Control de Acceso Facial y Lector QR SpeedFace-V3L-QR ZKTeco"}]},{"@type":"WebSite","@id":"https:\/\/mivoot.com\/gt\/#website","url":"https:\/\/mivoot.com\/gt\/","name":"Mivoot","description":"Mivoot Guatemala | Tienda Online","publisher":{"@id":"https:\/\/mivoot.com\/gt\/#organization"},"alternateName":"mivoot","potentialAction":[{"@type":"SearchAction","target":{"@type":"EntryPoint","urlTemplate":"https:\/\/mivoot.com\/gt\/?s={search_term_string}"},"query-input":{"@type":"PropertyValueSpecification","valueRequired":true,"valueName":"search_term_string"}}],"inLanguage":"es"},{"@type":"Organization","@id":"https:\/\/mivoot.com\/gt\/#organization","name":"Mivoot Guatemala","alternateName":"mivoot.com","url":"https:\/\/mivoot.com\/gt\/","logo":{"@type":"ImageObject","inLanguage":"es","@id":"https:\/\/mivoot.com\/gt\/#\/schema\/logo\/image\/","url":"https:\/\/mivoot.com\/gt\/wp-content\/uploads\/2023\/03\/cropped-icon.png","contentUrl":"https:\/\/mivoot.com\/gt\/wp-content\/uploads\/2023\/03\/cropped-icon.png","width":512,"height":512,"caption":"Mivoot Guatemala"},"image":{"@id":"https:\/\/mivoot.com\/gt\/#\/schema\/logo\/image\/"},"sameAs":["https:\/\/www.facebook.com\/mivootgt","https:\/\/instagram.com\/mivoot"]}]}},"jetpack_publicize_connections":[],"jetpack_sharing_enabled":true,"brands":[{"id":101,"name":"ZKTeco","slug":"zkteco-guatemala"}],"_links":{"self":[{"href":"https:\/\/mivoot.com\/gt\/wp-json\/wp\/v2\/product\/23737","targetHints":{"allow":["GET"]}}],"collection":[{"href":"https:\/\/mivoot.com\/gt\/wp-json\/wp\/v2\/product"}],"about":[{"href":"https:\/\/mivoot.com\/gt\/wp-json\/wp\/v2\/types\/product"}],"replies":[{"embeddable":true,"href":"https:\/\/mivoot.com\/gt\/wp-json\/wp\/v2\/comments?post=23737"}],"version-history":[{"count":2,"href":"https:\/\/mivoot.com\/gt\/wp-json\/wp\/v2\/product\/23737\/revisions"}],"predecessor-version":[{"id":23750,"href":"https:\/\/mivoot.com\/gt\/wp-json\/wp\/v2\/product\/23737\/revisions\/23750"}],"wp:featuredmedia":[{"embeddable":true,"href":"https:\/\/mivoot.com\/gt\/wp-json\/wp\/v2\/media\/23742"}],"wp:attachment":[{"href":"https:\/\/mivoot.com\/gt\/wp-json\/wp\/v2\/media?parent=23737"}],"wp:term":[{"taxonomy":"pwb-brand","embeddable":true,"href":"https:\/\/mivoot.com\/gt\/wp-json\/wp\/v2\/pwb-brand?post=23737"},{"taxonomy":"product_brand","embeddable":true,"href":"https:\/\/mivoot.com\/gt\/wp-json\/wp\/v2\/product_brand?post=23737"},{"taxonomy":"product_cat","embeddable":true,"href":"https:\/\/mivoot.com\/gt\/wp-json\/wp\/v2\/product_cat?post=23737"},{"taxonomy":"product_tag","embeddable":true,"href":"https:\/\/mivoot.com\/gt\/wp-json\/wp\/v2\/product_tag?post=23737"}],"curies":[{"name":"wp","href":"https:\/\/api.w.org\/{rel}","templated":true}]}}