{"id":23907,"date":"2024-11-15T10:55:33","date_gmt":"2024-11-15T16:55:33","guid":{"rendered":"https:\/\/mivoot.com\/gt\/?post_type=product&#038;p=23907"},"modified":"2024-11-15T10:58:43","modified_gmt":"2024-11-15T16:58:43","slug":"escaner-de-documentos-ds-1630-epson","status":"publish","type":"product","link":"https:\/\/mivoot.com\/gt\/producto\/escaner-de-documentos-ds-1630-epson\/","title":{"rendered":"Escaner de Documentos DS-1630 Epson"},"content":{"rendered":"<h2 class=\"name\">Esc\u00e1ner vers\u00e1til para una eficiente administraci\u00f3n de documentos<\/h2>\n<div class=\"description\">\n<p>El esc\u00e1ner DS-1630 es ideal para usuarios independientes o grupos de trabajo que buscan acelerar su trabajo diario y aumentar su productividad.\u00a0 La combinaci\u00f3n de una cama plana y ADF de 50 p\u00e1ginas hacen de este producto la soluci\u00f3n ideal para pr\u00e1cticamente cualquier situaci\u00f3n. Es posible escanear lotes de documentos de dimensiones de hasta 8.5\u201d x 14\u201d con el ADF, o bien escanear identificaciones, pasaportes, libretas, art\u00edculos delicados y m\u00e1s, usando la cama plana.<\/p>\n<p>El esc\u00e1ner DS-1630 ofrece una velocidad de hasta 25 ppm<sup>1<\/sup>, capacidad d\u00faplex autom\u00e1tica, e incluso cuenta con los drivers TWAIN e ISIS\u00ae que permiten una integraci\u00f3n sencilla con sistemas de administraci\u00f3n de documentos ya existentes. Puede utilizar los botones directos para escanear a una PC, Mac\u00ae o servicios de administraci\u00f3n de datos como Dropbox\u00ae o Google DriveTM. Adem\u00e1s, cuenta con herramientas avanzadas como el software Epson Document Capture Pro.<\/p>\n<ul>\n<li><b>Escaneo en lote:<\/b>\u00a0El ADF con capacidad de hasta 50 p\u00e1ginas, permite escanear a una velocidad de hasta 25 ppm\/10ipm<sup>1<\/sup><\/li>\n<li><b>Escaneo directo a servicios de la nube:<\/b>\u00a0Puede escanear documentos directamente a servicios como Dropbox\u00ae, SharePoint\u00ae, Evernote\u00ae, FileBound, Google DriveTM y m\u00e1s<sup>2<\/sup><\/li>\n<li><b>Versatilidad en tipos de documentos:<\/b>\u00a0Puede escanear documentos de 8.5\u201d x 11.7\u201d en cama plana, o hasta 8.5\u201d x 14\u201d utilizando el ADF<\/li>\n<\/ul>\n<\/div>\n<p><img decoding=\"async\" class=\"aligncenter\" src=\"https:\/\/cdn.cs.1worldsync.com\/syndication\/mediaserverredirect\/46214f883c427e085874b102ed6f1436\/width(1200).png\" alt=\"Imagen del producto\" \/><\/p>\n<div class=\"description\">\n<p><img decoding=\"async\" class=\"aligncenter\" src=\"https:\/\/cdn.cs.1worldsync.com\/syndication\/mediaserverredirect\/2b3b5c70a791a804c61167dce077490c\/original.jpg\" alt=\"diapositiva 1 de 10, aumentar tama\u00f1o, imagen del producto\" \/><\/p>\n<\/div>\n<div class=\"ccs-cc-inline-features-block ccs-cc-inline-single-feature\">\n<div class=\"ccs-cc-inline-feature\" data-type=\"text\">\n<h3 class=\"ccs-cc-inline-feature-content ccs-cc-inline-feature-description\"><span data-cnet-ccs-icb-restrictions=\"style\" data-cnet-ccs-icb-annotation=\"true\">ESPECIFICACIONES T\u00c9CNICAS<\/span><\/h3>\n<\/div>\n<\/div>\n<div class=\"ccs-cc-inline-features-block ccs-cc-inline-single-feature\">\n<div class=\"ccs-cc-inline-feature\" data-type=\"text\">\n<h4 class=\"ccs-cc-inline-feature-content ccs-cc-inline-feature-description\"><b data-cnet-ccs-icb-annotation=\"true\">GENERAL<\/b><\/h4>\n<ul data-cnet-ccs-icb-annotation=\"true\">\n<li data-cnet-ccs-icb-annotation=\"true\">Condiciones ambientales:\n<ul data-cnet-ccs-icb-annotation=\"true\">\n<li data-cnet-ccs-icb-annotation=\"true\">Temperatura de operaci\u00f3n: 10\u00b0 a 35\u00b0 C (50\u00b0 a 95\u00b0 F)<\/li>\n<li data-cnet-ccs-icb-annotation=\"true\">Humedad: 20 &#8211; 80% (sin condensaci\u00f3n)<\/li>\n<\/ul>\n<\/li>\n<li data-cnet-ccs-icb-annotation=\"true\">Requerimientos de poder: Voltaje: AC 100 &#8211; 240 V (adaptador)<\/li>\n<li data-cnet-ccs-icb-annotation=\"true\">Consumo de energ\u00eda:\n<ul data-cnet-ccs-icb-annotation=\"true\">\n<li data-cnet-ccs-icb-annotation=\"true\">En operaci\u00f3n: 11 W<\/li>\n<li data-cnet-ccs-icb-annotation=\"true\">Modo de espera: 5.8 W<\/li>\n<li data-cnet-ccs-icb-annotation=\"true\">Modo suspendido: 0.8 W<\/li>\n<li data-cnet-ccs-icb-annotation=\"true\">Apagado: 0.15 W<\/li>\n<\/ul>\n<\/li>\n<li data-cnet-ccs-icb-annotation=\"true\">Garant\u00eda: Limitada de 1 a\u00f1o<\/li>\n<li data-cnet-ccs-icb-annotation=\"true\">Pa\u00eds de origen: Indonesia<\/li>\n<li data-cnet-ccs-icb-annotation=\"true\">Dimensiones (ancho x profundo x alto): 45.1 x 38.8 x 12.1 cm<\/li>\n<li data-cnet-ccs-icb-annotation=\"true\">Peso: 3.9 kg<\/li>\n<\/ul>\n<h4 class=\"ccs-cc-inline-feature-content ccs-cc-inline-feature-description\"><br data-cnet-ccs-icb-annotation=\"true\" \/><b data-cnet-ccs-icb-annotation=\"true\">OPERACI\u00d3N<\/b><\/h4>\n<ul data-cnet-ccs-icb-annotation=\"true\">\n<li data-cnet-ccs-icb-annotation=\"true\">Tipo de esc\u00e1ner: Digitalizador de documentos a color con cama plana<\/li>\n<li data-cnet-ccs-icb-annotation=\"true\">Tipo de sensor: (CIS) Contact Image Sensor<\/li>\n<li data-cnet-ccs-icb-annotation=\"true\">Resoluci\u00f3n \u00f3ptica:\n<ul data-cnet-ccs-icb-annotation=\"true\">\n<li data-cnet-ccs-icb-annotation=\"true\">Cama Plana: 1200 dpi<\/li>\n<li data-cnet-ccs-icb-annotation=\"true\">ADF: 600 dpi<\/li>\n<\/ul>\n<\/li>\n<li data-cnet-ccs-icb-annotation=\"true\">Fuente de luz: LED RGB de 3 colores<\/li>\n<li data-cnet-ccs-icb-annotation=\"true\">Resolucion del equipo: Cama Plana: 1200 x 1200 dpi \/ ADF: 600 x 600 dpi<\/li>\n<li data-cnet-ccs-icb-annotation=\"true\">Velocidad de escaneo (documento tama\u00f1o carta): 25 ppm<sup data-cnet-ccs-icb-annotation=\"true\">1<\/sup>\u00a0simplex, 10 ipm d\u00faplex (300 dpi, blanco-y-negro, escalas de grises, a color)<\/li>\n<li data-cnet-ccs-icb-annotation=\"true\">Modo de escaneo a color (profundidad de bits): RGB x 30 bits interno \/ externo<\/li>\n<li data-cnet-ccs-icb-annotation=\"true\">Modo de escaneo en escalas de gris (profundidad de bits): 8 bits interno \/ externo<\/li>\n<li data-cnet-ccs-icb-annotation=\"true\">Botones: Encendido, Escaneo, Detener<\/li>\n<li data-cnet-ccs-icb-annotation=\"true\">ADF:\n<ul data-cnet-ccs-icb-annotation=\"true\">\n<li data-cnet-ccs-icb-annotation=\"true\">Capacidad: 50 p\u00e1ginas<\/li>\n<li data-cnet-ccs-icb-annotation=\"true\">Tama\u00f1o de documento:<\/li>\n<li data-cnet-ccs-icb-annotation=\"true\">M\u00e1x. 21.6 x 29.7 cm d\u00faplex \/ simplex, 21.6 x 35.6 cm simplex<\/li>\n<li data-cnet-ccs-icb-annotation=\"true\">M\u00edn. 8.9 x 17 cm d\u00faplex, 8.9 x 12.7 cm simplex<\/li>\n<li data-cnet-ccs-icb-annotation=\"true\">Longitud de papel: 21.6 x 304.8 cm simplex<\/li>\n<li data-cnet-ccs-icb-annotation=\"true\">Gramaje de papel: 50 a 120 g\/m<sup data-cnet-ccs-icb-annotation=\"true\">2<\/sup><\/li>\n<\/ul>\n<\/li>\n<li data-cnet-ccs-icb-annotation=\"true\">Cama plana: Tama\u00f1o de documento: 8.5&#8243; x 11.7&#8243; (21.6 x 29.7 cm)<\/li>\n<li data-cnet-ccs-icb-annotation=\"true\">Conectividad: USB 3.0 de alta velocidad, m\u00f3dulo de red opcional (RJ-45, 10BaseT\/100BaseTX)<\/li>\n<li data-cnet-ccs-icb-annotation=\"true\">Ciclo de trabajo: Hasta 1,500 p\u00e1ginas<sup data-cnet-ccs-icb-annotation=\"true\">4<\/sup><\/li>\n<\/ul>\n<h4 class=\"ccs-cc-inline-feature-content ccs-cc-inline-feature-description\"><br data-cnet-ccs-icb-annotation=\"true\" \/><b data-cnet-ccs-icb-annotation=\"true\">REQUERIMIENTOS DEL SISTEMA<\/b><\/h4>\n<ul data-cnet-ccs-icb-annotation=\"true\">\n<li data-cnet-ccs-icb-annotation=\"true\">Windows<sup data-cnet-ccs-icb-annotation=\"true\">\u00ae<\/sup>\u00a07, 8\/8.1, 10<\/li>\n<li data-cnet-ccs-icb-annotation=\"true\">Mac OS<sup data-cnet-ccs-icb-annotation=\"true\">\u00ae<\/sup>\u00a0X 10.6.8 &#8211; 10.11.x<\/li>\n<li data-cnet-ccs-icb-annotation=\"true\">Es necesaria una conexi\u00f3n a internet para la descarga e instalaci\u00f3n del software<\/li>\n<\/ul>\n<h4 class=\"ccs-cc-inline-feature-content ccs-cc-inline-feature-description\"><br data-cnet-ccs-icb-annotation=\"true\" \/><b data-cnet-ccs-icb-annotation=\"true\">SOFTWARE<\/b><\/h4>\n<ul data-cnet-ccs-icb-annotation=\"true\">\n<li data-cnet-ccs-icb-annotation=\"true\">Epson Scan, Document Capture Software, ABBYY FineReader<sup data-cnet-ccs-icb-annotation=\"true\">3<\/sup>\u00a0OCR, (Es necesaria una conexi\u00f3n a internet para la descarga e instalaci\u00f3n del software)<\/li>\n<li data-cnet-ccs-icb-annotation=\"true\">Drivers Soportados: TWAIN, ISIS<\/li>\n<\/ul>\n<h4 class=\"ccs-cc-inline-feature-content ccs-cc-inline-feature-description\"><br data-cnet-ccs-icb-annotation=\"true\" \/><b data-cnet-ccs-icb-annotation=\"true\">CARACTER\u00cdSTICAS ECOL\u00d3GICAS<\/b><\/h4>\n<ul data-cnet-ccs-icb-annotation=\"true\">\n<li data-cnet-ccs-icb-annotation=\"true\">RoHS, Producto Reciclable, ENERGY STAR<sup data-cnet-ccs-icb-annotation=\"true\">\u00ae<\/sup>, Fuente de luz LED libre de mercurio<\/li>\n<\/ul>\n<\/div>\n<\/div>\n<div class=\"description\">\n<p>&nbsp;<\/p>\n<\/div>\n","protected":false},"excerpt":{"rendered":"<p>&#8211; Esc\u00e1ner de cama plana A4 con alimentador autom\u00e1tico de documentos de 50 hojas<br \/>\n&#8211; Resoluci\u00f3n \u00f3ptica: 1200 dpi<br \/>\n&#8211; Velocidad: 25 ppm \/ 10 ipm1<br \/>\n&#8211; hasta 25 ppm (mono) \/ hasta 25 ppm (color)<br \/>\n&#8211; Alimentador autom\u00e1tico de documentos (ADF) (50 hojas)<br \/>\n&#8211; hasta 1500 exploraciones por d\u00eda<br \/>\n&#8211; USB 3.0<\/p>\n","protected":false},"featured_media":23909,"comment_status":"open","ping_status":"closed","template":"","meta":{"jetpack_publicize_message":"","jetpack_publicize_feature_enabled":true,"jetpack_social_post_already_shared":true,"jetpack_social_options":{"image_generator_settings":{"template":"highway","default_image_id":0,"font":"","enabled":false},"version":2}},"pwb-brand":[188],"product_brand":[],"product_cat":[461],"product_tag":[],"class_list":{"0":"post-23907","1":"product","2":"type-product","3":"status-publish","4":"has-post-thumbnail","6":"pwb-brand-epson","7":"product_cat-escaner","9":"first","10":"instock","11":"sale","12":"taxable","13":"shipping-taxable","14":"purchasable","15":"product-type-simple"},"yoast_head":"<!-- This site is optimized with the Yoast SEO Premium plugin v25.7.1 (Yoast SEO v26.8) - https:\/\/yoast.com\/product\/yoast-seo-premium-wordpress\/ -->\n<title>Escaner de Documentos DS-1630 Epson - Mivoot<\/title>\n<meta name=\"robots\" content=\"index, follow, max-snippet:-1, max-image-preview:large, max-video-preview:-1\" \/>\n<link rel=\"canonical\" href=\"https:\/\/mivoot.com\/gt\/producto\/escaner-de-documentos-ds-1630-epson\/\" \/>\n<meta property=\"og:locale\" content=\"es_ES\" \/>\n<meta property=\"og:type\" content=\"article\" \/>\n<meta property=\"og:title\" content=\"Escaner de Documentos DS-1630 Epson\" \/>\n<meta property=\"og:description\" content=\"- Esc\u00e1ner de cama plana A4 con alimentador autom\u00e1tico de documentos de 50 hojas - Resoluci\u00f3n \u00f3ptica: 1200 dpi - Velocidad: 25 ppm \/ 10 ipm1 - hasta 25 ppm (mono) \/ hasta 25 ppm (color) - Alimentador autom\u00e1tico de documentos (ADF) (50 hojas) - hasta 1500 exploraciones por d\u00eda - USB 3.0\" \/>\n<meta property=\"og:url\" content=\"https:\/\/mivoot.com\/gt\/producto\/escaner-de-documentos-ds-1630-epson\/\" \/>\n<meta property=\"og:site_name\" content=\"Mivoot\" \/>\n<meta property=\"article:publisher\" content=\"https:\/\/www.facebook.com\/mivootgt\" \/>\n<meta property=\"article:modified_time\" content=\"2024-11-15T16:58:43+00:00\" \/>\n<meta property=\"og:image\" content=\"https:\/\/mivoot.com\/gt\/wp-content\/uploads\/2024\/11\/DS-1630-00.jpg\" \/>\n\t<meta property=\"og:image:width\" content=\"1000\" \/>\n\t<meta property=\"og:image:height\" content=\"750\" \/>\n\t<meta property=\"og:image:type\" content=\"image\/jpeg\" \/>\n<meta name=\"twitter:card\" content=\"summary_large_image\" \/>\n<meta name=\"twitter:label1\" content=\"Est. reading time\" \/>\n\t<meta name=\"twitter:data1\" content=\"3 minutos\" \/>\n<script type=\"application\/ld+json\" class=\"yoast-schema-graph\">{\"@context\":\"https:\/\/schema.org\",\"@graph\":[{\"@type\":\"WebPage\",\"@id\":\"https:\/\/mivoot.com\/gt\/producto\/escaner-de-documentos-ds-1630-epson\/\",\"url\":\"https:\/\/mivoot.com\/gt\/producto\/escaner-de-documentos-ds-1630-epson\/\",\"name\":\"Escaner de Documentos DS-1630 Epson - Mivoot\",\"isPartOf\":{\"@id\":\"https:\/\/mivoot.com\/gt\/#website\"},\"primaryImageOfPage\":{\"@id\":\"https:\/\/mivoot.com\/gt\/producto\/escaner-de-documentos-ds-1630-epson\/#primaryimage\"},\"image\":{\"@id\":\"https:\/\/mivoot.com\/gt\/producto\/escaner-de-documentos-ds-1630-epson\/#primaryimage\"},\"thumbnailUrl\":\"https:\/\/mivoot.com\/gt\/wp-content\/uploads\/2024\/11\/DS-1630-00.jpg\",\"datePublished\":\"2024-11-15T16:55:33+00:00\",\"dateModified\":\"2024-11-15T16:58:43+00:00\",\"breadcrumb\":{\"@id\":\"https:\/\/mivoot.com\/gt\/producto\/escaner-de-documentos-ds-1630-epson\/#breadcrumb\"},\"inLanguage\":\"es\",\"potentialAction\":[{\"@type\":\"ReadAction\",\"target\":[\"https:\/\/mivoot.com\/gt\/producto\/escaner-de-documentos-ds-1630-epson\/\"]}]},{\"@type\":\"ImageObject\",\"inLanguage\":\"es\",\"@id\":\"https:\/\/mivoot.com\/gt\/producto\/escaner-de-documentos-ds-1630-epson\/#primaryimage\",\"url\":\"https:\/\/mivoot.com\/gt\/wp-content\/uploads\/2024\/11\/DS-1630-00.jpg\",\"contentUrl\":\"https:\/\/mivoot.com\/gt\/wp-content\/uploads\/2024\/11\/DS-1630-00.jpg\",\"width\":1000,\"height\":750},{\"@type\":\"BreadcrumbList\",\"@id\":\"https:\/\/mivoot.com\/gt\/producto\/escaner-de-documentos-ds-1630-epson\/#breadcrumb\",\"itemListElement\":[{\"@type\":\"ListItem\",\"position\":1,\"name\":\"Inicio\",\"item\":\"https:\/\/mivoot.com\/gt\/\"},{\"@type\":\"ListItem\",\"position\":2,\"name\":\"Productos\",\"item\":\"https:\/\/mivoot.com\/gt\/producto\/\"},{\"@type\":\"ListItem\",\"position\":3,\"name\":\"Epson\",\"item\":\"https:\/\/mivoot.com\/gt\/marca\/epson\/\"},{\"@type\":\"ListItem\",\"position\":4,\"name\":\"Escaner de Documentos DS-1630 Epson\"}]},{\"@type\":\"WebSite\",\"@id\":\"https:\/\/mivoot.com\/gt\/#website\",\"url\":\"https:\/\/mivoot.com\/gt\/\",\"name\":\"Mivoot\",\"description\":\"Mivoot Guatemala | Tienda Online\",\"publisher\":{\"@id\":\"https:\/\/mivoot.com\/gt\/#organization\"},\"alternateName\":\"mivoot\",\"potentialAction\":[{\"@type\":\"SearchAction\",\"target\":{\"@type\":\"EntryPoint\",\"urlTemplate\":\"https:\/\/mivoot.com\/gt\/?s={search_term_string}\"},\"query-input\":{\"@type\":\"PropertyValueSpecification\",\"valueRequired\":true,\"valueName\":\"search_term_string\"}}],\"inLanguage\":\"es\"},{\"@type\":\"Organization\",\"@id\":\"https:\/\/mivoot.com\/gt\/#organization\",\"name\":\"Mivoot Guatemala\",\"alternateName\":\"mivoot.com\",\"url\":\"https:\/\/mivoot.com\/gt\/\",\"logo\":{\"@type\":\"ImageObject\",\"inLanguage\":\"es\",\"@id\":\"https:\/\/mivoot.com\/gt\/#\/schema\/logo\/image\/\",\"url\":\"https:\/\/mivoot.com\/gt\/wp-content\/uploads\/2023\/03\/cropped-icon.png\",\"contentUrl\":\"https:\/\/mivoot.com\/gt\/wp-content\/uploads\/2023\/03\/cropped-icon.png\",\"width\":512,\"height\":512,\"caption\":\"Mivoot Guatemala\"},\"image\":{\"@id\":\"https:\/\/mivoot.com\/gt\/#\/schema\/logo\/image\/\"},\"sameAs\":[\"https:\/\/www.facebook.com\/mivootgt\",\"https:\/\/instagram.com\/mivoot\"]}]}<\/script>\n<!-- \/ Yoast SEO Premium plugin. -->","yoast_head_json":{"title":"Escaner de Documentos DS-1630 Epson - Mivoot","robots":{"index":"index","follow":"follow","max-snippet":"max-snippet:-1","max-image-preview":"max-image-preview:large","max-video-preview":"max-video-preview:-1"},"canonical":"https:\/\/mivoot.com\/gt\/producto\/escaner-de-documentos-ds-1630-epson\/","og_locale":"es_ES","og_type":"article","og_title":"Escaner de Documentos DS-1630 Epson","og_description":"- Esc\u00e1ner de cama plana A4 con alimentador autom\u00e1tico de documentos de 50 hojas - Resoluci\u00f3n \u00f3ptica: 1200 dpi - Velocidad: 25 ppm \/ 10 ipm1 - hasta 25 ppm (mono) \/ hasta 25 ppm (color) - Alimentador autom\u00e1tico de documentos (ADF) (50 hojas) - hasta 1500 exploraciones por d\u00eda - USB 3.0","og_url":"https:\/\/mivoot.com\/gt\/producto\/escaner-de-documentos-ds-1630-epson\/","og_site_name":"Mivoot","article_publisher":"https:\/\/www.facebook.com\/mivootgt","article_modified_time":"2024-11-15T16:58:43+00:00","og_image":[{"width":1000,"height":750,"url":"https:\/\/mivoot.com\/gt\/wp-content\/uploads\/2024\/11\/DS-1630-00.jpg","type":"image\/jpeg"}],"twitter_card":"summary_large_image","twitter_misc":{"Est. reading time":"3 minutos"},"schema":{"@context":"https:\/\/schema.org","@graph":[{"@type":"WebPage","@id":"https:\/\/mivoot.com\/gt\/producto\/escaner-de-documentos-ds-1630-epson\/","url":"https:\/\/mivoot.com\/gt\/producto\/escaner-de-documentos-ds-1630-epson\/","name":"Escaner de Documentos DS-1630 Epson - Mivoot","isPartOf":{"@id":"https:\/\/mivoot.com\/gt\/#website"},"primaryImageOfPage":{"@id":"https:\/\/mivoot.com\/gt\/producto\/escaner-de-documentos-ds-1630-epson\/#primaryimage"},"image":{"@id":"https:\/\/mivoot.com\/gt\/producto\/escaner-de-documentos-ds-1630-epson\/#primaryimage"},"thumbnailUrl":"https:\/\/mivoot.com\/gt\/wp-content\/uploads\/2024\/11\/DS-1630-00.jpg","datePublished":"2024-11-15T16:55:33+00:00","dateModified":"2024-11-15T16:58:43+00:00","breadcrumb":{"@id":"https:\/\/mivoot.com\/gt\/producto\/escaner-de-documentos-ds-1630-epson\/#breadcrumb"},"inLanguage":"es","potentialAction":[{"@type":"ReadAction","target":["https:\/\/mivoot.com\/gt\/producto\/escaner-de-documentos-ds-1630-epson\/"]}]},{"@type":"ImageObject","inLanguage":"es","@id":"https:\/\/mivoot.com\/gt\/producto\/escaner-de-documentos-ds-1630-epson\/#primaryimage","url":"https:\/\/mivoot.com\/gt\/wp-content\/uploads\/2024\/11\/DS-1630-00.jpg","contentUrl":"https:\/\/mivoot.com\/gt\/wp-content\/uploads\/2024\/11\/DS-1630-00.jpg","width":1000,"height":750},{"@type":"BreadcrumbList","@id":"https:\/\/mivoot.com\/gt\/producto\/escaner-de-documentos-ds-1630-epson\/#breadcrumb","itemListElement":[{"@type":"ListItem","position":1,"name":"Inicio","item":"https:\/\/mivoot.com\/gt\/"},{"@type":"ListItem","position":2,"name":"Productos","item":"https:\/\/mivoot.com\/gt\/producto\/"},{"@type":"ListItem","position":3,"name":"Epson","item":"https:\/\/mivoot.com\/gt\/marca\/epson\/"},{"@type":"ListItem","position":4,"name":"Escaner de Documentos DS-1630 Epson"}]},{"@type":"WebSite","@id":"https:\/\/mivoot.com\/gt\/#website","url":"https:\/\/mivoot.com\/gt\/","name":"Mivoot","description":"Mivoot Guatemala | Tienda Online","publisher":{"@id":"https:\/\/mivoot.com\/gt\/#organization"},"alternateName":"mivoot","potentialAction":[{"@type":"SearchAction","target":{"@type":"EntryPoint","urlTemplate":"https:\/\/mivoot.com\/gt\/?s={search_term_string}"},"query-input":{"@type":"PropertyValueSpecification","valueRequired":true,"valueName":"search_term_string"}}],"inLanguage":"es"},{"@type":"Organization","@id":"https:\/\/mivoot.com\/gt\/#organization","name":"Mivoot Guatemala","alternateName":"mivoot.com","url":"https:\/\/mivoot.com\/gt\/","logo":{"@type":"ImageObject","inLanguage":"es","@id":"https:\/\/mivoot.com\/gt\/#\/schema\/logo\/image\/","url":"https:\/\/mivoot.com\/gt\/wp-content\/uploads\/2023\/03\/cropped-icon.png","contentUrl":"https:\/\/mivoot.com\/gt\/wp-content\/uploads\/2023\/03\/cropped-icon.png","width":512,"height":512,"caption":"Mivoot Guatemala"},"image":{"@id":"https:\/\/mivoot.com\/gt\/#\/schema\/logo\/image\/"},"sameAs":["https:\/\/www.facebook.com\/mivootgt","https:\/\/instagram.com\/mivoot"]}]}},"jetpack_publicize_connections":[],"jetpack_sharing_enabled":true,"brands":[{"id":188,"name":"Epson","slug":"epson"}],"_links":{"self":[{"href":"https:\/\/mivoot.com\/gt\/wp-json\/wp\/v2\/product\/23907","targetHints":{"allow":["GET"]}}],"collection":[{"href":"https:\/\/mivoot.com\/gt\/wp-json\/wp\/v2\/product"}],"about":[{"href":"https:\/\/mivoot.com\/gt\/wp-json\/wp\/v2\/types\/product"}],"replies":[{"embeddable":true,"href":"https:\/\/mivoot.com\/gt\/wp-json\/wp\/v2\/comments?post=23907"}],"version-history":[{"count":1,"href":"https:\/\/mivoot.com\/gt\/wp-json\/wp\/v2\/product\/23907\/revisions"}],"predecessor-version":[{"id":23915,"href":"https:\/\/mivoot.com\/gt\/wp-json\/wp\/v2\/product\/23907\/revisions\/23915"}],"wp:featuredmedia":[{"embeddable":true,"href":"https:\/\/mivoot.com\/gt\/wp-json\/wp\/v2\/media\/23909"}],"wp:attachment":[{"href":"https:\/\/mivoot.com\/gt\/wp-json\/wp\/v2\/media?parent=23907"}],"wp:term":[{"taxonomy":"pwb-brand","embeddable":true,"href":"https:\/\/mivoot.com\/gt\/wp-json\/wp\/v2\/pwb-brand?post=23907"},{"taxonomy":"product_brand","embeddable":true,"href":"https:\/\/mivoot.com\/gt\/wp-json\/wp\/v2\/product_brand?post=23907"},{"taxonomy":"product_cat","embeddable":true,"href":"https:\/\/mivoot.com\/gt\/wp-json\/wp\/v2\/product_cat?post=23907"},{"taxonomy":"product_tag","embeddable":true,"href":"https:\/\/mivoot.com\/gt\/wp-json\/wp\/v2\/product_tag?post=23907"}],"curies":[{"name":"wp","href":"https:\/\/api.w.org\/{rel}","templated":true}]}}