{"id":23919,"date":"2025-05-06T14:30:19","date_gmt":"2025-05-06T20:30:19","guid":{"rendered":"https:\/\/mivoot.com\/gt\/?post_type=product&#038;p=23919"},"modified":"2025-05-06T14:36:47","modified_gmt":"2025-05-06T20:36:47","slug":"proyector-portatil-con-android-tv-epiqvision-fh02-epson","status":"publish","type":"product","link":"https:\/\/mivoot.com\/gt\/producto\/proyector-portatil-con-android-tv-epiqvision-fh02-epson\/","title":{"rendered":"Proyector Port\u00e1til 3LCD 3000 L\u00famenes Wi-Fi Android TV EpiqVision FH02 Epson"},"content":{"rendered":"<h3 class=\"name\">Tu experiencia streaming al m\u00e1ximo. EpiqVision es smart!<\/h3>\n<div class=\"description\">\n<p>Disfruta de una proyecci\u00f3n vers\u00e1til para el trabajo remoto, el entretenimiento en el hogar y mucho m\u00e1s con el proyector port\u00e1til de transmisi\u00f3n inteligente Epson EpiqVision\u2122 FH02. Dise\u00f1ado para brindarle m\u00e1s facilidad y comodidad a su jornada laboral, el Epson EpiqVision FH02 ofrece una imagen Full HD 1080p de hasta 300&#8243;, que es cuatro veces m\u00e1s grande que una pantalla plana de 75&#8243;, para reuniones colaborativas en l\u00ednea y presentaciones detalladas.<\/p>\n<p>Este proyector1 de 3000 l\u00famenes, perfecto para el aprendizaje en el hogar, la visualizaci\u00f3n de pel\u00edculas inmersivas y m\u00e1s, ofrece el mejor brillo de color de su clase<sup>2<\/sup>\u00a0para brindar im\u00e1genes n\u00edtidas y coloridas en pr\u00e1cticamente cualquier entorno de iluminaci\u00f3n, incluso durante el d\u00eda. Elegante y compacto, este proyector port\u00e1til se puede transportar f\u00e1cilmente en bolsos y mochilas para una f\u00e1cil visualizaci\u00f3n pr\u00e1cticamente en cualquier lugar. Cuenta con un potente sistema de altavoces de alta calidad para una experiencia de visualizaci\u00f3n realmente sorprendente. Y, con Android TV<sup>\u00ae3<\/sup>\u00a0incluido, puede sintonizar todos sus canales de transmisi\u00f3n favoritos, incluidos Netflix, Apple TV+, Amazon Prime, Hulu, Disney+, HBO Max\u2122, YouTube\u2122 y m\u00e1s<sup>4<\/sup>.<\/p>\n<\/div>\n<p>&nbsp;<\/p>\n<div class=\"description\">\n<p><img fetchpriority=\"high\" decoding=\"async\" class=\"\" src=\"https:\/\/cdn.cs.1worldsync.com\/syndication\/mediaserverredirect\/b88ea984eaffa44dd0ff5e213874b7b7\/original.jpg\" alt=\"Imagen del producto\" width=\"336\" height=\"328\" \/><img decoding=\"async\" class=\"\" src=\"https:\/\/cdn.cs.1worldsync.com\/syndication\/mediaserverredirect\/1de7517a5a037f0152c1415bdf0bb5fe\/original.jpg\" alt=\"Imagen del producto\" width=\"323\" height=\"315\" \/><img decoding=\"async\" class=\"\" src=\"https:\/\/cdn.cs.1worldsync.com\/syndication\/mediaserverredirect\/c24638a9afd17ea5d769b6ac95f96fcd\/original.jpg\" alt=\"Imagen del producto\" width=\"330\" height=\"322\" \/><\/p>\n<p><img loading=\"lazy\" decoding=\"async\" class=\"alignleft\" src=\"https:\/\/cdn.cs.1worldsync.com\/syndication\/mediaserverredirect\/94ba561c446f357357e629d9a024d48e\/original.jpg\" alt=\"Imagen del producto\" width=\"524\" height=\"346\" \/><img loading=\"lazy\" decoding=\"async\" class=\"\" src=\"https:\/\/cdn.cs.1worldsync.com\/syndication\/mediaserverredirect\/b034e64f29a38f0f8f1715472ba64b49\/original.png\" alt=\"Imagen del producto\" width=\"524\" height=\"346\" \/><\/p>\n<p><img loading=\"lazy\" decoding=\"async\" class=\"\" style=\"font-size: 14.4px;\" src=\"https:\/\/cdn.cs.1worldsync.com\/syndication\/mediaserverredirect\/85b3cb939511080fa6bb5aa892a7a4bd\/original.png\" alt=\"Imagen del producto\" width=\"527\" height=\"348\" \/><img loading=\"lazy\" decoding=\"async\" class=\"\" src=\"https:\/\/cdn.cs.1worldsync.com\/syndication\/mediaserverredirect\/11d5d3588d815b8e2b7f513ea3b46d69\/original.jpg\" alt=\"Imagen del producto\" width=\"505\" height=\"333\" \/><\/p>\n<p><b>Contenido de la caja<\/b><\/p>\n<div>\n<ul>\n<li>1 EpiqVision FH02<\/li>\n<li>1 cable de alimentaci\u00f3n de energ\u00eda<\/li>\n<li>1 control remoto<\/li>\n<li>1 control remoto para SMP<\/li>\n<li>4 pilas AAA<\/li>\n<li>1 cable HDMI<\/li>\n<li>Epson Smart Dongle<\/li>\n<li>Guia de Instalaci\u00f3n R\u00e1pida<\/li>\n<li>Hoja de garant\u00eda<\/li>\n<\/ul>\n<p><b>Especificaciones t\u00e9cnicas<\/b><\/p>\n<div>\n<ul>\n<li>Altura: 8,2 cm<\/li>\n<li>Ancho: 32 cm<\/li>\n<li>Profundidad sin pies: 21,1 cm<\/li>\n<li>Profundidad con pies: 21,1 cm<\/li>\n<li>Peso neto: 2,6 kg<\/li>\n<\/ul>\n<\/div>\n<div><\/div>\n<\/div>\n<p>&nbsp;<\/p>\n<\/div>\n","protected":false},"excerpt":{"rendered":"<p>&#8211; Sistema de proyecci\u00f3n Sistema de proyecci\u00f3n con obturador de cristal l\u00edquido RGB (Tecnolog\u00eda 3LCD)<br \/>\n&#8211; M\u00e9todo de proyecci\u00f3n Montaje frontal \/ trasero \/ techo<br \/>\n&#8211; M\u00e9todo de conducci\u00f3n Matriz activa TFT de polisilicio<br \/>\n&#8211; N\u00famero de p\u00edxeles 2.073.600 dots (1.920 x 1.080) x 3 chips<br \/>\n&#8211; Entrada de se\u00f1al Resoluci\u00f3n de pantalla m\u00e1xima: 4.096 x 2.160 (cambio de tama\u00f1o de la pantalla)<br \/>\n&#8211; Resoluci\u00f3n de pantalla: 1.920 x 1.200 p\u00edxeles<br \/>\n&#8211; Resoluci\u00f3n nativa Full HD (1.920 x 1.080)<br \/>\n&#8211; Resoluci\u00f3n en pantalla Full HD (1.920 x 1.080)<br \/>\n&#8211; Relaci\u00f3n de aspecto 16:9 compatible con 4:3, 16:10<br \/>\n&#8211; Disposici\u00f3n de p\u00edxeles Rayas cruzadas<br \/>\n&#8211; Emisi\u00f3n de luz en color: 3.000 l\u00famenes<br \/>\n&#8211; Emisi\u00f3n de luz blanca: 3.000 l\u00famenes<br \/>\n&#8211; Relaci\u00f3n de contraste 350:1<br \/>\n&#8211; Reproducci\u00f3n de color Hasta 16,77 millones de colores<br \/>\n&#8211; Tecnolog\u00eda de iluminaci\u00f3n L\u00e1mpara 188 W UHE<br \/>\n&#8211; Vida de la l\u00e1mpara Modo Normal 6.000 Horas, Modo ECO 12.000 Horas<br \/>\n&#8211; HDMI (HDCP 2.3) x 1<br \/>\n&#8211; Conector USB tipo B (service) x 1<br \/>\n&#8211; Conector USB tipo A (DC out 2.0A) x 1<\/p>\n","protected":false},"featured_media":23923,"comment_status":"open","ping_status":"closed","template":"","meta":{"jetpack_publicize_message":"","jetpack_publicize_feature_enabled":true,"jetpack_social_post_already_shared":true,"jetpack_social_options":{"image_generator_settings":{"template":"highway","default_image_id":0,"font":"","enabled":false},"version":2}},"pwb-brand":[188],"product_brand":[],"product_cat":[274],"product_tag":[],"class_list":{"0":"post-23919","1":"product","2":"type-product","3":"status-publish","4":"has-post-thumbnail","6":"pwb-brand-epson","7":"product_cat-poyectores","9":"first","10":"instock","11":"sale","12":"taxable","13":"shipping-taxable","14":"purchasable","15":"product-type-simple"},"yoast_head":"<!-- This site is optimized with the Yoast SEO Premium plugin v25.7.1 (Yoast SEO v26.8) - https:\/\/yoast.com\/product\/yoast-seo-premium-wordpress\/ -->\n<title>Proyector Port\u00e1til 3LCD 3000 L\u00famenes Wi-Fi Android TV EpiqVision FH02 Epson - Mivoot<\/title>\n<meta name=\"robots\" content=\"index, follow, max-snippet:-1, max-image-preview:large, max-video-preview:-1\" \/>\n<link rel=\"canonical\" href=\"https:\/\/mivoot.com\/gt\/producto\/proyector-portatil-con-android-tv-epiqvision-fh02-epson\/\" \/>\n<meta property=\"og:locale\" content=\"es_ES\" \/>\n<meta property=\"og:type\" content=\"article\" \/>\n<meta property=\"og:title\" content=\"Proyector Port\u00e1til 3LCD 3000 L\u00famenes Wi-Fi Android TV EpiqVision FH02 Epson\" \/>\n<meta property=\"og:description\" content=\"- Sistema de proyecci\u00f3n Sistema de proyecci\u00f3n con obturador de cristal l\u00edquido RGB (Tecnolog\u00eda 3LCD) - M\u00e9todo de proyecci\u00f3n Montaje frontal \/ trasero \/ techo - M\u00e9todo de conducci\u00f3n Matriz activa TFT de polisilicio - N\u00famero de p\u00edxeles 2.073.600 dots (1.920 x 1.080) x 3 chips - Entrada de se\u00f1al Resoluci\u00f3n de pantalla m\u00e1xima: 4.096 x 2.160 (cambio de tama\u00f1o de la pantalla) - Resoluci\u00f3n de pantalla: 1.920 x 1.200 p\u00edxeles - Resoluci\u00f3n nativa Full HD (1.920 x 1.080) - Resoluci\u00f3n en pantalla Full HD (1.920 x 1.080) - Relaci\u00f3n de aspecto 16:9 compatible con 4:3, 16:10 - Disposici\u00f3n de p\u00edxeles Rayas cruzadas - Emisi\u00f3n de luz en color: 3.000 l\u00famenes - Emisi\u00f3n de luz blanca: 3.000 l\u00famenes - Relaci\u00f3n de contraste 350:1 - Reproducci\u00f3n de color Hasta 16,77 millones de colores - Tecnolog\u00eda de iluminaci\u00f3n L\u00e1mpara 188 W UHE - Vida de la l\u00e1mpara Modo Normal 6.000 Horas, Modo ECO 12.000 Horas - HDMI (HDCP 2.3) x 1 - Conector USB tipo B (service) x 1 - Conector USB tipo A (DC out 2.0A) x 1\" \/>\n<meta property=\"og:url\" content=\"https:\/\/mivoot.com\/gt\/producto\/proyector-portatil-con-android-tv-epiqvision-fh02-epson\/\" \/>\n<meta property=\"og:site_name\" content=\"Mivoot\" \/>\n<meta property=\"article:publisher\" content=\"https:\/\/www.facebook.com\/mivootgt\" \/>\n<meta property=\"article:modified_time\" content=\"2025-05-06T20:36:47+00:00\" \/>\n<meta property=\"og:image\" content=\"https:\/\/mivoot.com\/gt\/wp-content\/uploads\/2024\/11\/EpiqVision-FH02-Epson-01.jpg\" \/>\n\t<meta property=\"og:image:width\" content=\"512\" \/>\n\t<meta property=\"og:image:height\" content=\"512\" \/>\n\t<meta property=\"og:image:type\" content=\"image\/jpeg\" \/>\n<meta name=\"twitter:card\" content=\"summary_large_image\" \/>\n<meta name=\"twitter:label1\" content=\"Est. reading time\" \/>\n\t<meta name=\"twitter:data1\" content=\"3 minutos\" \/>\n<script type=\"application\/ld+json\" class=\"yoast-schema-graph\">{\"@context\":\"https:\/\/schema.org\",\"@graph\":[{\"@type\":\"WebPage\",\"@id\":\"https:\/\/mivoot.com\/gt\/producto\/proyector-portatil-con-android-tv-epiqvision-fh02-epson\/\",\"url\":\"https:\/\/mivoot.com\/gt\/producto\/proyector-portatil-con-android-tv-epiqvision-fh02-epson\/\",\"name\":\"Proyector Port\u00e1til 3LCD 3000 L\u00famenes Wi-Fi Android TV EpiqVision FH02 Epson - Mivoot\",\"isPartOf\":{\"@id\":\"https:\/\/mivoot.com\/gt\/#website\"},\"primaryImageOfPage\":{\"@id\":\"https:\/\/mivoot.com\/gt\/producto\/proyector-portatil-con-android-tv-epiqvision-fh02-epson\/#primaryimage\"},\"image\":{\"@id\":\"https:\/\/mivoot.com\/gt\/producto\/proyector-portatil-con-android-tv-epiqvision-fh02-epson\/#primaryimage\"},\"thumbnailUrl\":\"https:\/\/mivoot.com\/gt\/wp-content\/uploads\/2024\/11\/EpiqVision-FH02-Epson-01.jpg\",\"datePublished\":\"2025-05-06T20:30:19+00:00\",\"dateModified\":\"2025-05-06T20:36:47+00:00\",\"breadcrumb\":{\"@id\":\"https:\/\/mivoot.com\/gt\/producto\/proyector-portatil-con-android-tv-epiqvision-fh02-epson\/#breadcrumb\"},\"inLanguage\":\"es\",\"potentialAction\":[{\"@type\":\"ReadAction\",\"target\":[\"https:\/\/mivoot.com\/gt\/producto\/proyector-portatil-con-android-tv-epiqvision-fh02-epson\/\"]}]},{\"@type\":\"ImageObject\",\"inLanguage\":\"es\",\"@id\":\"https:\/\/mivoot.com\/gt\/producto\/proyector-portatil-con-android-tv-epiqvision-fh02-epson\/#primaryimage\",\"url\":\"https:\/\/mivoot.com\/gt\/wp-content\/uploads\/2024\/11\/EpiqVision-FH02-Epson-01.jpg\",\"contentUrl\":\"https:\/\/mivoot.com\/gt\/wp-content\/uploads\/2024\/11\/EpiqVision-FH02-Epson-01.jpg\",\"width\":512,\"height\":512},{\"@type\":\"BreadcrumbList\",\"@id\":\"https:\/\/mivoot.com\/gt\/producto\/proyector-portatil-con-android-tv-epiqvision-fh02-epson\/#breadcrumb\",\"itemListElement\":[{\"@type\":\"ListItem\",\"position\":1,\"name\":\"Inicio\",\"item\":\"https:\/\/mivoot.com\/gt\/\"},{\"@type\":\"ListItem\",\"position\":2,\"name\":\"Productos\",\"item\":\"https:\/\/mivoot.com\/gt\/producto\/\"},{\"@type\":\"ListItem\",\"position\":3,\"name\":\"Epson\",\"item\":\"https:\/\/mivoot.com\/gt\/marca\/epson\/\"},{\"@type\":\"ListItem\",\"position\":4,\"name\":\"Proyector Port\u00e1til 3LCD 3000 L\u00famenes Wi-Fi Android TV EpiqVision FH02 Epson\"}]},{\"@type\":\"WebSite\",\"@id\":\"https:\/\/mivoot.com\/gt\/#website\",\"url\":\"https:\/\/mivoot.com\/gt\/\",\"name\":\"Mivoot\",\"description\":\"Mivoot Guatemala | Tienda Online\",\"publisher\":{\"@id\":\"https:\/\/mivoot.com\/gt\/#organization\"},\"alternateName\":\"mivoot\",\"potentialAction\":[{\"@type\":\"SearchAction\",\"target\":{\"@type\":\"EntryPoint\",\"urlTemplate\":\"https:\/\/mivoot.com\/gt\/?s={search_term_string}\"},\"query-input\":{\"@type\":\"PropertyValueSpecification\",\"valueRequired\":true,\"valueName\":\"search_term_string\"}}],\"inLanguage\":\"es\"},{\"@type\":\"Organization\",\"@id\":\"https:\/\/mivoot.com\/gt\/#organization\",\"name\":\"Mivoot Guatemala\",\"alternateName\":\"mivoot.com\",\"url\":\"https:\/\/mivoot.com\/gt\/\",\"logo\":{\"@type\":\"ImageObject\",\"inLanguage\":\"es\",\"@id\":\"https:\/\/mivoot.com\/gt\/#\/schema\/logo\/image\/\",\"url\":\"https:\/\/mivoot.com\/gt\/wp-content\/uploads\/2023\/03\/cropped-icon.png\",\"contentUrl\":\"https:\/\/mivoot.com\/gt\/wp-content\/uploads\/2023\/03\/cropped-icon.png\",\"width\":512,\"height\":512,\"caption\":\"Mivoot Guatemala\"},\"image\":{\"@id\":\"https:\/\/mivoot.com\/gt\/#\/schema\/logo\/image\/\"},\"sameAs\":[\"https:\/\/www.facebook.com\/mivootgt\",\"https:\/\/instagram.com\/mivoot\"]}]}<\/script>\n<!-- \/ Yoast SEO Premium plugin. -->","yoast_head_json":{"title":"Proyector Port\u00e1til 3LCD 3000 L\u00famenes Wi-Fi Android TV EpiqVision FH02 Epson - Mivoot","robots":{"index":"index","follow":"follow","max-snippet":"max-snippet:-1","max-image-preview":"max-image-preview:large","max-video-preview":"max-video-preview:-1"},"canonical":"https:\/\/mivoot.com\/gt\/producto\/proyector-portatil-con-android-tv-epiqvision-fh02-epson\/","og_locale":"es_ES","og_type":"article","og_title":"Proyector Port\u00e1til 3LCD 3000 L\u00famenes Wi-Fi Android TV EpiqVision FH02 Epson","og_description":"- Sistema de proyecci\u00f3n Sistema de proyecci\u00f3n con obturador de cristal l\u00edquido RGB (Tecnolog\u00eda 3LCD) - M\u00e9todo de proyecci\u00f3n Montaje frontal \/ trasero \/ techo - M\u00e9todo de conducci\u00f3n Matriz activa TFT de polisilicio - N\u00famero de p\u00edxeles 2.073.600 dots (1.920 x 1.080) x 3 chips - Entrada de se\u00f1al Resoluci\u00f3n de pantalla m\u00e1xima: 4.096 x 2.160 (cambio de tama\u00f1o de la pantalla) - Resoluci\u00f3n de pantalla: 1.920 x 1.200 p\u00edxeles - Resoluci\u00f3n nativa Full HD (1.920 x 1.080) - Resoluci\u00f3n en pantalla Full HD (1.920 x 1.080) - Relaci\u00f3n de aspecto 16:9 compatible con 4:3, 16:10 - Disposici\u00f3n de p\u00edxeles Rayas cruzadas - Emisi\u00f3n de luz en color: 3.000 l\u00famenes - Emisi\u00f3n de luz blanca: 3.000 l\u00famenes - Relaci\u00f3n de contraste 350:1 - Reproducci\u00f3n de color Hasta 16,77 millones de colores - Tecnolog\u00eda de iluminaci\u00f3n L\u00e1mpara 188 W UHE - Vida de la l\u00e1mpara Modo Normal 6.000 Horas, Modo ECO 12.000 Horas - HDMI (HDCP 2.3) x 1 - Conector USB tipo B (service) x 1 - Conector USB tipo A (DC out 2.0A) x 1","og_url":"https:\/\/mivoot.com\/gt\/producto\/proyector-portatil-con-android-tv-epiqvision-fh02-epson\/","og_site_name":"Mivoot","article_publisher":"https:\/\/www.facebook.com\/mivootgt","article_modified_time":"2025-05-06T20:36:47+00:00","og_image":[{"width":512,"height":512,"url":"https:\/\/mivoot.com\/gt\/wp-content\/uploads\/2024\/11\/EpiqVision-FH02-Epson-01.jpg","type":"image\/jpeg"}],"twitter_card":"summary_large_image","twitter_misc":{"Est. reading time":"3 minutos"},"schema":{"@context":"https:\/\/schema.org","@graph":[{"@type":"WebPage","@id":"https:\/\/mivoot.com\/gt\/producto\/proyector-portatil-con-android-tv-epiqvision-fh02-epson\/","url":"https:\/\/mivoot.com\/gt\/producto\/proyector-portatil-con-android-tv-epiqvision-fh02-epson\/","name":"Proyector Port\u00e1til 3LCD 3000 L\u00famenes Wi-Fi Android TV EpiqVision FH02 Epson - Mivoot","isPartOf":{"@id":"https:\/\/mivoot.com\/gt\/#website"},"primaryImageOfPage":{"@id":"https:\/\/mivoot.com\/gt\/producto\/proyector-portatil-con-android-tv-epiqvision-fh02-epson\/#primaryimage"},"image":{"@id":"https:\/\/mivoot.com\/gt\/producto\/proyector-portatil-con-android-tv-epiqvision-fh02-epson\/#primaryimage"},"thumbnailUrl":"https:\/\/mivoot.com\/gt\/wp-content\/uploads\/2024\/11\/EpiqVision-FH02-Epson-01.jpg","datePublished":"2025-05-06T20:30:19+00:00","dateModified":"2025-05-06T20:36:47+00:00","breadcrumb":{"@id":"https:\/\/mivoot.com\/gt\/producto\/proyector-portatil-con-android-tv-epiqvision-fh02-epson\/#breadcrumb"},"inLanguage":"es","potentialAction":[{"@type":"ReadAction","target":["https:\/\/mivoot.com\/gt\/producto\/proyector-portatil-con-android-tv-epiqvision-fh02-epson\/"]}]},{"@type":"ImageObject","inLanguage":"es","@id":"https:\/\/mivoot.com\/gt\/producto\/proyector-portatil-con-android-tv-epiqvision-fh02-epson\/#primaryimage","url":"https:\/\/mivoot.com\/gt\/wp-content\/uploads\/2024\/11\/EpiqVision-FH02-Epson-01.jpg","contentUrl":"https:\/\/mivoot.com\/gt\/wp-content\/uploads\/2024\/11\/EpiqVision-FH02-Epson-01.jpg","width":512,"height":512},{"@type":"BreadcrumbList","@id":"https:\/\/mivoot.com\/gt\/producto\/proyector-portatil-con-android-tv-epiqvision-fh02-epson\/#breadcrumb","itemListElement":[{"@type":"ListItem","position":1,"name":"Inicio","item":"https:\/\/mivoot.com\/gt\/"},{"@type":"ListItem","position":2,"name":"Productos","item":"https:\/\/mivoot.com\/gt\/producto\/"},{"@type":"ListItem","position":3,"name":"Epson","item":"https:\/\/mivoot.com\/gt\/marca\/epson\/"},{"@type":"ListItem","position":4,"name":"Proyector Port\u00e1til 3LCD 3000 L\u00famenes Wi-Fi Android TV EpiqVision FH02 Epson"}]},{"@type":"WebSite","@id":"https:\/\/mivoot.com\/gt\/#website","url":"https:\/\/mivoot.com\/gt\/","name":"Mivoot","description":"Mivoot Guatemala | Tienda Online","publisher":{"@id":"https:\/\/mivoot.com\/gt\/#organization"},"alternateName":"mivoot","potentialAction":[{"@type":"SearchAction","target":{"@type":"EntryPoint","urlTemplate":"https:\/\/mivoot.com\/gt\/?s={search_term_string}"},"query-input":{"@type":"PropertyValueSpecification","valueRequired":true,"valueName":"search_term_string"}}],"inLanguage":"es"},{"@type":"Organization","@id":"https:\/\/mivoot.com\/gt\/#organization","name":"Mivoot Guatemala","alternateName":"mivoot.com","url":"https:\/\/mivoot.com\/gt\/","logo":{"@type":"ImageObject","inLanguage":"es","@id":"https:\/\/mivoot.com\/gt\/#\/schema\/logo\/image\/","url":"https:\/\/mivoot.com\/gt\/wp-content\/uploads\/2023\/03\/cropped-icon.png","contentUrl":"https:\/\/mivoot.com\/gt\/wp-content\/uploads\/2023\/03\/cropped-icon.png","width":512,"height":512,"caption":"Mivoot Guatemala"},"image":{"@id":"https:\/\/mivoot.com\/gt\/#\/schema\/logo\/image\/"},"sameAs":["https:\/\/www.facebook.com\/mivootgt","https:\/\/instagram.com\/mivoot"]}]}},"jetpack_publicize_connections":[],"jetpack_sharing_enabled":true,"brands":[{"id":188,"name":"Epson","slug":"epson"}],"_links":{"self":[{"href":"https:\/\/mivoot.com\/gt\/wp-json\/wp\/v2\/product\/23919","targetHints":{"allow":["GET"]}}],"collection":[{"href":"https:\/\/mivoot.com\/gt\/wp-json\/wp\/v2\/product"}],"about":[{"href":"https:\/\/mivoot.com\/gt\/wp-json\/wp\/v2\/types\/product"}],"replies":[{"embeddable":true,"href":"https:\/\/mivoot.com\/gt\/wp-json\/wp\/v2\/comments?post=23919"}],"version-history":[{"count":4,"href":"https:\/\/mivoot.com\/gt\/wp-json\/wp\/v2\/product\/23919\/revisions"}],"predecessor-version":[{"id":27983,"href":"https:\/\/mivoot.com\/gt\/wp-json\/wp\/v2\/product\/23919\/revisions\/27983"}],"wp:featuredmedia":[{"embeddable":true,"href":"https:\/\/mivoot.com\/gt\/wp-json\/wp\/v2\/media\/23923"}],"wp:attachment":[{"href":"https:\/\/mivoot.com\/gt\/wp-json\/wp\/v2\/media?parent=23919"}],"wp:term":[{"taxonomy":"pwb-brand","embeddable":true,"href":"https:\/\/mivoot.com\/gt\/wp-json\/wp\/v2\/pwb-brand?post=23919"},{"taxonomy":"product_brand","embeddable":true,"href":"https:\/\/mivoot.com\/gt\/wp-json\/wp\/v2\/product_brand?post=23919"},{"taxonomy":"product_cat","embeddable":true,"href":"https:\/\/mivoot.com\/gt\/wp-json\/wp\/v2\/product_cat?post=23919"},{"taxonomy":"product_tag","embeddable":true,"href":"https:\/\/mivoot.com\/gt\/wp-json\/wp\/v2\/product_tag?post=23919"}],"curies":[{"name":"wp","href":"https:\/\/api.w.org\/{rel}","templated":true}]}}