{"id":23931,"date":"2024-11-15T13:30:40","date_gmt":"2024-11-15T19:30:40","guid":{"rendered":"https:\/\/mivoot.com\/gt\/?post_type=product&#038;p=23931"},"modified":"2024-11-18T10:44:06","modified_gmt":"2024-11-18T16:44:06","slug":"proyector-3lcd-xga-con-dial-hdmi-powerlite-118-epson","status":"publish","type":"product","link":"https:\/\/mivoot.com\/gt\/producto\/proyector-3lcd-xga-con-dial-hdmi-powerlite-118-epson\/","title":{"rendered":"Proyector 3LCD XGA con Dial HDMI PowerLite 118 Epson"},"content":{"rendered":"<h3 class=\"name\">Videoproyectores para educaci\u00f3n con conectividad y audio avanzado<\/h3>\n<div class=\"description\">\n<p>PowerLite 118 es la mejor herramienta de proyecci\u00f3n para los salones actuales. Ofrece una resoluci\u00f3n XGA (1.024 x 768 pixeles), \u00f3ptima para hojas de c\u00e1lculo.<\/p>\n<p>La tecnolog\u00eda 3LCD ofrece im\u00e1genes claras, brillantes y llenas de color. Su luminosidad es de 3.800 l\u00famenes en blanco<sup>2<\/sup>\u00a0y 3.800 l\u00famenes en color<sup>2<\/sup>\u00a0lo convierten en la mejor opci\u00f3n para aulas de educaci\u00f3n bien iluminadas.\u00a0 Adicionalmente, ofrecen conectividad inal\u00e1mbrica opcional que permite proyectar contenido sin requerir cables.\u00a0 Cuenta con puertos HDMI para conectar todos los dispositivos actuales del aula educativa.<\/p>\n<div class=\"text-rows three-up control-row\">\n<div class=\"product-classifications\">\n<div class=\"text-row\" data-classificationid=\"Specifications Projector\">\n<h4><strong>Especificaciones del Proyector:<\/strong><\/h4>\n<hr \/>\n<p><strong>Sistema de Proyecci\u00f3n: <\/strong>Tecnolog\u00eda Epson 3LCD de 3 chips<\/div>\n<div class=\"text-row\" data-classificationid=\"Specifications Projector\"><strong>M\u00e9todo de Proyecci\u00f3n: <\/strong>Frontal \/ Posterior \/ Techo<\/div>\n<div class=\"text-row\" data-classificationid=\"Specifications Projector\"><strong>Pantalla LCD:<\/strong>0,55 pulgadas (C2fine)<\/div>\n<div class=\"text-row\" data-classificationid=\"Specifications Projector\"><strong>M\u00e9todo de visualizaci\u00f3n:<\/strong>Poly-silicon TFT active matrix<\/div>\n<div class=\"text-row\" data-classificationid=\"Specifications Projector\"><strong>N\u00famero de Pixeles:<\/strong>786.432 pixeles (1.024 px x 768 px) x 3<\/div>\n<div class=\"text-row\" data-classificationid=\"Specifications Projector\"><strong>Luminosidad en Color:<\/strong>3.800 L\u00famenes<\/div>\n<div class=\"text-row\" data-classificationid=\"Specifications Projector\"><strong>Luminosidad en Blanco:<\/strong>3.800 L\u00famenes<\/div>\n<div class=\"text-row\" data-classificationid=\"Specifications Projector\"><strong>Relaci\u00f3n de Aspecto:<\/strong>4:3<\/div>\n<div class=\"text-row\" data-classificationid=\"Specifications Projector\"><strong>Resoluci\u00f3n Nativa:<\/strong>XGA<\/div>\n<div class=\"text-row\" data-classificationid=\"Specifications Projector\"><strong>Re escalamiento:<\/strong>640 x 480 (VGA), 800 x 600 (SVGA), 1280 x 800 (WXGA), 1280 x 960 (SXGA2), 1280 x 1024 (SXGA3), 1366 x 768 (WXGA60-3), 1400 x 1050 (SXGA+), 1440 x 900 (WXGA+), 1680 x 900 (WXGA++), 1600 x 1200 (UXGA60)<\/div>\n<div class=\"text-row\" data-classificationid=\"Specifications Projector\"><strong>Tipo de L\u00e1mpara:<\/strong>210 W UHE<\/div>\n<div class=\"text-row\" data-classificationid=\"Specifications Projector\"><strong>Vida \u00datil de la L\u00e1mpara:<\/strong>8.000 horas (Normal); 17.000 horas (ECO)<\/div>\n<div class=\"text-row\" data-classificationid=\"Specifications Projector\"><strong>Relaci\u00f3n de Proyecci\u00f3n:<\/strong>1.48 (Zoom:Wide), 1.77 (Zoom:Tele)<\/div>\n<div class=\"text-row\" data-classificationid=\"Specifications Projector\"><strong>Tama\u00f1o &#8211; distancia projectada:<\/strong>30&#8243; to 300&#8243; (0.89 to 9.12 m) (Zoom:Wide)<\/div>\n<div class=\"text-row\" data-classificationid=\"Specifications Projector\"><strong>Correcci\u00f3n de Trapecio:<\/strong><\/div>\n<div class=\"text-row\" data-classificationid=\"Specifications Projector\">Vertical: -30\u00b0 +30\u00ba<br \/>\nHorizontal: -30\u00b0 +30\u00b0<\/div>\n<div class=\"text-row\" data-classificationid=\"Specifications Projector\"><strong>USB Plug &#8216;n Play:<\/strong>Projector is compatible with PC and Mac\u00ae computers<\/div>\n<div class=\"text-row\" data-classificationid=\"Specifications Projector\"><strong>Relaci\u00f3n de Contraste:<\/strong>Hasta 16.000:1<\/div>\n<div class=\"text-row\" data-classificationid=\"Specifications Projector\"><strong>Procesamiento del Color:<\/strong>10 bit<\/div>\n<div class=\"text-row\" data-classificationid=\"Specifications Projector\"><strong>Reproducci\u00f3n del Color:<\/strong>Hasta 1 bill\u00f3n de colores<\/div>\n<div class=\"text-row\" data-classificationid=\"General\">\n<h4><strong>General:<\/strong><\/h4>\n<hr \/>\n<p><strong>Temperatura:<\/strong>41\u00b0 to 95\u00b0 F (5\u00b0 to 35\u00b0 C)<\/div>\n<div class=\"text-row\" data-classificationid=\"General\"><strong>Temperatura de uso:<\/strong>5 \u00b0C a 40 \u00b0C (41 \u00b0F a 104 \u00b0F)<\/div>\n<div class=\"text-row\" data-classificationid=\"General\"><strong>Dimensiones:<\/strong>302 mm x 87 mm x 249 mm (ancho x alto x profundidad)<\/div>\n<div class=\"text-row\" data-classificationid=\"General\"><strong>Peso:<\/strong>2,8 Kg<\/div>\n<div class=\"text-row\" data-classificationid=\"General\"><strong>Seguridad:<\/strong>Kensington\u00ae Lock, traba de seguridad<\/div>\n<div class=\"text-row\" data-classificationid=\"General\"><\/div>\n<div class=\"text-row\" data-classificationid=\"Power\">\n<h4><strong>Energ\u00eda:<\/strong><\/h4>\n<hr \/>\n<p><strong>Voltaje de Fuente de Poder:<\/strong>100 &#8211; 240 V AC +\/- 10%, 50\/60 Hz<strong>Consumo de Energ\u00eda:<\/strong>100V-120V: 345 (normal) &#8211; 235 (Eco)<br \/>\n220V-240V: 327 (normal) &#8211; 225 (Eco)<\/div>\n<\/div>\n<\/div>\n<div class=\"additional-content\">\n<div class=\"text-rows three-up\">\n<div class=\"product-classifications\">\n<div class=\"text-row\" data-classificationid=\"Projection Lens\">\n<h4><strong>Lente de Proyecci\u00f3n:<\/strong><\/h4>\n<hr \/>\n<p><strong>Tipo: <\/strong>Optical Zoom (Manual) \/ Focus (Manual)<\/div>\n<div class=\"text-row\" data-classificationid=\"Projection Lens\"><strong>N\u00famero &#8211; F:<\/strong>1,49 &#8211; 1,72<\/div>\n<div class=\"text-row\" data-classificationid=\"Projection Lens\"><strong>Tama\u00f1o de la Imagen:<\/strong>30&#8243; a 300&#8243; (0,89 m &#8211; 10,95 m)<\/div>\n<div class=\"text-row\" data-classificationid=\"Projection Lens\"><strong>Longitud Focal:<\/strong>16,9 mm &#8211; 20,28 mm<\/div>\n<div class=\"text-row\" data-classificationid=\"Projection Lens\"><strong>Relaci\u00f3n de Zoom:<\/strong>1 &#8211; 1,2<\/div>\n<div class=\"text-row\" data-classificationid=\"Projection Lens\"><strong>Relaci\u00f3n de Proyecci\u00f3n:<\/strong>1,48 &#8211; 1,77<\/div>\n<div class=\"text-row\" data-classificationid=\"Projection Lens\"><strong>Tapa del Lente: <\/strong>Slide lens shutter<\/div>\n<div class=\"text-row\" data-classificationid=\"Connectivity Projector\">\n<h4><strong>Conectividad del Proyector:<\/strong><\/h4>\n<hr \/>\n<p><strong>Conectividad Est\u00e1ndar: Entrada<\/strong>\u00a0computadora x 2 D-sub15 pin<br \/>\nRCA Video In: Amarillo x 1<br \/>\nHDMI\u00ae x 2<br \/>\nComputadora salida x 1 D-sub15 pin<br \/>\nAudio Entrada RCA x 2 RCA (blanco x 1, rojo x 1)<br \/>\nStereo Mini &#8211; Entrada x 2<br \/>\nStereo Mini &#8211; Salida x 1<br \/>\nEntrada micr\u00f3fono x 1<br \/>\nRS-232C x 1<br \/>\nUSB Tipo A (para m\u00f3dulo inal\u00e1mbrico) x 1<br \/>\nUSB Tipo B (para actualizaci\u00f3n Firmware) x 1<br \/>\nRJ45 x 1<br \/>\nM\u00f3dulo inal\u00e1mbrico: Accesorio opcional<sup>4<\/sup><\/div>\n<div class=\"text-row\" data-classificationid=\"Remote Control\">\n<h4><strong>Control Remoto:<\/strong><\/h4>\n<hr \/>\n<p><strong>Caracter\u00edsticas:<\/strong>A\/V Mute, Freeze, Split, Aspect, Color Mode, Auto, MHL Menu, Volume<\/div>\n<div class=\"text-row\" data-classificationid=\"Remote Control\"><strong>Distancia de Operaci\u00f3n:<\/strong>19.7&#8242; (6 m)<\/div>\n<div class=\"text-row\" data-classificationid=\"Remote Control\"><strong>\u00c1ngulo de Operaci\u00f3n:<\/strong><\/p>\n<ul>\n<li>Right \/ Left: \u00b130 degrees<\/li>\n<li>Upper \/ Lower: \u00b115 degrees<\/li>\n<\/ul>\n<\/div>\n<div class=\"text-row\" data-classificationid=\"Dimensions Projectors\">\n<h4><strong>Dimensiones del Proyector:<\/strong><\/h4>\n<hr \/>\n<p><strong>Pie Incluido:<\/strong>11.8&#8243; x 9.8 x 3.4&#8243; (W x D x H)<\/div>\n<div class=\"text-row\" data-classificationid=\"Dimensions Projectors\"><strong>Excluyendo pie:<\/strong>11.6&#8243; x 10.2&#8243; x 3.6&#8243; (W x D x H)<\/div>\n<div class=\"text-row\" data-classificationid=\"General Projector\">\n<h4><strong>Detalles del Proyector:<\/strong><\/h4>\n<hr \/>\n<p><strong>Formatos de Proyecci\u00f3n:<\/strong><\/p>\n<ul>\n<li>NTSC: 480 lines<\/li>\n<li>PAL: 576 lines<\/li>\n<p>(Depends on observation of the multi-burst pattern)<\/ul>\n<p><strong>Conexiones de Entrada:<\/strong>NTSC \/ NTSC4.43 \/ PAL \/ M-PAL \/ N-PAL \/ PAL60 \/ SECAM<\/div>\n<div class=\"text-row\" data-classificationid=\"General Projector\"><strong>Interfaces:<\/strong><\/p>\n<ul>\n<li>1x USB-A<\/li>\n<li>1x USB-B<\/li>\n<li>1x LAN<\/li>\n<li>2x HDMI<\/li>\n<li>2x Computer\/Component<\/li>\n<li>1x Video<\/li>\n<li>1x RS-232c<\/li>\n<li>1x Stereo Mini-jack (Mic)<\/li>\n<li>1x Monitor Out<\/li>\n<li>Audio 1 &amp; 2<\/li>\n<li>Audio L &amp; R<\/li>\n<li>1x Audio Out<\/li>\n<li>Wireless LAN port: 802.11 b\/g\/n (optional \u2013 module sold separately)<\/li>\n<\/ul>\n<p><strong>Parlante:<\/strong>Monoaural: 16W x 1<strong>Ruido del Ventilador:<\/strong>28 dB \/ 37 dB<strong>Funciones ECO:<\/strong><\/p>\n<ul>\n<li>RoHS compliant<\/li>\n<li>Recyclable product<sup>7<\/sup><\/li>\n<li>Epson America, Inc. is a SmartWay<sup>SM<\/sup>\u00a0Transport Partner<sup>8<\/sup><\/li>\n<\/ul>\n<\/div>\n<\/div>\n<\/div>\n<\/div>\n<\/div>\n","protected":false},"excerpt":{"rendered":"<p>&#8211; Tecnolog\u00eda 3LCD de 3 chips para el mejor brillo de color de su clase.<br \/>\n&#8211; Resoluci\u00f3n XGA nativa y relaci\u00f3n de aspecto 4:3.<br \/>\n&#8211; L\u00e1mpara econ\u00f3mica y duradera.<br \/>\n&#8211; Funci\u00f3n de moderador.<br \/>\n&#8211; Conectividad de red avanzada.<br \/>\n&#8211; Proyecte desde computadoras port\u00e1tiles y dispositivos m\u00f3viles.<br \/>\n&#8211; Luminosidad en Color: 3.800 L\u00famenes<br \/>\n&#8211; Luminosidad en Blanco: 3.800 L\u00famenes<br \/>\n&#8211; Relaci\u00f3n de Aspecto: 4:3<br \/>\n&#8211; Tipo de L\u00e1mpara: 210 W UHE<br \/>\n&#8211; Relaci\u00f3n de Contraste: Hasta 16.000:1<br \/>\n&#8211; Procesamiento del Color: 10 bit<br \/>\n&#8211; Reproducci\u00f3n del Color: Hasta 1 bill\u00f3n de colores<\/p>\n","protected":false},"featured_media":23941,"comment_status":"open","ping_status":"closed","template":"","meta":{"jetpack_publicize_message":"","jetpack_publicize_feature_enabled":true,"jetpack_social_post_already_shared":true,"jetpack_social_options":{"image_generator_settings":{"template":"highway","default_image_id":0,"font":"","enabled":false},"version":2}},"pwb-brand":[188],"product_brand":[],"product_cat":[274],"product_tag":[],"class_list":{"0":"post-23931","1":"product","2":"type-product","3":"status-publish","4":"has-post-thumbnail","6":"pwb-brand-epson","7":"product_cat-poyectores","9":"first","10":"instock","11":"taxable","12":"shipping-taxable","13":"purchasable","14":"product-type-simple"},"yoast_head":"<!-- This site is optimized with the Yoast SEO Premium plugin v25.7.1 (Yoast SEO v26.8) - https:\/\/yoast.com\/product\/yoast-seo-premium-wordpress\/ -->\n<title>Proyector 3LCD XGA con Dial HDMI PowerLite 118 Epson - Mivoot<\/title>\n<meta name=\"robots\" content=\"index, follow, max-snippet:-1, max-image-preview:large, max-video-preview:-1\" \/>\n<link rel=\"canonical\" href=\"https:\/\/mivoot.com\/gt\/producto\/proyector-3lcd-xga-con-dial-hdmi-powerlite-118-epson\/\" \/>\n<meta property=\"og:locale\" content=\"es_ES\" \/>\n<meta property=\"og:type\" content=\"article\" \/>\n<meta property=\"og:title\" content=\"Proyector 3LCD XGA con Dial HDMI PowerLite 118 Epson\" \/>\n<meta property=\"og:description\" content=\"- Tecnolog\u00eda 3LCD de 3 chips para el mejor brillo de color de su clase. - Resoluci\u00f3n XGA nativa y relaci\u00f3n de aspecto 4:3. - L\u00e1mpara econ\u00f3mica y duradera. - Funci\u00f3n de moderador. - Conectividad de red avanzada. - Proyecte desde computadoras port\u00e1tiles y dispositivos m\u00f3viles. - Luminosidad en Color: 3.800 L\u00famenes - Luminosidad en Blanco: 3.800 L\u00famenes - Relaci\u00f3n de Aspecto: 4:3 - Tipo de L\u00e1mpara: 210 W UHE - Relaci\u00f3n de Contraste: Hasta 16.000:1 - Procesamiento del Color: 10 bit - Reproducci\u00f3n del Color: Hasta 1 bill\u00f3n de colores\" \/>\n<meta property=\"og:url\" content=\"https:\/\/mivoot.com\/gt\/producto\/proyector-3lcd-xga-con-dial-hdmi-powerlite-118-epson\/\" \/>\n<meta property=\"og:site_name\" content=\"Mivoot\" \/>\n<meta property=\"article:publisher\" content=\"https:\/\/www.facebook.com\/mivootgt\" \/>\n<meta property=\"article:modified_time\" content=\"2024-11-18T16:44:06+00:00\" \/>\n<meta property=\"og:image\" content=\"https:\/\/mivoot.com\/gt\/wp-content\/uploads\/2024\/11\/Powerlite-118-010-scaled.jpg\" \/>\n\t<meta property=\"og:image:width\" content=\"2420\" \/>\n\t<meta property=\"og:image:height\" content=\"2560\" \/>\n\t<meta property=\"og:image:type\" content=\"image\/jpeg\" \/>\n<meta name=\"twitter:card\" content=\"summary_large_image\" \/>\n<meta name=\"twitter:label1\" content=\"Est. reading time\" \/>\n\t<meta name=\"twitter:data1\" content=\"3 minutos\" \/>\n<script type=\"application\/ld+json\" class=\"yoast-schema-graph\">{\"@context\":\"https:\/\/schema.org\",\"@graph\":[{\"@type\":\"WebPage\",\"@id\":\"https:\/\/mivoot.com\/gt\/producto\/proyector-3lcd-xga-con-dial-hdmi-powerlite-118-epson\/\",\"url\":\"https:\/\/mivoot.com\/gt\/producto\/proyector-3lcd-xga-con-dial-hdmi-powerlite-118-epson\/\",\"name\":\"Proyector 3LCD XGA con Dial HDMI PowerLite 118 Epson - Mivoot\",\"isPartOf\":{\"@id\":\"https:\/\/mivoot.com\/gt\/#website\"},\"primaryImageOfPage\":{\"@id\":\"https:\/\/mivoot.com\/gt\/producto\/proyector-3lcd-xga-con-dial-hdmi-powerlite-118-epson\/#primaryimage\"},\"image\":{\"@id\":\"https:\/\/mivoot.com\/gt\/producto\/proyector-3lcd-xga-con-dial-hdmi-powerlite-118-epson\/#primaryimage\"},\"thumbnailUrl\":\"https:\/\/mivoot.com\/gt\/wp-content\/uploads\/2024\/11\/Powerlite-118-010-scaled.jpg\",\"datePublished\":\"2024-11-15T19:30:40+00:00\",\"dateModified\":\"2024-11-18T16:44:06+00:00\",\"breadcrumb\":{\"@id\":\"https:\/\/mivoot.com\/gt\/producto\/proyector-3lcd-xga-con-dial-hdmi-powerlite-118-epson\/#breadcrumb\"},\"inLanguage\":\"es\",\"potentialAction\":[{\"@type\":\"ReadAction\",\"target\":[\"https:\/\/mivoot.com\/gt\/producto\/proyector-3lcd-xga-con-dial-hdmi-powerlite-118-epson\/\"]}]},{\"@type\":\"ImageObject\",\"inLanguage\":\"es\",\"@id\":\"https:\/\/mivoot.com\/gt\/producto\/proyector-3lcd-xga-con-dial-hdmi-powerlite-118-epson\/#primaryimage\",\"url\":\"https:\/\/mivoot.com\/gt\/wp-content\/uploads\/2024\/11\/Powerlite-118-010-scaled.jpg\",\"contentUrl\":\"https:\/\/mivoot.com\/gt\/wp-content\/uploads\/2024\/11\/Powerlite-118-010-scaled.jpg\",\"width\":2420,\"height\":2560},{\"@type\":\"BreadcrumbList\",\"@id\":\"https:\/\/mivoot.com\/gt\/producto\/proyector-3lcd-xga-con-dial-hdmi-powerlite-118-epson\/#breadcrumb\",\"itemListElement\":[{\"@type\":\"ListItem\",\"position\":1,\"name\":\"Inicio\",\"item\":\"https:\/\/mivoot.com\/gt\/\"},{\"@type\":\"ListItem\",\"position\":2,\"name\":\"Productos\",\"item\":\"https:\/\/mivoot.com\/gt\/producto\/\"},{\"@type\":\"ListItem\",\"position\":3,\"name\":\"Epson\",\"item\":\"https:\/\/mivoot.com\/gt\/marca\/epson\/\"},{\"@type\":\"ListItem\",\"position\":4,\"name\":\"Proyector 3LCD XGA con Dial HDMI PowerLite 118 Epson\"}]},{\"@type\":\"WebSite\",\"@id\":\"https:\/\/mivoot.com\/gt\/#website\",\"url\":\"https:\/\/mivoot.com\/gt\/\",\"name\":\"Mivoot\",\"description\":\"Mivoot Guatemala | Tienda Online\",\"publisher\":{\"@id\":\"https:\/\/mivoot.com\/gt\/#organization\"},\"alternateName\":\"mivoot\",\"potentialAction\":[{\"@type\":\"SearchAction\",\"target\":{\"@type\":\"EntryPoint\",\"urlTemplate\":\"https:\/\/mivoot.com\/gt\/?s={search_term_string}\"},\"query-input\":{\"@type\":\"PropertyValueSpecification\",\"valueRequired\":true,\"valueName\":\"search_term_string\"}}],\"inLanguage\":\"es\"},{\"@type\":\"Organization\",\"@id\":\"https:\/\/mivoot.com\/gt\/#organization\",\"name\":\"Mivoot Guatemala\",\"alternateName\":\"mivoot.com\",\"url\":\"https:\/\/mivoot.com\/gt\/\",\"logo\":{\"@type\":\"ImageObject\",\"inLanguage\":\"es\",\"@id\":\"https:\/\/mivoot.com\/gt\/#\/schema\/logo\/image\/\",\"url\":\"https:\/\/mivoot.com\/gt\/wp-content\/uploads\/2023\/03\/cropped-icon.png\",\"contentUrl\":\"https:\/\/mivoot.com\/gt\/wp-content\/uploads\/2023\/03\/cropped-icon.png\",\"width\":512,\"height\":512,\"caption\":\"Mivoot Guatemala\"},\"image\":{\"@id\":\"https:\/\/mivoot.com\/gt\/#\/schema\/logo\/image\/\"},\"sameAs\":[\"https:\/\/www.facebook.com\/mivootgt\",\"https:\/\/instagram.com\/mivoot\"]}]}<\/script>\n<!-- \/ Yoast SEO Premium plugin. -->","yoast_head_json":{"title":"Proyector 3LCD XGA con Dial HDMI PowerLite 118 Epson - Mivoot","robots":{"index":"index","follow":"follow","max-snippet":"max-snippet:-1","max-image-preview":"max-image-preview:large","max-video-preview":"max-video-preview:-1"},"canonical":"https:\/\/mivoot.com\/gt\/producto\/proyector-3lcd-xga-con-dial-hdmi-powerlite-118-epson\/","og_locale":"es_ES","og_type":"article","og_title":"Proyector 3LCD XGA con Dial HDMI PowerLite 118 Epson","og_description":"- Tecnolog\u00eda 3LCD de 3 chips para el mejor brillo de color de su clase. - Resoluci\u00f3n XGA nativa y relaci\u00f3n de aspecto 4:3. - L\u00e1mpara econ\u00f3mica y duradera. - Funci\u00f3n de moderador. - Conectividad de red avanzada. - Proyecte desde computadoras port\u00e1tiles y dispositivos m\u00f3viles. - Luminosidad en Color: 3.800 L\u00famenes - Luminosidad en Blanco: 3.800 L\u00famenes - Relaci\u00f3n de Aspecto: 4:3 - Tipo de L\u00e1mpara: 210 W UHE - Relaci\u00f3n de Contraste: Hasta 16.000:1 - Procesamiento del Color: 10 bit - Reproducci\u00f3n del Color: Hasta 1 bill\u00f3n de colores","og_url":"https:\/\/mivoot.com\/gt\/producto\/proyector-3lcd-xga-con-dial-hdmi-powerlite-118-epson\/","og_site_name":"Mivoot","article_publisher":"https:\/\/www.facebook.com\/mivootgt","article_modified_time":"2024-11-18T16:44:06+00:00","og_image":[{"width":2420,"height":2560,"url":"https:\/\/mivoot.com\/gt\/wp-content\/uploads\/2024\/11\/Powerlite-118-010-scaled.jpg","type":"image\/jpeg"}],"twitter_card":"summary_large_image","twitter_misc":{"Est. reading time":"3 minutos"},"schema":{"@context":"https:\/\/schema.org","@graph":[{"@type":"WebPage","@id":"https:\/\/mivoot.com\/gt\/producto\/proyector-3lcd-xga-con-dial-hdmi-powerlite-118-epson\/","url":"https:\/\/mivoot.com\/gt\/producto\/proyector-3lcd-xga-con-dial-hdmi-powerlite-118-epson\/","name":"Proyector 3LCD XGA con Dial HDMI PowerLite 118 Epson - Mivoot","isPartOf":{"@id":"https:\/\/mivoot.com\/gt\/#website"},"primaryImageOfPage":{"@id":"https:\/\/mivoot.com\/gt\/producto\/proyector-3lcd-xga-con-dial-hdmi-powerlite-118-epson\/#primaryimage"},"image":{"@id":"https:\/\/mivoot.com\/gt\/producto\/proyector-3lcd-xga-con-dial-hdmi-powerlite-118-epson\/#primaryimage"},"thumbnailUrl":"https:\/\/mivoot.com\/gt\/wp-content\/uploads\/2024\/11\/Powerlite-118-010-scaled.jpg","datePublished":"2024-11-15T19:30:40+00:00","dateModified":"2024-11-18T16:44:06+00:00","breadcrumb":{"@id":"https:\/\/mivoot.com\/gt\/producto\/proyector-3lcd-xga-con-dial-hdmi-powerlite-118-epson\/#breadcrumb"},"inLanguage":"es","potentialAction":[{"@type":"ReadAction","target":["https:\/\/mivoot.com\/gt\/producto\/proyector-3lcd-xga-con-dial-hdmi-powerlite-118-epson\/"]}]},{"@type":"ImageObject","inLanguage":"es","@id":"https:\/\/mivoot.com\/gt\/producto\/proyector-3lcd-xga-con-dial-hdmi-powerlite-118-epson\/#primaryimage","url":"https:\/\/mivoot.com\/gt\/wp-content\/uploads\/2024\/11\/Powerlite-118-010-scaled.jpg","contentUrl":"https:\/\/mivoot.com\/gt\/wp-content\/uploads\/2024\/11\/Powerlite-118-010-scaled.jpg","width":2420,"height":2560},{"@type":"BreadcrumbList","@id":"https:\/\/mivoot.com\/gt\/producto\/proyector-3lcd-xga-con-dial-hdmi-powerlite-118-epson\/#breadcrumb","itemListElement":[{"@type":"ListItem","position":1,"name":"Inicio","item":"https:\/\/mivoot.com\/gt\/"},{"@type":"ListItem","position":2,"name":"Productos","item":"https:\/\/mivoot.com\/gt\/producto\/"},{"@type":"ListItem","position":3,"name":"Epson","item":"https:\/\/mivoot.com\/gt\/marca\/epson\/"},{"@type":"ListItem","position":4,"name":"Proyector 3LCD XGA con Dial HDMI PowerLite 118 Epson"}]},{"@type":"WebSite","@id":"https:\/\/mivoot.com\/gt\/#website","url":"https:\/\/mivoot.com\/gt\/","name":"Mivoot","description":"Mivoot Guatemala | Tienda Online","publisher":{"@id":"https:\/\/mivoot.com\/gt\/#organization"},"alternateName":"mivoot","potentialAction":[{"@type":"SearchAction","target":{"@type":"EntryPoint","urlTemplate":"https:\/\/mivoot.com\/gt\/?s={search_term_string}"},"query-input":{"@type":"PropertyValueSpecification","valueRequired":true,"valueName":"search_term_string"}}],"inLanguage":"es"},{"@type":"Organization","@id":"https:\/\/mivoot.com\/gt\/#organization","name":"Mivoot Guatemala","alternateName":"mivoot.com","url":"https:\/\/mivoot.com\/gt\/","logo":{"@type":"ImageObject","inLanguage":"es","@id":"https:\/\/mivoot.com\/gt\/#\/schema\/logo\/image\/","url":"https:\/\/mivoot.com\/gt\/wp-content\/uploads\/2023\/03\/cropped-icon.png","contentUrl":"https:\/\/mivoot.com\/gt\/wp-content\/uploads\/2023\/03\/cropped-icon.png","width":512,"height":512,"caption":"Mivoot Guatemala"},"image":{"@id":"https:\/\/mivoot.com\/gt\/#\/schema\/logo\/image\/"},"sameAs":["https:\/\/www.facebook.com\/mivootgt","https:\/\/instagram.com\/mivoot"]}]}},"jetpack_publicize_connections":[],"jetpack_sharing_enabled":true,"brands":[{"id":188,"name":"Epson","slug":"epson"}],"_links":{"self":[{"href":"https:\/\/mivoot.com\/gt\/wp-json\/wp\/v2\/product\/23931","targetHints":{"allow":["GET"]}}],"collection":[{"href":"https:\/\/mivoot.com\/gt\/wp-json\/wp\/v2\/product"}],"about":[{"href":"https:\/\/mivoot.com\/gt\/wp-json\/wp\/v2\/types\/product"}],"replies":[{"embeddable":true,"href":"https:\/\/mivoot.com\/gt\/wp-json\/wp\/v2\/comments?post=23931"}],"version-history":[{"count":1,"href":"https:\/\/mivoot.com\/gt\/wp-json\/wp\/v2\/product\/23931\/revisions"}],"predecessor-version":[{"id":23942,"href":"https:\/\/mivoot.com\/gt\/wp-json\/wp\/v2\/product\/23931\/revisions\/23942"}],"wp:featuredmedia":[{"embeddable":true,"href":"https:\/\/mivoot.com\/gt\/wp-json\/wp\/v2\/media\/23941"}],"wp:attachment":[{"href":"https:\/\/mivoot.com\/gt\/wp-json\/wp\/v2\/media?parent=23931"}],"wp:term":[{"taxonomy":"pwb-brand","embeddable":true,"href":"https:\/\/mivoot.com\/gt\/wp-json\/wp\/v2\/pwb-brand?post=23931"},{"taxonomy":"product_brand","embeddable":true,"href":"https:\/\/mivoot.com\/gt\/wp-json\/wp\/v2\/product_brand?post=23931"},{"taxonomy":"product_cat","embeddable":true,"href":"https:\/\/mivoot.com\/gt\/wp-json\/wp\/v2\/product_cat?post=23931"},{"taxonomy":"product_tag","embeddable":true,"href":"https:\/\/mivoot.com\/gt\/wp-json\/wp\/v2\/product_tag?post=23931"}],"curies":[{"name":"wp","href":"https:\/\/api.w.org\/{rel}","templated":true}]}}