{"id":24169,"date":"2024-11-26T16:33:18","date_gmt":"2024-11-26T22:33:18","guid":{"rendered":"https:\/\/mivoot.com\/gt\/?post_type=product&#038;p=24169"},"modified":"2024-11-26T16:33:19","modified_gmt":"2024-11-26T22:33:19","slug":"mini-ventilador-recargable-xiaomi","status":"publish","type":"product","link":"https:\/\/mivoot.com\/gt\/producto\/mini-ventilador-recargable-xiaomi\/","title":{"rendered":"Mini Ventilador Recargable Xiaomi"},"content":{"rendered":"<p style=\"text-align: center\"><div class=\"row\"  id=\"row-200379578\">\n<p style=\"text-align: center\">\n\t<div id=\"col-2016084195\" class=\"col medium-1\/4 large-3\"  >\n\t\t<div class=\"col-inner\"  >\n\t\t\t\n\t\t\t\n<div class=\"div16\">\n<h2 class=\"div17\" style=\"text-align: center\"><strong><span class=\"xm-text split_text1295\" data-key=\"overview_1\" data-type=\"text\" data-id=\"ygpk3a0bre\">Ventilador de mano y de escritorio<\/span><\/strong><\/h2>\n<div class=\"div18\" style=\"text-align: center\"><span class=\"xm-text split_text1303\" data-key=\"overview_3\" data-type=\"text\" data-id=\"2prvwiuo9y\"><span>Bater\u00eda de larga duraci\u00f3n de 18,5 h*<\/span><\/span><\/div>\n<\/div>\n<p style=\"text-align: center\">\n\t\t<\/div>\n\t\t\t<\/div>\n\n\t\n\n\t<div id=\"col-347944496\" class=\"col medium-1\/4 large-3\"  >\n\t\t<div class=\"col-inner\"  >\n\t\t\t\n\t\t\t\n<div class=\"div16\">\n<div class=\"div18\"><\/div>\n<\/div>\n<div class=\"div19\">\n<h2 class=\"div20\" style=\"text-align: center\"><strong><span class=\"xm-text split_text1296\" data-key=\"overview_2\" data-type=\"text\" data-id=\"a7orjc3azo\">Trae una brisa refrescante en varios escenarios.<\/span><\/strong><\/h2>\n<div class=\"div21\" style=\"text-align: center\"><span class=\"xm-text split_text1304\" data-key=\"overview_4\" data-type=\"text\" data-id=\"x38fzvl5rl\"><span>Bater\u00eda de 4000 mAh<\/span><\/span><\/div>\n<\/div>\n<p style=\"text-align: center\">\n\t\t<\/div>\n\t\t\t<\/div>\n\n\t\n\n\t<div id=\"col-882563211\" class=\"col medium-1\/4 large-3\"  >\n\t\t<div class=\"col-inner\"  >\n\t\t\t\n\t\t\t\n<div class=\"div22\">\n<h2 class=\"div23\" style=\"text-align: center\"><strong><span class=\"xm-text split_text1297\" data-key=\"overview_5\" data-type=\"text\" data-id=\"p0jdz69030\">Bajo nivel de ruido<\/span><\/strong><\/h2>\n<\/div>\n<div class=\"div25\" style=\"text-align: center\"><span class=\"xm-text split_text1298\" data-key=\"overview_6\" data-type=\"text\" data-id=\"rfr3hwunyk\"><span>Tan bajo como 34dB(A)*<\/span><\/span><\/div>\n<p style=\"text-align: center\">\n\t\t<\/div>\n\t\t\t<\/div>\n\n\t\n\n\t<div id=\"col-533132391\" class=\"col medium-1\/4 large-3\"  >\n\t\t<div class=\"col-inner\"  >\n\t\t\t\n\t\t\t\n<div class=\"div22\">\n<h2 class=\"div24\" style=\"text-align: center\"><strong><span class=\"xm-text split_text1305\" data-key=\"overview_7\" data-type=\"text\" data-id=\"ge82neehtx\">Motor de corriente continua sin escobillas<\/span><\/strong><\/h2>\n<\/div>\n<div class=\"div26\" style=\"text-align: center\"><span class=\"xm-text split_text1306\" data-key=\"overview_8\" data-type=\"text\" data-id=\"vwn4nq302z\"><span>Rendimiento estable y gran potencia.<\/span><\/span><\/div>\n<p style=\"text-align: center\">\n\t\t<\/div>\n\t\t\t<\/div>\n\n\t\n<p style=\"text-align: center\"><\/div>\n<p style=\"text-align: center\"><div class=\"row\"  id=\"row-491290696\">\n<p style=\"text-align: center\">\n\t<div id=\"col-1923714156\" class=\"col medium-1\/4 large-3\"  >\n\t\t<div class=\"col-inner\"  >\n\t\t\t\n\t\t\t\n<div class=\"div27\">\n<h2 class=\"div28\" style=\"text-align: center\"><strong><span class=\"xm-text split_text1299\" data-key=\"overview_9\" data-type=\"text\" data-id=\"le6x9swcvn\">7 cuchillas inspiradas en la naturaleza<\/span><\/strong><\/h2>\n<\/div>\n<div class=\"div30\">\n<div class=\"div31\" style=\"text-align: center\"><span class=\"xm-text split_text1300\" data-key=\"overview_10\" data-type=\"text\" data-id=\"fodi5d3pgx\"><span>Flujo de aire suave y de gran angular<\/span><\/span><\/div>\n<\/div>\n<p style=\"text-align: center\">\n\t\t<\/div>\n\t\t\t<\/div>\n\n\t\n\n\t<div id=\"col-519557399\" class=\"col medium-1\/4 large-3\"  >\n\t\t<div class=\"col-inner\"  >\n\t\t\t\n\t\t\t\n<div class=\"div27\">\n<h2 class=\"div29\" style=\"text-align: center\"><strong><span class=\"xm-text split_text1307\" data-key=\"overview_11\" data-type=\"text\" data-id=\"wyv7su5baw\">Ventilaci\u00f3n gran angular de 90\u00b0*<\/span><\/strong><\/h2>\n<\/div>\n<div class=\"div30\">\n<div class=\"div32\" style=\"text-align: center\"><span class=\"xm-text split_text1308\" data-key=\"overview_12\" data-type=\"text\" data-id=\"fuxi4trvzc\"><span>Oscilaci\u00f3n autom\u00e1tica horizontal<\/span><\/span><\/div>\n<\/div>\n<p style=\"text-align: center\">\n\t\t<\/div>\n\t\t\t<\/div>\n\n\t\n\n\t<div id=\"col-1394461584\" class=\"col medium-1\/4 large-3\"  >\n\t\t<div class=\"col-inner\"  >\n\t\t\t\n\t\t\t\n<div class=\"div33\" style=\"text-align: center\">\n<h2 class=\"div34\"><strong><span class=\"xm-text split_text1301\" data-key=\"overview_13\" data-type=\"text\" data-id=\"p1rfd0j75a\">4 velocidades del viento<\/span><\/strong><\/h2>\n<\/div>\n<div class=\"div36\">\n<div class=\"div37\" style=\"text-align: center\"><span class=\"xm-text split_text1302\" data-key=\"overview_14\" data-type=\"text\" data-id=\"tvuoeztyrs\"><span>Seleccione uno para su mayor comodidad<\/span><\/span><\/div>\n<\/div>\n<p style=\"text-align: center\">\n\t\t<\/div>\n\t\t\t<\/div>\n\n\t\n\n\t<div id=\"col-2079341135\" class=\"col medium-1\/4 large-3\"  >\n\t\t<div class=\"col-inner\"  >\n\t\t\t\n\t\t\t\n<div class=\"div33\">\n<h2 class=\"div35\" style=\"text-align: center\"><strong><span class=\"xm-text split_text1309\" data-key=\"overview_15\" data-type=\"text\" data-id=\"qqsbchaxhd\">Rejilla de malla fina<\/span><\/strong><\/h2>\n<\/div>\n<div class=\"div36\">\n<div class=\"div38\" style=\"text-align: center\"><span class=\"xm-text split_text1310\" data-key=\"overview_16\" data-type=\"text\" data-id=\"3k21ae1dzq\"><span>Combinando la brisa de una manera m\u00e1s segura<\/span><\/span><\/div>\n<\/div>\n<p style=\"text-align: center\">\n\t\t<\/div>\n\t\t\t<\/div>\n\n\t\n<p style=\"text-align: center\"><\/div>\n<p>&nbsp;<\/p>\n<div class=\"div40\">\n<h2 class=\"div41\" style=\"text-align: center\"><strong><span class=\"xm-text split_text1293\" data-key=\"overview_17\" data-type=\"text\" data-id=\"s6z178qzby\">Ya sea en un escritorio o en tu mano Siempre te traer\u00e1 una brisa refrescante<\/span><\/strong><\/h2>\n<div class=\"div42\" style=\"text-align: center\"><span class=\"xm-text split_text1294\" data-key=\"overview_18\" data-type=\"text\" data-id=\"5w95le6tu5\"><span>Este ventilador sin cables, con un di\u00e1metro de chasis de 87 mm* y un peso neto de 0,67 kg*, se puede colocar sobre un escritorio o sostener en la mano, rompiendo realmente las limitaciones de espacio. No ocupa mucho espacio en el escritorio y se puede sostener f\u00e1cilmente en la mano.<\/span><\/span><\/div>\n<div style=\"text-align: center\"><\/div>\n<\/div>\n<div class=\"div43\"><img fetchpriority=\"high\" decoding=\"async\" class=\"xm-img lazy aligncenter\" src=\"https:\/\/i02.appmifile.com\/mi-com-product\/fly-birds\/pc\/xiaomi-rechargeable-mini-fan\/82778a57ae7bb4e6b488eb2cd2a9a795.png\" alt=\"Mini ventilador recargable Xiaomi\" width=\"453\" height=\"305\" data-id=\"s1j1sr4c9f\" data-src=\"https:\/\/i02.appmifile.com\/mi-com-product\/fly-birds\/pc\/xiaomi-rechargeable-mini-fan\/82778a57ae7bb4e6b488eb2cd2a9a795.png\" data-loaded=\"true\" \/><\/div>\n<div class=\"div43\"><img decoding=\"async\" class=\"xm-img lazy aligncenter\" src=\"https:\/\/i02.appmifile.com\/mi-com-product\/fly-birds\/pc\/xiaomi-rechargeable-mini-fan\/502f48b826ccf6a5f7145b5e6cfb2d3d.png\" alt=\"Mini ventilador recargable Xiaomi\" width=\"447\" height=\"303\" data-id=\"3rhredcphm\" data-src=\"https:\/\/i02.appmifile.com\/mi-com-product\/fly-birds\/pc\/xiaomi-rechargeable-mini-fan\/502f48b826ccf6a5f7145b5e6cfb2d3d.png\" data-loaded=\"true\" \/><\/div>\n<div><\/div>\n<div><\/div>\n<div>\n<h2 class=\"div72\" style=\"text-align: center\"><strong><span class=\"xm-text split_text1281\" data-key=\"overview_29\" data-type=\"text\" data-id=\"da6h2ujlip\">Bater\u00eda de larga duraci\u00f3n de 18,5 h Bater\u00eda de alta capacidad de 4000 mAh<\/span><\/strong><\/h2>\n<div class=\"div73\" style=\"text-align: center\"><span class=\"xm-text split_text1282\" data-key=\"overview_30\" data-type=\"text\" data-id=\"5ofsdt380o\"><span>La bater\u00eda incorporada de alta capacidad de 4000 mAh puede satisfacer el uso inal\u00e1mbrico durante mucho tiempo y funciona de forma continua durante 18,5 horas con la configuraci\u00f3n de velocidad 1.<\/span><\/span><\/div>\n<h2 style=\"text-align: center\"><\/h2>\n<\/div>\n<div>\n<h2 class=\"div77\" style=\"text-align: center\"><strong><span class=\"xm-text split_text1276\" data-key=\"overview_31\" data-type=\"text\" data-id=\"8ek6s6qgd4\">Interfaz de carga universal tipo C Carga tu ventilador en cualquier momento<\/span><\/strong><\/h2>\n<div class=\"div78\" style=\"text-align: center\"><span class=\"xm-text split_text1277\" data-key=\"overview_32\" data-type=\"text\" data-id=\"u3qlhhfna5\"><span>La interfaz de carga universal Tipo-C admite m\u00e9todos de carga tanto a trav\u00e9s de bancos de energ\u00eda como de enchufes*.<\/span><\/span><\/div>\n<\/div>\n<h2 style=\"text-align: center\"><\/h2>\n<div>\n<div class=\"div107\">\n<h2 class=\"div108\" style=\"text-align: center\"><strong><span class=\"xm-text split_text1266\" data-key=\"overview_43\" data-type=\"text\" data-id=\"djqh04k3yd\">Oscilaci\u00f3n vertical y horizontal de 90\u00b0 Ventilaci\u00f3n 3D de gran \u00e1ngulo<\/span><\/strong><\/h2>\n<div class=\"div109\" style=\"text-align: center\"><span class=\"xm-text split_text1267\" data-key=\"overview_44\" data-type=\"text\" data-id=\"in8bgrslwc\"><span>El ventilador ofrece una oscilaci\u00f3n vertical y horizontal de 90\u00b0 para permitir que el viento fresco llegue a todos los rincones de tu escritorio.<\/span><\/span><\/div>\n<\/div>\n<div class=\"div110\"><img decoding=\"async\" class=\"xm-img lazy aligncenter\" src=\"https:\/\/i02.appmifile.com\/mi-com-product\/fly-birds\/pc\/xiaomi-rechargeable-mini-fan\/4bf2da73e8af08c7422dd637767b3dfc.png\" alt=\"Mini ventilador recargable Xiaomi\" data-id=\"0v36qa3t0m\" data-src=\"https:\/\/i02.appmifile.com\/mi-com-product\/fly-birds\/pc\/xiaomi-rechargeable-mini-fan\/4bf2da73e8af08c7422dd637767b3dfc.png\" data-loaded=\"true\" \/><img decoding=\"async\" class=\"xm-img lazy aligncenter\" src=\"https:\/\/i02.appmifile.com\/mi-com-product\/fly-birds\/pc\/xiaomi-rechargeable-mini-fan\/551eb30baaeb6e2962d872e93272318a.png\" alt=\"Mini ventilador recargable Xiaomi\" data-id=\"4z6vmaon6s\" data-src=\"https:\/\/i02.appmifile.com\/mi-com-product\/fly-birds\/pc\/xiaomi-rechargeable-mini-fan\/551eb30baaeb6e2962d872e93272318a.png\" data-loaded=\"true\" \/><\/div>\n<\/div>\n<div>\n<div><\/div>\n<h2 class=\"div104\" style=\"text-align: center\"><strong><span class=\"xm-text split_text1268\" data-key=\"overview_41\" data-type=\"text\" data-id=\"0wti3nov8s\">Almohadilla arom\u00e1tica incorporada \u00dasala con tus aromas favoritos para aliviar el estr\u00e9s<\/span><\/strong><\/h2>\n<div class=\"div105\" style=\"text-align: center\"><span class=\"xm-text split_text1269\" data-key=\"overview_42\" data-type=\"text\" data-id=\"iaz7a0cg8z\"><span>Simplemente agregue unas gotas de su aceite esencial favorito* al algod\u00f3n colocado en la protecci\u00f3n frontal del ventilador. Combata el calor del verano impregnando la brisa natural con un aroma relajante, o use un aroma repelente de insectos y duerma profundamente toda la noche.<\/span><\/span><\/div>\n<\/div>\n<div><\/div>\n<div><\/div>\n","protected":false},"excerpt":{"rendered":"<p>&#8211; Ventilador de escritorio y port\u00e1til de doble uso 2 en 1<br \/>\n&#8211; Brisa m\u00e1s suave distribuida a trav\u00e9s de 7 aspas<br \/>\n&#8211; Bater\u00eda de larga duraci\u00f3n de 18,5 h<br \/>\n&#8211; Ventilaci\u00f3n de bajo ruido<br \/>\n&#8211; Peso neto del producto: 0,67 kilos<br \/>\n&#8211; Dimensiones: 170\u00d787\u00d7250mm<br \/>\n&#8211; Tensi\u00f3n nominal: 5 V<br \/>\n&#8211; Potencia nominal: 10 W<br \/>\n&#8211; Ruido: \u2264 48 dB(A)<\/p>\n","protected":false},"featured_media":24172,"comment_status":"open","ping_status":"closed","template":"","meta":{"jetpack_publicize_message":"","jetpack_publicize_feature_enabled":true,"jetpack_social_post_already_shared":true,"jetpack_social_options":{"image_generator_settings":{"template":"highway","default_image_id":0,"font":"","enabled":false},"version":2}},"pwb-brand":[94],"product_brand":[],"product_cat":[289],"product_tag":[],"class_list":{"0":"post-24169","1":"product","2":"type-product","3":"status-publish","4":"has-post-thumbnail","6":"pwb-brand-xiaomi","7":"product_cat-ventiladores-2","9":"first","10":"instock","11":"taxable","12":"shipping-taxable","13":"purchasable","14":"product-type-simple"},"yoast_head":"<!-- This site is optimized with the Yoast SEO Premium plugin v25.7.1 (Yoast SEO v26.8) - https:\/\/yoast.com\/product\/yoast-seo-premium-wordpress\/ -->\n<title>Mini Ventilador Recargable Xiaomi - Mivoot<\/title>\n<meta name=\"robots\" content=\"index, follow, max-snippet:-1, max-image-preview:large, max-video-preview:-1\" \/>\n<link rel=\"canonical\" href=\"https:\/\/mivoot.com\/gt\/producto\/mini-ventilador-recargable-xiaomi\/\" \/>\n<meta property=\"og:locale\" content=\"es_ES\" \/>\n<meta property=\"og:type\" content=\"article\" \/>\n<meta property=\"og:title\" content=\"Mini Ventilador Recargable Xiaomi\" \/>\n<meta property=\"og:description\" content=\"- Ventilador de escritorio y port\u00e1til de doble uso 2 en 1 - Brisa m\u00e1s suave distribuida a trav\u00e9s de 7 aspas - Bater\u00eda de larga duraci\u00f3n de 18,5 h - Ventilaci\u00f3n de bajo ruido - Peso neto del producto: 0,67 kilos - Dimensiones: 170\u00d787\u00d7250mm - Tensi\u00f3n nominal: 5 V - Potencia nominal: 10 W - Ruido: \u2264 48 dB(A)\" \/>\n<meta property=\"og:url\" content=\"https:\/\/mivoot.com\/gt\/producto\/mini-ventilador-recargable-xiaomi\/\" \/>\n<meta property=\"og:site_name\" content=\"Mivoot\" \/>\n<meta property=\"article:publisher\" content=\"https:\/\/www.facebook.com\/mivootgt\" \/>\n<meta property=\"article:modified_time\" content=\"2024-11-26T22:33:19+00:00\" \/>\n<meta property=\"og:image\" content=\"https:\/\/mivoot.com\/gt\/wp-content\/uploads\/2024\/11\/XiaomiZMYDFS01DMRechargeableMiniFan-White_2_1024x.webp\" \/>\n\t<meta property=\"og:image:width\" content=\"1000\" \/>\n\t<meta property=\"og:image:height\" content=\"1000\" \/>\n\t<meta property=\"og:image:type\" content=\"image\/webp\" \/>\n<meta name=\"twitter:card\" content=\"summary_large_image\" \/>\n<meta name=\"twitter:label1\" content=\"Est. reading time\" \/>\n\t<meta name=\"twitter:data1\" content=\"3 minutos\" \/>\n<script type=\"application\/ld+json\" class=\"yoast-schema-graph\">{\"@context\":\"https:\/\/schema.org\",\"@graph\":[{\"@type\":\"WebPage\",\"@id\":\"https:\/\/mivoot.com\/gt\/producto\/mini-ventilador-recargable-xiaomi\/\",\"url\":\"https:\/\/mivoot.com\/gt\/producto\/mini-ventilador-recargable-xiaomi\/\",\"name\":\"Mini Ventilador Recargable Xiaomi - Mivoot\",\"isPartOf\":{\"@id\":\"https:\/\/mivoot.com\/gt\/#website\"},\"primaryImageOfPage\":{\"@id\":\"https:\/\/mivoot.com\/gt\/producto\/mini-ventilador-recargable-xiaomi\/#primaryimage\"},\"image\":{\"@id\":\"https:\/\/mivoot.com\/gt\/producto\/mini-ventilador-recargable-xiaomi\/#primaryimage\"},\"thumbnailUrl\":\"https:\/\/mivoot.com\/gt\/wp-content\/uploads\/2024\/11\/XiaomiZMYDFS01DMRechargeableMiniFan-White_2_1024x.webp\",\"datePublished\":\"2024-11-26T22:33:18+00:00\",\"dateModified\":\"2024-11-26T22:33:19+00:00\",\"breadcrumb\":{\"@id\":\"https:\/\/mivoot.com\/gt\/producto\/mini-ventilador-recargable-xiaomi\/#breadcrumb\"},\"inLanguage\":\"es\",\"potentialAction\":[{\"@type\":\"ReadAction\",\"target\":[\"https:\/\/mivoot.com\/gt\/producto\/mini-ventilador-recargable-xiaomi\/\"]}]},{\"@type\":\"ImageObject\",\"inLanguage\":\"es\",\"@id\":\"https:\/\/mivoot.com\/gt\/producto\/mini-ventilador-recargable-xiaomi\/#primaryimage\",\"url\":\"https:\/\/mivoot.com\/gt\/wp-content\/uploads\/2024\/11\/XiaomiZMYDFS01DMRechargeableMiniFan-White_2_1024x.webp\",\"contentUrl\":\"https:\/\/mivoot.com\/gt\/wp-content\/uploads\/2024\/11\/XiaomiZMYDFS01DMRechargeableMiniFan-White_2_1024x.webp\",\"width\":1000,\"height\":1000},{\"@type\":\"BreadcrumbList\",\"@id\":\"https:\/\/mivoot.com\/gt\/producto\/mini-ventilador-recargable-xiaomi\/#breadcrumb\",\"itemListElement\":[{\"@type\":\"ListItem\",\"position\":1,\"name\":\"Inicio\",\"item\":\"https:\/\/mivoot.com\/gt\/\"},{\"@type\":\"ListItem\",\"position\":2,\"name\":\"Productos\",\"item\":\"https:\/\/mivoot.com\/gt\/producto\/\"},{\"@type\":\"ListItem\",\"position\":3,\"name\":\"Xiaomi\",\"item\":\"https:\/\/mivoot.com\/gt\/marca\/xiaomi\/\"},{\"@type\":\"ListItem\",\"position\":4,\"name\":\"Mini Ventilador Recargable Xiaomi\"}]},{\"@type\":\"WebSite\",\"@id\":\"https:\/\/mivoot.com\/gt\/#website\",\"url\":\"https:\/\/mivoot.com\/gt\/\",\"name\":\"Mivoot\",\"description\":\"Mivoot Guatemala | Tienda Online\",\"publisher\":{\"@id\":\"https:\/\/mivoot.com\/gt\/#organization\"},\"alternateName\":\"mivoot\",\"potentialAction\":[{\"@type\":\"SearchAction\",\"target\":{\"@type\":\"EntryPoint\",\"urlTemplate\":\"https:\/\/mivoot.com\/gt\/?s={search_term_string}\"},\"query-input\":{\"@type\":\"PropertyValueSpecification\",\"valueRequired\":true,\"valueName\":\"search_term_string\"}}],\"inLanguage\":\"es\"},{\"@type\":\"Organization\",\"@id\":\"https:\/\/mivoot.com\/gt\/#organization\",\"name\":\"Mivoot Guatemala\",\"alternateName\":\"mivoot.com\",\"url\":\"https:\/\/mivoot.com\/gt\/\",\"logo\":{\"@type\":\"ImageObject\",\"inLanguage\":\"es\",\"@id\":\"https:\/\/mivoot.com\/gt\/#\/schema\/logo\/image\/\",\"url\":\"https:\/\/mivoot.com\/gt\/wp-content\/uploads\/2023\/03\/cropped-icon.png\",\"contentUrl\":\"https:\/\/mivoot.com\/gt\/wp-content\/uploads\/2023\/03\/cropped-icon.png\",\"width\":512,\"height\":512,\"caption\":\"Mivoot Guatemala\"},\"image\":{\"@id\":\"https:\/\/mivoot.com\/gt\/#\/schema\/logo\/image\/\"},\"sameAs\":[\"https:\/\/www.facebook.com\/mivootgt\",\"https:\/\/instagram.com\/mivoot\"]}]}<\/script>\n<!-- \/ Yoast SEO Premium plugin. -->","yoast_head_json":{"title":"Mini Ventilador Recargable Xiaomi - Mivoot","robots":{"index":"index","follow":"follow","max-snippet":"max-snippet:-1","max-image-preview":"max-image-preview:large","max-video-preview":"max-video-preview:-1"},"canonical":"https:\/\/mivoot.com\/gt\/producto\/mini-ventilador-recargable-xiaomi\/","og_locale":"es_ES","og_type":"article","og_title":"Mini Ventilador Recargable Xiaomi","og_description":"- Ventilador de escritorio y port\u00e1til de doble uso 2 en 1 - Brisa m\u00e1s suave distribuida a trav\u00e9s de 7 aspas - Bater\u00eda de larga duraci\u00f3n de 18,5 h - Ventilaci\u00f3n de bajo ruido - Peso neto del producto: 0,67 kilos - Dimensiones: 170\u00d787\u00d7250mm - Tensi\u00f3n nominal: 5 V - Potencia nominal: 10 W - Ruido: \u2264 48 dB(A)","og_url":"https:\/\/mivoot.com\/gt\/producto\/mini-ventilador-recargable-xiaomi\/","og_site_name":"Mivoot","article_publisher":"https:\/\/www.facebook.com\/mivootgt","article_modified_time":"2024-11-26T22:33:19+00:00","og_image":[{"width":1000,"height":1000,"url":"https:\/\/mivoot.com\/gt\/wp-content\/uploads\/2024\/11\/XiaomiZMYDFS01DMRechargeableMiniFan-White_2_1024x.webp","type":"image\/webp"}],"twitter_card":"summary_large_image","twitter_misc":{"Est. reading time":"3 minutos"},"schema":{"@context":"https:\/\/schema.org","@graph":[{"@type":"WebPage","@id":"https:\/\/mivoot.com\/gt\/producto\/mini-ventilador-recargable-xiaomi\/","url":"https:\/\/mivoot.com\/gt\/producto\/mini-ventilador-recargable-xiaomi\/","name":"Mini Ventilador Recargable Xiaomi - Mivoot","isPartOf":{"@id":"https:\/\/mivoot.com\/gt\/#website"},"primaryImageOfPage":{"@id":"https:\/\/mivoot.com\/gt\/producto\/mini-ventilador-recargable-xiaomi\/#primaryimage"},"image":{"@id":"https:\/\/mivoot.com\/gt\/producto\/mini-ventilador-recargable-xiaomi\/#primaryimage"},"thumbnailUrl":"https:\/\/mivoot.com\/gt\/wp-content\/uploads\/2024\/11\/XiaomiZMYDFS01DMRechargeableMiniFan-White_2_1024x.webp","datePublished":"2024-11-26T22:33:18+00:00","dateModified":"2024-11-26T22:33:19+00:00","breadcrumb":{"@id":"https:\/\/mivoot.com\/gt\/producto\/mini-ventilador-recargable-xiaomi\/#breadcrumb"},"inLanguage":"es","potentialAction":[{"@type":"ReadAction","target":["https:\/\/mivoot.com\/gt\/producto\/mini-ventilador-recargable-xiaomi\/"]}]},{"@type":"ImageObject","inLanguage":"es","@id":"https:\/\/mivoot.com\/gt\/producto\/mini-ventilador-recargable-xiaomi\/#primaryimage","url":"https:\/\/mivoot.com\/gt\/wp-content\/uploads\/2024\/11\/XiaomiZMYDFS01DMRechargeableMiniFan-White_2_1024x.webp","contentUrl":"https:\/\/mivoot.com\/gt\/wp-content\/uploads\/2024\/11\/XiaomiZMYDFS01DMRechargeableMiniFan-White_2_1024x.webp","width":1000,"height":1000},{"@type":"BreadcrumbList","@id":"https:\/\/mivoot.com\/gt\/producto\/mini-ventilador-recargable-xiaomi\/#breadcrumb","itemListElement":[{"@type":"ListItem","position":1,"name":"Inicio","item":"https:\/\/mivoot.com\/gt\/"},{"@type":"ListItem","position":2,"name":"Productos","item":"https:\/\/mivoot.com\/gt\/producto\/"},{"@type":"ListItem","position":3,"name":"Xiaomi","item":"https:\/\/mivoot.com\/gt\/marca\/xiaomi\/"},{"@type":"ListItem","position":4,"name":"Mini Ventilador Recargable Xiaomi"}]},{"@type":"WebSite","@id":"https:\/\/mivoot.com\/gt\/#website","url":"https:\/\/mivoot.com\/gt\/","name":"Mivoot","description":"Mivoot Guatemala | Tienda Online","publisher":{"@id":"https:\/\/mivoot.com\/gt\/#organization"},"alternateName":"mivoot","potentialAction":[{"@type":"SearchAction","target":{"@type":"EntryPoint","urlTemplate":"https:\/\/mivoot.com\/gt\/?s={search_term_string}"},"query-input":{"@type":"PropertyValueSpecification","valueRequired":true,"valueName":"search_term_string"}}],"inLanguage":"es"},{"@type":"Organization","@id":"https:\/\/mivoot.com\/gt\/#organization","name":"Mivoot Guatemala","alternateName":"mivoot.com","url":"https:\/\/mivoot.com\/gt\/","logo":{"@type":"ImageObject","inLanguage":"es","@id":"https:\/\/mivoot.com\/gt\/#\/schema\/logo\/image\/","url":"https:\/\/mivoot.com\/gt\/wp-content\/uploads\/2023\/03\/cropped-icon.png","contentUrl":"https:\/\/mivoot.com\/gt\/wp-content\/uploads\/2023\/03\/cropped-icon.png","width":512,"height":512,"caption":"Mivoot Guatemala"},"image":{"@id":"https:\/\/mivoot.com\/gt\/#\/schema\/logo\/image\/"},"sameAs":["https:\/\/www.facebook.com\/mivootgt","https:\/\/instagram.com\/mivoot"]}]}},"jetpack_publicize_connections":[],"jetpack_sharing_enabled":true,"brands":[{"id":94,"name":"Xiaomi","slug":"xiaomi"}],"_links":{"self":[{"href":"https:\/\/mivoot.com\/gt\/wp-json\/wp\/v2\/product\/24169","targetHints":{"allow":["GET"]}}],"collection":[{"href":"https:\/\/mivoot.com\/gt\/wp-json\/wp\/v2\/product"}],"about":[{"href":"https:\/\/mivoot.com\/gt\/wp-json\/wp\/v2\/types\/product"}],"replies":[{"embeddable":true,"href":"https:\/\/mivoot.com\/gt\/wp-json\/wp\/v2\/comments?post=24169"}],"version-history":[{"count":1,"href":"https:\/\/mivoot.com\/gt\/wp-json\/wp\/v2\/product\/24169\/revisions"}],"predecessor-version":[{"id":24173,"href":"https:\/\/mivoot.com\/gt\/wp-json\/wp\/v2\/product\/24169\/revisions\/24173"}],"wp:featuredmedia":[{"embeddable":true,"href":"https:\/\/mivoot.com\/gt\/wp-json\/wp\/v2\/media\/24172"}],"wp:attachment":[{"href":"https:\/\/mivoot.com\/gt\/wp-json\/wp\/v2\/media?parent=24169"}],"wp:term":[{"taxonomy":"pwb-brand","embeddable":true,"href":"https:\/\/mivoot.com\/gt\/wp-json\/wp\/v2\/pwb-brand?post=24169"},{"taxonomy":"product_brand","embeddable":true,"href":"https:\/\/mivoot.com\/gt\/wp-json\/wp\/v2\/product_brand?post=24169"},{"taxonomy":"product_cat","embeddable":true,"href":"https:\/\/mivoot.com\/gt\/wp-json\/wp\/v2\/product_cat?post=24169"},{"taxonomy":"product_tag","embeddable":true,"href":"https:\/\/mivoot.com\/gt\/wp-json\/wp\/v2\/product_tag?post=24169"}],"curies":[{"name":"wp","href":"https:\/\/api.w.org\/{rel}","templated":true}]}}