{"id":24192,"date":"2024-11-29T08:01:26","date_gmt":"2024-11-29T14:01:26","guid":{"rendered":"https:\/\/mivoot.com\/gt\/?post_type=product&#038;p=24192"},"modified":"2024-11-29T08:01:27","modified_gmt":"2024-11-29T14:01:27","slug":"caja-registradora-electronica-bytech","status":"publish","type":"product","link":"https:\/\/mivoot.com\/gt\/producto\/caja-registradora-electronica-bytech\/","title":{"rendered":"Caja Registradora Electronica Bytech"},"content":{"rendered":"<p><img decoding=\"async\" class=\"aligncenter\" src=\"https:\/\/images.squarespace-cdn.com\/content\/v1\/55d5e81ce4b0b5a18134d9f5\/e986722e-cb51-4d5b-9681-31a7d7fc236e\/Screenshot+2024-11-18+113207.jpg\" \/><\/p>\n<p>Mejora la administraci\u00f3n de tu negocio con la eficiencia y versatilidad de la Caja Registradora Electr\u00f3nica Bytech ECR-PRO. brinda una experiencia de compra transparente y profesional con funcionamiento silencioso asegura una experiencia tranquila, proporciona seguridad adicional para tu efectivo, mientras que la f\u00e1cil gesti\u00f3n con PC, la gesti\u00f3n de existencias y el an\u00e1lisis de beneficios simplifican la administraci\u00f3n de tu negocio.<\/p>\n<ul>\n<li>\n<p class=\"\"><strong>Establezca o edite datos de productos b\u00e1sicos a trav\u00e9s de software para PC con funciones de descarga y carga<\/strong> . Establezca o edite datos de productos b\u00e1sicos a trav\u00e9s de software para PC con funciones de descarga y carga.<\/p>\n<\/li>\n<li>\n<p class=\"\"><strong>Potentes funciones de venta con formas de venta m\u00faltiple y admite cambio de precio, retenci\u00f3n de factura, reembolso, etc.<\/strong> Potentes funciones de venta con formas de venta m\u00faltiple y admite cambio de precio, retenci\u00f3n de factura, reembolso, etc.<\/p>\n<\/li>\n<li>\n<p class=\"\"><strong>Modifique las configuraciones del sistema a trav\u00e9s del software de PC para que la operaci\u00f3n sea m\u00e1s conveniente y clara.<\/strong> Modifique las configuraciones del sistema a trav\u00e9s del software de PC para que la operaci\u00f3n sea m\u00e1s c\u00f3moda y clara.<\/p>\n<\/li>\n<li>\n<p class=\"\"><strong>Potentes funciones de informes ayudan a los usuarios a crear informes en cualquier per\u00edodo de tiempo y en muchas formas \u00fatiles, como informes de PTD, informes de existencias, informes de escasez, informes de configuraci\u00f3n,<\/strong> etc. Potentes funciones de informes ayudan a los usuarios a crear informes en cualquier per\u00edodo de tiempo y en muchas formas \u00fatiles, como informes PTD, informes de existencias, informes de escasez, informes de configuraci\u00f3n, etc.<\/p>\n<\/li>\n<li>\n<p class=\"\"><strong>Funciones de restaurante de apoyo: platos con opci\u00f3n de gustos, funciones de venta de juegos de comidas disponibles.<\/strong> Funciones de restaurante de apoyo: platos con opci\u00f3n de gustos, funciones de venta de juegos de comidas disponibles.<\/p>\n<\/li>\n<\/ul>\n<p><img decoding=\"async\" src=\"https:\/\/images.squarespace-cdn.com\/content\/v1\/55d5e81ce4b0b5a18134d9f5\/c1163af3-421d-4a72-b930-af2ecbaf8db2\/Screenshot-2024-11-18-113245.jpg\" \/><\/p>\n<h4>CARACTERISTICAS<\/h4>\n<ul>\n<li><strong>5 l\u00edneas LCD Operador display<\/strong> \/ Pantalla LCD para operador de 5 l\u00edneas<\/li>\n<li><strong>6 Digit Rear LED customer display<\/strong> \/ Pantalla LED para cliente de 6 d\u00edgitos en la parte posterior<\/li>\n<li><strong>Gesti\u00f3n de stock<\/strong> \/ Gesti\u00f3n de inventario<\/li>\n<li><strong>An\u00e1lisis de resultados<\/strong> \/ An\u00e1lisis de ganancias<\/li>\n<li><strong>Impresi\u00f3n t\u00e9rmica alfanum\u00e9rica, funcionamiento r\u00e1pido y silencioso<\/strong> \/ Impresi\u00f3n t\u00e9rmica alfanum\u00e9rica, r\u00e1pida y silenciosa<\/li>\n<li><strong>Soporta esc\u00e1ner de c\u00f3digo de barras, no incluido<\/strong> \/ Compatible con esc\u00e1ner de c\u00f3digo de barras, no incluido<\/li>\n<li><strong>Seguro, compacto y f\u00e1cil de usar<\/strong> \/ Segura, compacta y f\u00e1cil de usar<\/li>\n<li><strong>Men\u00fas biling\u00fces: ingl\u00e9s y espa\u00f1ol<\/strong> \/ Men\u00fas Biling\u00fces: Ingl\u00e9s y Espa\u00f1ol<\/li>\n<li><strong>F\u00e1cil de gestionar con conexi\u00f3n a PC<\/strong> \/ F\u00e1cil de gestionar con conexi\u00f3n a PC<\/li>\n<li><strong>M\u00faltiples puertos de conexi\u00f3n<\/strong> \/ M\u00faltiples puertos de conexi\u00f3n<\/li>\n<li><strong>Caj\u00f3n de efectivo de 9V equipado con cerradura y llaves<\/strong> \/ Caj\u00f3n de efectivo de 9V equipado con cerradura y llaves<\/li>\n<\/ul>\n<p><img decoding=\"async\" class=\"aligncenter\" src=\"https:\/\/images.squarespace-cdn.com\/content\/v1\/55d5e81ce4b0b5a18134d9f5\/0d5415a7-0cac-422c-b4d4-1a70246d96a5\/Screenshot+2024-11-18+113500.jpg\" \/><\/p>\n","protected":false},"excerpt":{"rendered":"<p>&#8211; Con capacidad para hasta 2 000 PLU&#8217;s<br \/>\n&#8211; 100 identificadores de dependiente<br \/>\n&#8211; Pantalla LCD de 9.4 cm \/ 3.7&#8243; con 5 l\u00edneas<br \/>\n&#8211; Pantalla trasera para tus clientes,<br \/>\n&#8211; Impresi\u00f3n t\u00e9rmica alfanum\u00e9rica de alta velocidad garantiza recibos claros y legibles<br \/>\n&#8211; Compatible con esc\u00e1neres de c\u00f3digos de barras (no incluidos)<br \/>\n&#8211; Caj\u00f3n portamonedas con cerradura y llave incluidas<br \/>\n&#8211; Cuenta con men\u00fas disponibles en espa\u00f1ol e ingl\u00e9s y una CPU-ARM potente.<br \/>\n&#8211; Gesti\u00f3n de stock \/ Gesti\u00f3n de inventario<br \/>\n&#8211; An\u00e1lisis de resultados \/ An\u00e1lisis de ganancias<br \/>\n&#8211; F\u00e1cil de gestionar con conexi\u00f3n a PC \/ F\u00e1cil de gestionar con conexi\u00f3n a PC<br \/>\n&#8211; M\u00faltiples puertos de conexi\u00f3n \/ M\u00faltiples puertos de conexi\u00f3n<\/p>\n","protected":false},"featured_media":24196,"comment_status":"open","ping_status":"closed","template":"","meta":{"jetpack_publicize_message":"","jetpack_publicize_feature_enabled":true,"jetpack_social_post_already_shared":true,"jetpack_social_options":{"image_generator_settings":{"template":"highway","default_image_id":0,"font":"","enabled":false},"version":2}},"pwb-brand":[],"product_brand":[],"product_cat":[310],"product_tag":[],"class_list":{"0":"post-24192","1":"product","2":"type-product","3":"status-publish","4":"has-post-thumbnail","6":"product_cat-cajaregistradora","8":"first","9":"instock","10":"taxable","11":"shipping-taxable","12":"purchasable","13":"product-type-simple"},"yoast_head":"<!-- This site is optimized with the Yoast SEO Premium plugin v25.7.1 (Yoast SEO v26.8) - https:\/\/yoast.com\/product\/yoast-seo-premium-wordpress\/ -->\n<title>Caja Registradora Electronica Bytech - Mivoot<\/title>\n<meta name=\"robots\" content=\"index, follow, max-snippet:-1, max-image-preview:large, max-video-preview:-1\" \/>\n<link rel=\"canonical\" href=\"https:\/\/mivoot.com\/gt\/producto\/caja-registradora-electronica-bytech\/\" \/>\n<meta property=\"og:locale\" content=\"es_ES\" \/>\n<meta property=\"og:type\" content=\"article\" \/>\n<meta property=\"og:title\" content=\"Caja Registradora Electronica Bytech\" \/>\n<meta property=\"og:description\" content=\"- Con capacidad para hasta 2 000 PLU&#039;s  - 100 identificadores de dependiente - Pantalla LCD de 9.4 cm \/ 3.7&quot; con 5 l\u00edneas - Pantalla trasera para tus clientes, - Impresi\u00f3n t\u00e9rmica alfanum\u00e9rica de alta velocidad garantiza recibos claros y legibles  - Compatible con esc\u00e1neres de c\u00f3digos de barras (no incluidos) - Caj\u00f3n portamonedas con cerradura y llave incluidas  - Cuenta con men\u00fas disponibles en espa\u00f1ol e ingl\u00e9s y una CPU-ARM potente. - Gesti\u00f3n de stock \/ Gesti\u00f3n de inventario - An\u00e1lisis de resultados \/ An\u00e1lisis de ganancias - F\u00e1cil de gestionar con conexi\u00f3n a PC \/ F\u00e1cil de gestionar con conexi\u00f3n a PC - M\u00faltiples puertos de conexi\u00f3n \/ M\u00faltiples puertos de conexi\u00f3n\" \/>\n<meta property=\"og:url\" content=\"https:\/\/mivoot.com\/gt\/producto\/caja-registradora-electronica-bytech\/\" \/>\n<meta property=\"og:site_name\" content=\"Mivoot\" \/>\n<meta property=\"article:publisher\" content=\"https:\/\/www.facebook.com\/mivootgt\" \/>\n<meta property=\"article:modified_time\" content=\"2024-11-29T14:01:27+00:00\" \/>\n<meta property=\"og:image\" content=\"https:\/\/mivoot.com\/gt\/wp-content\/uploads\/2024\/11\/bytech-03.jpg\" \/>\n\t<meta property=\"og:image:width\" content=\"1024\" \/>\n\t<meta property=\"og:image:height\" content=\"1024\" \/>\n\t<meta property=\"og:image:type\" content=\"image\/jpeg\" \/>\n<meta name=\"twitter:card\" content=\"summary_large_image\" \/>\n<meta name=\"twitter:label1\" content=\"Est. reading time\" \/>\n\t<meta name=\"twitter:data1\" content=\"3 minutos\" \/>\n<script type=\"application\/ld+json\" class=\"yoast-schema-graph\">{\"@context\":\"https:\/\/schema.org\",\"@graph\":[{\"@type\":\"WebPage\",\"@id\":\"https:\/\/mivoot.com\/gt\/producto\/caja-registradora-electronica-bytech\/\",\"url\":\"https:\/\/mivoot.com\/gt\/producto\/caja-registradora-electronica-bytech\/\",\"name\":\"Caja Registradora Electronica Bytech - Mivoot\",\"isPartOf\":{\"@id\":\"https:\/\/mivoot.com\/gt\/#website\"},\"primaryImageOfPage\":{\"@id\":\"https:\/\/mivoot.com\/gt\/producto\/caja-registradora-electronica-bytech\/#primaryimage\"},\"image\":{\"@id\":\"https:\/\/mivoot.com\/gt\/producto\/caja-registradora-electronica-bytech\/#primaryimage\"},\"thumbnailUrl\":\"https:\/\/mivoot.com\/gt\/wp-content\/uploads\/2024\/11\/bytech-03.jpg\",\"datePublished\":\"2024-11-29T14:01:26+00:00\",\"dateModified\":\"2024-11-29T14:01:27+00:00\",\"breadcrumb\":{\"@id\":\"https:\/\/mivoot.com\/gt\/producto\/caja-registradora-electronica-bytech\/#breadcrumb\"},\"inLanguage\":\"es\",\"potentialAction\":[{\"@type\":\"ReadAction\",\"target\":[\"https:\/\/mivoot.com\/gt\/producto\/caja-registradora-electronica-bytech\/\"]}]},{\"@type\":\"ImageObject\",\"inLanguage\":\"es\",\"@id\":\"https:\/\/mivoot.com\/gt\/producto\/caja-registradora-electronica-bytech\/#primaryimage\",\"url\":\"https:\/\/mivoot.com\/gt\/wp-content\/uploads\/2024\/11\/bytech-03.jpg\",\"contentUrl\":\"https:\/\/mivoot.com\/gt\/wp-content\/uploads\/2024\/11\/bytech-03.jpg\",\"width\":1024,\"height\":1024},{\"@type\":\"BreadcrumbList\",\"@id\":\"https:\/\/mivoot.com\/gt\/producto\/caja-registradora-electronica-bytech\/#breadcrumb\",\"itemListElement\":[{\"@type\":\"ListItem\",\"position\":1,\"name\":\"Inicio\",\"item\":\"https:\/\/mivoot.com\/gt\/\"},{\"@type\":\"ListItem\",\"position\":2,\"name\":\"Productos\",\"item\":\"https:\/\/mivoot.com\/gt\/producto\/\"},{\"@type\":\"ListItem\",\"position\":3,\"name\":\"Caja Registradora Electronica Bytech\"}]},{\"@type\":\"WebSite\",\"@id\":\"https:\/\/mivoot.com\/gt\/#website\",\"url\":\"https:\/\/mivoot.com\/gt\/\",\"name\":\"Mivoot\",\"description\":\"Mivoot Guatemala | Tienda Online\",\"publisher\":{\"@id\":\"https:\/\/mivoot.com\/gt\/#organization\"},\"alternateName\":\"mivoot\",\"potentialAction\":[{\"@type\":\"SearchAction\",\"target\":{\"@type\":\"EntryPoint\",\"urlTemplate\":\"https:\/\/mivoot.com\/gt\/?s={search_term_string}\"},\"query-input\":{\"@type\":\"PropertyValueSpecification\",\"valueRequired\":true,\"valueName\":\"search_term_string\"}}],\"inLanguage\":\"es\"},{\"@type\":\"Organization\",\"@id\":\"https:\/\/mivoot.com\/gt\/#organization\",\"name\":\"Mivoot Guatemala\",\"alternateName\":\"mivoot.com\",\"url\":\"https:\/\/mivoot.com\/gt\/\",\"logo\":{\"@type\":\"ImageObject\",\"inLanguage\":\"es\",\"@id\":\"https:\/\/mivoot.com\/gt\/#\/schema\/logo\/image\/\",\"url\":\"https:\/\/mivoot.com\/gt\/wp-content\/uploads\/2023\/03\/cropped-icon.png\",\"contentUrl\":\"https:\/\/mivoot.com\/gt\/wp-content\/uploads\/2023\/03\/cropped-icon.png\",\"width\":512,\"height\":512,\"caption\":\"Mivoot Guatemala\"},\"image\":{\"@id\":\"https:\/\/mivoot.com\/gt\/#\/schema\/logo\/image\/\"},\"sameAs\":[\"https:\/\/www.facebook.com\/mivootgt\",\"https:\/\/instagram.com\/mivoot\"]}]}<\/script>\n<!-- \/ Yoast SEO Premium plugin. -->","yoast_head_json":{"title":"Caja Registradora Electronica Bytech - Mivoot","robots":{"index":"index","follow":"follow","max-snippet":"max-snippet:-1","max-image-preview":"max-image-preview:large","max-video-preview":"max-video-preview:-1"},"canonical":"https:\/\/mivoot.com\/gt\/producto\/caja-registradora-electronica-bytech\/","og_locale":"es_ES","og_type":"article","og_title":"Caja Registradora Electronica Bytech","og_description":"- Con capacidad para hasta 2 000 PLU's  - 100 identificadores de dependiente - Pantalla LCD de 9.4 cm \/ 3.7\" con 5 l\u00edneas - Pantalla trasera para tus clientes, - Impresi\u00f3n t\u00e9rmica alfanum\u00e9rica de alta velocidad garantiza recibos claros y legibles  - Compatible con esc\u00e1neres de c\u00f3digos de barras (no incluidos) - Caj\u00f3n portamonedas con cerradura y llave incluidas  - Cuenta con men\u00fas disponibles en espa\u00f1ol e ingl\u00e9s y una CPU-ARM potente. - Gesti\u00f3n de stock \/ Gesti\u00f3n de inventario - An\u00e1lisis de resultados \/ An\u00e1lisis de ganancias - F\u00e1cil de gestionar con conexi\u00f3n a PC \/ F\u00e1cil de gestionar con conexi\u00f3n a PC - M\u00faltiples puertos de conexi\u00f3n \/ M\u00faltiples puertos de conexi\u00f3n","og_url":"https:\/\/mivoot.com\/gt\/producto\/caja-registradora-electronica-bytech\/","og_site_name":"Mivoot","article_publisher":"https:\/\/www.facebook.com\/mivootgt","article_modified_time":"2024-11-29T14:01:27+00:00","og_image":[{"width":1024,"height":1024,"url":"https:\/\/mivoot.com\/gt\/wp-content\/uploads\/2024\/11\/bytech-03.jpg","type":"image\/jpeg"}],"twitter_card":"summary_large_image","twitter_misc":{"Est. reading time":"3 minutos"},"schema":{"@context":"https:\/\/schema.org","@graph":[{"@type":"WebPage","@id":"https:\/\/mivoot.com\/gt\/producto\/caja-registradora-electronica-bytech\/","url":"https:\/\/mivoot.com\/gt\/producto\/caja-registradora-electronica-bytech\/","name":"Caja Registradora Electronica Bytech - Mivoot","isPartOf":{"@id":"https:\/\/mivoot.com\/gt\/#website"},"primaryImageOfPage":{"@id":"https:\/\/mivoot.com\/gt\/producto\/caja-registradora-electronica-bytech\/#primaryimage"},"image":{"@id":"https:\/\/mivoot.com\/gt\/producto\/caja-registradora-electronica-bytech\/#primaryimage"},"thumbnailUrl":"https:\/\/mivoot.com\/gt\/wp-content\/uploads\/2024\/11\/bytech-03.jpg","datePublished":"2024-11-29T14:01:26+00:00","dateModified":"2024-11-29T14:01:27+00:00","breadcrumb":{"@id":"https:\/\/mivoot.com\/gt\/producto\/caja-registradora-electronica-bytech\/#breadcrumb"},"inLanguage":"es","potentialAction":[{"@type":"ReadAction","target":["https:\/\/mivoot.com\/gt\/producto\/caja-registradora-electronica-bytech\/"]}]},{"@type":"ImageObject","inLanguage":"es","@id":"https:\/\/mivoot.com\/gt\/producto\/caja-registradora-electronica-bytech\/#primaryimage","url":"https:\/\/mivoot.com\/gt\/wp-content\/uploads\/2024\/11\/bytech-03.jpg","contentUrl":"https:\/\/mivoot.com\/gt\/wp-content\/uploads\/2024\/11\/bytech-03.jpg","width":1024,"height":1024},{"@type":"BreadcrumbList","@id":"https:\/\/mivoot.com\/gt\/producto\/caja-registradora-electronica-bytech\/#breadcrumb","itemListElement":[{"@type":"ListItem","position":1,"name":"Inicio","item":"https:\/\/mivoot.com\/gt\/"},{"@type":"ListItem","position":2,"name":"Productos","item":"https:\/\/mivoot.com\/gt\/producto\/"},{"@type":"ListItem","position":3,"name":"Caja Registradora Electronica Bytech"}]},{"@type":"WebSite","@id":"https:\/\/mivoot.com\/gt\/#website","url":"https:\/\/mivoot.com\/gt\/","name":"Mivoot","description":"Mivoot Guatemala | Tienda Online","publisher":{"@id":"https:\/\/mivoot.com\/gt\/#organization"},"alternateName":"mivoot","potentialAction":[{"@type":"SearchAction","target":{"@type":"EntryPoint","urlTemplate":"https:\/\/mivoot.com\/gt\/?s={search_term_string}"},"query-input":{"@type":"PropertyValueSpecification","valueRequired":true,"valueName":"search_term_string"}}],"inLanguage":"es"},{"@type":"Organization","@id":"https:\/\/mivoot.com\/gt\/#organization","name":"Mivoot Guatemala","alternateName":"mivoot.com","url":"https:\/\/mivoot.com\/gt\/","logo":{"@type":"ImageObject","inLanguage":"es","@id":"https:\/\/mivoot.com\/gt\/#\/schema\/logo\/image\/","url":"https:\/\/mivoot.com\/gt\/wp-content\/uploads\/2023\/03\/cropped-icon.png","contentUrl":"https:\/\/mivoot.com\/gt\/wp-content\/uploads\/2023\/03\/cropped-icon.png","width":512,"height":512,"caption":"Mivoot Guatemala"},"image":{"@id":"https:\/\/mivoot.com\/gt\/#\/schema\/logo\/image\/"},"sameAs":["https:\/\/www.facebook.com\/mivootgt","https:\/\/instagram.com\/mivoot"]}]}},"jetpack_publicize_connections":[],"jetpack_sharing_enabled":true,"brands":[],"_links":{"self":[{"href":"https:\/\/mivoot.com\/gt\/wp-json\/wp\/v2\/product\/24192","targetHints":{"allow":["GET"]}}],"collection":[{"href":"https:\/\/mivoot.com\/gt\/wp-json\/wp\/v2\/product"}],"about":[{"href":"https:\/\/mivoot.com\/gt\/wp-json\/wp\/v2\/types\/product"}],"replies":[{"embeddable":true,"href":"https:\/\/mivoot.com\/gt\/wp-json\/wp\/v2\/comments?post=24192"}],"version-history":[{"count":1,"href":"https:\/\/mivoot.com\/gt\/wp-json\/wp\/v2\/product\/24192\/revisions"}],"predecessor-version":[{"id":24201,"href":"https:\/\/mivoot.com\/gt\/wp-json\/wp\/v2\/product\/24192\/revisions\/24201"}],"wp:featuredmedia":[{"embeddable":true,"href":"https:\/\/mivoot.com\/gt\/wp-json\/wp\/v2\/media\/24196"}],"wp:attachment":[{"href":"https:\/\/mivoot.com\/gt\/wp-json\/wp\/v2\/media?parent=24192"}],"wp:term":[{"taxonomy":"pwb-brand","embeddable":true,"href":"https:\/\/mivoot.com\/gt\/wp-json\/wp\/v2\/pwb-brand?post=24192"},{"taxonomy":"product_brand","embeddable":true,"href":"https:\/\/mivoot.com\/gt\/wp-json\/wp\/v2\/product_brand?post=24192"},{"taxonomy":"product_cat","embeddable":true,"href":"https:\/\/mivoot.com\/gt\/wp-json\/wp\/v2\/product_cat?post=24192"},{"taxonomy":"product_tag","embeddable":true,"href":"https:\/\/mivoot.com\/gt\/wp-json\/wp\/v2\/product_tag?post=24192"}],"curies":[{"name":"wp","href":"https:\/\/api.w.org\/{rel}","templated":true}]}}