{"id":24306,"date":"2024-12-09T11:35:03","date_gmt":"2024-12-09T17:35:03","guid":{"rendered":"https:\/\/mivoot.com\/gt\/?post_type=product&#038;p=24306"},"modified":"2026-02-16T06:55:25","modified_gmt":"2026-02-16T12:55:25","slug":"barra-de-sonido-3-1-cinema-sb580-jbl","status":"publish","type":"product","link":"https:\/\/mivoot.com\/gt\/producto\/barra-de-sonido-3-1-cinema-sb580-jbl\/","title":{"rendered":"Barra de Sonido 3.1 Cinema SB580 JBL"},"content":{"rendered":"<div class=\"et-pro-summary-top\">\n<div class=\"woocommerce-product-details__short-description\">\n<p>La barra de sonido JBL Cinema SB580 ofrece un sonido envolvente Dolby Atmos de 440 W, con graves profundos gracias a su subwoofer inal\u00e1mbrico. F\u00e1cil de instalar, cuenta con HDMI, \u00f3ptica y Bluetooth para disfrutar de m\u00fasica y pel\u00edculas con gran claridad.<\/p>\n<p>La barra de sonido JBL Cinema SB580 ofrece una experiencia auditiva de calidad superior, con un sonido Dolby Atmos\u00ae virtual de 440 vatios en un dise\u00f1o compacto. Gracias a sus tres canales de audio y un subwoofer inal\u00e1mbrico de 130 cm, disfrutar\u00e1s de un sonido envolvente que transforma cada pel\u00edcula y programa.<\/p>\n<p>Adem\u00e1s, el subwoofer produce graves profundos y potentes, lo que agrega una capa extra de emoci\u00f3n a cada escena, elevando a\u00fan m\u00e1s la calidad del audio.<\/p>\n<p>Por otro lado, el canal central dedicado asegura que los di\u00e1logos sean claros y n\u00edtidos, eliminando cualquier dificultad para entender las conversaciones en la pantalla. As\u00ed, ya seas viendo una pel\u00edcula, una serie o un programa de televisi\u00f3n, nunca perder\u00e1s ni una palabra.<\/p>\n<p>La barra de sonido tambi\u00e9n es incre\u00edblemente f\u00e1cil de instalar, gracias a sus m\u00faltiples opciones de conexi\u00f3n, como HDMI ARC, HDMI y \u00f3ptica, lo que te permite elegir la que mejor se adapta a tu televisor.<\/p>\n<p>Adem\u00e1s, el JBL Cinema SB580 es perfecto para cuando tu televisor est\u00e1 apagado. Con su conectividad Bluetooth, puedes usarla para reproducir m\u00fasica, podcasts o cualquier contenido desde tu smartphone, tablet o cualquier dispositivo compatible.<\/p>\n<p>En t\u00e9rminos de especificaciones, la barra ofrece una potencia total de 440 W y una respuesta de frecuencia de 40 Hz a 20 kHz. Tambi\u00e9n incluye un puerto USB para conexiones adicionales, y su sistema Bluetooth 5.3 garantiza una transmisi\u00f3n estable.<\/p>\n<div class=\"row\"  id=\"row-1178534509\">\n\n\t<div id=\"col-654402465\" class=\"col medium-1\/2 large-6\"  >\n\t\t<div class=\"col-inner\"  >\n\t\t\t\n\t\t\t\n<img decoding=\"async\" src=\"https:\/\/www.jbl.com.gt\/on\/demandware.static\/-\/Sites-masterCatalog_Harman\/default\/dwbc3aaf4e\/pdp\/JBL_SOUNDBAR_580_590_VoiceClarity_WEB.png\" alt=\"El controlador de canal central espec\u00edfico proporciona una claridad de voz superior\" \/><\/p>\n\t\t<\/div>\n\t\t\t<\/div>\n\n\t\n\n\t<div id=\"col-1905207386\" class=\"col medium-1\/2 large-6\"  >\n\t\t<div class=\"col-inner\"  >\n\t\t\t\n\t\t\t\n<h3>El controlador de canal central espec\u00edfico proporciona una claridad de voz superior<\/h3>\n<p>Un canal central espec\u00edfico transmite los di\u00e1logos de cine y televisi\u00f3n con una claridad asombrosa. Nunca m\u00e1s te preguntar\u00e1s \u201c\u00bfQu\u00e9 acaban de decir?\u201d .<\/p>\n\t\t<\/div>\n\t\t\t<\/div>\n\n\t\n<\/div>\n<div class=\"row\"  id=\"row-481472840\">\n\n\t<div id=\"col-1232866708\" class=\"col medium-1\/2 large-6\"  >\n\t\t<div class=\"col-inner\"  >\n\t\t\t\n\t\t\t\n<h3>440\u00a0W de potente sonido JBL<\/h3>\n<p>Sonido n\u00edtido y potente para disfrutar de la experiencia envolvente definitiva del cine en casa.<\/p>\n\t\t<\/div>\n\t\t\t<\/div>\n\n\t\n\n\t<div id=\"col-1797925227\" class=\"col medium-1\/2 large-6\"  >\n\t\t<div class=\"col-inner\"  >\n\t\t\t\n\t\t\t\n<img decoding=\"async\" src=\"https:\/\/www.jbl.com.gt\/on\/demandware.static\/-\/Sites-masterCatalog_Harman\/default\/dw916fa996\/pdp\/JBL_CINEMA_SB_580_LIFESTYLE_1_2003472644_x4.png\" alt=\"440\u00a0W de potente sonido JBL\" \/><\/p>\n\t\t<\/div>\n\t\t\t<\/div>\n\n\t\n<\/div>\n<h3>Subwoofer inal\u00e1mbrico para bajos profundos<\/h3>\n<p>Disfruta de bajos profundos e imponentes desde un subwoofer de 16,5\u00a0cm (6,5\u201d) sin la mara\u00f1a de cables adicionales.<\/p>\n<ul>\n<li class=\"spec-row\"><span class=\"spec-key\">Puerto USB<\/span><span class=\"spec-value\">tipo A<\/span><\/li>\n<li class=\"spec-row\"><span class=\"spec-key\">Valor nominal de la entrada USB<\/span><span class=\"spec-value\">5\u00a0V CC, 0,5\u00a0A<\/span><\/li>\n<li class=\"spec-row\"><span class=\"spec-key\">Formato de archivo compatible<\/span><span class=\"spec-value\">mp3<\/span><\/li>\n<li class=\"spec-row\"><span class=\"spec-key\">MP3 Codec<\/span><span class=\"spec-value\">MPEG 1 Capa 2\/3, MPEG 2 Capa 3, MPEG 2.5 Capa 3<\/span><\/li>\n<li class=\"spec-row\"><span class=\"spec-key\">Frecuencia de muestreo de MP3<\/span><span class=\"spec-value\">16 &#8211; 48\u00a0kHz<\/span><\/li>\n<li class=\"spec-row\"><span class=\"spec-key\">Versi\u00f3n Bluetooth<\/span><span class=\"spec-value\">5,3<\/span><\/li>\n<li class=\"spec-row\"><span class=\"spec-key\">Perfil Bluetooth<\/span><span class=\"spec-value\">A2DP 1.3, AVRCP 1.6<\/span><\/li>\n<li class=\"spec-row\"><span class=\"spec-key\">Rango de frecuencia del transmisor Bluetooth<\/span><span class=\"spec-value\">2400\u00a0MHz &#8211; 2483,5\u00a0MHz<\/span><\/li>\n<li class=\"spec-row\"><span class=\"spec-key\">Potencia de transmisi\u00f3n de Bluetooth m\u00e1xima<\/span><span class=\"spec-value\">&lt;10\u00a0dBm (EIRP)<\/span><\/li>\n<li class=\"spec-row\"><span class=\"spec-key\">Modulaci\u00f3n de Bluetooth<\/span><span class=\"spec-value\">GFSK, \u03c0\/4 DQPSK, 8DPSK<\/span><\/li>\n<li class=\"spec-row\"><span class=\"spec-key\">Rango de frecuencia del transmisor inal\u00e1mbrico de 2,4\u00a0G<\/span><span class=\"spec-value\">2402 &#8211; 2481\u00a0MHz<\/span><\/li>\n<li class=\"spec-row\"><span class=\"spec-key\">Potencia del transmisor inal\u00e1mbrico de 2,4\u00a0G:\u00a0&lt;\u00a010\u00a0dBm\u00a0(EIRP)<\/span><span class=\"spec-value\">S\u00ed<\/span><\/li>\n<li class=\"spec-row\"><span class=\"spec-key\">Modulaci\u00f3n inal\u00e1mbrica 2,4\u00a0G<\/span><span class=\"spec-value\">GFSK<\/span><\/li>\n<\/ul>\n<\/div>\n<\/div>\n","protected":false},"excerpt":{"rendered":"<p>&#8211; Sonido Dolby Atmos virtual.<br \/>\n&#8211; Potencia total de 440 W.<br \/>\n&#8211; Altavoz subwoofer inal\u00e1mbrico de 130 cm.<br \/>\n&#8211; Canal central dedicado para di\u00e1logos claros.<br \/>\n-Conexiones HDMI ARC, HDMI y.<br \/>\n&#8211; Conectividad Bluetooth 5.3.<br \/>\n&#8211; Respuesta de frecuencia de 40 Hz a 20 kHz.<br \/>\n&#8211; Puerto USB tipo A.<br \/>\n&#8211; Dise\u00f1o compacto y elegante.<br \/>\n&#8211; Reproducci\u00f3n de m\u00fasica y podcasts por Bluetooth.<br \/>\n&#8211; F\u00e1cil instalaci\u00f3n y configuraci\u00f3n.<br \/>\n&#8211; Compatibilidad con dispositivos de transmisi\u00f3n inal\u00e1mbrica.<br \/>\n&#8211; Dimensiones totales de la barra de sonido (An x Al x P) 950 x 64 x 80 mm<br \/>\n&#8211; Dimensiones del subwoofer (An x Al x P) 200 x 404 x 250 mm<br \/>\n&#8211; Peso de la barra de sonido 2,6 kg<br \/>\n&#8211; Peso del subwoofer 5,7 kg<\/p>\n","protected":false},"featured_media":24316,"comment_status":"open","ping_status":"closed","template":"","meta":{"jetpack_publicize_message":"","jetpack_publicize_feature_enabled":true,"jetpack_social_post_already_shared":true,"jetpack_social_options":{"image_generator_settings":{"template":"highway","default_image_id":0,"font":"","enabled":false},"version":2}},"pwb-brand":[75],"product_brand":[],"product_cat":[338],"product_tag":[],"class_list":{"0":"post-24306","1":"product","2":"type-product","3":"status-publish","4":"has-post-thumbnail","6":"pwb-brand-jbl","7":"product_cat-barras-de-sonido","9":"first","10":"instock","11":"sale","12":"taxable","13":"shipping-taxable","14":"purchasable","15":"product-type-simple"},"yoast_head":"<!-- This site is optimized with the Yoast SEO Premium plugin v25.7.1 (Yoast SEO v26.8) - https:\/\/yoast.com\/product\/yoast-seo-premium-wordpress\/ -->\n<title>Barra de Sonido 3.1 Cinema SB580 JBL - Mivoot<\/title>\n<meta name=\"robots\" content=\"index, follow, max-snippet:-1, max-image-preview:large, max-video-preview:-1\" \/>\n<link rel=\"canonical\" href=\"https:\/\/mivoot.com\/gt\/producto\/barra-de-sonido-3-1-cinema-sb580-jbl\/\" \/>\n<meta property=\"og:locale\" content=\"es_ES\" \/>\n<meta property=\"og:type\" content=\"article\" \/>\n<meta property=\"og:title\" content=\"Barra de Sonido 3.1 Cinema SB580 JBL\" \/>\n<meta property=\"og:description\" content=\"- Sonido Dolby Atmos virtual. - Potencia total de 440 W. - Altavoz subwoofer inal\u00e1mbrico de 130 cm. - Canal central dedicado para di\u00e1logos claros. -Conexiones HDMI ARC, HDMI y. - Conectividad Bluetooth 5.3. - Respuesta de frecuencia de 40 Hz a 20 kHz. - Puerto USB tipo A. - Dise\u00f1o compacto y elegante. - Reproducci\u00f3n de m\u00fasica y podcasts por Bluetooth. - F\u00e1cil instalaci\u00f3n y configuraci\u00f3n. - Compatibilidad con dispositivos de transmisi\u00f3n inal\u00e1mbrica. - Dimensiones totales de la barra de sonido (An x Al x P) 950 x 64 x 80 mm - Dimensiones del subwoofer (An x Al x P) 200 x 404 x 250 mm - Peso de la barra de sonido 2,6 kg - Peso del subwoofer 5,7 kg\" \/>\n<meta property=\"og:url\" content=\"https:\/\/mivoot.com\/gt\/producto\/barra-de-sonido-3-1-cinema-sb580-jbl\/\" \/>\n<meta property=\"og:site_name\" content=\"Mivoot\" \/>\n<meta property=\"article:publisher\" content=\"https:\/\/www.facebook.com\/mivootgt\" \/>\n<meta property=\"article:modified_time\" content=\"2026-02-16T12:55:25+00:00\" \/>\n<meta property=\"og:image\" content=\"https:\/\/mivoot.com\/gt\/wp-content\/uploads\/2024\/12\/JBLSB580BLKAM.png\" \/>\n\t<meta property=\"og:image:width\" content=\"537\" \/>\n\t<meta property=\"og:image:height\" content=\"537\" \/>\n\t<meta property=\"og:image:type\" content=\"image\/png\" \/>\n<meta name=\"twitter:card\" content=\"summary_large_image\" \/>\n<meta name=\"twitter:label1\" content=\"Est. reading time\" \/>\n\t<meta name=\"twitter:data1\" content=\"3 minutos\" \/>\n<script type=\"application\/ld+json\" class=\"yoast-schema-graph\">{\"@context\":\"https:\/\/schema.org\",\"@graph\":[{\"@type\":\"WebPage\",\"@id\":\"https:\/\/mivoot.com\/gt\/producto\/barra-de-sonido-3-1-cinema-sb580-jbl\/\",\"url\":\"https:\/\/mivoot.com\/gt\/producto\/barra-de-sonido-3-1-cinema-sb580-jbl\/\",\"name\":\"Barra de Sonido 3.1 Cinema SB580 JBL - Mivoot\",\"isPartOf\":{\"@id\":\"https:\/\/mivoot.com\/gt\/#website\"},\"primaryImageOfPage\":{\"@id\":\"https:\/\/mivoot.com\/gt\/producto\/barra-de-sonido-3-1-cinema-sb580-jbl\/#primaryimage\"},\"image\":{\"@id\":\"https:\/\/mivoot.com\/gt\/producto\/barra-de-sonido-3-1-cinema-sb580-jbl\/#primaryimage\"},\"thumbnailUrl\":\"https:\/\/mivoot.com\/gt\/wp-content\/uploads\/2024\/12\/JBLSB580BLKAM.png\",\"datePublished\":\"2024-12-09T17:35:03+00:00\",\"dateModified\":\"2026-02-16T12:55:25+00:00\",\"breadcrumb\":{\"@id\":\"https:\/\/mivoot.com\/gt\/producto\/barra-de-sonido-3-1-cinema-sb580-jbl\/#breadcrumb\"},\"inLanguage\":\"es\",\"potentialAction\":[{\"@type\":\"ReadAction\",\"target\":[\"https:\/\/mivoot.com\/gt\/producto\/barra-de-sonido-3-1-cinema-sb580-jbl\/\"]}]},{\"@type\":\"ImageObject\",\"inLanguage\":\"es\",\"@id\":\"https:\/\/mivoot.com\/gt\/producto\/barra-de-sonido-3-1-cinema-sb580-jbl\/#primaryimage\",\"url\":\"https:\/\/mivoot.com\/gt\/wp-content\/uploads\/2024\/12\/JBLSB580BLKAM.png\",\"contentUrl\":\"https:\/\/mivoot.com\/gt\/wp-content\/uploads\/2024\/12\/JBLSB580BLKAM.png\",\"width\":537,\"height\":537},{\"@type\":\"BreadcrumbList\",\"@id\":\"https:\/\/mivoot.com\/gt\/producto\/barra-de-sonido-3-1-cinema-sb580-jbl\/#breadcrumb\",\"itemListElement\":[{\"@type\":\"ListItem\",\"position\":1,\"name\":\"Inicio\",\"item\":\"https:\/\/mivoot.com\/gt\/\"},{\"@type\":\"ListItem\",\"position\":2,\"name\":\"Productos\",\"item\":\"https:\/\/mivoot.com\/gt\/producto\/\"},{\"@type\":\"ListItem\",\"position\":3,\"name\":\"JBL\",\"item\":\"https:\/\/mivoot.com\/gt\/marca\/jbl\/\"},{\"@type\":\"ListItem\",\"position\":4,\"name\":\"Barra de Sonido 3.1 Cinema SB580 JBL\"}]},{\"@type\":\"WebSite\",\"@id\":\"https:\/\/mivoot.com\/gt\/#website\",\"url\":\"https:\/\/mivoot.com\/gt\/\",\"name\":\"Mivoot\",\"description\":\"Mivoot Guatemala | Tienda Online\",\"publisher\":{\"@id\":\"https:\/\/mivoot.com\/gt\/#organization\"},\"alternateName\":\"mivoot\",\"potentialAction\":[{\"@type\":\"SearchAction\",\"target\":{\"@type\":\"EntryPoint\",\"urlTemplate\":\"https:\/\/mivoot.com\/gt\/?s={search_term_string}\"},\"query-input\":{\"@type\":\"PropertyValueSpecification\",\"valueRequired\":true,\"valueName\":\"search_term_string\"}}],\"inLanguage\":\"es\"},{\"@type\":\"Organization\",\"@id\":\"https:\/\/mivoot.com\/gt\/#organization\",\"name\":\"Mivoot Guatemala\",\"alternateName\":\"mivoot.com\",\"url\":\"https:\/\/mivoot.com\/gt\/\",\"logo\":{\"@type\":\"ImageObject\",\"inLanguage\":\"es\",\"@id\":\"https:\/\/mivoot.com\/gt\/#\/schema\/logo\/image\/\",\"url\":\"https:\/\/mivoot.com\/gt\/wp-content\/uploads\/2023\/03\/cropped-icon.png\",\"contentUrl\":\"https:\/\/mivoot.com\/gt\/wp-content\/uploads\/2023\/03\/cropped-icon.png\",\"width\":512,\"height\":512,\"caption\":\"Mivoot Guatemala\"},\"image\":{\"@id\":\"https:\/\/mivoot.com\/gt\/#\/schema\/logo\/image\/\"},\"sameAs\":[\"https:\/\/www.facebook.com\/mivootgt\",\"https:\/\/instagram.com\/mivoot\"]}]}<\/script>\n<!-- \/ Yoast SEO Premium plugin. -->","yoast_head_json":{"title":"Barra de Sonido 3.1 Cinema SB580 JBL - Mivoot","robots":{"index":"index","follow":"follow","max-snippet":"max-snippet:-1","max-image-preview":"max-image-preview:large","max-video-preview":"max-video-preview:-1"},"canonical":"https:\/\/mivoot.com\/gt\/producto\/barra-de-sonido-3-1-cinema-sb580-jbl\/","og_locale":"es_ES","og_type":"article","og_title":"Barra de Sonido 3.1 Cinema SB580 JBL","og_description":"- Sonido Dolby Atmos virtual. - Potencia total de 440 W. - Altavoz subwoofer inal\u00e1mbrico de 130 cm. - Canal central dedicado para di\u00e1logos claros. -Conexiones HDMI ARC, HDMI y. - Conectividad Bluetooth 5.3. - Respuesta de frecuencia de 40 Hz a 20 kHz. - Puerto USB tipo A. - Dise\u00f1o compacto y elegante. - Reproducci\u00f3n de m\u00fasica y podcasts por Bluetooth. - F\u00e1cil instalaci\u00f3n y configuraci\u00f3n. - Compatibilidad con dispositivos de transmisi\u00f3n inal\u00e1mbrica. - Dimensiones totales de la barra de sonido (An x Al x P) 950 x 64 x 80 mm - Dimensiones del subwoofer (An x Al x P) 200 x 404 x 250 mm - Peso de la barra de sonido 2,6 kg - Peso del subwoofer 5,7 kg","og_url":"https:\/\/mivoot.com\/gt\/producto\/barra-de-sonido-3-1-cinema-sb580-jbl\/","og_site_name":"Mivoot","article_publisher":"https:\/\/www.facebook.com\/mivootgt","article_modified_time":"2026-02-16T12:55:25+00:00","og_image":[{"width":537,"height":537,"url":"https:\/\/mivoot.com\/gt\/wp-content\/uploads\/2024\/12\/JBLSB580BLKAM.png","type":"image\/png"}],"twitter_card":"summary_large_image","twitter_misc":{"Est. reading time":"3 minutos"},"schema":{"@context":"https:\/\/schema.org","@graph":[{"@type":"WebPage","@id":"https:\/\/mivoot.com\/gt\/producto\/barra-de-sonido-3-1-cinema-sb580-jbl\/","url":"https:\/\/mivoot.com\/gt\/producto\/barra-de-sonido-3-1-cinema-sb580-jbl\/","name":"Barra de Sonido 3.1 Cinema SB580 JBL - Mivoot","isPartOf":{"@id":"https:\/\/mivoot.com\/gt\/#website"},"primaryImageOfPage":{"@id":"https:\/\/mivoot.com\/gt\/producto\/barra-de-sonido-3-1-cinema-sb580-jbl\/#primaryimage"},"image":{"@id":"https:\/\/mivoot.com\/gt\/producto\/barra-de-sonido-3-1-cinema-sb580-jbl\/#primaryimage"},"thumbnailUrl":"https:\/\/mivoot.com\/gt\/wp-content\/uploads\/2024\/12\/JBLSB580BLKAM.png","datePublished":"2024-12-09T17:35:03+00:00","dateModified":"2026-02-16T12:55:25+00:00","breadcrumb":{"@id":"https:\/\/mivoot.com\/gt\/producto\/barra-de-sonido-3-1-cinema-sb580-jbl\/#breadcrumb"},"inLanguage":"es","potentialAction":[{"@type":"ReadAction","target":["https:\/\/mivoot.com\/gt\/producto\/barra-de-sonido-3-1-cinema-sb580-jbl\/"]}]},{"@type":"ImageObject","inLanguage":"es","@id":"https:\/\/mivoot.com\/gt\/producto\/barra-de-sonido-3-1-cinema-sb580-jbl\/#primaryimage","url":"https:\/\/mivoot.com\/gt\/wp-content\/uploads\/2024\/12\/JBLSB580BLKAM.png","contentUrl":"https:\/\/mivoot.com\/gt\/wp-content\/uploads\/2024\/12\/JBLSB580BLKAM.png","width":537,"height":537},{"@type":"BreadcrumbList","@id":"https:\/\/mivoot.com\/gt\/producto\/barra-de-sonido-3-1-cinema-sb580-jbl\/#breadcrumb","itemListElement":[{"@type":"ListItem","position":1,"name":"Inicio","item":"https:\/\/mivoot.com\/gt\/"},{"@type":"ListItem","position":2,"name":"Productos","item":"https:\/\/mivoot.com\/gt\/producto\/"},{"@type":"ListItem","position":3,"name":"JBL","item":"https:\/\/mivoot.com\/gt\/marca\/jbl\/"},{"@type":"ListItem","position":4,"name":"Barra de Sonido 3.1 Cinema SB580 JBL"}]},{"@type":"WebSite","@id":"https:\/\/mivoot.com\/gt\/#website","url":"https:\/\/mivoot.com\/gt\/","name":"Mivoot","description":"Mivoot Guatemala | Tienda Online","publisher":{"@id":"https:\/\/mivoot.com\/gt\/#organization"},"alternateName":"mivoot","potentialAction":[{"@type":"SearchAction","target":{"@type":"EntryPoint","urlTemplate":"https:\/\/mivoot.com\/gt\/?s={search_term_string}"},"query-input":{"@type":"PropertyValueSpecification","valueRequired":true,"valueName":"search_term_string"}}],"inLanguage":"es"},{"@type":"Organization","@id":"https:\/\/mivoot.com\/gt\/#organization","name":"Mivoot Guatemala","alternateName":"mivoot.com","url":"https:\/\/mivoot.com\/gt\/","logo":{"@type":"ImageObject","inLanguage":"es","@id":"https:\/\/mivoot.com\/gt\/#\/schema\/logo\/image\/","url":"https:\/\/mivoot.com\/gt\/wp-content\/uploads\/2023\/03\/cropped-icon.png","contentUrl":"https:\/\/mivoot.com\/gt\/wp-content\/uploads\/2023\/03\/cropped-icon.png","width":512,"height":512,"caption":"Mivoot Guatemala"},"image":{"@id":"https:\/\/mivoot.com\/gt\/#\/schema\/logo\/image\/"},"sameAs":["https:\/\/www.facebook.com\/mivootgt","https:\/\/instagram.com\/mivoot"]}]}},"jetpack_publicize_connections":[],"jetpack_sharing_enabled":true,"brands":[{"id":75,"name":"JBL","slug":"jbl"}],"_links":{"self":[{"href":"https:\/\/mivoot.com\/gt\/wp-json\/wp\/v2\/product\/24306","targetHints":{"allow":["GET"]}}],"collection":[{"href":"https:\/\/mivoot.com\/gt\/wp-json\/wp\/v2\/product"}],"about":[{"href":"https:\/\/mivoot.com\/gt\/wp-json\/wp\/v2\/types\/product"}],"replies":[{"embeddable":true,"href":"https:\/\/mivoot.com\/gt\/wp-json\/wp\/v2\/comments?post=24306"}],"version-history":[{"count":4,"href":"https:\/\/mivoot.com\/gt\/wp-json\/wp\/v2\/product\/24306\/revisions"}],"predecessor-version":[{"id":24319,"href":"https:\/\/mivoot.com\/gt\/wp-json\/wp\/v2\/product\/24306\/revisions\/24319"}],"wp:featuredmedia":[{"embeddable":true,"href":"https:\/\/mivoot.com\/gt\/wp-json\/wp\/v2\/media\/24316"}],"wp:attachment":[{"href":"https:\/\/mivoot.com\/gt\/wp-json\/wp\/v2\/media?parent=24306"}],"wp:term":[{"taxonomy":"pwb-brand","embeddable":true,"href":"https:\/\/mivoot.com\/gt\/wp-json\/wp\/v2\/pwb-brand?post=24306"},{"taxonomy":"product_brand","embeddable":true,"href":"https:\/\/mivoot.com\/gt\/wp-json\/wp\/v2\/product_brand?post=24306"},{"taxonomy":"product_cat","embeddable":true,"href":"https:\/\/mivoot.com\/gt\/wp-json\/wp\/v2\/product_cat?post=24306"},{"taxonomy":"product_tag","embeddable":true,"href":"https:\/\/mivoot.com\/gt\/wp-json\/wp\/v2\/product_tag?post=24306"}],"curies":[{"name":"wp","href":"https:\/\/api.w.org\/{rel}","templated":true}]}}