{"id":24556,"date":"2025-01-02T18:48:13","date_gmt":"2025-01-03T00:48:13","guid":{"rendered":"https:\/\/mivoot.com\/gt\/?post_type=product&#038;p=24556"},"modified":"2025-01-16T17:31:52","modified_gmt":"2025-01-16T23:31:52","slug":"ventilador-de-piso-industrial-de-20-2-en-1-navia","status":"publish","type":"product","link":"https:\/\/mivoot.com\/gt\/producto\/ventilador-de-piso-industrial-de-20-2-en-1-navia\/","title":{"rendered":"Ventilador de Piso Industrial de 20&#8243; 2 en 1 Vortex Navia"},"content":{"rendered":"<p>Este ventilador es ideal para piso y pared, ya que incluye un soporte. Se complementa con tres velocidades perfecto para olvidarte del calor. Acceso f\u00e1cil a los controles y c\u00f3modo desplazamiento de aire, brindan un mayor confort sin limitar el desempe\u00f1o.<\/p>\n<ul>\n<li>Incorpora lo principal en un ventilador: un motor robusto y unas aspas aerodin\u00e1micas de alto desempe\u00f1o.<\/li>\n<\/ul>\n<p><img decoding=\"async\" src=\"https:\/\/static.wixstatic.com\/media\/376773_da12c6381c094a6ab69a5755910eea25~mv2.png\/v1\/fill\/w_114,h_72,al_c,q_85,usm_0.66_1.00_0.01,enc_auto\/Recurso%2014mdpi.png\" alt=\"Recurso 14mdpi.png\" \/>\u00a0 \u00a0 \u00a0 \u00a0 \u00a0 \u00a0 <img decoding=\"async\" src=\"https:\/\/static.wixstatic.com\/media\/376773_fec637fd9b004f0e845624e71655beb2~mv2.png\/v1\/fill\/w_130,h_135,al_c,q_85,usm_0.66_1.00_0.01,enc_auto\/Recurso%2015mdpi.png\" alt=\"Recurso 15mdpi.png\" \/>\u00a0 \u00a0 \u00a0 \u00a0 <img decoding=\"async\" src=\"https:\/\/static.wixstatic.com\/media\/7ff6db_82e55fe4ab55408d8876419b33ebcb01.png\/v1\/fill\/w_115,h_121,al_c,lg_1,q_85,enc_auto\/7ff6db_82e55fe4ab55408d8876419b33ebcb01.png\" alt=\"3 velocidades accesibles desde el control remoto o desde \" \/>\u00a0 \u00a0 \u00a0 \u00a0 \u00a0 <img decoding=\"async\" src=\"https:\/\/static.wixstatic.com\/media\/376773_5a6cea3bdf3040ada149dc8b12204190~mv2.png\/v1\/fill\/w_115,h_72,al_c,q_85,usm_0.66_1.00_0.01,enc_auto\/Recurso%2016mdpi.png\" alt=\"Recurso 16mdpi.png\" \/>\u00a0 \u00a0 \u00a0 \u00a0 \u00a0 \u00a0 \u00a0 \u00a0<img decoding=\"async\" src=\"https:\/\/static.wixstatic.com\/media\/376773_96be79bbba0f4ad69ef7998214b098ef~mv2.png\/v1\/fill\/w_260,h_72,al_c,lg_1,q_85,enc_auto\/Recurso%2017mdpi.png\" alt=\"Recurso 17mdpi.png\" \/><\/p>\n<p>&nbsp;<\/p>\n<ul>\n<li>&#8211; Incorpora lo principal en un ventilador: un motor robusto y unas aspas aerodin\u00e1micas de alto desempe\u00f1o.\u200b<\/li>\n<li>Base de tubo met\u00e1lico para un buen soporte.<\/li>\n<li>\u00a0Aspas altamente aerodin\u00e1micas que desplazan altos vol\u00famenes de aire con gran fuerza.<\/li>\n<li>Larga durabilidad por su alta calidad en construcci\u00f3n ya que cuenta con un motor con rotaci\u00f3n embalerada.<\/li>\n<li>F\u00e1cil de Montar y desmontar a la pared.<\/li>\n<li>Gran desplazamiento de aire 92 m3\/min.<\/li>\n<\/ul>\n<p><img fetchpriority=\"high\" decoding=\"async\" class=\"size-full wp-image-24563 aligncenter\" src=\"https:\/\/mivoot.com\/gt\/wp-content\/uploads\/2025\/01\/CFV-M020.png\" alt=\"\" width=\"967\" height=\"583\" srcset=\"https:\/\/mivoot.com\/gt\/wp-content\/uploads\/2025\/01\/CFV-M020.png 967w, https:\/\/mivoot.com\/gt\/wp-content\/uploads\/2025\/01\/CFV-M020-410x247.png 410w, https:\/\/mivoot.com\/gt\/wp-content\/uploads\/2025\/01\/CFV-M020-64x39.png 64w, https:\/\/mivoot.com\/gt\/wp-content\/uploads\/2025\/01\/CFV-M020-300x181.png 300w, https:\/\/mivoot.com\/gt\/wp-content\/uploads\/2025\/01\/CFV-M020-768x463.png 768w, https:\/\/mivoot.com\/gt\/wp-content\/uploads\/2025\/01\/CFV-M020-600x362.png 600w\" sizes=\"(max-width: 967px) 100vw, 967px\" \/><\/p>\n<p><img decoding=\"async\" src=\"https:\/\/m.media-amazon.com\/images\/I\/7107bI3H-YL._AC_SL1200_.jpg\" \/><img decoding=\"async\" src=\"https:\/\/m.media-amazon.com\/images\/I\/71YqR7tjLKL._AC_SL1200_.jpg\" \/><img decoding=\"async\" src=\"https:\/\/m.media-amazon.com\/images\/I\/71y6yC4mknL._AC_SL1200_.jpg\" \/><img decoding=\"async\" src=\"https:\/\/m.media-amazon.com\/images\/I\/51RRYVEFLvL._AC_SL1200_.jpg\" \/><img decoding=\"async\" src=\"https:\/\/m.media-amazon.com\/images\/I\/612S5QqqpKL._AC_SL1200_.jpg\" \/><\/p>\n<p>&nbsp;<\/p>\n","protected":false},"excerpt":{"rendered":"<p>&#8211; Ventilador Industrial De 20 Pulgadas.<br \/>\n&#8211; Dise\u00f1o de 3 Velocidades.<br \/>\n&#8211; Potencia: 114 W<br \/>\n&#8211; Frecuencia: 60 Hz<br \/>\n&#8211; Este ventilador es ideal para piso y pared, ya que incluye un soporte.<br \/>\n&#8211; F\u00e1cil de Montar y desmontar a la pared.<br \/>\n&#8211; Base de tubo.<br \/>\n&#8211; Aspas Aerodin\u00e1micas.<br \/>\n&#8211; Se complementa con tres velocidades perfecto para olvidarte del calor.<br \/>\n&#8211; Tensi\u00f3n: 127 V~ 112,39 Wh<br \/>\n&#8211; Gran desplazamiento de aire: 92 m3\/min.<br \/>\n&#8211; Acceso f\u00e1cil a los controles y c\u00f3modo desplazamiento de aire, brindan un mayor confort sin limitar el desempe\u00f1o.<\/p>\n<p>&#8211; Dimensiones: Altura: 61 cm, Ancho: 27 cm, Profundo: 58 cm.<\/p>\n","protected":false},"featured_media":24564,"comment_status":"open","ping_status":"closed","template":"","meta":{"jetpack_publicize_message":"","jetpack_publicize_feature_enabled":true,"jetpack_social_post_already_shared":true,"jetpack_social_options":{"image_generator_settings":{"template":"highway","default_image_id":0,"font":"","enabled":false},"version":2}},"pwb-brand":[373],"product_brand":[],"product_cat":[289],"product_tag":[],"class_list":{"0":"post-24556","1":"product","2":"type-product","3":"status-publish","4":"has-post-thumbnail","6":"pwb-brand-navia","7":"product_cat-ventiladores-2","9":"first","10":"instock","11":"taxable","12":"shipping-taxable","13":"purchasable","14":"product-type-simple"},"yoast_head":"<!-- This site is optimized with the Yoast SEO Premium plugin v25.7.1 (Yoast SEO v26.8) - https:\/\/yoast.com\/product\/yoast-seo-premium-wordpress\/ -->\n<title>Ventilador de Piso Industrial de 20&quot; 2 en 1 Vortex Navia - Mivoot<\/title>\n<meta name=\"robots\" content=\"index, follow, max-snippet:-1, max-image-preview:large, max-video-preview:-1\" \/>\n<link rel=\"canonical\" href=\"https:\/\/mivoot.com\/gt\/producto\/ventilador-de-piso-industrial-de-20-2-en-1-navia\/\" \/>\n<meta property=\"og:locale\" content=\"es_ES\" \/>\n<meta property=\"og:type\" content=\"article\" \/>\n<meta property=\"og:title\" content=\"Ventilador de Piso Industrial de 20&quot; 2 en 1 Vortex Navia\" \/>\n<meta property=\"og:description\" content=\"- Ventilador Industrial De 20 Pulgadas. - Dise\u00f1o de 3 Velocidades. - Potencia: 114 W - Frecuencia: 60 Hz - Este ventilador es ideal para piso y pared, ya que incluye un soporte. - F\u00e1cil de Montar y desmontar a la pared. - Base de tubo. - Aspas Aerodin\u00e1micas. - Se complementa con tres velocidades perfecto para olvidarte del calor. - Tensi\u00f3n: 127 V~ 112,39 Wh - Gran desplazamiento de aire: 92 m3\/min. - Acceso f\u00e1cil a los controles y c\u00f3modo desplazamiento de aire, brindan un mayor confort sin limitar el desempe\u00f1o.  - Dimensiones: Altura: 61 cm, Ancho: 27 cm, Profundo: 58 cm.\" \/>\n<meta property=\"og:url\" content=\"https:\/\/mivoot.com\/gt\/producto\/ventilador-de-piso-industrial-de-20-2-en-1-navia\/\" \/>\n<meta property=\"og:site_name\" content=\"Mivoot\" \/>\n<meta property=\"article:publisher\" content=\"https:\/\/www.facebook.com\/mivootgt\" \/>\n<meta property=\"article:modified_time\" content=\"2025-01-16T23:31:52+00:00\" \/>\n<meta property=\"og:image\" content=\"https:\/\/mivoot.com\/gt\/wp-content\/uploads\/2025\/01\/CFV-M020-00.webp\" \/>\n\t<meta property=\"og:image:width\" content=\"738\" \/>\n\t<meta property=\"og:image:height\" content=\"738\" \/>\n\t<meta property=\"og:image:type\" content=\"image\/webp\" \/>\n<meta name=\"twitter:card\" content=\"summary_large_image\" \/>\n<meta name=\"twitter:label1\" content=\"Est. reading time\" \/>\n\t<meta name=\"twitter:data1\" content=\"3 minutos\" \/>\n<script type=\"application\/ld+json\" class=\"yoast-schema-graph\">{\"@context\":\"https:\/\/schema.org\",\"@graph\":[{\"@type\":\"WebPage\",\"@id\":\"https:\/\/mivoot.com\/gt\/producto\/ventilador-de-piso-industrial-de-20-2-en-1-navia\/\",\"url\":\"https:\/\/mivoot.com\/gt\/producto\/ventilador-de-piso-industrial-de-20-2-en-1-navia\/\",\"name\":\"Ventilador de Piso Industrial de 20\\\" 2 en 1 Vortex Navia - Mivoot\",\"isPartOf\":{\"@id\":\"https:\/\/mivoot.com\/gt\/#website\"},\"primaryImageOfPage\":{\"@id\":\"https:\/\/mivoot.com\/gt\/producto\/ventilador-de-piso-industrial-de-20-2-en-1-navia\/#primaryimage\"},\"image\":{\"@id\":\"https:\/\/mivoot.com\/gt\/producto\/ventilador-de-piso-industrial-de-20-2-en-1-navia\/#primaryimage\"},\"thumbnailUrl\":\"https:\/\/mivoot.com\/gt\/wp-content\/uploads\/2025\/01\/CFV-M020-00.webp\",\"datePublished\":\"2025-01-03T00:48:13+00:00\",\"dateModified\":\"2025-01-16T23:31:52+00:00\",\"breadcrumb\":{\"@id\":\"https:\/\/mivoot.com\/gt\/producto\/ventilador-de-piso-industrial-de-20-2-en-1-navia\/#breadcrumb\"},\"inLanguage\":\"es\",\"potentialAction\":[{\"@type\":\"ReadAction\",\"target\":[\"https:\/\/mivoot.com\/gt\/producto\/ventilador-de-piso-industrial-de-20-2-en-1-navia\/\"]}]},{\"@type\":\"ImageObject\",\"inLanguage\":\"es\",\"@id\":\"https:\/\/mivoot.com\/gt\/producto\/ventilador-de-piso-industrial-de-20-2-en-1-navia\/#primaryimage\",\"url\":\"https:\/\/mivoot.com\/gt\/wp-content\/uploads\/2025\/01\/CFV-M020-00.webp\",\"contentUrl\":\"https:\/\/mivoot.com\/gt\/wp-content\/uploads\/2025\/01\/CFV-M020-00.webp\",\"width\":738,\"height\":738},{\"@type\":\"BreadcrumbList\",\"@id\":\"https:\/\/mivoot.com\/gt\/producto\/ventilador-de-piso-industrial-de-20-2-en-1-navia\/#breadcrumb\",\"itemListElement\":[{\"@type\":\"ListItem\",\"position\":1,\"name\":\"Inicio\",\"item\":\"https:\/\/mivoot.com\/gt\/\"},{\"@type\":\"ListItem\",\"position\":2,\"name\":\"Productos\",\"item\":\"https:\/\/mivoot.com\/gt\/producto\/\"},{\"@type\":\"ListItem\",\"position\":3,\"name\":\"Navia\",\"item\":\"https:\/\/mivoot.com\/gt\/marca\/navia\/\"},{\"@type\":\"ListItem\",\"position\":4,\"name\":\"Ventilador de Piso Industrial de 20&#8243; 2 en 1 Vortex Navia\"}]},{\"@type\":\"WebSite\",\"@id\":\"https:\/\/mivoot.com\/gt\/#website\",\"url\":\"https:\/\/mivoot.com\/gt\/\",\"name\":\"Mivoot\",\"description\":\"Mivoot Guatemala | Tienda Online\",\"publisher\":{\"@id\":\"https:\/\/mivoot.com\/gt\/#organization\"},\"alternateName\":\"mivoot\",\"potentialAction\":[{\"@type\":\"SearchAction\",\"target\":{\"@type\":\"EntryPoint\",\"urlTemplate\":\"https:\/\/mivoot.com\/gt\/?s={search_term_string}\"},\"query-input\":{\"@type\":\"PropertyValueSpecification\",\"valueRequired\":true,\"valueName\":\"search_term_string\"}}],\"inLanguage\":\"es\"},{\"@type\":\"Organization\",\"@id\":\"https:\/\/mivoot.com\/gt\/#organization\",\"name\":\"Mivoot Guatemala\",\"alternateName\":\"mivoot.com\",\"url\":\"https:\/\/mivoot.com\/gt\/\",\"logo\":{\"@type\":\"ImageObject\",\"inLanguage\":\"es\",\"@id\":\"https:\/\/mivoot.com\/gt\/#\/schema\/logo\/image\/\",\"url\":\"https:\/\/mivoot.com\/gt\/wp-content\/uploads\/2023\/03\/cropped-icon.png\",\"contentUrl\":\"https:\/\/mivoot.com\/gt\/wp-content\/uploads\/2023\/03\/cropped-icon.png\",\"width\":512,\"height\":512,\"caption\":\"Mivoot Guatemala\"},\"image\":{\"@id\":\"https:\/\/mivoot.com\/gt\/#\/schema\/logo\/image\/\"},\"sameAs\":[\"https:\/\/www.facebook.com\/mivootgt\",\"https:\/\/instagram.com\/mivoot\"]}]}<\/script>\n<!-- \/ Yoast SEO Premium plugin. -->","yoast_head_json":{"title":"Ventilador de Piso Industrial de 20\" 2 en 1 Vortex Navia - Mivoot","robots":{"index":"index","follow":"follow","max-snippet":"max-snippet:-1","max-image-preview":"max-image-preview:large","max-video-preview":"max-video-preview:-1"},"canonical":"https:\/\/mivoot.com\/gt\/producto\/ventilador-de-piso-industrial-de-20-2-en-1-navia\/","og_locale":"es_ES","og_type":"article","og_title":"Ventilador de Piso Industrial de 20\" 2 en 1 Vortex Navia","og_description":"- Ventilador Industrial De 20 Pulgadas. - Dise\u00f1o de 3 Velocidades. - Potencia: 114 W - Frecuencia: 60 Hz - Este ventilador es ideal para piso y pared, ya que incluye un soporte. - F\u00e1cil de Montar y desmontar a la pared. - Base de tubo. - Aspas Aerodin\u00e1micas. - Se complementa con tres velocidades perfecto para olvidarte del calor. - Tensi\u00f3n: 127 V~ 112,39 Wh - Gran desplazamiento de aire: 92 m3\/min. - Acceso f\u00e1cil a los controles y c\u00f3modo desplazamiento de aire, brindan un mayor confort sin limitar el desempe\u00f1o.  - Dimensiones: Altura: 61 cm, Ancho: 27 cm, Profundo: 58 cm.","og_url":"https:\/\/mivoot.com\/gt\/producto\/ventilador-de-piso-industrial-de-20-2-en-1-navia\/","og_site_name":"Mivoot","article_publisher":"https:\/\/www.facebook.com\/mivootgt","article_modified_time":"2025-01-16T23:31:52+00:00","og_image":[{"width":738,"height":738,"url":"https:\/\/mivoot.com\/gt\/wp-content\/uploads\/2025\/01\/CFV-M020-00.webp","type":"image\/webp"}],"twitter_card":"summary_large_image","twitter_misc":{"Est. reading time":"3 minutos"},"schema":{"@context":"https:\/\/schema.org","@graph":[{"@type":"WebPage","@id":"https:\/\/mivoot.com\/gt\/producto\/ventilador-de-piso-industrial-de-20-2-en-1-navia\/","url":"https:\/\/mivoot.com\/gt\/producto\/ventilador-de-piso-industrial-de-20-2-en-1-navia\/","name":"Ventilador de Piso Industrial de 20\" 2 en 1 Vortex Navia - Mivoot","isPartOf":{"@id":"https:\/\/mivoot.com\/gt\/#website"},"primaryImageOfPage":{"@id":"https:\/\/mivoot.com\/gt\/producto\/ventilador-de-piso-industrial-de-20-2-en-1-navia\/#primaryimage"},"image":{"@id":"https:\/\/mivoot.com\/gt\/producto\/ventilador-de-piso-industrial-de-20-2-en-1-navia\/#primaryimage"},"thumbnailUrl":"https:\/\/mivoot.com\/gt\/wp-content\/uploads\/2025\/01\/CFV-M020-00.webp","datePublished":"2025-01-03T00:48:13+00:00","dateModified":"2025-01-16T23:31:52+00:00","breadcrumb":{"@id":"https:\/\/mivoot.com\/gt\/producto\/ventilador-de-piso-industrial-de-20-2-en-1-navia\/#breadcrumb"},"inLanguage":"es","potentialAction":[{"@type":"ReadAction","target":["https:\/\/mivoot.com\/gt\/producto\/ventilador-de-piso-industrial-de-20-2-en-1-navia\/"]}]},{"@type":"ImageObject","inLanguage":"es","@id":"https:\/\/mivoot.com\/gt\/producto\/ventilador-de-piso-industrial-de-20-2-en-1-navia\/#primaryimage","url":"https:\/\/mivoot.com\/gt\/wp-content\/uploads\/2025\/01\/CFV-M020-00.webp","contentUrl":"https:\/\/mivoot.com\/gt\/wp-content\/uploads\/2025\/01\/CFV-M020-00.webp","width":738,"height":738},{"@type":"BreadcrumbList","@id":"https:\/\/mivoot.com\/gt\/producto\/ventilador-de-piso-industrial-de-20-2-en-1-navia\/#breadcrumb","itemListElement":[{"@type":"ListItem","position":1,"name":"Inicio","item":"https:\/\/mivoot.com\/gt\/"},{"@type":"ListItem","position":2,"name":"Productos","item":"https:\/\/mivoot.com\/gt\/producto\/"},{"@type":"ListItem","position":3,"name":"Navia","item":"https:\/\/mivoot.com\/gt\/marca\/navia\/"},{"@type":"ListItem","position":4,"name":"Ventilador de Piso Industrial de 20&#8243; 2 en 1 Vortex Navia"}]},{"@type":"WebSite","@id":"https:\/\/mivoot.com\/gt\/#website","url":"https:\/\/mivoot.com\/gt\/","name":"Mivoot","description":"Mivoot Guatemala | Tienda Online","publisher":{"@id":"https:\/\/mivoot.com\/gt\/#organization"},"alternateName":"mivoot","potentialAction":[{"@type":"SearchAction","target":{"@type":"EntryPoint","urlTemplate":"https:\/\/mivoot.com\/gt\/?s={search_term_string}"},"query-input":{"@type":"PropertyValueSpecification","valueRequired":true,"valueName":"search_term_string"}}],"inLanguage":"es"},{"@type":"Organization","@id":"https:\/\/mivoot.com\/gt\/#organization","name":"Mivoot Guatemala","alternateName":"mivoot.com","url":"https:\/\/mivoot.com\/gt\/","logo":{"@type":"ImageObject","inLanguage":"es","@id":"https:\/\/mivoot.com\/gt\/#\/schema\/logo\/image\/","url":"https:\/\/mivoot.com\/gt\/wp-content\/uploads\/2023\/03\/cropped-icon.png","contentUrl":"https:\/\/mivoot.com\/gt\/wp-content\/uploads\/2023\/03\/cropped-icon.png","width":512,"height":512,"caption":"Mivoot Guatemala"},"image":{"@id":"https:\/\/mivoot.com\/gt\/#\/schema\/logo\/image\/"},"sameAs":["https:\/\/www.facebook.com\/mivootgt","https:\/\/instagram.com\/mivoot"]}]}},"jetpack_publicize_connections":[],"jetpack_sharing_enabled":true,"brands":[{"id":373,"name":"Navia","slug":"navia"}],"_links":{"self":[{"href":"https:\/\/mivoot.com\/gt\/wp-json\/wp\/v2\/product\/24556","targetHints":{"allow":["GET"]}}],"collection":[{"href":"https:\/\/mivoot.com\/gt\/wp-json\/wp\/v2\/product"}],"about":[{"href":"https:\/\/mivoot.com\/gt\/wp-json\/wp\/v2\/types\/product"}],"replies":[{"embeddable":true,"href":"https:\/\/mivoot.com\/gt\/wp-json\/wp\/v2\/comments?post=24556"}],"version-history":[{"count":3,"href":"https:\/\/mivoot.com\/gt\/wp-json\/wp\/v2\/product\/24556\/revisions"}],"predecessor-version":[{"id":25136,"href":"https:\/\/mivoot.com\/gt\/wp-json\/wp\/v2\/product\/24556\/revisions\/25136"}],"wp:featuredmedia":[{"embeddable":true,"href":"https:\/\/mivoot.com\/gt\/wp-json\/wp\/v2\/media\/24564"}],"wp:attachment":[{"href":"https:\/\/mivoot.com\/gt\/wp-json\/wp\/v2\/media?parent=24556"}],"wp:term":[{"taxonomy":"pwb-brand","embeddable":true,"href":"https:\/\/mivoot.com\/gt\/wp-json\/wp\/v2\/pwb-brand?post=24556"},{"taxonomy":"product_brand","embeddable":true,"href":"https:\/\/mivoot.com\/gt\/wp-json\/wp\/v2\/product_brand?post=24556"},{"taxonomy":"product_cat","embeddable":true,"href":"https:\/\/mivoot.com\/gt\/wp-json\/wp\/v2\/product_cat?post=24556"},{"taxonomy":"product_tag","embeddable":true,"href":"https:\/\/mivoot.com\/gt\/wp-json\/wp\/v2\/product_tag?post=24556"}],"curies":[{"name":"wp","href":"https:\/\/api.w.org\/{rel}","templated":true}]}}