{"id":24639,"date":"2025-01-04T21:11:58","date_gmt":"2025-01-05T03:11:58","guid":{"rendered":"https:\/\/mivoot.com\/gt\/?post_type=product&#038;p=24639"},"modified":"2025-01-04T21:14:46","modified_gmt":"2025-01-05T03:14:46","slug":"scooter-electric-4-lite-negro-xiaomi","status":"publish","type":"product","link":"https:\/\/mivoot.com\/gt\/producto\/scooter-electric-4-lite-negro-xiaomi\/","title":{"rendered":"Scooter Electric 4 Lite Negro Xiaomi"},"content":{"rendered":"<p><img decoding=\"async\" src=\"https:\/\/cdn.pacifiko.com\/image\/catalog\/Captura%20de%20pantalla%202024-08-06%20153541.png\" \/><img decoding=\"async\" src=\"https:\/\/www.xiaomiadictos.com\/wp-content\/uploads\/2023\/05\/C58E831D-F033-4046-849C-144D561AE8DC-540x540.jpeg\" alt=\"Xiaomi Electric Scooter 4 y 4 Lite: dos nuevos patinetes el\u00e9ctricos para el mercado espa\u00f1ol. Noticias Xiaomi Adictos\" \/><img decoding=\"async\" src=\"https:\/\/http2.mlstatic.com\/D_NQ_NP_2X_726381-MCO76735874249_052024-F.webp\" \/><img decoding=\"async\" src=\"https:\/\/http2.mlstatic.com\/D_NQ_NP_2X_916464-MCO76735893789_052024-F.webp\" \/><img decoding=\"async\" src=\"https:\/\/http2.mlstatic.com\/D_NQ_NP_2X_819210-MCO76735874269_052024-F.webp\" \/><img decoding=\"async\" src=\"https:\/\/http2.mlstatic.com\/D_NQ_NP_2X_613102-MCO76537288796_052024-F.webp\" \/><\/p>\n<h3 class=\" lazy\" data-type=\"bg\" data-id=\"6b43f4b835\" data-loaded=\"true\"><span class=\"xm-text f-bold \" data-key=\"spec_4\" data-type=\"text\" data-id=\"9e09572c40\">Caracter\u00edsticas del producto<\/span><\/h3>\n<div class=\" lazy\" data-type=\"bg\" data-id=\"6b43f4b835\" data-background-image=\"\" data-loaded=\"true\">\n<div class=\" lazy\" data-type=\"bg\" data-id=\"0c5ec2cd43\" data-background-image=\"\" data-loaded=\"true\">\n<ul>\n<li data-type=\"bg\" data-id=\"d05dcaeb26\" data-loaded=\"true\"><span class=\"xm-text f-medium \" data-key=\"spec_5\" data-type=\"text\" data-id=\"aef992723f\">Nombre del producto <\/span><span class=\"xm-text f-light \" data-key=\"spec_6\" data-type=\"text\" data-id=\"8fdb35336d\">Patinete El\u00e9ctrico Xiaomi 4 Lite<\/span><\/li>\n<li class=\" lazy\" data-type=\"bg\" data-id=\"a2682eae8d\" data-loaded=\"true\"><span class=\"xm-text f-medium \" data-key=\"spec_7\" data-type=\"text\" data-id=\"e69c5a6f1b\">velocidad m\u00e1xima<\/span><span class=\"xm-text f-light \" data-key=\"spec_8\" data-type=\"text\" data-id=\"f1656ce5e1\">25 km\/h (velocidad m\u00e1xima para cada modo: Modo peat\u00f3n: 6 km\/h; D: 20 km\/h; S: 25 km\/h)<\/span><\/li>\n<li class=\" lazy\" data-type=\"bg\" data-id=\"26794caabf\" data-loaded=\"true\"><span class=\"xm-text f-medium \" data-key=\"spec_9\" data-type=\"text\" data-id=\"4d40840a46\">Autonom\u00eda<\/span><span class=\"xm-text f-light \" data-key=\"spec_10\" data-type=\"text\" data-id=\"62e8f9e2a1\">Unos 20 kil\u00f3metros<\/span><\/li>\n<li class=\" lazy\" data-type=\"bg\" data-id=\"8ce3423c32\" data-loaded=\"true\"><span class=\"xm-text f-medium \" data-key=\"spec_11\" data-type=\"text\" data-id=\"d9a2d7186f\">Peso del producto<\/span><span class=\"xm-text f-light \" data-key=\"spec_12\" data-type=\"text\" data-id=\"9192640f26\">15,6 kilos<\/span><\/li>\n<li class=\" lazy\" data-type=\"bg\" data-id=\"62e23d0437\" data-loaded=\"true\"><span class=\"xm-text f-medium \" data-key=\"spec_13\" data-type=\"text\" data-id=\"7e283387cd\">Inclinaci\u00f3n m\u00e1xima<\/span><span class=\"xm-text f-light \" data-key=\"spec_14\" data-type=\"text\" data-id=\"e26b62aab2\">Alrededor del 14%<\/span><\/li>\n<li class=\" lazy\" data-type=\"bg\" data-id=\"b8d9152c94\" data-loaded=\"true\"><span class=\"xm-text f-medium \" data-key=\"spec_15\" data-type=\"text\" data-id=\"ebba0cffe0\">Frenado<\/span><span class=\"xm-text f-light \" data-key=\"spec_16\" data-type=\"text\" data-id=\"cf4074650d\">E-ABS delantero + freno de tambor trasero<\/span><\/li>\n<li class=\" lazy\" data-type=\"bg\" data-id=\"2226d4d2e1\" data-loaded=\"true\"><span class=\"xm-text f-medium \" data-key=\"spec_17\" data-type=\"text\" data-id=\"22c069ccdc\">Potencia nominal del motor<\/span><span class=\"xm-text f-light \" data-key=\"spec_18\" data-type=\"text\" data-id=\"87e1b60a76\">300W<\/span><\/li>\n<li class=\" lazy\" data-type=\"bg\" data-id=\"612cf06fcf\" data-loaded=\"true\"><span class=\"xm-text f-medium \" data-key=\"spec_19\" data-type=\"text\" data-id=\"49a914b340\">potencia m\u00e1xima del motor<\/span><span class=\"xm-text f-light \" data-key=\"spec_20\" data-type=\"text\" data-id=\"1482a80439\">600W<\/span><\/li>\n<li class=\" lazy\" data-type=\"bg\" data-id=\"9f82cd9b9c\" data-loaded=\"true\"><span class=\"xm-text f-medium \" data-key=\"spec_21\" data-type=\"text\" data-id=\"d7c1c778b0\">Llantas<\/span><span class=\"xm-text f-light \" data-key=\"spec_22\" data-type=\"text\" data-id=\"fb3c04be0d\">neum\u00e1ticos de 8,5&#8221;<\/span><\/li>\n<li class=\" lazy\" data-type=\"bg\" data-id=\"e6a2804827\" data-loaded=\"true\"><span class=\"xm-text f-medium \" data-key=\"spec_23\" data-type=\"text\" data-id=\"2495a96bc6\">Carga m\u00e1xima<\/span><span class=\"xm-text f-light \" data-key=\"spec_24\" data-type=\"text\" data-id=\"0ec2b53802\">100 kilos<\/span><\/li>\n<li class=\" lazy\" data-type=\"bg\" data-id=\"60a0096618\" data-loaded=\"true\"><span class=\"xm-text f-medium \" data-key=\"spec_25\" data-type=\"text\" data-id=\"f0fa4cf7d5\">Altura del usuario<\/span><span class=\"xm-text f-light \" data-key=\"spec_26\" data-type=\"text\" data-id=\"d876b91613\">120 cm a 200 cm<\/span><\/li>\n<li class=\" lazy\" data-type=\"bg\" data-id=\"482072fd68\" data-loaded=\"true\"><span class=\"xm-text f-medium \" data-key=\"spec_27\" data-type=\"text\" data-id=\"7d58fce38b\">Edad del usuario<\/span><span class=\"xm-text f-light \" data-key=\"spec_28\" data-type=\"text\" data-id=\"ff0a0da0ea\">16 a 50 a\u00f1os<\/span><\/li>\n<li class=\" lazy\" data-type=\"bg\" data-id=\"f95af99a5f\" data-loaded=\"true\"><span class=\"xm-text f-medium \" data-key=\"spec_29\" data-type=\"text\" data-id=\"9904607e39\">Temperatura de funcionamiento<\/span><span class=\"xm-text f-light \" data-key=\"spec_30\" data-type=\"text\" data-id=\"9dd80b23b7\">-10\u00b0C ~ 40\u00b0C<\/span><\/li>\n<li class=\" lazy\" data-type=\"bg\" data-id=\"a8ba3d25fe\" data-loaded=\"true\"><span class=\"xm-text f-medium \" data-key=\"spec_31\" data-type=\"text\" data-id=\"57ff27baab\">Temperatura de almacenamiento<\/span><span class=\"xm-text f-light \" data-key=\"spec_32\" data-type=\"text\" data-id=\"69cf45d443\">-20\u00b0C ~ 45\u00b0C<\/span><\/li>\n<li class=\" lazy\" data-type=\"bg\" data-id=\"a35addd805\" data-loaded=\"true\"><span class=\"xm-text f-medium \" data-key=\"spec_33\" data-type=\"text\" data-id=\"fa4d70c999\">Clasificaci\u00f3n de protecci\u00f3n IP<\/span><span class=\"xm-text f-light \" data-key=\"spec_34\" data-type=\"text\" data-id=\"35571122ee\">IP54<\/span><\/li>\n<li class=\" lazy\" data-type=\"bg\" data-id=\"55b3b4a699\" data-loaded=\"true\"><span class=\"xm-text f-medium \" data-key=\"spec_35\" data-type=\"text\" data-id=\"50917e1a1e\">Tiempo de carga<\/span><span class=\"xm-text f-light \" data-key=\"spec_36\" data-type=\"text\" data-id=\"30ac661601\">Aproximadamente 4,5 horas<\/span><\/li>\n<\/ul>\n<\/div>\n<\/div>\n<h4 class=\" lazy\" data-type=\"bg\" data-id=\"a910d743a3\" data-loaded=\"true\"><span class=\"xm-text f-bold \" data-key=\"spec_38\" data-type=\"text\" data-id=\"a764ba58cc\">Bater\u00eda<\/span><\/h4>\n<div class=\" lazy\" data-type=\"bg\" data-id=\"fd223e0f56\" data-background-image=\"\" data-loaded=\"true\">\n<ul>\n<li class=\" lazy\" data-type=\"bg\" data-id=\"4cf120138d\" data-loaded=\"true\"><span class=\"xm-text f-medium \" data-key=\"spec_39\" data-type=\"text\" data-id=\"fa82dc062f\">Bater\u00eda de iones de litio<\/span><\/li>\n<li class=\" lazy\" data-type=\"bg\" data-id=\"043c983643\" data-loaded=\"true\"><span class=\"xm-text f-medium \" data-key=\"spec_40\" data-type=\"text\" data-id=\"c9a8cf5879\">Modelo de bater\u00eda<\/span><span class=\"xm-text f-light \" data-key=\"spec_41\" data-type=\"text\" data-id=\"a9081dab7e\">P2185-BA2A<\/span><\/li>\n<li class=\" lazy\" data-type=\"bg\" data-id=\"d834fe119b\" data-loaded=\"true\"><span class=\"xm-text f-medium \" data-key=\"spec_42\" data-type=\"text\" data-id=\"9328d407f3\">Capacidad nominal<\/span><span class=\"xm-text f-light \" data-key=\"spec_43\" data-type=\"text\" data-id=\"91e8961cb3\">5200 mAh\/187 Wh<\/span><\/li>\n<li class=\" lazy\" data-type=\"bg\" data-id=\"d7ef7f702a\" data-loaded=\"true\"><span class=\"xm-text f-medium \" data-key=\"spec_44\" data-type=\"text\" data-id=\"2c7dee1241\">Rango de temperatura de carga<\/span><span class=\"xm-text f-light \" data-key=\"spec_45\" data-type=\"text\" data-id=\"3469474c6d\">0\u00b0C ~ 40\u00b0C<\/span><\/li>\n<\/ul>\n<\/div>\n<h4 class=\" lazy\" data-type=\"bg\" data-id=\"5f99ec51da\" data-loaded=\"true\"><span class=\"xm-text f-bold \" data-key=\"spec_46\" data-type=\"text\" data-id=\"74a6caae6f\">Adaptador<\/span><\/h4>\n<div class=\" lazy\" data-type=\"bg\" data-id=\"ad622e5ab0\" data-background-image=\"\" data-loaded=\"true\">\n<ul>\n<li class=\" lazy\" data-type=\"bg\" data-id=\"e92c256698\" data-loaded=\"true\"><span class=\"xm-text f-medium \" data-key=\"spec_47\" data-type=\"text\" data-id=\"0decb6d326\">Potencia de salida<\/span><span class=\"xm-text f-light \" data-key=\"spec_48\" data-type=\"text\" data-id=\"a97fbb38bc\">53W<\/span><\/li>\n<li class=\" lazy\" data-type=\"bg\" data-id=\"932bb51e9a\" data-loaded=\"true\"><span class=\"xm-text f-medium \" data-key=\"spec_49\" data-type=\"text\" data-id=\"71b70431a8\">Corriente de entrada<\/span><span class=\"xm-text f-light \" data-key=\"spec_50\" data-type=\"text\" data-id=\"9e466b58c5\">2 A m\u00e1x.<\/span><\/li>\n<li class=\" lazy\" data-type=\"bg\" data-id=\"a42cb797cb\" data-loaded=\"true\"><span class=\"xm-text f-medium \" data-key=\"spec_51\" data-type=\"text\" data-id=\"5398bcdf69\">Salida nominal<\/span><span class=\"xm-text f-light \" data-key=\"spec_52\" data-type=\"text\" data-id=\"27b15d6795\">1.3A<\/span><\/li>\n<li class=\" lazy\" data-type=\"bg\" data-id=\"b7888b9f62\" data-loaded=\"true\"><span class=\"xm-text f-medium \" data-key=\"spec_53\" data-type=\"text\" data-id=\"d81b6c3909\">voltaje de entrada<\/span><span class=\"xm-text f-light \" data-key=\"spec_54\" data-type=\"text\" data-id=\"d608c2f791\">100-240 V CA<\/span><\/li>\n<li class=\" lazy\" data-type=\"bg\" data-id=\"350e0ed0db\" data-loaded=\"true\"><span class=\"xm-text f-medium \" data-key=\"spec_55\" data-type=\"text\" data-id=\"1e1eb8b6d1\">Tensi\u00f3n de salida m\u00e1xima<\/span><span class=\"xm-text f-light \" data-key=\"spec_56\" data-type=\"text\" data-id=\"d99d265314\">42 V CC<\/span><\/li>\n<\/ul>\n<\/div>\n<h4 class=\" lazy\" data-type=\"bg\" data-id=\"5d549845b7\" data-loaded=\"true\"><span class=\"xm-text f-bold \" data-key=\"spec_57\" data-type=\"text\" data-id=\"1d1e88d635\">Contenido del paquete<\/span><\/h4>\n<div class=\" lazy\" data-type=\"bg\" data-id=\"2275a4df25\" data-background-image=\"\" data-loaded=\"true\">\n<ul>\n<li class=\" lazy\" data-type=\"bg\" data-id=\"034c9ae5c7\" data-loaded=\"true\"><span class=\"xm-text f-medium \" data-key=\"spec_58\" data-type=\"text\" data-id=\"859c7e45c7\">1 Patinete El\u00e9ctrico Xiaomi 4 Lite<\/span><\/li>\n<li class=\" lazy\" data-type=\"bg\" data-id=\"df71ccb2ca\" data-loaded=\"true\"><span class=\"xm-text f-medium \" data-key=\"spec_59\" data-type=\"text\" data-id=\"942ec81d22\">1 adaptador de corriente<\/span><\/li>\n<li class=\" lazy\" data-type=\"bg\" data-id=\"8e205547b2\" data-loaded=\"true\"><span class=\"xm-text f-medium \" data-key=\"spec_60\" data-type=\"text\" data-id=\"3aff9ac340\">1 llave Allen en forma de T<\/span><\/li>\n<li class=\" lazy\" data-type=\"bg\" data-id=\"8ce25c19b0\" data-loaded=\"true\"><span class=\"xm-text f-medium \" data-key=\"spec_61\" data-type=\"text\" data-id=\"c9d9fd194f\">1 adaptador de punta extendido<\/span><\/li>\n<li class=\" lazy\" data-type=\"bg\" data-id=\"f0d0a49d3a\" data-loaded=\"true\"><span class=\"xm-text f-medium \" data-key=\"spec_62\" data-type=\"text\" data-id=\"dc53d332fd\">5 tornillos<\/span><\/li>\n<li class=\" lazy\" data-type=\"bg\" data-id=\"d3d9b49c10\" data-loaded=\"true\"><span class=\"xm-text f-medium \" data-key=\"spec_63\" data-type=\"text\" data-id=\"8bd7403054\">1 cable antirrobo<\/span><\/li>\n<li class=\" lazy\" data-type=\"bg\" data-id=\"ad76f373df\" data-loaded=\"true\"><span class=\"xm-text f-medium \" data-key=\"spec_64\" data-type=\"text\" data-id=\"96501971a5\">manual de usuario<\/span><\/li>\n<\/ul>\n<div class=\" lazy\" data-type=\"bg\" data-id=\"b84289c7a3\" data-background-image=\"\" data-loaded=\"true\"><\/div>\n<\/div>\n","protected":false},"excerpt":{"rendered":"<p>M\u00e1xima velocidad: 25 km\/h (velocidad m\u00e1xima para cada modo: modo Caminar: 6 km\/h; D: 20 km\/h; S: 25 km\/h)<br \/>\nRango de viaje: Aprox. 20km<br \/>\nPeso del Producto: 15,6 kg<br \/>\nM\u00e1xima inclinaci\u00f3n: Aprox. 14%<br \/>\nFrenado: E-ABS delantero + freno de tambor trasero<br \/>\n&#8211; Potencia nominal del motor: 300W<br \/>\n&#8211; M\u00e1xima fuerza de motor: 600W<br \/>\n&#8211; Llantas: Neum\u00e1tico de 8,5&#8243;<br \/>\n&#8211; M\u00e1xima carga: 100 kg<br \/>\n&#8211; Altura del ciclista: 120cm-200cm<br \/>\n&#8211; Edad del ciclista: Edad 16-50<br \/>\n&#8211; Temperatura de trabajo: -10\u00b0C ~ 40\u00b0C<br \/>\n&#8211; Temperatura de almacenamiento: -20\u00b0C ~ 45\u00b0C<br \/>\n&#8211; Clasificaci\u00f3n del IP: IP54<br \/>\n&#8211; Tiempo de carga: Aprox. 4,5 horas<br \/>\n&#8211; Bater\u00eda de iones de litio<br \/>\n&#8211; Capacidad nominal 5200 mAh\/187 Wh<\/p>\n","protected":false},"featured_media":24643,"comment_status":"open","ping_status":"closed","template":"","meta":{"jetpack_publicize_message":"","jetpack_publicize_feature_enabled":true,"jetpack_social_post_already_shared":true,"jetpack_social_options":{"image_generator_settings":{"template":"highway","default_image_id":0,"font":"","enabled":false},"version":2}},"pwb-brand":[94],"product_brand":[],"product_cat":[486],"product_tag":[],"class_list":{"0":"post-24639","1":"product","2":"type-product","3":"status-publish","4":"has-post-thumbnail","6":"pwb-brand-xiaomi","7":"product_cat-scooter","9":"first","10":"instock","11":"taxable","12":"shipping-taxable","13":"product-type-simple"},"yoast_head":"<!-- This site is optimized with the Yoast SEO Premium plugin v25.7.1 (Yoast SEO v26.8) - https:\/\/yoast.com\/product\/yoast-seo-premium-wordpress\/ -->\n<title>Scooter Electric 4 Lite Negro Xiaomi - Mivoot<\/title>\n<meta name=\"robots\" content=\"index, follow, max-snippet:-1, max-image-preview:large, max-video-preview:-1\" \/>\n<link rel=\"canonical\" href=\"https:\/\/mivoot.com\/gt\/producto\/scooter-electric-4-lite-negro-xiaomi\/\" \/>\n<meta property=\"og:locale\" content=\"es_ES\" \/>\n<meta property=\"og:type\" content=\"article\" \/>\n<meta property=\"og:title\" content=\"Scooter Electric 4 Lite Negro Xiaomi\" \/>\n<meta property=\"og:description\" content=\"M\u00e1xima velocidad: 25 km\/h (velocidad m\u00e1xima para cada modo: modo Caminar: 6 km\/h; D: 20 km\/h; S: 25 km\/h) Rango de viaje: Aprox. 20km Peso del Producto: 15,6 kg M\u00e1xima inclinaci\u00f3n: Aprox. 14% Frenado: E-ABS delantero + freno de tambor trasero - Potencia nominal del motor: 300W - M\u00e1xima fuerza de motor: 600W - Llantas: Neum\u00e1tico de 8,5&quot; - M\u00e1xima carga: 100 kg - Altura del ciclista: 120cm-200cm - Edad del ciclista: Edad 16-50 - Temperatura de trabajo: -10\u00b0C ~ 40\u00b0C - Temperatura de almacenamiento: -20\u00b0C ~ 45\u00b0C - Clasificaci\u00f3n del IP: IP54 - Tiempo de carga: Aprox. 4,5 horas - Bater\u00eda de iones de litio - Capacidad nominal 5200 mAh\/187 Wh\" \/>\n<meta property=\"og:url\" content=\"https:\/\/mivoot.com\/gt\/producto\/scooter-electric-4-lite-negro-xiaomi\/\" \/>\n<meta property=\"og:site_name\" content=\"Mivoot\" \/>\n<meta property=\"article:publisher\" content=\"https:\/\/www.facebook.com\/mivootgt\" \/>\n<meta property=\"article:modified_time\" content=\"2025-01-05T03:14:46+00:00\" \/>\n<meta property=\"og:image\" content=\"https:\/\/mivoot.com\/gt\/wp-content\/uploads\/2025\/01\/P2185-BA2A-01.png\" \/>\n\t<meta property=\"og:image:width\" content=\"746\" \/>\n\t<meta property=\"og:image:height\" content=\"746\" \/>\n\t<meta property=\"og:image:type\" content=\"image\/png\" \/>\n<meta name=\"twitter:card\" content=\"summary_large_image\" \/>\n<meta name=\"twitter:label1\" content=\"Est. reading time\" \/>\n\t<meta name=\"twitter:data1\" content=\"3 minutos\" \/>\n<script type=\"application\/ld+json\" class=\"yoast-schema-graph\">{\"@context\":\"https:\/\/schema.org\",\"@graph\":[{\"@type\":\"WebPage\",\"@id\":\"https:\/\/mivoot.com\/gt\/producto\/scooter-electric-4-lite-negro-xiaomi\/\",\"url\":\"https:\/\/mivoot.com\/gt\/producto\/scooter-electric-4-lite-negro-xiaomi\/\",\"name\":\"Scooter Electric 4 Lite Negro Xiaomi - Mivoot\",\"isPartOf\":{\"@id\":\"https:\/\/mivoot.com\/gt\/#website\"},\"primaryImageOfPage\":{\"@id\":\"https:\/\/mivoot.com\/gt\/producto\/scooter-electric-4-lite-negro-xiaomi\/#primaryimage\"},\"image\":{\"@id\":\"https:\/\/mivoot.com\/gt\/producto\/scooter-electric-4-lite-negro-xiaomi\/#primaryimage\"},\"thumbnailUrl\":\"https:\/\/mivoot.com\/gt\/wp-content\/uploads\/2025\/01\/P2185-BA2A-01.png\",\"datePublished\":\"2025-01-05T03:11:58+00:00\",\"dateModified\":\"2025-01-05T03:14:46+00:00\",\"breadcrumb\":{\"@id\":\"https:\/\/mivoot.com\/gt\/producto\/scooter-electric-4-lite-negro-xiaomi\/#breadcrumb\"},\"inLanguage\":\"es\",\"potentialAction\":[{\"@type\":\"ReadAction\",\"target\":[\"https:\/\/mivoot.com\/gt\/producto\/scooter-electric-4-lite-negro-xiaomi\/\"]}]},{\"@type\":\"ImageObject\",\"inLanguage\":\"es\",\"@id\":\"https:\/\/mivoot.com\/gt\/producto\/scooter-electric-4-lite-negro-xiaomi\/#primaryimage\",\"url\":\"https:\/\/mivoot.com\/gt\/wp-content\/uploads\/2025\/01\/P2185-BA2A-01.png\",\"contentUrl\":\"https:\/\/mivoot.com\/gt\/wp-content\/uploads\/2025\/01\/P2185-BA2A-01.png\",\"width\":746,\"height\":746},{\"@type\":\"BreadcrumbList\",\"@id\":\"https:\/\/mivoot.com\/gt\/producto\/scooter-electric-4-lite-negro-xiaomi\/#breadcrumb\",\"itemListElement\":[{\"@type\":\"ListItem\",\"position\":1,\"name\":\"Inicio\",\"item\":\"https:\/\/mivoot.com\/gt\/\"},{\"@type\":\"ListItem\",\"position\":2,\"name\":\"Productos\",\"item\":\"https:\/\/mivoot.com\/gt\/producto\/\"},{\"@type\":\"ListItem\",\"position\":3,\"name\":\"Xiaomi\",\"item\":\"https:\/\/mivoot.com\/gt\/marca\/xiaomi\/\"},{\"@type\":\"ListItem\",\"position\":4,\"name\":\"Scooter Electric 4 Lite Negro Xiaomi\"}]},{\"@type\":\"WebSite\",\"@id\":\"https:\/\/mivoot.com\/gt\/#website\",\"url\":\"https:\/\/mivoot.com\/gt\/\",\"name\":\"Mivoot\",\"description\":\"Mivoot Guatemala | Tienda Online\",\"publisher\":{\"@id\":\"https:\/\/mivoot.com\/gt\/#organization\"},\"alternateName\":\"mivoot\",\"potentialAction\":[{\"@type\":\"SearchAction\",\"target\":{\"@type\":\"EntryPoint\",\"urlTemplate\":\"https:\/\/mivoot.com\/gt\/?s={search_term_string}\"},\"query-input\":{\"@type\":\"PropertyValueSpecification\",\"valueRequired\":true,\"valueName\":\"search_term_string\"}}],\"inLanguage\":\"es\"},{\"@type\":\"Organization\",\"@id\":\"https:\/\/mivoot.com\/gt\/#organization\",\"name\":\"Mivoot Guatemala\",\"alternateName\":\"mivoot.com\",\"url\":\"https:\/\/mivoot.com\/gt\/\",\"logo\":{\"@type\":\"ImageObject\",\"inLanguage\":\"es\",\"@id\":\"https:\/\/mivoot.com\/gt\/#\/schema\/logo\/image\/\",\"url\":\"https:\/\/mivoot.com\/gt\/wp-content\/uploads\/2023\/03\/cropped-icon.png\",\"contentUrl\":\"https:\/\/mivoot.com\/gt\/wp-content\/uploads\/2023\/03\/cropped-icon.png\",\"width\":512,\"height\":512,\"caption\":\"Mivoot Guatemala\"},\"image\":{\"@id\":\"https:\/\/mivoot.com\/gt\/#\/schema\/logo\/image\/\"},\"sameAs\":[\"https:\/\/www.facebook.com\/mivootgt\",\"https:\/\/instagram.com\/mivoot\"]}]}<\/script>\n<!-- \/ Yoast SEO Premium plugin. -->","yoast_head_json":{"title":"Scooter Electric 4 Lite Negro Xiaomi - Mivoot","robots":{"index":"index","follow":"follow","max-snippet":"max-snippet:-1","max-image-preview":"max-image-preview:large","max-video-preview":"max-video-preview:-1"},"canonical":"https:\/\/mivoot.com\/gt\/producto\/scooter-electric-4-lite-negro-xiaomi\/","og_locale":"es_ES","og_type":"article","og_title":"Scooter Electric 4 Lite Negro Xiaomi","og_description":"M\u00e1xima velocidad: 25 km\/h (velocidad m\u00e1xima para cada modo: modo Caminar: 6 km\/h; D: 20 km\/h; S: 25 km\/h) Rango de viaje: Aprox. 20km Peso del Producto: 15,6 kg M\u00e1xima inclinaci\u00f3n: Aprox. 14% Frenado: E-ABS delantero + freno de tambor trasero - Potencia nominal del motor: 300W - M\u00e1xima fuerza de motor: 600W - Llantas: Neum\u00e1tico de 8,5\" - M\u00e1xima carga: 100 kg - Altura del ciclista: 120cm-200cm - Edad del ciclista: Edad 16-50 - Temperatura de trabajo: -10\u00b0C ~ 40\u00b0C - Temperatura de almacenamiento: -20\u00b0C ~ 45\u00b0C - Clasificaci\u00f3n del IP: IP54 - Tiempo de carga: Aprox. 4,5 horas - Bater\u00eda de iones de litio - Capacidad nominal 5200 mAh\/187 Wh","og_url":"https:\/\/mivoot.com\/gt\/producto\/scooter-electric-4-lite-negro-xiaomi\/","og_site_name":"Mivoot","article_publisher":"https:\/\/www.facebook.com\/mivootgt","article_modified_time":"2025-01-05T03:14:46+00:00","og_image":[{"width":746,"height":746,"url":"https:\/\/mivoot.com\/gt\/wp-content\/uploads\/2025\/01\/P2185-BA2A-01.png","type":"image\/png"}],"twitter_card":"summary_large_image","twitter_misc":{"Est. reading time":"3 minutos"},"schema":{"@context":"https:\/\/schema.org","@graph":[{"@type":"WebPage","@id":"https:\/\/mivoot.com\/gt\/producto\/scooter-electric-4-lite-negro-xiaomi\/","url":"https:\/\/mivoot.com\/gt\/producto\/scooter-electric-4-lite-negro-xiaomi\/","name":"Scooter Electric 4 Lite Negro Xiaomi - Mivoot","isPartOf":{"@id":"https:\/\/mivoot.com\/gt\/#website"},"primaryImageOfPage":{"@id":"https:\/\/mivoot.com\/gt\/producto\/scooter-electric-4-lite-negro-xiaomi\/#primaryimage"},"image":{"@id":"https:\/\/mivoot.com\/gt\/producto\/scooter-electric-4-lite-negro-xiaomi\/#primaryimage"},"thumbnailUrl":"https:\/\/mivoot.com\/gt\/wp-content\/uploads\/2025\/01\/P2185-BA2A-01.png","datePublished":"2025-01-05T03:11:58+00:00","dateModified":"2025-01-05T03:14:46+00:00","breadcrumb":{"@id":"https:\/\/mivoot.com\/gt\/producto\/scooter-electric-4-lite-negro-xiaomi\/#breadcrumb"},"inLanguage":"es","potentialAction":[{"@type":"ReadAction","target":["https:\/\/mivoot.com\/gt\/producto\/scooter-electric-4-lite-negro-xiaomi\/"]}]},{"@type":"ImageObject","inLanguage":"es","@id":"https:\/\/mivoot.com\/gt\/producto\/scooter-electric-4-lite-negro-xiaomi\/#primaryimage","url":"https:\/\/mivoot.com\/gt\/wp-content\/uploads\/2025\/01\/P2185-BA2A-01.png","contentUrl":"https:\/\/mivoot.com\/gt\/wp-content\/uploads\/2025\/01\/P2185-BA2A-01.png","width":746,"height":746},{"@type":"BreadcrumbList","@id":"https:\/\/mivoot.com\/gt\/producto\/scooter-electric-4-lite-negro-xiaomi\/#breadcrumb","itemListElement":[{"@type":"ListItem","position":1,"name":"Inicio","item":"https:\/\/mivoot.com\/gt\/"},{"@type":"ListItem","position":2,"name":"Productos","item":"https:\/\/mivoot.com\/gt\/producto\/"},{"@type":"ListItem","position":3,"name":"Xiaomi","item":"https:\/\/mivoot.com\/gt\/marca\/xiaomi\/"},{"@type":"ListItem","position":4,"name":"Scooter Electric 4 Lite Negro Xiaomi"}]},{"@type":"WebSite","@id":"https:\/\/mivoot.com\/gt\/#website","url":"https:\/\/mivoot.com\/gt\/","name":"Mivoot","description":"Mivoot Guatemala | Tienda Online","publisher":{"@id":"https:\/\/mivoot.com\/gt\/#organization"},"alternateName":"mivoot","potentialAction":[{"@type":"SearchAction","target":{"@type":"EntryPoint","urlTemplate":"https:\/\/mivoot.com\/gt\/?s={search_term_string}"},"query-input":{"@type":"PropertyValueSpecification","valueRequired":true,"valueName":"search_term_string"}}],"inLanguage":"es"},{"@type":"Organization","@id":"https:\/\/mivoot.com\/gt\/#organization","name":"Mivoot Guatemala","alternateName":"mivoot.com","url":"https:\/\/mivoot.com\/gt\/","logo":{"@type":"ImageObject","inLanguage":"es","@id":"https:\/\/mivoot.com\/gt\/#\/schema\/logo\/image\/","url":"https:\/\/mivoot.com\/gt\/wp-content\/uploads\/2023\/03\/cropped-icon.png","contentUrl":"https:\/\/mivoot.com\/gt\/wp-content\/uploads\/2023\/03\/cropped-icon.png","width":512,"height":512,"caption":"Mivoot Guatemala"},"image":{"@id":"https:\/\/mivoot.com\/gt\/#\/schema\/logo\/image\/"},"sameAs":["https:\/\/www.facebook.com\/mivootgt","https:\/\/instagram.com\/mivoot"]}]}},"jetpack_publicize_connections":[],"jetpack_sharing_enabled":true,"brands":[{"id":94,"name":"Xiaomi","slug":"xiaomi"}],"_links":{"self":[{"href":"https:\/\/mivoot.com\/gt\/wp-json\/wp\/v2\/product\/24639","targetHints":{"allow":["GET"]}}],"collection":[{"href":"https:\/\/mivoot.com\/gt\/wp-json\/wp\/v2\/product"}],"about":[{"href":"https:\/\/mivoot.com\/gt\/wp-json\/wp\/v2\/types\/product"}],"replies":[{"embeddable":true,"href":"https:\/\/mivoot.com\/gt\/wp-json\/wp\/v2\/comments?post=24639"}],"version-history":[{"count":3,"href":"https:\/\/mivoot.com\/gt\/wp-json\/wp\/v2\/product\/24639\/revisions"}],"predecessor-version":[{"id":24648,"href":"https:\/\/mivoot.com\/gt\/wp-json\/wp\/v2\/product\/24639\/revisions\/24648"}],"wp:featuredmedia":[{"embeddable":true,"href":"https:\/\/mivoot.com\/gt\/wp-json\/wp\/v2\/media\/24643"}],"wp:attachment":[{"href":"https:\/\/mivoot.com\/gt\/wp-json\/wp\/v2\/media?parent=24639"}],"wp:term":[{"taxonomy":"pwb-brand","embeddable":true,"href":"https:\/\/mivoot.com\/gt\/wp-json\/wp\/v2\/pwb-brand?post=24639"},{"taxonomy":"product_brand","embeddable":true,"href":"https:\/\/mivoot.com\/gt\/wp-json\/wp\/v2\/product_brand?post=24639"},{"taxonomy":"product_cat","embeddable":true,"href":"https:\/\/mivoot.com\/gt\/wp-json\/wp\/v2\/product_cat?post=24639"},{"taxonomy":"product_tag","embeddable":true,"href":"https:\/\/mivoot.com\/gt\/wp-json\/wp\/v2\/product_tag?post=24639"}],"curies":[{"name":"wp","href":"https:\/\/api.w.org\/{rel}","templated":true}]}}