{"id":24761,"date":"2025-01-10T13:37:44","date_gmt":"2025-01-10T19:37:44","guid":{"rendered":"https:\/\/mivoot.com\/gt\/?post_type=product&#038;p=24761"},"modified":"2025-01-10T16:42:09","modified_gmt":"2025-01-10T22:42:09","slug":"licuadora-con-vaso-plastico-y-control-de-perilla-oster-2","status":"publish","type":"product","link":"https:\/\/mivoot.com\/gt\/producto\/licuadora-con-vaso-plastico-y-control-de-perilla-oster-2\/","title":{"rendered":"Licuadora con Vaso Pl\u00e1stico y Control de Perilla Negro Oster"},"content":{"rendered":"<p><img fetchpriority=\"high\" decoding=\"async\" class=\" wp-image-24754 aligncenter\" src=\"https:\/\/mivoot.com\/gt\/wp-content\/uploads\/2025\/01\/Captura-de-pantalla-2025-01-10-130455-300x186.png\" alt=\"\" width=\"925\" height=\"573\" srcset=\"https:\/\/mivoot.com\/gt\/wp-content\/uploads\/2025\/01\/Captura-de-pantalla-2025-01-10-130455-300x186.png 300w, https:\/\/mivoot.com\/gt\/wp-content\/uploads\/2025\/01\/Captura-de-pantalla-2025-01-10-130455-410x254.png 410w, https:\/\/mivoot.com\/gt\/wp-content\/uploads\/2025\/01\/Captura-de-pantalla-2025-01-10-130455-64x40.png 64w, https:\/\/mivoot.com\/gt\/wp-content\/uploads\/2025\/01\/Captura-de-pantalla-2025-01-10-130455-768x475.png 768w, https:\/\/mivoot.com\/gt\/wp-content\/uploads\/2025\/01\/Captura-de-pantalla-2025-01-10-130455-600x371.png 600w, https:\/\/mivoot.com\/gt\/wp-content\/uploads\/2025\/01\/Captura-de-pantalla-2025-01-10-130455.png 1021w\" sizes=\"(max-width: 925px) 100vw, 925px\" \/><\/p>\n<p>&nbsp;<\/p>\n<p style=\"text-align: center\">La licuadora Oster\u00ae con control de perilla y su potente motor 4 veces m\u00e1s duradero con 800 W de potencia\u00a0 te ayuda a preparar deliciosas y saludables recetas. Con alta fuerza de torsi\u00f3n, acople met\u00e1lico 10 veces m\u00e1s fuerte, revolucionaria cuchilla trituradora de hielo y vaso de pl\u00e1stico es ideal para preparar una amplia variedad de recetas fr\u00edas y calientes, jugos, batidos y mucho.<\/p>\n<p>&nbsp;<\/p>\n<p><img decoding=\"async\" class=\" wp-image-24753 aligncenter\" src=\"https:\/\/mivoot.com\/gt\/wp-content\/uploads\/2025\/01\/Captura-de-pantalla-2025-01-10-130706-300x121.png\" alt=\"\" width=\"976\" height=\"394\" srcset=\"https:\/\/mivoot.com\/gt\/wp-content\/uploads\/2025\/01\/Captura-de-pantalla-2025-01-10-130706-300x121.png 300w, https:\/\/mivoot.com\/gt\/wp-content\/uploads\/2025\/01\/Captura-de-pantalla-2025-01-10-130706-410x165.png 410w, https:\/\/mivoot.com\/gt\/wp-content\/uploads\/2025\/01\/Captura-de-pantalla-2025-01-10-130706-64x26.png 64w, https:\/\/mivoot.com\/gt\/wp-content\/uploads\/2025\/01\/Captura-de-pantalla-2025-01-10-130706-768x310.png 768w, https:\/\/mivoot.com\/gt\/wp-content\/uploads\/2025\/01\/Captura-de-pantalla-2025-01-10-130706-600x242.png 600w, https:\/\/mivoot.com\/gt\/wp-content\/uploads\/2025\/01\/Captura-de-pantalla-2025-01-10-130706.png 1024w\" sizes=\"(max-width: 976px) 100vw, 976px\" \/><\/p>\n<p><img decoding=\"async\" class=\" wp-image-24752 aligncenter\" src=\"https:\/\/mivoot.com\/gt\/wp-content\/uploads\/2025\/01\/Captura-de-pantalla-2025-01-10-130727-300x177.png\" alt=\"\" width=\"927\" height=\"547\" srcset=\"https:\/\/mivoot.com\/gt\/wp-content\/uploads\/2025\/01\/Captura-de-pantalla-2025-01-10-130727-300x177.png 300w, https:\/\/mivoot.com\/gt\/wp-content\/uploads\/2025\/01\/Captura-de-pantalla-2025-01-10-130727-410x243.png 410w, https:\/\/mivoot.com\/gt\/wp-content\/uploads\/2025\/01\/Captura-de-pantalla-2025-01-10-130727-64x38.png 64w, https:\/\/mivoot.com\/gt\/wp-content\/uploads\/2025\/01\/Captura-de-pantalla-2025-01-10-130727-768x454.png 768w, https:\/\/mivoot.com\/gt\/wp-content\/uploads\/2025\/01\/Captura-de-pantalla-2025-01-10-130727-600x355.png 600w, https:\/\/mivoot.com\/gt\/wp-content\/uploads\/2025\/01\/Captura-de-pantalla-2025-01-10-130727.png 984w\" sizes=\"(max-width: 927px) 100vw, 927px\" \/><\/p>\n<p>&nbsp;<\/p>\n<p><img loading=\"lazy\" decoding=\"async\" class=\" wp-image-24751 aligncenter\" src=\"https:\/\/mivoot.com\/gt\/wp-content\/uploads\/2025\/01\/Captura-de-pantalla-2025-01-10-130751-300x168.png\" alt=\"\" width=\"987\" height=\"553\" srcset=\"https:\/\/mivoot.com\/gt\/wp-content\/uploads\/2025\/01\/Captura-de-pantalla-2025-01-10-130751-300x168.png 300w, https:\/\/mivoot.com\/gt\/wp-content\/uploads\/2025\/01\/Captura-de-pantalla-2025-01-10-130751-410x230.png 410w, https:\/\/mivoot.com\/gt\/wp-content\/uploads\/2025\/01\/Captura-de-pantalla-2025-01-10-130751-64x36.png 64w, https:\/\/mivoot.com\/gt\/wp-content\/uploads\/2025\/01\/Captura-de-pantalla-2025-01-10-130751-768x431.png 768w, https:\/\/mivoot.com\/gt\/wp-content\/uploads\/2025\/01\/Captura-de-pantalla-2025-01-10-130751-600x336.png 600w, https:\/\/mivoot.com\/gt\/wp-content\/uploads\/2025\/01\/Captura-de-pantalla-2025-01-10-130751.png 988w\" sizes=\"(max-width: 987px) 100vw, 987px\" \/><\/p>\n<p>&nbsp;<\/p>\n<p><img loading=\"lazy\" decoding=\"async\" class=\"aligncenter\" src=\"https:\/\/osterlatino.com\/pdp\/BLSTKAPWRD\/images\/BLSTKAPWRD-image7A.jpg\" width=\"895\" height=\"596\" \/><\/p>\n<p>&nbsp;<\/p>\n<ul>\n<li style=\"text-align: left\">\u00a0Vaso de pl\u00e1stico de 1,25 L (5 tazas) de capacidad que es perfecto para preparar sopas y otros platos calientes o fr\u00edos.<\/li>\n<li style=\"text-align: left\">Potente motor con 800 W de potencia*<\/li>\n<li style=\"text-align: left\">Motor 4 veces m\u00e1s duradero**<\/li>\n<li style=\"text-align: left\">\u00a0Sistema de acople de met\u00e1lico 10 veces m\u00e1s fuerte*** entre la cuchilla y el eje de la base que prolonga la vida de la licuadora.<\/li>\n<li style=\"text-align: left\">Revolucionaria cuchilla trituradora de hielo<\/li>\n<li style=\"text-align: left\">Control de perilla de 2 velocidades y funci\u00f3n de pulso, que te da m\u00e1s control y flexibilidad para obtener la consistencia deseada.<\/li>\n<\/ul>\n<p style=\"text-align: left\">*Potencia pico<br \/>\n**Comparado con motor modelo PU5443127-6115-AL en pruebas de carga<br \/>\n***Resistencia a la tracci\u00f3n de acero laminado en frio 1213 comparado con pl\u00e1stico PP<\/p>\n<p>&nbsp;<\/p>\n<p>&nbsp;<\/p>\n<p><a href=\"https:\/\/youtu.be\/T04Ix2zYQKk\">https:\/\/youtu.be\/T04Ix2zYQKk<\/a><\/p>\n","protected":false},"excerpt":{"rendered":"<p>&#8211; Peso: 1.7 kg<br \/>\n&#8211; Medidas (Ancho x Largo X Alto): 15.24 x 20.3 x 37.8 cm<br \/>\n&#8211; Velocidades: 2<br \/>\n&#8211; Programas autom\u00e1ticos: No<br \/>\n&#8211; Interface: Perilla<br \/>\n&#8211; Accesorios incluidos: No<br \/>\n&#8211; Potencia en watts: 800<br \/>\n&#8211; Funci\u00f3n de pulso: si<br \/>\n&#8211; Tecnolog\u00eda Reversible: No<br \/>\n&#8211; Material del vaso\/jarra: Pl\u00e1stico<br \/>\n&#8211; Capacidad del vaso\/jarra: 1.25 L<br \/>\n&#8211; N\u00famero de aspas: 4<\/p>\n","protected":false},"featured_media":24766,"comment_status":"open","ping_status":"closed","template":"","meta":{"jetpack_publicize_message":"","jetpack_publicize_feature_enabled":true,"jetpack_social_post_already_shared":true,"jetpack_social_options":{"image_generator_settings":{"template":"highway","default_image_id":0,"font":"","enabled":false},"version":2}},"pwb-brand":[298],"product_brand":[],"product_cat":[499],"product_tag":[],"class_list":{"0":"post-24761","1":"product","2":"type-product","3":"status-publish","4":"has-post-thumbnail","6":"pwb-brand-oster","7":"product_cat-licuadoras","9":"first","10":"instock","11":"taxable","12":"shipping-taxable","13":"purchasable","14":"product-type-simple"},"yoast_head":"<!-- This site is optimized with the Yoast SEO Premium plugin v25.7.1 (Yoast SEO v26.8) - https:\/\/yoast.com\/product\/yoast-seo-premium-wordpress\/ -->\n<title>Licuadora con Vaso Pl\u00e1stico y Control de Perilla Negro Oster - Mivoot<\/title>\n<meta name=\"robots\" content=\"index, follow, max-snippet:-1, max-image-preview:large, max-video-preview:-1\" \/>\n<link rel=\"canonical\" href=\"https:\/\/mivoot.com\/gt\/producto\/licuadora-con-vaso-plastico-y-control-de-perilla-oster-2\/\" \/>\n<meta property=\"og:locale\" content=\"es_ES\" \/>\n<meta property=\"og:type\" content=\"article\" \/>\n<meta property=\"og:title\" content=\"Licuadora con Vaso Pl\u00e1stico y Control de Perilla Negro Oster\" \/>\n<meta property=\"og:description\" content=\"- Peso: 1.7 kg - Medidas (Ancho x Largo X Alto): 15.24 x 20.3 x 37.8 cm - Velocidades: 2 - Programas autom\u00e1ticos: No - Interface: Perilla - Accesorios incluidos: No - Potencia en watts: 800 - Funci\u00f3n de pulso: si - Tecnolog\u00eda Reversible: No - Material del vaso\/jarra: Pl\u00e1stico - Capacidad del vaso\/jarra: 1.25 L - N\u00famero de aspas: 4\" \/>\n<meta property=\"og:url\" content=\"https:\/\/mivoot.com\/gt\/producto\/licuadora-con-vaso-plastico-y-control-de-perilla-oster-2\/\" \/>\n<meta property=\"og:site_name\" content=\"Mivoot\" \/>\n<meta property=\"article:publisher\" content=\"https:\/\/www.facebook.com\/mivootgt\" \/>\n<meta property=\"article:modified_time\" content=\"2025-01-10T22:42:09+00:00\" \/>\n<meta property=\"og:image\" content=\"https:\/\/mivoot.com\/gt\/wp-content\/uploads\/2025\/01\/BLSTKAG-BRD-1.webp\" \/>\n\t<meta property=\"og:image:width\" content=\"1000\" \/>\n\t<meta property=\"og:image:height\" content=\"1000\" \/>\n\t<meta property=\"og:image:type\" content=\"image\/webp\" \/>\n<meta name=\"twitter:card\" content=\"summary_large_image\" \/>\n<meta name=\"twitter:label1\" content=\"Est. reading time\" \/>\n\t<meta name=\"twitter:data1\" content=\"2 minutos\" \/>\n<script type=\"application\/ld+json\" class=\"yoast-schema-graph\">{\"@context\":\"https:\/\/schema.org\",\"@graph\":[{\"@type\":\"WebPage\",\"@id\":\"https:\/\/mivoot.com\/gt\/producto\/licuadora-con-vaso-plastico-y-control-de-perilla-oster-2\/\",\"url\":\"https:\/\/mivoot.com\/gt\/producto\/licuadora-con-vaso-plastico-y-control-de-perilla-oster-2\/\",\"name\":\"Licuadora con Vaso Pl\u00e1stico y Control de Perilla Negro Oster - Mivoot\",\"isPartOf\":{\"@id\":\"https:\/\/mivoot.com\/gt\/#website\"},\"primaryImageOfPage\":{\"@id\":\"https:\/\/mivoot.com\/gt\/producto\/licuadora-con-vaso-plastico-y-control-de-perilla-oster-2\/#primaryimage\"},\"image\":{\"@id\":\"https:\/\/mivoot.com\/gt\/producto\/licuadora-con-vaso-plastico-y-control-de-perilla-oster-2\/#primaryimage\"},\"thumbnailUrl\":\"https:\/\/mivoot.com\/gt\/wp-content\/uploads\/2025\/01\/BLSTKAG-BRD-1.webp\",\"datePublished\":\"2025-01-10T19:37:44+00:00\",\"dateModified\":\"2025-01-10T22:42:09+00:00\",\"breadcrumb\":{\"@id\":\"https:\/\/mivoot.com\/gt\/producto\/licuadora-con-vaso-plastico-y-control-de-perilla-oster-2\/#breadcrumb\"},\"inLanguage\":\"es\",\"potentialAction\":[{\"@type\":\"ReadAction\",\"target\":[\"https:\/\/mivoot.com\/gt\/producto\/licuadora-con-vaso-plastico-y-control-de-perilla-oster-2\/\"]}]},{\"@type\":\"ImageObject\",\"inLanguage\":\"es\",\"@id\":\"https:\/\/mivoot.com\/gt\/producto\/licuadora-con-vaso-plastico-y-control-de-perilla-oster-2\/#primaryimage\",\"url\":\"https:\/\/mivoot.com\/gt\/wp-content\/uploads\/2025\/01\/BLSTKAG-BRD-1.webp\",\"contentUrl\":\"https:\/\/mivoot.com\/gt\/wp-content\/uploads\/2025\/01\/BLSTKAG-BRD-1.webp\",\"width\":1000,\"height\":1000},{\"@type\":\"BreadcrumbList\",\"@id\":\"https:\/\/mivoot.com\/gt\/producto\/licuadora-con-vaso-plastico-y-control-de-perilla-oster-2\/#breadcrumb\",\"itemListElement\":[{\"@type\":\"ListItem\",\"position\":1,\"name\":\"Inicio\",\"item\":\"https:\/\/mivoot.com\/gt\/\"},{\"@type\":\"ListItem\",\"position\":2,\"name\":\"Productos\",\"item\":\"https:\/\/mivoot.com\/gt\/producto\/\"},{\"@type\":\"ListItem\",\"position\":3,\"name\":\"Oster\",\"item\":\"https:\/\/mivoot.com\/gt\/marca\/oster\/\"},{\"@type\":\"ListItem\",\"position\":4,\"name\":\"Licuadora con Vaso Pl\u00e1stico y Control de Perilla Negro Oster\"}]},{\"@type\":\"WebSite\",\"@id\":\"https:\/\/mivoot.com\/gt\/#website\",\"url\":\"https:\/\/mivoot.com\/gt\/\",\"name\":\"Mivoot\",\"description\":\"Mivoot Guatemala | Tienda Online\",\"publisher\":{\"@id\":\"https:\/\/mivoot.com\/gt\/#organization\"},\"alternateName\":\"mivoot\",\"potentialAction\":[{\"@type\":\"SearchAction\",\"target\":{\"@type\":\"EntryPoint\",\"urlTemplate\":\"https:\/\/mivoot.com\/gt\/?s={search_term_string}\"},\"query-input\":{\"@type\":\"PropertyValueSpecification\",\"valueRequired\":true,\"valueName\":\"search_term_string\"}}],\"inLanguage\":\"es\"},{\"@type\":\"Organization\",\"@id\":\"https:\/\/mivoot.com\/gt\/#organization\",\"name\":\"Mivoot Guatemala\",\"alternateName\":\"mivoot.com\",\"url\":\"https:\/\/mivoot.com\/gt\/\",\"logo\":{\"@type\":\"ImageObject\",\"inLanguage\":\"es\",\"@id\":\"https:\/\/mivoot.com\/gt\/#\/schema\/logo\/image\/\",\"url\":\"https:\/\/mivoot.com\/gt\/wp-content\/uploads\/2023\/03\/cropped-icon.png\",\"contentUrl\":\"https:\/\/mivoot.com\/gt\/wp-content\/uploads\/2023\/03\/cropped-icon.png\",\"width\":512,\"height\":512,\"caption\":\"Mivoot Guatemala\"},\"image\":{\"@id\":\"https:\/\/mivoot.com\/gt\/#\/schema\/logo\/image\/\"},\"sameAs\":[\"https:\/\/www.facebook.com\/mivootgt\",\"https:\/\/instagram.com\/mivoot\"]}]}<\/script>\n<!-- \/ Yoast SEO Premium plugin. -->","yoast_head_json":{"title":"Licuadora con Vaso Pl\u00e1stico y Control de Perilla Negro Oster - Mivoot","robots":{"index":"index","follow":"follow","max-snippet":"max-snippet:-1","max-image-preview":"max-image-preview:large","max-video-preview":"max-video-preview:-1"},"canonical":"https:\/\/mivoot.com\/gt\/producto\/licuadora-con-vaso-plastico-y-control-de-perilla-oster-2\/","og_locale":"es_ES","og_type":"article","og_title":"Licuadora con Vaso Pl\u00e1stico y Control de Perilla Negro Oster","og_description":"- Peso: 1.7 kg - Medidas (Ancho x Largo X Alto): 15.24 x 20.3 x 37.8 cm - Velocidades: 2 - Programas autom\u00e1ticos: No - Interface: Perilla - Accesorios incluidos: No - Potencia en watts: 800 - Funci\u00f3n de pulso: si - Tecnolog\u00eda Reversible: No - Material del vaso\/jarra: Pl\u00e1stico - Capacidad del vaso\/jarra: 1.25 L - N\u00famero de aspas: 4","og_url":"https:\/\/mivoot.com\/gt\/producto\/licuadora-con-vaso-plastico-y-control-de-perilla-oster-2\/","og_site_name":"Mivoot","article_publisher":"https:\/\/www.facebook.com\/mivootgt","article_modified_time":"2025-01-10T22:42:09+00:00","og_image":[{"width":1000,"height":1000,"url":"https:\/\/mivoot.com\/gt\/wp-content\/uploads\/2025\/01\/BLSTKAG-BRD-1.webp","type":"image\/webp"}],"twitter_card":"summary_large_image","twitter_misc":{"Est. reading time":"2 minutos"},"schema":{"@context":"https:\/\/schema.org","@graph":[{"@type":"WebPage","@id":"https:\/\/mivoot.com\/gt\/producto\/licuadora-con-vaso-plastico-y-control-de-perilla-oster-2\/","url":"https:\/\/mivoot.com\/gt\/producto\/licuadora-con-vaso-plastico-y-control-de-perilla-oster-2\/","name":"Licuadora con Vaso Pl\u00e1stico y Control de Perilla Negro Oster - Mivoot","isPartOf":{"@id":"https:\/\/mivoot.com\/gt\/#website"},"primaryImageOfPage":{"@id":"https:\/\/mivoot.com\/gt\/producto\/licuadora-con-vaso-plastico-y-control-de-perilla-oster-2\/#primaryimage"},"image":{"@id":"https:\/\/mivoot.com\/gt\/producto\/licuadora-con-vaso-plastico-y-control-de-perilla-oster-2\/#primaryimage"},"thumbnailUrl":"https:\/\/mivoot.com\/gt\/wp-content\/uploads\/2025\/01\/BLSTKAG-BRD-1.webp","datePublished":"2025-01-10T19:37:44+00:00","dateModified":"2025-01-10T22:42:09+00:00","breadcrumb":{"@id":"https:\/\/mivoot.com\/gt\/producto\/licuadora-con-vaso-plastico-y-control-de-perilla-oster-2\/#breadcrumb"},"inLanguage":"es","potentialAction":[{"@type":"ReadAction","target":["https:\/\/mivoot.com\/gt\/producto\/licuadora-con-vaso-plastico-y-control-de-perilla-oster-2\/"]}]},{"@type":"ImageObject","inLanguage":"es","@id":"https:\/\/mivoot.com\/gt\/producto\/licuadora-con-vaso-plastico-y-control-de-perilla-oster-2\/#primaryimage","url":"https:\/\/mivoot.com\/gt\/wp-content\/uploads\/2025\/01\/BLSTKAG-BRD-1.webp","contentUrl":"https:\/\/mivoot.com\/gt\/wp-content\/uploads\/2025\/01\/BLSTKAG-BRD-1.webp","width":1000,"height":1000},{"@type":"BreadcrumbList","@id":"https:\/\/mivoot.com\/gt\/producto\/licuadora-con-vaso-plastico-y-control-de-perilla-oster-2\/#breadcrumb","itemListElement":[{"@type":"ListItem","position":1,"name":"Inicio","item":"https:\/\/mivoot.com\/gt\/"},{"@type":"ListItem","position":2,"name":"Productos","item":"https:\/\/mivoot.com\/gt\/producto\/"},{"@type":"ListItem","position":3,"name":"Oster","item":"https:\/\/mivoot.com\/gt\/marca\/oster\/"},{"@type":"ListItem","position":4,"name":"Licuadora con Vaso Pl\u00e1stico y Control de Perilla Negro Oster"}]},{"@type":"WebSite","@id":"https:\/\/mivoot.com\/gt\/#website","url":"https:\/\/mivoot.com\/gt\/","name":"Mivoot","description":"Mivoot Guatemala | Tienda Online","publisher":{"@id":"https:\/\/mivoot.com\/gt\/#organization"},"alternateName":"mivoot","potentialAction":[{"@type":"SearchAction","target":{"@type":"EntryPoint","urlTemplate":"https:\/\/mivoot.com\/gt\/?s={search_term_string}"},"query-input":{"@type":"PropertyValueSpecification","valueRequired":true,"valueName":"search_term_string"}}],"inLanguage":"es"},{"@type":"Organization","@id":"https:\/\/mivoot.com\/gt\/#organization","name":"Mivoot Guatemala","alternateName":"mivoot.com","url":"https:\/\/mivoot.com\/gt\/","logo":{"@type":"ImageObject","inLanguage":"es","@id":"https:\/\/mivoot.com\/gt\/#\/schema\/logo\/image\/","url":"https:\/\/mivoot.com\/gt\/wp-content\/uploads\/2023\/03\/cropped-icon.png","contentUrl":"https:\/\/mivoot.com\/gt\/wp-content\/uploads\/2023\/03\/cropped-icon.png","width":512,"height":512,"caption":"Mivoot Guatemala"},"image":{"@id":"https:\/\/mivoot.com\/gt\/#\/schema\/logo\/image\/"},"sameAs":["https:\/\/www.facebook.com\/mivootgt","https:\/\/instagram.com\/mivoot"]}]}},"jetpack_publicize_connections":[],"jetpack_sharing_enabled":true,"brands":[{"id":298,"name":"Oster","slug":"oster"}],"_links":{"self":[{"href":"https:\/\/mivoot.com\/gt\/wp-json\/wp\/v2\/product\/24761","targetHints":{"allow":["GET"]}}],"collection":[{"href":"https:\/\/mivoot.com\/gt\/wp-json\/wp\/v2\/product"}],"about":[{"href":"https:\/\/mivoot.com\/gt\/wp-json\/wp\/v2\/types\/product"}],"replies":[{"embeddable":true,"href":"https:\/\/mivoot.com\/gt\/wp-json\/wp\/v2\/comments?post=24761"}],"version-history":[{"count":3,"href":"https:\/\/mivoot.com\/gt\/wp-json\/wp\/v2\/product\/24761\/revisions"}],"predecessor-version":[{"id":24793,"href":"https:\/\/mivoot.com\/gt\/wp-json\/wp\/v2\/product\/24761\/revisions\/24793"}],"wp:featuredmedia":[{"embeddable":true,"href":"https:\/\/mivoot.com\/gt\/wp-json\/wp\/v2\/media\/24766"}],"wp:attachment":[{"href":"https:\/\/mivoot.com\/gt\/wp-json\/wp\/v2\/media?parent=24761"}],"wp:term":[{"taxonomy":"pwb-brand","embeddable":true,"href":"https:\/\/mivoot.com\/gt\/wp-json\/wp\/v2\/pwb-brand?post=24761"},{"taxonomy":"product_brand","embeddable":true,"href":"https:\/\/mivoot.com\/gt\/wp-json\/wp\/v2\/product_brand?post=24761"},{"taxonomy":"product_cat","embeddable":true,"href":"https:\/\/mivoot.com\/gt\/wp-json\/wp\/v2\/product_cat?post=24761"},{"taxonomy":"product_tag","embeddable":true,"href":"https:\/\/mivoot.com\/gt\/wp-json\/wp\/v2\/product_tag?post=24761"}],"curies":[{"name":"wp","href":"https:\/\/api.w.org\/{rel}","templated":true}]}}