{"id":24893,"date":"2025-01-12T21:16:13","date_gmt":"2025-01-13T03:16:13","guid":{"rendered":"https:\/\/mivoot.com\/gt\/?post_type=product&#038;p=24893"},"modified":"2025-01-13T12:40:33","modified_gmt":"2025-01-13T18:40:33","slug":"olla-de-presion-7-litros-oster","status":"publish","type":"product","link":"https:\/\/mivoot.com\/gt\/producto\/olla-de-presion-7-litros-oster\/","title":{"rendered":"Olla de Presi\u00f3n 7 litros Oster"},"content":{"rendered":"<p>Nuestra Olla de Presi\u00f3n Oster\u00ae de 7 litros, cuenta con 5 sistemas de seguridad para mayor confiabilidad del consumidor. Su fabricaci\u00f3n es de aluminio durable y ligero para una cocci\u00f3n eficiente. Incluye una tapa herm\u00e9tica con sello grueso y reforzado. !Disfruta mientras cocinas con seguridad en nuestra olla de presi\u00f3n!<\/p>\n<ul>\n<li>Capacidad de 7 litros<\/li>\n<li>Agarradera doble para un manejo m\u00e1s c\u00f3modo y segur<\/li>\n<li>Sistema 2 en 1 permite liberar presi\u00f3n mediante la salida de vapor y cierre interno de seguridad<\/li>\n<li>V\u00e1lvula que controla la presi\u00f3n liber\u00e1ndola autom\u00e1ticamente e indicando la condici\u00f3n de operaci\u00f3n<\/li>\n<li>Incluye: 2 v\u00e1lvulas de seguridad adicionales<\/li>\n<li>Asa auxiliar permite un manejo c\u00f3modo y seguro<\/li>\n<li>Fabricada en aluminio durable y ligero para una cocci\u00f3n eficiente<\/li>\n<li>Incluye una tapa herm\u00e9tica con sello grueso y reforzado<\/li>\n<\/ul>\n<table id=\"1016395\" class=\"DescriptionBySKU\">\n<tbody>\n<tr>\n<th>Observaci\u00f3n<\/th>\n<td>Verificar que la tapa este en su lugar<\/td>\n<\/tr>\n<tr>\n<th>Advertencia De Uso<\/th>\n<td>\n<ul>\n<li>Al utilizar utensilios calientes, tenga mucho cuidado. Si es necessario, utilice protecci\u00f3n para las manos<\/li>\n<li>mantener fuera del alcance de los ni\u00f1os<\/li>\n<\/ul>\n<\/td>\n<\/tr>\n<tr>\n<th>Recomendaci\u00f3n De Uso<\/th>\n<td>Lavar antes de usar, despues de uso esperar a que se enfrie para poder lavar y lavar bien las valvulas de seguridad<\/td>\n<\/tr>\n<\/tbody>\n<\/table>\n<p><img decoding=\"async\" src=\"https:\/\/http2.mlstatic.com\/D_NQ_NP_2X_736018-MPE53834916410_022023-F.webp\" alt=\"Olla De Presi\u00f3n Oster Ckstpc4692 De 7 Litros\" \/><\/p>\n","protected":false},"excerpt":{"rendered":"<p>&#8211; Capacidad de 7 litros<br \/>\n&#8211; Agarradera doble para un manejo m\u00e1s c\u00f3modo y seguro<br \/>\n&#8211; Cuerpo de aluminio con v\u00e1lvula de peso<br \/>\n&#8211; Sistema de liberaci\u00f3n de seguridad y anillos de sellado para una cocci\u00f3n m\u00e1s segura<br \/>\n&#8211; Cocina los alimentos de forma r\u00e1pida, uniforme y deliciosa<br \/>\n&#8211; Incluye: v\u00e1lvula limitadora de presi\u00f3n, anillo de sellado<br \/>\n&#8211; Antiadherente No<br \/>\n&#8211; Apto para cocina de inducci\u00f3n No<br \/>\n&#8211; Apto para lavavajillas S\u00ed<br \/>\n&#8211; Di\u00e1metro 26 cm<br \/>\n&#8211; Espesor 1 mm<\/p>\n","protected":false},"featured_media":24895,"comment_status":"open","ping_status":"closed","template":"","meta":{"jetpack_publicize_message":"","jetpack_publicize_feature_enabled":true,"jetpack_social_post_already_shared":true,"jetpack_social_options":{"image_generator_settings":{"template":"highway","default_image_id":0,"font":"","enabled":false},"version":2}},"pwb-brand":[298],"product_brand":[],"product_cat":[544],"product_tag":[],"class_list":{"0":"post-24893","1":"product","2":"type-product","3":"status-publish","4":"has-post-thumbnail","6":"pwb-brand-oster","7":"product_cat-ollas-y-sartenes","9":"first","10":"instock","11":"sale","12":"taxable","13":"shipping-taxable","14":"purchasable","15":"product-type-simple"},"yoast_head":"<!-- This site is optimized with the Yoast SEO Premium plugin v25.7.1 (Yoast SEO v26.8) - https:\/\/yoast.com\/product\/yoast-seo-premium-wordpress\/ -->\n<title>Olla de Presi\u00f3n 7 litros Oster - Mivoot<\/title>\n<meta name=\"robots\" content=\"index, follow, max-snippet:-1, max-image-preview:large, max-video-preview:-1\" \/>\n<link rel=\"canonical\" href=\"https:\/\/mivoot.com\/gt\/producto\/olla-de-presion-7-litros-oster\/\" \/>\n<meta property=\"og:locale\" content=\"es_ES\" \/>\n<meta property=\"og:type\" content=\"article\" \/>\n<meta property=\"og:title\" content=\"Olla de Presi\u00f3n 7 litros Oster\" \/>\n<meta property=\"og:description\" content=\"- Capacidad de 7 litros - Agarradera doble para un manejo m\u00e1s c\u00f3modo y seguro - Cuerpo de aluminio con v\u00e1lvula de peso - Sistema de liberaci\u00f3n de seguridad y anillos de sellado para una cocci\u00f3n m\u00e1s segura - Cocina los alimentos de forma r\u00e1pida, uniforme y deliciosa - Incluye: v\u00e1lvula limitadora de presi\u00f3n, anillo de sellado - Antiadherente No - Apto para cocina de inducci\u00f3n No - Apto para lavavajillas S\u00ed - Di\u00e1metro 26 cm - Espesor 1 mm\" \/>\n<meta property=\"og:url\" content=\"https:\/\/mivoot.com\/gt\/producto\/olla-de-presion-7-litros-oster\/\" \/>\n<meta property=\"og:site_name\" content=\"Mivoot\" \/>\n<meta property=\"article:publisher\" content=\"https:\/\/www.facebook.com\/mivootgt\" \/>\n<meta property=\"article:modified_time\" content=\"2025-01-13T18:40:33+00:00\" \/>\n<meta property=\"og:image\" content=\"https:\/\/mivoot.com\/gt\/wp-content\/uploads\/2025\/01\/CKSTPC4692-00.webp\" \/>\n\t<meta property=\"og:image:width\" content=\"1000\" \/>\n\t<meta property=\"og:image:height\" content=\"1000\" \/>\n\t<meta property=\"og:image:type\" content=\"image\/webp\" \/>\n<meta name=\"twitter:card\" content=\"summary_large_image\" \/>\n<meta name=\"twitter:label1\" content=\"Est. reading time\" \/>\n\t<meta name=\"twitter:data1\" content=\"2 minutos\" \/>\n<script type=\"application\/ld+json\" class=\"yoast-schema-graph\">{\"@context\":\"https:\/\/schema.org\",\"@graph\":[{\"@type\":\"WebPage\",\"@id\":\"https:\/\/mivoot.com\/gt\/producto\/olla-de-presion-7-litros-oster\/\",\"url\":\"https:\/\/mivoot.com\/gt\/producto\/olla-de-presion-7-litros-oster\/\",\"name\":\"Olla de Presi\u00f3n 7 litros Oster - Mivoot\",\"isPartOf\":{\"@id\":\"https:\/\/mivoot.com\/gt\/#website\"},\"primaryImageOfPage\":{\"@id\":\"https:\/\/mivoot.com\/gt\/producto\/olla-de-presion-7-litros-oster\/#primaryimage\"},\"image\":{\"@id\":\"https:\/\/mivoot.com\/gt\/producto\/olla-de-presion-7-litros-oster\/#primaryimage\"},\"thumbnailUrl\":\"https:\/\/mivoot.com\/gt\/wp-content\/uploads\/2025\/01\/CKSTPC4692-00.webp\",\"datePublished\":\"2025-01-13T03:16:13+00:00\",\"dateModified\":\"2025-01-13T18:40:33+00:00\",\"breadcrumb\":{\"@id\":\"https:\/\/mivoot.com\/gt\/producto\/olla-de-presion-7-litros-oster\/#breadcrumb\"},\"inLanguage\":\"es\",\"potentialAction\":[{\"@type\":\"ReadAction\",\"target\":[\"https:\/\/mivoot.com\/gt\/producto\/olla-de-presion-7-litros-oster\/\"]}]},{\"@type\":\"ImageObject\",\"inLanguage\":\"es\",\"@id\":\"https:\/\/mivoot.com\/gt\/producto\/olla-de-presion-7-litros-oster\/#primaryimage\",\"url\":\"https:\/\/mivoot.com\/gt\/wp-content\/uploads\/2025\/01\/CKSTPC4692-00.webp\",\"contentUrl\":\"https:\/\/mivoot.com\/gt\/wp-content\/uploads\/2025\/01\/CKSTPC4692-00.webp\",\"width\":1000,\"height\":1000},{\"@type\":\"BreadcrumbList\",\"@id\":\"https:\/\/mivoot.com\/gt\/producto\/olla-de-presion-7-litros-oster\/#breadcrumb\",\"itemListElement\":[{\"@type\":\"ListItem\",\"position\":1,\"name\":\"Inicio\",\"item\":\"https:\/\/mivoot.com\/gt\/\"},{\"@type\":\"ListItem\",\"position\":2,\"name\":\"Productos\",\"item\":\"https:\/\/mivoot.com\/gt\/producto\/\"},{\"@type\":\"ListItem\",\"position\":3,\"name\":\"Oster\",\"item\":\"https:\/\/mivoot.com\/gt\/marca\/oster\/\"},{\"@type\":\"ListItem\",\"position\":4,\"name\":\"Olla de Presi\u00f3n 7 litros Oster\"}]},{\"@type\":\"WebSite\",\"@id\":\"https:\/\/mivoot.com\/gt\/#website\",\"url\":\"https:\/\/mivoot.com\/gt\/\",\"name\":\"Mivoot\",\"description\":\"Mivoot Guatemala | Tienda Online\",\"publisher\":{\"@id\":\"https:\/\/mivoot.com\/gt\/#organization\"},\"alternateName\":\"mivoot\",\"potentialAction\":[{\"@type\":\"SearchAction\",\"target\":{\"@type\":\"EntryPoint\",\"urlTemplate\":\"https:\/\/mivoot.com\/gt\/?s={search_term_string}\"},\"query-input\":{\"@type\":\"PropertyValueSpecification\",\"valueRequired\":true,\"valueName\":\"search_term_string\"}}],\"inLanguage\":\"es\"},{\"@type\":\"Organization\",\"@id\":\"https:\/\/mivoot.com\/gt\/#organization\",\"name\":\"Mivoot Guatemala\",\"alternateName\":\"mivoot.com\",\"url\":\"https:\/\/mivoot.com\/gt\/\",\"logo\":{\"@type\":\"ImageObject\",\"inLanguage\":\"es\",\"@id\":\"https:\/\/mivoot.com\/gt\/#\/schema\/logo\/image\/\",\"url\":\"https:\/\/mivoot.com\/gt\/wp-content\/uploads\/2023\/03\/cropped-icon.png\",\"contentUrl\":\"https:\/\/mivoot.com\/gt\/wp-content\/uploads\/2023\/03\/cropped-icon.png\",\"width\":512,\"height\":512,\"caption\":\"Mivoot Guatemala\"},\"image\":{\"@id\":\"https:\/\/mivoot.com\/gt\/#\/schema\/logo\/image\/\"},\"sameAs\":[\"https:\/\/www.facebook.com\/mivootgt\",\"https:\/\/instagram.com\/mivoot\"]}]}<\/script>\n<!-- \/ Yoast SEO Premium plugin. -->","yoast_head_json":{"title":"Olla de Presi\u00f3n 7 litros Oster - Mivoot","robots":{"index":"index","follow":"follow","max-snippet":"max-snippet:-1","max-image-preview":"max-image-preview:large","max-video-preview":"max-video-preview:-1"},"canonical":"https:\/\/mivoot.com\/gt\/producto\/olla-de-presion-7-litros-oster\/","og_locale":"es_ES","og_type":"article","og_title":"Olla de Presi\u00f3n 7 litros Oster","og_description":"- Capacidad de 7 litros - Agarradera doble para un manejo m\u00e1s c\u00f3modo y seguro - Cuerpo de aluminio con v\u00e1lvula de peso - Sistema de liberaci\u00f3n de seguridad y anillos de sellado para una cocci\u00f3n m\u00e1s segura - Cocina los alimentos de forma r\u00e1pida, uniforme y deliciosa - Incluye: v\u00e1lvula limitadora de presi\u00f3n, anillo de sellado - Antiadherente No - Apto para cocina de inducci\u00f3n No - Apto para lavavajillas S\u00ed - Di\u00e1metro 26 cm - Espesor 1 mm","og_url":"https:\/\/mivoot.com\/gt\/producto\/olla-de-presion-7-litros-oster\/","og_site_name":"Mivoot","article_publisher":"https:\/\/www.facebook.com\/mivootgt","article_modified_time":"2025-01-13T18:40:33+00:00","og_image":[{"width":1000,"height":1000,"url":"https:\/\/mivoot.com\/gt\/wp-content\/uploads\/2025\/01\/CKSTPC4692-00.webp","type":"image\/webp"}],"twitter_card":"summary_large_image","twitter_misc":{"Est. reading time":"2 minutos"},"schema":{"@context":"https:\/\/schema.org","@graph":[{"@type":"WebPage","@id":"https:\/\/mivoot.com\/gt\/producto\/olla-de-presion-7-litros-oster\/","url":"https:\/\/mivoot.com\/gt\/producto\/olla-de-presion-7-litros-oster\/","name":"Olla de Presi\u00f3n 7 litros Oster - Mivoot","isPartOf":{"@id":"https:\/\/mivoot.com\/gt\/#website"},"primaryImageOfPage":{"@id":"https:\/\/mivoot.com\/gt\/producto\/olla-de-presion-7-litros-oster\/#primaryimage"},"image":{"@id":"https:\/\/mivoot.com\/gt\/producto\/olla-de-presion-7-litros-oster\/#primaryimage"},"thumbnailUrl":"https:\/\/mivoot.com\/gt\/wp-content\/uploads\/2025\/01\/CKSTPC4692-00.webp","datePublished":"2025-01-13T03:16:13+00:00","dateModified":"2025-01-13T18:40:33+00:00","breadcrumb":{"@id":"https:\/\/mivoot.com\/gt\/producto\/olla-de-presion-7-litros-oster\/#breadcrumb"},"inLanguage":"es","potentialAction":[{"@type":"ReadAction","target":["https:\/\/mivoot.com\/gt\/producto\/olla-de-presion-7-litros-oster\/"]}]},{"@type":"ImageObject","inLanguage":"es","@id":"https:\/\/mivoot.com\/gt\/producto\/olla-de-presion-7-litros-oster\/#primaryimage","url":"https:\/\/mivoot.com\/gt\/wp-content\/uploads\/2025\/01\/CKSTPC4692-00.webp","contentUrl":"https:\/\/mivoot.com\/gt\/wp-content\/uploads\/2025\/01\/CKSTPC4692-00.webp","width":1000,"height":1000},{"@type":"BreadcrumbList","@id":"https:\/\/mivoot.com\/gt\/producto\/olla-de-presion-7-litros-oster\/#breadcrumb","itemListElement":[{"@type":"ListItem","position":1,"name":"Inicio","item":"https:\/\/mivoot.com\/gt\/"},{"@type":"ListItem","position":2,"name":"Productos","item":"https:\/\/mivoot.com\/gt\/producto\/"},{"@type":"ListItem","position":3,"name":"Oster","item":"https:\/\/mivoot.com\/gt\/marca\/oster\/"},{"@type":"ListItem","position":4,"name":"Olla de Presi\u00f3n 7 litros Oster"}]},{"@type":"WebSite","@id":"https:\/\/mivoot.com\/gt\/#website","url":"https:\/\/mivoot.com\/gt\/","name":"Mivoot","description":"Mivoot Guatemala | Tienda Online","publisher":{"@id":"https:\/\/mivoot.com\/gt\/#organization"},"alternateName":"mivoot","potentialAction":[{"@type":"SearchAction","target":{"@type":"EntryPoint","urlTemplate":"https:\/\/mivoot.com\/gt\/?s={search_term_string}"},"query-input":{"@type":"PropertyValueSpecification","valueRequired":true,"valueName":"search_term_string"}}],"inLanguage":"es"},{"@type":"Organization","@id":"https:\/\/mivoot.com\/gt\/#organization","name":"Mivoot Guatemala","alternateName":"mivoot.com","url":"https:\/\/mivoot.com\/gt\/","logo":{"@type":"ImageObject","inLanguage":"es","@id":"https:\/\/mivoot.com\/gt\/#\/schema\/logo\/image\/","url":"https:\/\/mivoot.com\/gt\/wp-content\/uploads\/2023\/03\/cropped-icon.png","contentUrl":"https:\/\/mivoot.com\/gt\/wp-content\/uploads\/2023\/03\/cropped-icon.png","width":512,"height":512,"caption":"Mivoot Guatemala"},"image":{"@id":"https:\/\/mivoot.com\/gt\/#\/schema\/logo\/image\/"},"sameAs":["https:\/\/www.facebook.com\/mivootgt","https:\/\/instagram.com\/mivoot"]}]}},"jetpack_publicize_connections":[],"jetpack_sharing_enabled":true,"brands":[{"id":298,"name":"Oster","slug":"oster"}],"_links":{"self":[{"href":"https:\/\/mivoot.com\/gt\/wp-json\/wp\/v2\/product\/24893","targetHints":{"allow":["GET"]}}],"collection":[{"href":"https:\/\/mivoot.com\/gt\/wp-json\/wp\/v2\/product"}],"about":[{"href":"https:\/\/mivoot.com\/gt\/wp-json\/wp\/v2\/types\/product"}],"replies":[{"embeddable":true,"href":"https:\/\/mivoot.com\/gt\/wp-json\/wp\/v2\/comments?post=24893"}],"version-history":[{"count":1,"href":"https:\/\/mivoot.com\/gt\/wp-json\/wp\/v2\/product\/24893\/revisions"}],"predecessor-version":[{"id":24896,"href":"https:\/\/mivoot.com\/gt\/wp-json\/wp\/v2\/product\/24893\/revisions\/24896"}],"wp:featuredmedia":[{"embeddable":true,"href":"https:\/\/mivoot.com\/gt\/wp-json\/wp\/v2\/media\/24895"}],"wp:attachment":[{"href":"https:\/\/mivoot.com\/gt\/wp-json\/wp\/v2\/media?parent=24893"}],"wp:term":[{"taxonomy":"pwb-brand","embeddable":true,"href":"https:\/\/mivoot.com\/gt\/wp-json\/wp\/v2\/pwb-brand?post=24893"},{"taxonomy":"product_brand","embeddable":true,"href":"https:\/\/mivoot.com\/gt\/wp-json\/wp\/v2\/product_brand?post=24893"},{"taxonomy":"product_cat","embeddable":true,"href":"https:\/\/mivoot.com\/gt\/wp-json\/wp\/v2\/product_cat?post=24893"},{"taxonomy":"product_tag","embeddable":true,"href":"https:\/\/mivoot.com\/gt\/wp-json\/wp\/v2\/product_tag?post=24893"}],"curies":[{"name":"wp","href":"https:\/\/api.w.org\/{rel}","templated":true}]}}