{"id":24908,"date":"2025-01-12T22:03:07","date_gmt":"2025-01-13T04:03:07","guid":{"rendered":"https:\/\/mivoot.com\/gt\/?post_type=product&#038;p=24908"},"modified":"2025-01-12T22:04:08","modified_gmt":"2025-01-13T04:04:08","slug":"silla-gaming-thunderx3-tc3-max-tiger-naranja-aerocool","status":"publish","type":"product","link":"https:\/\/mivoot.com\/gt\/producto\/silla-gaming-thunderx3-tc3-max-tiger-naranja-aerocool\/","title":{"rendered":"Silla Gaming Thunderx3 Tc3 Max Tiger Naranja AeroCool"},"content":{"rendered":"<p><img decoding=\"async\" src=\"https:\/\/i0.wp.com\/thunderx3.com\/wp-content\/uploads\/2020\/08\/TC3-KV-1920x600-01.jpg\" \/><\/p>\n<div class=\"g-cols wpb_row via_flex valign_middle type_default stacking_default\">\n<div class=\"vc_col-sm-12 wpb_column vc_column_container container\">\n<div class=\"vc_column-inner\">\n<div class=\"wpb_wrapper\">\n<div class=\"wpb_text_column\">\n<div class=\"wpb_wrapper\">\n<h2>Disponible En 12 Colores<\/h2>\n<div class=\"wpb_text_column\">\n<div class=\"wpb_wrapper\">\n<p>Con doce opciones de vibrantes y estilosos colores para elegir, puedes expresarte y lucir tu propio estilo.<\/p>\n<\/div>\n<\/div>\n<\/div>\n<\/div>\n<\/div>\n<\/div>\n<\/div>\n<\/div>\n<div class=\"g-cols wpb_row via_flex valign_middle type_default stacking_default\">\n<div class=\"vc_col-sm-3\/5 wpb_column vc_column_container\">\n<div class=\"vc_column-inner\">\n<div class=\"wpb_wrapper\">\n<div class=\"w-slider style_none fit_scaledown nav_dots count_12\">\n<div class=\"w-slider-h\">\n<div class=\"royalSlider rsHor rsFade rsWithBullets\">\n<div class=\"rsNav rsBullets\">\n<div class=\"rsNavItem rsBullet\"><img fetchpriority=\"high\" decoding=\"async\" class=\"aligncenter\" src=\"https:\/\/i0.wp.com\/thunderx3.com\/wp-content\/uploads\/2020\/08\/TC3-Gaming-Chair-Feature-Highlights-600x400-Color-Tiger_Orange.png\" alt=\"\" width=\"600\" height=\"400\" \/><\/div>\n<div>\n<p>Con diez opciones de colores vibrantes y elegantes para elegir, puedes expresarte y lucir tu propio estilo \u00fanico. Constru\u00edda con un dise\u00f1o ergon\u00f3mico y cojines ajustables para la cabeza y el respaldo, esta silla gaming te mantiene c\u00f3modo y relajado en todo momento.<\/p>\n<p>Destacando una combinaci\u00f3n de dise\u00f1o \u00fanico y materiales de alta calidad, incluyendo AIR Tech, cuero sint\u00e9tico de primera calidad con dise\u00f1o de fibra de carbono, espuma de l\u00e1tex alta densidad, la serie TC proporciona m\u00e1xima comodidad y resistencia al mismo tiempo que aporta un aspecto con estilo y futurista a tu gaming setup<\/p>\n<ul>\n<li>Disponible en 12 colores<\/li>\n<li>Dise\u00f1o propio con logotipo grabado de ThunderX3 en las fundas, apoyabrazos, y ruedas<\/li>\n<li>AIR Tech para m\u00e1xima transpirabilidad<\/li>\n<li>Cuero sint\u00e9tico de primera calidad con patr\u00f3n de fibra de carbono<\/li>\n<li>Espuma de alta densidad para comodidad durante todo el d\u00eda<\/li>\n<li>Apoyabrazos bidireccionales ajustables<\/li>\n<li>Cojines ajustables para la cabeza y el respaldo<\/li>\n<li>El elevador de gas hidr\u00e1ulico de clase 4 soporta hasta 150 kg<\/li>\n<li>Respaldo reclinable ajustable<\/li>\n<\/ul>\n<\/div>\n<p><img decoding=\"async\" src=\"https:\/\/acdn.mitiendanube.com\/stores\/004\/944\/979\/products\/medidas_thunder-tc3-blanca-b1d467051d713951dc17220203674139-1024-1024.png\" alt=\"Silla Gamer Thunder X3 Tc3 Arctic White By Aerocool\" \/><\/p>\n<div>\n<div class=\"g-cols wpb_row via_flex valign_top type_default stacking_default\">\n<div class=\"vc_col-sm-12 wpb_column vc_column_container\">\n<div class=\"vc_column-inner\">\n<div class=\"wpb_wrapper\">\n<div class=\"wpb_text_column\">\n<div class=\"wpb_wrapper\">\n<h2>Elaborada Con Atenci\u00f3n Al Detalle<\/h2>\n<p>La TC3 fue elaborada con una impecable atenci\u00f3n a los detalles y la precisi\u00f3n para crear una silla de juego que cumple con nuestros extremadamente altos niveles de calidad, est\u00e9tica y comodidad.<\/p>\n<p>Destacando un dise\u00f1o interno elegante y magn\u00edfico, la cubierta lateral, apoyabrazos y ruedas de la silla gaming TC3 viene con un logotipo ThunderX3 grabado que a\u00f1ade un aire de elegancia y sofisticaci\u00f3n.<\/p>\n<div class=\"g-cols wpb_row via_flex valign_middle type_default stacking_default\">\n<div class=\"vc_col-sm-6 wpb_column vc_column_container\">\n<div class=\"vc_column-inner\">\n<div class=\"wpb_wrapper\">\n<div class=\"wpb_text_column\">\n<div class=\"wpb_wrapper\">\n<h2>Confort Durante Todo El D\u00eda<\/h2>\n<p>Con espuma de alta densidad que se ajusta a tu propio cuerpo y forma corporal, esta te proporciona un apoyo a todo el cuerpo. Estar\u00e1s c\u00f3modo sinti\u00e9ndote como un verdadero gamer.<\/p>\n<div class=\"wpb_text_column\">\n<div class=\"wpb_wrapper\">\n<h2>AIR Tech<\/h2>\n<p>AIR Tech combina un dise\u00f1o de materiales superiores, cl\u00e1sico y con poros en la espuma para aumentar la circulaci\u00f3n del aire y transpirabilidad, manteniendo la comodidad y frescura incluso despu\u00e9s de jornadas largas de juego.<\/p>\n<h2>Estilo Y Fibra De Carbono<\/h2>\n<p>El dise\u00f1o de patr\u00f3n de carbono y cuero sint\u00e9tico de primera calidad brinda una apariencia y sensaci\u00f3n elegante y futurista, lo que garantiza que la silla se vea genial desde todos los \u00e1ngulos.<\/p>\n<div class=\"g-cols wpb_row via_flex valign_top type_default stacking_default\">\n<div class=\"vc_col-sm-6 wpb_column vc_column_container\">\n<div class=\"vc_column-inner\">\n<div class=\"wpb_wrapper\">\n<div class=\"wpb_text_column\">\n<div class=\"wpb_wrapper\">\n<h2>Dise\u00f1o Ergon\u00f3mico<\/h2>\n<p>Con una curva ergon\u00f3mica incorporada en el respaldo, as\u00ed como cojines ajustables para la cabeza y el respaldo, esta silla gaming te brindar\u00e1 un amplio soporte para todo tu cuerpo mientras ayuda a mejorar tu postura.<\/p>\n<\/div>\n<\/div>\n<div class=\"w-separator size_medium\"><span style=\"font-size: 23.04px;\">Cojines de Cabeza y Espalda Ajustables<\/span><\/div>\n<div class=\"wpb_text_column\">\n<div class=\"wpb_wrapper\">\n<p>Viene con cojines ajustables en la cabeza y espalda para proporcionar un apoyo extra donde m\u00e1s lo necesitas.<\/p>\n<div class=\"g-cols wpb_row via_flex valign_middle type_default stacking_default\">\n<div class=\"vc_col-sm-6 wpb_column vc_column_container\">\n<div class=\"vc_column-inner\">\n<div class=\"wpb_wrapper\">\n<div class=\"wpb_text_column\">\n<div class=\"wpb_wrapper\">\n<h2>Apoyabrazos Bidireccionales<\/h2>\n<p>Los apoyabrazos bidireccionales ajustables te permiten ajustarlos a tu altura y direcci\u00f3n preferidas. Perfecto para colocar los brazos de la manera correcta mientras juegas.<\/p>\n<p><em>Las especificaciones pueden variar seg\u00fan su regi\u00f3n. P\u00f3ngase en contacto con su distribuidor local para obtener m\u00e1s informaci\u00f3n.<\/em><\/p>\n<\/div>\n<\/div>\n<\/div>\n<\/div>\n<\/div>\n<\/div>\n<\/div>\n<\/div>\n<\/div>\n<\/div>\n<\/div>\n<\/div>\n<\/div>\n<\/div>\n<\/div>\n<\/div>\n<\/div>\n<\/div>\n<\/div>\n<\/div>\n<\/div>\n<\/div>\n<\/div>\n<\/div>\n<\/div>\n<\/div>\n<\/div>\n<\/div>\n<\/div>\n<\/div>\n<\/div>\n<\/div>\n<\/div>\n<\/div>\n<div class=\"vc_col-sm-1\/5 wpb_column vc_column_container\">\n<div class=\"vc_column-inner\"><\/div>\n<\/div>\n<\/div>\n","protected":false},"excerpt":{"rendered":"<p>&#8211; Tama\u00f1o Est\u00e1ndar<br \/>\n&#8211; Espuma de alta densidad<br \/>\n&#8211; Marco de Acero<br \/>\n&#8211; Espuma de alta densidad<br \/>\n&#8211; Tipo De Marco Acero<br \/>\n&#8211; Apoyabrazos Ajustables S\u00ed, bidireccional<br \/>\n&#8211; Respaldo Ajustable<br \/>\n&#8211; Mecanismo de mariposas<br \/>\n&#8211; Altura De La Silla de 133-143cm<br \/>\n&#8211; Almohada lumbar de ajuste hacia arriba y hacia abajo<br \/>\n&#8211; Mecanismo De Balanceo entre 3\u00b0 \u2013 18\u00b0<br \/>\n&#8211; Rueda de nailon de 65 mm<br \/>\n&#8211; Cilindro elevador de gas de clase 4<br \/>\n&#8211; Peso Recomendado &lt;150kg\/330lbs<\/p>\n","protected":false},"featured_media":24910,"comment_status":"open","ping_status":"closed","template":"","meta":{"jetpack_publicize_message":"","jetpack_publicize_feature_enabled":true,"jetpack_social_post_already_shared":true,"jetpack_social_options":{"image_generator_settings":{"template":"highway","default_image_id":0,"font":"","enabled":false},"version":2}},"pwb-brand":[591],"product_brand":[],"product_cat":[46],"product_tag":[],"class_list":{"0":"post-24908","1":"product","2":"type-product","3":"status-publish","4":"has-post-thumbnail","6":"pwb-brand-aerocool","7":"product_cat-sillas","9":"first","10":"instock","11":"taxable","12":"shipping-taxable","13":"purchasable","14":"product-type-simple"},"yoast_head":"<!-- This site is optimized with the Yoast SEO Premium plugin v25.7.1 (Yoast SEO v26.8) - https:\/\/yoast.com\/product\/yoast-seo-premium-wordpress\/ -->\n<title>Silla Gaming Thunderx3 Tc3 Max Tiger Naranja AeroCool - Mivoot<\/title>\n<meta name=\"robots\" content=\"index, follow, max-snippet:-1, max-image-preview:large, max-video-preview:-1\" \/>\n<link rel=\"canonical\" href=\"https:\/\/mivoot.com\/gt\/producto\/silla-gaming-thunderx3-tc3-max-tiger-naranja-aerocool\/\" \/>\n<meta property=\"og:locale\" content=\"es_ES\" \/>\n<meta property=\"og:type\" content=\"article\" \/>\n<meta property=\"og:title\" content=\"Silla Gaming Thunderx3 Tc3 Max Tiger Naranja AeroCool\" \/>\n<meta property=\"og:description\" content=\"- Tama\u00f1o Est\u00e1ndar - Espuma de alta densidad - Marco de Acero - Espuma de alta densidad - Tipo De Marco Acero - Apoyabrazos Ajustables S\u00ed, bidireccional - Respaldo Ajustable - Mecanismo de mariposas - Altura De La Silla de 133-143cm - Almohada lumbar de ajuste hacia arriba y hacia abajo - Mecanismo De Balanceo entre 3\u00b0 \u2013 18\u00b0 - Rueda de nailon de 65 mm - Cilindro elevador de gas de clase 4 - Peso Recomendado &lt;150kg\/330lbs\" \/>\n<meta property=\"og:url\" content=\"https:\/\/mivoot.com\/gt\/producto\/silla-gaming-thunderx3-tc3-max-tiger-naranja-aerocool\/\" \/>\n<meta property=\"og:site_name\" content=\"Mivoot\" \/>\n<meta property=\"article:publisher\" content=\"https:\/\/www.facebook.com\/mivootgt\" \/>\n<meta property=\"article:modified_time\" content=\"2025-01-13T04:04:08+00:00\" \/>\n<meta property=\"og:image\" content=\"https:\/\/mivoot.com\/gt\/wp-content\/uploads\/2025\/01\/tiger-naranja-00.jpg\" \/>\n\t<meta property=\"og:image:width\" content=\"800\" \/>\n\t<meta property=\"og:image:height\" content=\"800\" \/>\n\t<meta property=\"og:image:type\" content=\"image\/jpeg\" \/>\n<meta name=\"twitter:card\" content=\"summary_large_image\" \/>\n<meta name=\"twitter:label1\" content=\"Est. reading time\" \/>\n\t<meta name=\"twitter:data1\" content=\"3 minutos\" \/>\n<script type=\"application\/ld+json\" class=\"yoast-schema-graph\">{\"@context\":\"https:\/\/schema.org\",\"@graph\":[{\"@type\":\"WebPage\",\"@id\":\"https:\/\/mivoot.com\/gt\/producto\/silla-gaming-thunderx3-tc3-max-tiger-naranja-aerocool\/\",\"url\":\"https:\/\/mivoot.com\/gt\/producto\/silla-gaming-thunderx3-tc3-max-tiger-naranja-aerocool\/\",\"name\":\"Silla Gaming Thunderx3 Tc3 Max Tiger Naranja AeroCool - Mivoot\",\"isPartOf\":{\"@id\":\"https:\/\/mivoot.com\/gt\/#website\"},\"primaryImageOfPage\":{\"@id\":\"https:\/\/mivoot.com\/gt\/producto\/silla-gaming-thunderx3-tc3-max-tiger-naranja-aerocool\/#primaryimage\"},\"image\":{\"@id\":\"https:\/\/mivoot.com\/gt\/producto\/silla-gaming-thunderx3-tc3-max-tiger-naranja-aerocool\/#primaryimage\"},\"thumbnailUrl\":\"https:\/\/mivoot.com\/gt\/wp-content\/uploads\/2025\/01\/tiger-naranja-00.jpg\",\"datePublished\":\"2025-01-13T04:03:07+00:00\",\"dateModified\":\"2025-01-13T04:04:08+00:00\",\"breadcrumb\":{\"@id\":\"https:\/\/mivoot.com\/gt\/producto\/silla-gaming-thunderx3-tc3-max-tiger-naranja-aerocool\/#breadcrumb\"},\"inLanguage\":\"es\",\"potentialAction\":[{\"@type\":\"ReadAction\",\"target\":[\"https:\/\/mivoot.com\/gt\/producto\/silla-gaming-thunderx3-tc3-max-tiger-naranja-aerocool\/\"]}]},{\"@type\":\"ImageObject\",\"inLanguage\":\"es\",\"@id\":\"https:\/\/mivoot.com\/gt\/producto\/silla-gaming-thunderx3-tc3-max-tiger-naranja-aerocool\/#primaryimage\",\"url\":\"https:\/\/mivoot.com\/gt\/wp-content\/uploads\/2025\/01\/tiger-naranja-00.jpg\",\"contentUrl\":\"https:\/\/mivoot.com\/gt\/wp-content\/uploads\/2025\/01\/tiger-naranja-00.jpg\",\"width\":800,\"height\":800},{\"@type\":\"BreadcrumbList\",\"@id\":\"https:\/\/mivoot.com\/gt\/producto\/silla-gaming-thunderx3-tc3-max-tiger-naranja-aerocool\/#breadcrumb\",\"itemListElement\":[{\"@type\":\"ListItem\",\"position\":1,\"name\":\"Inicio\",\"item\":\"https:\/\/mivoot.com\/gt\/\"},{\"@type\":\"ListItem\",\"position\":2,\"name\":\"Productos\",\"item\":\"https:\/\/mivoot.com\/gt\/producto\/\"},{\"@type\":\"ListItem\",\"position\":3,\"name\":\"AeroCool\",\"item\":\"https:\/\/mivoot.com\/gt\/marca\/aerocool\/\"},{\"@type\":\"ListItem\",\"position\":4,\"name\":\"Silla Gaming Thunderx3 Tc3 Max Tiger Naranja AeroCool\"}]},{\"@type\":\"WebSite\",\"@id\":\"https:\/\/mivoot.com\/gt\/#website\",\"url\":\"https:\/\/mivoot.com\/gt\/\",\"name\":\"Mivoot\",\"description\":\"Mivoot Guatemala | Tienda Online\",\"publisher\":{\"@id\":\"https:\/\/mivoot.com\/gt\/#organization\"},\"alternateName\":\"mivoot\",\"potentialAction\":[{\"@type\":\"SearchAction\",\"target\":{\"@type\":\"EntryPoint\",\"urlTemplate\":\"https:\/\/mivoot.com\/gt\/?s={search_term_string}\"},\"query-input\":{\"@type\":\"PropertyValueSpecification\",\"valueRequired\":true,\"valueName\":\"search_term_string\"}}],\"inLanguage\":\"es\"},{\"@type\":\"Organization\",\"@id\":\"https:\/\/mivoot.com\/gt\/#organization\",\"name\":\"Mivoot Guatemala\",\"alternateName\":\"mivoot.com\",\"url\":\"https:\/\/mivoot.com\/gt\/\",\"logo\":{\"@type\":\"ImageObject\",\"inLanguage\":\"es\",\"@id\":\"https:\/\/mivoot.com\/gt\/#\/schema\/logo\/image\/\",\"url\":\"https:\/\/mivoot.com\/gt\/wp-content\/uploads\/2023\/03\/cropped-icon.png\",\"contentUrl\":\"https:\/\/mivoot.com\/gt\/wp-content\/uploads\/2023\/03\/cropped-icon.png\",\"width\":512,\"height\":512,\"caption\":\"Mivoot Guatemala\"},\"image\":{\"@id\":\"https:\/\/mivoot.com\/gt\/#\/schema\/logo\/image\/\"},\"sameAs\":[\"https:\/\/www.facebook.com\/mivootgt\",\"https:\/\/instagram.com\/mivoot\"]}]}<\/script>\n<!-- \/ Yoast SEO Premium plugin. -->","yoast_head_json":{"title":"Silla Gaming Thunderx3 Tc3 Max Tiger Naranja AeroCool - Mivoot","robots":{"index":"index","follow":"follow","max-snippet":"max-snippet:-1","max-image-preview":"max-image-preview:large","max-video-preview":"max-video-preview:-1"},"canonical":"https:\/\/mivoot.com\/gt\/producto\/silla-gaming-thunderx3-tc3-max-tiger-naranja-aerocool\/","og_locale":"es_ES","og_type":"article","og_title":"Silla Gaming Thunderx3 Tc3 Max Tiger Naranja AeroCool","og_description":"- Tama\u00f1o Est\u00e1ndar - Espuma de alta densidad - Marco de Acero - Espuma de alta densidad - Tipo De Marco Acero - Apoyabrazos Ajustables S\u00ed, bidireccional - Respaldo Ajustable - Mecanismo de mariposas - Altura De La Silla de 133-143cm - Almohada lumbar de ajuste hacia arriba y hacia abajo - Mecanismo De Balanceo entre 3\u00b0 \u2013 18\u00b0 - Rueda de nailon de 65 mm - Cilindro elevador de gas de clase 4 - Peso Recomendado &lt;150kg\/330lbs","og_url":"https:\/\/mivoot.com\/gt\/producto\/silla-gaming-thunderx3-tc3-max-tiger-naranja-aerocool\/","og_site_name":"Mivoot","article_publisher":"https:\/\/www.facebook.com\/mivootgt","article_modified_time":"2025-01-13T04:04:08+00:00","og_image":[{"width":800,"height":800,"url":"https:\/\/mivoot.com\/gt\/wp-content\/uploads\/2025\/01\/tiger-naranja-00.jpg","type":"image\/jpeg"}],"twitter_card":"summary_large_image","twitter_misc":{"Est. reading time":"3 minutos"},"schema":{"@context":"https:\/\/schema.org","@graph":[{"@type":"WebPage","@id":"https:\/\/mivoot.com\/gt\/producto\/silla-gaming-thunderx3-tc3-max-tiger-naranja-aerocool\/","url":"https:\/\/mivoot.com\/gt\/producto\/silla-gaming-thunderx3-tc3-max-tiger-naranja-aerocool\/","name":"Silla Gaming Thunderx3 Tc3 Max Tiger Naranja AeroCool - Mivoot","isPartOf":{"@id":"https:\/\/mivoot.com\/gt\/#website"},"primaryImageOfPage":{"@id":"https:\/\/mivoot.com\/gt\/producto\/silla-gaming-thunderx3-tc3-max-tiger-naranja-aerocool\/#primaryimage"},"image":{"@id":"https:\/\/mivoot.com\/gt\/producto\/silla-gaming-thunderx3-tc3-max-tiger-naranja-aerocool\/#primaryimage"},"thumbnailUrl":"https:\/\/mivoot.com\/gt\/wp-content\/uploads\/2025\/01\/tiger-naranja-00.jpg","datePublished":"2025-01-13T04:03:07+00:00","dateModified":"2025-01-13T04:04:08+00:00","breadcrumb":{"@id":"https:\/\/mivoot.com\/gt\/producto\/silla-gaming-thunderx3-tc3-max-tiger-naranja-aerocool\/#breadcrumb"},"inLanguage":"es","potentialAction":[{"@type":"ReadAction","target":["https:\/\/mivoot.com\/gt\/producto\/silla-gaming-thunderx3-tc3-max-tiger-naranja-aerocool\/"]}]},{"@type":"ImageObject","inLanguage":"es","@id":"https:\/\/mivoot.com\/gt\/producto\/silla-gaming-thunderx3-tc3-max-tiger-naranja-aerocool\/#primaryimage","url":"https:\/\/mivoot.com\/gt\/wp-content\/uploads\/2025\/01\/tiger-naranja-00.jpg","contentUrl":"https:\/\/mivoot.com\/gt\/wp-content\/uploads\/2025\/01\/tiger-naranja-00.jpg","width":800,"height":800},{"@type":"BreadcrumbList","@id":"https:\/\/mivoot.com\/gt\/producto\/silla-gaming-thunderx3-tc3-max-tiger-naranja-aerocool\/#breadcrumb","itemListElement":[{"@type":"ListItem","position":1,"name":"Inicio","item":"https:\/\/mivoot.com\/gt\/"},{"@type":"ListItem","position":2,"name":"Productos","item":"https:\/\/mivoot.com\/gt\/producto\/"},{"@type":"ListItem","position":3,"name":"AeroCool","item":"https:\/\/mivoot.com\/gt\/marca\/aerocool\/"},{"@type":"ListItem","position":4,"name":"Silla Gaming Thunderx3 Tc3 Max Tiger Naranja AeroCool"}]},{"@type":"WebSite","@id":"https:\/\/mivoot.com\/gt\/#website","url":"https:\/\/mivoot.com\/gt\/","name":"Mivoot","description":"Mivoot Guatemala | Tienda Online","publisher":{"@id":"https:\/\/mivoot.com\/gt\/#organization"},"alternateName":"mivoot","potentialAction":[{"@type":"SearchAction","target":{"@type":"EntryPoint","urlTemplate":"https:\/\/mivoot.com\/gt\/?s={search_term_string}"},"query-input":{"@type":"PropertyValueSpecification","valueRequired":true,"valueName":"search_term_string"}}],"inLanguage":"es"},{"@type":"Organization","@id":"https:\/\/mivoot.com\/gt\/#organization","name":"Mivoot Guatemala","alternateName":"mivoot.com","url":"https:\/\/mivoot.com\/gt\/","logo":{"@type":"ImageObject","inLanguage":"es","@id":"https:\/\/mivoot.com\/gt\/#\/schema\/logo\/image\/","url":"https:\/\/mivoot.com\/gt\/wp-content\/uploads\/2023\/03\/cropped-icon.png","contentUrl":"https:\/\/mivoot.com\/gt\/wp-content\/uploads\/2023\/03\/cropped-icon.png","width":512,"height":512,"caption":"Mivoot Guatemala"},"image":{"@id":"https:\/\/mivoot.com\/gt\/#\/schema\/logo\/image\/"},"sameAs":["https:\/\/www.facebook.com\/mivootgt","https:\/\/instagram.com\/mivoot"]}]}},"jetpack_publicize_connections":[],"jetpack_sharing_enabled":true,"brands":[{"id":591,"name":"AeroCool","slug":"aerocool"}],"_links":{"self":[{"href":"https:\/\/mivoot.com\/gt\/wp-json\/wp\/v2\/product\/24908","targetHints":{"allow":["GET"]}}],"collection":[{"href":"https:\/\/mivoot.com\/gt\/wp-json\/wp\/v2\/product"}],"about":[{"href":"https:\/\/mivoot.com\/gt\/wp-json\/wp\/v2\/types\/product"}],"replies":[{"embeddable":true,"href":"https:\/\/mivoot.com\/gt\/wp-json\/wp\/v2\/comments?post=24908"}],"version-history":[{"count":3,"href":"https:\/\/mivoot.com\/gt\/wp-json\/wp\/v2\/product\/24908\/revisions"}],"predecessor-version":[{"id":24918,"href":"https:\/\/mivoot.com\/gt\/wp-json\/wp\/v2\/product\/24908\/revisions\/24918"}],"wp:featuredmedia":[{"embeddable":true,"href":"https:\/\/mivoot.com\/gt\/wp-json\/wp\/v2\/media\/24910"}],"wp:attachment":[{"href":"https:\/\/mivoot.com\/gt\/wp-json\/wp\/v2\/media?parent=24908"}],"wp:term":[{"taxonomy":"pwb-brand","embeddable":true,"href":"https:\/\/mivoot.com\/gt\/wp-json\/wp\/v2\/pwb-brand?post=24908"},{"taxonomy":"product_brand","embeddable":true,"href":"https:\/\/mivoot.com\/gt\/wp-json\/wp\/v2\/product_brand?post=24908"},{"taxonomy":"product_cat","embeddable":true,"href":"https:\/\/mivoot.com\/gt\/wp-json\/wp\/v2\/product_cat?post=24908"},{"taxonomy":"product_tag","embeddable":true,"href":"https:\/\/mivoot.com\/gt\/wp-json\/wp\/v2\/product_tag?post=24908"}],"curies":[{"name":"wp","href":"https:\/\/api.w.org\/{rel}","templated":true}]}}