{"id":25180,"date":"2025-01-20T16:12:36","date_gmt":"2025-01-20T22:12:36","guid":{"rendered":"https:\/\/mivoot.com\/gt\/?post_type=product&#038;p=25180"},"modified":"2025-01-20T16:12:37","modified_gmt":"2025-01-20T22:12:37","slug":"enrolador-lector-de-huellas-silkid-usb-slk20r-zkteco","status":"publish","type":"product","link":"https:\/\/mivoot.com\/gt\/producto\/enrolador-lector-de-huellas-silkid-usb-slk20r-zkteco\/","title":{"rendered":"Enrolador Lector de Huellas SILKID USB SLK20R ZKTeco"},"content":{"rendered":"<p>SLK20R es un potente sensor de huellas digitales dise\u00f1ado por el laboratorio de ZKTeco en Silicon Valley, Estados Unidos el cual adopta un avanzado dise\u00f1o \u00f3ptico.<\/p>\n<p>Cuenta con las certi\ufb01caciones\u00a0<strong><em>PIV Single Finger Capture Device y<\/em>\u00a0<em>PIV Mobile ID FAP20<\/em><\/strong>\u00a0del FBI lo que lo aprueba como un dispositivo con avanzada habilidad para detecci\u00f3n de huellas falsas y captura de im\u00e1genes de las huellas digitales con una alta calidad de 2 megap\u00edxeles.<\/p>\n<p>El SLK20R es la mejor opci\u00f3n en cuanto a un dispositivo de escritorio para enrolar e identi\ufb01car debido a su comodidad y asequibilidad.<\/p>\n<ul>\n<li>Tipo de Sensor: \u00f3ptico<\/li>\n<li>\u00c1rea de Captura: 15.24 * 20.32 mm (FAP20)<\/li>\n<li>Tama\u00f1o de Imagen: 300 * 400<\/li>\n<li>Resoluci\u00f3n (dpi): 500<\/li>\n<li>Interfaz: USB2.0 compatible con USB 1.1<\/li>\n<li>Sistema Operativo: Windows XP\/Vista\/7\/8\/10 (32\/64 bits)<\/li>\n<li>Suministro de Voltaje: 5 V, suministrados por el puerto USB<\/li>\n<li>Temperatura de Operaci\u00f3n: -20 \u00b0C ~ +50 \u00b0C<\/li>\n<li>Rotaci\u00f3n del Dedo: 360\u00b0<\/li>\n<li>Dimensiones: 49 * 44 * 20.1 mm<\/li>\n<li>Compatible con ZKBiosecurity y Biotime7<\/li>\n<\/ul>\n","protected":false},"excerpt":{"rendered":"<p>&#8211; Operaci\u00f3n estable bajo luz intensa.<br \/>\n&#8211; Tipo de Sensor: \u00f3ptico<br \/>\n&#8211; \u00c1rea de Captura: 15.24 * 20.32 mm (FAP20)<br \/>\n&#8211; Tama\u00f1o de Imagen: 300 * 400<br \/>\n&#8211; Resoluci\u00f3n (dpi): 500<br \/>\n&#8211; Funci\u00f3n anti-falsi\ufb01caci\u00f3n de huellas digitales.<br \/>\n&#8211; Amplia zona de captura de huellas y alta calidad de imagen.<br \/>\n&#8211; Reconocimiento r\u00e1pido de huellas secas, \u00e1speras y h\u00famedas.<br \/>\n&#8211; USB 2.0 de alta velocidad.<br \/>\n&#8211; Facil Instalaci\u00f3n y Conectividad.<br \/>\n&#8211; Modo de reposo.<br \/>\n&#8211; SDK disponible para desarrolladores.<\/p>\n","protected":false},"featured_media":25186,"comment_status":"open","ping_status":"closed","template":"","meta":{"jetpack_publicize_message":"","jetpack_publicize_feature_enabled":true,"jetpack_social_post_already_shared":true,"jetpack_social_options":{"image_generator_settings":{"template":"highway","default_image_id":0,"font":"","enabled":false},"version":2}},"pwb-brand":[101],"product_brand":[],"product_cat":[371],"product_tag":[],"class_list":{"0":"post-25180","1":"product","2":"type-product","3":"status-publish","4":"has-post-thumbnail","6":"pwb-brand-zkteco-guatemala","7":"product_cat-control-de-acceso-accesorios","9":"first","10":"instock","11":"taxable","12":"shipping-taxable","13":"purchasable","14":"product-type-simple"},"yoast_head":"<!-- This site is optimized with the Yoast SEO Premium plugin v25.7.1 (Yoast SEO v26.8) - https:\/\/yoast.com\/product\/yoast-seo-premium-wordpress\/ -->\n<title>Enrolador Lector de Huellas SILKID USB SLK20R ZKTeco - Mivoot<\/title>\n<meta name=\"robots\" content=\"index, follow, max-snippet:-1, max-image-preview:large, max-video-preview:-1\" \/>\n<link rel=\"canonical\" href=\"https:\/\/mivoot.com\/gt\/producto\/enrolador-lector-de-huellas-silkid-usb-slk20r-zkteco\/\" \/>\n<meta property=\"og:locale\" content=\"es_ES\" \/>\n<meta property=\"og:type\" content=\"article\" \/>\n<meta property=\"og:title\" content=\"Enrolador Lector de Huellas SILKID USB SLK20R ZKTeco\" \/>\n<meta property=\"og:description\" content=\"- Operaci\u00f3n estable bajo luz intensa. - Tipo de Sensor: \u00f3ptico - \u00c1rea de Captura: 15.24 * 20.32 mm (FAP20) - Tama\u00f1o de Imagen: 300 * 400 - Resoluci\u00f3n (dpi): 500 - Funci\u00f3n anti-falsi\ufb01caci\u00f3n de huellas digitales. - Amplia zona de captura de huellas y alta calidad de imagen. - Reconocimiento r\u00e1pido de huellas secas, \u00e1speras y h\u00famedas. - USB 2.0 de alta velocidad. - Facil Instalaci\u00f3n y Conectividad. - Modo de reposo. - SDK disponible para desarrolladores.\" \/>\n<meta property=\"og:url\" content=\"https:\/\/mivoot.com\/gt\/producto\/enrolador-lector-de-huellas-silkid-usb-slk20r-zkteco\/\" \/>\n<meta property=\"og:site_name\" content=\"Mivoot\" \/>\n<meta property=\"article:publisher\" content=\"https:\/\/www.facebook.com\/mivootgt\" \/>\n<meta property=\"article:modified_time\" content=\"2025-01-20T22:12:37+00:00\" \/>\n<meta property=\"og:image\" content=\"https:\/\/mivoot.com\/gt\/wp-content\/uploads\/2025\/01\/SLK20R-l.webp\" \/>\n\t<meta property=\"og:image:width\" content=\"1000\" \/>\n\t<meta property=\"og:image:height\" content=\"1000\" \/>\n\t<meta property=\"og:image:type\" content=\"image\/webp\" \/>\n<meta name=\"twitter:card\" content=\"summary_large_image\" \/>\n<meta name=\"twitter:label1\" content=\"Est. reading time\" \/>\n\t<meta name=\"twitter:data1\" content=\"1 minuto\" \/>\n<script type=\"application\/ld+json\" class=\"yoast-schema-graph\">{\"@context\":\"https:\/\/schema.org\",\"@graph\":[{\"@type\":\"WebPage\",\"@id\":\"https:\/\/mivoot.com\/gt\/producto\/enrolador-lector-de-huellas-silkid-usb-slk20r-zkteco\/\",\"url\":\"https:\/\/mivoot.com\/gt\/producto\/enrolador-lector-de-huellas-silkid-usb-slk20r-zkteco\/\",\"name\":\"Enrolador Lector de Huellas SILKID USB SLK20R ZKTeco - Mivoot\",\"isPartOf\":{\"@id\":\"https:\/\/mivoot.com\/gt\/#website\"},\"primaryImageOfPage\":{\"@id\":\"https:\/\/mivoot.com\/gt\/producto\/enrolador-lector-de-huellas-silkid-usb-slk20r-zkteco\/#primaryimage\"},\"image\":{\"@id\":\"https:\/\/mivoot.com\/gt\/producto\/enrolador-lector-de-huellas-silkid-usb-slk20r-zkteco\/#primaryimage\"},\"thumbnailUrl\":\"https:\/\/mivoot.com\/gt\/wp-content\/uploads\/2025\/01\/SLK20R-l.webp\",\"datePublished\":\"2025-01-20T22:12:36+00:00\",\"dateModified\":\"2025-01-20T22:12:37+00:00\",\"breadcrumb\":{\"@id\":\"https:\/\/mivoot.com\/gt\/producto\/enrolador-lector-de-huellas-silkid-usb-slk20r-zkteco\/#breadcrumb\"},\"inLanguage\":\"es\",\"potentialAction\":[{\"@type\":\"ReadAction\",\"target\":[\"https:\/\/mivoot.com\/gt\/producto\/enrolador-lector-de-huellas-silkid-usb-slk20r-zkteco\/\"]}]},{\"@type\":\"ImageObject\",\"inLanguage\":\"es\",\"@id\":\"https:\/\/mivoot.com\/gt\/producto\/enrolador-lector-de-huellas-silkid-usb-slk20r-zkteco\/#primaryimage\",\"url\":\"https:\/\/mivoot.com\/gt\/wp-content\/uploads\/2025\/01\/SLK20R-l.webp\",\"contentUrl\":\"https:\/\/mivoot.com\/gt\/wp-content\/uploads\/2025\/01\/SLK20R-l.webp\",\"width\":1000,\"height\":1000},{\"@type\":\"BreadcrumbList\",\"@id\":\"https:\/\/mivoot.com\/gt\/producto\/enrolador-lector-de-huellas-silkid-usb-slk20r-zkteco\/#breadcrumb\",\"itemListElement\":[{\"@type\":\"ListItem\",\"position\":1,\"name\":\"Inicio\",\"item\":\"https:\/\/mivoot.com\/gt\/\"},{\"@type\":\"ListItem\",\"position\":2,\"name\":\"Productos\",\"item\":\"https:\/\/mivoot.com\/gt\/producto\/\"},{\"@type\":\"ListItem\",\"position\":3,\"name\":\"ZKTeco\",\"item\":\"https:\/\/mivoot.com\/gt\/marca\/zkteco-guatemala\/\"},{\"@type\":\"ListItem\",\"position\":4,\"name\":\"Enrolador Lector de Huellas SILKID USB SLK20R ZKTeco\"}]},{\"@type\":\"WebSite\",\"@id\":\"https:\/\/mivoot.com\/gt\/#website\",\"url\":\"https:\/\/mivoot.com\/gt\/\",\"name\":\"Mivoot\",\"description\":\"Mivoot Guatemala | Tienda Online\",\"publisher\":{\"@id\":\"https:\/\/mivoot.com\/gt\/#organization\"},\"alternateName\":\"mivoot\",\"potentialAction\":[{\"@type\":\"SearchAction\",\"target\":{\"@type\":\"EntryPoint\",\"urlTemplate\":\"https:\/\/mivoot.com\/gt\/?s={search_term_string}\"},\"query-input\":{\"@type\":\"PropertyValueSpecification\",\"valueRequired\":true,\"valueName\":\"search_term_string\"}}],\"inLanguage\":\"es\"},{\"@type\":\"Organization\",\"@id\":\"https:\/\/mivoot.com\/gt\/#organization\",\"name\":\"Mivoot Guatemala\",\"alternateName\":\"mivoot.com\",\"url\":\"https:\/\/mivoot.com\/gt\/\",\"logo\":{\"@type\":\"ImageObject\",\"inLanguage\":\"es\",\"@id\":\"https:\/\/mivoot.com\/gt\/#\/schema\/logo\/image\/\",\"url\":\"https:\/\/mivoot.com\/gt\/wp-content\/uploads\/2023\/03\/cropped-icon.png\",\"contentUrl\":\"https:\/\/mivoot.com\/gt\/wp-content\/uploads\/2023\/03\/cropped-icon.png\",\"width\":512,\"height\":512,\"caption\":\"Mivoot Guatemala\"},\"image\":{\"@id\":\"https:\/\/mivoot.com\/gt\/#\/schema\/logo\/image\/\"},\"sameAs\":[\"https:\/\/www.facebook.com\/mivootgt\",\"https:\/\/instagram.com\/mivoot\"]}]}<\/script>\n<!-- \/ Yoast SEO Premium plugin. -->","yoast_head_json":{"title":"Enrolador Lector de Huellas SILKID USB SLK20R ZKTeco - Mivoot","robots":{"index":"index","follow":"follow","max-snippet":"max-snippet:-1","max-image-preview":"max-image-preview:large","max-video-preview":"max-video-preview:-1"},"canonical":"https:\/\/mivoot.com\/gt\/producto\/enrolador-lector-de-huellas-silkid-usb-slk20r-zkteco\/","og_locale":"es_ES","og_type":"article","og_title":"Enrolador Lector de Huellas SILKID USB SLK20R ZKTeco","og_description":"- Operaci\u00f3n estable bajo luz intensa. - Tipo de Sensor: \u00f3ptico - \u00c1rea de Captura: 15.24 * 20.32 mm (FAP20) - Tama\u00f1o de Imagen: 300 * 400 - Resoluci\u00f3n (dpi): 500 - Funci\u00f3n anti-falsi\ufb01caci\u00f3n de huellas digitales. - Amplia zona de captura de huellas y alta calidad de imagen. - Reconocimiento r\u00e1pido de huellas secas, \u00e1speras y h\u00famedas. - USB 2.0 de alta velocidad. - Facil Instalaci\u00f3n y Conectividad. - Modo de reposo. - SDK disponible para desarrolladores.","og_url":"https:\/\/mivoot.com\/gt\/producto\/enrolador-lector-de-huellas-silkid-usb-slk20r-zkteco\/","og_site_name":"Mivoot","article_publisher":"https:\/\/www.facebook.com\/mivootgt","article_modified_time":"2025-01-20T22:12:37+00:00","og_image":[{"width":1000,"height":1000,"url":"https:\/\/mivoot.com\/gt\/wp-content\/uploads\/2025\/01\/SLK20R-l.webp","type":"image\/webp"}],"twitter_card":"summary_large_image","twitter_misc":{"Est. reading time":"1 minuto"},"schema":{"@context":"https:\/\/schema.org","@graph":[{"@type":"WebPage","@id":"https:\/\/mivoot.com\/gt\/producto\/enrolador-lector-de-huellas-silkid-usb-slk20r-zkteco\/","url":"https:\/\/mivoot.com\/gt\/producto\/enrolador-lector-de-huellas-silkid-usb-slk20r-zkteco\/","name":"Enrolador Lector de Huellas SILKID USB SLK20R ZKTeco - Mivoot","isPartOf":{"@id":"https:\/\/mivoot.com\/gt\/#website"},"primaryImageOfPage":{"@id":"https:\/\/mivoot.com\/gt\/producto\/enrolador-lector-de-huellas-silkid-usb-slk20r-zkteco\/#primaryimage"},"image":{"@id":"https:\/\/mivoot.com\/gt\/producto\/enrolador-lector-de-huellas-silkid-usb-slk20r-zkteco\/#primaryimage"},"thumbnailUrl":"https:\/\/mivoot.com\/gt\/wp-content\/uploads\/2025\/01\/SLK20R-l.webp","datePublished":"2025-01-20T22:12:36+00:00","dateModified":"2025-01-20T22:12:37+00:00","breadcrumb":{"@id":"https:\/\/mivoot.com\/gt\/producto\/enrolador-lector-de-huellas-silkid-usb-slk20r-zkteco\/#breadcrumb"},"inLanguage":"es","potentialAction":[{"@type":"ReadAction","target":["https:\/\/mivoot.com\/gt\/producto\/enrolador-lector-de-huellas-silkid-usb-slk20r-zkteco\/"]}]},{"@type":"ImageObject","inLanguage":"es","@id":"https:\/\/mivoot.com\/gt\/producto\/enrolador-lector-de-huellas-silkid-usb-slk20r-zkteco\/#primaryimage","url":"https:\/\/mivoot.com\/gt\/wp-content\/uploads\/2025\/01\/SLK20R-l.webp","contentUrl":"https:\/\/mivoot.com\/gt\/wp-content\/uploads\/2025\/01\/SLK20R-l.webp","width":1000,"height":1000},{"@type":"BreadcrumbList","@id":"https:\/\/mivoot.com\/gt\/producto\/enrolador-lector-de-huellas-silkid-usb-slk20r-zkteco\/#breadcrumb","itemListElement":[{"@type":"ListItem","position":1,"name":"Inicio","item":"https:\/\/mivoot.com\/gt\/"},{"@type":"ListItem","position":2,"name":"Productos","item":"https:\/\/mivoot.com\/gt\/producto\/"},{"@type":"ListItem","position":3,"name":"ZKTeco","item":"https:\/\/mivoot.com\/gt\/marca\/zkteco-guatemala\/"},{"@type":"ListItem","position":4,"name":"Enrolador Lector de Huellas SILKID USB SLK20R ZKTeco"}]},{"@type":"WebSite","@id":"https:\/\/mivoot.com\/gt\/#website","url":"https:\/\/mivoot.com\/gt\/","name":"Mivoot","description":"Mivoot Guatemala | Tienda Online","publisher":{"@id":"https:\/\/mivoot.com\/gt\/#organization"},"alternateName":"mivoot","potentialAction":[{"@type":"SearchAction","target":{"@type":"EntryPoint","urlTemplate":"https:\/\/mivoot.com\/gt\/?s={search_term_string}"},"query-input":{"@type":"PropertyValueSpecification","valueRequired":true,"valueName":"search_term_string"}}],"inLanguage":"es"},{"@type":"Organization","@id":"https:\/\/mivoot.com\/gt\/#organization","name":"Mivoot Guatemala","alternateName":"mivoot.com","url":"https:\/\/mivoot.com\/gt\/","logo":{"@type":"ImageObject","inLanguage":"es","@id":"https:\/\/mivoot.com\/gt\/#\/schema\/logo\/image\/","url":"https:\/\/mivoot.com\/gt\/wp-content\/uploads\/2023\/03\/cropped-icon.png","contentUrl":"https:\/\/mivoot.com\/gt\/wp-content\/uploads\/2023\/03\/cropped-icon.png","width":512,"height":512,"caption":"Mivoot Guatemala"},"image":{"@id":"https:\/\/mivoot.com\/gt\/#\/schema\/logo\/image\/"},"sameAs":["https:\/\/www.facebook.com\/mivootgt","https:\/\/instagram.com\/mivoot"]}]}},"jetpack_publicize_connections":[],"jetpack_sharing_enabled":true,"brands":[{"id":101,"name":"ZKTeco","slug":"zkteco-guatemala"}],"_links":{"self":[{"href":"https:\/\/mivoot.com\/gt\/wp-json\/wp\/v2\/product\/25180","targetHints":{"allow":["GET"]}}],"collection":[{"href":"https:\/\/mivoot.com\/gt\/wp-json\/wp\/v2\/product"}],"about":[{"href":"https:\/\/mivoot.com\/gt\/wp-json\/wp\/v2\/types\/product"}],"replies":[{"embeddable":true,"href":"https:\/\/mivoot.com\/gt\/wp-json\/wp\/v2\/comments?post=25180"}],"version-history":[{"count":1,"href":"https:\/\/mivoot.com\/gt\/wp-json\/wp\/v2\/product\/25180\/revisions"}],"predecessor-version":[{"id":25189,"href":"https:\/\/mivoot.com\/gt\/wp-json\/wp\/v2\/product\/25180\/revisions\/25189"}],"wp:featuredmedia":[{"embeddable":true,"href":"https:\/\/mivoot.com\/gt\/wp-json\/wp\/v2\/media\/25186"}],"wp:attachment":[{"href":"https:\/\/mivoot.com\/gt\/wp-json\/wp\/v2\/media?parent=25180"}],"wp:term":[{"taxonomy":"pwb-brand","embeddable":true,"href":"https:\/\/mivoot.com\/gt\/wp-json\/wp\/v2\/pwb-brand?post=25180"},{"taxonomy":"product_brand","embeddable":true,"href":"https:\/\/mivoot.com\/gt\/wp-json\/wp\/v2\/product_brand?post=25180"},{"taxonomy":"product_cat","embeddable":true,"href":"https:\/\/mivoot.com\/gt\/wp-json\/wp\/v2\/product_cat?post=25180"},{"taxonomy":"product_tag","embeddable":true,"href":"https:\/\/mivoot.com\/gt\/wp-json\/wp\/v2\/product_tag?post=25180"}],"curies":[{"name":"wp","href":"https:\/\/api.w.org\/{rel}","templated":true}]}}