{"id":25221,"date":"2025-01-22T11:14:24","date_gmt":"2025-01-22T17:14:24","guid":{"rendered":"https:\/\/mivoot.com\/gt\/?post_type=product&#038;p=25221"},"modified":"2025-01-22T11:14:25","modified_gmt":"2025-01-22T17:14:25","slug":"accesorio-de-procesador-de-alimentos-para-licuadoras-oster","status":"publish","type":"product","link":"https:\/\/mivoot.com\/gt\/producto\/accesorio-de-procesador-de-alimentos-para-licuadoras-oster\/","title":{"rendered":"Accesorio de Procesador de alimentos para licuadoras Oster"},"content":{"rendered":"<h2 style=\"text-align: center\"><span style=\"color: #003366\"><b>Maximiza<\/b> la preparaci\u00f3n de tus alimentos en casa, con el nuevo sistema de accesorios Oster<\/span><\/h2>\n<p>&nbsp;<\/p>\n<p><iframe title=\"Sistema de accesorios Oster\u00ae\" width=\"1020\" height=\"574\" src=\"https:\/\/www.youtube.com\/embed\/KFRoSunEZNU?feature=oembed&#038;enablejsapi=1&#038;origin=https:\/\/mivoot.com\" frameborder=\"0\" allow=\"accelerometer; autoplay; clipboard-write; encrypted-media; gyroscope; picture-in-picture; web-share\" referrerpolicy=\"strict-origin-when-cross-origin\" allowfullscreen><\/iframe><\/p>\n<p>&nbsp;<\/p>\n<h3 style=\"text-align: center\"><span style=\"color: #003366\">El \u00e9xito se arma como un rompecabezas, y todas las piezas cuentan. La marca Oster\u00ae ha creado una l\u00ednea completa de accesorios para que sus licuadoras se transformen en otros electrodom\u00e9sticos con los que podr\u00e1n maximizar su uso en las m\u00e1s diversas recetas. Optimiza la preparaci\u00f3n de tus alimentos en casa, con el nuevo sistema de accesorios Oster\u00ae<\/span>.<\/h3>\n<p>*Estos accesorios no pueden ser usados con los programas \u00a0procesar, jugos y batidos que utilizan la tecnolog\u00eda reversible.<\/p>\n<ul>\n<li>Elaborado con un pl\u00e1stico resistente a impactos y libre de BPA (El bisfenol-A es un producto qu\u00edmico usado comunmente para fabricar pl\u00e1sticos de policarbonato)<\/li>\n<li>Brinda la versatilidad de mantener los alimentos procesados dentro del recipiente o accesorio o distribuye los alimentos procesados a trav\u00e9s del tubo dispensador en un recipiente externo<\/li>\n<li>Incluye una cuchilla de acero inoxidable en forma de S afilada para cortar, picar y mezclar una variedad de alimentos f\u00e1cilmente<\/li>\n<li>Incluye dos discos de acero inoxidable reversibles para cortar\/rallar, uno de manera gruesa y otro de manera fina para mayor versatilidad<\/li>\n<\/ul>\n<p>Compatible con todas las licuadoras Oster menos Xpert Series, Xpert Pro, Active Sense, Osterizer Max, Pyramid (BLSTPYG), ActiFit y ActiFit +<\/p>\n","protected":false},"excerpt":{"rendered":"<p>&#8211; El accesorio Oster Corta, pica, mezcla, corta en rodajas y ralla tus alimentos f\u00e1cil y r\u00e1pidamente.<br \/>\n&#8211; Compatible con casi todas las licuadoras Oster, excepto las l\u00edneas de licuadoras Oster Xpert Series, ActiveSense y modelos con c\u00f3digo BLSTPYG.<br \/>\n&#8211; Estos accesorios no pueden ser usados con los programas  procesar, jugos y batidos que utilizan la tecnolog\u00eda reversible.<br \/>\n&#8211; Elaborado con un pl\u00e1stico resistente a impactos y libre de BPA<br \/>\n&#8211; Incluye una cuchilla de acero inoxidable en forma de S afilada para cortar, picar y mezclar una variedad de alimentos f\u00e1cilmente<br \/>\n&#8211; Incluye dos discos de acero inoxidable reversibles para cortar\/rallar, uno de manera gruesa y otro de manera fina para mayor versatilidad<\/p>\n","protected":false},"featured_media":25246,"comment_status":"open","ping_status":"closed","template":"","meta":{"jetpack_publicize_message":"","jetpack_publicize_feature_enabled":true,"jetpack_social_post_already_shared":true,"jetpack_social_options":{"image_generator_settings":{"template":"highway","default_image_id":0,"font":"","enabled":false},"version":2}},"pwb-brand":[298,442],"product_brand":[],"product_cat":[499],"product_tag":[],"class_list":{"0":"post-25221","1":"product","2":"type-product","3":"status-publish","4":"has-post-thumbnail","6":"pwb-brand-oster","7":"pwb-brand-panasonic","8":"product_cat-licuadoras","10":"first","11":"instock","12":"taxable","13":"shipping-taxable","14":"purchasable","15":"product-type-simple"},"yoast_head":"<!-- This site is optimized with the Yoast SEO Premium plugin v25.7.1 (Yoast SEO v26.8) - https:\/\/yoast.com\/product\/yoast-seo-premium-wordpress\/ -->\n<title>Accesorio de Procesador de alimentos para licuadoras Oster - Mivoot<\/title>\n<meta name=\"robots\" content=\"index, follow, max-snippet:-1, max-image-preview:large, max-video-preview:-1\" \/>\n<link rel=\"canonical\" href=\"https:\/\/mivoot.com\/gt\/producto\/accesorio-de-procesador-de-alimentos-para-licuadoras-oster\/\" \/>\n<meta property=\"og:locale\" content=\"es_ES\" \/>\n<meta property=\"og:type\" content=\"article\" \/>\n<meta property=\"og:title\" content=\"Accesorio de Procesador de alimentos para licuadoras Oster\" \/>\n<meta property=\"og:description\" content=\"- El accesorio Oster Corta, pica, mezcla, corta en rodajas y ralla tus alimentos f\u00e1cil y r\u00e1pidamente. - Compatible con casi todas las licuadoras Oster, excepto las l\u00edneas de licuadoras Oster Xpert Series, ActiveSense y modelos con c\u00f3digo BLSTPYG. - Estos accesorios no pueden ser usados con los programas procesar, jugos y batidos que utilizan la tecnolog\u00eda reversible. - Elaborado con un pl\u00e1stico resistente a impactos y libre de BPA  - Incluye una cuchilla de acero inoxidable en forma de S afilada para cortar, picar y mezclar una variedad de alimentos f\u00e1cilmente - Incluye dos discos de acero inoxidable reversibles para cortar\/rallar, uno de manera gruesa y otro de manera fina para mayor versatilidad\" \/>\n<meta property=\"og:url\" content=\"https:\/\/mivoot.com\/gt\/producto\/accesorio-de-procesador-de-alimentos-para-licuadoras-oster\/\" \/>\n<meta property=\"og:site_name\" content=\"Mivoot\" \/>\n<meta property=\"article:publisher\" content=\"https:\/\/www.facebook.com\/mivootgt\" \/>\n<meta property=\"article:modified_time\" content=\"2025-01-22T17:14:25+00:00\" \/>\n<meta property=\"og:image\" content=\"https:\/\/mivoot.com\/gt\/wp-content\/uploads\/2025\/01\/155661-1600-auto.webp\" \/>\n\t<meta property=\"og:image:width\" content=\"1000\" \/>\n\t<meta property=\"og:image:height\" content=\"1000\" \/>\n\t<meta property=\"og:image:type\" content=\"image\/webp\" \/>\n<meta name=\"twitter:card\" content=\"summary_large_image\" \/>\n<meta name=\"twitter:label1\" content=\"Est. reading time\" \/>\n\t<meta name=\"twitter:data1\" content=\"1 minuto\" \/>\n<script type=\"application\/ld+json\" class=\"yoast-schema-graph\">{\"@context\":\"https:\/\/schema.org\",\"@graph\":[{\"@type\":\"WebPage\",\"@id\":\"https:\/\/mivoot.com\/gt\/producto\/accesorio-de-procesador-de-alimentos-para-licuadoras-oster\/\",\"url\":\"https:\/\/mivoot.com\/gt\/producto\/accesorio-de-procesador-de-alimentos-para-licuadoras-oster\/\",\"name\":\"Accesorio de Procesador de alimentos para licuadoras Oster - Mivoot\",\"isPartOf\":{\"@id\":\"https:\/\/mivoot.com\/gt\/#website\"},\"primaryImageOfPage\":{\"@id\":\"https:\/\/mivoot.com\/gt\/producto\/accesorio-de-procesador-de-alimentos-para-licuadoras-oster\/#primaryimage\"},\"image\":{\"@id\":\"https:\/\/mivoot.com\/gt\/producto\/accesorio-de-procesador-de-alimentos-para-licuadoras-oster\/#primaryimage\"},\"thumbnailUrl\":\"https:\/\/mivoot.com\/gt\/wp-content\/uploads\/2025\/01\/155661-1600-auto.webp\",\"datePublished\":\"2025-01-22T17:14:24+00:00\",\"dateModified\":\"2025-01-22T17:14:25+00:00\",\"breadcrumb\":{\"@id\":\"https:\/\/mivoot.com\/gt\/producto\/accesorio-de-procesador-de-alimentos-para-licuadoras-oster\/#breadcrumb\"},\"inLanguage\":\"es\",\"potentialAction\":[{\"@type\":\"ReadAction\",\"target\":[\"https:\/\/mivoot.com\/gt\/producto\/accesorio-de-procesador-de-alimentos-para-licuadoras-oster\/\"]}]},{\"@type\":\"ImageObject\",\"inLanguage\":\"es\",\"@id\":\"https:\/\/mivoot.com\/gt\/producto\/accesorio-de-procesador-de-alimentos-para-licuadoras-oster\/#primaryimage\",\"url\":\"https:\/\/mivoot.com\/gt\/wp-content\/uploads\/2025\/01\/155661-1600-auto.webp\",\"contentUrl\":\"https:\/\/mivoot.com\/gt\/wp-content\/uploads\/2025\/01\/155661-1600-auto.webp\",\"width\":1000,\"height\":1000},{\"@type\":\"BreadcrumbList\",\"@id\":\"https:\/\/mivoot.com\/gt\/producto\/accesorio-de-procesador-de-alimentos-para-licuadoras-oster\/#breadcrumb\",\"itemListElement\":[{\"@type\":\"ListItem\",\"position\":1,\"name\":\"Inicio\",\"item\":\"https:\/\/mivoot.com\/gt\/\"},{\"@type\":\"ListItem\",\"position\":2,\"name\":\"Productos\",\"item\":\"https:\/\/mivoot.com\/gt\/producto\/\"},{\"@type\":\"ListItem\",\"position\":3,\"name\":\"Oster\",\"item\":\"https:\/\/mivoot.com\/gt\/marca\/oster\/\"},{\"@type\":\"ListItem\",\"position\":4,\"name\":\"Accesorio de Procesador de alimentos para licuadoras Oster\"}]},{\"@type\":\"WebSite\",\"@id\":\"https:\/\/mivoot.com\/gt\/#website\",\"url\":\"https:\/\/mivoot.com\/gt\/\",\"name\":\"Mivoot\",\"description\":\"Mivoot Guatemala | Tienda Online\",\"publisher\":{\"@id\":\"https:\/\/mivoot.com\/gt\/#organization\"},\"alternateName\":\"mivoot\",\"potentialAction\":[{\"@type\":\"SearchAction\",\"target\":{\"@type\":\"EntryPoint\",\"urlTemplate\":\"https:\/\/mivoot.com\/gt\/?s={search_term_string}\"},\"query-input\":{\"@type\":\"PropertyValueSpecification\",\"valueRequired\":true,\"valueName\":\"search_term_string\"}}],\"inLanguage\":\"es\"},{\"@type\":\"Organization\",\"@id\":\"https:\/\/mivoot.com\/gt\/#organization\",\"name\":\"Mivoot Guatemala\",\"alternateName\":\"mivoot.com\",\"url\":\"https:\/\/mivoot.com\/gt\/\",\"logo\":{\"@type\":\"ImageObject\",\"inLanguage\":\"es\",\"@id\":\"https:\/\/mivoot.com\/gt\/#\/schema\/logo\/image\/\",\"url\":\"https:\/\/mivoot.com\/gt\/wp-content\/uploads\/2023\/03\/cropped-icon.png\",\"contentUrl\":\"https:\/\/mivoot.com\/gt\/wp-content\/uploads\/2023\/03\/cropped-icon.png\",\"width\":512,\"height\":512,\"caption\":\"Mivoot Guatemala\"},\"image\":{\"@id\":\"https:\/\/mivoot.com\/gt\/#\/schema\/logo\/image\/\"},\"sameAs\":[\"https:\/\/www.facebook.com\/mivootgt\",\"https:\/\/instagram.com\/mivoot\"]}]}<\/script>\n<!-- \/ Yoast SEO Premium plugin. -->","yoast_head_json":{"title":"Accesorio de Procesador de alimentos para licuadoras Oster - Mivoot","robots":{"index":"index","follow":"follow","max-snippet":"max-snippet:-1","max-image-preview":"max-image-preview:large","max-video-preview":"max-video-preview:-1"},"canonical":"https:\/\/mivoot.com\/gt\/producto\/accesorio-de-procesador-de-alimentos-para-licuadoras-oster\/","og_locale":"es_ES","og_type":"article","og_title":"Accesorio de Procesador de alimentos para licuadoras Oster","og_description":"- El accesorio Oster Corta, pica, mezcla, corta en rodajas y ralla tus alimentos f\u00e1cil y r\u00e1pidamente. - Compatible con casi todas las licuadoras Oster, excepto las l\u00edneas de licuadoras Oster Xpert Series, ActiveSense y modelos con c\u00f3digo BLSTPYG. - Estos accesorios no pueden ser usados con los programas procesar, jugos y batidos que utilizan la tecnolog\u00eda reversible. - Elaborado con un pl\u00e1stico resistente a impactos y libre de BPA  - Incluye una cuchilla de acero inoxidable en forma de S afilada para cortar, picar y mezclar una variedad de alimentos f\u00e1cilmente - Incluye dos discos de acero inoxidable reversibles para cortar\/rallar, uno de manera gruesa y otro de manera fina para mayor versatilidad","og_url":"https:\/\/mivoot.com\/gt\/producto\/accesorio-de-procesador-de-alimentos-para-licuadoras-oster\/","og_site_name":"Mivoot","article_publisher":"https:\/\/www.facebook.com\/mivootgt","article_modified_time":"2025-01-22T17:14:25+00:00","og_image":[{"width":1000,"height":1000,"url":"https:\/\/mivoot.com\/gt\/wp-content\/uploads\/2025\/01\/155661-1600-auto.webp","type":"image\/webp"}],"twitter_card":"summary_large_image","twitter_misc":{"Est. reading time":"1 minuto"},"schema":{"@context":"https:\/\/schema.org","@graph":[{"@type":"WebPage","@id":"https:\/\/mivoot.com\/gt\/producto\/accesorio-de-procesador-de-alimentos-para-licuadoras-oster\/","url":"https:\/\/mivoot.com\/gt\/producto\/accesorio-de-procesador-de-alimentos-para-licuadoras-oster\/","name":"Accesorio de Procesador de alimentos para licuadoras Oster - Mivoot","isPartOf":{"@id":"https:\/\/mivoot.com\/gt\/#website"},"primaryImageOfPage":{"@id":"https:\/\/mivoot.com\/gt\/producto\/accesorio-de-procesador-de-alimentos-para-licuadoras-oster\/#primaryimage"},"image":{"@id":"https:\/\/mivoot.com\/gt\/producto\/accesorio-de-procesador-de-alimentos-para-licuadoras-oster\/#primaryimage"},"thumbnailUrl":"https:\/\/mivoot.com\/gt\/wp-content\/uploads\/2025\/01\/155661-1600-auto.webp","datePublished":"2025-01-22T17:14:24+00:00","dateModified":"2025-01-22T17:14:25+00:00","breadcrumb":{"@id":"https:\/\/mivoot.com\/gt\/producto\/accesorio-de-procesador-de-alimentos-para-licuadoras-oster\/#breadcrumb"},"inLanguage":"es","potentialAction":[{"@type":"ReadAction","target":["https:\/\/mivoot.com\/gt\/producto\/accesorio-de-procesador-de-alimentos-para-licuadoras-oster\/"]}]},{"@type":"ImageObject","inLanguage":"es","@id":"https:\/\/mivoot.com\/gt\/producto\/accesorio-de-procesador-de-alimentos-para-licuadoras-oster\/#primaryimage","url":"https:\/\/mivoot.com\/gt\/wp-content\/uploads\/2025\/01\/155661-1600-auto.webp","contentUrl":"https:\/\/mivoot.com\/gt\/wp-content\/uploads\/2025\/01\/155661-1600-auto.webp","width":1000,"height":1000},{"@type":"BreadcrumbList","@id":"https:\/\/mivoot.com\/gt\/producto\/accesorio-de-procesador-de-alimentos-para-licuadoras-oster\/#breadcrumb","itemListElement":[{"@type":"ListItem","position":1,"name":"Inicio","item":"https:\/\/mivoot.com\/gt\/"},{"@type":"ListItem","position":2,"name":"Productos","item":"https:\/\/mivoot.com\/gt\/producto\/"},{"@type":"ListItem","position":3,"name":"Oster","item":"https:\/\/mivoot.com\/gt\/marca\/oster\/"},{"@type":"ListItem","position":4,"name":"Accesorio de Procesador de alimentos para licuadoras Oster"}]},{"@type":"WebSite","@id":"https:\/\/mivoot.com\/gt\/#website","url":"https:\/\/mivoot.com\/gt\/","name":"Mivoot","description":"Mivoot Guatemala | Tienda Online","publisher":{"@id":"https:\/\/mivoot.com\/gt\/#organization"},"alternateName":"mivoot","potentialAction":[{"@type":"SearchAction","target":{"@type":"EntryPoint","urlTemplate":"https:\/\/mivoot.com\/gt\/?s={search_term_string}"},"query-input":{"@type":"PropertyValueSpecification","valueRequired":true,"valueName":"search_term_string"}}],"inLanguage":"es"},{"@type":"Organization","@id":"https:\/\/mivoot.com\/gt\/#organization","name":"Mivoot Guatemala","alternateName":"mivoot.com","url":"https:\/\/mivoot.com\/gt\/","logo":{"@type":"ImageObject","inLanguage":"es","@id":"https:\/\/mivoot.com\/gt\/#\/schema\/logo\/image\/","url":"https:\/\/mivoot.com\/gt\/wp-content\/uploads\/2023\/03\/cropped-icon.png","contentUrl":"https:\/\/mivoot.com\/gt\/wp-content\/uploads\/2023\/03\/cropped-icon.png","width":512,"height":512,"caption":"Mivoot Guatemala"},"image":{"@id":"https:\/\/mivoot.com\/gt\/#\/schema\/logo\/image\/"},"sameAs":["https:\/\/www.facebook.com\/mivootgt","https:\/\/instagram.com\/mivoot"]}]}},"jetpack_publicize_connections":[],"jetpack_sharing_enabled":true,"brands":[{"id":298,"name":"Oster","slug":"oster"},{"id":442,"name":"Panasonic","slug":"panasonic"}],"_links":{"self":[{"href":"https:\/\/mivoot.com\/gt\/wp-json\/wp\/v2\/product\/25221","targetHints":{"allow":["GET"]}}],"collection":[{"href":"https:\/\/mivoot.com\/gt\/wp-json\/wp\/v2\/product"}],"about":[{"href":"https:\/\/mivoot.com\/gt\/wp-json\/wp\/v2\/types\/product"}],"replies":[{"embeddable":true,"href":"https:\/\/mivoot.com\/gt\/wp-json\/wp\/v2\/comments?post=25221"}],"version-history":[{"count":1,"href":"https:\/\/mivoot.com\/gt\/wp-json\/wp\/v2\/product\/25221\/revisions"}],"predecessor-version":[{"id":25247,"href":"https:\/\/mivoot.com\/gt\/wp-json\/wp\/v2\/product\/25221\/revisions\/25247"}],"wp:featuredmedia":[{"embeddable":true,"href":"https:\/\/mivoot.com\/gt\/wp-json\/wp\/v2\/media\/25246"}],"wp:attachment":[{"href":"https:\/\/mivoot.com\/gt\/wp-json\/wp\/v2\/media?parent=25221"}],"wp:term":[{"taxonomy":"pwb-brand","embeddable":true,"href":"https:\/\/mivoot.com\/gt\/wp-json\/wp\/v2\/pwb-brand?post=25221"},{"taxonomy":"product_brand","embeddable":true,"href":"https:\/\/mivoot.com\/gt\/wp-json\/wp\/v2\/product_brand?post=25221"},{"taxonomy":"product_cat","embeddable":true,"href":"https:\/\/mivoot.com\/gt\/wp-json\/wp\/v2\/product_cat?post=25221"},{"taxonomy":"product_tag","embeddable":true,"href":"https:\/\/mivoot.com\/gt\/wp-json\/wp\/v2\/product_tag?post=25221"}],"curies":[{"name":"wp","href":"https:\/\/api.w.org\/{rel}","templated":true}]}}