{"id":25261,"date":"2025-01-22T12:19:18","date_gmt":"2025-01-22T18:19:18","guid":{"rendered":"https:\/\/mivoot.com\/gt\/?post_type=product&#038;p=25261"},"modified":"2026-03-17T11:56:23","modified_gmt":"2026-03-17T17:56:23","slug":"hielera-con-ruedas-58l-15-5gal-igloo","status":"publish","type":"product","link":"https:\/\/mivoot.com\/gt\/producto\/hielera-con-ruedas-58l-15-5gal-igloo\/","title":{"rendered":"Hielera con Ruedas 58L 15.5Gal Igloo"},"content":{"rendered":"<div class=\"\">\n<div class=\"br-button-wrapper\">\n<div>\n<div>\n<div id=\"brxsaas:productAttributes-rg7p7\" class=\"content-block\" data-v-01bf2557=\"\">\n<div class=\"product-description__container\" data-v-01bf2557=\"\">\n<div data-v-3acd4ba6=\"\" data-v-01bf2557=\"\">\n<div data-v-3acd4ba6=\"\">\n<p data-v-3acd4ba6=\"\">Con un dise\u00f1o resistente, este Igloo MaxCold Latitude. La nevera port\u00e1til con ruedas y asa telesc\u00f3pica est\u00e1 dise\u00f1ada para viajar contigo a cualquier lugar. Esta hielera grande de 60 cuartos de gal\u00f3n.<\/p>\n<p data-v-3acd4ba6=\"\">La capacidad tiene capacidad para 90 latas y puede contener hielo hasta por 5 d\u00edas en 90 grados Fahrenheit. La retenci\u00f3n de hielo de 5 d\u00edas MaxCold proviene de la tapa y el cuerpo con aislamiento de espuma THERMECOOL, que proporciona una soluci\u00f3n m\u00e1s limpia y ecol\u00f3gica a la espuma m\u00e1s fr\u00eda t\u00edpica. Cool Riser Technology \u2122 tambi\u00e9n mejora el rendimiento de enfriamiento al elevar el enfriador del suelo para promover el flujo de aire.<\/p>\n<p data-v-3acd4ba6=\"\">Todas estas caracter\u00edsticas innovadoras hacen que el enfriador maxcold est\u00e9 bien equipado para un enfriamiento eficiente que mantiene fr\u00edos los alimentos y bebidas durante todo el d\u00eda.<\/p>\n<p class=\"items-data\" data-v-3acd4ba6=\"\">Con 4 ruedas todoterreno con bloqueo, puedes llevarla a la playa, piscina o monta\u00f1a sin esfuerzo. Su tapa de espuma de aislamiento garantiza que todo se mantenga fr\u00edo hasta por 5 d\u00edas. Tambi\u00e9n cuenta con un asa de remolque abatible para transportarla f\u00e1cilmente. Mant\u00e9n tus bebidas siempre a la mano con sus 4 porta bebidas incorporados. Ecol\u00f3gica y f\u00e1cil de limpiar, ser\u00e1 tu acompa\u00f1ante fiel en picnics, d\u00edas de piscina o campamentos.<\/p>\n<\/div>\n<\/div>\n<\/div>\n<\/div>\n<\/div>\n<\/div>\n<\/div>\n<\/div>\n<div class=\"\">\n<div class=\"br-button-wrapper\">\n<div>\n<div>\n<div id=\"brxsaas:productAttributes-mA39L\" class=\"content-block\" data-v-01bf2557=\"\"><\/div>\n<\/div>\n<\/div>\n<\/div>\n<\/div>\n<div class=\"\">\n<div class=\"br-button-wrapper\">\n<div>\n<div>\n<div id=\"brxsaas:productAttributes-kaO7l\" class=\"content-block\" data-v-01bf2557=\"\">\n<div class=\"product-description__container\" data-v-01bf2557=\"\">\n<div data-v-01bf2557=\"\">\n<div class=\"sf-heading--left sf-heading\" data-v-01bf2557=\"\"><\/div>\n<\/div>\n<\/div>\n<\/div>\n<\/div>\n<\/div>\n<\/div>\n<\/div>\n","protected":false},"excerpt":{"rendered":"<p>&#8211; 100% resistente a las fugas.<br \/>\n&#8211; Retencion de hielo de hasta 5 dias.<br \/>\n&#8211; Cuenta con THERMECOOL , un aislamiento m\u00e1s limpio y ecol\u00f3gico.<br \/>\n&#8211; Tecnologia Igloo CoolRiser que mejora el rendimiento de enfriamiento.<br \/>\n&#8211; Cuenta con 4 portavasos integrados.<br \/>\n&#8211; Capacidad: 58lts (98latas).<br \/>\n&#8211; Peso Neto: 6 kg \/ 13.22 lb<br \/>\n&#8211; Dimensiones: Alto 50,16 cm x Ancho 46,40 cm x Fondo 53,89 cm (Alto 19,75&#8243; x Ancho 18,27&#8243; x Fondo 21,22&#8243;).<\/p>\n","protected":false},"featured_media":25269,"comment_status":"open","ping_status":"closed","template":"","meta":{"jetpack_publicize_message":"","jetpack_publicize_feature_enabled":true,"jetpack_social_post_already_shared":true,"jetpack_social_options":{"image_generator_settings":{"template":"highway","default_image_id":0,"font":"","enabled":false},"version":2}},"pwb-brand":[593],"product_brand":[],"product_cat":[592],"product_tag":[],"class_list":{"0":"post-25261","1":"product","2":"type-product","3":"status-publish","4":"has-post-thumbnail","6":"pwb-brand-igloo","7":"product_cat-hieleras","9":"first","10":"instock","11":"taxable","12":"shipping-taxable","13":"purchasable","14":"product-type-simple"},"yoast_head":"<!-- This site is optimized with the Yoast SEO Premium plugin v25.7.1 (Yoast SEO v26.8) - https:\/\/yoast.com\/product\/yoast-seo-premium-wordpress\/ -->\n<title>Hielera con Ruedas 58L 15.5Gal Igloo - Mivoot<\/title>\n<meta name=\"robots\" content=\"index, follow, max-snippet:-1, max-image-preview:large, max-video-preview:-1\" \/>\n<link rel=\"canonical\" href=\"https:\/\/mivoot.com\/gt\/producto\/hielera-con-ruedas-58l-15-5gal-igloo\/\" \/>\n<meta property=\"og:locale\" content=\"es_ES\" \/>\n<meta property=\"og:type\" content=\"article\" \/>\n<meta property=\"og:title\" content=\"Hielera con Ruedas 58L 15.5Gal Igloo\" \/>\n<meta property=\"og:description\" content=\"- 100% resistente a las fugas. - Retencion de hielo de hasta 5 dias. - Cuenta con THERMECOOL , un aislamiento m\u00e1s limpio y ecol\u00f3gico. - Tecnologia Igloo CoolRiser que mejora el rendimiento de enfriamiento. - Cuenta con 4 portavasos integrados. - Capacidad: 58lts (98latas). - Peso Neto: 6 kg \/ 13.22 lb - Dimensiones: Alto 50,16 cm x Ancho 46,40 cm x Fondo 53,89 cm (Alto 19,75&quot; x Ancho 18,27&quot; x Fondo 21,22&quot;).\" \/>\n<meta property=\"og:url\" content=\"https:\/\/mivoot.com\/gt\/producto\/hielera-con-ruedas-58l-15-5gal-igloo\/\" \/>\n<meta property=\"og:site_name\" content=\"Mivoot\" \/>\n<meta property=\"article:publisher\" content=\"https:\/\/www.facebook.com\/mivootgt\" \/>\n<meta property=\"article:modified_time\" content=\"2026-03-17T17:56:23+00:00\" \/>\n<meta property=\"og:image\" content=\"https:\/\/mivoot.com\/gt\/wp-content\/uploads\/2025\/01\/hielera-58l-igloo.jpg\" \/>\n\t<meta property=\"og:image:width\" content=\"1024\" \/>\n\t<meta property=\"og:image:height\" content=\"847\" \/>\n\t<meta property=\"og:image:type\" content=\"image\/jpeg\" \/>\n<meta name=\"twitter:card\" content=\"summary_large_image\" \/>\n<meta name=\"twitter:label1\" content=\"Est. reading time\" \/>\n\t<meta name=\"twitter:data1\" content=\"2 minutos\" \/>\n<script type=\"application\/ld+json\" class=\"yoast-schema-graph\">{\"@context\":\"https:\/\/schema.org\",\"@graph\":[{\"@type\":\"WebPage\",\"@id\":\"https:\/\/mivoot.com\/gt\/producto\/hielera-con-ruedas-58l-15-5gal-igloo\/\",\"url\":\"https:\/\/mivoot.com\/gt\/producto\/hielera-con-ruedas-58l-15-5gal-igloo\/\",\"name\":\"Hielera con Ruedas 58L 15.5Gal Igloo - Mivoot\",\"isPartOf\":{\"@id\":\"https:\/\/mivoot.com\/gt\/#website\"},\"primaryImageOfPage\":{\"@id\":\"https:\/\/mivoot.com\/gt\/producto\/hielera-con-ruedas-58l-15-5gal-igloo\/#primaryimage\"},\"image\":{\"@id\":\"https:\/\/mivoot.com\/gt\/producto\/hielera-con-ruedas-58l-15-5gal-igloo\/#primaryimage\"},\"thumbnailUrl\":\"https:\/\/mivoot.com\/gt\/wp-content\/uploads\/2025\/01\/hielera-58l-igloo.jpg\",\"datePublished\":\"2025-01-22T18:19:18+00:00\",\"dateModified\":\"2026-03-17T17:56:23+00:00\",\"breadcrumb\":{\"@id\":\"https:\/\/mivoot.com\/gt\/producto\/hielera-con-ruedas-58l-15-5gal-igloo\/#breadcrumb\"},\"inLanguage\":\"es\",\"potentialAction\":[{\"@type\":\"ReadAction\",\"target\":[\"https:\/\/mivoot.com\/gt\/producto\/hielera-con-ruedas-58l-15-5gal-igloo\/\"]}]},{\"@type\":\"ImageObject\",\"inLanguage\":\"es\",\"@id\":\"https:\/\/mivoot.com\/gt\/producto\/hielera-con-ruedas-58l-15-5gal-igloo\/#primaryimage\",\"url\":\"https:\/\/mivoot.com\/gt\/wp-content\/uploads\/2025\/01\/hielera-58l-igloo.jpg\",\"contentUrl\":\"https:\/\/mivoot.com\/gt\/wp-content\/uploads\/2025\/01\/hielera-58l-igloo.jpg\",\"width\":1024,\"height\":847},{\"@type\":\"BreadcrumbList\",\"@id\":\"https:\/\/mivoot.com\/gt\/producto\/hielera-con-ruedas-58l-15-5gal-igloo\/#breadcrumb\",\"itemListElement\":[{\"@type\":\"ListItem\",\"position\":1,\"name\":\"Inicio\",\"item\":\"https:\/\/mivoot.com\/gt\/\"},{\"@type\":\"ListItem\",\"position\":2,\"name\":\"Productos\",\"item\":\"https:\/\/mivoot.com\/gt\/producto\/\"},{\"@type\":\"ListItem\",\"position\":3,\"name\":\"IGLOO\",\"item\":\"https:\/\/mivoot.com\/gt\/marca\/igloo\/\"},{\"@type\":\"ListItem\",\"position\":4,\"name\":\"Hielera con Ruedas 58L 15.5Gal Igloo\"}]},{\"@type\":\"WebSite\",\"@id\":\"https:\/\/mivoot.com\/gt\/#website\",\"url\":\"https:\/\/mivoot.com\/gt\/\",\"name\":\"Mivoot\",\"description\":\"Mivoot Guatemala | Tienda Online\",\"publisher\":{\"@id\":\"https:\/\/mivoot.com\/gt\/#organization\"},\"alternateName\":\"mivoot\",\"potentialAction\":[{\"@type\":\"SearchAction\",\"target\":{\"@type\":\"EntryPoint\",\"urlTemplate\":\"https:\/\/mivoot.com\/gt\/?s={search_term_string}\"},\"query-input\":{\"@type\":\"PropertyValueSpecification\",\"valueRequired\":true,\"valueName\":\"search_term_string\"}}],\"inLanguage\":\"es\"},{\"@type\":\"Organization\",\"@id\":\"https:\/\/mivoot.com\/gt\/#organization\",\"name\":\"Mivoot Guatemala\",\"alternateName\":\"mivoot.com\",\"url\":\"https:\/\/mivoot.com\/gt\/\",\"logo\":{\"@type\":\"ImageObject\",\"inLanguage\":\"es\",\"@id\":\"https:\/\/mivoot.com\/gt\/#\/schema\/logo\/image\/\",\"url\":\"https:\/\/mivoot.com\/gt\/wp-content\/uploads\/2023\/03\/cropped-icon.png\",\"contentUrl\":\"https:\/\/mivoot.com\/gt\/wp-content\/uploads\/2023\/03\/cropped-icon.png\",\"width\":512,\"height\":512,\"caption\":\"Mivoot Guatemala\"},\"image\":{\"@id\":\"https:\/\/mivoot.com\/gt\/#\/schema\/logo\/image\/\"},\"sameAs\":[\"https:\/\/www.facebook.com\/mivootgt\",\"https:\/\/instagram.com\/mivoot\"]}]}<\/script>\n<!-- \/ Yoast SEO Premium plugin. -->","yoast_head_json":{"title":"Hielera con Ruedas 58L 15.5Gal Igloo - Mivoot","robots":{"index":"index","follow":"follow","max-snippet":"max-snippet:-1","max-image-preview":"max-image-preview:large","max-video-preview":"max-video-preview:-1"},"canonical":"https:\/\/mivoot.com\/gt\/producto\/hielera-con-ruedas-58l-15-5gal-igloo\/","og_locale":"es_ES","og_type":"article","og_title":"Hielera con Ruedas 58L 15.5Gal Igloo","og_description":"- 100% resistente a las fugas. - Retencion de hielo de hasta 5 dias. - Cuenta con THERMECOOL , un aislamiento m\u00e1s limpio y ecol\u00f3gico. - Tecnologia Igloo CoolRiser que mejora el rendimiento de enfriamiento. - Cuenta con 4 portavasos integrados. - Capacidad: 58lts (98latas). - Peso Neto: 6 kg \/ 13.22 lb - Dimensiones: Alto 50,16 cm x Ancho 46,40 cm x Fondo 53,89 cm (Alto 19,75\" x Ancho 18,27\" x Fondo 21,22\").","og_url":"https:\/\/mivoot.com\/gt\/producto\/hielera-con-ruedas-58l-15-5gal-igloo\/","og_site_name":"Mivoot","article_publisher":"https:\/\/www.facebook.com\/mivootgt","article_modified_time":"2026-03-17T17:56:23+00:00","og_image":[{"width":1024,"height":847,"url":"https:\/\/mivoot.com\/gt\/wp-content\/uploads\/2025\/01\/hielera-58l-igloo.jpg","type":"image\/jpeg"}],"twitter_card":"summary_large_image","twitter_misc":{"Est. reading time":"2 minutos"},"schema":{"@context":"https:\/\/schema.org","@graph":[{"@type":"WebPage","@id":"https:\/\/mivoot.com\/gt\/producto\/hielera-con-ruedas-58l-15-5gal-igloo\/","url":"https:\/\/mivoot.com\/gt\/producto\/hielera-con-ruedas-58l-15-5gal-igloo\/","name":"Hielera con Ruedas 58L 15.5Gal Igloo - Mivoot","isPartOf":{"@id":"https:\/\/mivoot.com\/gt\/#website"},"primaryImageOfPage":{"@id":"https:\/\/mivoot.com\/gt\/producto\/hielera-con-ruedas-58l-15-5gal-igloo\/#primaryimage"},"image":{"@id":"https:\/\/mivoot.com\/gt\/producto\/hielera-con-ruedas-58l-15-5gal-igloo\/#primaryimage"},"thumbnailUrl":"https:\/\/mivoot.com\/gt\/wp-content\/uploads\/2025\/01\/hielera-58l-igloo.jpg","datePublished":"2025-01-22T18:19:18+00:00","dateModified":"2026-03-17T17:56:23+00:00","breadcrumb":{"@id":"https:\/\/mivoot.com\/gt\/producto\/hielera-con-ruedas-58l-15-5gal-igloo\/#breadcrumb"},"inLanguage":"es","potentialAction":[{"@type":"ReadAction","target":["https:\/\/mivoot.com\/gt\/producto\/hielera-con-ruedas-58l-15-5gal-igloo\/"]}]},{"@type":"ImageObject","inLanguage":"es","@id":"https:\/\/mivoot.com\/gt\/producto\/hielera-con-ruedas-58l-15-5gal-igloo\/#primaryimage","url":"https:\/\/mivoot.com\/gt\/wp-content\/uploads\/2025\/01\/hielera-58l-igloo.jpg","contentUrl":"https:\/\/mivoot.com\/gt\/wp-content\/uploads\/2025\/01\/hielera-58l-igloo.jpg","width":1024,"height":847},{"@type":"BreadcrumbList","@id":"https:\/\/mivoot.com\/gt\/producto\/hielera-con-ruedas-58l-15-5gal-igloo\/#breadcrumb","itemListElement":[{"@type":"ListItem","position":1,"name":"Inicio","item":"https:\/\/mivoot.com\/gt\/"},{"@type":"ListItem","position":2,"name":"Productos","item":"https:\/\/mivoot.com\/gt\/producto\/"},{"@type":"ListItem","position":3,"name":"IGLOO","item":"https:\/\/mivoot.com\/gt\/marca\/igloo\/"},{"@type":"ListItem","position":4,"name":"Hielera con Ruedas 58L 15.5Gal Igloo"}]},{"@type":"WebSite","@id":"https:\/\/mivoot.com\/gt\/#website","url":"https:\/\/mivoot.com\/gt\/","name":"Mivoot","description":"Mivoot Guatemala | Tienda Online","publisher":{"@id":"https:\/\/mivoot.com\/gt\/#organization"},"alternateName":"mivoot","potentialAction":[{"@type":"SearchAction","target":{"@type":"EntryPoint","urlTemplate":"https:\/\/mivoot.com\/gt\/?s={search_term_string}"},"query-input":{"@type":"PropertyValueSpecification","valueRequired":true,"valueName":"search_term_string"}}],"inLanguage":"es"},{"@type":"Organization","@id":"https:\/\/mivoot.com\/gt\/#organization","name":"Mivoot Guatemala","alternateName":"mivoot.com","url":"https:\/\/mivoot.com\/gt\/","logo":{"@type":"ImageObject","inLanguage":"es","@id":"https:\/\/mivoot.com\/gt\/#\/schema\/logo\/image\/","url":"https:\/\/mivoot.com\/gt\/wp-content\/uploads\/2023\/03\/cropped-icon.png","contentUrl":"https:\/\/mivoot.com\/gt\/wp-content\/uploads\/2023\/03\/cropped-icon.png","width":512,"height":512,"caption":"Mivoot Guatemala"},"image":{"@id":"https:\/\/mivoot.com\/gt\/#\/schema\/logo\/image\/"},"sameAs":["https:\/\/www.facebook.com\/mivootgt","https:\/\/instagram.com\/mivoot"]}]}},"jetpack_publicize_connections":[],"jetpack_sharing_enabled":true,"brands":[{"id":593,"name":"IGLOO","slug":"igloo"}],"_links":{"self":[{"href":"https:\/\/mivoot.com\/gt\/wp-json\/wp\/v2\/product\/25261","targetHints":{"allow":["GET"]}}],"collection":[{"href":"https:\/\/mivoot.com\/gt\/wp-json\/wp\/v2\/product"}],"about":[{"href":"https:\/\/mivoot.com\/gt\/wp-json\/wp\/v2\/types\/product"}],"replies":[{"embeddable":true,"href":"https:\/\/mivoot.com\/gt\/wp-json\/wp\/v2\/comments?post=25261"}],"version-history":[{"count":3,"href":"https:\/\/mivoot.com\/gt\/wp-json\/wp\/v2\/product\/25261\/revisions"}],"predecessor-version":[{"id":25277,"href":"https:\/\/mivoot.com\/gt\/wp-json\/wp\/v2\/product\/25261\/revisions\/25277"}],"wp:featuredmedia":[{"embeddable":true,"href":"https:\/\/mivoot.com\/gt\/wp-json\/wp\/v2\/media\/25269"}],"wp:attachment":[{"href":"https:\/\/mivoot.com\/gt\/wp-json\/wp\/v2\/media?parent=25261"}],"wp:term":[{"taxonomy":"pwb-brand","embeddable":true,"href":"https:\/\/mivoot.com\/gt\/wp-json\/wp\/v2\/pwb-brand?post=25261"},{"taxonomy":"product_brand","embeddable":true,"href":"https:\/\/mivoot.com\/gt\/wp-json\/wp\/v2\/product_brand?post=25261"},{"taxonomy":"product_cat","embeddable":true,"href":"https:\/\/mivoot.com\/gt\/wp-json\/wp\/v2\/product_cat?post=25261"},{"taxonomy":"product_tag","embeddable":true,"href":"https:\/\/mivoot.com\/gt\/wp-json\/wp\/v2\/product_tag?post=25261"}],"curies":[{"name":"wp","href":"https:\/\/api.w.org\/{rel}","templated":true}]}}