{"id":25308,"date":"2025-01-23T11:07:10","date_gmt":"2025-01-23T17:07:10","guid":{"rendered":"https:\/\/mivoot.com\/gt\/?post_type=product&#038;p=25308"},"modified":"2025-01-23T11:14:51","modified_gmt":"2025-01-23T17:14:51","slug":"arrocera-multiusos-10-tazas-oster","status":"publish","type":"product","link":"https:\/\/mivoot.com\/gt\/producto\/arrocera-multiusos-10-tazas-oster\/","title":{"rendered":"Arrocera multiusos 10 tazas Oster"},"content":{"rendered":"<h3 style=\"text-align: center\"><strong><span style=\"color: #003366\">Con nuestra arrocera multiusos, cocina arroz y todo lo que puedas imaginar de la manera m\u00e1s f\u00e1cil, r\u00e1pida y rendidora, ya que tiene una capacidad de 1,8 litros. \u00bfNo quieres comer arroz hoy? Puedes volverte creativa a la hora de crear preparaciones saludables gracias a su bandeja para cocer al vapor.<\/span><\/strong><\/h3>\n<h3 style=\"text-align: center\"><span style=\"color: #003366\"> Usa la funci\u00f3n autom\u00e1tica para mantener tus comidas perfectas hasta la hora de servirlas. Adem\u00e1s podr\u00e1s limpiarla f\u00e1cilmente gracias a su taz\u00f3n interno removible de aluminio con recubrimiento antiadherente.<\/span><\/h3>\n<p>&nbsp;<\/p>\n<ul>\n<li>Capacidad para 1.8 lts (10 tazas) de arroz cocido<\/li>\n<li>Exclusiva fuente de calor esf\u00e9rica que asegura una cocci\u00f3n uniforme<\/li>\n<li>Olla con recubrimiento antiadherente removible para una f\u00e1cil limpieza<\/li>\n<li>Bot\u00f3n de un solo toque para f\u00e1cil manejo<\/li>\n<li>Tapa de vidro refractario con ventilaci\u00f3n para evitar la cocci\u00f3n excesiva de los alimentos<\/li>\n<li>Funci\u00f3n autom\u00e1tica para matener el arroz caliente una vez cocido<\/li>\n<li>Incluye taza medidora de 180 ml (6.1 oz) y cuchar\u00f3n<\/li>\n<\/ul>\n","protected":false},"excerpt":{"rendered":"<p>&#8211; Peso: 2.4 kg<br \/>\n&#8211; Medidas (Alto x Ancho x Largo): 26.2 x 30.5 x 25.7 cm<br \/>\n&#8211; Potencia en watts: 700<br \/>\n&#8211; Capacidad: 10 tazas arroz crudo &#8211; 1.8 litros<br \/>\n&#8211; Recubrimiento: Antiadherente<br \/>\n&#8211; Apagado autom\u00e1tico: S\u00ed<br \/>\n&#8211; Funci\u00f3n de sofrito: No<br \/>\n&#8211; Funci\u00f3n de mantener caliente: S\u00ed<br \/>\n&#8211; Bandeja de vapor: No<br \/>\n&#8211; Digital o Manual: Manual<br \/>\n&#8211; Funci\u00f3n de freidora de aire: No<br \/>\n&#8211; Recubrimiento infundido con aceite de oliva: No<\/p>\n","protected":false},"featured_media":25317,"comment_status":"open","ping_status":"closed","template":"","meta":{"jetpack_publicize_message":"","jetpack_publicize_feature_enabled":true,"jetpack_social_post_already_shared":true,"jetpack_social_options":{"image_generator_settings":{"template":"highway","default_image_id":0,"font":"","enabled":false},"version":2}},"pwb-brand":[298],"product_brand":[],"product_cat":[544],"product_tag":[],"class_list":{"0":"post-25308","1":"product","2":"type-product","3":"status-publish","4":"has-post-thumbnail","6":"pwb-brand-oster","7":"product_cat-ollas-y-sartenes","9":"first","10":"instock","11":"taxable","12":"shipping-taxable","13":"purchasable","14":"product-type-simple"},"yoast_head":"<!-- This site is optimized with the Yoast SEO Premium plugin v25.7.1 (Yoast SEO v26.8) - https:\/\/yoast.com\/product\/yoast-seo-premium-wordpress\/ -->\n<title>Arrocera multiusos 10 tazas Oster - Mivoot<\/title>\n<meta name=\"robots\" content=\"index, follow, max-snippet:-1, max-image-preview:large, max-video-preview:-1\" \/>\n<link rel=\"canonical\" href=\"https:\/\/mivoot.com\/gt\/producto\/arrocera-multiusos-10-tazas-oster\/\" \/>\n<meta property=\"og:locale\" content=\"es_ES\" \/>\n<meta property=\"og:type\" content=\"article\" \/>\n<meta property=\"og:title\" content=\"Arrocera multiusos 10 tazas Oster\" \/>\n<meta property=\"og:description\" content=\"- Peso: 2.4 kg - Medidas (Alto x Ancho x Largo): 26.2 x 30.5 x 25.7 cm - Potencia en watts: 700 - Capacidad: 10 tazas arroz crudo - 1.8 litros - Recubrimiento: Antiadherente - Apagado autom\u00e1tico: S\u00ed - Funci\u00f3n de sofrito: No - Funci\u00f3n de mantener caliente: S\u00ed - Bandeja de vapor: No - Digital o Manual: Manual - Funci\u00f3n de freidora de aire: No - Recubrimiento infundido con aceite de oliva: No\" \/>\n<meta property=\"og:url\" content=\"https:\/\/mivoot.com\/gt\/producto\/arrocera-multiusos-10-tazas-oster\/\" \/>\n<meta property=\"og:site_name\" content=\"Mivoot\" \/>\n<meta property=\"article:publisher\" content=\"https:\/\/www.facebook.com\/mivootgt\" \/>\n<meta property=\"article:modified_time\" content=\"2025-01-23T17:14:51+00:00\" \/>\n<meta property=\"og:image\" content=\"https:\/\/mivoot.com\/gt\/wp-content\/uploads\/2025\/01\/CKSTRC1700B-1.webp\" \/>\n\t<meta property=\"og:image:width\" content=\"1000\" \/>\n\t<meta property=\"og:image:height\" content=\"1000\" \/>\n\t<meta property=\"og:image:type\" content=\"image\/webp\" \/>\n<meta name=\"twitter:card\" content=\"summary_large_image\" \/>\n<meta name=\"twitter:label1\" content=\"Est. reading time\" \/>\n\t<meta name=\"twitter:data1\" content=\"1 minuto\" \/>\n<script type=\"application\/ld+json\" class=\"yoast-schema-graph\">{\"@context\":\"https:\/\/schema.org\",\"@graph\":[{\"@type\":\"WebPage\",\"@id\":\"https:\/\/mivoot.com\/gt\/producto\/arrocera-multiusos-10-tazas-oster\/\",\"url\":\"https:\/\/mivoot.com\/gt\/producto\/arrocera-multiusos-10-tazas-oster\/\",\"name\":\"Arrocera multiusos 10 tazas Oster - Mivoot\",\"isPartOf\":{\"@id\":\"https:\/\/mivoot.com\/gt\/#website\"},\"primaryImageOfPage\":{\"@id\":\"https:\/\/mivoot.com\/gt\/producto\/arrocera-multiusos-10-tazas-oster\/#primaryimage\"},\"image\":{\"@id\":\"https:\/\/mivoot.com\/gt\/producto\/arrocera-multiusos-10-tazas-oster\/#primaryimage\"},\"thumbnailUrl\":\"https:\/\/mivoot.com\/gt\/wp-content\/uploads\/2025\/01\/CKSTRC1700B-1.webp\",\"datePublished\":\"2025-01-23T17:07:10+00:00\",\"dateModified\":\"2025-01-23T17:14:51+00:00\",\"breadcrumb\":{\"@id\":\"https:\/\/mivoot.com\/gt\/producto\/arrocera-multiusos-10-tazas-oster\/#breadcrumb\"},\"inLanguage\":\"es\",\"potentialAction\":[{\"@type\":\"ReadAction\",\"target\":[\"https:\/\/mivoot.com\/gt\/producto\/arrocera-multiusos-10-tazas-oster\/\"]}]},{\"@type\":\"ImageObject\",\"inLanguage\":\"es\",\"@id\":\"https:\/\/mivoot.com\/gt\/producto\/arrocera-multiusos-10-tazas-oster\/#primaryimage\",\"url\":\"https:\/\/mivoot.com\/gt\/wp-content\/uploads\/2025\/01\/CKSTRC1700B-1.webp\",\"contentUrl\":\"https:\/\/mivoot.com\/gt\/wp-content\/uploads\/2025\/01\/CKSTRC1700B-1.webp\",\"width\":1000,\"height\":1000},{\"@type\":\"BreadcrumbList\",\"@id\":\"https:\/\/mivoot.com\/gt\/producto\/arrocera-multiusos-10-tazas-oster\/#breadcrumb\",\"itemListElement\":[{\"@type\":\"ListItem\",\"position\":1,\"name\":\"Inicio\",\"item\":\"https:\/\/mivoot.com\/gt\/\"},{\"@type\":\"ListItem\",\"position\":2,\"name\":\"Productos\",\"item\":\"https:\/\/mivoot.com\/gt\/producto\/\"},{\"@type\":\"ListItem\",\"position\":3,\"name\":\"Oster\",\"item\":\"https:\/\/mivoot.com\/gt\/marca\/oster\/\"},{\"@type\":\"ListItem\",\"position\":4,\"name\":\"Arrocera multiusos 10 tazas Oster\"}]},{\"@type\":\"WebSite\",\"@id\":\"https:\/\/mivoot.com\/gt\/#website\",\"url\":\"https:\/\/mivoot.com\/gt\/\",\"name\":\"Mivoot\",\"description\":\"Mivoot Guatemala | Tienda Online\",\"publisher\":{\"@id\":\"https:\/\/mivoot.com\/gt\/#organization\"},\"alternateName\":\"mivoot\",\"potentialAction\":[{\"@type\":\"SearchAction\",\"target\":{\"@type\":\"EntryPoint\",\"urlTemplate\":\"https:\/\/mivoot.com\/gt\/?s={search_term_string}\"},\"query-input\":{\"@type\":\"PropertyValueSpecification\",\"valueRequired\":true,\"valueName\":\"search_term_string\"}}],\"inLanguage\":\"es\"},{\"@type\":\"Organization\",\"@id\":\"https:\/\/mivoot.com\/gt\/#organization\",\"name\":\"Mivoot Guatemala\",\"alternateName\":\"mivoot.com\",\"url\":\"https:\/\/mivoot.com\/gt\/\",\"logo\":{\"@type\":\"ImageObject\",\"inLanguage\":\"es\",\"@id\":\"https:\/\/mivoot.com\/gt\/#\/schema\/logo\/image\/\",\"url\":\"https:\/\/mivoot.com\/gt\/wp-content\/uploads\/2023\/03\/cropped-icon.png\",\"contentUrl\":\"https:\/\/mivoot.com\/gt\/wp-content\/uploads\/2023\/03\/cropped-icon.png\",\"width\":512,\"height\":512,\"caption\":\"Mivoot Guatemala\"},\"image\":{\"@id\":\"https:\/\/mivoot.com\/gt\/#\/schema\/logo\/image\/\"},\"sameAs\":[\"https:\/\/www.facebook.com\/mivootgt\",\"https:\/\/instagram.com\/mivoot\"]}]}<\/script>\n<!-- \/ Yoast SEO Premium plugin. -->","yoast_head_json":{"title":"Arrocera multiusos 10 tazas Oster - Mivoot","robots":{"index":"index","follow":"follow","max-snippet":"max-snippet:-1","max-image-preview":"max-image-preview:large","max-video-preview":"max-video-preview:-1"},"canonical":"https:\/\/mivoot.com\/gt\/producto\/arrocera-multiusos-10-tazas-oster\/","og_locale":"es_ES","og_type":"article","og_title":"Arrocera multiusos 10 tazas Oster","og_description":"- Peso: 2.4 kg - Medidas (Alto x Ancho x Largo): 26.2 x 30.5 x 25.7 cm - Potencia en watts: 700 - Capacidad: 10 tazas arroz crudo - 1.8 litros - Recubrimiento: Antiadherente - Apagado autom\u00e1tico: S\u00ed - Funci\u00f3n de sofrito: No - Funci\u00f3n de mantener caliente: S\u00ed - Bandeja de vapor: No - Digital o Manual: Manual - Funci\u00f3n de freidora de aire: No - Recubrimiento infundido con aceite de oliva: No","og_url":"https:\/\/mivoot.com\/gt\/producto\/arrocera-multiusos-10-tazas-oster\/","og_site_name":"Mivoot","article_publisher":"https:\/\/www.facebook.com\/mivootgt","article_modified_time":"2025-01-23T17:14:51+00:00","og_image":[{"width":1000,"height":1000,"url":"https:\/\/mivoot.com\/gt\/wp-content\/uploads\/2025\/01\/CKSTRC1700B-1.webp","type":"image\/webp"}],"twitter_card":"summary_large_image","twitter_misc":{"Est. reading time":"1 minuto"},"schema":{"@context":"https:\/\/schema.org","@graph":[{"@type":"WebPage","@id":"https:\/\/mivoot.com\/gt\/producto\/arrocera-multiusos-10-tazas-oster\/","url":"https:\/\/mivoot.com\/gt\/producto\/arrocera-multiusos-10-tazas-oster\/","name":"Arrocera multiusos 10 tazas Oster - Mivoot","isPartOf":{"@id":"https:\/\/mivoot.com\/gt\/#website"},"primaryImageOfPage":{"@id":"https:\/\/mivoot.com\/gt\/producto\/arrocera-multiusos-10-tazas-oster\/#primaryimage"},"image":{"@id":"https:\/\/mivoot.com\/gt\/producto\/arrocera-multiusos-10-tazas-oster\/#primaryimage"},"thumbnailUrl":"https:\/\/mivoot.com\/gt\/wp-content\/uploads\/2025\/01\/CKSTRC1700B-1.webp","datePublished":"2025-01-23T17:07:10+00:00","dateModified":"2025-01-23T17:14:51+00:00","breadcrumb":{"@id":"https:\/\/mivoot.com\/gt\/producto\/arrocera-multiusos-10-tazas-oster\/#breadcrumb"},"inLanguage":"es","potentialAction":[{"@type":"ReadAction","target":["https:\/\/mivoot.com\/gt\/producto\/arrocera-multiusos-10-tazas-oster\/"]}]},{"@type":"ImageObject","inLanguage":"es","@id":"https:\/\/mivoot.com\/gt\/producto\/arrocera-multiusos-10-tazas-oster\/#primaryimage","url":"https:\/\/mivoot.com\/gt\/wp-content\/uploads\/2025\/01\/CKSTRC1700B-1.webp","contentUrl":"https:\/\/mivoot.com\/gt\/wp-content\/uploads\/2025\/01\/CKSTRC1700B-1.webp","width":1000,"height":1000},{"@type":"BreadcrumbList","@id":"https:\/\/mivoot.com\/gt\/producto\/arrocera-multiusos-10-tazas-oster\/#breadcrumb","itemListElement":[{"@type":"ListItem","position":1,"name":"Inicio","item":"https:\/\/mivoot.com\/gt\/"},{"@type":"ListItem","position":2,"name":"Productos","item":"https:\/\/mivoot.com\/gt\/producto\/"},{"@type":"ListItem","position":3,"name":"Oster","item":"https:\/\/mivoot.com\/gt\/marca\/oster\/"},{"@type":"ListItem","position":4,"name":"Arrocera multiusos 10 tazas Oster"}]},{"@type":"WebSite","@id":"https:\/\/mivoot.com\/gt\/#website","url":"https:\/\/mivoot.com\/gt\/","name":"Mivoot","description":"Mivoot Guatemala | Tienda Online","publisher":{"@id":"https:\/\/mivoot.com\/gt\/#organization"},"alternateName":"mivoot","potentialAction":[{"@type":"SearchAction","target":{"@type":"EntryPoint","urlTemplate":"https:\/\/mivoot.com\/gt\/?s={search_term_string}"},"query-input":{"@type":"PropertyValueSpecification","valueRequired":true,"valueName":"search_term_string"}}],"inLanguage":"es"},{"@type":"Organization","@id":"https:\/\/mivoot.com\/gt\/#organization","name":"Mivoot Guatemala","alternateName":"mivoot.com","url":"https:\/\/mivoot.com\/gt\/","logo":{"@type":"ImageObject","inLanguage":"es","@id":"https:\/\/mivoot.com\/gt\/#\/schema\/logo\/image\/","url":"https:\/\/mivoot.com\/gt\/wp-content\/uploads\/2023\/03\/cropped-icon.png","contentUrl":"https:\/\/mivoot.com\/gt\/wp-content\/uploads\/2023\/03\/cropped-icon.png","width":512,"height":512,"caption":"Mivoot Guatemala"},"image":{"@id":"https:\/\/mivoot.com\/gt\/#\/schema\/logo\/image\/"},"sameAs":["https:\/\/www.facebook.com\/mivootgt","https:\/\/instagram.com\/mivoot"]}]}},"jetpack_publicize_connections":[],"jetpack_sharing_enabled":true,"brands":[{"id":298,"name":"Oster","slug":"oster"}],"_links":{"self":[{"href":"https:\/\/mivoot.com\/gt\/wp-json\/wp\/v2\/product\/25308","targetHints":{"allow":["GET"]}}],"collection":[{"href":"https:\/\/mivoot.com\/gt\/wp-json\/wp\/v2\/product"}],"about":[{"href":"https:\/\/mivoot.com\/gt\/wp-json\/wp\/v2\/types\/product"}],"replies":[{"embeddable":true,"href":"https:\/\/mivoot.com\/gt\/wp-json\/wp\/v2\/comments?post=25308"}],"version-history":[{"count":1,"href":"https:\/\/mivoot.com\/gt\/wp-json\/wp\/v2\/product\/25308\/revisions"}],"predecessor-version":[{"id":25318,"href":"https:\/\/mivoot.com\/gt\/wp-json\/wp\/v2\/product\/25308\/revisions\/25318"}],"wp:featuredmedia":[{"embeddable":true,"href":"https:\/\/mivoot.com\/gt\/wp-json\/wp\/v2\/media\/25317"}],"wp:attachment":[{"href":"https:\/\/mivoot.com\/gt\/wp-json\/wp\/v2\/media?parent=25308"}],"wp:term":[{"taxonomy":"pwb-brand","embeddable":true,"href":"https:\/\/mivoot.com\/gt\/wp-json\/wp\/v2\/pwb-brand?post=25308"},{"taxonomy":"product_brand","embeddable":true,"href":"https:\/\/mivoot.com\/gt\/wp-json\/wp\/v2\/product_brand?post=25308"},{"taxonomy":"product_cat","embeddable":true,"href":"https:\/\/mivoot.com\/gt\/wp-json\/wp\/v2\/product_cat?post=25308"},{"taxonomy":"product_tag","embeddable":true,"href":"https:\/\/mivoot.com\/gt\/wp-json\/wp\/v2\/product_tag?post=25308"}],"curies":[{"name":"wp","href":"https:\/\/api.w.org\/{rel}","templated":true}]}}