{"id":25334,"date":"2025-01-24T09:47:54","date_gmt":"2025-01-24T15:47:54","guid":{"rendered":"https:\/\/mivoot.com\/gt\/?post_type=product&#038;p=25334"},"modified":"2025-01-24T09:47:56","modified_gmt":"2025-01-24T15:47:56","slug":"cafetera-de-12-tazas-con-filtro-permanente-oster","status":"publish","type":"product","link":"https:\/\/mivoot.com\/gt\/producto\/cafetera-de-12-tazas-con-filtro-permanente-oster\/","title":{"rendered":"Cafetera de 12 Tazas, con Filtro Permanente Oster"},"content":{"rendered":"<h3 style=\"text-align: center\"><span style=\"color: #003366\"><strong>La cafetera Oster\u00ae de 12 tazas permite disfrutar de una taza de caf\u00e9 reci\u00e9n hecha la momento que desees.<\/strong><\/span><\/h3>\n<p>&nbsp;<\/p>\n<ul>\n<li>Esta cafetera tiene una amplia capacidad de 12 tazas, lo que te permite preparar suficiente caf\u00e9 para servir a toda tu familia o grupo de amigos.<\/li>\n<li>La cafetera est\u00e1 equipada con una pr\u00e1ctica funci\u00f3n de pausa y servir, que te permite servirte una taza de caf\u00e9 incluso mientras el proceso de colado a\u00fan est\u00e1 en curso.<\/li>\n<li>Luz indicadora te permite saber si la cafetera est\u00e1 encendida o apagada<\/li>\n<li>La cafetera cuenta con una canasta removible que facilita tanto el llenado de caf\u00e9 como la limpieza despu\u00e9s de su uso. Esta caracter\u00edstica pr\u00e1ctica te permite cargar f\u00e1cilmente el caf\u00e9 molido y luego retirar la canasta para un lavado conveniente.<\/li>\n<li>Las ventanillas dobles muestran la cantidad de agua que se encuentra en el tanque para llenarlo con precisi\u00f3n<\/li>\n<li>El \u00e1rea de almacenamiento conveniente para guardar de forma segura el cable el\u00e9ctrico<\/li>\n<\/ul>\n","protected":false},"excerpt":{"rendered":"<p>Auto Apagado: no<br \/>\nProgramable: no<br \/>\nCapacidad: 12 tazas<br \/>\nLuz de encendido: No<br \/>\nPeso: 1.89 Kg<br \/>\nMedidas (Alto x largo x Ancho): 32.70 cm x 20.49 cm x 32.10 cm<\/p>\n","protected":false},"featured_media":25340,"comment_status":"open","ping_status":"closed","template":"","meta":{"jetpack_publicize_message":"","jetpack_publicize_feature_enabled":true,"jetpack_social_post_already_shared":true,"jetpack_social_options":{"image_generator_settings":{"template":"highway","default_image_id":0,"font":"","enabled":false},"version":2}},"pwb-brand":[298],"product_brand":[],"product_cat":[166],"product_tag":[],"class_list":{"0":"post-25334","1":"product","2":"type-product","3":"status-publish","4":"has-post-thumbnail","6":"pwb-brand-oster","7":"product_cat-cafeteras","9":"first","10":"instock","11":"taxable","12":"shipping-taxable","13":"purchasable","14":"product-type-simple"},"yoast_head":"<!-- This site is optimized with the Yoast SEO Premium plugin v25.7.1 (Yoast SEO v26.8) - https:\/\/yoast.com\/product\/yoast-seo-premium-wordpress\/ -->\n<title>Cafetera de 12 Tazas, con Filtro Permanente Oster - Mivoot<\/title>\n<meta name=\"robots\" content=\"index, follow, max-snippet:-1, max-image-preview:large, max-video-preview:-1\" \/>\n<link rel=\"canonical\" href=\"https:\/\/mivoot.com\/gt\/producto\/cafetera-de-12-tazas-con-filtro-permanente-oster\/\" \/>\n<meta property=\"og:locale\" content=\"es_ES\" \/>\n<meta property=\"og:type\" content=\"article\" \/>\n<meta property=\"og:title\" content=\"Cafetera de 12 Tazas, con Filtro Permanente Oster\" \/>\n<meta property=\"og:description\" content=\"Auto Apagado: no Programable: no Capacidad: 12 tazas Luz de encendido: No Peso: 1.89 Kg Medidas (Alto x largo x Ancho): 32.70 cm x 20.49 cm x 32.10 cm\" \/>\n<meta property=\"og:url\" content=\"https:\/\/mivoot.com\/gt\/producto\/cafetera-de-12-tazas-con-filtro-permanente-oster\/\" \/>\n<meta property=\"og:site_name\" content=\"Mivoot\" \/>\n<meta property=\"article:publisher\" content=\"https:\/\/www.facebook.com\/mivootgt\" \/>\n<meta property=\"article:modified_time\" content=\"2025-01-24T15:47:56+00:00\" \/>\n<meta property=\"og:image\" content=\"https:\/\/mivoot.com\/gt\/wp-content\/uploads\/2025\/01\/ZWZkZmRiYz-1000x1000-1.jpg\" \/>\n\t<meta property=\"og:image:width\" content=\"1000\" \/>\n\t<meta property=\"og:image:height\" content=\"1000\" \/>\n\t<meta property=\"og:image:type\" content=\"image\/jpeg\" \/>\n<meta name=\"twitter:card\" content=\"summary_large_image\" \/>\n<meta name=\"twitter:label1\" content=\"Est. reading time\" \/>\n\t<meta name=\"twitter:data1\" content=\"1 minuto\" \/>\n<script type=\"application\/ld+json\" class=\"yoast-schema-graph\">{\"@context\":\"https:\/\/schema.org\",\"@graph\":[{\"@type\":\"WebPage\",\"@id\":\"https:\/\/mivoot.com\/gt\/producto\/cafetera-de-12-tazas-con-filtro-permanente-oster\/\",\"url\":\"https:\/\/mivoot.com\/gt\/producto\/cafetera-de-12-tazas-con-filtro-permanente-oster\/\",\"name\":\"Cafetera de 12 Tazas, con Filtro Permanente Oster - Mivoot\",\"isPartOf\":{\"@id\":\"https:\/\/mivoot.com\/gt\/#website\"},\"primaryImageOfPage\":{\"@id\":\"https:\/\/mivoot.com\/gt\/producto\/cafetera-de-12-tazas-con-filtro-permanente-oster\/#primaryimage\"},\"image\":{\"@id\":\"https:\/\/mivoot.com\/gt\/producto\/cafetera-de-12-tazas-con-filtro-permanente-oster\/#primaryimage\"},\"thumbnailUrl\":\"https:\/\/mivoot.com\/gt\/wp-content\/uploads\/2025\/01\/ZWZkZmRiYz-1000x1000-1.jpg\",\"datePublished\":\"2025-01-24T15:47:54+00:00\",\"dateModified\":\"2025-01-24T15:47:56+00:00\",\"breadcrumb\":{\"@id\":\"https:\/\/mivoot.com\/gt\/producto\/cafetera-de-12-tazas-con-filtro-permanente-oster\/#breadcrumb\"},\"inLanguage\":\"es\",\"potentialAction\":[{\"@type\":\"ReadAction\",\"target\":[\"https:\/\/mivoot.com\/gt\/producto\/cafetera-de-12-tazas-con-filtro-permanente-oster\/\"]}]},{\"@type\":\"ImageObject\",\"inLanguage\":\"es\",\"@id\":\"https:\/\/mivoot.com\/gt\/producto\/cafetera-de-12-tazas-con-filtro-permanente-oster\/#primaryimage\",\"url\":\"https:\/\/mivoot.com\/gt\/wp-content\/uploads\/2025\/01\/ZWZkZmRiYz-1000x1000-1.jpg\",\"contentUrl\":\"https:\/\/mivoot.com\/gt\/wp-content\/uploads\/2025\/01\/ZWZkZmRiYz-1000x1000-1.jpg\",\"width\":1000,\"height\":1000},{\"@type\":\"BreadcrumbList\",\"@id\":\"https:\/\/mivoot.com\/gt\/producto\/cafetera-de-12-tazas-con-filtro-permanente-oster\/#breadcrumb\",\"itemListElement\":[{\"@type\":\"ListItem\",\"position\":1,\"name\":\"Inicio\",\"item\":\"https:\/\/mivoot.com\/gt\/\"},{\"@type\":\"ListItem\",\"position\":2,\"name\":\"Productos\",\"item\":\"https:\/\/mivoot.com\/gt\/producto\/\"},{\"@type\":\"ListItem\",\"position\":3,\"name\":\"Oster\",\"item\":\"https:\/\/mivoot.com\/gt\/marca\/oster\/\"},{\"@type\":\"ListItem\",\"position\":4,\"name\":\"Cafetera de 12 Tazas, con Filtro Permanente Oster\"}]},{\"@type\":\"WebSite\",\"@id\":\"https:\/\/mivoot.com\/gt\/#website\",\"url\":\"https:\/\/mivoot.com\/gt\/\",\"name\":\"Mivoot\",\"description\":\"Mivoot Guatemala | Tienda Online\",\"publisher\":{\"@id\":\"https:\/\/mivoot.com\/gt\/#organization\"},\"alternateName\":\"mivoot\",\"potentialAction\":[{\"@type\":\"SearchAction\",\"target\":{\"@type\":\"EntryPoint\",\"urlTemplate\":\"https:\/\/mivoot.com\/gt\/?s={search_term_string}\"},\"query-input\":{\"@type\":\"PropertyValueSpecification\",\"valueRequired\":true,\"valueName\":\"search_term_string\"}}],\"inLanguage\":\"es\"},{\"@type\":\"Organization\",\"@id\":\"https:\/\/mivoot.com\/gt\/#organization\",\"name\":\"Mivoot Guatemala\",\"alternateName\":\"mivoot.com\",\"url\":\"https:\/\/mivoot.com\/gt\/\",\"logo\":{\"@type\":\"ImageObject\",\"inLanguage\":\"es\",\"@id\":\"https:\/\/mivoot.com\/gt\/#\/schema\/logo\/image\/\",\"url\":\"https:\/\/mivoot.com\/gt\/wp-content\/uploads\/2023\/03\/cropped-icon.png\",\"contentUrl\":\"https:\/\/mivoot.com\/gt\/wp-content\/uploads\/2023\/03\/cropped-icon.png\",\"width\":512,\"height\":512,\"caption\":\"Mivoot Guatemala\"},\"image\":{\"@id\":\"https:\/\/mivoot.com\/gt\/#\/schema\/logo\/image\/\"},\"sameAs\":[\"https:\/\/www.facebook.com\/mivootgt\",\"https:\/\/instagram.com\/mivoot\"]}]}<\/script>\n<!-- \/ Yoast SEO Premium plugin. -->","yoast_head_json":{"title":"Cafetera de 12 Tazas, con Filtro Permanente Oster - Mivoot","robots":{"index":"index","follow":"follow","max-snippet":"max-snippet:-1","max-image-preview":"max-image-preview:large","max-video-preview":"max-video-preview:-1"},"canonical":"https:\/\/mivoot.com\/gt\/producto\/cafetera-de-12-tazas-con-filtro-permanente-oster\/","og_locale":"es_ES","og_type":"article","og_title":"Cafetera de 12 Tazas, con Filtro Permanente Oster","og_description":"Auto Apagado: no Programable: no Capacidad: 12 tazas Luz de encendido: No Peso: 1.89 Kg Medidas (Alto x largo x Ancho): 32.70 cm x 20.49 cm x 32.10 cm","og_url":"https:\/\/mivoot.com\/gt\/producto\/cafetera-de-12-tazas-con-filtro-permanente-oster\/","og_site_name":"Mivoot","article_publisher":"https:\/\/www.facebook.com\/mivootgt","article_modified_time":"2025-01-24T15:47:56+00:00","og_image":[{"width":1000,"height":1000,"url":"https:\/\/mivoot.com\/gt\/wp-content\/uploads\/2025\/01\/ZWZkZmRiYz-1000x1000-1.jpg","type":"image\/jpeg"}],"twitter_card":"summary_large_image","twitter_misc":{"Est. reading time":"1 minuto"},"schema":{"@context":"https:\/\/schema.org","@graph":[{"@type":"WebPage","@id":"https:\/\/mivoot.com\/gt\/producto\/cafetera-de-12-tazas-con-filtro-permanente-oster\/","url":"https:\/\/mivoot.com\/gt\/producto\/cafetera-de-12-tazas-con-filtro-permanente-oster\/","name":"Cafetera de 12 Tazas, con Filtro Permanente Oster - Mivoot","isPartOf":{"@id":"https:\/\/mivoot.com\/gt\/#website"},"primaryImageOfPage":{"@id":"https:\/\/mivoot.com\/gt\/producto\/cafetera-de-12-tazas-con-filtro-permanente-oster\/#primaryimage"},"image":{"@id":"https:\/\/mivoot.com\/gt\/producto\/cafetera-de-12-tazas-con-filtro-permanente-oster\/#primaryimage"},"thumbnailUrl":"https:\/\/mivoot.com\/gt\/wp-content\/uploads\/2025\/01\/ZWZkZmRiYz-1000x1000-1.jpg","datePublished":"2025-01-24T15:47:54+00:00","dateModified":"2025-01-24T15:47:56+00:00","breadcrumb":{"@id":"https:\/\/mivoot.com\/gt\/producto\/cafetera-de-12-tazas-con-filtro-permanente-oster\/#breadcrumb"},"inLanguage":"es","potentialAction":[{"@type":"ReadAction","target":["https:\/\/mivoot.com\/gt\/producto\/cafetera-de-12-tazas-con-filtro-permanente-oster\/"]}]},{"@type":"ImageObject","inLanguage":"es","@id":"https:\/\/mivoot.com\/gt\/producto\/cafetera-de-12-tazas-con-filtro-permanente-oster\/#primaryimage","url":"https:\/\/mivoot.com\/gt\/wp-content\/uploads\/2025\/01\/ZWZkZmRiYz-1000x1000-1.jpg","contentUrl":"https:\/\/mivoot.com\/gt\/wp-content\/uploads\/2025\/01\/ZWZkZmRiYz-1000x1000-1.jpg","width":1000,"height":1000},{"@type":"BreadcrumbList","@id":"https:\/\/mivoot.com\/gt\/producto\/cafetera-de-12-tazas-con-filtro-permanente-oster\/#breadcrumb","itemListElement":[{"@type":"ListItem","position":1,"name":"Inicio","item":"https:\/\/mivoot.com\/gt\/"},{"@type":"ListItem","position":2,"name":"Productos","item":"https:\/\/mivoot.com\/gt\/producto\/"},{"@type":"ListItem","position":3,"name":"Oster","item":"https:\/\/mivoot.com\/gt\/marca\/oster\/"},{"@type":"ListItem","position":4,"name":"Cafetera de 12 Tazas, con Filtro Permanente Oster"}]},{"@type":"WebSite","@id":"https:\/\/mivoot.com\/gt\/#website","url":"https:\/\/mivoot.com\/gt\/","name":"Mivoot","description":"Mivoot Guatemala | Tienda Online","publisher":{"@id":"https:\/\/mivoot.com\/gt\/#organization"},"alternateName":"mivoot","potentialAction":[{"@type":"SearchAction","target":{"@type":"EntryPoint","urlTemplate":"https:\/\/mivoot.com\/gt\/?s={search_term_string}"},"query-input":{"@type":"PropertyValueSpecification","valueRequired":true,"valueName":"search_term_string"}}],"inLanguage":"es"},{"@type":"Organization","@id":"https:\/\/mivoot.com\/gt\/#organization","name":"Mivoot Guatemala","alternateName":"mivoot.com","url":"https:\/\/mivoot.com\/gt\/","logo":{"@type":"ImageObject","inLanguage":"es","@id":"https:\/\/mivoot.com\/gt\/#\/schema\/logo\/image\/","url":"https:\/\/mivoot.com\/gt\/wp-content\/uploads\/2023\/03\/cropped-icon.png","contentUrl":"https:\/\/mivoot.com\/gt\/wp-content\/uploads\/2023\/03\/cropped-icon.png","width":512,"height":512,"caption":"Mivoot Guatemala"},"image":{"@id":"https:\/\/mivoot.com\/gt\/#\/schema\/logo\/image\/"},"sameAs":["https:\/\/www.facebook.com\/mivootgt","https:\/\/instagram.com\/mivoot"]}]}},"jetpack_publicize_connections":[],"jetpack_sharing_enabled":true,"brands":[{"id":298,"name":"Oster","slug":"oster"}],"_links":{"self":[{"href":"https:\/\/mivoot.com\/gt\/wp-json\/wp\/v2\/product\/25334","targetHints":{"allow":["GET"]}}],"collection":[{"href":"https:\/\/mivoot.com\/gt\/wp-json\/wp\/v2\/product"}],"about":[{"href":"https:\/\/mivoot.com\/gt\/wp-json\/wp\/v2\/types\/product"}],"replies":[{"embeddable":true,"href":"https:\/\/mivoot.com\/gt\/wp-json\/wp\/v2\/comments?post=25334"}],"version-history":[{"count":1,"href":"https:\/\/mivoot.com\/gt\/wp-json\/wp\/v2\/product\/25334\/revisions"}],"predecessor-version":[{"id":25341,"href":"https:\/\/mivoot.com\/gt\/wp-json\/wp\/v2\/product\/25334\/revisions\/25341"}],"wp:featuredmedia":[{"embeddable":true,"href":"https:\/\/mivoot.com\/gt\/wp-json\/wp\/v2\/media\/25340"}],"wp:attachment":[{"href":"https:\/\/mivoot.com\/gt\/wp-json\/wp\/v2\/media?parent=25334"}],"wp:term":[{"taxonomy":"pwb-brand","embeddable":true,"href":"https:\/\/mivoot.com\/gt\/wp-json\/wp\/v2\/pwb-brand?post=25334"},{"taxonomy":"product_brand","embeddable":true,"href":"https:\/\/mivoot.com\/gt\/wp-json\/wp\/v2\/product_brand?post=25334"},{"taxonomy":"product_cat","embeddable":true,"href":"https:\/\/mivoot.com\/gt\/wp-json\/wp\/v2\/product_cat?post=25334"},{"taxonomy":"product_tag","embeddable":true,"href":"https:\/\/mivoot.com\/gt\/wp-json\/wp\/v2\/product_tag?post=25334"}],"curies":[{"name":"wp","href":"https:\/\/api.w.org\/{rel}","templated":true}]}}