{"id":25504,"date":"2025-01-26T22:10:48","date_gmt":"2025-01-27T04:10:48","guid":{"rendered":"https:\/\/mivoot.com\/gt\/?post_type=product&#038;p=25504"},"modified":"2025-01-26T22:10:50","modified_gmt":"2025-01-27T04:10:50","slug":"video-portero-i60k-fanvil","status":"publish","type":"product","link":"https:\/\/mivoot.com\/gt\/producto\/video-portero-i60k-fanvil\/","title":{"rendered":"Video Portero i60K Fanvil"},"content":{"rendered":"<div class=\"pro-detail1\">\n<div class=\"wp\">\n<div class=\"txt\">\n<p align=\"left\"><span>Fanvil i60K es un videoportero con bot\u00f3n de marcaci\u00f3n r\u00e1pida, teclado num\u00e9rico y clasificaci\u00f3n IP65 para uso en interiores y exteriores. Admite varios m\u00e9todos de apertura de puertas, como contrase\u00f1a, BLE, tarjetas IC, DTMF remoto e interruptores interiores para una gesti\u00f3n de acceso optimizada y est\u00e1 equipado con una c\u00e1mara de 2 megap\u00edxeles para comunicaci\u00f3n de audio y video. Compatible con SIP y ONVIF, se integra con sistemas de seguridad y es ideal para villas, departamentos y comunidades.<\/span><\/p>\n<\/div>\n<\/div>\n<\/div>\n<div class=\"contentmain\">\n<div class=\"product-n2\">\n<div class=\"pro-detail2\">\n<ul>\n<li><span>La c\u00e1mara de alta definici\u00f3n HDR de 2 megap\u00edxeles proporciona im\u00e1genes m\u00e1s claras<\/span><\/li>\n<li><span>Grado de protecci\u00f3n alto IP65 con amplio rango de temperatura de -40 \u2103 a 70 \u2103, adecuado para entornos exteriores hostiles.<\/span><\/li>\n<li><span>Admite m\u00faltiples m\u00e9todos de acceso: BLE, RFID, teclado, DTMF, interruptor remoto<\/span><\/li>\n<li><span>Interfaces enriquecidas para la conectividad de dispositivos de seguridad<\/span><\/li>\n<li><span>Admite el protocolo ONVIF est\u00e1ndar, lo que proporciona alta flexibilidad y excelente compatibilidad.<\/span><\/li>\n<\/ul>\n<p><img decoding=\"async\" src=\"https:\/\/www.fanvil.com\/upload\/images\/20241017\/1410rb8x86.jpg\" alt=\"i60k-en_01.jpg\" \/><img decoding=\"async\" src=\"https:\/\/www.fanvil.com\/upload\/images\/20241009\/1411b460b0.jpg\" \/><img decoding=\"async\" src=\"https:\/\/www.fanvil.com\/upload\/images\/20241009\/141122806t.jpg\" \/><\/p>\n<\/div>\n<\/div>\n<\/div>\n","protected":false},"excerpt":{"rendered":"<p>&#8211; Audio\/Video<br \/>\n&#8211; 1 bot\u00f3n<br \/>\n&#8211; Teclado num\u00e9rico<br \/>\n&#8211; C\u00e1mara de 2 megap\u00edxeles con visi\u00f3n nocturna<br \/>\n&#8211; 140\u00b0 (FOV) \/ 100\u00b0 (Horizontal) \/ 57\u00b0 (Vertical)<br \/>\n&#8211; Lector de tarjetas IC (13,56 MHz)<br \/>\n&#8211; IP65<br \/>\n&#8211; Altavoz incorporado de 1 W<br \/>\n&#8211; 1 X 10\/100 &#8211; PoE<br \/>\n&#8211; Montaje en pared<br \/>\n&#8211; PoE<\/p>\n","protected":false},"featured_media":25508,"comment_status":"open","ping_status":"closed","template":"","meta":{"jetpack_publicize_message":"","jetpack_publicize_feature_enabled":true,"jetpack_social_post_already_shared":true,"jetpack_social_options":{"image_generator_settings":{"template":"highway","default_image_id":0,"font":"","enabled":false},"version":2}},"pwb-brand":[557],"product_brand":[],"product_cat":[356],"product_tag":[],"class_list":{"0":"post-25504","1":"product","2":"type-product","3":"status-publish","4":"has-post-thumbnail","6":"pwb-brand-fanvil-guatemala","7":"product_cat-video-portero","9":"first","10":"instock","11":"taxable","12":"shipping-taxable","13":"purchasable","14":"product-type-simple"},"yoast_head":"<!-- This site is optimized with the Yoast SEO Premium plugin v25.7.1 (Yoast SEO v26.8) - https:\/\/yoast.com\/product\/yoast-seo-premium-wordpress\/ -->\n<title>Video Portero i60K Fanvil - Mivoot<\/title>\n<meta name=\"robots\" content=\"index, follow, max-snippet:-1, max-image-preview:large, max-video-preview:-1\" \/>\n<link rel=\"canonical\" href=\"https:\/\/mivoot.com\/gt\/producto\/video-portero-i60k-fanvil\/\" \/>\n<meta property=\"og:locale\" content=\"es_ES\" \/>\n<meta property=\"og:type\" content=\"article\" \/>\n<meta property=\"og:title\" content=\"Video Portero i60K Fanvil\" \/>\n<meta property=\"og:description\" content=\"- Audio\/Video - 1 bot\u00f3n - Teclado num\u00e9rico - C\u00e1mara de 2 megap\u00edxeles con visi\u00f3n nocturna - 140\u00b0 (FOV) \/ 100\u00b0 (Horizontal) \/ 57\u00b0 (Vertical) - Lector de tarjetas IC (13,56 MHz) - IP65 - Altavoz incorporado de 1 W - 1 X 10\/100 - PoE - Montaje en pared - PoE\" \/>\n<meta property=\"og:url\" content=\"https:\/\/mivoot.com\/gt\/producto\/video-portero-i60k-fanvil\/\" \/>\n<meta property=\"og:site_name\" content=\"Mivoot\" \/>\n<meta property=\"article:publisher\" content=\"https:\/\/www.facebook.com\/mivootgt\" \/>\n<meta property=\"article:modified_time\" content=\"2025-01-27T04:10:50+00:00\" \/>\n<meta property=\"og:image\" content=\"https:\/\/mivoot.com\/gt\/wp-content\/uploads\/2025\/01\/fanvil-i60k.jpg\" \/>\n\t<meta property=\"og:image:width\" content=\"800\" \/>\n\t<meta property=\"og:image:height\" content=\"800\" \/>\n\t<meta property=\"og:image:type\" content=\"image\/jpeg\" \/>\n<meta name=\"twitter:card\" content=\"summary_large_image\" \/>\n<meta name=\"twitter:label1\" content=\"Est. reading time\" \/>\n\t<meta name=\"twitter:data1\" content=\"2 minutos\" \/>\n<script type=\"application\/ld+json\" class=\"yoast-schema-graph\">{\"@context\":\"https:\/\/schema.org\",\"@graph\":[{\"@type\":\"WebPage\",\"@id\":\"https:\/\/mivoot.com\/gt\/producto\/video-portero-i60k-fanvil\/\",\"url\":\"https:\/\/mivoot.com\/gt\/producto\/video-portero-i60k-fanvil\/\",\"name\":\"Video Portero i60K Fanvil - Mivoot\",\"isPartOf\":{\"@id\":\"https:\/\/mivoot.com\/gt\/#website\"},\"primaryImageOfPage\":{\"@id\":\"https:\/\/mivoot.com\/gt\/producto\/video-portero-i60k-fanvil\/#primaryimage\"},\"image\":{\"@id\":\"https:\/\/mivoot.com\/gt\/producto\/video-portero-i60k-fanvil\/#primaryimage\"},\"thumbnailUrl\":\"https:\/\/mivoot.com\/gt\/wp-content\/uploads\/2025\/01\/fanvil-i60k.jpg\",\"datePublished\":\"2025-01-27T04:10:48+00:00\",\"dateModified\":\"2025-01-27T04:10:50+00:00\",\"breadcrumb\":{\"@id\":\"https:\/\/mivoot.com\/gt\/producto\/video-portero-i60k-fanvil\/#breadcrumb\"},\"inLanguage\":\"es\",\"potentialAction\":[{\"@type\":\"ReadAction\",\"target\":[\"https:\/\/mivoot.com\/gt\/producto\/video-portero-i60k-fanvil\/\"]}]},{\"@type\":\"ImageObject\",\"inLanguage\":\"es\",\"@id\":\"https:\/\/mivoot.com\/gt\/producto\/video-portero-i60k-fanvil\/#primaryimage\",\"url\":\"https:\/\/mivoot.com\/gt\/wp-content\/uploads\/2025\/01\/fanvil-i60k.jpg\",\"contentUrl\":\"https:\/\/mivoot.com\/gt\/wp-content\/uploads\/2025\/01\/fanvil-i60k.jpg\",\"width\":800,\"height\":800},{\"@type\":\"BreadcrumbList\",\"@id\":\"https:\/\/mivoot.com\/gt\/producto\/video-portero-i60k-fanvil\/#breadcrumb\",\"itemListElement\":[{\"@type\":\"ListItem\",\"position\":1,\"name\":\"Inicio\",\"item\":\"https:\/\/mivoot.com\/gt\/\"},{\"@type\":\"ListItem\",\"position\":2,\"name\":\"Productos\",\"item\":\"https:\/\/mivoot.com\/gt\/producto\/\"},{\"@type\":\"ListItem\",\"position\":3,\"name\":\"Fanvil\",\"item\":\"https:\/\/mivoot.com\/gt\/marca\/fanvil-guatemala\/\"},{\"@type\":\"ListItem\",\"position\":4,\"name\":\"Video Portero i60K Fanvil\"}]},{\"@type\":\"WebSite\",\"@id\":\"https:\/\/mivoot.com\/gt\/#website\",\"url\":\"https:\/\/mivoot.com\/gt\/\",\"name\":\"Mivoot\",\"description\":\"Mivoot Guatemala | Tienda Online\",\"publisher\":{\"@id\":\"https:\/\/mivoot.com\/gt\/#organization\"},\"alternateName\":\"mivoot\",\"potentialAction\":[{\"@type\":\"SearchAction\",\"target\":{\"@type\":\"EntryPoint\",\"urlTemplate\":\"https:\/\/mivoot.com\/gt\/?s={search_term_string}\"},\"query-input\":{\"@type\":\"PropertyValueSpecification\",\"valueRequired\":true,\"valueName\":\"search_term_string\"}}],\"inLanguage\":\"es\"},{\"@type\":\"Organization\",\"@id\":\"https:\/\/mivoot.com\/gt\/#organization\",\"name\":\"Mivoot Guatemala\",\"alternateName\":\"mivoot.com\",\"url\":\"https:\/\/mivoot.com\/gt\/\",\"logo\":{\"@type\":\"ImageObject\",\"inLanguage\":\"es\",\"@id\":\"https:\/\/mivoot.com\/gt\/#\/schema\/logo\/image\/\",\"url\":\"https:\/\/mivoot.com\/gt\/wp-content\/uploads\/2023\/03\/cropped-icon.png\",\"contentUrl\":\"https:\/\/mivoot.com\/gt\/wp-content\/uploads\/2023\/03\/cropped-icon.png\",\"width\":512,\"height\":512,\"caption\":\"Mivoot Guatemala\"},\"image\":{\"@id\":\"https:\/\/mivoot.com\/gt\/#\/schema\/logo\/image\/\"},\"sameAs\":[\"https:\/\/www.facebook.com\/mivootgt\",\"https:\/\/instagram.com\/mivoot\"]}]}<\/script>\n<!-- \/ Yoast SEO Premium plugin. -->","yoast_head_json":{"title":"Video Portero i60K Fanvil - Mivoot","robots":{"index":"index","follow":"follow","max-snippet":"max-snippet:-1","max-image-preview":"max-image-preview:large","max-video-preview":"max-video-preview:-1"},"canonical":"https:\/\/mivoot.com\/gt\/producto\/video-portero-i60k-fanvil\/","og_locale":"es_ES","og_type":"article","og_title":"Video Portero i60K Fanvil","og_description":"- Audio\/Video - 1 bot\u00f3n - Teclado num\u00e9rico - C\u00e1mara de 2 megap\u00edxeles con visi\u00f3n nocturna - 140\u00b0 (FOV) \/ 100\u00b0 (Horizontal) \/ 57\u00b0 (Vertical) - Lector de tarjetas IC (13,56 MHz) - IP65 - Altavoz incorporado de 1 W - 1 X 10\/100 - PoE - Montaje en pared - PoE","og_url":"https:\/\/mivoot.com\/gt\/producto\/video-portero-i60k-fanvil\/","og_site_name":"Mivoot","article_publisher":"https:\/\/www.facebook.com\/mivootgt","article_modified_time":"2025-01-27T04:10:50+00:00","og_image":[{"width":800,"height":800,"url":"https:\/\/mivoot.com\/gt\/wp-content\/uploads\/2025\/01\/fanvil-i60k.jpg","type":"image\/jpeg"}],"twitter_card":"summary_large_image","twitter_misc":{"Est. reading time":"2 minutos"},"schema":{"@context":"https:\/\/schema.org","@graph":[{"@type":"WebPage","@id":"https:\/\/mivoot.com\/gt\/producto\/video-portero-i60k-fanvil\/","url":"https:\/\/mivoot.com\/gt\/producto\/video-portero-i60k-fanvil\/","name":"Video Portero i60K Fanvil - Mivoot","isPartOf":{"@id":"https:\/\/mivoot.com\/gt\/#website"},"primaryImageOfPage":{"@id":"https:\/\/mivoot.com\/gt\/producto\/video-portero-i60k-fanvil\/#primaryimage"},"image":{"@id":"https:\/\/mivoot.com\/gt\/producto\/video-portero-i60k-fanvil\/#primaryimage"},"thumbnailUrl":"https:\/\/mivoot.com\/gt\/wp-content\/uploads\/2025\/01\/fanvil-i60k.jpg","datePublished":"2025-01-27T04:10:48+00:00","dateModified":"2025-01-27T04:10:50+00:00","breadcrumb":{"@id":"https:\/\/mivoot.com\/gt\/producto\/video-portero-i60k-fanvil\/#breadcrumb"},"inLanguage":"es","potentialAction":[{"@type":"ReadAction","target":["https:\/\/mivoot.com\/gt\/producto\/video-portero-i60k-fanvil\/"]}]},{"@type":"ImageObject","inLanguage":"es","@id":"https:\/\/mivoot.com\/gt\/producto\/video-portero-i60k-fanvil\/#primaryimage","url":"https:\/\/mivoot.com\/gt\/wp-content\/uploads\/2025\/01\/fanvil-i60k.jpg","contentUrl":"https:\/\/mivoot.com\/gt\/wp-content\/uploads\/2025\/01\/fanvil-i60k.jpg","width":800,"height":800},{"@type":"BreadcrumbList","@id":"https:\/\/mivoot.com\/gt\/producto\/video-portero-i60k-fanvil\/#breadcrumb","itemListElement":[{"@type":"ListItem","position":1,"name":"Inicio","item":"https:\/\/mivoot.com\/gt\/"},{"@type":"ListItem","position":2,"name":"Productos","item":"https:\/\/mivoot.com\/gt\/producto\/"},{"@type":"ListItem","position":3,"name":"Fanvil","item":"https:\/\/mivoot.com\/gt\/marca\/fanvil-guatemala\/"},{"@type":"ListItem","position":4,"name":"Video Portero i60K Fanvil"}]},{"@type":"WebSite","@id":"https:\/\/mivoot.com\/gt\/#website","url":"https:\/\/mivoot.com\/gt\/","name":"Mivoot","description":"Mivoot Guatemala | Tienda Online","publisher":{"@id":"https:\/\/mivoot.com\/gt\/#organization"},"alternateName":"mivoot","potentialAction":[{"@type":"SearchAction","target":{"@type":"EntryPoint","urlTemplate":"https:\/\/mivoot.com\/gt\/?s={search_term_string}"},"query-input":{"@type":"PropertyValueSpecification","valueRequired":true,"valueName":"search_term_string"}}],"inLanguage":"es"},{"@type":"Organization","@id":"https:\/\/mivoot.com\/gt\/#organization","name":"Mivoot Guatemala","alternateName":"mivoot.com","url":"https:\/\/mivoot.com\/gt\/","logo":{"@type":"ImageObject","inLanguage":"es","@id":"https:\/\/mivoot.com\/gt\/#\/schema\/logo\/image\/","url":"https:\/\/mivoot.com\/gt\/wp-content\/uploads\/2023\/03\/cropped-icon.png","contentUrl":"https:\/\/mivoot.com\/gt\/wp-content\/uploads\/2023\/03\/cropped-icon.png","width":512,"height":512,"caption":"Mivoot Guatemala"},"image":{"@id":"https:\/\/mivoot.com\/gt\/#\/schema\/logo\/image\/"},"sameAs":["https:\/\/www.facebook.com\/mivootgt","https:\/\/instagram.com\/mivoot"]}]}},"jetpack_publicize_connections":[],"jetpack_sharing_enabled":true,"brands":[{"id":557,"name":"Fanvil","slug":"fanvil-guatemala"}],"_links":{"self":[{"href":"https:\/\/mivoot.com\/gt\/wp-json\/wp\/v2\/product\/25504","targetHints":{"allow":["GET"]}}],"collection":[{"href":"https:\/\/mivoot.com\/gt\/wp-json\/wp\/v2\/product"}],"about":[{"href":"https:\/\/mivoot.com\/gt\/wp-json\/wp\/v2\/types\/product"}],"replies":[{"embeddable":true,"href":"https:\/\/mivoot.com\/gt\/wp-json\/wp\/v2\/comments?post=25504"}],"version-history":[{"count":1,"href":"https:\/\/mivoot.com\/gt\/wp-json\/wp\/v2\/product\/25504\/revisions"}],"predecessor-version":[{"id":25509,"href":"https:\/\/mivoot.com\/gt\/wp-json\/wp\/v2\/product\/25504\/revisions\/25509"}],"wp:featuredmedia":[{"embeddable":true,"href":"https:\/\/mivoot.com\/gt\/wp-json\/wp\/v2\/media\/25508"}],"wp:attachment":[{"href":"https:\/\/mivoot.com\/gt\/wp-json\/wp\/v2\/media?parent=25504"}],"wp:term":[{"taxonomy":"pwb-brand","embeddable":true,"href":"https:\/\/mivoot.com\/gt\/wp-json\/wp\/v2\/pwb-brand?post=25504"},{"taxonomy":"product_brand","embeddable":true,"href":"https:\/\/mivoot.com\/gt\/wp-json\/wp\/v2\/product_brand?post=25504"},{"taxonomy":"product_cat","embeddable":true,"href":"https:\/\/mivoot.com\/gt\/wp-json\/wp\/v2\/product_cat?post=25504"},{"taxonomy":"product_tag","embeddable":true,"href":"https:\/\/mivoot.com\/gt\/wp-json\/wp\/v2\/product_tag?post=25504"}],"curies":[{"name":"wp","href":"https:\/\/api.w.org\/{rel}","templated":true}]}}