{"id":25510,"date":"2025-01-26T22:18:09","date_gmt":"2025-01-27T04:18:09","guid":{"rendered":"https:\/\/mivoot.com\/gt\/?post_type=product&#038;p=25510"},"modified":"2025-01-26T22:19:41","modified_gmt":"2025-01-27T04:19:41","slug":"estacion-de-video-portero-sip-wifi-i51w-fanvil","status":"publish","type":"product","link":"https:\/\/mivoot.com\/gt\/producto\/estacion-de-video-portero-sip-wifi-i51w-fanvil\/","title":{"rendered":"Estaci\u00f3n de Video Portero SIP WiFi i51W Fanvil"},"content":{"rendered":"<div class=\"pro-detail1\">\n<div class=\"wp\">\n<div class=\"txt\">\n<p align=\"left\">Fanvil i51W es una estaci\u00f3n interior SIP con pantalla a color de 4,3 pulgadas con 5 botones de funci\u00f3n, que se puede aplicar en diferentes escenarios interiores. Al trabajar con el interfono y el intercomunicador en la entrada, Fanvil i51W se puede lograr f\u00e1cilmente como control de acceso remoto para residencias. Tambi\u00e9n se puede conectar a alarmas y otros dispositivos de seguridad inteligentes a trav\u00e9s de interfaces completas.<\/p>\n<ul>\n<li>Aspecto elegante y simple que combina con diferentes estilos decorativos.<\/li>\n<li>Pantalla a color capacitiva de 4,3 pulgadas.<\/li>\n<li>Calidad de voz HD con altavoz integrado de 1,5 W y cancelador de eco ac\u00fastico (AEC).<\/li>\n<li>Wi-Fi 2.4G incorporado.<\/li>\n<li>Posee 8 entradas de alarma y 1 interfaz RS485.<\/li>\n<li>Recepci\u00f3n de video de los videoporteros Fanvil.<\/li>\n<li>Ricas interfaces para satisfacer las necesidades en diferentes escenarios de aplicaci\u00f3n.<\/li>\n<li>Admite la gesti\u00f3n y actualizaci\u00f3n en l\u00ednea.<\/li>\n<li>Compatible con las principales plataformas: Asterisk, Broadsoft, 3CX, Metaswitch, Elastix, Avaya, etc.<\/li>\n<\/ul>\n<p align=\"left\"><img decoding=\"async\" src=\"https:\/\/www.fanvil.com\/upload\/images\/20211116\/1723z0rx6b.jpg\" \/><img decoding=\"async\" src=\"https:\/\/www.fanvil.com\/upload\/images\/20211116\/1723zl0f6z.jpg\" \/><img decoding=\"async\" src=\"https:\/\/www.fanvil.com\/upload\/images\/20211116\/172324620b.jpg\" alt=\"i51W SIP Indoor Station\" \/><img decoding=\"async\" src=\"https:\/\/manuals.plus\/wp-content\/uploads\/2022\/01\/Fanvil-i51W-SIP-Indoor-Station-FIG-10.png\" alt=\"Gu\u00eda de instalaci\u00f3n de la estaci\u00f3n interior Fanvil i51W SIP\" \/><\/p>\n<\/div>\n<\/div>\n<\/div>\n<div class=\"contentmain\">\n<div class=\"product-n2\">\n<div class=\"pro-detail2\"><\/div>\n<\/div>\n<\/div>\n","protected":false},"excerpt":{"rendered":"<p>&#8211; Protocolo SIP<br \/>\n&#8211; PoE<br \/>\n&#8211; Interfaz de entrada de alarma<br \/>\n&#8211; Pantalla de 4.3&#8243;<br \/>\n&#8211; Estaci\u00f3n para interior:<br \/>\n&#8211; Calidad de voz HD con altavoz de 1.5 W<br \/>\n&#8211; Aspecto elegante y simple que combina con diferentes estilos decorativos.<br \/>\n&#8211; Wi-Fi 2.4G incorporado.<br \/>\n&#8211; Posee 8 entradas de alarma y 1 interfaz RS485.<br \/>\n&#8211; Recepci\u00f3n de video de los videoporteros Fanvil.<\/p>\n","protected":false},"featured_media":25517,"comment_status":"open","ping_status":"closed","template":"","meta":{"jetpack_publicize_message":"","jetpack_publicize_feature_enabled":true,"jetpack_social_post_already_shared":true,"jetpack_social_options":{"image_generator_settings":{"template":"highway","default_image_id":0,"font":"","enabled":false},"version":2}},"pwb-brand":[557],"product_brand":[],"product_cat":[356],"product_tag":[],"class_list":{"0":"post-25510","1":"product","2":"type-product","3":"status-publish","4":"has-post-thumbnail","6":"pwb-brand-fanvil-guatemala","7":"product_cat-video-portero","9":"first","10":"instock","11":"taxable","12":"shipping-taxable","13":"purchasable","14":"product-type-simple"},"yoast_head":"<!-- This site is optimized with the Yoast SEO Premium plugin v25.7.1 (Yoast SEO v26.8) - https:\/\/yoast.com\/product\/yoast-seo-premium-wordpress\/ -->\n<title>Estaci\u00f3n de Video Portero SIP WiFi i51W Fanvil - Mivoot<\/title>\n<meta name=\"robots\" content=\"index, follow, max-snippet:-1, max-image-preview:large, max-video-preview:-1\" \/>\n<link rel=\"canonical\" href=\"https:\/\/mivoot.com\/gt\/producto\/estacion-de-video-portero-sip-wifi-i51w-fanvil\/\" \/>\n<meta property=\"og:locale\" content=\"es_ES\" \/>\n<meta property=\"og:type\" content=\"article\" \/>\n<meta property=\"og:title\" content=\"Estaci\u00f3n de Video Portero SIP WiFi i51W Fanvil\" \/>\n<meta property=\"og:description\" content=\"- Protocolo SIP - PoE - Interfaz de entrada de alarma - Pantalla de 4.3&quot; - Estaci\u00f3n para interior: - Calidad de voz HD con altavoz de 1.5 W - Aspecto elegante y simple que combina con diferentes estilos decorativos. - Wi-Fi 2.4G incorporado. - Posee 8 entradas de alarma y 1 interfaz RS485. - Recepci\u00f3n de video de los videoporteros Fanvil.\" \/>\n<meta property=\"og:url\" content=\"https:\/\/mivoot.com\/gt\/producto\/estacion-de-video-portero-sip-wifi-i51w-fanvil\/\" \/>\n<meta property=\"og:site_name\" content=\"Mivoot\" \/>\n<meta property=\"article:publisher\" content=\"https:\/\/www.facebook.com\/mivootgt\" \/>\n<meta property=\"article:modified_time\" content=\"2025-01-27T04:19:41+00:00\" \/>\n<meta property=\"og:image\" content=\"https:\/\/mivoot.com\/gt\/wp-content\/uploads\/2025\/01\/Fanvil-i52w-2_compressed-1.jpg\" \/>\n\t<meta property=\"og:image:width\" content=\"500\" \/>\n\t<meta property=\"og:image:height\" content=\"500\" \/>\n\t<meta property=\"og:image:type\" content=\"image\/jpeg\" \/>\n<meta name=\"twitter:card\" content=\"summary_large_image\" \/>\n<meta name=\"twitter:label1\" content=\"Est. reading time\" \/>\n\t<meta name=\"twitter:data1\" content=\"2 minutos\" \/>\n<script type=\"application\/ld+json\" class=\"yoast-schema-graph\">{\"@context\":\"https:\/\/schema.org\",\"@graph\":[{\"@type\":\"WebPage\",\"@id\":\"https:\/\/mivoot.com\/gt\/producto\/estacion-de-video-portero-sip-wifi-i51w-fanvil\/\",\"url\":\"https:\/\/mivoot.com\/gt\/producto\/estacion-de-video-portero-sip-wifi-i51w-fanvil\/\",\"name\":\"Estaci\u00f3n de Video Portero SIP WiFi i51W Fanvil - Mivoot\",\"isPartOf\":{\"@id\":\"https:\/\/mivoot.com\/gt\/#website\"},\"primaryImageOfPage\":{\"@id\":\"https:\/\/mivoot.com\/gt\/producto\/estacion-de-video-portero-sip-wifi-i51w-fanvil\/#primaryimage\"},\"image\":{\"@id\":\"https:\/\/mivoot.com\/gt\/producto\/estacion-de-video-portero-sip-wifi-i51w-fanvil\/#primaryimage\"},\"thumbnailUrl\":\"https:\/\/mivoot.com\/gt\/wp-content\/uploads\/2025\/01\/Fanvil-i52w-2_compressed-1.jpg\",\"datePublished\":\"2025-01-27T04:18:09+00:00\",\"dateModified\":\"2025-01-27T04:19:41+00:00\",\"breadcrumb\":{\"@id\":\"https:\/\/mivoot.com\/gt\/producto\/estacion-de-video-portero-sip-wifi-i51w-fanvil\/#breadcrumb\"},\"inLanguage\":\"es\",\"potentialAction\":[{\"@type\":\"ReadAction\",\"target\":[\"https:\/\/mivoot.com\/gt\/producto\/estacion-de-video-portero-sip-wifi-i51w-fanvil\/\"]}]},{\"@type\":\"ImageObject\",\"inLanguage\":\"es\",\"@id\":\"https:\/\/mivoot.com\/gt\/producto\/estacion-de-video-portero-sip-wifi-i51w-fanvil\/#primaryimage\",\"url\":\"https:\/\/mivoot.com\/gt\/wp-content\/uploads\/2025\/01\/Fanvil-i52w-2_compressed-1.jpg\",\"contentUrl\":\"https:\/\/mivoot.com\/gt\/wp-content\/uploads\/2025\/01\/Fanvil-i52w-2_compressed-1.jpg\",\"width\":500,\"height\":500},{\"@type\":\"BreadcrumbList\",\"@id\":\"https:\/\/mivoot.com\/gt\/producto\/estacion-de-video-portero-sip-wifi-i51w-fanvil\/#breadcrumb\",\"itemListElement\":[{\"@type\":\"ListItem\",\"position\":1,\"name\":\"Inicio\",\"item\":\"https:\/\/mivoot.com\/gt\/\"},{\"@type\":\"ListItem\",\"position\":2,\"name\":\"Productos\",\"item\":\"https:\/\/mivoot.com\/gt\/producto\/\"},{\"@type\":\"ListItem\",\"position\":3,\"name\":\"Fanvil\",\"item\":\"https:\/\/mivoot.com\/gt\/marca\/fanvil-guatemala\/\"},{\"@type\":\"ListItem\",\"position\":4,\"name\":\"Estaci\u00f3n de Video Portero SIP WiFi i51W Fanvil\"}]},{\"@type\":\"WebSite\",\"@id\":\"https:\/\/mivoot.com\/gt\/#website\",\"url\":\"https:\/\/mivoot.com\/gt\/\",\"name\":\"Mivoot\",\"description\":\"Mivoot Guatemala | Tienda Online\",\"publisher\":{\"@id\":\"https:\/\/mivoot.com\/gt\/#organization\"},\"alternateName\":\"mivoot\",\"potentialAction\":[{\"@type\":\"SearchAction\",\"target\":{\"@type\":\"EntryPoint\",\"urlTemplate\":\"https:\/\/mivoot.com\/gt\/?s={search_term_string}\"},\"query-input\":{\"@type\":\"PropertyValueSpecification\",\"valueRequired\":true,\"valueName\":\"search_term_string\"}}],\"inLanguage\":\"es\"},{\"@type\":\"Organization\",\"@id\":\"https:\/\/mivoot.com\/gt\/#organization\",\"name\":\"Mivoot Guatemala\",\"alternateName\":\"mivoot.com\",\"url\":\"https:\/\/mivoot.com\/gt\/\",\"logo\":{\"@type\":\"ImageObject\",\"inLanguage\":\"es\",\"@id\":\"https:\/\/mivoot.com\/gt\/#\/schema\/logo\/image\/\",\"url\":\"https:\/\/mivoot.com\/gt\/wp-content\/uploads\/2023\/03\/cropped-icon.png\",\"contentUrl\":\"https:\/\/mivoot.com\/gt\/wp-content\/uploads\/2023\/03\/cropped-icon.png\",\"width\":512,\"height\":512,\"caption\":\"Mivoot Guatemala\"},\"image\":{\"@id\":\"https:\/\/mivoot.com\/gt\/#\/schema\/logo\/image\/\"},\"sameAs\":[\"https:\/\/www.facebook.com\/mivootgt\",\"https:\/\/instagram.com\/mivoot\"]}]}<\/script>\n<!-- \/ Yoast SEO Premium plugin. -->","yoast_head_json":{"title":"Estaci\u00f3n de Video Portero SIP WiFi i51W Fanvil - Mivoot","robots":{"index":"index","follow":"follow","max-snippet":"max-snippet:-1","max-image-preview":"max-image-preview:large","max-video-preview":"max-video-preview:-1"},"canonical":"https:\/\/mivoot.com\/gt\/producto\/estacion-de-video-portero-sip-wifi-i51w-fanvil\/","og_locale":"es_ES","og_type":"article","og_title":"Estaci\u00f3n de Video Portero SIP WiFi i51W Fanvil","og_description":"- Protocolo SIP - PoE - Interfaz de entrada de alarma - Pantalla de 4.3\" - Estaci\u00f3n para interior: - Calidad de voz HD con altavoz de 1.5 W - Aspecto elegante y simple que combina con diferentes estilos decorativos. - Wi-Fi 2.4G incorporado. - Posee 8 entradas de alarma y 1 interfaz RS485. - Recepci\u00f3n de video de los videoporteros Fanvil.","og_url":"https:\/\/mivoot.com\/gt\/producto\/estacion-de-video-portero-sip-wifi-i51w-fanvil\/","og_site_name":"Mivoot","article_publisher":"https:\/\/www.facebook.com\/mivootgt","article_modified_time":"2025-01-27T04:19:41+00:00","og_image":[{"width":500,"height":500,"url":"https:\/\/mivoot.com\/gt\/wp-content\/uploads\/2025\/01\/Fanvil-i52w-2_compressed-1.jpg","type":"image\/jpeg"}],"twitter_card":"summary_large_image","twitter_misc":{"Est. reading time":"2 minutos"},"schema":{"@context":"https:\/\/schema.org","@graph":[{"@type":"WebPage","@id":"https:\/\/mivoot.com\/gt\/producto\/estacion-de-video-portero-sip-wifi-i51w-fanvil\/","url":"https:\/\/mivoot.com\/gt\/producto\/estacion-de-video-portero-sip-wifi-i51w-fanvil\/","name":"Estaci\u00f3n de Video Portero SIP WiFi i51W Fanvil - Mivoot","isPartOf":{"@id":"https:\/\/mivoot.com\/gt\/#website"},"primaryImageOfPage":{"@id":"https:\/\/mivoot.com\/gt\/producto\/estacion-de-video-portero-sip-wifi-i51w-fanvil\/#primaryimage"},"image":{"@id":"https:\/\/mivoot.com\/gt\/producto\/estacion-de-video-portero-sip-wifi-i51w-fanvil\/#primaryimage"},"thumbnailUrl":"https:\/\/mivoot.com\/gt\/wp-content\/uploads\/2025\/01\/Fanvil-i52w-2_compressed-1.jpg","datePublished":"2025-01-27T04:18:09+00:00","dateModified":"2025-01-27T04:19:41+00:00","breadcrumb":{"@id":"https:\/\/mivoot.com\/gt\/producto\/estacion-de-video-portero-sip-wifi-i51w-fanvil\/#breadcrumb"},"inLanguage":"es","potentialAction":[{"@type":"ReadAction","target":["https:\/\/mivoot.com\/gt\/producto\/estacion-de-video-portero-sip-wifi-i51w-fanvil\/"]}]},{"@type":"ImageObject","inLanguage":"es","@id":"https:\/\/mivoot.com\/gt\/producto\/estacion-de-video-portero-sip-wifi-i51w-fanvil\/#primaryimage","url":"https:\/\/mivoot.com\/gt\/wp-content\/uploads\/2025\/01\/Fanvil-i52w-2_compressed-1.jpg","contentUrl":"https:\/\/mivoot.com\/gt\/wp-content\/uploads\/2025\/01\/Fanvil-i52w-2_compressed-1.jpg","width":500,"height":500},{"@type":"BreadcrumbList","@id":"https:\/\/mivoot.com\/gt\/producto\/estacion-de-video-portero-sip-wifi-i51w-fanvil\/#breadcrumb","itemListElement":[{"@type":"ListItem","position":1,"name":"Inicio","item":"https:\/\/mivoot.com\/gt\/"},{"@type":"ListItem","position":2,"name":"Productos","item":"https:\/\/mivoot.com\/gt\/producto\/"},{"@type":"ListItem","position":3,"name":"Fanvil","item":"https:\/\/mivoot.com\/gt\/marca\/fanvil-guatemala\/"},{"@type":"ListItem","position":4,"name":"Estaci\u00f3n de Video Portero SIP WiFi i51W Fanvil"}]},{"@type":"WebSite","@id":"https:\/\/mivoot.com\/gt\/#website","url":"https:\/\/mivoot.com\/gt\/","name":"Mivoot","description":"Mivoot Guatemala | Tienda Online","publisher":{"@id":"https:\/\/mivoot.com\/gt\/#organization"},"alternateName":"mivoot","potentialAction":[{"@type":"SearchAction","target":{"@type":"EntryPoint","urlTemplate":"https:\/\/mivoot.com\/gt\/?s={search_term_string}"},"query-input":{"@type":"PropertyValueSpecification","valueRequired":true,"valueName":"search_term_string"}}],"inLanguage":"es"},{"@type":"Organization","@id":"https:\/\/mivoot.com\/gt\/#organization","name":"Mivoot Guatemala","alternateName":"mivoot.com","url":"https:\/\/mivoot.com\/gt\/","logo":{"@type":"ImageObject","inLanguage":"es","@id":"https:\/\/mivoot.com\/gt\/#\/schema\/logo\/image\/","url":"https:\/\/mivoot.com\/gt\/wp-content\/uploads\/2023\/03\/cropped-icon.png","contentUrl":"https:\/\/mivoot.com\/gt\/wp-content\/uploads\/2023\/03\/cropped-icon.png","width":512,"height":512,"caption":"Mivoot Guatemala"},"image":{"@id":"https:\/\/mivoot.com\/gt\/#\/schema\/logo\/image\/"},"sameAs":["https:\/\/www.facebook.com\/mivootgt","https:\/\/instagram.com\/mivoot"]}]}},"jetpack_publicize_connections":[],"jetpack_sharing_enabled":true,"brands":[{"id":557,"name":"Fanvil","slug":"fanvil-guatemala"}],"_links":{"self":[{"href":"https:\/\/mivoot.com\/gt\/wp-json\/wp\/v2\/product\/25510","targetHints":{"allow":["GET"]}}],"collection":[{"href":"https:\/\/mivoot.com\/gt\/wp-json\/wp\/v2\/product"}],"about":[{"href":"https:\/\/mivoot.com\/gt\/wp-json\/wp\/v2\/types\/product"}],"replies":[{"embeddable":true,"href":"https:\/\/mivoot.com\/gt\/wp-json\/wp\/v2\/comments?post=25510"}],"version-history":[{"count":1,"href":"https:\/\/mivoot.com\/gt\/wp-json\/wp\/v2\/product\/25510\/revisions"}],"predecessor-version":[{"id":25518,"href":"https:\/\/mivoot.com\/gt\/wp-json\/wp\/v2\/product\/25510\/revisions\/25518"}],"wp:featuredmedia":[{"embeddable":true,"href":"https:\/\/mivoot.com\/gt\/wp-json\/wp\/v2\/media\/25517"}],"wp:attachment":[{"href":"https:\/\/mivoot.com\/gt\/wp-json\/wp\/v2\/media?parent=25510"}],"wp:term":[{"taxonomy":"pwb-brand","embeddable":true,"href":"https:\/\/mivoot.com\/gt\/wp-json\/wp\/v2\/pwb-brand?post=25510"},{"taxonomy":"product_brand","embeddable":true,"href":"https:\/\/mivoot.com\/gt\/wp-json\/wp\/v2\/product_brand?post=25510"},{"taxonomy":"product_cat","embeddable":true,"href":"https:\/\/mivoot.com\/gt\/wp-json\/wp\/v2\/product_cat?post=25510"},{"taxonomy":"product_tag","embeddable":true,"href":"https:\/\/mivoot.com\/gt\/wp-json\/wp\/v2\/product_tag?post=25510"}],"curies":[{"name":"wp","href":"https:\/\/api.w.org\/{rel}","templated":true}]}}