{"id":25519,"date":"2025-01-26T22:32:27","date_gmt":"2025-01-27T04:32:27","guid":{"rendered":"https:\/\/mivoot.com\/gt\/?post_type=product&#038;p=25519"},"modified":"2025-01-26T22:35:53","modified_gmt":"2025-01-27T04:35:53","slug":"video-portero-kit-ip-monitor-tactil-7-ktp02-dahua","status":"publish","type":"product","link":"https:\/\/mivoot.com\/gt\/producto\/video-portero-kit-ip-monitor-tactil-7-ktp02-dahua\/","title":{"rendered":"Video Portero Kit IP Monitor T\u00e1ctil 7&#8243; KTP02 Dahua"},"content":{"rendered":"<p><img decoding=\"async\" src=\"https:\/\/cdn.tvc.mx\/media\/1430993\/DAHUA-DHT2210009-KIT-DE-VIEOPORTERO-MONITOR-FRENTE-DE-CALLE-SWITCH-BANNER.png\" \/><\/p>\n<p class=\"ql-align-justify\">El\u00a0<strong>DAHUA DHI-KTP02<\/strong>\u00a0es un kit de videoportero IP que ofrece seguridad avanzada con facilidad de uso. Incluye un monitor t\u00e1ctil de 7&#8243; con 8GB de memoria embebida, ideal para almacenar im\u00e1genes y videos. El sistema soporta alarmas 6&amp;1 y cuenta con un frente de calle con IP65, resistente a condiciones exteriores. Permite apertura remota y es compatible con tarjetas Mifare (IC Card) para un acceso r\u00e1pido y seguro. Adem\u00e1s, incluye un switch PoE de 4 puertos 10\/100, facilitando la instalaci\u00f3n con un solo cable Ethernet. Es perfecto para residencias o peque\u00f1as oficinas.<\/p>\n<p class=\"ql-align-justify\">El\u00a0<strong>DAHUA DHI-VTO2111D-P-S2<\/strong>\u00a0es un videoportero compacto y resistente (IP65) con c\u00e1mara de 1MP, audio bidireccional y conectividad PoE. Ideal para control de accesos en edificios residenciales y comerciales, es compatible con otros dispositivos DAHUA, ofreciendo seguridad visual y auditiva en una soluci\u00f3n moderna y f\u00e1cil de integrar.<\/p>\n<ul>\n<li class=\"ql-align-justify\"><strong>Iluminaci\u00f3n:\u00a0<\/strong>Admite iluminaci\u00f3n IR y visi\u00f3n nocturna<\/li>\n<li class=\"ql-align-justify\"><strong>Audio:\u00a0<\/strong>Llamada de voz y audio bidireccional de la aplicacion<\/li>\n<li class=\"ql-align-justify\"><strong>Funciones:\u00a0<\/strong>Desbloqueo con tarjeta, desbloqueo en el monitor interior y desbloqueo remoto a trav\u00e9s de la App.<\/li>\n<li class=\"ql-align-justify\"><strong>Protecci\u00f3n:\u00a0<\/strong>Soporta IP65 (Se necesita sellador de silicona)<\/li>\n<li class=\"ql-align-justify\"><strong>Capacidad:<\/strong>\u00a0Admite 10000 tarjetas<\/li>\n<li class=\"ql-align-justify\"><strong>Accesibilidades:<\/strong>\u00a0Controla dos cerraduras<\/li>\n<\/ul>\n<p><img decoding=\"async\" class=\"alignright\" src=\"https:\/\/cdn.tvc.mx\/media\/1431023\/DAHUA-DHT2210009-KIT-DE-VIEOPORTERO-MONITOR-FRENTE-DE-CALLE-SWITCH-OVERVIEW1.png\" alt=\" \" \/><\/p>\n<h2>Caracter\u00edsticas Principales<\/h2>\n<p class=\"ql-align-justify\"><strong>DHI-VTH2421FB-P\u00a0<\/strong><\/p>\n<p class=\"ql-align-justify\">El\u00a0<strong>DAHUA DHI-VTH2421FB-P<\/strong>\u00a0es un monitor de videoportero con pantalla t\u00e1ctil de 7 pulgadas, dise\u00f1o elegante y conectividad PoE para f\u00e1cil instalaci\u00f3n. Permite comunicaci\u00f3n bidireccional y visualizaci\u00f3n en tiempo real, ideal para la gesti\u00f3n de accesos en residencias y oficinas con un enfoque moderno y seguro.<\/p>\n<ul>\n<li class=\"ql-align-justify\"><strong>Pantalla:<\/strong>\u00a0t\u00e1ctil capacitiva TFT de 7&#8243;, 1024 x 600.<\/li>\n<li class=\"ql-align-justify\"><strong>Vigilancia:<\/strong>\u00a0PCI.<\/li>\n<li class=\"ql-align-justify\"><strong>Alarmas:\u00a0<\/strong>Integraci\u00f3n de alarmas.<\/li>\n<li class=\"ql-align-justify\"><strong>Rendimiento:<\/strong>\u00a0Alto rendimiento y rentable.<\/li>\n<li class=\"ql-align-justify\"><strong>Almacenamiento:<\/strong>\u00a0Admite tarjeta SD de 8 GB.<\/li>\n<li class=\"ql-align-justify\"><strong>Tecnolog\u00eda:<\/strong>\u00a0Admite PoE est\u00e1ndar.<\/li>\n<\/ul>\n<p><img decoding=\"async\" class=\"alignleft\" src=\"https:\/\/cdn.tvc.mx\/media\/1431028\/DAHUA-DHT2210009-KIT-DE-VIEOPORTERO-MONITOR-FRENTE-DE-CALLE-SWITCH-OVERVIEW2.png\" alt=\" \" \/><\/p>\n<h2>Caracter\u00edsticas Principales<\/h2>\n<p><strong>DH-PFS3006-4ET-36<\/strong><\/p>\n<p class=\"ql-align-justify\">El\u00a0<strong>DAHUA DH-PFS3006-4ET-36<\/strong>\u00a0es un switch PoE de 6 puertos, con 4 puertos PoE y 2 uplink, ideal para videovigilancia y redes peque\u00f1as. Es perfecto para alimentar y conectar dispositivos PoE en instalaciones compactas y eficientes.<\/p>\n<ul>\n<li class=\"ql-align-justify\"><strong>Distribuci\u00f3n:<\/strong>\u00a0Admite cuatro puertos de alimentaci\u00f3n PoE 10\/100M y dos puertos de enlace ascendente 10\/100M<\/li>\n<li class=\"ql-align-justify\">de enlace ascendente<\/li>\n<li class=\"ql-align-justify\"><strong>Soporta:\u00a0<\/strong>Soporta los est\u00e1ndares 802.3af y 802.3at<\/li>\n<li class=\"ql-align-justify\"><strong>Transmisi\u00f3n:<\/strong>\u00a0Soporta transmisi\u00f3n PoE de larga distancia de 250 m<\/li>\n<li class=\"ql-align-justify\"><strong>Tecnolog\u00eda:<\/strong>\u00a0Soporta PoE watchdog<\/li>\n<\/ul>\n<h2>Especificaciones T\u00e9cnicas<\/h2>\n<p class=\"ql-align-justify\"><strong>DHI-VTO2111D-P-S2<\/strong><\/p>\n<ul>\n<li class=\"ql-align-justify\"><strong>C\u00e1mara:<\/strong>\u00a0CMOS de 1\/2,8&#8243; y 1 MP de alta definici\u00f3n, baja iluminaci\u00f3n\/ WDR\/color\/IR<\/li>\n<li class=\"ql-align-justify\"><strong>Audio:<\/strong>\u00a0Bidireccional<\/li>\n<li class=\"ql-align-justify\"><strong>Material de la carcasa:<\/strong>\u00a0PC + Acr\u00edlico<\/li>\n<li class=\"ql-align-justify\"><strong>Fuente de alimentaci\u00f3n:<\/strong>\u00a012 VCC, 1 A; PoE est\u00e1ndar<\/li>\n<li class=\"ql-align-justify\"><strong>Dimensiones:\u00a0<\/strong>135,1 mm \u00d7 70,6 mm \u00d7 34,6 mm<\/li>\n<li class=\"ql-align-justify\"><strong>Temperatura de funcionamiento:<\/strong>\u00a0\u2013 30 \u00b0C a +60 \u00b0C<\/li>\n<li class=\"ql-align-justify\"><strong>Humedad de funcionamiento:<\/strong>\u00a010%\u201390% (HR) (sin condensaci\u00f3n)<\/li>\n<li class=\"ql-align-justify\"><strong>Consumo de energ\u00eda:\u00a0<\/strong>\u2264 1 W (en espera), \u2264 5 W (en funcionamiento)<\/li>\n<li class=\"ql-align-justify\"><strong>Peso bruto:<\/strong>\u00a0326 g<\/li>\n<li class=\"ql-align-justify\"><strong>Color de apariencia:<\/strong>\u00a0Negro<\/li>\n<\/ul>\n<p class=\"ql-align-justify\"><strong>DHI-VTH2421FB-P\u00a0<\/strong><\/p>\n<ul>\n<li class=\"ql-align-justify\"><strong>Pantalla:\u00a0<\/strong>T\u00e1ctil capacitivaTFT de 7&#8243;<\/li>\n<li class=\"ql-align-justify\"><strong>Resoluci\u00f3n de pantalla:\u00a0<\/strong>1024 (Alto) \u00d7 600 (V)<\/li>\n<li class=\"ql-align-justify\"><strong>Material de la carcasa:<\/strong>\u00a0PC + ABS<\/li>\n<li class=\"ql-align-justify\"><strong>Fuente de alimentaci\u00f3n:<\/strong>\u00a012 VCC, 1 A; PoE est\u00e1ndar<\/li>\n<li class=\"ql-align-justify\"><strong>Dimensiones:<\/strong>\u00a0119,6 mm \u00d7 221,5 mm \u00d7 23,5 mm<\/li>\n<li class=\"ql-align-justify\"><strong>Temperatura de funcionamiento:<\/strong>\u00a0\u2013 10 \u00b0C a +55 \u00b0C<\/li>\n<li class=\"ql-align-justify\"><strong>Humedad de funcionamiento:<\/strong>\u00a010%\u201395% (HR)<\/li>\n<li class=\"ql-align-justify\"><strong>Consumo de energ\u00eda:<\/strong>\u00a0\u2264 4 W (en espera), \u2264 6 W (en funcionamiento)<\/li>\n<li class=\"ql-align-justify\"><strong>Peso bruto:<\/strong>\u00a00,35 kg<\/li>\n<li class=\"ql-align-justify\"><strong>Color de apariencia:<\/strong>\u00a0Negro<\/li>\n<\/ul>\n<p><strong>DH-PFS3006-4ET-36<\/strong><\/p>\n<ul>\n<li class=\"ql-align-justify\"><strong>Color de apariencia:<\/strong>\u00a0Negro<\/li>\n<li class=\"ql-align-justify\"><strong>Dimensiones:<\/strong>\u00a0194,0 mm \u00d7 108,1 mm \u00d7 35,0 mm<\/li>\n<li><strong>Peso bruto:<\/strong>\u00a00,56 kg<\/li>\n<\/ul>\n","protected":false},"excerpt":{"rendered":"<p>&gt; Admite iluminaci\u00f3n IR y visi\u00f3n nocturna.<br \/>\n&gt; Llamada de voz y audio bidireccional a trav\u00e9s de la aplicaci\u00f3n.<br \/>\n&gt; Se puede administrar a trav\u00e9s de la plataforma de administraci\u00f3n; admite llamadas de voz entre la aplicaci\u00f3n y la estaci\u00f3n de puerta.<br \/>\n&gt; Desbloqueo con tarjeta, desbloqueo en el monitor interior y desbloqueo remoto a trav\u00e9s de la App.<br \/>\n&gt; Soporta IP65 (Se necesita sellador de silicona.<br \/>\n&gt; Para obtener m\u00e1s detalles, consulte la gu\u00eda de inicio r\u00e1pido).<br \/>\n&gt; Admite 10000 tarjetas.<br \/>\n&gt; Admite fuente de alimentaci\u00f3n PoE est\u00e1ndar.<br \/>\n&gt; Controla dos cerraduras.<br \/>\n&gt; Pantalla t\u00e1ctil capacitiva TFT de 7&#8243;, 1024 x 600.<br \/>\n&gt; Vigilancia del IPC.<br \/>\n&gt; Integraci\u00f3n de alarmas.<br \/>\n&gt; Alto rendimiento y rentabilidad.<br \/>\n&gt; Admite tarjeta SD de 8 GB.<br \/>\n&gt; Admite PoE est\u00e1ndar.<\/p>\n","protected":false},"featured_media":25527,"comment_status":"open","ping_status":"closed","template":"","meta":{"jetpack_publicize_message":"","jetpack_publicize_feature_enabled":true,"jetpack_social_post_already_shared":true,"jetpack_social_options":{"image_generator_settings":{"template":"highway","default_image_id":0,"font":"","enabled":false},"version":2}},"pwb-brand":[533],"product_brand":[],"product_cat":[356],"product_tag":[],"class_list":{"0":"post-25519","1":"product","2":"type-product","3":"status-publish","4":"has-post-thumbnail","6":"pwb-brand-dahua","7":"product_cat-video-portero","9":"first","10":"instock","11":"taxable","12":"shipping-taxable","13":"purchasable","14":"product-type-simple"},"yoast_head":"<!-- This site is optimized with the Yoast SEO Premium plugin v25.7.1 (Yoast SEO v26.8) - https:\/\/yoast.com\/product\/yoast-seo-premium-wordpress\/ -->\n<title>Video Portero Kit IP Monitor T\u00e1ctil 7&quot; KTP02 Dahua - Mivoot<\/title>\n<meta name=\"robots\" content=\"index, follow, max-snippet:-1, max-image-preview:large, max-video-preview:-1\" \/>\n<link rel=\"canonical\" href=\"https:\/\/mivoot.com\/gt\/producto\/video-portero-kit-ip-monitor-tactil-7-ktp02-dahua\/\" \/>\n<meta property=\"og:locale\" content=\"es_ES\" \/>\n<meta property=\"og:type\" content=\"article\" \/>\n<meta property=\"og:title\" content=\"Video Portero Kit IP Monitor T\u00e1ctil 7&quot; KTP02 Dahua\" \/>\n<meta property=\"og:description\" content=\"&gt; Admite iluminaci\u00f3n IR y visi\u00f3n nocturna. &gt; Llamada de voz y audio bidireccional a trav\u00e9s de la aplicaci\u00f3n. &gt; Se puede administrar a trav\u00e9s de la plataforma de administraci\u00f3n; admite llamadas de voz entre la aplicaci\u00f3n y la estaci\u00f3n de puerta. &gt; Desbloqueo con tarjeta, desbloqueo en el monitor interior y desbloqueo remoto a trav\u00e9s de la App. &gt; Soporta IP65 (Se necesita sellador de silicona. &gt; Para obtener m\u00e1s detalles, consulte la gu\u00eda de inicio r\u00e1pido). &gt; Admite 10000 tarjetas. &gt; Admite fuente de alimentaci\u00f3n PoE est\u00e1ndar. &gt; Controla dos cerraduras. &gt; Pantalla t\u00e1ctil capacitiva TFT de 7&quot;, 1024 x 600. &gt; Vigilancia del IPC. &gt; Integraci\u00f3n de alarmas. &gt; Alto rendimiento y rentabilidad. &gt; Admite tarjeta SD de 8 GB. &gt; Admite PoE est\u00e1ndar.\" \/>\n<meta property=\"og:url\" content=\"https:\/\/mivoot.com\/gt\/producto\/video-portero-kit-ip-monitor-tactil-7-ktp02-dahua\/\" \/>\n<meta property=\"og:site_name\" content=\"Mivoot\" \/>\n<meta property=\"article:publisher\" content=\"https:\/\/www.facebook.com\/mivootgt\" \/>\n<meta property=\"article:modified_time\" content=\"2025-01-27T04:35:53+00:00\" \/>\n<meta property=\"og:image\" content=\"https:\/\/mivoot.com\/gt\/wp-content\/uploads\/2025\/01\/KTP02-05.png\" \/>\n\t<meta property=\"og:image:width\" content=\"400\" \/>\n\t<meta property=\"og:image:height\" content=\"400\" \/>\n\t<meta property=\"og:image:type\" content=\"image\/png\" \/>\n<meta name=\"twitter:card\" content=\"summary_large_image\" \/>\n<meta name=\"twitter:label1\" content=\"Est. reading time\" \/>\n\t<meta name=\"twitter:data1\" content=\"3 minutos\" \/>\n<script type=\"application\/ld+json\" class=\"yoast-schema-graph\">{\"@context\":\"https:\/\/schema.org\",\"@graph\":[{\"@type\":\"WebPage\",\"@id\":\"https:\/\/mivoot.com\/gt\/producto\/video-portero-kit-ip-monitor-tactil-7-ktp02-dahua\/\",\"url\":\"https:\/\/mivoot.com\/gt\/producto\/video-portero-kit-ip-monitor-tactil-7-ktp02-dahua\/\",\"name\":\"Video Portero Kit IP Monitor T\u00e1ctil 7\\\" KTP02 Dahua - Mivoot\",\"isPartOf\":{\"@id\":\"https:\/\/mivoot.com\/gt\/#website\"},\"primaryImageOfPage\":{\"@id\":\"https:\/\/mivoot.com\/gt\/producto\/video-portero-kit-ip-monitor-tactil-7-ktp02-dahua\/#primaryimage\"},\"image\":{\"@id\":\"https:\/\/mivoot.com\/gt\/producto\/video-portero-kit-ip-monitor-tactil-7-ktp02-dahua\/#primaryimage\"},\"thumbnailUrl\":\"https:\/\/mivoot.com\/gt\/wp-content\/uploads\/2025\/01\/KTP02-05.png\",\"datePublished\":\"2025-01-27T04:32:27+00:00\",\"dateModified\":\"2025-01-27T04:35:53+00:00\",\"breadcrumb\":{\"@id\":\"https:\/\/mivoot.com\/gt\/producto\/video-portero-kit-ip-monitor-tactil-7-ktp02-dahua\/#breadcrumb\"},\"inLanguage\":\"es\",\"potentialAction\":[{\"@type\":\"ReadAction\",\"target\":[\"https:\/\/mivoot.com\/gt\/producto\/video-portero-kit-ip-monitor-tactil-7-ktp02-dahua\/\"]}]},{\"@type\":\"ImageObject\",\"inLanguage\":\"es\",\"@id\":\"https:\/\/mivoot.com\/gt\/producto\/video-portero-kit-ip-monitor-tactil-7-ktp02-dahua\/#primaryimage\",\"url\":\"https:\/\/mivoot.com\/gt\/wp-content\/uploads\/2025\/01\/KTP02-05.png\",\"contentUrl\":\"https:\/\/mivoot.com\/gt\/wp-content\/uploads\/2025\/01\/KTP02-05.png\",\"width\":400,\"height\":400},{\"@type\":\"BreadcrumbList\",\"@id\":\"https:\/\/mivoot.com\/gt\/producto\/video-portero-kit-ip-monitor-tactil-7-ktp02-dahua\/#breadcrumb\",\"itemListElement\":[{\"@type\":\"ListItem\",\"position\":1,\"name\":\"Inicio\",\"item\":\"https:\/\/mivoot.com\/gt\/\"},{\"@type\":\"ListItem\",\"position\":2,\"name\":\"Productos\",\"item\":\"https:\/\/mivoot.com\/gt\/producto\/\"},{\"@type\":\"ListItem\",\"position\":3,\"name\":\"Dahua\",\"item\":\"https:\/\/mivoot.com\/gt\/marca\/dahua\/\"},{\"@type\":\"ListItem\",\"position\":4,\"name\":\"Video Portero Kit IP Monitor T\u00e1ctil 7&#8243; KTP02 Dahua\"}]},{\"@type\":\"WebSite\",\"@id\":\"https:\/\/mivoot.com\/gt\/#website\",\"url\":\"https:\/\/mivoot.com\/gt\/\",\"name\":\"Mivoot\",\"description\":\"Mivoot Guatemala | Tienda Online\",\"publisher\":{\"@id\":\"https:\/\/mivoot.com\/gt\/#organization\"},\"alternateName\":\"mivoot\",\"potentialAction\":[{\"@type\":\"SearchAction\",\"target\":{\"@type\":\"EntryPoint\",\"urlTemplate\":\"https:\/\/mivoot.com\/gt\/?s={search_term_string}\"},\"query-input\":{\"@type\":\"PropertyValueSpecification\",\"valueRequired\":true,\"valueName\":\"search_term_string\"}}],\"inLanguage\":\"es\"},{\"@type\":\"Organization\",\"@id\":\"https:\/\/mivoot.com\/gt\/#organization\",\"name\":\"Mivoot Guatemala\",\"alternateName\":\"mivoot.com\",\"url\":\"https:\/\/mivoot.com\/gt\/\",\"logo\":{\"@type\":\"ImageObject\",\"inLanguage\":\"es\",\"@id\":\"https:\/\/mivoot.com\/gt\/#\/schema\/logo\/image\/\",\"url\":\"https:\/\/mivoot.com\/gt\/wp-content\/uploads\/2023\/03\/cropped-icon.png\",\"contentUrl\":\"https:\/\/mivoot.com\/gt\/wp-content\/uploads\/2023\/03\/cropped-icon.png\",\"width\":512,\"height\":512,\"caption\":\"Mivoot Guatemala\"},\"image\":{\"@id\":\"https:\/\/mivoot.com\/gt\/#\/schema\/logo\/image\/\"},\"sameAs\":[\"https:\/\/www.facebook.com\/mivootgt\",\"https:\/\/instagram.com\/mivoot\"]}]}<\/script>\n<!-- \/ Yoast SEO Premium plugin. -->","yoast_head_json":{"title":"Video Portero Kit IP Monitor T\u00e1ctil 7\" KTP02 Dahua - Mivoot","robots":{"index":"index","follow":"follow","max-snippet":"max-snippet:-1","max-image-preview":"max-image-preview:large","max-video-preview":"max-video-preview:-1"},"canonical":"https:\/\/mivoot.com\/gt\/producto\/video-portero-kit-ip-monitor-tactil-7-ktp02-dahua\/","og_locale":"es_ES","og_type":"article","og_title":"Video Portero Kit IP Monitor T\u00e1ctil 7\" KTP02 Dahua","og_description":"&gt; Admite iluminaci\u00f3n IR y visi\u00f3n nocturna. &gt; Llamada de voz y audio bidireccional a trav\u00e9s de la aplicaci\u00f3n. &gt; Se puede administrar a trav\u00e9s de la plataforma de administraci\u00f3n; admite llamadas de voz entre la aplicaci\u00f3n y la estaci\u00f3n de puerta. &gt; Desbloqueo con tarjeta, desbloqueo en el monitor interior y desbloqueo remoto a trav\u00e9s de la App. &gt; Soporta IP65 (Se necesita sellador de silicona. &gt; Para obtener m\u00e1s detalles, consulte la gu\u00eda de inicio r\u00e1pido). &gt; Admite 10000 tarjetas. &gt; Admite fuente de alimentaci\u00f3n PoE est\u00e1ndar. &gt; Controla dos cerraduras. &gt; Pantalla t\u00e1ctil capacitiva TFT de 7\", 1024 x 600. &gt; Vigilancia del IPC. &gt; Integraci\u00f3n de alarmas. &gt; Alto rendimiento y rentabilidad. &gt; Admite tarjeta SD de 8 GB. &gt; Admite PoE est\u00e1ndar.","og_url":"https:\/\/mivoot.com\/gt\/producto\/video-portero-kit-ip-monitor-tactil-7-ktp02-dahua\/","og_site_name":"Mivoot","article_publisher":"https:\/\/www.facebook.com\/mivootgt","article_modified_time":"2025-01-27T04:35:53+00:00","og_image":[{"width":400,"height":400,"url":"https:\/\/mivoot.com\/gt\/wp-content\/uploads\/2025\/01\/KTP02-05.png","type":"image\/png"}],"twitter_card":"summary_large_image","twitter_misc":{"Est. reading time":"3 minutos"},"schema":{"@context":"https:\/\/schema.org","@graph":[{"@type":"WebPage","@id":"https:\/\/mivoot.com\/gt\/producto\/video-portero-kit-ip-monitor-tactil-7-ktp02-dahua\/","url":"https:\/\/mivoot.com\/gt\/producto\/video-portero-kit-ip-monitor-tactil-7-ktp02-dahua\/","name":"Video Portero Kit IP Monitor T\u00e1ctil 7\" KTP02 Dahua - Mivoot","isPartOf":{"@id":"https:\/\/mivoot.com\/gt\/#website"},"primaryImageOfPage":{"@id":"https:\/\/mivoot.com\/gt\/producto\/video-portero-kit-ip-monitor-tactil-7-ktp02-dahua\/#primaryimage"},"image":{"@id":"https:\/\/mivoot.com\/gt\/producto\/video-portero-kit-ip-monitor-tactil-7-ktp02-dahua\/#primaryimage"},"thumbnailUrl":"https:\/\/mivoot.com\/gt\/wp-content\/uploads\/2025\/01\/KTP02-05.png","datePublished":"2025-01-27T04:32:27+00:00","dateModified":"2025-01-27T04:35:53+00:00","breadcrumb":{"@id":"https:\/\/mivoot.com\/gt\/producto\/video-portero-kit-ip-monitor-tactil-7-ktp02-dahua\/#breadcrumb"},"inLanguage":"es","potentialAction":[{"@type":"ReadAction","target":["https:\/\/mivoot.com\/gt\/producto\/video-portero-kit-ip-monitor-tactil-7-ktp02-dahua\/"]}]},{"@type":"ImageObject","inLanguage":"es","@id":"https:\/\/mivoot.com\/gt\/producto\/video-portero-kit-ip-monitor-tactil-7-ktp02-dahua\/#primaryimage","url":"https:\/\/mivoot.com\/gt\/wp-content\/uploads\/2025\/01\/KTP02-05.png","contentUrl":"https:\/\/mivoot.com\/gt\/wp-content\/uploads\/2025\/01\/KTP02-05.png","width":400,"height":400},{"@type":"BreadcrumbList","@id":"https:\/\/mivoot.com\/gt\/producto\/video-portero-kit-ip-monitor-tactil-7-ktp02-dahua\/#breadcrumb","itemListElement":[{"@type":"ListItem","position":1,"name":"Inicio","item":"https:\/\/mivoot.com\/gt\/"},{"@type":"ListItem","position":2,"name":"Productos","item":"https:\/\/mivoot.com\/gt\/producto\/"},{"@type":"ListItem","position":3,"name":"Dahua","item":"https:\/\/mivoot.com\/gt\/marca\/dahua\/"},{"@type":"ListItem","position":4,"name":"Video Portero Kit IP Monitor T\u00e1ctil 7&#8243; KTP02 Dahua"}]},{"@type":"WebSite","@id":"https:\/\/mivoot.com\/gt\/#website","url":"https:\/\/mivoot.com\/gt\/","name":"Mivoot","description":"Mivoot Guatemala | Tienda Online","publisher":{"@id":"https:\/\/mivoot.com\/gt\/#organization"},"alternateName":"mivoot","potentialAction":[{"@type":"SearchAction","target":{"@type":"EntryPoint","urlTemplate":"https:\/\/mivoot.com\/gt\/?s={search_term_string}"},"query-input":{"@type":"PropertyValueSpecification","valueRequired":true,"valueName":"search_term_string"}}],"inLanguage":"es"},{"@type":"Organization","@id":"https:\/\/mivoot.com\/gt\/#organization","name":"Mivoot Guatemala","alternateName":"mivoot.com","url":"https:\/\/mivoot.com\/gt\/","logo":{"@type":"ImageObject","inLanguage":"es","@id":"https:\/\/mivoot.com\/gt\/#\/schema\/logo\/image\/","url":"https:\/\/mivoot.com\/gt\/wp-content\/uploads\/2023\/03\/cropped-icon.png","contentUrl":"https:\/\/mivoot.com\/gt\/wp-content\/uploads\/2023\/03\/cropped-icon.png","width":512,"height":512,"caption":"Mivoot Guatemala"},"image":{"@id":"https:\/\/mivoot.com\/gt\/#\/schema\/logo\/image\/"},"sameAs":["https:\/\/www.facebook.com\/mivootgt","https:\/\/instagram.com\/mivoot"]}]}},"jetpack_publicize_connections":[],"jetpack_sharing_enabled":true,"brands":[{"id":533,"name":"Dahua","slug":"dahua"}],"_links":{"self":[{"href":"https:\/\/mivoot.com\/gt\/wp-json\/wp\/v2\/product\/25519","targetHints":{"allow":["GET"]}}],"collection":[{"href":"https:\/\/mivoot.com\/gt\/wp-json\/wp\/v2\/product"}],"about":[{"href":"https:\/\/mivoot.com\/gt\/wp-json\/wp\/v2\/types\/product"}],"replies":[{"embeddable":true,"href":"https:\/\/mivoot.com\/gt\/wp-json\/wp\/v2\/comments?post=25519"}],"version-history":[{"count":2,"href":"https:\/\/mivoot.com\/gt\/wp-json\/wp\/v2\/product\/25519\/revisions"}],"predecessor-version":[{"id":25529,"href":"https:\/\/mivoot.com\/gt\/wp-json\/wp\/v2\/product\/25519\/revisions\/25529"}],"wp:featuredmedia":[{"embeddable":true,"href":"https:\/\/mivoot.com\/gt\/wp-json\/wp\/v2\/media\/25527"}],"wp:attachment":[{"href":"https:\/\/mivoot.com\/gt\/wp-json\/wp\/v2\/media?parent=25519"}],"wp:term":[{"taxonomy":"pwb-brand","embeddable":true,"href":"https:\/\/mivoot.com\/gt\/wp-json\/wp\/v2\/pwb-brand?post=25519"},{"taxonomy":"product_brand","embeddable":true,"href":"https:\/\/mivoot.com\/gt\/wp-json\/wp\/v2\/product_brand?post=25519"},{"taxonomy":"product_cat","embeddable":true,"href":"https:\/\/mivoot.com\/gt\/wp-json\/wp\/v2\/product_cat?post=25519"},{"taxonomy":"product_tag","embeddable":true,"href":"https:\/\/mivoot.com\/gt\/wp-json\/wp\/v2\/product_tag?post=25519"}],"curies":[{"name":"wp","href":"https:\/\/api.w.org\/{rel}","templated":true}]}}