{"id":25613,"date":"2025-01-28T12:52:30","date_gmt":"2025-01-28T18:52:30","guid":{"rendered":"https:\/\/mivoot.com\/gt\/?post_type=product&#038;p=25613"},"modified":"2025-01-28T12:52:32","modified_gmt":"2025-01-28T18:52:32","slug":"freidora-de-aire-digital-de-4-litros-oster","status":"publish","type":"product","link":"https:\/\/mivoot.com\/gt\/producto\/freidora-de-aire-digital-de-4-litros-oster\/","title":{"rendered":"Freidora de aire digital de 4 litros Oster"},"content":{"rendered":"<p><img decoding=\"async\" src=\"https:\/\/osterlatino.com\/pdp\/CKSTAF40D\/images\/CKSTAF40D-image1.jpg\" \/><\/p>\n<h1 style=\"text-align: center\"><\/h1>\n<div style=\"text-align: center\">\n<h1><span style=\"color: #003366\"><span class=\"text1\">\u00bfC\u00d3MO FUNCIONA LA\u00a0<\/span><span class=\"text12\"><strong>FREIDORA DE AIRE OSTER?<\/strong><\/span><\/span><\/h1>\n<\/div>\n<p class=\"card-text mb-auto\" style=\"text-align: center\">La freidora de aire Oster\u00ae hace que el aire caliente circule a una velocidad ultra r\u00e1pida por el interior del equipo, cocinando los alimentos y produciendo una capa crujiente utilizando un 99.5% menos aceite. \u00a1Su recubrimiento natural de cer\u00e1mica Bioceramic\u2122 es 4 veces m\u00e1s duradero y f\u00e1cil de limpiar!<\/p>\n<p><img fetchpriority=\"high\" decoding=\"async\" class=\" wp-image-25618 aligncenter\" src=\"https:\/\/mivoot.com\/gt\/wp-content\/uploads\/2025\/01\/Captura-de-pantalla-2025-01-28-123942-300x145.png\" alt=\"\" width=\"997\" height=\"482\" srcset=\"https:\/\/mivoot.com\/gt\/wp-content\/uploads\/2025\/01\/Captura-de-pantalla-2025-01-28-123942-300x145.png 300w, https:\/\/mivoot.com\/gt\/wp-content\/uploads\/2025\/01\/Captura-de-pantalla-2025-01-28-123942-410x199.png 410w, https:\/\/mivoot.com\/gt\/wp-content\/uploads\/2025\/01\/Captura-de-pantalla-2025-01-28-123942-64x31.png 64w, https:\/\/mivoot.com\/gt\/wp-content\/uploads\/2025\/01\/Captura-de-pantalla-2025-01-28-123942-768x372.png 768w, https:\/\/mivoot.com\/gt\/wp-content\/uploads\/2025\/01\/Captura-de-pantalla-2025-01-28-123942-600x291.png 600w, https:\/\/mivoot.com\/gt\/wp-content\/uploads\/2025\/01\/Captura-de-pantalla-2025-01-28-123942.png 1133w\" sizes=\"(max-width: 997px) 100vw, 997px\" \/><\/p>\n<p><img decoding=\"async\" class=\" wp-image-25617 aligncenter\" src=\"https:\/\/mivoot.com\/gt\/wp-content\/uploads\/2025\/01\/Captura-de-pantalla-2025-01-28-124003-300x97.png\" alt=\"\" width=\"1030\" height=\"333\" srcset=\"https:\/\/mivoot.com\/gt\/wp-content\/uploads\/2025\/01\/Captura-de-pantalla-2025-01-28-124003-300x97.png 300w, https:\/\/mivoot.com\/gt\/wp-content\/uploads\/2025\/01\/Captura-de-pantalla-2025-01-28-124003-410x133.png 410w, https:\/\/mivoot.com\/gt\/wp-content\/uploads\/2025\/01\/Captura-de-pantalla-2025-01-28-124003-64x21.png 64w, https:\/\/mivoot.com\/gt\/wp-content\/uploads\/2025\/01\/Captura-de-pantalla-2025-01-28-124003-768x248.png 768w, https:\/\/mivoot.com\/gt\/wp-content\/uploads\/2025\/01\/Captura-de-pantalla-2025-01-28-124003-600x194.png 600w, https:\/\/mivoot.com\/gt\/wp-content\/uploads\/2025\/01\/Captura-de-pantalla-2025-01-28-124003.png 1197w\" sizes=\"(max-width: 1030px) 100vw, 1030px\" \/><\/p>\n<p><img decoding=\"async\" class=\" wp-image-25616 aligncenter\" src=\"https:\/\/mivoot.com\/gt\/wp-content\/uploads\/2025\/01\/Captura-de-pantalla-2025-01-28-124029-300x152.png\" alt=\"\" width=\"964\" height=\"489\" srcset=\"https:\/\/mivoot.com\/gt\/wp-content\/uploads\/2025\/01\/Captura-de-pantalla-2025-01-28-124029-300x152.png 300w, https:\/\/mivoot.com\/gt\/wp-content\/uploads\/2025\/01\/Captura-de-pantalla-2025-01-28-124029-410x208.png 410w, https:\/\/mivoot.com\/gt\/wp-content\/uploads\/2025\/01\/Captura-de-pantalla-2025-01-28-124029-64x32.png 64w, https:\/\/mivoot.com\/gt\/wp-content\/uploads\/2025\/01\/Captura-de-pantalla-2025-01-28-124029-768x390.png 768w, https:\/\/mivoot.com\/gt\/wp-content\/uploads\/2025\/01\/Captura-de-pantalla-2025-01-28-124029-600x304.png 600w, https:\/\/mivoot.com\/gt\/wp-content\/uploads\/2025\/01\/Captura-de-pantalla-2025-01-28-124029.png 1179w\" sizes=\"(max-width: 964px) 100vw, 964px\" \/><\/p>\n<p>&nbsp;<\/p>\n<p style=\"text-align: center\">La nueva y vers\u00e1til Freidora de aire digital ofrece infinidad de beneficios, empezando con su amplia canasta con recubrimiento antiadherente Bioceramic\u2122 con 4 litros de capacidad, que permite cocinar una variedad de comidas para la familia. Cuenta con 7 funciones digitales preestablecidas con la opci\u00f3n de cocinar carne, pollo, pescado, mariscos, papas, vegetales y postres. \u00a1Su recubrimiento Bioceramic es 4 veces m\u00e1s duradero y f\u00e1cil de limpiar para que pases menos tiempo en la cocina y m\u00e1s tiempo disfrutando con la familia!<\/p>\n<ul>\n<li>Cuenta con 7 funciones digitales preestablecidas para cocinar pollo, pescados, mariscos, carnes, papas fritas, vegetales y postres<\/li>\n<li>Cocina hasta con 99.5% menos aceite, comparado con freidoras tradicionales Oster\u00ae de 4 litros<\/li>\n<li>Cesta con recubrimiento antiadherente Bioceramic\u2122 100% natural, con 4 litros de capacidad, para preparar m\u00faltiples porciones de comidas favoritas y poder cocinar para toda la familia<\/li>\n<li>Temporizador de 60&#8242;<\/li>\n<li>Mango seguro al tacto<\/li>\n<\/ul>\n<p><strong>Recomendaci\u00f3n\u00a0\u00a0<\/strong>Antes de usar por primera vez la freidora de aire con recubrimiento Bioceramic\u2122 o antiadherente, cubre la superficie de la cesta con aceite vegetal. Coloca la cesta en su lugar. Prende la freidora a la m\u00e1xima potencia por 5-10 minutos.\u00a0 Luego apaga y deja enfriar completamente. Finalmente, con un pa\u00f1o suave lava la cesta con agua caliente y seca. Ahora tu freidora de aire ya est\u00e1 curada y lista para usar.<\/p>\n","protected":false},"excerpt":{"rendered":"<p>&#8211; Peso: 3.5 kg<br \/>\n&#8211; Medidas: 31.3 cm x 26 cm x 33.7 cm<br \/>\n&#8211; Cantidad de funciones: 7<br \/>\n&#8211; Tipo de panel: Digital<br \/>\n&#8211; Capacidad: 4 L<br \/>\n&#8211; Temporizador\/Tiempo m\u00e1ximo: 60&#8242;<br \/>\n&#8211; Potencia en watts: 1000w<br \/>\n&#8211; Recubrimiento: Bioceramic<\/p>\n","protected":false},"featured_media":25622,"comment_status":"open","ping_status":"closed","template":"","meta":{"jetpack_publicize_message":"","jetpack_publicize_feature_enabled":true,"jetpack_social_post_already_shared":true,"jetpack_social_options":{"image_generator_settings":{"template":"highway","default_image_id":0,"font":"","enabled":false},"version":2}},"pwb-brand":[298],"product_brand":[],"product_cat":[586],"product_tag":[],"class_list":{"0":"post-25613","1":"product","2":"type-product","3":"status-publish","4":"has-post-thumbnail","6":"pwb-brand-oster","7":"product_cat-freidoras-de-aire","9":"first","10":"instock","11":"taxable","12":"shipping-taxable","13":"purchasable","14":"product-type-simple"},"yoast_head":"<!-- This site is optimized with the Yoast SEO Premium plugin v25.7.1 (Yoast SEO v26.8) - https:\/\/yoast.com\/product\/yoast-seo-premium-wordpress\/ -->\n<title>Freidora de aire digital de 4 litros Oster - Mivoot<\/title>\n<meta name=\"robots\" content=\"index, follow, max-snippet:-1, max-image-preview:large, max-video-preview:-1\" \/>\n<link rel=\"canonical\" href=\"https:\/\/mivoot.com\/gt\/producto\/freidora-de-aire-digital-de-4-litros-oster\/\" \/>\n<meta property=\"og:locale\" content=\"es_ES\" \/>\n<meta property=\"og:type\" content=\"article\" \/>\n<meta property=\"og:title\" content=\"Freidora de aire digital de 4 litros Oster\" \/>\n<meta property=\"og:description\" content=\"- Peso: 3.5 kg - Medidas: 31.3 cm x 26 cm x 33.7 cm - Cantidad de funciones: 7 - Tipo de panel: Digital - Capacidad: 4 L - Temporizador\/Tiempo m\u00e1ximo: 60&#039; - Potencia en watts: 1000w - Recubrimiento: Bioceramic\" \/>\n<meta property=\"og:url\" content=\"https:\/\/mivoot.com\/gt\/producto\/freidora-de-aire-digital-de-4-litros-oster\/\" \/>\n<meta property=\"og:site_name\" content=\"Mivoot\" \/>\n<meta property=\"article:publisher\" content=\"https:\/\/www.facebook.com\/mivootgt\" \/>\n<meta property=\"article:modified_time\" content=\"2025-01-28T18:52:32+00:00\" \/>\n<meta property=\"og:image\" content=\"https:\/\/mivoot.com\/gt\/wp-content\/uploads\/2025\/01\/458147100013_1.webp\" \/>\n\t<meta property=\"og:image:width\" content=\"1000\" \/>\n\t<meta property=\"og:image:height\" content=\"1000\" \/>\n\t<meta property=\"og:image:type\" content=\"image\/webp\" \/>\n<meta name=\"twitter:card\" content=\"summary_large_image\" \/>\n<meta name=\"twitter:label1\" content=\"Est. reading time\" \/>\n\t<meta name=\"twitter:data1\" content=\"3 minutos\" \/>\n<script type=\"application\/ld+json\" class=\"yoast-schema-graph\">{\"@context\":\"https:\/\/schema.org\",\"@graph\":[{\"@type\":\"WebPage\",\"@id\":\"https:\/\/mivoot.com\/gt\/producto\/freidora-de-aire-digital-de-4-litros-oster\/\",\"url\":\"https:\/\/mivoot.com\/gt\/producto\/freidora-de-aire-digital-de-4-litros-oster\/\",\"name\":\"Freidora de aire digital de 4 litros Oster - Mivoot\",\"isPartOf\":{\"@id\":\"https:\/\/mivoot.com\/gt\/#website\"},\"primaryImageOfPage\":{\"@id\":\"https:\/\/mivoot.com\/gt\/producto\/freidora-de-aire-digital-de-4-litros-oster\/#primaryimage\"},\"image\":{\"@id\":\"https:\/\/mivoot.com\/gt\/producto\/freidora-de-aire-digital-de-4-litros-oster\/#primaryimage\"},\"thumbnailUrl\":\"https:\/\/mivoot.com\/gt\/wp-content\/uploads\/2025\/01\/458147100013_1.webp\",\"datePublished\":\"2025-01-28T18:52:30+00:00\",\"dateModified\":\"2025-01-28T18:52:32+00:00\",\"breadcrumb\":{\"@id\":\"https:\/\/mivoot.com\/gt\/producto\/freidora-de-aire-digital-de-4-litros-oster\/#breadcrumb\"},\"inLanguage\":\"es\",\"potentialAction\":[{\"@type\":\"ReadAction\",\"target\":[\"https:\/\/mivoot.com\/gt\/producto\/freidora-de-aire-digital-de-4-litros-oster\/\"]}]},{\"@type\":\"ImageObject\",\"inLanguage\":\"es\",\"@id\":\"https:\/\/mivoot.com\/gt\/producto\/freidora-de-aire-digital-de-4-litros-oster\/#primaryimage\",\"url\":\"https:\/\/mivoot.com\/gt\/wp-content\/uploads\/2025\/01\/458147100013_1.webp\",\"contentUrl\":\"https:\/\/mivoot.com\/gt\/wp-content\/uploads\/2025\/01\/458147100013_1.webp\",\"width\":1000,\"height\":1000},{\"@type\":\"BreadcrumbList\",\"@id\":\"https:\/\/mivoot.com\/gt\/producto\/freidora-de-aire-digital-de-4-litros-oster\/#breadcrumb\",\"itemListElement\":[{\"@type\":\"ListItem\",\"position\":1,\"name\":\"Inicio\",\"item\":\"https:\/\/mivoot.com\/gt\/\"},{\"@type\":\"ListItem\",\"position\":2,\"name\":\"Productos\",\"item\":\"https:\/\/mivoot.com\/gt\/producto\/\"},{\"@type\":\"ListItem\",\"position\":3,\"name\":\"Oster\",\"item\":\"https:\/\/mivoot.com\/gt\/marca\/oster\/\"},{\"@type\":\"ListItem\",\"position\":4,\"name\":\"Freidora de aire digital de 4 litros Oster\"}]},{\"@type\":\"WebSite\",\"@id\":\"https:\/\/mivoot.com\/gt\/#website\",\"url\":\"https:\/\/mivoot.com\/gt\/\",\"name\":\"Mivoot\",\"description\":\"Mivoot Guatemala | Tienda Online\",\"publisher\":{\"@id\":\"https:\/\/mivoot.com\/gt\/#organization\"},\"alternateName\":\"mivoot\",\"potentialAction\":[{\"@type\":\"SearchAction\",\"target\":{\"@type\":\"EntryPoint\",\"urlTemplate\":\"https:\/\/mivoot.com\/gt\/?s={search_term_string}\"},\"query-input\":{\"@type\":\"PropertyValueSpecification\",\"valueRequired\":true,\"valueName\":\"search_term_string\"}}],\"inLanguage\":\"es\"},{\"@type\":\"Organization\",\"@id\":\"https:\/\/mivoot.com\/gt\/#organization\",\"name\":\"Mivoot Guatemala\",\"alternateName\":\"mivoot.com\",\"url\":\"https:\/\/mivoot.com\/gt\/\",\"logo\":{\"@type\":\"ImageObject\",\"inLanguage\":\"es\",\"@id\":\"https:\/\/mivoot.com\/gt\/#\/schema\/logo\/image\/\",\"url\":\"https:\/\/mivoot.com\/gt\/wp-content\/uploads\/2023\/03\/cropped-icon.png\",\"contentUrl\":\"https:\/\/mivoot.com\/gt\/wp-content\/uploads\/2023\/03\/cropped-icon.png\",\"width\":512,\"height\":512,\"caption\":\"Mivoot Guatemala\"},\"image\":{\"@id\":\"https:\/\/mivoot.com\/gt\/#\/schema\/logo\/image\/\"},\"sameAs\":[\"https:\/\/www.facebook.com\/mivootgt\",\"https:\/\/instagram.com\/mivoot\"]}]}<\/script>\n<!-- \/ Yoast SEO Premium plugin. -->","yoast_head_json":{"title":"Freidora de aire digital de 4 litros Oster - Mivoot","robots":{"index":"index","follow":"follow","max-snippet":"max-snippet:-1","max-image-preview":"max-image-preview:large","max-video-preview":"max-video-preview:-1"},"canonical":"https:\/\/mivoot.com\/gt\/producto\/freidora-de-aire-digital-de-4-litros-oster\/","og_locale":"es_ES","og_type":"article","og_title":"Freidora de aire digital de 4 litros Oster","og_description":"- Peso: 3.5 kg - Medidas: 31.3 cm x 26 cm x 33.7 cm - Cantidad de funciones: 7 - Tipo de panel: Digital - Capacidad: 4 L - Temporizador\/Tiempo m\u00e1ximo: 60' - Potencia en watts: 1000w - Recubrimiento: Bioceramic","og_url":"https:\/\/mivoot.com\/gt\/producto\/freidora-de-aire-digital-de-4-litros-oster\/","og_site_name":"Mivoot","article_publisher":"https:\/\/www.facebook.com\/mivootgt","article_modified_time":"2025-01-28T18:52:32+00:00","og_image":[{"width":1000,"height":1000,"url":"https:\/\/mivoot.com\/gt\/wp-content\/uploads\/2025\/01\/458147100013_1.webp","type":"image\/webp"}],"twitter_card":"summary_large_image","twitter_misc":{"Est. reading time":"3 minutos"},"schema":{"@context":"https:\/\/schema.org","@graph":[{"@type":"WebPage","@id":"https:\/\/mivoot.com\/gt\/producto\/freidora-de-aire-digital-de-4-litros-oster\/","url":"https:\/\/mivoot.com\/gt\/producto\/freidora-de-aire-digital-de-4-litros-oster\/","name":"Freidora de aire digital de 4 litros Oster - Mivoot","isPartOf":{"@id":"https:\/\/mivoot.com\/gt\/#website"},"primaryImageOfPage":{"@id":"https:\/\/mivoot.com\/gt\/producto\/freidora-de-aire-digital-de-4-litros-oster\/#primaryimage"},"image":{"@id":"https:\/\/mivoot.com\/gt\/producto\/freidora-de-aire-digital-de-4-litros-oster\/#primaryimage"},"thumbnailUrl":"https:\/\/mivoot.com\/gt\/wp-content\/uploads\/2025\/01\/458147100013_1.webp","datePublished":"2025-01-28T18:52:30+00:00","dateModified":"2025-01-28T18:52:32+00:00","breadcrumb":{"@id":"https:\/\/mivoot.com\/gt\/producto\/freidora-de-aire-digital-de-4-litros-oster\/#breadcrumb"},"inLanguage":"es","potentialAction":[{"@type":"ReadAction","target":["https:\/\/mivoot.com\/gt\/producto\/freidora-de-aire-digital-de-4-litros-oster\/"]}]},{"@type":"ImageObject","inLanguage":"es","@id":"https:\/\/mivoot.com\/gt\/producto\/freidora-de-aire-digital-de-4-litros-oster\/#primaryimage","url":"https:\/\/mivoot.com\/gt\/wp-content\/uploads\/2025\/01\/458147100013_1.webp","contentUrl":"https:\/\/mivoot.com\/gt\/wp-content\/uploads\/2025\/01\/458147100013_1.webp","width":1000,"height":1000},{"@type":"BreadcrumbList","@id":"https:\/\/mivoot.com\/gt\/producto\/freidora-de-aire-digital-de-4-litros-oster\/#breadcrumb","itemListElement":[{"@type":"ListItem","position":1,"name":"Inicio","item":"https:\/\/mivoot.com\/gt\/"},{"@type":"ListItem","position":2,"name":"Productos","item":"https:\/\/mivoot.com\/gt\/producto\/"},{"@type":"ListItem","position":3,"name":"Oster","item":"https:\/\/mivoot.com\/gt\/marca\/oster\/"},{"@type":"ListItem","position":4,"name":"Freidora de aire digital de 4 litros Oster"}]},{"@type":"WebSite","@id":"https:\/\/mivoot.com\/gt\/#website","url":"https:\/\/mivoot.com\/gt\/","name":"Mivoot","description":"Mivoot Guatemala | Tienda Online","publisher":{"@id":"https:\/\/mivoot.com\/gt\/#organization"},"alternateName":"mivoot","potentialAction":[{"@type":"SearchAction","target":{"@type":"EntryPoint","urlTemplate":"https:\/\/mivoot.com\/gt\/?s={search_term_string}"},"query-input":{"@type":"PropertyValueSpecification","valueRequired":true,"valueName":"search_term_string"}}],"inLanguage":"es"},{"@type":"Organization","@id":"https:\/\/mivoot.com\/gt\/#organization","name":"Mivoot Guatemala","alternateName":"mivoot.com","url":"https:\/\/mivoot.com\/gt\/","logo":{"@type":"ImageObject","inLanguage":"es","@id":"https:\/\/mivoot.com\/gt\/#\/schema\/logo\/image\/","url":"https:\/\/mivoot.com\/gt\/wp-content\/uploads\/2023\/03\/cropped-icon.png","contentUrl":"https:\/\/mivoot.com\/gt\/wp-content\/uploads\/2023\/03\/cropped-icon.png","width":512,"height":512,"caption":"Mivoot Guatemala"},"image":{"@id":"https:\/\/mivoot.com\/gt\/#\/schema\/logo\/image\/"},"sameAs":["https:\/\/www.facebook.com\/mivootgt","https:\/\/instagram.com\/mivoot"]}]}},"jetpack_publicize_connections":[],"jetpack_sharing_enabled":true,"brands":[{"id":298,"name":"Oster","slug":"oster"}],"_links":{"self":[{"href":"https:\/\/mivoot.com\/gt\/wp-json\/wp\/v2\/product\/25613","targetHints":{"allow":["GET"]}}],"collection":[{"href":"https:\/\/mivoot.com\/gt\/wp-json\/wp\/v2\/product"}],"about":[{"href":"https:\/\/mivoot.com\/gt\/wp-json\/wp\/v2\/types\/product"}],"replies":[{"embeddable":true,"href":"https:\/\/mivoot.com\/gt\/wp-json\/wp\/v2\/comments?post=25613"}],"version-history":[{"count":1,"href":"https:\/\/mivoot.com\/gt\/wp-json\/wp\/v2\/product\/25613\/revisions"}],"predecessor-version":[{"id":25623,"href":"https:\/\/mivoot.com\/gt\/wp-json\/wp\/v2\/product\/25613\/revisions\/25623"}],"wp:featuredmedia":[{"embeddable":true,"href":"https:\/\/mivoot.com\/gt\/wp-json\/wp\/v2\/media\/25622"}],"wp:attachment":[{"href":"https:\/\/mivoot.com\/gt\/wp-json\/wp\/v2\/media?parent=25613"}],"wp:term":[{"taxonomy":"pwb-brand","embeddable":true,"href":"https:\/\/mivoot.com\/gt\/wp-json\/wp\/v2\/pwb-brand?post=25613"},{"taxonomy":"product_brand","embeddable":true,"href":"https:\/\/mivoot.com\/gt\/wp-json\/wp\/v2\/product_brand?post=25613"},{"taxonomy":"product_cat","embeddable":true,"href":"https:\/\/mivoot.com\/gt\/wp-json\/wp\/v2\/product_cat?post=25613"},{"taxonomy":"product_tag","embeddable":true,"href":"https:\/\/mivoot.com\/gt\/wp-json\/wp\/v2\/product_tag?post=25613"}],"curies":[{"name":"wp","href":"https:\/\/api.w.org\/{rel}","templated":true}]}}