{"id":25777,"date":"2025-01-30T15:10:59","date_gmt":"2025-01-30T21:10:59","guid":{"rendered":"https:\/\/mivoot.com\/gt\/?post_type=product&#038;p=25777"},"modified":"2025-01-30T15:11:00","modified_gmt":"2025-01-30T21:11:00","slug":"transformador-fuente-de-poder-12v-2am-dahua","status":"publish","type":"product","link":"https:\/\/mivoot.com\/gt\/producto\/transformador-fuente-de-poder-12v-2am-dahua\/","title":{"rendered":"Transformador Fuente de Poder 12V 2Am Dahua"},"content":{"rendered":"<div class=\"row aling-items-center padding-bottom-2x\">\n<div class=\"col-lg-12\"><a><img decoding=\"async\" class=\"overview-center-img-web\" src=\"https:\/\/cdn.tvc.mx\/media\/877747\/DAHUA-DH-PFM320-020US--Fuente-Poder-baner-principal.png\" alt=\"\" \/><\/a><\/div>\n<\/div>\n<div class=\"row align-items-center padding-bottom-2x\">\n<div class=\"col-md-5\"><a><img decoding=\"async\" class=\"d-block m-auto img-thumbnail\" src=\"https:\/\/cdn.tvc.mx\/media\/877762\/DAHUA-DH-PFM320-020US--Fuente-Poder-especificaciones.png\" alt=\" \" \/><\/a><\/div>\n<div class=\"col-md-7 text-md-left text-center\">\n<h2>Especificaciones T\u00e9cnicas<\/h2>\n<ul>\n<li class=\"ql-align-justify\">Amplio rango de voltaje de entrada de 100Vac\u2013240Vac, cumple con los requisitos en diferentes partes para la fluctuaci\u00f3n de la red el\u00e9ctrica.<\/li>\n<li class=\"ql-align-justify\">F\u00e1cil instalaci\u00f3n.<\/li>\n<li class=\"ql-align-justify\">V nivel de eficiencia energ\u00e9tica<\/li>\n<li class=\"ql-align-justify\">Sobre corriente, sobre voltaje y otras protecciones m\u00faltiples<\/li>\n<li class=\"ql-align-justify\">Nivel V-0 de resistencia a la llama de la carcasa.<\/li>\n<\/ul>\n<\/div>\n<\/div>\n","protected":false},"excerpt":{"rendered":"<p>&#8211; Amplio rango de voltaje de entrada de 100Vac\u2013240Vac,<br \/>\n&#8211; cumple con los requisitos en diferentes partes para la fluctuaci\u00f3n de la red el\u00e9ctrica.<br \/>\n&#8211; F\u00e1cil instalaci\u00f3n.<br \/>\n&#8211; V nivel de eficiencia energ\u00e9tica<br \/>\n&#8211; Sobre corriente, sobre voltaje y otras protecciones m\u00faltiples<br \/>\n&#8211; Nivel V-0 de resistencia a la llama de la carcasa.<\/p>\n","protected":false},"featured_media":25773,"comment_status":"open","ping_status":"closed","template":"","meta":{"jetpack_publicize_message":"","jetpack_publicize_feature_enabled":true,"jetpack_social_post_already_shared":true,"jetpack_social_options":{"image_generator_settings":{"template":"highway","default_image_id":0,"font":"","enabled":false},"version":2}},"pwb-brand":[533],"product_brand":[],"product_cat":[371],"product_tag":[],"class_list":{"0":"post-25777","1":"product","2":"type-product","3":"status-publish","4":"has-post-thumbnail","6":"pwb-brand-dahua","7":"product_cat-control-de-acceso-accesorios","9":"first","10":"instock","11":"taxable","12":"shipping-taxable","13":"purchasable","14":"product-type-simple"},"yoast_head":"<!-- This site is optimized with the Yoast SEO Premium plugin v25.7.1 (Yoast SEO v26.8) - https:\/\/yoast.com\/product\/yoast-seo-premium-wordpress\/ -->\n<title>Transformador Fuente de Poder 12V 2Am Dahua - Mivoot<\/title>\n<meta name=\"robots\" content=\"index, follow, max-snippet:-1, max-image-preview:large, max-video-preview:-1\" \/>\n<link rel=\"canonical\" href=\"https:\/\/mivoot.com\/gt\/producto\/transformador-fuente-de-poder-12v-2am-dahua\/\" \/>\n<meta property=\"og:locale\" content=\"es_ES\" \/>\n<meta property=\"og:type\" content=\"article\" \/>\n<meta property=\"og:title\" content=\"Transformador Fuente de Poder 12V 2Am Dahua\" \/>\n<meta property=\"og:description\" content=\"- Amplio rango de voltaje de entrada de 100Vac\u2013240Vac,  - cumple con los requisitos en diferentes partes para la fluctuaci\u00f3n de la red el\u00e9ctrica. - F\u00e1cil instalaci\u00f3n. - V nivel de eficiencia energ\u00e9tica - Sobre corriente, sobre voltaje y otras protecciones m\u00faltiples - Nivel V-0 de resistencia a la llama de la carcasa.\" \/>\n<meta property=\"og:url\" content=\"https:\/\/mivoot.com\/gt\/producto\/transformador-fuente-de-poder-12v-2am-dahua\/\" \/>\n<meta property=\"og:site_name\" content=\"Mivoot\" \/>\n<meta property=\"article:publisher\" content=\"https:\/\/www.facebook.com\/mivootgt\" \/>\n<meta property=\"article:modified_time\" content=\"2025-01-30T21:11:00+00:00\" \/>\n<meta property=\"og:image\" content=\"https:\/\/mivoot.com\/gt\/wp-content\/uploads\/2025\/01\/dahua1.jpg\" \/>\n\t<meta property=\"og:image:width\" content=\"700\" \/>\n\t<meta property=\"og:image:height\" content=\"700\" \/>\n\t<meta property=\"og:image:type\" content=\"image\/jpeg\" \/>\n<meta name=\"twitter:card\" content=\"summary_large_image\" \/>\n<meta name=\"twitter:label1\" content=\"Est. reading time\" \/>\n\t<meta name=\"twitter:data1\" content=\"1 minuto\" \/>\n<script type=\"application\/ld+json\" class=\"yoast-schema-graph\">{\"@context\":\"https:\/\/schema.org\",\"@graph\":[{\"@type\":\"WebPage\",\"@id\":\"https:\/\/mivoot.com\/gt\/producto\/transformador-fuente-de-poder-12v-2am-dahua\/\",\"url\":\"https:\/\/mivoot.com\/gt\/producto\/transformador-fuente-de-poder-12v-2am-dahua\/\",\"name\":\"Transformador Fuente de Poder 12V 2Am Dahua - Mivoot\",\"isPartOf\":{\"@id\":\"https:\/\/mivoot.com\/gt\/#website\"},\"primaryImageOfPage\":{\"@id\":\"https:\/\/mivoot.com\/gt\/producto\/transformador-fuente-de-poder-12v-2am-dahua\/#primaryimage\"},\"image\":{\"@id\":\"https:\/\/mivoot.com\/gt\/producto\/transformador-fuente-de-poder-12v-2am-dahua\/#primaryimage\"},\"thumbnailUrl\":\"https:\/\/mivoot.com\/gt\/wp-content\/uploads\/2025\/01\/dahua1.jpg\",\"datePublished\":\"2025-01-30T21:10:59+00:00\",\"dateModified\":\"2025-01-30T21:11:00+00:00\",\"breadcrumb\":{\"@id\":\"https:\/\/mivoot.com\/gt\/producto\/transformador-fuente-de-poder-12v-2am-dahua\/#breadcrumb\"},\"inLanguage\":\"es\",\"potentialAction\":[{\"@type\":\"ReadAction\",\"target\":[\"https:\/\/mivoot.com\/gt\/producto\/transformador-fuente-de-poder-12v-2am-dahua\/\"]}]},{\"@type\":\"ImageObject\",\"inLanguage\":\"es\",\"@id\":\"https:\/\/mivoot.com\/gt\/producto\/transformador-fuente-de-poder-12v-2am-dahua\/#primaryimage\",\"url\":\"https:\/\/mivoot.com\/gt\/wp-content\/uploads\/2025\/01\/dahua1.jpg\",\"contentUrl\":\"https:\/\/mivoot.com\/gt\/wp-content\/uploads\/2025\/01\/dahua1.jpg\",\"width\":700,\"height\":700},{\"@type\":\"BreadcrumbList\",\"@id\":\"https:\/\/mivoot.com\/gt\/producto\/transformador-fuente-de-poder-12v-2am-dahua\/#breadcrumb\",\"itemListElement\":[{\"@type\":\"ListItem\",\"position\":1,\"name\":\"Inicio\",\"item\":\"https:\/\/mivoot.com\/gt\/\"},{\"@type\":\"ListItem\",\"position\":2,\"name\":\"Productos\",\"item\":\"https:\/\/mivoot.com\/gt\/producto\/\"},{\"@type\":\"ListItem\",\"position\":3,\"name\":\"Dahua\",\"item\":\"https:\/\/mivoot.com\/gt\/marca\/dahua\/\"},{\"@type\":\"ListItem\",\"position\":4,\"name\":\"Transformador Fuente de Poder 12V 2Am Dahua\"}]},{\"@type\":\"WebSite\",\"@id\":\"https:\/\/mivoot.com\/gt\/#website\",\"url\":\"https:\/\/mivoot.com\/gt\/\",\"name\":\"Mivoot\",\"description\":\"Mivoot Guatemala | Tienda Online\",\"publisher\":{\"@id\":\"https:\/\/mivoot.com\/gt\/#organization\"},\"alternateName\":\"mivoot\",\"potentialAction\":[{\"@type\":\"SearchAction\",\"target\":{\"@type\":\"EntryPoint\",\"urlTemplate\":\"https:\/\/mivoot.com\/gt\/?s={search_term_string}\"},\"query-input\":{\"@type\":\"PropertyValueSpecification\",\"valueRequired\":true,\"valueName\":\"search_term_string\"}}],\"inLanguage\":\"es\"},{\"@type\":\"Organization\",\"@id\":\"https:\/\/mivoot.com\/gt\/#organization\",\"name\":\"Mivoot Guatemala\",\"alternateName\":\"mivoot.com\",\"url\":\"https:\/\/mivoot.com\/gt\/\",\"logo\":{\"@type\":\"ImageObject\",\"inLanguage\":\"es\",\"@id\":\"https:\/\/mivoot.com\/gt\/#\/schema\/logo\/image\/\",\"url\":\"https:\/\/mivoot.com\/gt\/wp-content\/uploads\/2023\/03\/cropped-icon.png\",\"contentUrl\":\"https:\/\/mivoot.com\/gt\/wp-content\/uploads\/2023\/03\/cropped-icon.png\",\"width\":512,\"height\":512,\"caption\":\"Mivoot Guatemala\"},\"image\":{\"@id\":\"https:\/\/mivoot.com\/gt\/#\/schema\/logo\/image\/\"},\"sameAs\":[\"https:\/\/www.facebook.com\/mivootgt\",\"https:\/\/instagram.com\/mivoot\"]}]}<\/script>\n<!-- \/ Yoast SEO Premium plugin. -->","yoast_head_json":{"title":"Transformador Fuente de Poder 12V 2Am Dahua - Mivoot","robots":{"index":"index","follow":"follow","max-snippet":"max-snippet:-1","max-image-preview":"max-image-preview:large","max-video-preview":"max-video-preview:-1"},"canonical":"https:\/\/mivoot.com\/gt\/producto\/transformador-fuente-de-poder-12v-2am-dahua\/","og_locale":"es_ES","og_type":"article","og_title":"Transformador Fuente de Poder 12V 2Am Dahua","og_description":"- Amplio rango de voltaje de entrada de 100Vac\u2013240Vac,  - cumple con los requisitos en diferentes partes para la fluctuaci\u00f3n de la red el\u00e9ctrica. - F\u00e1cil instalaci\u00f3n. - V nivel de eficiencia energ\u00e9tica - Sobre corriente, sobre voltaje y otras protecciones m\u00faltiples - Nivel V-0 de resistencia a la llama de la carcasa.","og_url":"https:\/\/mivoot.com\/gt\/producto\/transformador-fuente-de-poder-12v-2am-dahua\/","og_site_name":"Mivoot","article_publisher":"https:\/\/www.facebook.com\/mivootgt","article_modified_time":"2025-01-30T21:11:00+00:00","og_image":[{"width":700,"height":700,"url":"https:\/\/mivoot.com\/gt\/wp-content\/uploads\/2025\/01\/dahua1.jpg","type":"image\/jpeg"}],"twitter_card":"summary_large_image","twitter_misc":{"Est. reading time":"1 minuto"},"schema":{"@context":"https:\/\/schema.org","@graph":[{"@type":"WebPage","@id":"https:\/\/mivoot.com\/gt\/producto\/transformador-fuente-de-poder-12v-2am-dahua\/","url":"https:\/\/mivoot.com\/gt\/producto\/transformador-fuente-de-poder-12v-2am-dahua\/","name":"Transformador Fuente de Poder 12V 2Am Dahua - Mivoot","isPartOf":{"@id":"https:\/\/mivoot.com\/gt\/#website"},"primaryImageOfPage":{"@id":"https:\/\/mivoot.com\/gt\/producto\/transformador-fuente-de-poder-12v-2am-dahua\/#primaryimage"},"image":{"@id":"https:\/\/mivoot.com\/gt\/producto\/transformador-fuente-de-poder-12v-2am-dahua\/#primaryimage"},"thumbnailUrl":"https:\/\/mivoot.com\/gt\/wp-content\/uploads\/2025\/01\/dahua1.jpg","datePublished":"2025-01-30T21:10:59+00:00","dateModified":"2025-01-30T21:11:00+00:00","breadcrumb":{"@id":"https:\/\/mivoot.com\/gt\/producto\/transformador-fuente-de-poder-12v-2am-dahua\/#breadcrumb"},"inLanguage":"es","potentialAction":[{"@type":"ReadAction","target":["https:\/\/mivoot.com\/gt\/producto\/transformador-fuente-de-poder-12v-2am-dahua\/"]}]},{"@type":"ImageObject","inLanguage":"es","@id":"https:\/\/mivoot.com\/gt\/producto\/transformador-fuente-de-poder-12v-2am-dahua\/#primaryimage","url":"https:\/\/mivoot.com\/gt\/wp-content\/uploads\/2025\/01\/dahua1.jpg","contentUrl":"https:\/\/mivoot.com\/gt\/wp-content\/uploads\/2025\/01\/dahua1.jpg","width":700,"height":700},{"@type":"BreadcrumbList","@id":"https:\/\/mivoot.com\/gt\/producto\/transformador-fuente-de-poder-12v-2am-dahua\/#breadcrumb","itemListElement":[{"@type":"ListItem","position":1,"name":"Inicio","item":"https:\/\/mivoot.com\/gt\/"},{"@type":"ListItem","position":2,"name":"Productos","item":"https:\/\/mivoot.com\/gt\/producto\/"},{"@type":"ListItem","position":3,"name":"Dahua","item":"https:\/\/mivoot.com\/gt\/marca\/dahua\/"},{"@type":"ListItem","position":4,"name":"Transformador Fuente de Poder 12V 2Am Dahua"}]},{"@type":"WebSite","@id":"https:\/\/mivoot.com\/gt\/#website","url":"https:\/\/mivoot.com\/gt\/","name":"Mivoot","description":"Mivoot Guatemala | Tienda Online","publisher":{"@id":"https:\/\/mivoot.com\/gt\/#organization"},"alternateName":"mivoot","potentialAction":[{"@type":"SearchAction","target":{"@type":"EntryPoint","urlTemplate":"https:\/\/mivoot.com\/gt\/?s={search_term_string}"},"query-input":{"@type":"PropertyValueSpecification","valueRequired":true,"valueName":"search_term_string"}}],"inLanguage":"es"},{"@type":"Organization","@id":"https:\/\/mivoot.com\/gt\/#organization","name":"Mivoot Guatemala","alternateName":"mivoot.com","url":"https:\/\/mivoot.com\/gt\/","logo":{"@type":"ImageObject","inLanguage":"es","@id":"https:\/\/mivoot.com\/gt\/#\/schema\/logo\/image\/","url":"https:\/\/mivoot.com\/gt\/wp-content\/uploads\/2023\/03\/cropped-icon.png","contentUrl":"https:\/\/mivoot.com\/gt\/wp-content\/uploads\/2023\/03\/cropped-icon.png","width":512,"height":512,"caption":"Mivoot Guatemala"},"image":{"@id":"https:\/\/mivoot.com\/gt\/#\/schema\/logo\/image\/"},"sameAs":["https:\/\/www.facebook.com\/mivootgt","https:\/\/instagram.com\/mivoot"]}]}},"jetpack_publicize_connections":[],"jetpack_sharing_enabled":true,"brands":[{"id":533,"name":"Dahua","slug":"dahua"}],"_links":{"self":[{"href":"https:\/\/mivoot.com\/gt\/wp-json\/wp\/v2\/product\/25777","targetHints":{"allow":["GET"]}}],"collection":[{"href":"https:\/\/mivoot.com\/gt\/wp-json\/wp\/v2\/product"}],"about":[{"href":"https:\/\/mivoot.com\/gt\/wp-json\/wp\/v2\/types\/product"}],"replies":[{"embeddable":true,"href":"https:\/\/mivoot.com\/gt\/wp-json\/wp\/v2\/comments?post=25777"}],"version-history":[{"count":1,"href":"https:\/\/mivoot.com\/gt\/wp-json\/wp\/v2\/product\/25777\/revisions"}],"predecessor-version":[{"id":25779,"href":"https:\/\/mivoot.com\/gt\/wp-json\/wp\/v2\/product\/25777\/revisions\/25779"}],"wp:featuredmedia":[{"embeddable":true,"href":"https:\/\/mivoot.com\/gt\/wp-json\/wp\/v2\/media\/25773"}],"wp:attachment":[{"href":"https:\/\/mivoot.com\/gt\/wp-json\/wp\/v2\/media?parent=25777"}],"wp:term":[{"taxonomy":"pwb-brand","embeddable":true,"href":"https:\/\/mivoot.com\/gt\/wp-json\/wp\/v2\/pwb-brand?post=25777"},{"taxonomy":"product_brand","embeddable":true,"href":"https:\/\/mivoot.com\/gt\/wp-json\/wp\/v2\/product_brand?post=25777"},{"taxonomy":"product_cat","embeddable":true,"href":"https:\/\/mivoot.com\/gt\/wp-json\/wp\/v2\/product_cat?post=25777"},{"taxonomy":"product_tag","embeddable":true,"href":"https:\/\/mivoot.com\/gt\/wp-json\/wp\/v2\/product_tag?post=25777"}],"curies":[{"name":"wp","href":"https:\/\/api.w.org\/{rel}","templated":true}]}}