{"id":25843,"date":"2025-02-04T10:49:14","date_gmt":"2025-02-04T16:49:14","guid":{"rendered":"https:\/\/mivoot.com\/gt\/?post_type=product&#038;p=25843"},"modified":"2025-02-04T10:49:16","modified_gmt":"2025-02-04T16:49:16","slug":"barra-de-sonido-3-1-cinema-sb550-jbl","status":"publish","type":"product","link":"https:\/\/mivoot.com\/gt\/producto\/barra-de-sonido-3-1-cinema-sb550-jbl\/","title":{"rendered":"Barra de Sonido 3.1 Cinema SB550 JBL"},"content":{"rendered":"<p><img decoding=\"async\" src=\"https:\/\/i.ytimg.com\/vi\/PYN1gfgKrEQ\/maxresdefault.jpg\" alt=\"JBL CINEMA SB550 3.1 Channel 250Watts Dolby Audio Soundbar 2024 - YouTube\" \/><\/p>\n<div data-content-type=\"html\" data-appearance=\"default\" data-element=\"main\" data-decoded=\"true\">Transforma tu experiencia de entretenimiento en casa con la JBL Barra de Sonido 3.1CH, dise\u00f1ada para ofrecer un sonido envolvente, potente y claro. Con un subwoofer inal\u00e1mbrico incluido, disfrutar\u00e1s de bajos profundos que llevan tus pel\u00edculas, m\u00fasica y videojuegos al siguiente nivel.<\/div>\n<div data-content-type=\"html\" data-appearance=\"default\" data-element=\"main\" data-decoded=\"true\"><\/div>\n<div data-content-type=\"html\" data-appearance=\"default\" data-element=\"main\" data-decoded=\"true\">\n<div class=\"spec-accordion -active\">\n<div class=\"accordion-content\">\n<div class=\"spec-row\"><span class=\"spec-key -full\">Mejora tu sonido con la barra de sonido JBL Cinema SB550 de 3.1 canales. Los 250 vatios de potente Dolby Audio en un dise\u00f1o compacto, adem\u00e1s de los graves extraprofundos y extrafuertes de un subwoofer inal\u00e1mbrico de 130\u00a0cm har\u00e1n que todo lo que veas sea m\u00e1s emocionante. Un canal central dedicado permite que los di\u00e1logos de la televisi\u00f3n y las pel\u00edculas se escuchen siempre con nitidez. La configuraci\u00f3n es sencilla, con la posibilidad de elegir entre un cable HDMI ARC o conexiones \u00f3pticas. Y cuando el televisor est\u00e1 apagado, la perfecta conectividad Bluetooth te permite usarlo para reproducir tu m\u00fasica y podcasts favoritos en streaming desde cualquier dispositivo.<\/span><\/div>\n<\/div>\n<\/div>\n<div class=\"spec-accordion  -active\"><\/div>\n<\/div>\n<div data-content-type=\"text\" data-appearance=\"default\" data-element=\"main\">\n<p><strong>Caracter\u00edsticas:<\/strong><\/p>\n<ul>\n<li>Los 250 vatios de potente Dolby Audio en un dise\u00f1o compacto, adem\u00e1s de los graves extraprofundos y extrafuertes de un subwoofer inal\u00e1mbrico de 130 cm har\u00e1n que todo lo que veas sea m\u00e1s emocionante<\/li>\n<li>Un canal central dedicado permite que los di\u00e1logos de la televisi\u00f3n y las pel\u00edculas se escuchen siempre con nitidez<\/li>\n<li>La configuraci\u00f3n es sencilla, con la posibilidad de elegir entre un cable HDMI ARC o conexiones \u00f3pticas<\/li>\n<li>Y cuando el televisor est\u00e1 apagado, la perfecta conectividad Bluetooth te permite usarlo para reproducir tu m\u00fasica y podcasts favoritos en streaming desde cualquier dispositivo<\/li>\n<\/ul>\n<p><img decoding=\"async\" class=\"aligncenter\" src=\"https:\/\/www.jbl.com.gt\/on\/demandware.static\/-\/Sites-masterCatalog_Harman\/default\/dw5aa64bcb\/pdp\/JBL_CINEMA_SB_550_LIFESTYLE_1_1982361746_x4.png\" alt=\"JBL Cinema SB550 | Barra de sonido de 3.1 canales con subwoofer inal\u00e1mbrico\" \/><\/p>\n<h3>250\u00a0W de potencia de salida<\/h3>\n<p>Sonido incre\u00edble y potente para una experiencia cinematogr\u00e1fica envolvente.<\/p>\n<h3>El controlador de canal central espec\u00edfico proporciona una claridad de voz superior<\/h3>\n<p>Un canal central espec\u00edfico transmite los di\u00e1logos de cine y televisi\u00f3n con una claridad asombrosa. Nunca m\u00e1s te preguntar\u00e1s \u201c\u00bfQu\u00e9 acaban de decir?\u201d .<\/p>\n<h3>Subwoofer inal\u00e1mbrico para bajos extraprofundos<\/h3>\n<p>Disfruta de graves profundos y emocionantes y de una experiencia sin interferencias.<\/p>\n<p>&nbsp;<\/p>\n<\/div>\n<p><img decoding=\"async\" src=\"https:\/\/i5.walmartimages.com\/asr\/39d8a51c-2605-447a-ad75-1033500f76d1.fc5e967486fc01a00573bc4d408cdfa1.png\" alt=\"JBL CINEMA SB550 - 3.1 Channel Soundbar with Wireless Subwoofer -  Walmart.com\" \/><\/p>\n<p>&nbsp;<\/p>\n","protected":false},"excerpt":{"rendered":"<p>&#8211; Modelo CINEMA SB550<br \/>\n&#8211; Sistema de sonido 3.1 canales<br \/>\n&#8211; Alimentaci\u00f3n 100 &#8211; 240 V CA, ~ 50\/60 Hz<br \/>\n&#8211; Potencia de salida total de los altavoces (m\u00e1x. a THD 1 %) 250 W<br \/>\n&#8211; Potencia de salida de la barra de sonido (m\u00e1x. a THD 1 %) 150 W<br \/>\n&#8211; Salida de potencia del subwoofer (m\u00e1x. a THD 1 %) 100 W<\/p>\n","protected":false},"featured_media":25845,"comment_status":"open","ping_status":"closed","template":"","meta":{"jetpack_publicize_message":"","jetpack_publicize_feature_enabled":true,"jetpack_social_post_already_shared":true,"jetpack_social_options":{"image_generator_settings":{"template":"highway","default_image_id":0,"font":"","enabled":false},"version":2}},"pwb-brand":[75],"product_brand":[],"product_cat":[338],"product_tag":[],"class_list":{"0":"post-25843","1":"product","2":"type-product","3":"status-publish","4":"has-post-thumbnail","6":"pwb-brand-jbl","7":"product_cat-barras-de-sonido","9":"first","10":"instock","11":"taxable","12":"shipping-taxable","13":"purchasable","14":"product-type-simple"},"yoast_head":"<!-- This site is optimized with the Yoast SEO Premium plugin v25.7.1 (Yoast SEO v26.8) - https:\/\/yoast.com\/product\/yoast-seo-premium-wordpress\/ -->\n<title>Barra de Sonido 3.1 Cinema SB550 JBL - Mivoot<\/title>\n<meta name=\"robots\" content=\"index, follow, max-snippet:-1, max-image-preview:large, max-video-preview:-1\" \/>\n<link rel=\"canonical\" href=\"https:\/\/mivoot.com\/gt\/producto\/barra-de-sonido-3-1-cinema-sb550-jbl\/\" \/>\n<meta property=\"og:locale\" content=\"es_ES\" \/>\n<meta property=\"og:type\" content=\"article\" \/>\n<meta property=\"og:title\" content=\"Barra de Sonido 3.1 Cinema SB550 JBL\" \/>\n<meta property=\"og:description\" content=\"- Modelo CINEMA SB550 - Sistema de sonido 3.1 canales - Alimentaci\u00f3n 100 - 240 V CA, ~ 50\/60 Hz - Potencia de salida total de los altavoces (m\u00e1x. a THD 1 %) 250 W - Potencia de salida de la barra de sonido (m\u00e1x. a THD 1 %) 150 W - Salida de potencia del subwoofer (m\u00e1x. a THD 1 %) 100 W\" \/>\n<meta property=\"og:url\" content=\"https:\/\/mivoot.com\/gt\/producto\/barra-de-sonido-3-1-cinema-sb550-jbl\/\" \/>\n<meta property=\"og:site_name\" content=\"Mivoot\" \/>\n<meta property=\"article:publisher\" content=\"https:\/\/www.facebook.com\/mivootgt\" \/>\n<meta property=\"article:modified_time\" content=\"2025-02-04T16:49:16+00:00\" \/>\n<meta property=\"og:image\" content=\"https:\/\/mivoot.com\/gt\/wp-content\/uploads\/2025\/02\/JBLSB550BLKAM-00.jpg\" \/>\n\t<meta property=\"og:image:width\" content=\"600\" \/>\n\t<meta property=\"og:image:height\" content=\"600\" \/>\n\t<meta property=\"og:image:type\" content=\"image\/jpeg\" \/>\n<meta name=\"twitter:card\" content=\"summary_large_image\" \/>\n<meta name=\"twitter:label1\" content=\"Est. reading time\" \/>\n\t<meta name=\"twitter:data1\" content=\"3 minutos\" \/>\n<script type=\"application\/ld+json\" class=\"yoast-schema-graph\">{\"@context\":\"https:\/\/schema.org\",\"@graph\":[{\"@type\":\"WebPage\",\"@id\":\"https:\/\/mivoot.com\/gt\/producto\/barra-de-sonido-3-1-cinema-sb550-jbl\/\",\"url\":\"https:\/\/mivoot.com\/gt\/producto\/barra-de-sonido-3-1-cinema-sb550-jbl\/\",\"name\":\"Barra de Sonido 3.1 Cinema SB550 JBL - Mivoot\",\"isPartOf\":{\"@id\":\"https:\/\/mivoot.com\/gt\/#website\"},\"primaryImageOfPage\":{\"@id\":\"https:\/\/mivoot.com\/gt\/producto\/barra-de-sonido-3-1-cinema-sb550-jbl\/#primaryimage\"},\"image\":{\"@id\":\"https:\/\/mivoot.com\/gt\/producto\/barra-de-sonido-3-1-cinema-sb550-jbl\/#primaryimage\"},\"thumbnailUrl\":\"https:\/\/mivoot.com\/gt\/wp-content\/uploads\/2025\/02\/JBLSB550BLKAM-00.jpg\",\"datePublished\":\"2025-02-04T16:49:14+00:00\",\"dateModified\":\"2025-02-04T16:49:16+00:00\",\"breadcrumb\":{\"@id\":\"https:\/\/mivoot.com\/gt\/producto\/barra-de-sonido-3-1-cinema-sb550-jbl\/#breadcrumb\"},\"inLanguage\":\"es\",\"potentialAction\":[{\"@type\":\"ReadAction\",\"target\":[\"https:\/\/mivoot.com\/gt\/producto\/barra-de-sonido-3-1-cinema-sb550-jbl\/\"]}]},{\"@type\":\"ImageObject\",\"inLanguage\":\"es\",\"@id\":\"https:\/\/mivoot.com\/gt\/producto\/barra-de-sonido-3-1-cinema-sb550-jbl\/#primaryimage\",\"url\":\"https:\/\/mivoot.com\/gt\/wp-content\/uploads\/2025\/02\/JBLSB550BLKAM-00.jpg\",\"contentUrl\":\"https:\/\/mivoot.com\/gt\/wp-content\/uploads\/2025\/02\/JBLSB550BLKAM-00.jpg\",\"width\":600,\"height\":600},{\"@type\":\"BreadcrumbList\",\"@id\":\"https:\/\/mivoot.com\/gt\/producto\/barra-de-sonido-3-1-cinema-sb550-jbl\/#breadcrumb\",\"itemListElement\":[{\"@type\":\"ListItem\",\"position\":1,\"name\":\"Inicio\",\"item\":\"https:\/\/mivoot.com\/gt\/\"},{\"@type\":\"ListItem\",\"position\":2,\"name\":\"Productos\",\"item\":\"https:\/\/mivoot.com\/gt\/producto\/\"},{\"@type\":\"ListItem\",\"position\":3,\"name\":\"JBL\",\"item\":\"https:\/\/mivoot.com\/gt\/marca\/jbl\/\"},{\"@type\":\"ListItem\",\"position\":4,\"name\":\"Barra de Sonido 3.1 Cinema SB550 JBL\"}]},{\"@type\":\"WebSite\",\"@id\":\"https:\/\/mivoot.com\/gt\/#website\",\"url\":\"https:\/\/mivoot.com\/gt\/\",\"name\":\"Mivoot\",\"description\":\"Mivoot Guatemala | Tienda Online\",\"publisher\":{\"@id\":\"https:\/\/mivoot.com\/gt\/#organization\"},\"alternateName\":\"mivoot\",\"potentialAction\":[{\"@type\":\"SearchAction\",\"target\":{\"@type\":\"EntryPoint\",\"urlTemplate\":\"https:\/\/mivoot.com\/gt\/?s={search_term_string}\"},\"query-input\":{\"@type\":\"PropertyValueSpecification\",\"valueRequired\":true,\"valueName\":\"search_term_string\"}}],\"inLanguage\":\"es\"},{\"@type\":\"Organization\",\"@id\":\"https:\/\/mivoot.com\/gt\/#organization\",\"name\":\"Mivoot Guatemala\",\"alternateName\":\"mivoot.com\",\"url\":\"https:\/\/mivoot.com\/gt\/\",\"logo\":{\"@type\":\"ImageObject\",\"inLanguage\":\"es\",\"@id\":\"https:\/\/mivoot.com\/gt\/#\/schema\/logo\/image\/\",\"url\":\"https:\/\/mivoot.com\/gt\/wp-content\/uploads\/2023\/03\/cropped-icon.png\",\"contentUrl\":\"https:\/\/mivoot.com\/gt\/wp-content\/uploads\/2023\/03\/cropped-icon.png\",\"width\":512,\"height\":512,\"caption\":\"Mivoot Guatemala\"},\"image\":{\"@id\":\"https:\/\/mivoot.com\/gt\/#\/schema\/logo\/image\/\"},\"sameAs\":[\"https:\/\/www.facebook.com\/mivootgt\",\"https:\/\/instagram.com\/mivoot\"]}]}<\/script>\n<!-- \/ Yoast SEO Premium plugin. -->","yoast_head_json":{"title":"Barra de Sonido 3.1 Cinema SB550 JBL - Mivoot","robots":{"index":"index","follow":"follow","max-snippet":"max-snippet:-1","max-image-preview":"max-image-preview:large","max-video-preview":"max-video-preview:-1"},"canonical":"https:\/\/mivoot.com\/gt\/producto\/barra-de-sonido-3-1-cinema-sb550-jbl\/","og_locale":"es_ES","og_type":"article","og_title":"Barra de Sonido 3.1 Cinema SB550 JBL","og_description":"- Modelo CINEMA SB550 - Sistema de sonido 3.1 canales - Alimentaci\u00f3n 100 - 240 V CA, ~ 50\/60 Hz - Potencia de salida total de los altavoces (m\u00e1x. a THD 1 %) 250 W - Potencia de salida de la barra de sonido (m\u00e1x. a THD 1 %) 150 W - Salida de potencia del subwoofer (m\u00e1x. a THD 1 %) 100 W","og_url":"https:\/\/mivoot.com\/gt\/producto\/barra-de-sonido-3-1-cinema-sb550-jbl\/","og_site_name":"Mivoot","article_publisher":"https:\/\/www.facebook.com\/mivootgt","article_modified_time":"2025-02-04T16:49:16+00:00","og_image":[{"width":600,"height":600,"url":"https:\/\/mivoot.com\/gt\/wp-content\/uploads\/2025\/02\/JBLSB550BLKAM-00.jpg","type":"image\/jpeg"}],"twitter_card":"summary_large_image","twitter_misc":{"Est. reading time":"3 minutos"},"schema":{"@context":"https:\/\/schema.org","@graph":[{"@type":"WebPage","@id":"https:\/\/mivoot.com\/gt\/producto\/barra-de-sonido-3-1-cinema-sb550-jbl\/","url":"https:\/\/mivoot.com\/gt\/producto\/barra-de-sonido-3-1-cinema-sb550-jbl\/","name":"Barra de Sonido 3.1 Cinema SB550 JBL - Mivoot","isPartOf":{"@id":"https:\/\/mivoot.com\/gt\/#website"},"primaryImageOfPage":{"@id":"https:\/\/mivoot.com\/gt\/producto\/barra-de-sonido-3-1-cinema-sb550-jbl\/#primaryimage"},"image":{"@id":"https:\/\/mivoot.com\/gt\/producto\/barra-de-sonido-3-1-cinema-sb550-jbl\/#primaryimage"},"thumbnailUrl":"https:\/\/mivoot.com\/gt\/wp-content\/uploads\/2025\/02\/JBLSB550BLKAM-00.jpg","datePublished":"2025-02-04T16:49:14+00:00","dateModified":"2025-02-04T16:49:16+00:00","breadcrumb":{"@id":"https:\/\/mivoot.com\/gt\/producto\/barra-de-sonido-3-1-cinema-sb550-jbl\/#breadcrumb"},"inLanguage":"es","potentialAction":[{"@type":"ReadAction","target":["https:\/\/mivoot.com\/gt\/producto\/barra-de-sonido-3-1-cinema-sb550-jbl\/"]}]},{"@type":"ImageObject","inLanguage":"es","@id":"https:\/\/mivoot.com\/gt\/producto\/barra-de-sonido-3-1-cinema-sb550-jbl\/#primaryimage","url":"https:\/\/mivoot.com\/gt\/wp-content\/uploads\/2025\/02\/JBLSB550BLKAM-00.jpg","contentUrl":"https:\/\/mivoot.com\/gt\/wp-content\/uploads\/2025\/02\/JBLSB550BLKAM-00.jpg","width":600,"height":600},{"@type":"BreadcrumbList","@id":"https:\/\/mivoot.com\/gt\/producto\/barra-de-sonido-3-1-cinema-sb550-jbl\/#breadcrumb","itemListElement":[{"@type":"ListItem","position":1,"name":"Inicio","item":"https:\/\/mivoot.com\/gt\/"},{"@type":"ListItem","position":2,"name":"Productos","item":"https:\/\/mivoot.com\/gt\/producto\/"},{"@type":"ListItem","position":3,"name":"JBL","item":"https:\/\/mivoot.com\/gt\/marca\/jbl\/"},{"@type":"ListItem","position":4,"name":"Barra de Sonido 3.1 Cinema SB550 JBL"}]},{"@type":"WebSite","@id":"https:\/\/mivoot.com\/gt\/#website","url":"https:\/\/mivoot.com\/gt\/","name":"Mivoot","description":"Mivoot Guatemala | Tienda Online","publisher":{"@id":"https:\/\/mivoot.com\/gt\/#organization"},"alternateName":"mivoot","potentialAction":[{"@type":"SearchAction","target":{"@type":"EntryPoint","urlTemplate":"https:\/\/mivoot.com\/gt\/?s={search_term_string}"},"query-input":{"@type":"PropertyValueSpecification","valueRequired":true,"valueName":"search_term_string"}}],"inLanguage":"es"},{"@type":"Organization","@id":"https:\/\/mivoot.com\/gt\/#organization","name":"Mivoot Guatemala","alternateName":"mivoot.com","url":"https:\/\/mivoot.com\/gt\/","logo":{"@type":"ImageObject","inLanguage":"es","@id":"https:\/\/mivoot.com\/gt\/#\/schema\/logo\/image\/","url":"https:\/\/mivoot.com\/gt\/wp-content\/uploads\/2023\/03\/cropped-icon.png","contentUrl":"https:\/\/mivoot.com\/gt\/wp-content\/uploads\/2023\/03\/cropped-icon.png","width":512,"height":512,"caption":"Mivoot Guatemala"},"image":{"@id":"https:\/\/mivoot.com\/gt\/#\/schema\/logo\/image\/"},"sameAs":["https:\/\/www.facebook.com\/mivootgt","https:\/\/instagram.com\/mivoot"]}]}},"jetpack_publicize_connections":[],"jetpack_sharing_enabled":true,"brands":[{"id":75,"name":"JBL","slug":"jbl"}],"_links":{"self":[{"href":"https:\/\/mivoot.com\/gt\/wp-json\/wp\/v2\/product\/25843","targetHints":{"allow":["GET"]}}],"collection":[{"href":"https:\/\/mivoot.com\/gt\/wp-json\/wp\/v2\/product"}],"about":[{"href":"https:\/\/mivoot.com\/gt\/wp-json\/wp\/v2\/types\/product"}],"replies":[{"embeddable":true,"href":"https:\/\/mivoot.com\/gt\/wp-json\/wp\/v2\/comments?post=25843"}],"version-history":[{"count":1,"href":"https:\/\/mivoot.com\/gt\/wp-json\/wp\/v2\/product\/25843\/revisions"}],"predecessor-version":[{"id":25851,"href":"https:\/\/mivoot.com\/gt\/wp-json\/wp\/v2\/product\/25843\/revisions\/25851"}],"wp:featuredmedia":[{"embeddable":true,"href":"https:\/\/mivoot.com\/gt\/wp-json\/wp\/v2\/media\/25845"}],"wp:attachment":[{"href":"https:\/\/mivoot.com\/gt\/wp-json\/wp\/v2\/media?parent=25843"}],"wp:term":[{"taxonomy":"pwb-brand","embeddable":true,"href":"https:\/\/mivoot.com\/gt\/wp-json\/wp\/v2\/pwb-brand?post=25843"},{"taxonomy":"product_brand","embeddable":true,"href":"https:\/\/mivoot.com\/gt\/wp-json\/wp\/v2\/product_brand?post=25843"},{"taxonomy":"product_cat","embeddable":true,"href":"https:\/\/mivoot.com\/gt\/wp-json\/wp\/v2\/product_cat?post=25843"},{"taxonomy":"product_tag","embeddable":true,"href":"https:\/\/mivoot.com\/gt\/wp-json\/wp\/v2\/product_tag?post=25843"}],"curies":[{"name":"wp","href":"https:\/\/api.w.org\/{rel}","templated":true}]}}