{"id":25919,"date":"2025-02-04T16:28:28","date_gmt":"2025-02-04T22:28:28","guid":{"rendered":"https:\/\/mivoot.com\/gt\/?post_type=product&#038;p=25919"},"modified":"2025-02-04T16:28:32","modified_gmt":"2025-02-04T22:28:32","slug":"licuadora-clasica-negra-serie-profesional-con-interruptor-de-palanca-oster","status":"publish","type":"product","link":"https:\/\/mivoot.com\/gt\/producto\/licuadora-clasica-negra-serie-profesional-con-interruptor-de-palanca-oster\/","title":{"rendered":"Licuadora cl\u00e1sica negra serie profesional con interruptor de palanca Oster"},"content":{"rendered":"<h2 style=\"text-align: center\"><span style=\"color: #003366\"><strong>Las ic\u00f3nicas licuadoras Oster son sin\u00f3nimo de eficiencia y durabilidad. Y ahora, el nuevo dise\u00f1o moderno de la espectacular licuadora cl\u00e1sica Oster en negro, reinventada y modernizada con interruptor de palanca de serie profesional, te brinda una experiencia a\u00fan mejor. <\/strong><\/span><\/h2>\n<h3 style=\"text-align: center\"><span style=\"color: #003366\">Su potente motor 6 veces m\u00e1s duradero** con 1000 W de potencia****, m\u00e1s el vaso de vidrio refractario Boroclassresistente a ingredientes hirviendo*, acople met\u00e1lico 10 veces m\u00e1s fuerte***, junto con su revolucionaria cuchilla trituradora de hielo te ayudan a licuar tus alimentos y preparar deliciosas y saludables recetas en segundos. <\/span><span style=\"color: #003366\">Tiene un novedoso dise\u00f1o y sus controles son ergon\u00f3micos. <\/span><\/h3>\n<h3 style=\"text-align: center\"><span style=\"color: #003366\">\u00a1Y estas son tan solo algunas de sus muchas otras ventajas!\u00a0<\/span><\/h3>\n<p>&nbsp;<\/p>\n<ul>\n<li>Vaso de vidrio refractario Boroclass\u00ae de 1,5 litros (6 tazas) de capacidad resistente a ingredientes hirviendo* que es perfecto para preparar sopas y otros platos calientes o fr\u00edos.<\/li>\n<li>Potente motor con 1000 W de potencia****.<\/li>\n<li>Motor 6 veces m\u00e1s duradero** que le garantiza larga vida a la licuadora.<\/li>\n<li>Sistema de acople de met\u00e1lico 10 veces m\u00e1s fuerte*** entre la cuchilla y el eje de la base que prolonga la vida de la licuadora.<\/li>\n<li>Con interruptor de palanca de 1 velocidad + pulso.<\/li>\n<li>Partes internas de larga duraci\u00f3n.<\/li>\n<li>Acabado rugoso que no permite dejar huellas.<\/li>\n<li>Revolucionaria cuchilla trituradora de hielo.<\/li>\n<\/ul>\n<p>&nbsp;<\/p>\n<p>*Hasta un choque t\u00e9rmico de 90\u00b0<br \/>\n**Comparado con motor modelo PU5443127-6115-AL en pruebas de carga<br \/>\n***Resistencia a la tracci\u00f3n de acero laminado en frio 1213 comparado con pl\u00e1stico PP<br \/>\n****Potencia pico<\/p>\n","protected":false},"excerpt":{"rendered":"<p>&#8211; Peso: 3.11 kg<br \/>\n&#8211; Medidas (Ancho x Largo X Alto): 18.8 x 20.3 x 39.7 cm<br \/>\n&#8211; Velocidades: 1 + pulso<br \/>\n&#8211; Programas autom\u00e1ticos: No<br \/>\n&#8211; Interface: Palanca<br \/>\n&#8211; Accesorios incluidos: No<br \/>\n&#8211; Potencia en watts: 1000 W<br \/>\n&#8211; Funci\u00f3n de pulso: no<br \/>\n&#8211; Tecnolog\u00eda Reversible: No<br \/>\n&#8211; Material del vaso\/jarra: Vidrio resistente<br \/>\n&#8211; Capacidad del vaso\/jarra: 1.5 L<br \/>\n&#8211; N\u00famero de aspas: 4<\/p>\n","protected":false},"featured_media":25926,"comment_status":"open","ping_status":"closed","template":"","meta":{"jetpack_publicize_message":"","jetpack_publicize_feature_enabled":true,"jetpack_social_post_already_shared":true,"jetpack_social_options":{"image_generator_settings":{"template":"highway","default_image_id":0,"font":"","enabled":false},"version":2}},"pwb-brand":[298],"product_brand":[],"product_cat":[499],"product_tag":[],"class_list":{"0":"post-25919","1":"product","2":"type-product","3":"status-publish","4":"has-post-thumbnail","6":"pwb-brand-oster","7":"product_cat-licuadoras","9":"first","10":"instock","11":"taxable","12":"shipping-taxable","13":"purchasable","14":"product-type-simple"},"yoast_head":"<!-- This site is optimized with the Yoast SEO Premium plugin v25.7.1 (Yoast SEO v26.8) - https:\/\/yoast.com\/product\/yoast-seo-premium-wordpress\/ -->\n<title>Licuadora cl\u00e1sica negra serie profesional con interruptor de palanca Oster - Mivoot<\/title>\n<meta name=\"robots\" content=\"index, follow, max-snippet:-1, max-image-preview:large, max-video-preview:-1\" \/>\n<link rel=\"canonical\" href=\"https:\/\/mivoot.com\/gt\/producto\/licuadora-clasica-negra-serie-profesional-con-interruptor-de-palanca-oster\/\" \/>\n<meta property=\"og:locale\" content=\"es_ES\" \/>\n<meta property=\"og:type\" content=\"article\" \/>\n<meta property=\"og:title\" content=\"Licuadora cl\u00e1sica negra serie profesional con interruptor de palanca Oster\" \/>\n<meta property=\"og:description\" content=\"- Peso: 3.11 kg - Medidas (Ancho x Largo X Alto): 18.8 x 20.3 x 39.7 cm - Velocidades: 1 + pulso - Programas autom\u00e1ticos: No - Interface: Palanca - Accesorios incluidos: No - Potencia en watts: 1000 W - Funci\u00f3n de pulso: no - Tecnolog\u00eda Reversible: No - Material del vaso\/jarra: Vidrio resistente - Capacidad del vaso\/jarra: 1.5 L - N\u00famero de aspas: 4\" \/>\n<meta property=\"og:url\" content=\"https:\/\/mivoot.com\/gt\/producto\/licuadora-clasica-negra-serie-profesional-con-interruptor-de-palanca-oster\/\" \/>\n<meta property=\"og:site_name\" content=\"Mivoot\" \/>\n<meta property=\"article:publisher\" content=\"https:\/\/www.facebook.com\/mivootgt\" \/>\n<meta property=\"article:modified_time\" content=\"2025-02-04T22:28:32+00:00\" \/>\n<meta property=\"og:image\" content=\"https:\/\/mivoot.com\/gt\/wp-content\/uploads\/2025\/02\/BLSTBPST-1.webp\" \/>\n\t<meta property=\"og:image:width\" content=\"1000\" \/>\n\t<meta property=\"og:image:height\" content=\"1000\" \/>\n\t<meta property=\"og:image:type\" content=\"image\/webp\" \/>\n<meta name=\"twitter:card\" content=\"summary_large_image\" \/>\n<meta name=\"twitter:label1\" content=\"Est. reading time\" \/>\n\t<meta name=\"twitter:data1\" content=\"2 minutos\" \/>\n<script type=\"application\/ld+json\" class=\"yoast-schema-graph\">{\"@context\":\"https:\/\/schema.org\",\"@graph\":[{\"@type\":\"WebPage\",\"@id\":\"https:\/\/mivoot.com\/gt\/producto\/licuadora-clasica-negra-serie-profesional-con-interruptor-de-palanca-oster\/\",\"url\":\"https:\/\/mivoot.com\/gt\/producto\/licuadora-clasica-negra-serie-profesional-con-interruptor-de-palanca-oster\/\",\"name\":\"Licuadora cl\u00e1sica negra serie profesional con interruptor de palanca Oster - Mivoot\",\"isPartOf\":{\"@id\":\"https:\/\/mivoot.com\/gt\/#website\"},\"primaryImageOfPage\":{\"@id\":\"https:\/\/mivoot.com\/gt\/producto\/licuadora-clasica-negra-serie-profesional-con-interruptor-de-palanca-oster\/#primaryimage\"},\"image\":{\"@id\":\"https:\/\/mivoot.com\/gt\/producto\/licuadora-clasica-negra-serie-profesional-con-interruptor-de-palanca-oster\/#primaryimage\"},\"thumbnailUrl\":\"https:\/\/mivoot.com\/gt\/wp-content\/uploads\/2025\/02\/BLSTBPST-1.webp\",\"datePublished\":\"2025-02-04T22:28:28+00:00\",\"dateModified\":\"2025-02-04T22:28:32+00:00\",\"breadcrumb\":{\"@id\":\"https:\/\/mivoot.com\/gt\/producto\/licuadora-clasica-negra-serie-profesional-con-interruptor-de-palanca-oster\/#breadcrumb\"},\"inLanguage\":\"es\",\"potentialAction\":[{\"@type\":\"ReadAction\",\"target\":[\"https:\/\/mivoot.com\/gt\/producto\/licuadora-clasica-negra-serie-profesional-con-interruptor-de-palanca-oster\/\"]}]},{\"@type\":\"ImageObject\",\"inLanguage\":\"es\",\"@id\":\"https:\/\/mivoot.com\/gt\/producto\/licuadora-clasica-negra-serie-profesional-con-interruptor-de-palanca-oster\/#primaryimage\",\"url\":\"https:\/\/mivoot.com\/gt\/wp-content\/uploads\/2025\/02\/BLSTBPST-1.webp\",\"contentUrl\":\"https:\/\/mivoot.com\/gt\/wp-content\/uploads\/2025\/02\/BLSTBPST-1.webp\",\"width\":1000,\"height\":1000},{\"@type\":\"BreadcrumbList\",\"@id\":\"https:\/\/mivoot.com\/gt\/producto\/licuadora-clasica-negra-serie-profesional-con-interruptor-de-palanca-oster\/#breadcrumb\",\"itemListElement\":[{\"@type\":\"ListItem\",\"position\":1,\"name\":\"Inicio\",\"item\":\"https:\/\/mivoot.com\/gt\/\"},{\"@type\":\"ListItem\",\"position\":2,\"name\":\"Productos\",\"item\":\"https:\/\/mivoot.com\/gt\/producto\/\"},{\"@type\":\"ListItem\",\"position\":3,\"name\":\"Oster\",\"item\":\"https:\/\/mivoot.com\/gt\/marca\/oster\/\"},{\"@type\":\"ListItem\",\"position\":4,\"name\":\"Licuadora cl\u00e1sica negra serie profesional con interruptor de palanca Oster\"}]},{\"@type\":\"WebSite\",\"@id\":\"https:\/\/mivoot.com\/gt\/#website\",\"url\":\"https:\/\/mivoot.com\/gt\/\",\"name\":\"Mivoot\",\"description\":\"Mivoot Guatemala | Tienda Online\",\"publisher\":{\"@id\":\"https:\/\/mivoot.com\/gt\/#organization\"},\"alternateName\":\"mivoot\",\"potentialAction\":[{\"@type\":\"SearchAction\",\"target\":{\"@type\":\"EntryPoint\",\"urlTemplate\":\"https:\/\/mivoot.com\/gt\/?s={search_term_string}\"},\"query-input\":{\"@type\":\"PropertyValueSpecification\",\"valueRequired\":true,\"valueName\":\"search_term_string\"}}],\"inLanguage\":\"es\"},{\"@type\":\"Organization\",\"@id\":\"https:\/\/mivoot.com\/gt\/#organization\",\"name\":\"Mivoot Guatemala\",\"alternateName\":\"mivoot.com\",\"url\":\"https:\/\/mivoot.com\/gt\/\",\"logo\":{\"@type\":\"ImageObject\",\"inLanguage\":\"es\",\"@id\":\"https:\/\/mivoot.com\/gt\/#\/schema\/logo\/image\/\",\"url\":\"https:\/\/mivoot.com\/gt\/wp-content\/uploads\/2023\/03\/cropped-icon.png\",\"contentUrl\":\"https:\/\/mivoot.com\/gt\/wp-content\/uploads\/2023\/03\/cropped-icon.png\",\"width\":512,\"height\":512,\"caption\":\"Mivoot Guatemala\"},\"image\":{\"@id\":\"https:\/\/mivoot.com\/gt\/#\/schema\/logo\/image\/\"},\"sameAs\":[\"https:\/\/www.facebook.com\/mivootgt\",\"https:\/\/instagram.com\/mivoot\"]}]}<\/script>\n<!-- \/ Yoast SEO Premium plugin. -->","yoast_head_json":{"title":"Licuadora cl\u00e1sica negra serie profesional con interruptor de palanca Oster - Mivoot","robots":{"index":"index","follow":"follow","max-snippet":"max-snippet:-1","max-image-preview":"max-image-preview:large","max-video-preview":"max-video-preview:-1"},"canonical":"https:\/\/mivoot.com\/gt\/producto\/licuadora-clasica-negra-serie-profesional-con-interruptor-de-palanca-oster\/","og_locale":"es_ES","og_type":"article","og_title":"Licuadora cl\u00e1sica negra serie profesional con interruptor de palanca Oster","og_description":"- Peso: 3.11 kg - Medidas (Ancho x Largo X Alto): 18.8 x 20.3 x 39.7 cm - Velocidades: 1 + pulso - Programas autom\u00e1ticos: No - Interface: Palanca - Accesorios incluidos: No - Potencia en watts: 1000 W - Funci\u00f3n de pulso: no - Tecnolog\u00eda Reversible: No - Material del vaso\/jarra: Vidrio resistente - Capacidad del vaso\/jarra: 1.5 L - N\u00famero de aspas: 4","og_url":"https:\/\/mivoot.com\/gt\/producto\/licuadora-clasica-negra-serie-profesional-con-interruptor-de-palanca-oster\/","og_site_name":"Mivoot","article_publisher":"https:\/\/www.facebook.com\/mivootgt","article_modified_time":"2025-02-04T22:28:32+00:00","og_image":[{"width":1000,"height":1000,"url":"https:\/\/mivoot.com\/gt\/wp-content\/uploads\/2025\/02\/BLSTBPST-1.webp","type":"image\/webp"}],"twitter_card":"summary_large_image","twitter_misc":{"Est. reading time":"2 minutos"},"schema":{"@context":"https:\/\/schema.org","@graph":[{"@type":"WebPage","@id":"https:\/\/mivoot.com\/gt\/producto\/licuadora-clasica-negra-serie-profesional-con-interruptor-de-palanca-oster\/","url":"https:\/\/mivoot.com\/gt\/producto\/licuadora-clasica-negra-serie-profesional-con-interruptor-de-palanca-oster\/","name":"Licuadora cl\u00e1sica negra serie profesional con interruptor de palanca Oster - Mivoot","isPartOf":{"@id":"https:\/\/mivoot.com\/gt\/#website"},"primaryImageOfPage":{"@id":"https:\/\/mivoot.com\/gt\/producto\/licuadora-clasica-negra-serie-profesional-con-interruptor-de-palanca-oster\/#primaryimage"},"image":{"@id":"https:\/\/mivoot.com\/gt\/producto\/licuadora-clasica-negra-serie-profesional-con-interruptor-de-palanca-oster\/#primaryimage"},"thumbnailUrl":"https:\/\/mivoot.com\/gt\/wp-content\/uploads\/2025\/02\/BLSTBPST-1.webp","datePublished":"2025-02-04T22:28:28+00:00","dateModified":"2025-02-04T22:28:32+00:00","breadcrumb":{"@id":"https:\/\/mivoot.com\/gt\/producto\/licuadora-clasica-negra-serie-profesional-con-interruptor-de-palanca-oster\/#breadcrumb"},"inLanguage":"es","potentialAction":[{"@type":"ReadAction","target":["https:\/\/mivoot.com\/gt\/producto\/licuadora-clasica-negra-serie-profesional-con-interruptor-de-palanca-oster\/"]}]},{"@type":"ImageObject","inLanguage":"es","@id":"https:\/\/mivoot.com\/gt\/producto\/licuadora-clasica-negra-serie-profesional-con-interruptor-de-palanca-oster\/#primaryimage","url":"https:\/\/mivoot.com\/gt\/wp-content\/uploads\/2025\/02\/BLSTBPST-1.webp","contentUrl":"https:\/\/mivoot.com\/gt\/wp-content\/uploads\/2025\/02\/BLSTBPST-1.webp","width":1000,"height":1000},{"@type":"BreadcrumbList","@id":"https:\/\/mivoot.com\/gt\/producto\/licuadora-clasica-negra-serie-profesional-con-interruptor-de-palanca-oster\/#breadcrumb","itemListElement":[{"@type":"ListItem","position":1,"name":"Inicio","item":"https:\/\/mivoot.com\/gt\/"},{"@type":"ListItem","position":2,"name":"Productos","item":"https:\/\/mivoot.com\/gt\/producto\/"},{"@type":"ListItem","position":3,"name":"Oster","item":"https:\/\/mivoot.com\/gt\/marca\/oster\/"},{"@type":"ListItem","position":4,"name":"Licuadora cl\u00e1sica negra serie profesional con interruptor de palanca Oster"}]},{"@type":"WebSite","@id":"https:\/\/mivoot.com\/gt\/#website","url":"https:\/\/mivoot.com\/gt\/","name":"Mivoot","description":"Mivoot Guatemala | Tienda Online","publisher":{"@id":"https:\/\/mivoot.com\/gt\/#organization"},"alternateName":"mivoot","potentialAction":[{"@type":"SearchAction","target":{"@type":"EntryPoint","urlTemplate":"https:\/\/mivoot.com\/gt\/?s={search_term_string}"},"query-input":{"@type":"PropertyValueSpecification","valueRequired":true,"valueName":"search_term_string"}}],"inLanguage":"es"},{"@type":"Organization","@id":"https:\/\/mivoot.com\/gt\/#organization","name":"Mivoot Guatemala","alternateName":"mivoot.com","url":"https:\/\/mivoot.com\/gt\/","logo":{"@type":"ImageObject","inLanguage":"es","@id":"https:\/\/mivoot.com\/gt\/#\/schema\/logo\/image\/","url":"https:\/\/mivoot.com\/gt\/wp-content\/uploads\/2023\/03\/cropped-icon.png","contentUrl":"https:\/\/mivoot.com\/gt\/wp-content\/uploads\/2023\/03\/cropped-icon.png","width":512,"height":512,"caption":"Mivoot Guatemala"},"image":{"@id":"https:\/\/mivoot.com\/gt\/#\/schema\/logo\/image\/"},"sameAs":["https:\/\/www.facebook.com\/mivootgt","https:\/\/instagram.com\/mivoot"]}]}},"jetpack_publicize_connections":[],"jetpack_sharing_enabled":true,"brands":[{"id":298,"name":"Oster","slug":"oster"}],"_links":{"self":[{"href":"https:\/\/mivoot.com\/gt\/wp-json\/wp\/v2\/product\/25919","targetHints":{"allow":["GET"]}}],"collection":[{"href":"https:\/\/mivoot.com\/gt\/wp-json\/wp\/v2\/product"}],"about":[{"href":"https:\/\/mivoot.com\/gt\/wp-json\/wp\/v2\/types\/product"}],"replies":[{"embeddable":true,"href":"https:\/\/mivoot.com\/gt\/wp-json\/wp\/v2\/comments?post=25919"}],"version-history":[{"count":1,"href":"https:\/\/mivoot.com\/gt\/wp-json\/wp\/v2\/product\/25919\/revisions"}],"predecessor-version":[{"id":25927,"href":"https:\/\/mivoot.com\/gt\/wp-json\/wp\/v2\/product\/25919\/revisions\/25927"}],"wp:featuredmedia":[{"embeddable":true,"href":"https:\/\/mivoot.com\/gt\/wp-json\/wp\/v2\/media\/25926"}],"wp:attachment":[{"href":"https:\/\/mivoot.com\/gt\/wp-json\/wp\/v2\/media?parent=25919"}],"wp:term":[{"taxonomy":"pwb-brand","embeddable":true,"href":"https:\/\/mivoot.com\/gt\/wp-json\/wp\/v2\/pwb-brand?post=25919"},{"taxonomy":"product_brand","embeddable":true,"href":"https:\/\/mivoot.com\/gt\/wp-json\/wp\/v2\/product_brand?post=25919"},{"taxonomy":"product_cat","embeddable":true,"href":"https:\/\/mivoot.com\/gt\/wp-json\/wp\/v2\/product_cat?post=25919"},{"taxonomy":"product_tag","embeddable":true,"href":"https:\/\/mivoot.com\/gt\/wp-json\/wp\/v2\/product_tag?post=25919"}],"curies":[{"name":"wp","href":"https:\/\/api.w.org\/{rel}","templated":true}]}}