{"id":25938,"date":"2025-02-04T16:47:05","date_gmt":"2025-02-04T22:47:05","guid":{"rendered":"https:\/\/mivoot.com\/gt\/?post_type=product&#038;p=25938"},"modified":"2025-02-04T16:47:06","modified_gmt":"2025-02-04T22:47:06","slug":"licuadora-con-vaso-de-plastico-y-control-de-perilla-oster","status":"publish","type":"product","link":"https:\/\/mivoot.com\/gt\/producto\/licuadora-con-vaso-de-plastico-y-control-de-perilla-oster\/","title":{"rendered":"Licuadora con vaso de pl\u00e1stico y control de perilla Oster"},"content":{"rendered":"<p><iframe title=\"Licuadora Oster\u00ae con Motor 4X M\u00e1s Duradero y Control de Perilla\" width=\"1020\" height=\"574\" src=\"https:\/\/www.youtube.com\/embed\/T04Ix2zYQKk?feature=oembed&#038;enablejsapi=1&#038;origin=https:\/\/mivoot.com\" frameborder=\"0\" allow=\"accelerometer; autoplay; clipboard-write; encrypted-media; gyroscope; picture-in-picture; web-share\" referrerpolicy=\"strict-origin-when-cross-origin\" allowfullscreen><\/iframe><\/p>\n<h2 style=\"text-align: center\"><span style=\"color: #003366\"><strong>La licuadora Oster\u00ae con control de perilla y su potente motor 4 veces m\u00e1s duradero** con 800 W de potencia* te ayuda a preparar deliciosas y saludables recetas.<\/strong><\/span><\/h2>\n<h2 style=\"text-align: center\"><span style=\"color: #003366\"><strong> Con alta fuerza de torsi\u00f3n, acople met\u00e1lico 10 veces m\u00e1s fuerte***, revolucionaria cuchilla trituradora de hielo y vaso de pl\u00e1stico es ideal para preparar una amplia variedad de recetas fr\u00edas y calientes, jugos, batidos y mucho m\u00e1s.<\/strong><\/span><\/h2>\n<p>&nbsp;<\/p>\n<ul>\n<li>Vaso de pl\u00e1stico de 1,25 L (5 tazas) de capacidad que es perfecto para preparar sopas y otros platos calientes o fr\u00edos.<\/li>\n<li>Potente motor con 800 W de potencia*<\/li>\n<li>Motor 4 veces m\u00e1s duradero**<\/li>\n<li>Sistema de acople de met\u00e1lico 10 veces m\u00e1s fuerte**** entre la cuchilla y el eje de la base que prolonga la vida de la licuadora.<\/li>\n<li>Revolucionaria cuchilla trituradora de hielo<\/li>\n<li>Control de perilla de 2 velocidades y funci\u00f3n de pulso, que te da m\u00e1s control y flexibilidad para obtener la consistencia deseada.<\/li>\n<\/ul>\n<p>&nbsp;<\/p>\n<p>*Potencia pico<br \/>\n**Comparado con motor modelo PU5443127-6115-AL en pruebas de carga<br \/>\n***Resistencia a la tracci\u00f3n de acero laminado en frio 1213 comparado con pl\u00e1stico PP<\/p>\n","protected":false},"excerpt":{"rendered":"<p>&#8211; Peso: 1.7 kg<br \/>\n&#8211; Medidas (Ancho x Largo X Alto): 15.24 x 20.3 x 37.8 cm<br \/>\n&#8211; Velocidades: 2<br \/>\n&#8211; Programas autom\u00e1ticos: No<br \/>\n&#8211; Interface: Perilla<br \/>\n&#8211; Accesorios incluidos: No<br \/>\n&#8211; Potencia en watts: 800<br \/>\n&#8211; Funci\u00f3n de pulso: si<br \/>\n&#8211; Tecnolog\u00eda Reversible: No<br \/>\n&#8211; Material del vaso\/jarra: Pl\u00e1stico<br \/>\n&#8211; Capacidad del vaso\/jarra: 1.25 L<br \/>\n&#8211; N\u00famero de aspas: 4<br \/>\n&#8211; Voltaje: 127 V<\/p>\n","protected":false},"featured_media":25945,"comment_status":"open","ping_status":"closed","template":"","meta":{"jetpack_publicize_message":"","jetpack_publicize_feature_enabled":true,"jetpack_social_post_already_shared":true,"jetpack_social_options":{"image_generator_settings":{"template":"highway","default_image_id":0,"font":"","enabled":false},"version":2}},"pwb-brand":[298],"product_brand":[],"product_cat":[499],"product_tag":[],"class_list":{"0":"post-25938","1":"product","2":"type-product","3":"status-publish","4":"has-post-thumbnail","6":"pwb-brand-oster","7":"product_cat-licuadoras","9":"first","10":"instock","11":"taxable","12":"shipping-taxable","13":"purchasable","14":"product-type-simple"},"yoast_head":"<!-- This site is optimized with the Yoast SEO Premium plugin v25.7.1 (Yoast SEO v26.8) - https:\/\/yoast.com\/product\/yoast-seo-premium-wordpress\/ -->\n<title>Licuadora con vaso de pl\u00e1stico y control de perilla Oster - Mivoot<\/title>\n<meta name=\"robots\" content=\"index, follow, max-snippet:-1, max-image-preview:large, max-video-preview:-1\" \/>\n<link rel=\"canonical\" href=\"https:\/\/mivoot.com\/gt\/producto\/licuadora-con-vaso-de-plastico-y-control-de-perilla-oster\/\" \/>\n<meta property=\"og:locale\" content=\"es_ES\" \/>\n<meta property=\"og:type\" content=\"article\" \/>\n<meta property=\"og:title\" content=\"Licuadora con vaso de pl\u00e1stico y control de perilla Oster\" \/>\n<meta property=\"og:description\" content=\"- Peso: 1.7 kg - Medidas (Ancho x Largo X Alto): 15.24 x 20.3 x 37.8 cm - Velocidades: 2 - Programas autom\u00e1ticos: No - Interface: Perilla - Accesorios incluidos: No - Potencia en watts: 800 - Funci\u00f3n de pulso: si - Tecnolog\u00eda Reversible: No - Material del vaso\/jarra: Pl\u00e1stico - Capacidad del vaso\/jarra: 1.25 L - N\u00famero de aspas: 4 - Voltaje: 127 V\" \/>\n<meta property=\"og:url\" content=\"https:\/\/mivoot.com\/gt\/producto\/licuadora-con-vaso-de-plastico-y-control-de-perilla-oster\/\" \/>\n<meta property=\"og:site_name\" content=\"Mivoot\" \/>\n<meta property=\"article:publisher\" content=\"https:\/\/www.facebook.com\/mivootgt\" \/>\n<meta property=\"article:modified_time\" content=\"2025-02-04T22:47:06+00:00\" \/>\n<meta property=\"og:image\" content=\"https:\/\/mivoot.com\/gt\/wp-content\/uploads\/2025\/02\/BLSTKAP-BRD-1.webp\" \/>\n\t<meta property=\"og:image:width\" content=\"1000\" \/>\n\t<meta property=\"og:image:height\" content=\"1000\" \/>\n\t<meta property=\"og:image:type\" content=\"image\/webp\" \/>\n<meta name=\"twitter:card\" content=\"summary_large_image\" \/>\n<meta name=\"twitter:label1\" content=\"Est. reading time\" \/>\n\t<meta name=\"twitter:data1\" content=\"1 minuto\" \/>\n<script type=\"application\/ld+json\" class=\"yoast-schema-graph\">{\"@context\":\"https:\/\/schema.org\",\"@graph\":[{\"@type\":\"WebPage\",\"@id\":\"https:\/\/mivoot.com\/gt\/producto\/licuadora-con-vaso-de-plastico-y-control-de-perilla-oster\/\",\"url\":\"https:\/\/mivoot.com\/gt\/producto\/licuadora-con-vaso-de-plastico-y-control-de-perilla-oster\/\",\"name\":\"Licuadora con vaso de pl\u00e1stico y control de perilla Oster - Mivoot\",\"isPartOf\":{\"@id\":\"https:\/\/mivoot.com\/gt\/#website\"},\"primaryImageOfPage\":{\"@id\":\"https:\/\/mivoot.com\/gt\/producto\/licuadora-con-vaso-de-plastico-y-control-de-perilla-oster\/#primaryimage\"},\"image\":{\"@id\":\"https:\/\/mivoot.com\/gt\/producto\/licuadora-con-vaso-de-plastico-y-control-de-perilla-oster\/#primaryimage\"},\"thumbnailUrl\":\"https:\/\/mivoot.com\/gt\/wp-content\/uploads\/2025\/02\/BLSTKAP-BRD-1.webp\",\"datePublished\":\"2025-02-04T22:47:05+00:00\",\"dateModified\":\"2025-02-04T22:47:06+00:00\",\"breadcrumb\":{\"@id\":\"https:\/\/mivoot.com\/gt\/producto\/licuadora-con-vaso-de-plastico-y-control-de-perilla-oster\/#breadcrumb\"},\"inLanguage\":\"es\",\"potentialAction\":[{\"@type\":\"ReadAction\",\"target\":[\"https:\/\/mivoot.com\/gt\/producto\/licuadora-con-vaso-de-plastico-y-control-de-perilla-oster\/\"]}]},{\"@type\":\"ImageObject\",\"inLanguage\":\"es\",\"@id\":\"https:\/\/mivoot.com\/gt\/producto\/licuadora-con-vaso-de-plastico-y-control-de-perilla-oster\/#primaryimage\",\"url\":\"https:\/\/mivoot.com\/gt\/wp-content\/uploads\/2025\/02\/BLSTKAP-BRD-1.webp\",\"contentUrl\":\"https:\/\/mivoot.com\/gt\/wp-content\/uploads\/2025\/02\/BLSTKAP-BRD-1.webp\",\"width\":1000,\"height\":1000},{\"@type\":\"BreadcrumbList\",\"@id\":\"https:\/\/mivoot.com\/gt\/producto\/licuadora-con-vaso-de-plastico-y-control-de-perilla-oster\/#breadcrumb\",\"itemListElement\":[{\"@type\":\"ListItem\",\"position\":1,\"name\":\"Inicio\",\"item\":\"https:\/\/mivoot.com\/gt\/\"},{\"@type\":\"ListItem\",\"position\":2,\"name\":\"Productos\",\"item\":\"https:\/\/mivoot.com\/gt\/producto\/\"},{\"@type\":\"ListItem\",\"position\":3,\"name\":\"Oster\",\"item\":\"https:\/\/mivoot.com\/gt\/marca\/oster\/\"},{\"@type\":\"ListItem\",\"position\":4,\"name\":\"Licuadora con vaso de pl\u00e1stico y control de perilla Oster\"}]},{\"@type\":\"WebSite\",\"@id\":\"https:\/\/mivoot.com\/gt\/#website\",\"url\":\"https:\/\/mivoot.com\/gt\/\",\"name\":\"Mivoot\",\"description\":\"Mivoot Guatemala | Tienda Online\",\"publisher\":{\"@id\":\"https:\/\/mivoot.com\/gt\/#organization\"},\"alternateName\":\"mivoot\",\"potentialAction\":[{\"@type\":\"SearchAction\",\"target\":{\"@type\":\"EntryPoint\",\"urlTemplate\":\"https:\/\/mivoot.com\/gt\/?s={search_term_string}\"},\"query-input\":{\"@type\":\"PropertyValueSpecification\",\"valueRequired\":true,\"valueName\":\"search_term_string\"}}],\"inLanguage\":\"es\"},{\"@type\":\"Organization\",\"@id\":\"https:\/\/mivoot.com\/gt\/#organization\",\"name\":\"Mivoot Guatemala\",\"alternateName\":\"mivoot.com\",\"url\":\"https:\/\/mivoot.com\/gt\/\",\"logo\":{\"@type\":\"ImageObject\",\"inLanguage\":\"es\",\"@id\":\"https:\/\/mivoot.com\/gt\/#\/schema\/logo\/image\/\",\"url\":\"https:\/\/mivoot.com\/gt\/wp-content\/uploads\/2023\/03\/cropped-icon.png\",\"contentUrl\":\"https:\/\/mivoot.com\/gt\/wp-content\/uploads\/2023\/03\/cropped-icon.png\",\"width\":512,\"height\":512,\"caption\":\"Mivoot Guatemala\"},\"image\":{\"@id\":\"https:\/\/mivoot.com\/gt\/#\/schema\/logo\/image\/\"},\"sameAs\":[\"https:\/\/www.facebook.com\/mivootgt\",\"https:\/\/instagram.com\/mivoot\"]}]}<\/script>\n<!-- \/ Yoast SEO Premium plugin. -->","yoast_head_json":{"title":"Licuadora con vaso de pl\u00e1stico y control de perilla Oster - Mivoot","robots":{"index":"index","follow":"follow","max-snippet":"max-snippet:-1","max-image-preview":"max-image-preview:large","max-video-preview":"max-video-preview:-1"},"canonical":"https:\/\/mivoot.com\/gt\/producto\/licuadora-con-vaso-de-plastico-y-control-de-perilla-oster\/","og_locale":"es_ES","og_type":"article","og_title":"Licuadora con vaso de pl\u00e1stico y control de perilla Oster","og_description":"- Peso: 1.7 kg - Medidas (Ancho x Largo X Alto): 15.24 x 20.3 x 37.8 cm - Velocidades: 2 - Programas autom\u00e1ticos: No - Interface: Perilla - Accesorios incluidos: No - Potencia en watts: 800 - Funci\u00f3n de pulso: si - Tecnolog\u00eda Reversible: No - Material del vaso\/jarra: Pl\u00e1stico - Capacidad del vaso\/jarra: 1.25 L - N\u00famero de aspas: 4 - Voltaje: 127 V","og_url":"https:\/\/mivoot.com\/gt\/producto\/licuadora-con-vaso-de-plastico-y-control-de-perilla-oster\/","og_site_name":"Mivoot","article_publisher":"https:\/\/www.facebook.com\/mivootgt","article_modified_time":"2025-02-04T22:47:06+00:00","og_image":[{"width":1000,"height":1000,"url":"https:\/\/mivoot.com\/gt\/wp-content\/uploads\/2025\/02\/BLSTKAP-BRD-1.webp","type":"image\/webp"}],"twitter_card":"summary_large_image","twitter_misc":{"Est. reading time":"1 minuto"},"schema":{"@context":"https:\/\/schema.org","@graph":[{"@type":"WebPage","@id":"https:\/\/mivoot.com\/gt\/producto\/licuadora-con-vaso-de-plastico-y-control-de-perilla-oster\/","url":"https:\/\/mivoot.com\/gt\/producto\/licuadora-con-vaso-de-plastico-y-control-de-perilla-oster\/","name":"Licuadora con vaso de pl\u00e1stico y control de perilla Oster - Mivoot","isPartOf":{"@id":"https:\/\/mivoot.com\/gt\/#website"},"primaryImageOfPage":{"@id":"https:\/\/mivoot.com\/gt\/producto\/licuadora-con-vaso-de-plastico-y-control-de-perilla-oster\/#primaryimage"},"image":{"@id":"https:\/\/mivoot.com\/gt\/producto\/licuadora-con-vaso-de-plastico-y-control-de-perilla-oster\/#primaryimage"},"thumbnailUrl":"https:\/\/mivoot.com\/gt\/wp-content\/uploads\/2025\/02\/BLSTKAP-BRD-1.webp","datePublished":"2025-02-04T22:47:05+00:00","dateModified":"2025-02-04T22:47:06+00:00","breadcrumb":{"@id":"https:\/\/mivoot.com\/gt\/producto\/licuadora-con-vaso-de-plastico-y-control-de-perilla-oster\/#breadcrumb"},"inLanguage":"es","potentialAction":[{"@type":"ReadAction","target":["https:\/\/mivoot.com\/gt\/producto\/licuadora-con-vaso-de-plastico-y-control-de-perilla-oster\/"]}]},{"@type":"ImageObject","inLanguage":"es","@id":"https:\/\/mivoot.com\/gt\/producto\/licuadora-con-vaso-de-plastico-y-control-de-perilla-oster\/#primaryimage","url":"https:\/\/mivoot.com\/gt\/wp-content\/uploads\/2025\/02\/BLSTKAP-BRD-1.webp","contentUrl":"https:\/\/mivoot.com\/gt\/wp-content\/uploads\/2025\/02\/BLSTKAP-BRD-1.webp","width":1000,"height":1000},{"@type":"BreadcrumbList","@id":"https:\/\/mivoot.com\/gt\/producto\/licuadora-con-vaso-de-plastico-y-control-de-perilla-oster\/#breadcrumb","itemListElement":[{"@type":"ListItem","position":1,"name":"Inicio","item":"https:\/\/mivoot.com\/gt\/"},{"@type":"ListItem","position":2,"name":"Productos","item":"https:\/\/mivoot.com\/gt\/producto\/"},{"@type":"ListItem","position":3,"name":"Oster","item":"https:\/\/mivoot.com\/gt\/marca\/oster\/"},{"@type":"ListItem","position":4,"name":"Licuadora con vaso de pl\u00e1stico y control de perilla Oster"}]},{"@type":"WebSite","@id":"https:\/\/mivoot.com\/gt\/#website","url":"https:\/\/mivoot.com\/gt\/","name":"Mivoot","description":"Mivoot Guatemala | Tienda Online","publisher":{"@id":"https:\/\/mivoot.com\/gt\/#organization"},"alternateName":"mivoot","potentialAction":[{"@type":"SearchAction","target":{"@type":"EntryPoint","urlTemplate":"https:\/\/mivoot.com\/gt\/?s={search_term_string}"},"query-input":{"@type":"PropertyValueSpecification","valueRequired":true,"valueName":"search_term_string"}}],"inLanguage":"es"},{"@type":"Organization","@id":"https:\/\/mivoot.com\/gt\/#organization","name":"Mivoot Guatemala","alternateName":"mivoot.com","url":"https:\/\/mivoot.com\/gt\/","logo":{"@type":"ImageObject","inLanguage":"es","@id":"https:\/\/mivoot.com\/gt\/#\/schema\/logo\/image\/","url":"https:\/\/mivoot.com\/gt\/wp-content\/uploads\/2023\/03\/cropped-icon.png","contentUrl":"https:\/\/mivoot.com\/gt\/wp-content\/uploads\/2023\/03\/cropped-icon.png","width":512,"height":512,"caption":"Mivoot Guatemala"},"image":{"@id":"https:\/\/mivoot.com\/gt\/#\/schema\/logo\/image\/"},"sameAs":["https:\/\/www.facebook.com\/mivootgt","https:\/\/instagram.com\/mivoot"]}]}},"jetpack_publicize_connections":[],"jetpack_sharing_enabled":true,"brands":[{"id":298,"name":"Oster","slug":"oster"}],"_links":{"self":[{"href":"https:\/\/mivoot.com\/gt\/wp-json\/wp\/v2\/product\/25938","targetHints":{"allow":["GET"]}}],"collection":[{"href":"https:\/\/mivoot.com\/gt\/wp-json\/wp\/v2\/product"}],"about":[{"href":"https:\/\/mivoot.com\/gt\/wp-json\/wp\/v2\/types\/product"}],"replies":[{"embeddable":true,"href":"https:\/\/mivoot.com\/gt\/wp-json\/wp\/v2\/comments?post=25938"}],"version-history":[{"count":1,"href":"https:\/\/mivoot.com\/gt\/wp-json\/wp\/v2\/product\/25938\/revisions"}],"predecessor-version":[{"id":25946,"href":"https:\/\/mivoot.com\/gt\/wp-json\/wp\/v2\/product\/25938\/revisions\/25946"}],"wp:featuredmedia":[{"embeddable":true,"href":"https:\/\/mivoot.com\/gt\/wp-json\/wp\/v2\/media\/25945"}],"wp:attachment":[{"href":"https:\/\/mivoot.com\/gt\/wp-json\/wp\/v2\/media?parent=25938"}],"wp:term":[{"taxonomy":"pwb-brand","embeddable":true,"href":"https:\/\/mivoot.com\/gt\/wp-json\/wp\/v2\/pwb-brand?post=25938"},{"taxonomy":"product_brand","embeddable":true,"href":"https:\/\/mivoot.com\/gt\/wp-json\/wp\/v2\/product_brand?post=25938"},{"taxonomy":"product_cat","embeddable":true,"href":"https:\/\/mivoot.com\/gt\/wp-json\/wp\/v2\/product_cat?post=25938"},{"taxonomy":"product_tag","embeddable":true,"href":"https:\/\/mivoot.com\/gt\/wp-json\/wp\/v2\/product_tag?post=25938"}],"curies":[{"name":"wp","href":"https:\/\/api.w.org\/{rel}","templated":true}]}}