{"id":26037,"date":"2025-02-05T15:11:16","date_gmt":"2025-02-05T21:11:16","guid":{"rendered":"https:\/\/mivoot.com\/gt\/?post_type=product&#038;p=26037"},"modified":"2025-02-10T15:43:54","modified_gmt":"2025-02-10T21:43:54","slug":"monitor-gaming-24-g24i-xiaomi","status":"publish","type":"product","link":"https:\/\/mivoot.com\/gt\/producto\/monitor-gaming-24-g24i-xiaomi\/","title":{"rendered":"Monitor Gaming 24&#8243; G24i Xiaomi"},"content":{"rendered":"<h3><img decoding=\"async\" class=\"aligncenter\" src=\"https:\/\/els.id\/wp-content\/uploads\/2024\/10\/Xiaomi-LED-24-G24i-ELA5625EU-6.jpg\" \/><img decoding=\"async\" class=\"aligncenter\" src=\"https:\/\/planetaxiaomi.com\/wp-content\/uploads\/2024\/11\/Screenshot-2024-11-03-at-17-31-24-xiaomi-gaming-monitor-g24i-Xiaomi-Espana-1024x432.png.webp\" alt=\"Xiaomi G24i, monitor de juegos econ\u00f3mico con pantalla Full HD, tasa de refresco de 180Hz y tiempo de respuesta de 1ms, ideal para gamers.\" \/><\/h3>\n<h3>El monitor gaming Xiaomi G24i est\u00e1 preparado para mejorar tu experiencia de juego con su r\u00e1pida tasa de refresco y su tiempo de respuesta de 1ms.<\/h3>\n<h4>Pantalla IPS Full HD de 23,8&#8221; con tecnolog\u00eda HDR10<\/h4>\n<p>Pensado para brindar una experiencia visual de alta definici\u00f3n en tus juegos. Su resoluci\u00f3n Full HD y compatible con tecnolog\u00eda HDR10 asegura un mayor nivel de detalle en las zonas m\u00e1s oscuras y brillantes de la imagen.<\/p>\n<h4>Actualizaci\u00f3n de 180Hz y respuesta GTG de 1 ms<\/h4>\n<p>Impresionante tasa de actualizaci\u00f3n de 180Hz, el G24i proporciona una transici\u00f3n de imagen suave en juegos y contenido audiovisual, eliminando el lag de la pantalla. Su r\u00e1pida respuesta GTG de 1ms reduce la latencia al m\u00ednimo y el desenfoque din\u00e1mico para mejorar la fluidez y precisi\u00f3n de trabajo.<\/p>\n<h4>Su tecnolog\u00eda AMD FreeSync mejora la sincronizaci\u00f3n entre la tarjeta gr\u00e1fica y la pantalla para que no haya retrasos o fragmentaciones de la imagen.<\/h4>\n<p>Brillo de hasta 250 nits<\/p>\n<p>Si trabajas o juegas en ambientes con demasiada luz, podr\u00e1s visualizar la pantalla sin dificultades gracias a su alto nivel de brillo de hasta 250 nits. Adem\u00e1s tendr\u00e1s una visualizaci\u00f3n \u00f3ptima gracias a su amplio \u00e1ngulo de visi\u00f3n de 178\u00ba.<\/p>\n<h4>Filtro de luz azul con certificaci\u00f3n T\u00dcV<\/h4>\n<p>El Xiaomi G24i incorpora un filtro de luz azul con certificaci\u00f3n T\u00dcV Low Blue Light que protege tu visi\u00f3n y reduce la fatiga durante largas partidas o jornadas laborales.<\/p>\n<h4>Conector HDMI y DisplayPort 1.4<\/h4>\n<p>Dispone de un puerto HDMI 2.0 y un conector DisplayPort 1.4 garantizando compatibilidad con m\u00faltiples dispositivos. Adem\u00e1s, admite el uso del sistema de montaje VESA para su aplicaci\u00f3n en pared utilizando un soporte.<\/p>\n<p><img decoding=\"async\" class=\"aligncenter\" src=\"https:\/\/els.id\/wp-content\/uploads\/2024\/10\/Xiaomi-LED-24-G24i-ELA5625EU-7.jpg\" \/><\/p>\n<p>CARACTER\u00cdSTICAS:<\/p>\n<ul>\n<li>* Pantalla Full HD de 23,8 pulgadas: Resoluci\u00f3n FHD (1920 x 1080) en un panel LCD IPS, que ofrece colores vibrantes y detalles claros.<\/li>\n<li>Frecuencia de actualizaci\u00f3n ultra-alta de 180 Hz: Ideal para juegos de ritmo r\u00e1pido, proporciona una visualizaci\u00f3n fluida y sin desenfoques.<\/li>\n<li>Tiempo de respuesta de 1 ms (GTG): Elimina la latencia y el ghosting, mejorando la precisi\u00f3n en movimientos r\u00e1pidos.<\/li>\n<li>Tecnolog\u00eda AMD FreeSync: Sincroniza la frecuencia de actualizaci\u00f3n para eliminar el tearing de la pantalla, proporcionando una experiencia de juego m\u00e1s estable.<\/li>\n<li>Calibraci\u00f3n de color profesional: AE2 para gr\u00e1ficos de juego realistas y colores precisos.<\/li>\n<li>Compatibilidad HDR: Mejora el contraste y la profundidad en \u00e1reas claras y oscuras, proporcionando una experiencia visual m\u00e1s inmersiva.<\/li>\n<li>Certificaci\u00f3n TUV Low Blue Light: Filtra la luz azul da\u00f1ina, permitiendo largas sesiones de juego sin fatiga visual.<\/li>\n<li>Dise\u00f1o ajustable y ergon\u00f3mico: Soporte inclinable (-5 Grados hacia adelante, +15 Grados hacia atr\u00e1s) para mayor comodidad durante el uso.<\/li>\n<li>Conectividad vers\u00e1til: Incluye puertos DisplayPort, HDMI y de audio para conectar diversos dispositivos y perif\u00e9ricos.<\/li>\n<li>Est\u00e9tica de e-sports: Dise\u00f1o elegante y moderno, pensado para entornos de juego profesional.<\/li>\n<\/ul>\n<h4><span class=\"xm-text f-bold \" data-key=\"spec_1\" data-type=\"text\" data-id=\"6d9d29d646\">Especificaciones<\/span><\/h4>\n<div class=\" lazy\" data-type=\"bg\" data-id=\"0ffdae7298\" data-background-image=\"\" data-loaded=\"true\">\n<ul>\n<li class=\" lazy\" data-type=\"bg\" data-id=\"cfb8218e44\" data-loaded=\"true\">\n<div class=\" lazy\" data-type=\"bg\" data-id=\"100cca8847\" data-background-image=\"\" data-loaded=\"true\"><span class=\"xm-text f-bold \" data-key=\"spec_2\" data-type=\"text\" data-id=\"bd2f68e818\">Modelo <\/span><span class=\"xm-text f-regular \" data-key=\"spec_3\" data-type=\"text\" data-id=\"b638eff895\">P24FCA-RGGL<\/span><\/div>\n<\/li>\n<li class=\" lazy\" data-type=\"bg\" data-id=\"cfb8218e44\" data-loaded=\"true\">\n<div class=\" lazy\" data-type=\"bg\" data-id=\"100cca8847\" data-background-image=\"\" data-loaded=\"true\"><span class=\"xm-text f-bold \" data-key=\"spec_4\" data-type=\"text\" data-id=\"146220196e\">Entrada de alimentaci\u00f3n <\/span><span class=\"xm-text f-regular \" data-key=\"spec_5\" data-type=\"text\" data-id=\"3d37189189\">12\u00a0V\u23933\u00a0A<\/span><\/div>\n<\/li>\n<li class=\" lazy\" data-type=\"bg\" data-id=\"cfb8218e44\" data-loaded=\"true\">\n<div class=\" lazy\" data-type=\"bg\" data-id=\"100cca8847\" data-background-image=\"\" data-loaded=\"true\"><span class=\"xm-text f-bold \" data-key=\"spec_6\" data-type=\"text\" data-id=\"8d9290b72e\">Potencia nominal <\/span><span class=\"xm-text f-regular \" data-key=\"spec_7\" data-type=\"text\" data-id=\"8eb86b2cee\">36\u00a0W<\/span><\/div>\n<\/li>\n<li class=\" lazy\" data-type=\"bg\" data-id=\"cfb8218e44\" data-loaded=\"true\">\n<div class=\" lazy\" data-type=\"bg\" data-id=\"100cca8847\" data-background-image=\"\" data-loaded=\"true\"><span class=\"xm-text f-bold \" data-key=\"spec_8\" data-type=\"text\" data-id=\"04a31ae594\">Tama\u00f1o de la pantalla <\/span><span class=\"xm-text f-regular \" data-key=\"spec_9\" data-type=\"text\" data-id=\"9473e0c909\">23,8 pulgadas<\/span><\/div>\n<\/li>\n<li class=\" lazy\" data-type=\"bg\" data-id=\"cfb8218e44\" data-loaded=\"true\">\n<div class=\" lazy\" data-type=\"bg\" data-id=\"100cca8847\" data-background-image=\"\" data-loaded=\"true\"><span class=\"xm-text f-bold \" data-key=\"spec_10\" data-type=\"text\" data-id=\"d84e22d20d\">\u00c1ngulo de visi\u00f3n de la pantalla <\/span><span class=\"xm-text f-regular \" data-key=\"spec_11\" data-type=\"text\" data-id=\"2c80a1fc7b\">178\u00b0 (H)\/178\u00b0 (V)<\/span><\/div>\n<\/li>\n<li class=\" lazy\" data-type=\"bg\" data-id=\"cfb8218e44\" data-loaded=\"true\">\n<div class=\" lazy\" data-type=\"bg\" data-id=\"100cca8847\" data-background-image=\"\" data-loaded=\"true\"><span class=\"xm-text f-bold \" data-key=\"spec_12\" data-type=\"text\" data-id=\"5982cdcce4\">Brillo de la pantalla m\u00e1ximo <\/span><span class=\"xm-text f-regular \" data-key=\"spec_13\" data-type=\"text\" data-id=\"3bae606917\">250\u00a0nits (t\u00edp.)<\/span><\/div>\n<\/li>\n<li class=\" lazy\" data-type=\"bg\" data-id=\"cfb8218e44\" data-loaded=\"true\">\n<div class=\" lazy\" data-type=\"bg\" data-id=\"0bf8990f0b\" data-background-image=\"\" data-loaded=\"true\"><span class=\"xm-text f-bold \" data-key=\"spec_14\" data-type=\"text\" data-id=\"2f6ae8a644\">Contraste <\/span><span class=\"xm-text f-regular \" data-key=\"spec_15\" data-type=\"text\" data-id=\"e6baf6f06c\">1000:1 (t\u00edp.)<\/span><\/div>\n<\/li>\n<li class=\" lazy\" data-type=\"bg\" data-id=\"cfb8218e44\" data-loaded=\"true\">\n<div class=\" lazy\" data-type=\"bg\" data-id=\"0bf8990f0b\" data-background-image=\"\" data-loaded=\"true\"><span class=\"xm-text f-bold \" data-key=\"spec_16\" data-type=\"text\" data-id=\"944cc08cf1\">Colores <\/span><span class=\"xm-text f-regular \" data-key=\"spec_17\" data-type=\"text\" data-id=\"a10652f8f8\">16,7\u00a0millones<\/span><\/div>\n<\/li>\n<li class=\" lazy\" data-type=\"bg\" data-id=\"cfb8218e44\" data-loaded=\"true\">\n<div class=\" lazy\" data-type=\"bg\" data-id=\"0bf8990f0b\" data-background-image=\"\" data-loaded=\"true\"><span class=\"xm-text f-bold \" data-key=\"spec_18\" data-type=\"text\" data-id=\"eabe24458b\">Relaci\u00f3n de aspecto <\/span><span class=\"xm-text f-regular \" data-key=\"spec_19\" data-type=\"text\" data-id=\"fe4d982c9e\">16:9<\/span><\/div>\n<\/li>\n<li class=\" lazy\" data-type=\"bg\" data-id=\"cfb8218e44\" data-loaded=\"true\">\n<div class=\" lazy\" data-type=\"bg\" data-id=\"0bf8990f0b\" data-background-image=\"\" data-loaded=\"true\"><span class=\"xm-text f-bold \" data-key=\"spec_20\" data-type=\"text\" data-id=\"6b39f2779a\">Resoluci\u00f3n <\/span><span class=\"xm-text f-regular \" data-key=\"spec_21\" data-type=\"text\" data-id=\"16580eb543\">1920\u00a0x\u00a01080<\/span><\/div>\n<\/li>\n<li class=\" lazy\" data-type=\"bg\" data-id=\"cfb8218e44\" data-loaded=\"true\">\n<div class=\" lazy\" data-type=\"bg\" data-id=\"0bf8990f0b\" data-background-image=\"\" data-loaded=\"true\"><span class=\"xm-text f-bold \" data-key=\"spec_22\" data-type=\"text\" data-id=\"52b13b6e3e\">Frecuencia de actualizaci\u00f3n m\u00e1xima <\/span><span class=\"xm-text f-regular \" data-key=\"spec_23\" data-type=\"text\" data-id=\"12ade58e73\">180\u00a0Hz<\/span><\/div>\n<\/li>\n<li class=\" lazy\" data-type=\"bg\" data-id=\"cfb8218e44\" data-loaded=\"true\">\n<div class=\" lazy\" data-type=\"bg\" data-id=\"0bf8990f0b\" data-background-image=\"\" data-loaded=\"true\"><span class=\"xm-text f-bold \" data-key=\"spec_24\" data-type=\"text\" data-id=\"7d99e53791\">Tiempo de respuesta <\/span><span class=\"xm-text f-regular \" data-key=\"spec_25\" data-type=\"text\" data-id=\"f18b0d59de\">1\u00a0ms<\/span><\/div>\n<\/li>\n<li class=\" lazy\" data-type=\"bg\" data-id=\"cfb8218e44\" data-loaded=\"true\">\n<div class=\" lazy\" data-type=\"bg\" data-id=\"0bf8990f0b\" data-background-image=\"\" data-loaded=\"true\"><span class=\"xm-text f-bold \" data-key=\"spec_26\" data-type=\"text\" data-id=\"dad8b30dd8\">Gama de colores <\/span><span class=\"xm-text f-regular \" data-key=\"spec_27\" data-type=\"text\" data-id=\"1bd42cfb41\">99\u00a0% de sRGB*<\/span><\/div>\n<\/li>\n<li class=\" lazy\" data-type=\"bg\" data-id=\"cfb8218e44\" data-loaded=\"true\">\n<div class=\" lazy\" data-type=\"bg\" data-id=\"0bf8990f0b\" data-background-image=\"\" data-loaded=\"true\"><span class=\"xm-text f-bold \" data-key=\"spec_28\" data-type=\"text\" data-id=\"de146556d8\">Dimensiones del producto (incluida la base) <\/span><span class=\"xm-text f-regular \" data-key=\"spec_29\" data-type=\"text\" data-id=\"637997c29d\">539,1\u00a0x\u00a0170\u00a0x\u00a0412,4\u00a0mm<\/span><\/div>\n<\/li>\n<li class=\" lazy\" data-type=\"bg\" data-id=\"cfb8218e44\" data-loaded=\"true\">\n<div class=\" lazy\" data-type=\"bg\" data-id=\"0bf8990f0b\" data-background-image=\"\" data-loaded=\"true\"><span class=\"xm-text f-bold \" data-key=\"spec_30\" data-type=\"text\" data-id=\"3826f028de\">Peso neto del producto (incluida la base) <\/span><span class=\"xm-text f-regular \" data-key=\"spec_31\" data-type=\"text\" data-id=\"bda05b910c\">3,0\u00a0kg<\/span><\/div>\n<\/li>\n<li class=\" lazy\" data-type=\"bg\" data-id=\"cfb8218e44\" data-loaded=\"true\">\n<div class=\" lazy\" data-type=\"bg\" data-id=\"0bf8990f0b\" data-background-image=\"\" data-loaded=\"true\"><span class=\"xm-text f-bold \" data-key=\"spec_32\" data-type=\"text\" data-id=\"f8ab16db70\">Dimensiones del soporte de pared<\/span><span class=\"xm-text f-regular \" data-key=\"spec_33\" data-type=\"text\" data-id=\"54fe2d7bba\">Compatible (VESA: 75\u00a0x\u00a075\u00a0mm)<\/span><\/div>\n<\/li>\n<li class=\" lazy\" data-type=\"bg\" data-id=\"cfb8218e44\" data-loaded=\"true\">\n<div class=\" lazy\" data-type=\"bg\" data-id=\"0bf8990f0b\" data-background-image=\"\" data-loaded=\"true\"><span class=\"xm-text f-bold \" data-key=\"spec_34\" data-type=\"text\" data-id=\"4e161c9d99\">\u00c1ngulo de inclinaci\u00f3n<\/span><span class=\"xm-text f-regular \" data-key=\"spec_35\" data-type=\"text\" data-id=\"b433249cdc\">Hacia delante: 5\u00b0\/Hacia atr\u00e1s: 15\u00b0<\/span><\/div>\n<\/li>\n<\/ul>\n<\/div>\n<div class=\" lazy\" data-type=\"bg\" data-id=\"b0d877e0b8\" data-background-image=\"\" data-loaded=\"true\">\n<h4 class=\" lazy\" data-type=\"bg\" data-id=\"5353cb03e1\" data-loaded=\"true\"><span class=\"xm-text f-bold \" data-key=\"spec_36\" data-type=\"text\" data-id=\"10208bfcd8\">Contenido del paquete<\/span><\/h4>\n<div class=\" lazy\" data-type=\"bg\" data-id=\"4e9e6e8be9\" data-background-image=\"\" data-loaded=\"true\">\n<ul>\n<li class=\" lazy\" data-type=\"bg\" data-id=\"52470c10d0\" data-loaded=\"true\"><span class=\"xm-text f-regular \" data-key=\"spec_37\" data-type=\"text\" data-id=\"ab00f00448\">1\u00a0monitor<\/span><\/li>\n<li class=\" lazy\" data-type=\"bg\" data-id=\"dfb302e820\" data-loaded=\"true\"><span class=\"xm-text f-regular \" data-key=\"spec_38\" data-type=\"text\" data-id=\"3161795ada\">1 base del monitor (con soporte)<\/span><\/li>\n<li class=\" lazy\" data-type=\"bg\" data-id=\"ee15c15f00\" data-loaded=\"true\"><span class=\"xm-text f-regular \" data-key=\"spec_39\" data-type=\"text\" data-id=\"dbeb4b11e7\">1\u00a0cable HDMI<\/span><\/li>\n<li class=\" lazy\" data-type=\"bg\" data-id=\"5ba6cb0c6d\" data-loaded=\"true\"><span class=\"xm-text f-regular \" data-key=\"spec_40\" data-type=\"text\" data-id=\"481df14ec8\">1\u00a0adaptador de corriente<\/span><\/li>\n<li class=\" lazy\" data-type=\"bg\" data-id=\"bbe435a0c9\" data-loaded=\"true\"><span class=\"xm-text f-regular \" data-key=\"spec_41\" data-type=\"text\" data-id=\"d2311d9aa9\">1\u00a0kit de tornillos<\/span><\/li>\n<li class=\" lazy\" data-type=\"bg\" data-id=\"3736268daa\" data-loaded=\"true\"><span class=\"xm-text f-regular \" data-key=\"spec_42\" data-type=\"text\" data-id=\"af63040b13\">1\u00a0manual de usuario<\/span><\/li>\n<\/ul>\n<\/div>\n<\/div>\n<div class=\" lazy\" data-type=\"bg\" data-id=\"2554989d5b\" data-background-image=\"\" data-loaded=\"true\">\n<h4 class=\" lazy\" data-type=\"bg\" data-id=\"6bbd865815\" data-loaded=\"true\"><span class=\"xm-text f-bold \" data-key=\"spec_43\" data-type=\"text\" data-id=\"65028fe96e\">Tipo y n\u00famero de puertos<\/span><\/h4>\n<div class=\" lazy\" data-type=\"bg\" data-id=\"17f8002968\" data-background-image=\"\" data-loaded=\"true\">\n<ul>\n<li class=\" lazy\" data-type=\"bg\" data-id=\"a241473474\" data-loaded=\"true\"><span class=\"xm-text f-regular \" data-key=\"spec_44\" data-type=\"text\" data-id=\"8e43eb1fec\">1\u00a0puerto DP<\/span><\/li>\n<li class=\" lazy\" data-type=\"bg\" data-id=\"0c747d18c2\" data-loaded=\"true\"><span class=\"xm-text f-regular \" data-key=\"spec_45\" data-type=\"text\" data-id=\"db44c2aef6\">1\u00a0puerto HDMI<\/span><\/li>\n<li class=\" lazy\" data-type=\"bg\" data-id=\"fe17a7081d\" data-loaded=\"true\"><span class=\"xm-text f-regular \" data-key=\"spec_46\" data-type=\"text\" data-id=\"45723fe956\">1\u00a0puerto de audio<\/span><\/li>\n<li class=\" lazy\" data-type=\"bg\" data-id=\"99ae364f24\" data-loaded=\"true\"><span class=\"xm-text f-regular \" data-key=\"spec_47\" data-type=\"text\" data-id=\"f0376c3094\">1\u00a0puerto de entrada de alimentaci\u00f3n de CC<\/span><\/li>\n<\/ul>\n<\/div>\n<\/div>\n","protected":false},"excerpt":{"rendered":"<p>&#8211; Brillo: 250 nits (t\u00edpico)<br \/>\n&#8211; Relaci\u00f3n de contraste: 1000:1<br \/>\n&#8211; \u00c1ngulo de visi\u00f3n: 178 Grados horizontal \/ 178 Grados vertical<br \/>\n&#8211; VESA: Compatible con montaje de 75 x 75 mm<br \/>\n&#8211; Consumo de energ\u00eda: 36W<br \/>\n&#8211; Dimensiones: 539,1 x 170 x 412,4 mm (con base)<br \/>\n&#8211; Peso: 3 kg (con base)<\/p>\n","protected":false},"featured_media":26039,"comment_status":"open","ping_status":"closed","template":"","meta":{"jetpack_publicize_message":"","jetpack_publicize_feature_enabled":true,"jetpack_social_post_already_shared":true,"jetpack_social_options":{"image_generator_settings":{"template":"highway","default_image_id":0,"font":"","enabled":false},"version":2}},"pwb-brand":[94],"product_brand":[],"product_cat":[39],"product_tag":[],"class_list":{"0":"post-26037","1":"product","2":"type-product","3":"status-publish","4":"has-post-thumbnail","6":"pwb-brand-xiaomi","7":"product_cat-monitores","9":"first","10":"instock","11":"taxable","12":"shipping-taxable","13":"purchasable","14":"product-type-simple"},"yoast_head":"<!-- This site is optimized with the Yoast SEO Premium plugin v25.7.1 (Yoast SEO v26.8) - https:\/\/yoast.com\/product\/yoast-seo-premium-wordpress\/ -->\n<title>Monitor Gaming 24&quot; G24i Xiaomi - Mivoot<\/title>\n<meta name=\"robots\" content=\"index, follow, max-snippet:-1, max-image-preview:large, max-video-preview:-1\" \/>\n<link rel=\"canonical\" href=\"https:\/\/mivoot.com\/gt\/producto\/monitor-gaming-24-g24i-xiaomi\/\" \/>\n<meta property=\"og:locale\" content=\"es_ES\" \/>\n<meta property=\"og:type\" content=\"article\" \/>\n<meta property=\"og:title\" content=\"Monitor Gaming 24&quot; G24i Xiaomi\" \/>\n<meta property=\"og:description\" content=\"- Brillo: 250 nits (t\u00edpico) - Relaci\u00f3n de contraste: 1000:1 - \u00c1ngulo de visi\u00f3n: 178 Grados horizontal \/ 178 Grados vertical - VESA: Compatible con montaje de 75 x 75 mm - Consumo de energ\u00eda: 36W - Dimensiones: 539,1 x 170 x 412,4 mm (con base) - Peso: 3 kg (con base)\" \/>\n<meta property=\"og:url\" content=\"https:\/\/mivoot.com\/gt\/producto\/monitor-gaming-24-g24i-xiaomi\/\" \/>\n<meta property=\"og:site_name\" content=\"Mivoot\" \/>\n<meta property=\"article:publisher\" content=\"https:\/\/www.facebook.com\/mivootgt\" \/>\n<meta property=\"article:modified_time\" content=\"2025-02-10T21:43:54+00:00\" \/>\n<meta property=\"og:image\" content=\"https:\/\/mivoot.com\/gt\/wp-content\/uploads\/2025\/02\/g24i-00.jpg\" \/>\n\t<meta property=\"og:image:width\" content=\"900\" \/>\n\t<meta property=\"og:image:height\" content=\"900\" \/>\n\t<meta property=\"og:image:type\" content=\"image\/jpeg\" \/>\n<meta name=\"twitter:card\" content=\"summary_large_image\" \/>\n<meta name=\"twitter:label1\" content=\"Est. reading time\" \/>\n\t<meta name=\"twitter:data1\" content=\"4 minutos\" \/>\n<script type=\"application\/ld+json\" class=\"yoast-schema-graph\">{\"@context\":\"https:\/\/schema.org\",\"@graph\":[{\"@type\":\"WebPage\",\"@id\":\"https:\/\/mivoot.com\/gt\/producto\/monitor-gaming-24-g24i-xiaomi\/\",\"url\":\"https:\/\/mivoot.com\/gt\/producto\/monitor-gaming-24-g24i-xiaomi\/\",\"name\":\"Monitor Gaming 24\\\" G24i Xiaomi - Mivoot\",\"isPartOf\":{\"@id\":\"https:\/\/mivoot.com\/gt\/#website\"},\"primaryImageOfPage\":{\"@id\":\"https:\/\/mivoot.com\/gt\/producto\/monitor-gaming-24-g24i-xiaomi\/#primaryimage\"},\"image\":{\"@id\":\"https:\/\/mivoot.com\/gt\/producto\/monitor-gaming-24-g24i-xiaomi\/#primaryimage\"},\"thumbnailUrl\":\"https:\/\/mivoot.com\/gt\/wp-content\/uploads\/2025\/02\/g24i-00.jpg\",\"datePublished\":\"2025-02-05T21:11:16+00:00\",\"dateModified\":\"2025-02-10T21:43:54+00:00\",\"breadcrumb\":{\"@id\":\"https:\/\/mivoot.com\/gt\/producto\/monitor-gaming-24-g24i-xiaomi\/#breadcrumb\"},\"inLanguage\":\"es\",\"potentialAction\":[{\"@type\":\"ReadAction\",\"target\":[\"https:\/\/mivoot.com\/gt\/producto\/monitor-gaming-24-g24i-xiaomi\/\"]}]},{\"@type\":\"ImageObject\",\"inLanguage\":\"es\",\"@id\":\"https:\/\/mivoot.com\/gt\/producto\/monitor-gaming-24-g24i-xiaomi\/#primaryimage\",\"url\":\"https:\/\/mivoot.com\/gt\/wp-content\/uploads\/2025\/02\/g24i-00.jpg\",\"contentUrl\":\"https:\/\/mivoot.com\/gt\/wp-content\/uploads\/2025\/02\/g24i-00.jpg\",\"width\":900,\"height\":900},{\"@type\":\"BreadcrumbList\",\"@id\":\"https:\/\/mivoot.com\/gt\/producto\/monitor-gaming-24-g24i-xiaomi\/#breadcrumb\",\"itemListElement\":[{\"@type\":\"ListItem\",\"position\":1,\"name\":\"Inicio\",\"item\":\"https:\/\/mivoot.com\/gt\/\"},{\"@type\":\"ListItem\",\"position\":2,\"name\":\"Productos\",\"item\":\"https:\/\/mivoot.com\/gt\/producto\/\"},{\"@type\":\"ListItem\",\"position\":3,\"name\":\"Xiaomi\",\"item\":\"https:\/\/mivoot.com\/gt\/marca\/xiaomi\/\"},{\"@type\":\"ListItem\",\"position\":4,\"name\":\"Monitor Gaming 24&#8243; G24i Xiaomi\"}]},{\"@type\":\"WebSite\",\"@id\":\"https:\/\/mivoot.com\/gt\/#website\",\"url\":\"https:\/\/mivoot.com\/gt\/\",\"name\":\"Mivoot\",\"description\":\"Mivoot Guatemala | Tienda Online\",\"publisher\":{\"@id\":\"https:\/\/mivoot.com\/gt\/#organization\"},\"alternateName\":\"mivoot\",\"potentialAction\":[{\"@type\":\"SearchAction\",\"target\":{\"@type\":\"EntryPoint\",\"urlTemplate\":\"https:\/\/mivoot.com\/gt\/?s={search_term_string}\"},\"query-input\":{\"@type\":\"PropertyValueSpecification\",\"valueRequired\":true,\"valueName\":\"search_term_string\"}}],\"inLanguage\":\"es\"},{\"@type\":\"Organization\",\"@id\":\"https:\/\/mivoot.com\/gt\/#organization\",\"name\":\"Mivoot Guatemala\",\"alternateName\":\"mivoot.com\",\"url\":\"https:\/\/mivoot.com\/gt\/\",\"logo\":{\"@type\":\"ImageObject\",\"inLanguage\":\"es\",\"@id\":\"https:\/\/mivoot.com\/gt\/#\/schema\/logo\/image\/\",\"url\":\"https:\/\/mivoot.com\/gt\/wp-content\/uploads\/2023\/03\/cropped-icon.png\",\"contentUrl\":\"https:\/\/mivoot.com\/gt\/wp-content\/uploads\/2023\/03\/cropped-icon.png\",\"width\":512,\"height\":512,\"caption\":\"Mivoot Guatemala\"},\"image\":{\"@id\":\"https:\/\/mivoot.com\/gt\/#\/schema\/logo\/image\/\"},\"sameAs\":[\"https:\/\/www.facebook.com\/mivootgt\",\"https:\/\/instagram.com\/mivoot\"]}]}<\/script>\n<!-- \/ Yoast SEO Premium plugin. -->","yoast_head_json":{"title":"Monitor Gaming 24\" G24i Xiaomi - Mivoot","robots":{"index":"index","follow":"follow","max-snippet":"max-snippet:-1","max-image-preview":"max-image-preview:large","max-video-preview":"max-video-preview:-1"},"canonical":"https:\/\/mivoot.com\/gt\/producto\/monitor-gaming-24-g24i-xiaomi\/","og_locale":"es_ES","og_type":"article","og_title":"Monitor Gaming 24\" G24i Xiaomi","og_description":"- Brillo: 250 nits (t\u00edpico) - Relaci\u00f3n de contraste: 1000:1 - \u00c1ngulo de visi\u00f3n: 178 Grados horizontal \/ 178 Grados vertical - VESA: Compatible con montaje de 75 x 75 mm - Consumo de energ\u00eda: 36W - Dimensiones: 539,1 x 170 x 412,4 mm (con base) - Peso: 3 kg (con base)","og_url":"https:\/\/mivoot.com\/gt\/producto\/monitor-gaming-24-g24i-xiaomi\/","og_site_name":"Mivoot","article_publisher":"https:\/\/www.facebook.com\/mivootgt","article_modified_time":"2025-02-10T21:43:54+00:00","og_image":[{"width":900,"height":900,"url":"https:\/\/mivoot.com\/gt\/wp-content\/uploads\/2025\/02\/g24i-00.jpg","type":"image\/jpeg"}],"twitter_card":"summary_large_image","twitter_misc":{"Est. reading time":"4 minutos"},"schema":{"@context":"https:\/\/schema.org","@graph":[{"@type":"WebPage","@id":"https:\/\/mivoot.com\/gt\/producto\/monitor-gaming-24-g24i-xiaomi\/","url":"https:\/\/mivoot.com\/gt\/producto\/monitor-gaming-24-g24i-xiaomi\/","name":"Monitor Gaming 24\" G24i Xiaomi - Mivoot","isPartOf":{"@id":"https:\/\/mivoot.com\/gt\/#website"},"primaryImageOfPage":{"@id":"https:\/\/mivoot.com\/gt\/producto\/monitor-gaming-24-g24i-xiaomi\/#primaryimage"},"image":{"@id":"https:\/\/mivoot.com\/gt\/producto\/monitor-gaming-24-g24i-xiaomi\/#primaryimage"},"thumbnailUrl":"https:\/\/mivoot.com\/gt\/wp-content\/uploads\/2025\/02\/g24i-00.jpg","datePublished":"2025-02-05T21:11:16+00:00","dateModified":"2025-02-10T21:43:54+00:00","breadcrumb":{"@id":"https:\/\/mivoot.com\/gt\/producto\/monitor-gaming-24-g24i-xiaomi\/#breadcrumb"},"inLanguage":"es","potentialAction":[{"@type":"ReadAction","target":["https:\/\/mivoot.com\/gt\/producto\/monitor-gaming-24-g24i-xiaomi\/"]}]},{"@type":"ImageObject","inLanguage":"es","@id":"https:\/\/mivoot.com\/gt\/producto\/monitor-gaming-24-g24i-xiaomi\/#primaryimage","url":"https:\/\/mivoot.com\/gt\/wp-content\/uploads\/2025\/02\/g24i-00.jpg","contentUrl":"https:\/\/mivoot.com\/gt\/wp-content\/uploads\/2025\/02\/g24i-00.jpg","width":900,"height":900},{"@type":"BreadcrumbList","@id":"https:\/\/mivoot.com\/gt\/producto\/monitor-gaming-24-g24i-xiaomi\/#breadcrumb","itemListElement":[{"@type":"ListItem","position":1,"name":"Inicio","item":"https:\/\/mivoot.com\/gt\/"},{"@type":"ListItem","position":2,"name":"Productos","item":"https:\/\/mivoot.com\/gt\/producto\/"},{"@type":"ListItem","position":3,"name":"Xiaomi","item":"https:\/\/mivoot.com\/gt\/marca\/xiaomi\/"},{"@type":"ListItem","position":4,"name":"Monitor Gaming 24&#8243; G24i Xiaomi"}]},{"@type":"WebSite","@id":"https:\/\/mivoot.com\/gt\/#website","url":"https:\/\/mivoot.com\/gt\/","name":"Mivoot","description":"Mivoot Guatemala | Tienda Online","publisher":{"@id":"https:\/\/mivoot.com\/gt\/#organization"},"alternateName":"mivoot","potentialAction":[{"@type":"SearchAction","target":{"@type":"EntryPoint","urlTemplate":"https:\/\/mivoot.com\/gt\/?s={search_term_string}"},"query-input":{"@type":"PropertyValueSpecification","valueRequired":true,"valueName":"search_term_string"}}],"inLanguage":"es"},{"@type":"Organization","@id":"https:\/\/mivoot.com\/gt\/#organization","name":"Mivoot Guatemala","alternateName":"mivoot.com","url":"https:\/\/mivoot.com\/gt\/","logo":{"@type":"ImageObject","inLanguage":"es","@id":"https:\/\/mivoot.com\/gt\/#\/schema\/logo\/image\/","url":"https:\/\/mivoot.com\/gt\/wp-content\/uploads\/2023\/03\/cropped-icon.png","contentUrl":"https:\/\/mivoot.com\/gt\/wp-content\/uploads\/2023\/03\/cropped-icon.png","width":512,"height":512,"caption":"Mivoot Guatemala"},"image":{"@id":"https:\/\/mivoot.com\/gt\/#\/schema\/logo\/image\/"},"sameAs":["https:\/\/www.facebook.com\/mivootgt","https:\/\/instagram.com\/mivoot"]}]}},"jetpack_publicize_connections":[],"jetpack_sharing_enabled":true,"brands":[{"id":94,"name":"Xiaomi","slug":"xiaomi"}],"_links":{"self":[{"href":"https:\/\/mivoot.com\/gt\/wp-json\/wp\/v2\/product\/26037","targetHints":{"allow":["GET"]}}],"collection":[{"href":"https:\/\/mivoot.com\/gt\/wp-json\/wp\/v2\/product"}],"about":[{"href":"https:\/\/mivoot.com\/gt\/wp-json\/wp\/v2\/types\/product"}],"replies":[{"embeddable":true,"href":"https:\/\/mivoot.com\/gt\/wp-json\/wp\/v2\/comments?post=26037"}],"version-history":[{"count":2,"href":"https:\/\/mivoot.com\/gt\/wp-json\/wp\/v2\/product\/26037\/revisions"}],"predecessor-version":[{"id":26184,"href":"https:\/\/mivoot.com\/gt\/wp-json\/wp\/v2\/product\/26037\/revisions\/26184"}],"wp:featuredmedia":[{"embeddable":true,"href":"https:\/\/mivoot.com\/gt\/wp-json\/wp\/v2\/media\/26039"}],"wp:attachment":[{"href":"https:\/\/mivoot.com\/gt\/wp-json\/wp\/v2\/media?parent=26037"}],"wp:term":[{"taxonomy":"pwb-brand","embeddable":true,"href":"https:\/\/mivoot.com\/gt\/wp-json\/wp\/v2\/pwb-brand?post=26037"},{"taxonomy":"product_brand","embeddable":true,"href":"https:\/\/mivoot.com\/gt\/wp-json\/wp\/v2\/product_brand?post=26037"},{"taxonomy":"product_cat","embeddable":true,"href":"https:\/\/mivoot.com\/gt\/wp-json\/wp\/v2\/product_cat?post=26037"},{"taxonomy":"product_tag","embeddable":true,"href":"https:\/\/mivoot.com\/gt\/wp-json\/wp\/v2\/product_tag?post=26037"}],"curies":[{"name":"wp","href":"https:\/\/api.w.org\/{rel}","templated":true}]}}