{"id":26085,"date":"2025-02-06T12:30:53","date_gmt":"2025-02-06T18:30:53","guid":{"rendered":"https:\/\/mivoot.com\/gt\/?post_type=product&#038;p=26085"},"modified":"2025-02-06T12:30:55","modified_gmt":"2025-02-06T18:30:55","slug":"licuadora-con-programas-automaticos-y-tecnologia-reversible-oster","status":"publish","type":"product","link":"https:\/\/mivoot.com\/gt\/producto\/licuadora-con-programas-automaticos-y-tecnologia-reversible-oster\/","title":{"rendered":"Licuadora con programas autom\u00e1ticos y tecnolog\u00eda reversible Oster"},"content":{"rendered":"<h2 style=\"text-align: center\">\u00a1<span style=\"color: #003366\"><strong>Ya no tienes que dar m\u00e1s vueltas a la hora de cocinar! Gracias a la nueva licuadora Oster\u00ae con Tecnolog\u00eda de Motor Reversible que ofrece una nueva cuchilla dos veces m\u00e1s grande** con seis aspas de acero inoxidable que garantizan un mejor resultado. <\/strong><\/span><\/h2>\n<h3 style=\"text-align: center\">La forma en \u201cS\u201d de sus cuchillas y su \u00e1ngulo plano y m\u00e1s ancho, la hacen ideal para rebanar y obtener salsas y masas con texturas adecuadas. Su posici\u00f3n y su dise\u00f1o mantienen los ingredientes en continuo movimiento, para que no queden en el fondo de la jarra y se mezclen bien.<\/h3>\n<h3 style=\"text-align: center\">\nSu potente motor con 1000 W de potencia**** junto con su tecnolog\u00eda de motor reversible y acople met\u00e1lico 10 veces m\u00e1s fuerte*** garantizan la consistencia perfecta en diferentes tipos de recetas. Cuenta con dos programas autom\u00e1ticos para jugos\/smoothies y Procesador de Alimentos. Tambi\u00e9n incluye tres velocidades manuales y una funci\u00f3n de \u201cPulso\u201d.<\/h3>\n<h3 style=\"text-align: center\">\nEl vaso de vidrio refractario Boroclass con capacidad de 1,5L (6 tazas) es resistente a ingredientes hirviendo* y soporta cambios bruscos de temperatura. La tapa incluye una cuchara medidora de 60ml. Todas sus partes son desmontables para una f\u00e1cil limpieza.<\/h3>\n<p>&nbsp;<\/p>\n<ul>\n<li>Vaso de vidrio resistente a ingredientes hirviendo*.<\/li>\n<li>Tecnolog\u00eda de Motor Reversible: Gira las cuchillas en ambas direcciones para procesar completamente todos los ingredientes.<\/li>\n<li>Potente motor con 1000 W de potencia****<\/li>\n<li>Cuchilla dos veces m\u00e1s grande** que pulveriza los ingredientes en segundos.<\/li>\n<li>Sistema de acople met\u00e1lico 10 veces m\u00e1s fuerte***<\/li>\n<li>3 velocidades + pulso.<\/li>\n<li>2 programas autom\u00e1ticos: jugos\/smoothies y procesador de alimentos.<\/li>\n<li>Incluye tapita que funciona como cuchara medidora (60 ml)<\/li>\n<\/ul>\n<p>&nbsp;<\/p>\n<p>*Hasta un choque t\u00e9rmico de 90\u00b0<br \/>\n**Comparada con la cuchilla Oster\u00ae BLSTAA4961<br \/>\n***Comprobado en pruebas de resistencia a la tracci\u00f3n de acero laminado en fr\u00edo 1215 comparado con pl\u00e1stico PP<br \/>\n****Potencia pico<\/p>\n","protected":false},"excerpt":{"rendered":"<p>&#8211; Peso: 3.6kg<br \/>\n&#8211; Medidas (Ancho x Largo X Alto): 18.42 x 19.05 x 37.47 cm<br \/>\n&#8211; Velocidades: 3<br \/>\n&#8211; Programas autom\u00e1ticos: S\u00ed<br \/>\n&#8211; Interface: Botones<br \/>\n&#8211; Accesorios incluidos: No<br \/>\n&#8211; Potencia en watts: 1000<br \/>\n&#8211; Funci\u00f3n de pulso: si<br \/>\n&#8211; Tecnolog\u00eda Reversible: S\u00ed<br \/>\n&#8211; Material del vaso\/jarra: Vidrio resistente<br \/>\n&#8211; Capacidad del vaso\/jarra: 1.5 L<br \/>\n&#8211; N\u00famero de aspas: 6<br \/>\n&#8211; Voltaje: 127 V, 220 V<\/p>\n","protected":false},"featured_media":26092,"comment_status":"open","ping_status":"closed","template":"","meta":{"jetpack_publicize_message":"","jetpack_publicize_feature_enabled":true,"jetpack_social_post_already_shared":true,"jetpack_social_options":{"image_generator_settings":{"template":"highway","default_image_id":0,"font":"","enabled":false},"version":2}},"pwb-brand":[298],"product_brand":[],"product_cat":[499],"product_tag":[],"class_list":{"0":"post-26085","1":"product","2":"type-product","3":"status-publish","4":"has-post-thumbnail","6":"pwb-brand-oster","7":"product_cat-licuadoras","9":"first","10":"instock","11":"taxable","12":"shipping-taxable","13":"purchasable","14":"product-type-simple"},"yoast_head":"<!-- This site is optimized with the Yoast SEO Premium plugin v25.7.1 (Yoast SEO v26.8) - https:\/\/yoast.com\/product\/yoast-seo-premium-wordpress\/ -->\n<title>Licuadora con programas autom\u00e1ticos y tecnolog\u00eda reversible Oster - Mivoot<\/title>\n<meta name=\"robots\" content=\"index, follow, max-snippet:-1, max-image-preview:large, max-video-preview:-1\" \/>\n<link rel=\"canonical\" href=\"https:\/\/mivoot.com\/gt\/producto\/licuadora-con-programas-automaticos-y-tecnologia-reversible-oster\/\" \/>\n<meta property=\"og:locale\" content=\"es_ES\" \/>\n<meta property=\"og:type\" content=\"article\" \/>\n<meta property=\"og:title\" content=\"Licuadora con programas autom\u00e1ticos y tecnolog\u00eda reversible Oster\" \/>\n<meta property=\"og:description\" content=\"- Peso: 3.6kg - Medidas (Ancho x Largo X Alto): 18.42 x 19.05 x 37.47 cm - Velocidades: 3 - Programas autom\u00e1ticos: S\u00ed - Interface: Botones - Accesorios incluidos: No - Potencia en watts: 1000 - Funci\u00f3n de pulso: si - Tecnolog\u00eda Reversible: S\u00ed - Material del vaso\/jarra: Vidrio resistente - Capacidad del vaso\/jarra: 1.5 L - N\u00famero de aspas: 6 - Voltaje: 127 V, 220 V\" \/>\n<meta property=\"og:url\" content=\"https:\/\/mivoot.com\/gt\/producto\/licuadora-con-programas-automaticos-y-tecnologia-reversible-oster\/\" \/>\n<meta property=\"og:site_name\" content=\"Mivoot\" \/>\n<meta property=\"article:publisher\" content=\"https:\/\/www.facebook.com\/mivootgt\" \/>\n<meta property=\"article:modified_time\" content=\"2025-02-06T18:30:55+00:00\" \/>\n<meta property=\"og:image\" content=\"https:\/\/mivoot.com\/gt\/wp-content\/uploads\/2025\/02\/BLSTPYG1309B-1.webp\" \/>\n\t<meta property=\"og:image:width\" content=\"1000\" \/>\n\t<meta property=\"og:image:height\" content=\"1000\" \/>\n\t<meta property=\"og:image:type\" content=\"image\/webp\" \/>\n<meta name=\"twitter:card\" content=\"summary_large_image\" \/>\n<meta name=\"twitter:label1\" content=\"Est. reading time\" \/>\n\t<meta name=\"twitter:data1\" content=\"2 minutos\" \/>\n<script type=\"application\/ld+json\" class=\"yoast-schema-graph\">{\"@context\":\"https:\/\/schema.org\",\"@graph\":[{\"@type\":\"WebPage\",\"@id\":\"https:\/\/mivoot.com\/gt\/producto\/licuadora-con-programas-automaticos-y-tecnologia-reversible-oster\/\",\"url\":\"https:\/\/mivoot.com\/gt\/producto\/licuadora-con-programas-automaticos-y-tecnologia-reversible-oster\/\",\"name\":\"Licuadora con programas autom\u00e1ticos y tecnolog\u00eda reversible Oster - Mivoot\",\"isPartOf\":{\"@id\":\"https:\/\/mivoot.com\/gt\/#website\"},\"primaryImageOfPage\":{\"@id\":\"https:\/\/mivoot.com\/gt\/producto\/licuadora-con-programas-automaticos-y-tecnologia-reversible-oster\/#primaryimage\"},\"image\":{\"@id\":\"https:\/\/mivoot.com\/gt\/producto\/licuadora-con-programas-automaticos-y-tecnologia-reversible-oster\/#primaryimage\"},\"thumbnailUrl\":\"https:\/\/mivoot.com\/gt\/wp-content\/uploads\/2025\/02\/BLSTPYG1309B-1.webp\",\"datePublished\":\"2025-02-06T18:30:53+00:00\",\"dateModified\":\"2025-02-06T18:30:55+00:00\",\"breadcrumb\":{\"@id\":\"https:\/\/mivoot.com\/gt\/producto\/licuadora-con-programas-automaticos-y-tecnologia-reversible-oster\/#breadcrumb\"},\"inLanguage\":\"es\",\"potentialAction\":[{\"@type\":\"ReadAction\",\"target\":[\"https:\/\/mivoot.com\/gt\/producto\/licuadora-con-programas-automaticos-y-tecnologia-reversible-oster\/\"]}]},{\"@type\":\"ImageObject\",\"inLanguage\":\"es\",\"@id\":\"https:\/\/mivoot.com\/gt\/producto\/licuadora-con-programas-automaticos-y-tecnologia-reversible-oster\/#primaryimage\",\"url\":\"https:\/\/mivoot.com\/gt\/wp-content\/uploads\/2025\/02\/BLSTPYG1309B-1.webp\",\"contentUrl\":\"https:\/\/mivoot.com\/gt\/wp-content\/uploads\/2025\/02\/BLSTPYG1309B-1.webp\",\"width\":1000,\"height\":1000},{\"@type\":\"BreadcrumbList\",\"@id\":\"https:\/\/mivoot.com\/gt\/producto\/licuadora-con-programas-automaticos-y-tecnologia-reversible-oster\/#breadcrumb\",\"itemListElement\":[{\"@type\":\"ListItem\",\"position\":1,\"name\":\"Inicio\",\"item\":\"https:\/\/mivoot.com\/gt\/\"},{\"@type\":\"ListItem\",\"position\":2,\"name\":\"Productos\",\"item\":\"https:\/\/mivoot.com\/gt\/producto\/\"},{\"@type\":\"ListItem\",\"position\":3,\"name\":\"Oster\",\"item\":\"https:\/\/mivoot.com\/gt\/marca\/oster\/\"},{\"@type\":\"ListItem\",\"position\":4,\"name\":\"Licuadora con programas autom\u00e1ticos y tecnolog\u00eda reversible Oster\"}]},{\"@type\":\"WebSite\",\"@id\":\"https:\/\/mivoot.com\/gt\/#website\",\"url\":\"https:\/\/mivoot.com\/gt\/\",\"name\":\"Mivoot\",\"description\":\"Mivoot Guatemala | Tienda Online\",\"publisher\":{\"@id\":\"https:\/\/mivoot.com\/gt\/#organization\"},\"alternateName\":\"mivoot\",\"potentialAction\":[{\"@type\":\"SearchAction\",\"target\":{\"@type\":\"EntryPoint\",\"urlTemplate\":\"https:\/\/mivoot.com\/gt\/?s={search_term_string}\"},\"query-input\":{\"@type\":\"PropertyValueSpecification\",\"valueRequired\":true,\"valueName\":\"search_term_string\"}}],\"inLanguage\":\"es\"},{\"@type\":\"Organization\",\"@id\":\"https:\/\/mivoot.com\/gt\/#organization\",\"name\":\"Mivoot Guatemala\",\"alternateName\":\"mivoot.com\",\"url\":\"https:\/\/mivoot.com\/gt\/\",\"logo\":{\"@type\":\"ImageObject\",\"inLanguage\":\"es\",\"@id\":\"https:\/\/mivoot.com\/gt\/#\/schema\/logo\/image\/\",\"url\":\"https:\/\/mivoot.com\/gt\/wp-content\/uploads\/2023\/03\/cropped-icon.png\",\"contentUrl\":\"https:\/\/mivoot.com\/gt\/wp-content\/uploads\/2023\/03\/cropped-icon.png\",\"width\":512,\"height\":512,\"caption\":\"Mivoot Guatemala\"},\"image\":{\"@id\":\"https:\/\/mivoot.com\/gt\/#\/schema\/logo\/image\/\"},\"sameAs\":[\"https:\/\/www.facebook.com\/mivootgt\",\"https:\/\/instagram.com\/mivoot\"]}]}<\/script>\n<!-- \/ Yoast SEO Premium plugin. -->","yoast_head_json":{"title":"Licuadora con programas autom\u00e1ticos y tecnolog\u00eda reversible Oster - Mivoot","robots":{"index":"index","follow":"follow","max-snippet":"max-snippet:-1","max-image-preview":"max-image-preview:large","max-video-preview":"max-video-preview:-1"},"canonical":"https:\/\/mivoot.com\/gt\/producto\/licuadora-con-programas-automaticos-y-tecnologia-reversible-oster\/","og_locale":"es_ES","og_type":"article","og_title":"Licuadora con programas autom\u00e1ticos y tecnolog\u00eda reversible Oster","og_description":"- Peso: 3.6kg - Medidas (Ancho x Largo X Alto): 18.42 x 19.05 x 37.47 cm - Velocidades: 3 - Programas autom\u00e1ticos: S\u00ed - Interface: Botones - Accesorios incluidos: No - Potencia en watts: 1000 - Funci\u00f3n de pulso: si - Tecnolog\u00eda Reversible: S\u00ed - Material del vaso\/jarra: Vidrio resistente - Capacidad del vaso\/jarra: 1.5 L - N\u00famero de aspas: 6 - Voltaje: 127 V, 220 V","og_url":"https:\/\/mivoot.com\/gt\/producto\/licuadora-con-programas-automaticos-y-tecnologia-reversible-oster\/","og_site_name":"Mivoot","article_publisher":"https:\/\/www.facebook.com\/mivootgt","article_modified_time":"2025-02-06T18:30:55+00:00","og_image":[{"width":1000,"height":1000,"url":"https:\/\/mivoot.com\/gt\/wp-content\/uploads\/2025\/02\/BLSTPYG1309B-1.webp","type":"image\/webp"}],"twitter_card":"summary_large_image","twitter_misc":{"Est. reading time":"2 minutos"},"schema":{"@context":"https:\/\/schema.org","@graph":[{"@type":"WebPage","@id":"https:\/\/mivoot.com\/gt\/producto\/licuadora-con-programas-automaticos-y-tecnologia-reversible-oster\/","url":"https:\/\/mivoot.com\/gt\/producto\/licuadora-con-programas-automaticos-y-tecnologia-reversible-oster\/","name":"Licuadora con programas autom\u00e1ticos y tecnolog\u00eda reversible Oster - Mivoot","isPartOf":{"@id":"https:\/\/mivoot.com\/gt\/#website"},"primaryImageOfPage":{"@id":"https:\/\/mivoot.com\/gt\/producto\/licuadora-con-programas-automaticos-y-tecnologia-reversible-oster\/#primaryimage"},"image":{"@id":"https:\/\/mivoot.com\/gt\/producto\/licuadora-con-programas-automaticos-y-tecnologia-reversible-oster\/#primaryimage"},"thumbnailUrl":"https:\/\/mivoot.com\/gt\/wp-content\/uploads\/2025\/02\/BLSTPYG1309B-1.webp","datePublished":"2025-02-06T18:30:53+00:00","dateModified":"2025-02-06T18:30:55+00:00","breadcrumb":{"@id":"https:\/\/mivoot.com\/gt\/producto\/licuadora-con-programas-automaticos-y-tecnologia-reversible-oster\/#breadcrumb"},"inLanguage":"es","potentialAction":[{"@type":"ReadAction","target":["https:\/\/mivoot.com\/gt\/producto\/licuadora-con-programas-automaticos-y-tecnologia-reversible-oster\/"]}]},{"@type":"ImageObject","inLanguage":"es","@id":"https:\/\/mivoot.com\/gt\/producto\/licuadora-con-programas-automaticos-y-tecnologia-reversible-oster\/#primaryimage","url":"https:\/\/mivoot.com\/gt\/wp-content\/uploads\/2025\/02\/BLSTPYG1309B-1.webp","contentUrl":"https:\/\/mivoot.com\/gt\/wp-content\/uploads\/2025\/02\/BLSTPYG1309B-1.webp","width":1000,"height":1000},{"@type":"BreadcrumbList","@id":"https:\/\/mivoot.com\/gt\/producto\/licuadora-con-programas-automaticos-y-tecnologia-reversible-oster\/#breadcrumb","itemListElement":[{"@type":"ListItem","position":1,"name":"Inicio","item":"https:\/\/mivoot.com\/gt\/"},{"@type":"ListItem","position":2,"name":"Productos","item":"https:\/\/mivoot.com\/gt\/producto\/"},{"@type":"ListItem","position":3,"name":"Oster","item":"https:\/\/mivoot.com\/gt\/marca\/oster\/"},{"@type":"ListItem","position":4,"name":"Licuadora con programas autom\u00e1ticos y tecnolog\u00eda reversible Oster"}]},{"@type":"WebSite","@id":"https:\/\/mivoot.com\/gt\/#website","url":"https:\/\/mivoot.com\/gt\/","name":"Mivoot","description":"Mivoot Guatemala | Tienda Online","publisher":{"@id":"https:\/\/mivoot.com\/gt\/#organization"},"alternateName":"mivoot","potentialAction":[{"@type":"SearchAction","target":{"@type":"EntryPoint","urlTemplate":"https:\/\/mivoot.com\/gt\/?s={search_term_string}"},"query-input":{"@type":"PropertyValueSpecification","valueRequired":true,"valueName":"search_term_string"}}],"inLanguage":"es"},{"@type":"Organization","@id":"https:\/\/mivoot.com\/gt\/#organization","name":"Mivoot Guatemala","alternateName":"mivoot.com","url":"https:\/\/mivoot.com\/gt\/","logo":{"@type":"ImageObject","inLanguage":"es","@id":"https:\/\/mivoot.com\/gt\/#\/schema\/logo\/image\/","url":"https:\/\/mivoot.com\/gt\/wp-content\/uploads\/2023\/03\/cropped-icon.png","contentUrl":"https:\/\/mivoot.com\/gt\/wp-content\/uploads\/2023\/03\/cropped-icon.png","width":512,"height":512,"caption":"Mivoot Guatemala"},"image":{"@id":"https:\/\/mivoot.com\/gt\/#\/schema\/logo\/image\/"},"sameAs":["https:\/\/www.facebook.com\/mivootgt","https:\/\/instagram.com\/mivoot"]}]}},"jetpack_publicize_connections":[],"jetpack_sharing_enabled":true,"brands":[{"id":298,"name":"Oster","slug":"oster"}],"_links":{"self":[{"href":"https:\/\/mivoot.com\/gt\/wp-json\/wp\/v2\/product\/26085","targetHints":{"allow":["GET"]}}],"collection":[{"href":"https:\/\/mivoot.com\/gt\/wp-json\/wp\/v2\/product"}],"about":[{"href":"https:\/\/mivoot.com\/gt\/wp-json\/wp\/v2\/types\/product"}],"replies":[{"embeddable":true,"href":"https:\/\/mivoot.com\/gt\/wp-json\/wp\/v2\/comments?post=26085"}],"version-history":[{"count":1,"href":"https:\/\/mivoot.com\/gt\/wp-json\/wp\/v2\/product\/26085\/revisions"}],"predecessor-version":[{"id":26093,"href":"https:\/\/mivoot.com\/gt\/wp-json\/wp\/v2\/product\/26085\/revisions\/26093"}],"wp:featuredmedia":[{"embeddable":true,"href":"https:\/\/mivoot.com\/gt\/wp-json\/wp\/v2\/media\/26092"}],"wp:attachment":[{"href":"https:\/\/mivoot.com\/gt\/wp-json\/wp\/v2\/media?parent=26085"}],"wp:term":[{"taxonomy":"pwb-brand","embeddable":true,"href":"https:\/\/mivoot.com\/gt\/wp-json\/wp\/v2\/pwb-brand?post=26085"},{"taxonomy":"product_brand","embeddable":true,"href":"https:\/\/mivoot.com\/gt\/wp-json\/wp\/v2\/product_brand?post=26085"},{"taxonomy":"product_cat","embeddable":true,"href":"https:\/\/mivoot.com\/gt\/wp-json\/wp\/v2\/product_cat?post=26085"},{"taxonomy":"product_tag","embeddable":true,"href":"https:\/\/mivoot.com\/gt\/wp-json\/wp\/v2\/product_tag?post=26085"}],"curies":[{"name":"wp","href":"https:\/\/api.w.org\/{rel}","templated":true}]}}