{"id":26096,"date":"2025-02-06T13:21:45","date_gmt":"2025-02-06T19:21:45","guid":{"rendered":"https:\/\/mivoot.com\/gt\/?post_type=product&#038;p=26096"},"modified":"2025-02-06T18:13:38","modified_gmt":"2025-02-07T00:13:38","slug":"licuadora-2-velocidades-vaso-de-vidrio-rojo-oster","status":"publish","type":"product","link":"https:\/\/mivoot.com\/gt\/producto\/licuadora-2-velocidades-vaso-de-vidrio-rojo-oster\/","title":{"rendered":"Licuadora 2 Velocidades Vaso de Vidrio Rojo Oster"},"content":{"rendered":"<p><iframe title=\"Licuadora Oster\u00ae con Motor 4X M\u00e1s Duradero\" width=\"1020\" height=\"574\" src=\"https:\/\/www.youtube.com\/embed\/BGdu0sM8jCc?feature=oembed&#038;enablejsapi=1&#038;origin=https:\/\/mivoot.com\" frameborder=\"0\" allow=\"accelerometer; autoplay; clipboard-write; encrypted-media; gyroscope; picture-in-picture; web-share\" referrerpolicy=\"strict-origin-when-cross-origin\" allowfullscreen><\/iframe><\/p>\n<p>&nbsp;<\/p>\n<h2 style=\"text-align: center\"><strong><span style=\"color: #003366\">La licuadora Oster\u00ae con su potente motor 4 veces m\u00e1s duradero*** con 800 W de potencia* te ayuda a preparar deliciosas y saludables recetas. <\/span><\/strong><\/h2>\n<h3 style=\"text-align: center\"><span style=\"color: #000000\">Con alta fuerza de torsi\u00f3n, acople met\u00e1lico 10 veces m\u00e1s fuerte****, revolucionaria cuchilla trituradora de hielo y vaso de vidrio Boroclass\u00ae resistente a ingredientes hirviendo** es ideal para preparar una amplia variedad de recetas fr\u00edas y calientes, jugos, batidos y mucho m\u00e1s.<\/span><\/h3>\n<p>&nbsp;<\/p>\n<ul>\n<li>Vaso de vidrio Boroclass\u00ae de 1,5 L (6 tazas) de capacidad resistente a ingredientes hirviendo** que es perfecto para preparar sopas y otros platos calientes o fr\u00edos.<\/li>\n<li>Potente motor con 800 W de potencia*<\/li>\n<li>Motor 4 veces m\u00e1s duradero**<\/li>\n<li>Sistema de acople de met\u00e1lico 10 veces m\u00e1s fuerte**** entre la cuchilla y el eje de la base que prolonga la vida de la licuadora.<\/li>\n<li>Revolucionaria cuchilla trituradora de hielo<\/li>\n<li>2 velocidades y funci\u00f3n de pulso alto y bajo, que te da m\u00e1s control y flexibilidad para obtener la consistencia deseada.<\/li>\n<\/ul>\n<p>&nbsp;<\/p>\n<p>*Potencia pico<br \/>\n**Hasta un choque t\u00e9rmico de 90\u00b0C<br \/>\n***Comparado con motor modelo PU5443127-6115-AL en pruebas de carga<br \/>\n****Resistencia a la tracci\u00f3n de acero laminado en frio 1213 comparado con pl\u00e1stico PP<\/p>\n","protected":false},"excerpt":{"rendered":"<p>&#8211; Peso: 2.6 kg<br \/>\n&#8211; Medidas (Ancho x Largo X Alto): 13.7 x 19.4 x 36.2 cm<br \/>\n&#8211; Velocidades: 2<br \/>\n&#8211; Programas autom\u00e1ticos: No<br \/>\n&#8211; Interface: Botones<br \/>\n&#8211; Accesorios incluidos: No<br \/>\n&#8211; Potencia en watts: 800<br \/>\n&#8211; Funci\u00f3n de pulso: si<br \/>\n&#8211; Tecnolog\u00eda Reversible: No<br \/>\n&#8211; Material del vaso\/jarra: Vidrio resistente<br \/>\n&#8211; Capacidad del vaso\/jarra: 1.5 L<br \/>\n&#8211; N\u00famero de aspas: 4<\/p>\n","protected":false},"featured_media":26102,"comment_status":"open","ping_status":"closed","template":"","meta":{"jetpack_publicize_message":"","jetpack_publicize_feature_enabled":true,"jetpack_social_post_already_shared":true,"jetpack_social_options":{"image_generator_settings":{"template":"highway","default_image_id":0,"font":"","enabled":false},"version":2}},"pwb-brand":[298],"product_brand":[],"product_cat":[499],"product_tag":[],"class_list":{"0":"post-26096","1":"product","2":"type-product","3":"status-publish","4":"has-post-thumbnail","6":"pwb-brand-oster","7":"product_cat-licuadoras","9":"first","10":"instock","11":"taxable","12":"shipping-taxable","13":"purchasable","14":"product-type-simple"},"yoast_head":"<!-- This site is optimized with the Yoast SEO Premium plugin v25.7.1 (Yoast SEO v26.8) - https:\/\/yoast.com\/product\/yoast-seo-premium-wordpress\/ -->\n<title>Licuadora 2 Velocidades Vaso de Vidrio Rojo Oster - Mivoot<\/title>\n<meta name=\"robots\" content=\"index, follow, max-snippet:-1, max-image-preview:large, max-video-preview:-1\" \/>\n<link rel=\"canonical\" href=\"https:\/\/mivoot.com\/gt\/producto\/licuadora-2-velocidades-vaso-de-vidrio-rojo-oster\/\" \/>\n<meta property=\"og:locale\" content=\"es_ES\" \/>\n<meta property=\"og:type\" content=\"article\" \/>\n<meta property=\"og:title\" content=\"Licuadora 2 Velocidades Vaso de Vidrio Rojo Oster\" \/>\n<meta property=\"og:description\" content=\"- Peso: 2.6 kg - Medidas (Ancho x Largo X Alto): 13.7 x 19.4 x 36.2 cm - Velocidades: 2 - Programas autom\u00e1ticos: No - Interface: Botones - Accesorios incluidos: No - Potencia en watts: 800 - Funci\u00f3n de pulso: si - Tecnolog\u00eda Reversible: No - Material del vaso\/jarra: Vidrio resistente - Capacidad del vaso\/jarra: 1.5 L - N\u00famero de aspas: 4\" \/>\n<meta property=\"og:url\" content=\"https:\/\/mivoot.com\/gt\/producto\/licuadora-2-velocidades-vaso-de-vidrio-rojo-oster\/\" \/>\n<meta property=\"og:site_name\" content=\"Mivoot\" \/>\n<meta property=\"article:publisher\" content=\"https:\/\/www.facebook.com\/mivootgt\" \/>\n<meta property=\"article:modified_time\" content=\"2025-02-07T00:13:38+00:00\" \/>\n<meta property=\"og:image\" content=\"https:\/\/mivoot.com\/gt\/wp-content\/uploads\/2025\/02\/BLSTKAG-RPB-1.webp\" \/>\n\t<meta property=\"og:image:width\" content=\"1000\" \/>\n\t<meta property=\"og:image:height\" content=\"1000\" \/>\n\t<meta property=\"og:image:type\" content=\"image\/webp\" \/>\n<meta name=\"twitter:card\" content=\"summary_large_image\" \/>\n<meta name=\"twitter:label1\" content=\"Est. reading time\" \/>\n\t<meta name=\"twitter:data1\" content=\"1 minuto\" \/>\n<script type=\"application\/ld+json\" class=\"yoast-schema-graph\">{\"@context\":\"https:\/\/schema.org\",\"@graph\":[{\"@type\":\"WebPage\",\"@id\":\"https:\/\/mivoot.com\/gt\/producto\/licuadora-2-velocidades-vaso-de-vidrio-rojo-oster\/\",\"url\":\"https:\/\/mivoot.com\/gt\/producto\/licuadora-2-velocidades-vaso-de-vidrio-rojo-oster\/\",\"name\":\"Licuadora 2 Velocidades Vaso de Vidrio Rojo Oster - Mivoot\",\"isPartOf\":{\"@id\":\"https:\/\/mivoot.com\/gt\/#website\"},\"primaryImageOfPage\":{\"@id\":\"https:\/\/mivoot.com\/gt\/producto\/licuadora-2-velocidades-vaso-de-vidrio-rojo-oster\/#primaryimage\"},\"image\":{\"@id\":\"https:\/\/mivoot.com\/gt\/producto\/licuadora-2-velocidades-vaso-de-vidrio-rojo-oster\/#primaryimage\"},\"thumbnailUrl\":\"https:\/\/mivoot.com\/gt\/wp-content\/uploads\/2025\/02\/BLSTKAG-RPB-1.webp\",\"datePublished\":\"2025-02-06T19:21:45+00:00\",\"dateModified\":\"2025-02-07T00:13:38+00:00\",\"breadcrumb\":{\"@id\":\"https:\/\/mivoot.com\/gt\/producto\/licuadora-2-velocidades-vaso-de-vidrio-rojo-oster\/#breadcrumb\"},\"inLanguage\":\"es\",\"potentialAction\":[{\"@type\":\"ReadAction\",\"target\":[\"https:\/\/mivoot.com\/gt\/producto\/licuadora-2-velocidades-vaso-de-vidrio-rojo-oster\/\"]}]},{\"@type\":\"ImageObject\",\"inLanguage\":\"es\",\"@id\":\"https:\/\/mivoot.com\/gt\/producto\/licuadora-2-velocidades-vaso-de-vidrio-rojo-oster\/#primaryimage\",\"url\":\"https:\/\/mivoot.com\/gt\/wp-content\/uploads\/2025\/02\/BLSTKAG-RPB-1.webp\",\"contentUrl\":\"https:\/\/mivoot.com\/gt\/wp-content\/uploads\/2025\/02\/BLSTKAG-RPB-1.webp\",\"width\":1000,\"height\":1000},{\"@type\":\"BreadcrumbList\",\"@id\":\"https:\/\/mivoot.com\/gt\/producto\/licuadora-2-velocidades-vaso-de-vidrio-rojo-oster\/#breadcrumb\",\"itemListElement\":[{\"@type\":\"ListItem\",\"position\":1,\"name\":\"Inicio\",\"item\":\"https:\/\/mivoot.com\/gt\/\"},{\"@type\":\"ListItem\",\"position\":2,\"name\":\"Productos\",\"item\":\"https:\/\/mivoot.com\/gt\/producto\/\"},{\"@type\":\"ListItem\",\"position\":3,\"name\":\"Oster\",\"item\":\"https:\/\/mivoot.com\/gt\/marca\/oster\/\"},{\"@type\":\"ListItem\",\"position\":4,\"name\":\"Licuadora 2 Velocidades Vaso de Vidrio Rojo Oster\"}]},{\"@type\":\"WebSite\",\"@id\":\"https:\/\/mivoot.com\/gt\/#website\",\"url\":\"https:\/\/mivoot.com\/gt\/\",\"name\":\"Mivoot\",\"description\":\"Mivoot Guatemala | Tienda Online\",\"publisher\":{\"@id\":\"https:\/\/mivoot.com\/gt\/#organization\"},\"alternateName\":\"mivoot\",\"potentialAction\":[{\"@type\":\"SearchAction\",\"target\":{\"@type\":\"EntryPoint\",\"urlTemplate\":\"https:\/\/mivoot.com\/gt\/?s={search_term_string}\"},\"query-input\":{\"@type\":\"PropertyValueSpecification\",\"valueRequired\":true,\"valueName\":\"search_term_string\"}}],\"inLanguage\":\"es\"},{\"@type\":\"Organization\",\"@id\":\"https:\/\/mivoot.com\/gt\/#organization\",\"name\":\"Mivoot Guatemala\",\"alternateName\":\"mivoot.com\",\"url\":\"https:\/\/mivoot.com\/gt\/\",\"logo\":{\"@type\":\"ImageObject\",\"inLanguage\":\"es\",\"@id\":\"https:\/\/mivoot.com\/gt\/#\/schema\/logo\/image\/\",\"url\":\"https:\/\/mivoot.com\/gt\/wp-content\/uploads\/2023\/03\/cropped-icon.png\",\"contentUrl\":\"https:\/\/mivoot.com\/gt\/wp-content\/uploads\/2023\/03\/cropped-icon.png\",\"width\":512,\"height\":512,\"caption\":\"Mivoot Guatemala\"},\"image\":{\"@id\":\"https:\/\/mivoot.com\/gt\/#\/schema\/logo\/image\/\"},\"sameAs\":[\"https:\/\/www.facebook.com\/mivootgt\",\"https:\/\/instagram.com\/mivoot\"]}]}<\/script>\n<!-- \/ Yoast SEO Premium plugin. -->","yoast_head_json":{"title":"Licuadora 2 Velocidades Vaso de Vidrio Rojo Oster - Mivoot","robots":{"index":"index","follow":"follow","max-snippet":"max-snippet:-1","max-image-preview":"max-image-preview:large","max-video-preview":"max-video-preview:-1"},"canonical":"https:\/\/mivoot.com\/gt\/producto\/licuadora-2-velocidades-vaso-de-vidrio-rojo-oster\/","og_locale":"es_ES","og_type":"article","og_title":"Licuadora 2 Velocidades Vaso de Vidrio Rojo Oster","og_description":"- Peso: 2.6 kg - Medidas (Ancho x Largo X Alto): 13.7 x 19.4 x 36.2 cm - Velocidades: 2 - Programas autom\u00e1ticos: No - Interface: Botones - Accesorios incluidos: No - Potencia en watts: 800 - Funci\u00f3n de pulso: si - Tecnolog\u00eda Reversible: No - Material del vaso\/jarra: Vidrio resistente - Capacidad del vaso\/jarra: 1.5 L - N\u00famero de aspas: 4","og_url":"https:\/\/mivoot.com\/gt\/producto\/licuadora-2-velocidades-vaso-de-vidrio-rojo-oster\/","og_site_name":"Mivoot","article_publisher":"https:\/\/www.facebook.com\/mivootgt","article_modified_time":"2025-02-07T00:13:38+00:00","og_image":[{"width":1000,"height":1000,"url":"https:\/\/mivoot.com\/gt\/wp-content\/uploads\/2025\/02\/BLSTKAG-RPB-1.webp","type":"image\/webp"}],"twitter_card":"summary_large_image","twitter_misc":{"Est. reading time":"1 minuto"},"schema":{"@context":"https:\/\/schema.org","@graph":[{"@type":"WebPage","@id":"https:\/\/mivoot.com\/gt\/producto\/licuadora-2-velocidades-vaso-de-vidrio-rojo-oster\/","url":"https:\/\/mivoot.com\/gt\/producto\/licuadora-2-velocidades-vaso-de-vidrio-rojo-oster\/","name":"Licuadora 2 Velocidades Vaso de Vidrio Rojo Oster - Mivoot","isPartOf":{"@id":"https:\/\/mivoot.com\/gt\/#website"},"primaryImageOfPage":{"@id":"https:\/\/mivoot.com\/gt\/producto\/licuadora-2-velocidades-vaso-de-vidrio-rojo-oster\/#primaryimage"},"image":{"@id":"https:\/\/mivoot.com\/gt\/producto\/licuadora-2-velocidades-vaso-de-vidrio-rojo-oster\/#primaryimage"},"thumbnailUrl":"https:\/\/mivoot.com\/gt\/wp-content\/uploads\/2025\/02\/BLSTKAG-RPB-1.webp","datePublished":"2025-02-06T19:21:45+00:00","dateModified":"2025-02-07T00:13:38+00:00","breadcrumb":{"@id":"https:\/\/mivoot.com\/gt\/producto\/licuadora-2-velocidades-vaso-de-vidrio-rojo-oster\/#breadcrumb"},"inLanguage":"es","potentialAction":[{"@type":"ReadAction","target":["https:\/\/mivoot.com\/gt\/producto\/licuadora-2-velocidades-vaso-de-vidrio-rojo-oster\/"]}]},{"@type":"ImageObject","inLanguage":"es","@id":"https:\/\/mivoot.com\/gt\/producto\/licuadora-2-velocidades-vaso-de-vidrio-rojo-oster\/#primaryimage","url":"https:\/\/mivoot.com\/gt\/wp-content\/uploads\/2025\/02\/BLSTKAG-RPB-1.webp","contentUrl":"https:\/\/mivoot.com\/gt\/wp-content\/uploads\/2025\/02\/BLSTKAG-RPB-1.webp","width":1000,"height":1000},{"@type":"BreadcrumbList","@id":"https:\/\/mivoot.com\/gt\/producto\/licuadora-2-velocidades-vaso-de-vidrio-rojo-oster\/#breadcrumb","itemListElement":[{"@type":"ListItem","position":1,"name":"Inicio","item":"https:\/\/mivoot.com\/gt\/"},{"@type":"ListItem","position":2,"name":"Productos","item":"https:\/\/mivoot.com\/gt\/producto\/"},{"@type":"ListItem","position":3,"name":"Oster","item":"https:\/\/mivoot.com\/gt\/marca\/oster\/"},{"@type":"ListItem","position":4,"name":"Licuadora 2 Velocidades Vaso de Vidrio Rojo Oster"}]},{"@type":"WebSite","@id":"https:\/\/mivoot.com\/gt\/#website","url":"https:\/\/mivoot.com\/gt\/","name":"Mivoot","description":"Mivoot Guatemala | Tienda Online","publisher":{"@id":"https:\/\/mivoot.com\/gt\/#organization"},"alternateName":"mivoot","potentialAction":[{"@type":"SearchAction","target":{"@type":"EntryPoint","urlTemplate":"https:\/\/mivoot.com\/gt\/?s={search_term_string}"},"query-input":{"@type":"PropertyValueSpecification","valueRequired":true,"valueName":"search_term_string"}}],"inLanguage":"es"},{"@type":"Organization","@id":"https:\/\/mivoot.com\/gt\/#organization","name":"Mivoot Guatemala","alternateName":"mivoot.com","url":"https:\/\/mivoot.com\/gt\/","logo":{"@type":"ImageObject","inLanguage":"es","@id":"https:\/\/mivoot.com\/gt\/#\/schema\/logo\/image\/","url":"https:\/\/mivoot.com\/gt\/wp-content\/uploads\/2023\/03\/cropped-icon.png","contentUrl":"https:\/\/mivoot.com\/gt\/wp-content\/uploads\/2023\/03\/cropped-icon.png","width":512,"height":512,"caption":"Mivoot Guatemala"},"image":{"@id":"https:\/\/mivoot.com\/gt\/#\/schema\/logo\/image\/"},"sameAs":["https:\/\/www.facebook.com\/mivootgt","https:\/\/instagram.com\/mivoot"]}]}},"jetpack_publicize_connections":[],"jetpack_sharing_enabled":true,"brands":[{"id":298,"name":"Oster","slug":"oster"}],"_links":{"self":[{"href":"https:\/\/mivoot.com\/gt\/wp-json\/wp\/v2\/product\/26096","targetHints":{"allow":["GET"]}}],"collection":[{"href":"https:\/\/mivoot.com\/gt\/wp-json\/wp\/v2\/product"}],"about":[{"href":"https:\/\/mivoot.com\/gt\/wp-json\/wp\/v2\/types\/product"}],"replies":[{"embeddable":true,"href":"https:\/\/mivoot.com\/gt\/wp-json\/wp\/v2\/comments?post=26096"}],"version-history":[{"count":2,"href":"https:\/\/mivoot.com\/gt\/wp-json\/wp\/v2\/product\/26096\/revisions"}],"predecessor-version":[{"id":26135,"href":"https:\/\/mivoot.com\/gt\/wp-json\/wp\/v2\/product\/26096\/revisions\/26135"}],"wp:featuredmedia":[{"embeddable":true,"href":"https:\/\/mivoot.com\/gt\/wp-json\/wp\/v2\/media\/26102"}],"wp:attachment":[{"href":"https:\/\/mivoot.com\/gt\/wp-json\/wp\/v2\/media?parent=26096"}],"wp:term":[{"taxonomy":"pwb-brand","embeddable":true,"href":"https:\/\/mivoot.com\/gt\/wp-json\/wp\/v2\/pwb-brand?post=26096"},{"taxonomy":"product_brand","embeddable":true,"href":"https:\/\/mivoot.com\/gt\/wp-json\/wp\/v2\/product_brand?post=26096"},{"taxonomy":"product_cat","embeddable":true,"href":"https:\/\/mivoot.com\/gt\/wp-json\/wp\/v2\/product_cat?post=26096"},{"taxonomy":"product_tag","embeddable":true,"href":"https:\/\/mivoot.com\/gt\/wp-json\/wp\/v2\/product_tag?post=26096"}],"curies":[{"name":"wp","href":"https:\/\/api.w.org\/{rel}","templated":true}]}}