{"id":26227,"date":"2025-02-11T10:43:58","date_gmt":"2025-02-11T16:43:58","guid":{"rendered":"https:\/\/mivoot.com\/gt\/?post_type=product&#038;p=26227"},"modified":"2025-02-11T10:43:59","modified_gmt":"2025-02-11T16:43:59","slug":"ups-500va-250w-li-504-cdp","status":"publish","type":"product","link":"https:\/\/mivoot.com\/gt\/producto\/ups-500va-250w-li-504-cdp\/","title":{"rendered":"UPS 500VA 250W Li-504 CDP"},"content":{"rendered":"<ul>\n<li>Innovador UPS, basado en bater\u00edas de litio (LiFePO4)<\/li>\n<li>est\u00e1 dise\u00f1ado para aplicaciones cr\u00edticas como el procesamiento de datos y equipos de telecomunicaciones.<\/li>\n<li>Comparado con las tradicionales bater\u00edas de plomo \u00e1cido<\/li>\n<li>el UPS Li-504 destaca por su versatilidad de instalaci\u00f3n,<\/li>\n<li>menor peso, mayor densidad de potencia,<\/li>\n<li>y una vida \u00fatil 3 veces superior, hasta 10 a\u00f1os.<\/li>\n<\/ul>\n<h4><b>Caracter\u00edsticas destacadas:<\/b><\/h4>\n<ul>\n<li>Bater\u00eda de litio (LiFePO4): Mayor durabilidad y rendimiento, con menos desechos y un menor impacto ambiental.<\/li>\n<li>Carga r\u00e1pida USB: 1 puerto de carga USB Tipo-A con 2.4A para mantener tus dispositivos conectados.<\/li>\n<li>Dise\u00f1o vers\u00e1til y compacto: Ideal para cualquier espacio, sin comprometer la potencia.<\/li>\n<li>Salidas seguras: 4 salidas (Nema 5-15R) con respaldo de bater\u00eda y protecci\u00f3n contra sobrecargas y picos de voltaje.<\/li>\n<li>Su Vida \u00fatil es de 10 a\u00f1os, adem\u00e1s, cuenta con 3 a\u00f1os de garant\u00eda.<\/li>\n<\/ul>\n<div align=\"justify\"><\/div>\n<div align=\"justify\">Adem\u00e1s, ofrece un tiempo de recarga m\u00e1s r\u00e1pido y un respaldo prolongado, todo mientras opera en temperaturas m\u00e1s altas que las bater\u00edas VRLA con una baja tasa de auto-descarga.<\/p>\n<p>Con una impresionante capacidad de respaldo de hasta 10 horas* continuas para dispositivos como:<\/p><\/div>\n<div align=\"justify\"><em>modem\/ router\/ tel\u00e9fonos IP\/ puntos de venta, etc., y m\u00e1s de una hora para computadoras de generaci\u00f3n avanzada, <\/em><\/div>\n<div align=\"justify\"><\/div>\n<div align=\"justify\">el UPS Li-504 es la soluci\u00f3n perfecta para mantener tus dispositivos funcionando sin interrupciones.<\/div>\n<div align=\"justify\"><\/div>\n<div align=\"justify\">\u00a1Aprovecha la potencia y confiabilidad del futuro con el UPS Li-504!<\/div>\n","protected":false},"excerpt":{"rendered":"<p>&#8211; Modelo li-504<br \/>\n&#8211; Capacidad: 500VA \/ 250W<br \/>\n&#8211; Forma de onda: Simulaci\u00f3n de onda sinusoidal.<br \/>\n&#8211; Protecci\u00f3n: Sobrecarga y descarga<br \/>\n&#8211; Rango de voltaje: 90-135Vca<br \/>\n&#8211; 4 tomas: 2 con respaldo y 2 solo con supresi\u00f3n NEMA  5-15<br \/>\n&#8211; Puerto USB de 2.1 amp.<br \/>\n&#8211; Voltaje: 120Vac<br \/>\n&#8211; Tipo \/ Cantidad de bater\u00edas: Bater\u00eda de Litio.<br \/>\n&#8211; Respaldo hasta 3 horas en laptops y 10 horas en m\u00f3dems.<br \/>\n&#8211; M\u00e1s de cinco a\u00f1os de vida \u00fatil.<br \/>\n&#8211; Dimensiones: 182x125x47mm.<\/p>\n","protected":false},"featured_media":26231,"comment_status":"open","ping_status":"closed","template":"","meta":{"jetpack_publicize_message":"","jetpack_publicize_feature_enabled":true,"jetpack_social_post_already_shared":true,"jetpack_social_options":{"image_generator_settings":{"template":"highway","default_image_id":0,"font":"","enabled":false},"version":2}},"pwb-brand":[570],"product_brand":[],"product_cat":[178],"product_tag":[257,227],"class_list":{"0":"post-26227","1":"product","2":"type-product","3":"status-publish","4":"has-post-thumbnail","6":"pwb-brand-cdp","7":"product_cat-ups","8":"product_tag-250w","9":"product_tag-500va","11":"first","12":"instock","13":"taxable","14":"shipping-taxable","15":"purchasable","16":"product-type-simple"},"yoast_head":"<!-- This site is optimized with the Yoast SEO Premium plugin v25.7.1 (Yoast SEO v26.8) - https:\/\/yoast.com\/product\/yoast-seo-premium-wordpress\/ -->\n<title>UPS 500VA 250W Li-504 CDP - Mivoot<\/title>\n<meta name=\"robots\" content=\"index, follow, max-snippet:-1, max-image-preview:large, max-video-preview:-1\" \/>\n<link rel=\"canonical\" href=\"https:\/\/mivoot.com\/gt\/producto\/ups-500va-250w-li-504-cdp\/\" \/>\n<meta property=\"og:locale\" content=\"es_ES\" \/>\n<meta property=\"og:type\" content=\"article\" \/>\n<meta property=\"og:title\" content=\"UPS 500VA 250W Li-504 CDP\" \/>\n<meta property=\"og:description\" content=\"- Modelo li-504 - Capacidad: 500VA \/ 250W - Forma de onda: Simulaci\u00f3n de onda sinusoidal. - Protecci\u00f3n: Sobrecarga y descarga - Rango de voltaje: 90-135Vca - 4 tomas: 2 con respaldo y 2 solo con supresi\u00f3n NEMA 5-15 - Puerto USB de 2.1 amp. - Voltaje: 120Vac - Tipo \/ Cantidad de bater\u00edas: Bater\u00eda de Litio. - Respaldo hasta 3 horas en laptops y 10 horas en m\u00f3dems. - M\u00e1s de cinco a\u00f1os de vida \u00fatil. - Dimensiones: 182x125x47mm.\" \/>\n<meta property=\"og:url\" content=\"https:\/\/mivoot.com\/gt\/producto\/ups-500va-250w-li-504-cdp\/\" \/>\n<meta property=\"og:site_name\" content=\"Mivoot\" \/>\n<meta property=\"article:publisher\" content=\"https:\/\/www.facebook.com\/mivootgt\" \/>\n<meta property=\"article:modified_time\" content=\"2025-02-11T16:43:59+00:00\" \/>\n<meta property=\"og:image\" content=\"https:\/\/mivoot.com\/gt\/wp-content\/uploads\/2025\/02\/Li-504-02.jpg\" \/>\n\t<meta property=\"og:image:width\" content=\"650\" \/>\n\t<meta property=\"og:image:height\" content=\"650\" \/>\n\t<meta property=\"og:image:type\" content=\"image\/jpeg\" \/>\n<meta name=\"twitter:card\" content=\"summary_large_image\" \/>\n<meta name=\"twitter:label1\" content=\"Est. reading time\" \/>\n\t<meta name=\"twitter:data1\" content=\"2 minutos\" \/>\n<script type=\"application\/ld+json\" class=\"yoast-schema-graph\">{\"@context\":\"https:\/\/schema.org\",\"@graph\":[{\"@type\":\"WebPage\",\"@id\":\"https:\/\/mivoot.com\/gt\/producto\/ups-500va-250w-li-504-cdp\/\",\"url\":\"https:\/\/mivoot.com\/gt\/producto\/ups-500va-250w-li-504-cdp\/\",\"name\":\"UPS 500VA 250W Li-504 CDP - Mivoot\",\"isPartOf\":{\"@id\":\"https:\/\/mivoot.com\/gt\/#website\"},\"primaryImageOfPage\":{\"@id\":\"https:\/\/mivoot.com\/gt\/producto\/ups-500va-250w-li-504-cdp\/#primaryimage\"},\"image\":{\"@id\":\"https:\/\/mivoot.com\/gt\/producto\/ups-500va-250w-li-504-cdp\/#primaryimage\"},\"thumbnailUrl\":\"https:\/\/mivoot.com\/gt\/wp-content\/uploads\/2025\/02\/Li-504-02.jpg\",\"datePublished\":\"2025-02-11T16:43:58+00:00\",\"dateModified\":\"2025-02-11T16:43:59+00:00\",\"breadcrumb\":{\"@id\":\"https:\/\/mivoot.com\/gt\/producto\/ups-500va-250w-li-504-cdp\/#breadcrumb\"},\"inLanguage\":\"es\",\"potentialAction\":[{\"@type\":\"ReadAction\",\"target\":[\"https:\/\/mivoot.com\/gt\/producto\/ups-500va-250w-li-504-cdp\/\"]}]},{\"@type\":\"ImageObject\",\"inLanguage\":\"es\",\"@id\":\"https:\/\/mivoot.com\/gt\/producto\/ups-500va-250w-li-504-cdp\/#primaryimage\",\"url\":\"https:\/\/mivoot.com\/gt\/wp-content\/uploads\/2025\/02\/Li-504-02.jpg\",\"contentUrl\":\"https:\/\/mivoot.com\/gt\/wp-content\/uploads\/2025\/02\/Li-504-02.jpg\",\"width\":650,\"height\":650},{\"@type\":\"BreadcrumbList\",\"@id\":\"https:\/\/mivoot.com\/gt\/producto\/ups-500va-250w-li-504-cdp\/#breadcrumb\",\"itemListElement\":[{\"@type\":\"ListItem\",\"position\":1,\"name\":\"Inicio\",\"item\":\"https:\/\/mivoot.com\/gt\/\"},{\"@type\":\"ListItem\",\"position\":2,\"name\":\"Productos\",\"item\":\"https:\/\/mivoot.com\/gt\/producto\/\"},{\"@type\":\"ListItem\",\"position\":3,\"name\":\"CDP\",\"item\":\"https:\/\/mivoot.com\/gt\/marca\/cdp\/\"},{\"@type\":\"ListItem\",\"position\":4,\"name\":\"UPS 500VA 250W Li-504 CDP\"}]},{\"@type\":\"WebSite\",\"@id\":\"https:\/\/mivoot.com\/gt\/#website\",\"url\":\"https:\/\/mivoot.com\/gt\/\",\"name\":\"Mivoot\",\"description\":\"Mivoot Guatemala | Tienda Online\",\"publisher\":{\"@id\":\"https:\/\/mivoot.com\/gt\/#organization\"},\"alternateName\":\"mivoot\",\"potentialAction\":[{\"@type\":\"SearchAction\",\"target\":{\"@type\":\"EntryPoint\",\"urlTemplate\":\"https:\/\/mivoot.com\/gt\/?s={search_term_string}\"},\"query-input\":{\"@type\":\"PropertyValueSpecification\",\"valueRequired\":true,\"valueName\":\"search_term_string\"}}],\"inLanguage\":\"es\"},{\"@type\":\"Organization\",\"@id\":\"https:\/\/mivoot.com\/gt\/#organization\",\"name\":\"Mivoot Guatemala\",\"alternateName\":\"mivoot.com\",\"url\":\"https:\/\/mivoot.com\/gt\/\",\"logo\":{\"@type\":\"ImageObject\",\"inLanguage\":\"es\",\"@id\":\"https:\/\/mivoot.com\/gt\/#\/schema\/logo\/image\/\",\"url\":\"https:\/\/mivoot.com\/gt\/wp-content\/uploads\/2023\/03\/cropped-icon.png\",\"contentUrl\":\"https:\/\/mivoot.com\/gt\/wp-content\/uploads\/2023\/03\/cropped-icon.png\",\"width\":512,\"height\":512,\"caption\":\"Mivoot Guatemala\"},\"image\":{\"@id\":\"https:\/\/mivoot.com\/gt\/#\/schema\/logo\/image\/\"},\"sameAs\":[\"https:\/\/www.facebook.com\/mivootgt\",\"https:\/\/instagram.com\/mivoot\"]}]}<\/script>\n<!-- \/ Yoast SEO Premium plugin. -->","yoast_head_json":{"title":"UPS 500VA 250W Li-504 CDP - Mivoot","robots":{"index":"index","follow":"follow","max-snippet":"max-snippet:-1","max-image-preview":"max-image-preview:large","max-video-preview":"max-video-preview:-1"},"canonical":"https:\/\/mivoot.com\/gt\/producto\/ups-500va-250w-li-504-cdp\/","og_locale":"es_ES","og_type":"article","og_title":"UPS 500VA 250W Li-504 CDP","og_description":"- Modelo li-504 - Capacidad: 500VA \/ 250W - Forma de onda: Simulaci\u00f3n de onda sinusoidal. - Protecci\u00f3n: Sobrecarga y descarga - Rango de voltaje: 90-135Vca - 4 tomas: 2 con respaldo y 2 solo con supresi\u00f3n NEMA 5-15 - Puerto USB de 2.1 amp. - Voltaje: 120Vac - Tipo \/ Cantidad de bater\u00edas: Bater\u00eda de Litio. - Respaldo hasta 3 horas en laptops y 10 horas en m\u00f3dems. - M\u00e1s de cinco a\u00f1os de vida \u00fatil. - Dimensiones: 182x125x47mm.","og_url":"https:\/\/mivoot.com\/gt\/producto\/ups-500va-250w-li-504-cdp\/","og_site_name":"Mivoot","article_publisher":"https:\/\/www.facebook.com\/mivootgt","article_modified_time":"2025-02-11T16:43:59+00:00","og_image":[{"width":650,"height":650,"url":"https:\/\/mivoot.com\/gt\/wp-content\/uploads\/2025\/02\/Li-504-02.jpg","type":"image\/jpeg"}],"twitter_card":"summary_large_image","twitter_misc":{"Est. reading time":"2 minutos"},"schema":{"@context":"https:\/\/schema.org","@graph":[{"@type":"WebPage","@id":"https:\/\/mivoot.com\/gt\/producto\/ups-500va-250w-li-504-cdp\/","url":"https:\/\/mivoot.com\/gt\/producto\/ups-500va-250w-li-504-cdp\/","name":"UPS 500VA 250W Li-504 CDP - Mivoot","isPartOf":{"@id":"https:\/\/mivoot.com\/gt\/#website"},"primaryImageOfPage":{"@id":"https:\/\/mivoot.com\/gt\/producto\/ups-500va-250w-li-504-cdp\/#primaryimage"},"image":{"@id":"https:\/\/mivoot.com\/gt\/producto\/ups-500va-250w-li-504-cdp\/#primaryimage"},"thumbnailUrl":"https:\/\/mivoot.com\/gt\/wp-content\/uploads\/2025\/02\/Li-504-02.jpg","datePublished":"2025-02-11T16:43:58+00:00","dateModified":"2025-02-11T16:43:59+00:00","breadcrumb":{"@id":"https:\/\/mivoot.com\/gt\/producto\/ups-500va-250w-li-504-cdp\/#breadcrumb"},"inLanguage":"es","potentialAction":[{"@type":"ReadAction","target":["https:\/\/mivoot.com\/gt\/producto\/ups-500va-250w-li-504-cdp\/"]}]},{"@type":"ImageObject","inLanguage":"es","@id":"https:\/\/mivoot.com\/gt\/producto\/ups-500va-250w-li-504-cdp\/#primaryimage","url":"https:\/\/mivoot.com\/gt\/wp-content\/uploads\/2025\/02\/Li-504-02.jpg","contentUrl":"https:\/\/mivoot.com\/gt\/wp-content\/uploads\/2025\/02\/Li-504-02.jpg","width":650,"height":650},{"@type":"BreadcrumbList","@id":"https:\/\/mivoot.com\/gt\/producto\/ups-500va-250w-li-504-cdp\/#breadcrumb","itemListElement":[{"@type":"ListItem","position":1,"name":"Inicio","item":"https:\/\/mivoot.com\/gt\/"},{"@type":"ListItem","position":2,"name":"Productos","item":"https:\/\/mivoot.com\/gt\/producto\/"},{"@type":"ListItem","position":3,"name":"CDP","item":"https:\/\/mivoot.com\/gt\/marca\/cdp\/"},{"@type":"ListItem","position":4,"name":"UPS 500VA 250W Li-504 CDP"}]},{"@type":"WebSite","@id":"https:\/\/mivoot.com\/gt\/#website","url":"https:\/\/mivoot.com\/gt\/","name":"Mivoot","description":"Mivoot Guatemala | Tienda Online","publisher":{"@id":"https:\/\/mivoot.com\/gt\/#organization"},"alternateName":"mivoot","potentialAction":[{"@type":"SearchAction","target":{"@type":"EntryPoint","urlTemplate":"https:\/\/mivoot.com\/gt\/?s={search_term_string}"},"query-input":{"@type":"PropertyValueSpecification","valueRequired":true,"valueName":"search_term_string"}}],"inLanguage":"es"},{"@type":"Organization","@id":"https:\/\/mivoot.com\/gt\/#organization","name":"Mivoot Guatemala","alternateName":"mivoot.com","url":"https:\/\/mivoot.com\/gt\/","logo":{"@type":"ImageObject","inLanguage":"es","@id":"https:\/\/mivoot.com\/gt\/#\/schema\/logo\/image\/","url":"https:\/\/mivoot.com\/gt\/wp-content\/uploads\/2023\/03\/cropped-icon.png","contentUrl":"https:\/\/mivoot.com\/gt\/wp-content\/uploads\/2023\/03\/cropped-icon.png","width":512,"height":512,"caption":"Mivoot Guatemala"},"image":{"@id":"https:\/\/mivoot.com\/gt\/#\/schema\/logo\/image\/"},"sameAs":["https:\/\/www.facebook.com\/mivootgt","https:\/\/instagram.com\/mivoot"]}]}},"jetpack_publicize_connections":[],"jetpack_sharing_enabled":true,"brands":[{"id":570,"name":"CDP","slug":"cdp"}],"_links":{"self":[{"href":"https:\/\/mivoot.com\/gt\/wp-json\/wp\/v2\/product\/26227","targetHints":{"allow":["GET"]}}],"collection":[{"href":"https:\/\/mivoot.com\/gt\/wp-json\/wp\/v2\/product"}],"about":[{"href":"https:\/\/mivoot.com\/gt\/wp-json\/wp\/v2\/types\/product"}],"replies":[{"embeddable":true,"href":"https:\/\/mivoot.com\/gt\/wp-json\/wp\/v2\/comments?post=26227"}],"version-history":[{"count":2,"href":"https:\/\/mivoot.com\/gt\/wp-json\/wp\/v2\/product\/26227\/revisions"}],"predecessor-version":[{"id":26234,"href":"https:\/\/mivoot.com\/gt\/wp-json\/wp\/v2\/product\/26227\/revisions\/26234"}],"wp:featuredmedia":[{"embeddable":true,"href":"https:\/\/mivoot.com\/gt\/wp-json\/wp\/v2\/media\/26231"}],"wp:attachment":[{"href":"https:\/\/mivoot.com\/gt\/wp-json\/wp\/v2\/media?parent=26227"}],"wp:term":[{"taxonomy":"pwb-brand","embeddable":true,"href":"https:\/\/mivoot.com\/gt\/wp-json\/wp\/v2\/pwb-brand?post=26227"},{"taxonomy":"product_brand","embeddable":true,"href":"https:\/\/mivoot.com\/gt\/wp-json\/wp\/v2\/product_brand?post=26227"},{"taxonomy":"product_cat","embeddable":true,"href":"https:\/\/mivoot.com\/gt\/wp-json\/wp\/v2\/product_cat?post=26227"},{"taxonomy":"product_tag","embeddable":true,"href":"https:\/\/mivoot.com\/gt\/wp-json\/wp\/v2\/product_tag?post=26227"}],"curies":[{"name":"wp","href":"https:\/\/api.w.org\/{rel}","templated":true}]}}