{"id":26242,"date":"2025-02-11T12:00:07","date_gmt":"2025-02-11T18:00:07","guid":{"rendered":"https:\/\/mivoot.com\/gt\/?post_type=product&#038;p=26242"},"modified":"2025-02-11T14:29:32","modified_gmt":"2025-02-11T20:29:32","slug":"ups-interactivo-750va-375w-8-tomas-r-upr758-cdp","status":"publish","type":"product","link":"https:\/\/mivoot.com\/gt\/producto\/ups-interactivo-750va-375w-8-tomas-r-upr758-cdp\/","title":{"rendered":"UPS Interactivo 750VA 375W 8 Tomas R-UPR758 CDP"},"content":{"rendered":"<h1>R-UPR758<\/h1>\n<div class=\"product-description\">\n<div align=\"justify\">UPS interactivo de l\u00ednea de 750 VA con 8 toma corrientes NEMA 5-15 dise\u00f1ados para el hogar \/ oficina. Bater\u00edas de plomo \u00e1cido selladas internas, regulador de voltaje supresor de sobre tensiones y salidas de derivaci\u00f3n para cargas m\u00e1s grandes.<\/div>\n<div align=\"justify\"><\/div>\n<div align=\"justify\">Proporciona energ\u00eda continua a enrutadores WIFI, sistemas de alarma y equipos inform\u00e1ticos. Las alarmas audibles indican el funcionamiento y los niveles de bater\u00eda. Certificado por las agencias reguladoras NOM, ISO9001-2015, ISO14001, RETIE.<\/div>\n<\/div>\n<div align=\"justify\"><\/div>\n<div align=\"justify\">\n<ul>\n<li>Controles potentes basados en microprocesadores para una mayor confiabilidad con regulaci\u00f3n autom\u00e1tica de la tensi\u00f3n.<\/li>\n<li>Dise\u00f1ado para proveer a\u00f1os de protecci\u00f3n a los equipos de computaci\u00f3n y sus perif\u00e9ricos.<\/li>\n<li>Cargador de bater\u00eda de alto nivel para prolongar su longevidad y cagarla completamente.<\/li>\n<li>Protecci\u00f3n de sobrecarga durante el modo de funcionamiento y de bater\u00eda.<\/li>\n<li>Se puede encender sin enchufarlo.<\/li>\n<\/ul>\n<\/div>\n<div class=\"product-description\">\n<div align=\"justify\"><\/div>\n<\/div>\n","protected":false},"excerpt":{"rendered":"<p>&#8211; Capacidad 750VA \/ 375W<br \/>\n&#8211; Tipo de onda: Simulaci\u00f3n onda senoidal<br \/>\n&#8211; Protecci\u00f3n: Breaker termomagn\u00e9tico y circuitos electr\u00f3nicos (Modo de l\u00ednea) y contra corto circuito<br \/>\n&#8211; Conector de entrada: 20 min aprox.<br \/>\n&#8211; Peso 4.6Kg \/ 4.4Kg*<br \/>\n&#8211; Dimensiones 95 x 140 x 300 mm \/ 101 x 142 x 279 mm* (Largo x Alto x Profundo)<\/p>\n","protected":false},"featured_media":26239,"comment_status":"open","ping_status":"closed","template":"","meta":{"jetpack_publicize_message":"","jetpack_publicize_feature_enabled":true,"jetpack_social_post_already_shared":true,"jetpack_social_options":{"image_generator_settings":{"template":"highway","default_image_id":0,"font":"","enabled":false},"version":2}},"pwb-brand":[570],"product_brand":[],"product_cat":[178],"product_tag":[241,235],"class_list":{"0":"post-26242","1":"product","2":"type-product","3":"status-publish","4":"has-post-thumbnail","6":"pwb-brand-cdp","7":"product_cat-ups","8":"product_tag-375w","9":"product_tag-750va","11":"first","12":"instock","13":"taxable","14":"shipping-taxable","15":"product-type-simple"},"yoast_head":"<!-- This site is optimized with the Yoast SEO Premium plugin v25.7.1 (Yoast SEO v26.8) - https:\/\/yoast.com\/product\/yoast-seo-premium-wordpress\/ -->\n<title>UPS Interactivo 750VA 375W 8 Tomas R-UPR758 CDP - Mivoot<\/title>\n<meta name=\"robots\" content=\"index, follow, max-snippet:-1, max-image-preview:large, max-video-preview:-1\" \/>\n<link rel=\"canonical\" href=\"https:\/\/mivoot.com\/gt\/producto\/ups-interactivo-750va-375w-8-tomas-r-upr758-cdp\/\" \/>\n<meta property=\"og:locale\" content=\"es_ES\" \/>\n<meta property=\"og:type\" content=\"article\" \/>\n<meta property=\"og:title\" content=\"UPS Interactivo 750VA 375W 8 Tomas R-UPR758 CDP\" \/>\n<meta property=\"og:description\" content=\"- Capacidad 750VA \/ 375W - Tipo de onda: Simulaci\u00f3n onda senoidal - Protecci\u00f3n: Breaker termomagn\u00e9tico y circuitos electr\u00f3nicos (Modo de l\u00ednea) y contra corto circuito - Conector de entrada: 20 min aprox. - Peso 4.6Kg \/ 4.4Kg* - Dimensiones 95 x 140 x 300 mm \/ 101 x 142 x 279 mm* (Largo x Alto x Profundo)\" \/>\n<meta property=\"og:url\" content=\"https:\/\/mivoot.com\/gt\/producto\/ups-interactivo-750va-375w-8-tomas-r-upr758-cdp\/\" \/>\n<meta property=\"og:site_name\" content=\"Mivoot\" \/>\n<meta property=\"article:publisher\" content=\"https:\/\/www.facebook.com\/mivootgt\" \/>\n<meta property=\"article:modified_time\" content=\"2025-02-11T20:29:32+00:00\" \/>\n<meta property=\"og:image\" content=\"https:\/\/mivoot.com\/gt\/wp-content\/uploads\/2025\/02\/R-UPR508.png\" \/>\n\t<meta property=\"og:image:width\" content=\"800\" \/>\n\t<meta property=\"og:image:height\" content=\"800\" \/>\n\t<meta property=\"og:image:type\" content=\"image\/png\" \/>\n<meta name=\"twitter:card\" content=\"summary_large_image\" \/>\n<meta name=\"twitter:label1\" content=\"Est. reading time\" \/>\n\t<meta name=\"twitter:data1\" content=\"1 minuto\" \/>\n<script type=\"application\/ld+json\" class=\"yoast-schema-graph\">{\"@context\":\"https:\/\/schema.org\",\"@graph\":[{\"@type\":\"WebPage\",\"@id\":\"https:\/\/mivoot.com\/gt\/producto\/ups-interactivo-750va-375w-8-tomas-r-upr758-cdp\/\",\"url\":\"https:\/\/mivoot.com\/gt\/producto\/ups-interactivo-750va-375w-8-tomas-r-upr758-cdp\/\",\"name\":\"UPS Interactivo 750VA 375W 8 Tomas R-UPR758 CDP - Mivoot\",\"isPartOf\":{\"@id\":\"https:\/\/mivoot.com\/gt\/#website\"},\"primaryImageOfPage\":{\"@id\":\"https:\/\/mivoot.com\/gt\/producto\/ups-interactivo-750va-375w-8-tomas-r-upr758-cdp\/#primaryimage\"},\"image\":{\"@id\":\"https:\/\/mivoot.com\/gt\/producto\/ups-interactivo-750va-375w-8-tomas-r-upr758-cdp\/#primaryimage\"},\"thumbnailUrl\":\"https:\/\/mivoot.com\/gt\/wp-content\/uploads\/2025\/02\/R-UPR508.png\",\"datePublished\":\"2025-02-11T18:00:07+00:00\",\"dateModified\":\"2025-02-11T20:29:32+00:00\",\"breadcrumb\":{\"@id\":\"https:\/\/mivoot.com\/gt\/producto\/ups-interactivo-750va-375w-8-tomas-r-upr758-cdp\/#breadcrumb\"},\"inLanguage\":\"es\",\"potentialAction\":[{\"@type\":\"ReadAction\",\"target\":[\"https:\/\/mivoot.com\/gt\/producto\/ups-interactivo-750va-375w-8-tomas-r-upr758-cdp\/\"]}]},{\"@type\":\"ImageObject\",\"inLanguage\":\"es\",\"@id\":\"https:\/\/mivoot.com\/gt\/producto\/ups-interactivo-750va-375w-8-tomas-r-upr758-cdp\/#primaryimage\",\"url\":\"https:\/\/mivoot.com\/gt\/wp-content\/uploads\/2025\/02\/R-UPR508.png\",\"contentUrl\":\"https:\/\/mivoot.com\/gt\/wp-content\/uploads\/2025\/02\/R-UPR508.png\",\"width\":800,\"height\":800},{\"@type\":\"BreadcrumbList\",\"@id\":\"https:\/\/mivoot.com\/gt\/producto\/ups-interactivo-750va-375w-8-tomas-r-upr758-cdp\/#breadcrumb\",\"itemListElement\":[{\"@type\":\"ListItem\",\"position\":1,\"name\":\"Inicio\",\"item\":\"https:\/\/mivoot.com\/gt\/\"},{\"@type\":\"ListItem\",\"position\":2,\"name\":\"Productos\",\"item\":\"https:\/\/mivoot.com\/gt\/producto\/\"},{\"@type\":\"ListItem\",\"position\":3,\"name\":\"CDP\",\"item\":\"https:\/\/mivoot.com\/gt\/marca\/cdp\/\"},{\"@type\":\"ListItem\",\"position\":4,\"name\":\"UPS Interactivo 750VA 375W 8 Tomas R-UPR758 CDP\"}]},{\"@type\":\"WebSite\",\"@id\":\"https:\/\/mivoot.com\/gt\/#website\",\"url\":\"https:\/\/mivoot.com\/gt\/\",\"name\":\"Mivoot\",\"description\":\"Mivoot Guatemala | Tienda Online\",\"publisher\":{\"@id\":\"https:\/\/mivoot.com\/gt\/#organization\"},\"alternateName\":\"mivoot\",\"potentialAction\":[{\"@type\":\"SearchAction\",\"target\":{\"@type\":\"EntryPoint\",\"urlTemplate\":\"https:\/\/mivoot.com\/gt\/?s={search_term_string}\"},\"query-input\":{\"@type\":\"PropertyValueSpecification\",\"valueRequired\":true,\"valueName\":\"search_term_string\"}}],\"inLanguage\":\"es\"},{\"@type\":\"Organization\",\"@id\":\"https:\/\/mivoot.com\/gt\/#organization\",\"name\":\"Mivoot Guatemala\",\"alternateName\":\"mivoot.com\",\"url\":\"https:\/\/mivoot.com\/gt\/\",\"logo\":{\"@type\":\"ImageObject\",\"inLanguage\":\"es\",\"@id\":\"https:\/\/mivoot.com\/gt\/#\/schema\/logo\/image\/\",\"url\":\"https:\/\/mivoot.com\/gt\/wp-content\/uploads\/2023\/03\/cropped-icon.png\",\"contentUrl\":\"https:\/\/mivoot.com\/gt\/wp-content\/uploads\/2023\/03\/cropped-icon.png\",\"width\":512,\"height\":512,\"caption\":\"Mivoot Guatemala\"},\"image\":{\"@id\":\"https:\/\/mivoot.com\/gt\/#\/schema\/logo\/image\/\"},\"sameAs\":[\"https:\/\/www.facebook.com\/mivootgt\",\"https:\/\/instagram.com\/mivoot\"]}]}<\/script>\n<!-- \/ Yoast SEO Premium plugin. -->","yoast_head_json":{"title":"UPS Interactivo 750VA 375W 8 Tomas R-UPR758 CDP - Mivoot","robots":{"index":"index","follow":"follow","max-snippet":"max-snippet:-1","max-image-preview":"max-image-preview:large","max-video-preview":"max-video-preview:-1"},"canonical":"https:\/\/mivoot.com\/gt\/producto\/ups-interactivo-750va-375w-8-tomas-r-upr758-cdp\/","og_locale":"es_ES","og_type":"article","og_title":"UPS Interactivo 750VA 375W 8 Tomas R-UPR758 CDP","og_description":"- Capacidad 750VA \/ 375W - Tipo de onda: Simulaci\u00f3n onda senoidal - Protecci\u00f3n: Breaker termomagn\u00e9tico y circuitos electr\u00f3nicos (Modo de l\u00ednea) y contra corto circuito - Conector de entrada: 20 min aprox. - Peso 4.6Kg \/ 4.4Kg* - Dimensiones 95 x 140 x 300 mm \/ 101 x 142 x 279 mm* (Largo x Alto x Profundo)","og_url":"https:\/\/mivoot.com\/gt\/producto\/ups-interactivo-750va-375w-8-tomas-r-upr758-cdp\/","og_site_name":"Mivoot","article_publisher":"https:\/\/www.facebook.com\/mivootgt","article_modified_time":"2025-02-11T20:29:32+00:00","og_image":[{"width":800,"height":800,"url":"https:\/\/mivoot.com\/gt\/wp-content\/uploads\/2025\/02\/R-UPR508.png","type":"image\/png"}],"twitter_card":"summary_large_image","twitter_misc":{"Est. reading time":"1 minuto"},"schema":{"@context":"https:\/\/schema.org","@graph":[{"@type":"WebPage","@id":"https:\/\/mivoot.com\/gt\/producto\/ups-interactivo-750va-375w-8-tomas-r-upr758-cdp\/","url":"https:\/\/mivoot.com\/gt\/producto\/ups-interactivo-750va-375w-8-tomas-r-upr758-cdp\/","name":"UPS Interactivo 750VA 375W 8 Tomas R-UPR758 CDP - Mivoot","isPartOf":{"@id":"https:\/\/mivoot.com\/gt\/#website"},"primaryImageOfPage":{"@id":"https:\/\/mivoot.com\/gt\/producto\/ups-interactivo-750va-375w-8-tomas-r-upr758-cdp\/#primaryimage"},"image":{"@id":"https:\/\/mivoot.com\/gt\/producto\/ups-interactivo-750va-375w-8-tomas-r-upr758-cdp\/#primaryimage"},"thumbnailUrl":"https:\/\/mivoot.com\/gt\/wp-content\/uploads\/2025\/02\/R-UPR508.png","datePublished":"2025-02-11T18:00:07+00:00","dateModified":"2025-02-11T20:29:32+00:00","breadcrumb":{"@id":"https:\/\/mivoot.com\/gt\/producto\/ups-interactivo-750va-375w-8-tomas-r-upr758-cdp\/#breadcrumb"},"inLanguage":"es","potentialAction":[{"@type":"ReadAction","target":["https:\/\/mivoot.com\/gt\/producto\/ups-interactivo-750va-375w-8-tomas-r-upr758-cdp\/"]}]},{"@type":"ImageObject","inLanguage":"es","@id":"https:\/\/mivoot.com\/gt\/producto\/ups-interactivo-750va-375w-8-tomas-r-upr758-cdp\/#primaryimage","url":"https:\/\/mivoot.com\/gt\/wp-content\/uploads\/2025\/02\/R-UPR508.png","contentUrl":"https:\/\/mivoot.com\/gt\/wp-content\/uploads\/2025\/02\/R-UPR508.png","width":800,"height":800},{"@type":"BreadcrumbList","@id":"https:\/\/mivoot.com\/gt\/producto\/ups-interactivo-750va-375w-8-tomas-r-upr758-cdp\/#breadcrumb","itemListElement":[{"@type":"ListItem","position":1,"name":"Inicio","item":"https:\/\/mivoot.com\/gt\/"},{"@type":"ListItem","position":2,"name":"Productos","item":"https:\/\/mivoot.com\/gt\/producto\/"},{"@type":"ListItem","position":3,"name":"CDP","item":"https:\/\/mivoot.com\/gt\/marca\/cdp\/"},{"@type":"ListItem","position":4,"name":"UPS Interactivo 750VA 375W 8 Tomas R-UPR758 CDP"}]},{"@type":"WebSite","@id":"https:\/\/mivoot.com\/gt\/#website","url":"https:\/\/mivoot.com\/gt\/","name":"Mivoot","description":"Mivoot Guatemala | Tienda Online","publisher":{"@id":"https:\/\/mivoot.com\/gt\/#organization"},"alternateName":"mivoot","potentialAction":[{"@type":"SearchAction","target":{"@type":"EntryPoint","urlTemplate":"https:\/\/mivoot.com\/gt\/?s={search_term_string}"},"query-input":{"@type":"PropertyValueSpecification","valueRequired":true,"valueName":"search_term_string"}}],"inLanguage":"es"},{"@type":"Organization","@id":"https:\/\/mivoot.com\/gt\/#organization","name":"Mivoot Guatemala","alternateName":"mivoot.com","url":"https:\/\/mivoot.com\/gt\/","logo":{"@type":"ImageObject","inLanguage":"es","@id":"https:\/\/mivoot.com\/gt\/#\/schema\/logo\/image\/","url":"https:\/\/mivoot.com\/gt\/wp-content\/uploads\/2023\/03\/cropped-icon.png","contentUrl":"https:\/\/mivoot.com\/gt\/wp-content\/uploads\/2023\/03\/cropped-icon.png","width":512,"height":512,"caption":"Mivoot Guatemala"},"image":{"@id":"https:\/\/mivoot.com\/gt\/#\/schema\/logo\/image\/"},"sameAs":["https:\/\/www.facebook.com\/mivootgt","https:\/\/instagram.com\/mivoot"]}]}},"jetpack_publicize_connections":[],"jetpack_sharing_enabled":true,"brands":[{"id":570,"name":"CDP","slug":"cdp"}],"_links":{"self":[{"href":"https:\/\/mivoot.com\/gt\/wp-json\/wp\/v2\/product\/26242","targetHints":{"allow":["GET"]}}],"collection":[{"href":"https:\/\/mivoot.com\/gt\/wp-json\/wp\/v2\/product"}],"about":[{"href":"https:\/\/mivoot.com\/gt\/wp-json\/wp\/v2\/types\/product"}],"replies":[{"embeddable":true,"href":"https:\/\/mivoot.com\/gt\/wp-json\/wp\/v2\/comments?post=26242"}],"version-history":[{"count":2,"href":"https:\/\/mivoot.com\/gt\/wp-json\/wp\/v2\/product\/26242\/revisions"}],"predecessor-version":[{"id":26362,"href":"https:\/\/mivoot.com\/gt\/wp-json\/wp\/v2\/product\/26242\/revisions\/26362"}],"wp:featuredmedia":[{"embeddable":true,"href":"https:\/\/mivoot.com\/gt\/wp-json\/wp\/v2\/media\/26239"}],"wp:attachment":[{"href":"https:\/\/mivoot.com\/gt\/wp-json\/wp\/v2\/media?parent=26242"}],"wp:term":[{"taxonomy":"pwb-brand","embeddable":true,"href":"https:\/\/mivoot.com\/gt\/wp-json\/wp\/v2\/pwb-brand?post=26242"},{"taxonomy":"product_brand","embeddable":true,"href":"https:\/\/mivoot.com\/gt\/wp-json\/wp\/v2\/product_brand?post=26242"},{"taxonomy":"product_cat","embeddable":true,"href":"https:\/\/mivoot.com\/gt\/wp-json\/wp\/v2\/product_cat?post=26242"},{"taxonomy":"product_tag","embeddable":true,"href":"https:\/\/mivoot.com\/gt\/wp-json\/wp\/v2\/product_tag?post=26242"}],"curies":[{"name":"wp","href":"https:\/\/api.w.org\/{rel}","templated":true}]}}