{"id":26295,"date":"2025-02-11T16:17:01","date_gmt":"2025-02-11T22:17:01","guid":{"rendered":"https:\/\/mivoot.com\/gt\/?post_type=product&#038;p=26295"},"modified":"2025-02-11T16:17:03","modified_gmt":"2025-02-11T22:17:03","slug":"multi-olla-rapida-12-funciones-oster","status":"publish","type":"product","link":"https:\/\/mivoot.com\/gt\/producto\/multi-olla-rapida-12-funciones-oster\/","title":{"rendered":"Multi-olla r\u00e1pida 12 funciones Oster"},"content":{"rendered":"<p><img decoding=\"async\" src=\"https:\/\/osterlatino.com\/pdp\/CKSTPCEC6801\/images\/slot1-2560x1600.jpg\" \/><\/p>\n<p>&nbsp;<\/p>\n<p><img fetchpriority=\"high\" decoding=\"async\" class=\" wp-image-26299 aligncenter\" src=\"https:\/\/mivoot.com\/gt\/wp-content\/uploads\/2025\/02\/Captura-de-pantalla-2025-02-11-142030-300x124.png\" alt=\"\" width=\"1120\" height=\"463\" srcset=\"https:\/\/mivoot.com\/gt\/wp-content\/uploads\/2025\/02\/Captura-de-pantalla-2025-02-11-142030-300x124.png 300w, https:\/\/mivoot.com\/gt\/wp-content\/uploads\/2025\/02\/Captura-de-pantalla-2025-02-11-142030-410x169.png 410w, https:\/\/mivoot.com\/gt\/wp-content\/uploads\/2025\/02\/Captura-de-pantalla-2025-02-11-142030-64x26.png 64w, https:\/\/mivoot.com\/gt\/wp-content\/uploads\/2025\/02\/Captura-de-pantalla-2025-02-11-142030-768x317.png 768w, https:\/\/mivoot.com\/gt\/wp-content\/uploads\/2025\/02\/Captura-de-pantalla-2025-02-11-142030-600x247.png 600w, https:\/\/mivoot.com\/gt\/wp-content\/uploads\/2025\/02\/Captura-de-pantalla-2025-02-11-142030.png 970w\" sizes=\"(max-width: 1120px) 100vw, 1120px\" \/><\/p>\n<p><img decoding=\"async\" class=\" wp-image-26298 aligncenter\" src=\"https:\/\/mivoot.com\/gt\/wp-content\/uploads\/2025\/02\/Captura-de-pantalla-2025-02-11-142739-300x184.png\" alt=\"\" width=\"1118\" height=\"686\" srcset=\"https:\/\/mivoot.com\/gt\/wp-content\/uploads\/2025\/02\/Captura-de-pantalla-2025-02-11-142739-300x184.png 300w, https:\/\/mivoot.com\/gt\/wp-content\/uploads\/2025\/02\/Captura-de-pantalla-2025-02-11-142739-410x252.png 410w, https:\/\/mivoot.com\/gt\/wp-content\/uploads\/2025\/02\/Captura-de-pantalla-2025-02-11-142739-64x39.png 64w, https:\/\/mivoot.com\/gt\/wp-content\/uploads\/2025\/02\/Captura-de-pantalla-2025-02-11-142739-768x472.png 768w, https:\/\/mivoot.com\/gt\/wp-content\/uploads\/2025\/02\/Captura-de-pantalla-2025-02-11-142739-600x369.png 600w, https:\/\/mivoot.com\/gt\/wp-content\/uploads\/2025\/02\/Captura-de-pantalla-2025-02-11-142739.png 1001w\" sizes=\"(max-width: 1118px) 100vw, 1118px\" \/><\/p>\n<p><img decoding=\"async\" class=\" wp-image-26300 aligncenter\" src=\"https:\/\/mivoot.com\/gt\/wp-content\/uploads\/2025\/02\/Captura-de-pantalla-2025-02-11-144042-300x120.png\" alt=\"\" width=\"1150\" height=\"460\" srcset=\"https:\/\/mivoot.com\/gt\/wp-content\/uploads\/2025\/02\/Captura-de-pantalla-2025-02-11-144042-300x120.png 300w, https:\/\/mivoot.com\/gt\/wp-content\/uploads\/2025\/02\/Captura-de-pantalla-2025-02-11-144042-410x164.png 410w, https:\/\/mivoot.com\/gt\/wp-content\/uploads\/2025\/02\/Captura-de-pantalla-2025-02-11-144042-64x26.png 64w, https:\/\/mivoot.com\/gt\/wp-content\/uploads\/2025\/02\/Captura-de-pantalla-2025-02-11-144042-768x307.png 768w, https:\/\/mivoot.com\/gt\/wp-content\/uploads\/2025\/02\/Captura-de-pantalla-2025-02-11-144042-600x240.png 600w, https:\/\/mivoot.com\/gt\/wp-content\/uploads\/2025\/02\/Captura-de-pantalla-2025-02-11-144042.png 1038w\" sizes=\"(max-width: 1150px) 100vw, 1150px\" \/><\/p>\n<p>&nbsp;<\/p>\n<p><img loading=\"lazy\" decoding=\"async\" class=\" wp-image-26297 aligncenter\" src=\"https:\/\/mivoot.com\/gt\/wp-content\/uploads\/2025\/02\/Captura-de-pantalla-2025-02-11-143444-300x185.png\" alt=\"\" width=\"1126\" height=\"695\" srcset=\"https:\/\/mivoot.com\/gt\/wp-content\/uploads\/2025\/02\/Captura-de-pantalla-2025-02-11-143444-300x185.png 300w, https:\/\/mivoot.com\/gt\/wp-content\/uploads\/2025\/02\/Captura-de-pantalla-2025-02-11-143444-410x252.png 410w, https:\/\/mivoot.com\/gt\/wp-content\/uploads\/2025\/02\/Captura-de-pantalla-2025-02-11-143444-64x39.png 64w, https:\/\/mivoot.com\/gt\/wp-content\/uploads\/2025\/02\/Captura-de-pantalla-2025-02-11-143444-600x369.png 600w\" sizes=\"(max-width: 1126px) 100vw, 1126px\" \/><\/p>\n<p>&nbsp;<\/p>\n<p><img decoding=\"async\" class=\"aligncenter\" src=\"https:\/\/osterlatino.com\/pdp\/CKSTPCEC6801\/images\/slot7-securityfeatures.jpg\" \/><\/p>\n<p>&nbsp;<\/p>\n<p><iframe title=\"Multi-Olla R\u00e1pida Oster\u00ae CKSTPCEC6801\" width=\"1020\" height=\"574\" src=\"https:\/\/www.youtube.com\/embed\/EglIR5ZU7jI?feature=oembed&#038;enablejsapi=1&#038;origin=https:\/\/mivoot.com\" frameborder=\"0\" allow=\"accelerometer; autoplay; clipboard-write; encrypted-media; gyroscope; picture-in-picture; web-share\" referrerpolicy=\"strict-origin-when-cross-origin\" allowfullscreen><\/iframe><\/p>\n<p>&nbsp;<\/p>\n<h2 style=\"text-align: center\"><span style=\"color: #003366\"><strong>La Multi-Olla r\u00e1pida te ayuda a preparar variedades de comida al toque de un bot\u00f3n. Ya sea que est\u00e9s preparando tu comida por la ma\u00f1ana para dejarla cocinado durante el d\u00eda, o si necesitas una comida r\u00e1pida y saludable en menos de una hora. La Multi-Olla r\u00e1pida lo hace todo.<\/strong><\/span><\/h2>\n<p>&nbsp;<\/p>\n<ul>\n<li>cocina r\u00e1pidamente carnes, estofados, pollo y pavo, granos, arroz, postres y mucho m\u00e1s, utilizando las funciones pre-configuradas para cocinar a presi\u00f3n, cocci\u00f3n lenta, a vapor o sofre\u00edr<\/li>\n<li>Cocci\u00f3n a presi\u00f3n permite cocinar hasta un 70% m\u00e1s r\u00e1pido que el m\u00e9todo de cocina tradicional<\/li>\n<li>Cocci\u00f3n al vapor ayuda a preparar alimentos bajos en grasa y con m\u00e1s nutrici\u00f3n<\/li>\n<li>Con la funci\u00f3n de sofre\u00edr puedes sellar los jugos de los asados, o simplemente sofre\u00edr otros alimentos<\/li>\n<li>Olla de 5.7 litros de capacidad con recubrimiento Bioceramic\u00ae 100% natural y libre de PTFE y PFOA<\/li>\n<li>Pantalla digital muestra el tiempo de cocci\u00f3n, y permiten ajustar el tiempo, la temperatura y la presi\u00f3n<\/li>\n<li>Cocci\u00f3n con seguridad, ya que la tapa de cierre herm\u00e9tico permanece bloqueada mientras la presi\u00f3n est\u00e1 dentro de la olla. La tapa solo se abre cuando toda la presi\u00f3n ha sido liberada<\/li>\n<li>Funci\u00f3n de mantener caliente hasta por 4 horas<\/li>\n<li>\n<ul>\n<li><strong>Recomendaci\u00f3n:\u00a0\u00a0<\/strong>Antes de usar por primera tu producto Oster\u00ae con recubrimiento Bioceramic\u2122 o antiadherente, cubre la superficie con aceite vegetal. Calienta la superficie a la m\u00e1xima potencia por 5-10 minutos. Apaga y deja enfriar por completo. Finalmente, con un pa\u00f1o suave lava la plancha con agua caliente y seca.\u00a0Ahora tu producto ya est\u00e1 curado y listo para usar.<\/li>\n<\/ul>\n<\/li>\n<\/ul>\n<p>&nbsp;<\/p>\n","protected":false},"excerpt":{"rendered":"<p>&#8211; Peso: 5.8 kg<br \/>\n&#8211; Medidas (Alto x Ancho X Largo): 34.3 x 34.4 x 31.7 cm<br \/>\n&#8211; Recubrimiento: Bioceramic<br \/>\n&#8211; Capacidad en litros: 5.7 L<br \/>\n&#8211; Manual o Digital: Digital<br \/>\n&#8211; Funciones: si<br \/>\n&#8211; Control de temperatura: si<br \/>\n&#8211; Temporizador\/Tiempo: si<\/p>\n","protected":false},"featured_media":26302,"comment_status":"open","ping_status":"closed","template":"","meta":{"jetpack_publicize_message":"","jetpack_publicize_feature_enabled":true,"jetpack_social_post_already_shared":true,"jetpack_social_options":{"image_generator_settings":{"template":"highway","default_image_id":0,"font":"","enabled":false},"version":2}},"pwb-brand":[298],"product_brand":[],"product_cat":[544],"product_tag":[],"class_list":{"0":"post-26295","1":"product","2":"type-product","3":"status-publish","4":"has-post-thumbnail","6":"pwb-brand-oster","7":"product_cat-ollas-y-sartenes","9":"first","10":"instock","11":"taxable","12":"shipping-taxable","13":"purchasable","14":"product-type-simple"},"yoast_head":"<!-- This site is optimized with the Yoast SEO Premium plugin v25.7.1 (Yoast SEO v26.8) - https:\/\/yoast.com\/product\/yoast-seo-premium-wordpress\/ -->\n<title>Multi-olla r\u00e1pida 12 funciones Oster - Mivoot<\/title>\n<meta name=\"robots\" content=\"index, follow, max-snippet:-1, max-image-preview:large, max-video-preview:-1\" \/>\n<link rel=\"canonical\" href=\"https:\/\/mivoot.com\/gt\/producto\/multi-olla-rapida-12-funciones-oster\/\" \/>\n<meta property=\"og:locale\" content=\"es_ES\" \/>\n<meta property=\"og:type\" content=\"article\" \/>\n<meta property=\"og:title\" content=\"Multi-olla r\u00e1pida 12 funciones Oster\" \/>\n<meta property=\"og:description\" content=\"- Peso: 5.8 kg - Medidas (Alto x Ancho X Largo): 34.3 x 34.4 x 31.7 cm - Recubrimiento: Bioceramic - Capacidad en litros: 5.7 L - Manual o Digital: Digital - Funciones: si - Control de temperatura: si - Temporizador\/Tiempo: si\" \/>\n<meta property=\"og:url\" content=\"https:\/\/mivoot.com\/gt\/producto\/multi-olla-rapida-12-funciones-oster\/\" \/>\n<meta property=\"og:site_name\" content=\"Mivoot\" \/>\n<meta property=\"article:publisher\" content=\"https:\/\/www.facebook.com\/mivootgt\" \/>\n<meta property=\"article:modified_time\" content=\"2025-02-11T22:17:03+00:00\" \/>\n<meta property=\"og:image\" content=\"https:\/\/mivoot.com\/gt\/wp-content\/uploads\/2025\/02\/1708631367559_350268-1600-auto.webp\" \/>\n\t<meta property=\"og:image:width\" content=\"1000\" \/>\n\t<meta property=\"og:image:height\" content=\"1000\" \/>\n\t<meta property=\"og:image:type\" content=\"image\/webp\" \/>\n<meta name=\"twitter:card\" content=\"summary_large_image\" \/>\n<meta name=\"twitter:label1\" content=\"Est. reading time\" \/>\n\t<meta name=\"twitter:data1\" content=\"3 minutos\" \/>\n<script type=\"application\/ld+json\" class=\"yoast-schema-graph\">{\"@context\":\"https:\/\/schema.org\",\"@graph\":[{\"@type\":\"WebPage\",\"@id\":\"https:\/\/mivoot.com\/gt\/producto\/multi-olla-rapida-12-funciones-oster\/\",\"url\":\"https:\/\/mivoot.com\/gt\/producto\/multi-olla-rapida-12-funciones-oster\/\",\"name\":\"Multi-olla r\u00e1pida 12 funciones Oster - Mivoot\",\"isPartOf\":{\"@id\":\"https:\/\/mivoot.com\/gt\/#website\"},\"primaryImageOfPage\":{\"@id\":\"https:\/\/mivoot.com\/gt\/producto\/multi-olla-rapida-12-funciones-oster\/#primaryimage\"},\"image\":{\"@id\":\"https:\/\/mivoot.com\/gt\/producto\/multi-olla-rapida-12-funciones-oster\/#primaryimage\"},\"thumbnailUrl\":\"https:\/\/mivoot.com\/gt\/wp-content\/uploads\/2025\/02\/1708631367559_350268-1600-auto.webp\",\"datePublished\":\"2025-02-11T22:17:01+00:00\",\"dateModified\":\"2025-02-11T22:17:03+00:00\",\"breadcrumb\":{\"@id\":\"https:\/\/mivoot.com\/gt\/producto\/multi-olla-rapida-12-funciones-oster\/#breadcrumb\"},\"inLanguage\":\"es\",\"potentialAction\":[{\"@type\":\"ReadAction\",\"target\":[\"https:\/\/mivoot.com\/gt\/producto\/multi-olla-rapida-12-funciones-oster\/\"]}]},{\"@type\":\"ImageObject\",\"inLanguage\":\"es\",\"@id\":\"https:\/\/mivoot.com\/gt\/producto\/multi-olla-rapida-12-funciones-oster\/#primaryimage\",\"url\":\"https:\/\/mivoot.com\/gt\/wp-content\/uploads\/2025\/02\/1708631367559_350268-1600-auto.webp\",\"contentUrl\":\"https:\/\/mivoot.com\/gt\/wp-content\/uploads\/2025\/02\/1708631367559_350268-1600-auto.webp\",\"width\":1000,\"height\":1000},{\"@type\":\"BreadcrumbList\",\"@id\":\"https:\/\/mivoot.com\/gt\/producto\/multi-olla-rapida-12-funciones-oster\/#breadcrumb\",\"itemListElement\":[{\"@type\":\"ListItem\",\"position\":1,\"name\":\"Inicio\",\"item\":\"https:\/\/mivoot.com\/gt\/\"},{\"@type\":\"ListItem\",\"position\":2,\"name\":\"Productos\",\"item\":\"https:\/\/mivoot.com\/gt\/producto\/\"},{\"@type\":\"ListItem\",\"position\":3,\"name\":\"Oster\",\"item\":\"https:\/\/mivoot.com\/gt\/marca\/oster\/\"},{\"@type\":\"ListItem\",\"position\":4,\"name\":\"Multi-olla r\u00e1pida 12 funciones Oster\"}]},{\"@type\":\"WebSite\",\"@id\":\"https:\/\/mivoot.com\/gt\/#website\",\"url\":\"https:\/\/mivoot.com\/gt\/\",\"name\":\"Mivoot\",\"description\":\"Mivoot Guatemala | Tienda Online\",\"publisher\":{\"@id\":\"https:\/\/mivoot.com\/gt\/#organization\"},\"alternateName\":\"mivoot\",\"potentialAction\":[{\"@type\":\"SearchAction\",\"target\":{\"@type\":\"EntryPoint\",\"urlTemplate\":\"https:\/\/mivoot.com\/gt\/?s={search_term_string}\"},\"query-input\":{\"@type\":\"PropertyValueSpecification\",\"valueRequired\":true,\"valueName\":\"search_term_string\"}}],\"inLanguage\":\"es\"},{\"@type\":\"Organization\",\"@id\":\"https:\/\/mivoot.com\/gt\/#organization\",\"name\":\"Mivoot Guatemala\",\"alternateName\":\"mivoot.com\",\"url\":\"https:\/\/mivoot.com\/gt\/\",\"logo\":{\"@type\":\"ImageObject\",\"inLanguage\":\"es\",\"@id\":\"https:\/\/mivoot.com\/gt\/#\/schema\/logo\/image\/\",\"url\":\"https:\/\/mivoot.com\/gt\/wp-content\/uploads\/2023\/03\/cropped-icon.png\",\"contentUrl\":\"https:\/\/mivoot.com\/gt\/wp-content\/uploads\/2023\/03\/cropped-icon.png\",\"width\":512,\"height\":512,\"caption\":\"Mivoot Guatemala\"},\"image\":{\"@id\":\"https:\/\/mivoot.com\/gt\/#\/schema\/logo\/image\/\"},\"sameAs\":[\"https:\/\/www.facebook.com\/mivootgt\",\"https:\/\/instagram.com\/mivoot\"]}]}<\/script>\n<!-- \/ Yoast SEO Premium plugin. -->","yoast_head_json":{"title":"Multi-olla r\u00e1pida 12 funciones Oster - Mivoot","robots":{"index":"index","follow":"follow","max-snippet":"max-snippet:-1","max-image-preview":"max-image-preview:large","max-video-preview":"max-video-preview:-1"},"canonical":"https:\/\/mivoot.com\/gt\/producto\/multi-olla-rapida-12-funciones-oster\/","og_locale":"es_ES","og_type":"article","og_title":"Multi-olla r\u00e1pida 12 funciones Oster","og_description":"- Peso: 5.8 kg - Medidas (Alto x Ancho X Largo): 34.3 x 34.4 x 31.7 cm - Recubrimiento: Bioceramic - Capacidad en litros: 5.7 L - Manual o Digital: Digital - Funciones: si - Control de temperatura: si - Temporizador\/Tiempo: si","og_url":"https:\/\/mivoot.com\/gt\/producto\/multi-olla-rapida-12-funciones-oster\/","og_site_name":"Mivoot","article_publisher":"https:\/\/www.facebook.com\/mivootgt","article_modified_time":"2025-02-11T22:17:03+00:00","og_image":[{"width":1000,"height":1000,"url":"https:\/\/mivoot.com\/gt\/wp-content\/uploads\/2025\/02\/1708631367559_350268-1600-auto.webp","type":"image\/webp"}],"twitter_card":"summary_large_image","twitter_misc":{"Est. reading time":"3 minutos"},"schema":{"@context":"https:\/\/schema.org","@graph":[{"@type":"WebPage","@id":"https:\/\/mivoot.com\/gt\/producto\/multi-olla-rapida-12-funciones-oster\/","url":"https:\/\/mivoot.com\/gt\/producto\/multi-olla-rapida-12-funciones-oster\/","name":"Multi-olla r\u00e1pida 12 funciones Oster - Mivoot","isPartOf":{"@id":"https:\/\/mivoot.com\/gt\/#website"},"primaryImageOfPage":{"@id":"https:\/\/mivoot.com\/gt\/producto\/multi-olla-rapida-12-funciones-oster\/#primaryimage"},"image":{"@id":"https:\/\/mivoot.com\/gt\/producto\/multi-olla-rapida-12-funciones-oster\/#primaryimage"},"thumbnailUrl":"https:\/\/mivoot.com\/gt\/wp-content\/uploads\/2025\/02\/1708631367559_350268-1600-auto.webp","datePublished":"2025-02-11T22:17:01+00:00","dateModified":"2025-02-11T22:17:03+00:00","breadcrumb":{"@id":"https:\/\/mivoot.com\/gt\/producto\/multi-olla-rapida-12-funciones-oster\/#breadcrumb"},"inLanguage":"es","potentialAction":[{"@type":"ReadAction","target":["https:\/\/mivoot.com\/gt\/producto\/multi-olla-rapida-12-funciones-oster\/"]}]},{"@type":"ImageObject","inLanguage":"es","@id":"https:\/\/mivoot.com\/gt\/producto\/multi-olla-rapida-12-funciones-oster\/#primaryimage","url":"https:\/\/mivoot.com\/gt\/wp-content\/uploads\/2025\/02\/1708631367559_350268-1600-auto.webp","contentUrl":"https:\/\/mivoot.com\/gt\/wp-content\/uploads\/2025\/02\/1708631367559_350268-1600-auto.webp","width":1000,"height":1000},{"@type":"BreadcrumbList","@id":"https:\/\/mivoot.com\/gt\/producto\/multi-olla-rapida-12-funciones-oster\/#breadcrumb","itemListElement":[{"@type":"ListItem","position":1,"name":"Inicio","item":"https:\/\/mivoot.com\/gt\/"},{"@type":"ListItem","position":2,"name":"Productos","item":"https:\/\/mivoot.com\/gt\/producto\/"},{"@type":"ListItem","position":3,"name":"Oster","item":"https:\/\/mivoot.com\/gt\/marca\/oster\/"},{"@type":"ListItem","position":4,"name":"Multi-olla r\u00e1pida 12 funciones Oster"}]},{"@type":"WebSite","@id":"https:\/\/mivoot.com\/gt\/#website","url":"https:\/\/mivoot.com\/gt\/","name":"Mivoot","description":"Mivoot Guatemala | Tienda Online","publisher":{"@id":"https:\/\/mivoot.com\/gt\/#organization"},"alternateName":"mivoot","potentialAction":[{"@type":"SearchAction","target":{"@type":"EntryPoint","urlTemplate":"https:\/\/mivoot.com\/gt\/?s={search_term_string}"},"query-input":{"@type":"PropertyValueSpecification","valueRequired":true,"valueName":"search_term_string"}}],"inLanguage":"es"},{"@type":"Organization","@id":"https:\/\/mivoot.com\/gt\/#organization","name":"Mivoot Guatemala","alternateName":"mivoot.com","url":"https:\/\/mivoot.com\/gt\/","logo":{"@type":"ImageObject","inLanguage":"es","@id":"https:\/\/mivoot.com\/gt\/#\/schema\/logo\/image\/","url":"https:\/\/mivoot.com\/gt\/wp-content\/uploads\/2023\/03\/cropped-icon.png","contentUrl":"https:\/\/mivoot.com\/gt\/wp-content\/uploads\/2023\/03\/cropped-icon.png","width":512,"height":512,"caption":"Mivoot Guatemala"},"image":{"@id":"https:\/\/mivoot.com\/gt\/#\/schema\/logo\/image\/"},"sameAs":["https:\/\/www.facebook.com\/mivootgt","https:\/\/instagram.com\/mivoot"]}]}},"jetpack_publicize_connections":[],"jetpack_sharing_enabled":true,"brands":[{"id":298,"name":"Oster","slug":"oster"}],"_links":{"self":[{"href":"https:\/\/mivoot.com\/gt\/wp-json\/wp\/v2\/product\/26295","targetHints":{"allow":["GET"]}}],"collection":[{"href":"https:\/\/mivoot.com\/gt\/wp-json\/wp\/v2\/product"}],"about":[{"href":"https:\/\/mivoot.com\/gt\/wp-json\/wp\/v2\/types\/product"}],"replies":[{"embeddable":true,"href":"https:\/\/mivoot.com\/gt\/wp-json\/wp\/v2\/comments?post=26295"}],"version-history":[{"count":1,"href":"https:\/\/mivoot.com\/gt\/wp-json\/wp\/v2\/product\/26295\/revisions"}],"predecessor-version":[{"id":26306,"href":"https:\/\/mivoot.com\/gt\/wp-json\/wp\/v2\/product\/26295\/revisions\/26306"}],"wp:featuredmedia":[{"embeddable":true,"href":"https:\/\/mivoot.com\/gt\/wp-json\/wp\/v2\/media\/26302"}],"wp:attachment":[{"href":"https:\/\/mivoot.com\/gt\/wp-json\/wp\/v2\/media?parent=26295"}],"wp:term":[{"taxonomy":"pwb-brand","embeddable":true,"href":"https:\/\/mivoot.com\/gt\/wp-json\/wp\/v2\/pwb-brand?post=26295"},{"taxonomy":"product_brand","embeddable":true,"href":"https:\/\/mivoot.com\/gt\/wp-json\/wp\/v2\/product_brand?post=26295"},{"taxonomy":"product_cat","embeddable":true,"href":"https:\/\/mivoot.com\/gt\/wp-json\/wp\/v2\/product_cat?post=26295"},{"taxonomy":"product_tag","embeddable":true,"href":"https:\/\/mivoot.com\/gt\/wp-json\/wp\/v2\/product_tag?post=26295"}],"curies":[{"name":"wp","href":"https:\/\/api.w.org\/{rel}","templated":true}]}}