{"id":26308,"date":"2025-02-11T16:29:23","date_gmt":"2025-02-11T22:29:23","guid":{"rendered":"https:\/\/mivoot.com\/gt\/?post_type=product&#038;p=26308"},"modified":"2025-02-11T16:29:24","modified_gmt":"2025-02-11T22:29:24","slug":"olla-de-presion-4-2-litros-oster-2","status":"publish","type":"product","link":"https:\/\/mivoot.com\/gt\/producto\/olla-de-presion-4-2-litros-oster-2\/","title":{"rendered":"Olla de Presi\u00f3n 4.2 litros Oster"},"content":{"rendered":"<h2 style=\"text-align: center\"><span style=\"color: #003366\"><strong>Nuestra Olla de Presi\u00f3n Oster de 4.2 litros, cuenta con 5 sistemas de seguridad para mayor confiabilidad del consumidor. Su fabricaci\u00f3n es de aluminio durable y ligero para una cocci\u00f3n eficiente. Incluye una tapa herm\u00e9tica con sello grueso y reforzado.<\/strong><\/span><\/h2>\n<h2 style=\"text-align: center\"><strong><span style=\"color: #339966\"> \u00a1Disfruta mientras cocinas con seguridad en nuestra olla de presi\u00f3n!<\/span><\/strong><\/h2>\n<p>&nbsp;<\/p>\n<ul>\n<li>Capacidad de 4.2 litros<\/li>\n<li>Agarradera doble para un manejo m\u00e1s c\u00f3modo y segur<\/li>\n<li>Sistema 2 en 1 permite liberar presi\u00f3n mediante la salida de vapor y cierre interno de seguridad<\/li>\n<li>V\u00e1lvula que controla la presi\u00f3n liber\u00e1ndola autom\u00e1ticamente e indicando la condici\u00f3n de operaci\u00f3n<\/li>\n<li>Incluye: 2 v\u00e1lvulas de seguridad adicionales<\/li>\n<li>Asa auxiliar permite un manejo c\u00f3modo y seguro<\/li>\n<li>Fabricada en aluminio durable y ligero para una cocci\u00f3n eficiente<\/li>\n<li>Incluye una tapa herm\u00e9tica con sello grueso y reforzado<\/li>\n<\/ul>\n","protected":false},"excerpt":{"rendered":"<p>&#8211; Peso: 2 kg<br \/>\n&#8211; Medidas (Alto x Ancho X Largo): 64.4 cm x 25.3 cm x 61 cm<br \/>\n&#8211; Capacidad en litros: 4.2 lt<br \/>\n&#8211; Manual o Digital: Manual<br \/>\n&#8211; Funciones: no<br \/>\n&#8211; Control de temperatura: no<br \/>\n&#8211; Temporizador\/Tiempo :\tno<\/p>\n","protected":false},"featured_media":26321,"comment_status":"open","ping_status":"closed","template":"","meta":{"jetpack_publicize_message":"","jetpack_publicize_feature_enabled":true,"jetpack_social_post_already_shared":true,"jetpack_social_options":{"image_generator_settings":{"template":"highway","default_image_id":0,"font":"","enabled":false},"version":2}},"pwb-brand":[298],"product_brand":[],"product_cat":[544],"product_tag":[],"class_list":{"0":"post-26308","1":"product","2":"type-product","3":"status-publish","4":"has-post-thumbnail","6":"pwb-brand-oster","7":"product_cat-ollas-y-sartenes","9":"first","10":"instock","11":"taxable","12":"shipping-taxable","13":"purchasable","14":"product-type-simple"},"yoast_head":"<!-- This site is optimized with the Yoast SEO Premium plugin v25.7.1 (Yoast SEO v26.8) - https:\/\/yoast.com\/product\/yoast-seo-premium-wordpress\/ -->\n<title>Olla de Presi\u00f3n 4.2 litros Oster - Mivoot<\/title>\n<meta name=\"robots\" content=\"index, follow, max-snippet:-1, max-image-preview:large, max-video-preview:-1\" \/>\n<link rel=\"canonical\" href=\"https:\/\/mivoot.com\/gt\/producto\/olla-de-presion-4-2-litros-oster-2\/\" \/>\n<meta property=\"og:locale\" content=\"es_ES\" \/>\n<meta property=\"og:type\" content=\"article\" \/>\n<meta property=\"og:title\" content=\"Olla de Presi\u00f3n 4.2 litros Oster\" \/>\n<meta property=\"og:description\" content=\"- Peso: 2 kg - Medidas (Alto x Ancho X Largo): 64.4 cm x 25.3 cm x 61 cm - Capacidad en litros: 4.2 lt - Manual o Digital: Manual - Funciones: no - Control de temperatura: no - Temporizador\/Tiempo : no\" \/>\n<meta property=\"og:url\" content=\"https:\/\/mivoot.com\/gt\/producto\/olla-de-presion-4-2-litros-oster-2\/\" \/>\n<meta property=\"og:site_name\" content=\"Mivoot\" \/>\n<meta property=\"article:publisher\" content=\"https:\/\/www.facebook.com\/mivootgt\" \/>\n<meta property=\"article:modified_time\" content=\"2025-02-11T22:29:24+00:00\" \/>\n<meta property=\"og:image\" content=\"https:\/\/mivoot.com\/gt\/wp-content\/uploads\/2025\/02\/CKSTPC4690_92_93_1.webp\" \/>\n\t<meta property=\"og:image:width\" content=\"1000\" \/>\n\t<meta property=\"og:image:height\" content=\"1000\" \/>\n\t<meta property=\"og:image:type\" content=\"image\/webp\" \/>\n<meta name=\"twitter:card\" content=\"summary_large_image\" \/>\n<meta name=\"twitter:label1\" content=\"Est. reading time\" \/>\n\t<meta name=\"twitter:data1\" content=\"1 minuto\" \/>\n<script type=\"application\/ld+json\" class=\"yoast-schema-graph\">{\"@context\":\"https:\/\/schema.org\",\"@graph\":[{\"@type\":\"WebPage\",\"@id\":\"https:\/\/mivoot.com\/gt\/producto\/olla-de-presion-4-2-litros-oster-2\/\",\"url\":\"https:\/\/mivoot.com\/gt\/producto\/olla-de-presion-4-2-litros-oster-2\/\",\"name\":\"Olla de Presi\u00f3n 4.2 litros Oster - Mivoot\",\"isPartOf\":{\"@id\":\"https:\/\/mivoot.com\/gt\/#website\"},\"primaryImageOfPage\":{\"@id\":\"https:\/\/mivoot.com\/gt\/producto\/olla-de-presion-4-2-litros-oster-2\/#primaryimage\"},\"image\":{\"@id\":\"https:\/\/mivoot.com\/gt\/producto\/olla-de-presion-4-2-litros-oster-2\/#primaryimage\"},\"thumbnailUrl\":\"https:\/\/mivoot.com\/gt\/wp-content\/uploads\/2025\/02\/CKSTPC4690_92_93_1.webp\",\"datePublished\":\"2025-02-11T22:29:23+00:00\",\"dateModified\":\"2025-02-11T22:29:24+00:00\",\"breadcrumb\":{\"@id\":\"https:\/\/mivoot.com\/gt\/producto\/olla-de-presion-4-2-litros-oster-2\/#breadcrumb\"},\"inLanguage\":\"es\",\"potentialAction\":[{\"@type\":\"ReadAction\",\"target\":[\"https:\/\/mivoot.com\/gt\/producto\/olla-de-presion-4-2-litros-oster-2\/\"]}]},{\"@type\":\"ImageObject\",\"inLanguage\":\"es\",\"@id\":\"https:\/\/mivoot.com\/gt\/producto\/olla-de-presion-4-2-litros-oster-2\/#primaryimage\",\"url\":\"https:\/\/mivoot.com\/gt\/wp-content\/uploads\/2025\/02\/CKSTPC4690_92_93_1.webp\",\"contentUrl\":\"https:\/\/mivoot.com\/gt\/wp-content\/uploads\/2025\/02\/CKSTPC4690_92_93_1.webp\",\"width\":1000,\"height\":1000},{\"@type\":\"BreadcrumbList\",\"@id\":\"https:\/\/mivoot.com\/gt\/producto\/olla-de-presion-4-2-litros-oster-2\/#breadcrumb\",\"itemListElement\":[{\"@type\":\"ListItem\",\"position\":1,\"name\":\"Inicio\",\"item\":\"https:\/\/mivoot.com\/gt\/\"},{\"@type\":\"ListItem\",\"position\":2,\"name\":\"Productos\",\"item\":\"https:\/\/mivoot.com\/gt\/producto\/\"},{\"@type\":\"ListItem\",\"position\":3,\"name\":\"Oster\",\"item\":\"https:\/\/mivoot.com\/gt\/marca\/oster\/\"},{\"@type\":\"ListItem\",\"position\":4,\"name\":\"Olla de Presi\u00f3n 4.2 litros Oster\"}]},{\"@type\":\"WebSite\",\"@id\":\"https:\/\/mivoot.com\/gt\/#website\",\"url\":\"https:\/\/mivoot.com\/gt\/\",\"name\":\"Mivoot\",\"description\":\"Mivoot Guatemala | Tienda Online\",\"publisher\":{\"@id\":\"https:\/\/mivoot.com\/gt\/#organization\"},\"alternateName\":\"mivoot\",\"potentialAction\":[{\"@type\":\"SearchAction\",\"target\":{\"@type\":\"EntryPoint\",\"urlTemplate\":\"https:\/\/mivoot.com\/gt\/?s={search_term_string}\"},\"query-input\":{\"@type\":\"PropertyValueSpecification\",\"valueRequired\":true,\"valueName\":\"search_term_string\"}}],\"inLanguage\":\"es\"},{\"@type\":\"Organization\",\"@id\":\"https:\/\/mivoot.com\/gt\/#organization\",\"name\":\"Mivoot Guatemala\",\"alternateName\":\"mivoot.com\",\"url\":\"https:\/\/mivoot.com\/gt\/\",\"logo\":{\"@type\":\"ImageObject\",\"inLanguage\":\"es\",\"@id\":\"https:\/\/mivoot.com\/gt\/#\/schema\/logo\/image\/\",\"url\":\"https:\/\/mivoot.com\/gt\/wp-content\/uploads\/2023\/03\/cropped-icon.png\",\"contentUrl\":\"https:\/\/mivoot.com\/gt\/wp-content\/uploads\/2023\/03\/cropped-icon.png\",\"width\":512,\"height\":512,\"caption\":\"Mivoot Guatemala\"},\"image\":{\"@id\":\"https:\/\/mivoot.com\/gt\/#\/schema\/logo\/image\/\"},\"sameAs\":[\"https:\/\/www.facebook.com\/mivootgt\",\"https:\/\/instagram.com\/mivoot\"]}]}<\/script>\n<!-- \/ Yoast SEO Premium plugin. -->","yoast_head_json":{"title":"Olla de Presi\u00f3n 4.2 litros Oster - Mivoot","robots":{"index":"index","follow":"follow","max-snippet":"max-snippet:-1","max-image-preview":"max-image-preview:large","max-video-preview":"max-video-preview:-1"},"canonical":"https:\/\/mivoot.com\/gt\/producto\/olla-de-presion-4-2-litros-oster-2\/","og_locale":"es_ES","og_type":"article","og_title":"Olla de Presi\u00f3n 4.2 litros Oster","og_description":"- Peso: 2 kg - Medidas (Alto x Ancho X Largo): 64.4 cm x 25.3 cm x 61 cm - Capacidad en litros: 4.2 lt - Manual o Digital: Manual - Funciones: no - Control de temperatura: no - Temporizador\/Tiempo : no","og_url":"https:\/\/mivoot.com\/gt\/producto\/olla-de-presion-4-2-litros-oster-2\/","og_site_name":"Mivoot","article_publisher":"https:\/\/www.facebook.com\/mivootgt","article_modified_time":"2025-02-11T22:29:24+00:00","og_image":[{"width":1000,"height":1000,"url":"https:\/\/mivoot.com\/gt\/wp-content\/uploads\/2025\/02\/CKSTPC4690_92_93_1.webp","type":"image\/webp"}],"twitter_card":"summary_large_image","twitter_misc":{"Est. reading time":"1 minuto"},"schema":{"@context":"https:\/\/schema.org","@graph":[{"@type":"WebPage","@id":"https:\/\/mivoot.com\/gt\/producto\/olla-de-presion-4-2-litros-oster-2\/","url":"https:\/\/mivoot.com\/gt\/producto\/olla-de-presion-4-2-litros-oster-2\/","name":"Olla de Presi\u00f3n 4.2 litros Oster - Mivoot","isPartOf":{"@id":"https:\/\/mivoot.com\/gt\/#website"},"primaryImageOfPage":{"@id":"https:\/\/mivoot.com\/gt\/producto\/olla-de-presion-4-2-litros-oster-2\/#primaryimage"},"image":{"@id":"https:\/\/mivoot.com\/gt\/producto\/olla-de-presion-4-2-litros-oster-2\/#primaryimage"},"thumbnailUrl":"https:\/\/mivoot.com\/gt\/wp-content\/uploads\/2025\/02\/CKSTPC4690_92_93_1.webp","datePublished":"2025-02-11T22:29:23+00:00","dateModified":"2025-02-11T22:29:24+00:00","breadcrumb":{"@id":"https:\/\/mivoot.com\/gt\/producto\/olla-de-presion-4-2-litros-oster-2\/#breadcrumb"},"inLanguage":"es","potentialAction":[{"@type":"ReadAction","target":["https:\/\/mivoot.com\/gt\/producto\/olla-de-presion-4-2-litros-oster-2\/"]}]},{"@type":"ImageObject","inLanguage":"es","@id":"https:\/\/mivoot.com\/gt\/producto\/olla-de-presion-4-2-litros-oster-2\/#primaryimage","url":"https:\/\/mivoot.com\/gt\/wp-content\/uploads\/2025\/02\/CKSTPC4690_92_93_1.webp","contentUrl":"https:\/\/mivoot.com\/gt\/wp-content\/uploads\/2025\/02\/CKSTPC4690_92_93_1.webp","width":1000,"height":1000},{"@type":"BreadcrumbList","@id":"https:\/\/mivoot.com\/gt\/producto\/olla-de-presion-4-2-litros-oster-2\/#breadcrumb","itemListElement":[{"@type":"ListItem","position":1,"name":"Inicio","item":"https:\/\/mivoot.com\/gt\/"},{"@type":"ListItem","position":2,"name":"Productos","item":"https:\/\/mivoot.com\/gt\/producto\/"},{"@type":"ListItem","position":3,"name":"Oster","item":"https:\/\/mivoot.com\/gt\/marca\/oster\/"},{"@type":"ListItem","position":4,"name":"Olla de Presi\u00f3n 4.2 litros Oster"}]},{"@type":"WebSite","@id":"https:\/\/mivoot.com\/gt\/#website","url":"https:\/\/mivoot.com\/gt\/","name":"Mivoot","description":"Mivoot Guatemala | Tienda Online","publisher":{"@id":"https:\/\/mivoot.com\/gt\/#organization"},"alternateName":"mivoot","potentialAction":[{"@type":"SearchAction","target":{"@type":"EntryPoint","urlTemplate":"https:\/\/mivoot.com\/gt\/?s={search_term_string}"},"query-input":{"@type":"PropertyValueSpecification","valueRequired":true,"valueName":"search_term_string"}}],"inLanguage":"es"},{"@type":"Organization","@id":"https:\/\/mivoot.com\/gt\/#organization","name":"Mivoot Guatemala","alternateName":"mivoot.com","url":"https:\/\/mivoot.com\/gt\/","logo":{"@type":"ImageObject","inLanguage":"es","@id":"https:\/\/mivoot.com\/gt\/#\/schema\/logo\/image\/","url":"https:\/\/mivoot.com\/gt\/wp-content\/uploads\/2023\/03\/cropped-icon.png","contentUrl":"https:\/\/mivoot.com\/gt\/wp-content\/uploads\/2023\/03\/cropped-icon.png","width":512,"height":512,"caption":"Mivoot Guatemala"},"image":{"@id":"https:\/\/mivoot.com\/gt\/#\/schema\/logo\/image\/"},"sameAs":["https:\/\/www.facebook.com\/mivootgt","https:\/\/instagram.com\/mivoot"]}]}},"jetpack_publicize_connections":[],"jetpack_sharing_enabled":true,"brands":[{"id":298,"name":"Oster","slug":"oster"}],"_links":{"self":[{"href":"https:\/\/mivoot.com\/gt\/wp-json\/wp\/v2\/product\/26308","targetHints":{"allow":["GET"]}}],"collection":[{"href":"https:\/\/mivoot.com\/gt\/wp-json\/wp\/v2\/product"}],"about":[{"href":"https:\/\/mivoot.com\/gt\/wp-json\/wp\/v2\/types\/product"}],"replies":[{"embeddable":true,"href":"https:\/\/mivoot.com\/gt\/wp-json\/wp\/v2\/comments?post=26308"}],"version-history":[{"count":1,"href":"https:\/\/mivoot.com\/gt\/wp-json\/wp\/v2\/product\/26308\/revisions"}],"predecessor-version":[{"id":26322,"href":"https:\/\/mivoot.com\/gt\/wp-json\/wp\/v2\/product\/26308\/revisions\/26322"}],"wp:featuredmedia":[{"embeddable":true,"href":"https:\/\/mivoot.com\/gt\/wp-json\/wp\/v2\/media\/26321"}],"wp:attachment":[{"href":"https:\/\/mivoot.com\/gt\/wp-json\/wp\/v2\/media?parent=26308"}],"wp:term":[{"taxonomy":"pwb-brand","embeddable":true,"href":"https:\/\/mivoot.com\/gt\/wp-json\/wp\/v2\/pwb-brand?post=26308"},{"taxonomy":"product_brand","embeddable":true,"href":"https:\/\/mivoot.com\/gt\/wp-json\/wp\/v2\/product_brand?post=26308"},{"taxonomy":"product_cat","embeddable":true,"href":"https:\/\/mivoot.com\/gt\/wp-json\/wp\/v2\/product_cat?post=26308"},{"taxonomy":"product_tag","embeddable":true,"href":"https:\/\/mivoot.com\/gt\/wp-json\/wp\/v2\/product_tag?post=26308"}],"curies":[{"name":"wp","href":"https:\/\/api.w.org\/{rel}","templated":true}]}}