{"id":26335,"date":"2025-02-11T17:03:25","date_gmt":"2025-02-11T23:03:25","guid":{"rendered":"https:\/\/mivoot.com\/gt\/?post_type=product&#038;p=26335"},"modified":"2025-02-11T17:11:46","modified_gmt":"2025-02-11T23:11:46","slug":"carruaje-con-silla-de-carro-para-bebe-fastaction-fold-jogger-click-connect-graco","status":"publish","type":"product","link":"https:\/\/mivoot.com\/gt\/producto\/carruaje-con-silla-de-carro-para-bebe-fastaction-fold-jogger-click-connect-graco\/","title":{"rendered":"Carruaje con Silla de Carro para Beb\u00e9 FastAction Fold Jogger Click Connect Graco"},"content":{"rendered":"\t\t<div data-elementor-type=\"product-post\" data-elementor-id=\"26335\" class=\"elementor elementor-26335\">\n\t\t\t\t\t\t<section class=\"elementor-section elementor-top-section elementor-element elementor-element-1680dad elementor-section-boxed elementor-section-height-default elementor-section-height-default\" data-id=\"1680dad\" data-element_type=\"section\">\n\t\t\t\t\t\t<div class=\"elementor-container elementor-column-gap-default\">\n\t\t\t\t\t<div class=\"elementor-column elementor-col-50 elementor-top-column elementor-element elementor-element-efdaada\" data-id=\"efdaada\" data-element_type=\"column\">\n\t\t\t<div class=\"elementor-widget-wrap elementor-element-populated\">\n\t\t\t\t\t\t<div class=\"elementor-element elementor-element-e259847 elementor-widget elementor-widget-text-editor\" data-id=\"e259847\" data-element_type=\"widget\" data-widget_type=\"text-editor.default\">\n\t\t\t\t<div class=\"elementor-widget-container\">\n\t\t\t\t\t\t\t\t\t<p>El sistema de viaje Graco\u00ae FastAction\u2122 Fold Jogger Click Connect\u2122 combina todas las caracter\u00edsticas de comodidad y conveniencia de un cochecito tradicional con el rendimiento y la maniobrabilidad de un cochecito para correr todo terreno.<\/p><p>Tambi\u00e9n incluye el asiento infantil para el autom\u00f3vil Graco\u00ae SnugRide\u00ae Click Connect\u2122 35 LX, para beb\u00e9s que miran hacia atr\u00e1s de 4 a 35 libras y hasta 32 pulgadas.<\/p><p>Est\u00e1 repleto de caracter\u00edsticas innovadoras, como el plegado FastAction en un segundo y con una mano, que brinda lo \u00faltimo en comodidad para un corredor.<\/p><p>La rueda delantera se bloquea para una mayor estabilidad mientras se corre y se desbloquea para brindar maniobrabilidad en los paseos diarios.<\/p><p>La tecnolog\u00eda Click Connect\u2122 permite una conexi\u00f3n segura de un solo paso del asiento infantil para el autom\u00f3vil al cochecito.<\/p>\t\t\t\t\t\t\t\t<\/div>\n\t\t\t\t<\/div>\n\t\t\t\t\t<\/div>\n\t\t<\/div>\n\t\t\t\t<div class=\"elementor-column elementor-col-50 elementor-top-column elementor-element elementor-element-5764dbf\" data-id=\"5764dbf\" data-element_type=\"column\">\n\t\t\t<div class=\"elementor-widget-wrap elementor-element-populated\">\n\t\t\t\t\t\t<div class=\"elementor-element elementor-element-34cca2b elementor-widget elementor-widget-image\" data-id=\"34cca2b\" data-element_type=\"widget\" data-widget_type=\"image.default\">\n\t\t\t\t<div class=\"elementor-widget-container\">\n\t\t\t\t\t\t\t\t\t\t\t\t\t\t\t<img fetchpriority=\"high\" decoding=\"async\" width=\"800\" height=\"541\" src=\"https:\/\/mivoot.com\/gt\/wp-content\/uploads\/2025\/02\/carruaje-fastaction-3.jpg\" class=\"attachment-large size-large wp-image-26338\" alt=\"\" srcset=\"https:\/\/mivoot.com\/gt\/wp-content\/uploads\/2025\/02\/carruaje-fastaction-3.jpg 800w, https:\/\/mivoot.com\/gt\/wp-content\/uploads\/2025\/02\/carruaje-fastaction-3-410x277.jpg 410w, https:\/\/mivoot.com\/gt\/wp-content\/uploads\/2025\/02\/carruaje-fastaction-3-64x43.jpg 64w, https:\/\/mivoot.com\/gt\/wp-content\/uploads\/2025\/02\/carruaje-fastaction-3-300x203.jpg 300w, https:\/\/mivoot.com\/gt\/wp-content\/uploads\/2025\/02\/carruaje-fastaction-3-768x519.jpg 768w, https:\/\/mivoot.com\/gt\/wp-content\/uploads\/2025\/02\/carruaje-fastaction-3-600x406.jpg 600w\" sizes=\"(max-width: 800px) 100vw, 800px\" \/>\t\t\t\t\t\t\t\t\t\t\t\t\t\t\t<\/div>\n\t\t\t\t<\/div>\n\t\t\t\t\t<\/div>\n\t\t<\/div>\n\t\t\t\t\t<\/div>\n\t\t<\/section>\n\t\t\t\t<section class=\"elementor-section elementor-top-section elementor-element elementor-element-5990f5d elementor-section-boxed elementor-section-height-default elementor-section-height-default\" data-id=\"5990f5d\" data-element_type=\"section\">\n\t\t\t\t\t\t<div class=\"elementor-container elementor-column-gap-default\">\n\t\t\t\t\t<div class=\"elementor-column elementor-col-33 elementor-top-column elementor-element elementor-element-227017e\" data-id=\"227017e\" data-element_type=\"column\">\n\t\t\t<div class=\"elementor-widget-wrap elementor-element-populated\">\n\t\t\t\t\t\t<div class=\"elementor-element elementor-element-13b25ed elementor-widget elementor-widget-text-editor\" data-id=\"13b25ed\" data-element_type=\"widget\" data-widget_type=\"text-editor.default\">\n\t\t\t\t<div class=\"elementor-widget-container\">\n\t\t\t\t\t\t\t\t\t<ul><li class=\"specifications-row\"><div class=\"row m-0 d-flex align-items-stretch\"><span class=\"col-5 col-sm-3 col-lg-4 text-right p-0 d-inline-block\"><span>\u00a0 \u00a0Profundidad del cochecito:<\/span><\/span><span class=\"col-7 col-sm-9 col-lg-8\"><span>40 pulgadas<\/span><\/span><\/div><\/li><li class=\"specifications-row\"><div class=\"row m-0 d-flex align-items-stretch\"><span class=\"col-5 col-sm-3 col-lg-4 text-right p-0 d-inline-block\"><span>\u00a0 Ancho del cochecito:<\/span><\/span><span class=\"col-7 col-sm-9 col-lg-8\"><span>24 pulgadas<\/span><\/span><\/div><\/li><li class=\"specifications-row\"><div class=\"row m-0 d-flex align-items-stretch\"><span class=\"col-5 col-sm-3 col-lg-4 text-right p-0 d-inline-block\"><span>\u00a0 Peso del cochecito:<\/span><\/span><span class=\"col-7 col-sm-9 col-lg-8\"><span>31,99 libras<\/span><\/span><\/div><\/li><li class=\"specifications-row\"><div class=\"row m-0 d-flex align-items-stretch\"><span class=\"col-5 col-sm-3 col-lg-4 text-right p-0 d-inline-block\"><span>\u00a0 Altura del cochecito:<\/span><\/span><span class=\"col-7 col-sm-9 col-lg-8\"><span>42 pulgadas<\/span><\/span><\/div><\/li><li class=\"specifications-row\"><div class=\"row m-0 d-flex align-items-stretch\"><span class=\"col-5 col-sm-3 col-lg-4 text-right p-0 d-inline-block\"><span>\u00a0 Ancho del producto:<\/span><\/span><span class=\"col-7 col-sm-9 col-lg-8\"><span>24 pulgadas<\/span><\/span><\/div><\/li><li class=\"specifications-row\"><div class=\"row m-0 d-flex align-items-stretch\"><span class=\"col-5 col-sm-3 col-lg-4 text-right p-0 d-inline-block\"><span>\u00a0 Altura del producto:<\/span><\/span><span class=\"col-7 col-sm-9 col-lg-8\"><span>42 pulgadas<\/span><\/span><\/div><\/li><li class=\"specifications-row\"><div class=\"row m-0 d-flex align-items-stretch\"><span class=\"col-5 col-sm-3 col-lg-4 text-right p-0 d-inline-block\"><span>\u00a0 Profundidad del producto:<\/span><\/span><span class=\"col-7 col-sm-9 col-lg-8\"><span>40 pulgadas<\/span><\/span><\/div><\/li><li class=\"specifications-row\"><div class=\"row m-0 d-flex align-items-stretch\"><span class=\"col-5 col-sm-3 col-lg-4 text-right p-0 d-inline-block\"><span>\u00a0 Peso del producto:<\/span><\/span><span class=\"col-7 col-sm-9 col-lg-8\"><span>32 libras<\/span><\/span><\/div><\/li><li class=\"specifications-row\"><div class=\"row m-0 d-flex align-items-stretch\"><span class=\"col-5 col-sm-3 col-lg-4 text-right p-0 d-inline-block\"><span>\u00a0 Peso del asiento de autom\u00f3vil con base:<\/span><\/span><span class=\"col-7 col-sm-9 col-lg-8\"><span>14,17 libras<\/span><\/span><\/div><\/li><li class=\"specifications-row\"><div class=\"row m-0 d-flex align-items-stretch\"><span class=\"col-5 col-sm-3 col-lg-4 text-right p-0 d-inline-block\"><span>\u00a0 Profundidad del asiento del coche:<\/span><\/span><span class=\"col-7 col-sm-9 col-lg-8\"><span>30,67 pulgadas<\/span><\/span><\/div><\/li><li class=\"specifications-row\"><div class=\"row m-0 d-flex align-items-stretch\"><span class=\"col-5 col-sm-3 col-lg-4 text-right p-0 d-inline-block\"><span>\u00a0 Altura del asiento del coche:<\/span><\/span><span class=\"col-7 col-sm-9 col-lg-8\"><span>15,59 pulgadas<\/span><\/span><\/div><\/li><li class=\"specifications-row\"><div class=\"row m-0 d-flex align-items-stretch\"><span class=\"col-5 col-sm-3 col-lg-4 text-right p-0 d-inline-block\"><span>\u00a0 Peso del asiento de autom\u00f3vil sin base:<\/span><\/span><span class=\"col-7 col-sm-9 col-lg-8\"><span>7,5 libras<\/span><\/span><\/div><\/li><li class=\"specifications-row\"><div class=\"row m-0 d-flex align-items-stretch\"><span class=\"col-5 col-sm-3 col-lg-4 text-right p-0 d-inline-block\"><span>\u00a0 Ancho interior del asiento del coche:<\/span><\/span><span class=\"col-7 col-sm-9 col-lg-8\"><span>11<\/span><\/span><\/div><\/li><\/ul>\t\t\t\t\t\t\t\t<\/div>\n\t\t\t\t<\/div>\n\t\t\t\t\t<\/div>\n\t\t<\/div>\n\t\t\t\t<div class=\"elementor-column elementor-col-66 elementor-top-column elementor-element elementor-element-797fee7\" data-id=\"797fee7\" data-element_type=\"column\">\n\t\t\t<div class=\"elementor-widget-wrap elementor-element-populated\">\n\t\t\t\t\t\t<div class=\"elementor-element elementor-element-6679226 elementor-widget elementor-widget-video\" data-id=\"6679226\" data-element_type=\"widget\" data-settings=\"{&quot;youtube_url&quot;:&quot;https:\\\/\\\/youtu.be\\\/GWQC_k_1Wdc?si=gxJ6DhXTg8O57jPR&quot;,&quot;video_type&quot;:&quot;youtube&quot;,&quot;controls&quot;:&quot;yes&quot;}\" data-widget_type=\"video.default\">\n\t\t\t\t<div class=\"elementor-widget-container\">\n\t\t\t\t\t\t\t<div class=\"elementor-wrapper elementor-open-inline\">\n\t\t\t<div class=\"elementor-video\"><\/div>\t\t<\/div>\n\t\t\t\t\t\t<\/div>\n\t\t\t\t<\/div>\n\t\t\t\t\t<\/div>\n\t\t<\/div>\n\t\t\t\t\t<\/div>\n\t\t<\/section>\n\t\t\t\t<\/div>\n\t\t","protected":false},"excerpt":{"rendered":"<ul id=\"collapsible-pdp-details-2\" class=\"value content\" role=\"list\">\n<li class=\"outline\" role=\"listitem\"><span style=\"vertical-align: inherit;\"><span style=\"vertical-align: inherit;\">Bandeja de lujo para padres con soporte para tel\u00e9fono inteligente, 2 portavasos profundos y un compartimento de almacenamiento cubierto.<\/span><\/span><\/li>\n<li class=\"outline\" role=\"listitem\"><span style=\"vertical-align: inherit;\"><span style=\"vertical-align: inherit;\">La bandeja para ni\u00f1os con portavasos gira o se quita para facilitar la entrada al cochecito<\/span><\/span><\/li>\n<li class=\"outline\" role=\"listitem\"><span style=\"vertical-align: inherit;\"><span style=\"vertical-align: inherit;\">La cesta de almacenamiento extragrande contiene elementos esenciales para padres e hijos.<\/span><\/span><\/li>\n<li class=\"outline\" role=\"listitem\"><span style=\"vertical-align: inherit;\"><span style=\"vertical-align: inherit;\">El asiento reclinable de m\u00faltiples posiciones garantiza la comodidad del beb\u00e9.<\/span><\/span><\/li>\n<li class=\"outline\" role=\"listitem\"><span style=\"vertical-align: inherit;\"><span style=\"vertical-align: inherit;\">Toldo ampliable extragrande con ventana que permite ver a tu hijo a la sombra<\/span><\/span><\/li>\n<li class=\"outline\" role=\"listitem\"><span style=\"vertical-align: inherit;\"><span style=\"vertical-align: inherit;\">El arn\u00e9s convertible de 3 o 5 puntos crece con su hijo.<\/span><\/span><\/li>\n<li class=\"outline\" role=\"listitem\"><span style=\"vertical-align: inherit;\"><span style=\"vertical-align: inherit;\">Cumple con los requisitos de tama\u00f1o de Disney.<\/span><\/span><\/li>\n<\/ul>\n","protected":false},"featured_media":26340,"comment_status":"open","ping_status":"closed","template":"","meta":{"jetpack_publicize_message":"","jetpack_publicize_feature_enabled":true,"jetpack_social_post_already_shared":true,"jetpack_social_options":{"image_generator_settings":{"template":"highway","default_image_id":0,"font":"","enabled":false},"version":2}},"pwb-brand":[595],"product_brand":[],"product_cat":[594,291],"product_tag":[],"class_list":{"0":"post-26335","1":"product","2":"type-product","3":"status-publish","4":"has-post-thumbnail","6":"pwb-brand-graco","7":"product_cat-bebe","8":"product_cat-hogar-y-organizacion","10":"first","11":"instock","12":"taxable","13":"shipping-taxable","14":"purchasable","15":"product-type-simple"},"yoast_head":"<!-- This site is optimized with the Yoast SEO Premium plugin v25.7.1 (Yoast SEO v26.8) - https:\/\/yoast.com\/product\/yoast-seo-premium-wordpress\/ -->\n<title>Carruaje con Silla de Carro para Beb\u00e9 FastAction Fold Jogger Click Connect Graco - Mivoot<\/title>\n<meta name=\"robots\" content=\"index, follow, max-snippet:-1, max-image-preview:large, max-video-preview:-1\" \/>\n<link rel=\"canonical\" href=\"https:\/\/mivoot.com\/gt\/producto\/carruaje-con-silla-de-carro-para-bebe-fastaction-fold-jogger-click-connect-graco\/\" \/>\n<meta property=\"og:locale\" content=\"es_ES\" \/>\n<meta property=\"og:type\" content=\"article\" \/>\n<meta property=\"og:title\" content=\"Carruaje con Silla de Carro para Beb\u00e9 FastAction Fold Jogger Click Connect Graco\" \/>\n<meta property=\"og:description\" content=\"Bandeja de lujo para padres con soporte para tel\u00e9fono inteligente, 2 portavasos profundos y un compartimento de almacenamiento cubierto.  La bandeja para ni\u00f1os con portavasos gira o se quita para facilitar la entrada al cochecito  La cesta de almacenamiento extragrande contiene elementos esenciales para padres e hijos.  El asiento reclinable de m\u00faltiples posiciones garantiza la comodidad del beb\u00e9.  Toldo ampliable extragrande con ventana que permite ver a tu hijo a la sombra  El arn\u00e9s convertible de 3 o 5 puntos crece con su hijo.  Cumple con los requisitos de tama\u00f1o de Disney.\" \/>\n<meta property=\"og:url\" content=\"https:\/\/mivoot.com\/gt\/producto\/carruaje-con-silla-de-carro-para-bebe-fastaction-fold-jogger-click-connect-graco\/\" \/>\n<meta property=\"og:site_name\" content=\"Mivoot\" \/>\n<meta property=\"article:publisher\" content=\"https:\/\/www.facebook.com\/mivootgt\" \/>\n<meta property=\"article:modified_time\" content=\"2025-02-11T23:11:46+00:00\" \/>\n<meta property=\"og:image\" content=\"https:\/\/mivoot.com\/gt\/wp-content\/uploads\/2021\/03\/cropped-icon.png\" \/>\n\t<meta property=\"og:image:width\" content=\"512\" \/>\n\t<meta property=\"og:image:height\" content=\"512\" \/>\n\t<meta property=\"og:image:type\" content=\"image\/png\" \/>\n<meta name=\"twitter:card\" content=\"summary_large_image\" \/>\n<meta name=\"twitter:label1\" content=\"Est. reading time\" \/>\n\t<meta name=\"twitter:data1\" content=\"2 minutos\" \/>\n<script type=\"application\/ld+json\" class=\"yoast-schema-graph\">{\"@context\":\"https:\/\/schema.org\",\"@graph\":[{\"@type\":\"WebPage\",\"@id\":\"https:\/\/mivoot.com\/gt\/producto\/carruaje-con-silla-de-carro-para-bebe-fastaction-fold-jogger-click-connect-graco\/\",\"url\":\"https:\/\/mivoot.com\/gt\/producto\/carruaje-con-silla-de-carro-para-bebe-fastaction-fold-jogger-click-connect-graco\/\",\"name\":\"Carruaje con Silla de Carro para Beb\u00e9 FastAction Fold Jogger Click Connect Graco - Mivoot\",\"isPartOf\":{\"@id\":\"https:\/\/mivoot.com\/gt\/#website\"},\"primaryImageOfPage\":{\"@id\":\"https:\/\/mivoot.com\/gt\/producto\/carruaje-con-silla-de-carro-para-bebe-fastaction-fold-jogger-click-connect-graco\/#primaryimage\"},\"image\":{\"@id\":\"https:\/\/mivoot.com\/gt\/producto\/carruaje-con-silla-de-carro-para-bebe-fastaction-fold-jogger-click-connect-graco\/#primaryimage\"},\"thumbnailUrl\":\"https:\/\/mivoot.com\/gt\/wp-content\/uploads\/2025\/02\/carruaje-fastaction.avif\",\"datePublished\":\"2025-02-11T23:03:25+00:00\",\"dateModified\":\"2025-02-11T23:11:46+00:00\",\"breadcrumb\":{\"@id\":\"https:\/\/mivoot.com\/gt\/producto\/carruaje-con-silla-de-carro-para-bebe-fastaction-fold-jogger-click-connect-graco\/#breadcrumb\"},\"inLanguage\":\"es\",\"potentialAction\":[{\"@type\":\"ReadAction\",\"target\":[\"https:\/\/mivoot.com\/gt\/producto\/carruaje-con-silla-de-carro-para-bebe-fastaction-fold-jogger-click-connect-graco\/\"]}]},{\"@type\":\"ImageObject\",\"inLanguage\":\"es\",\"@id\":\"https:\/\/mivoot.com\/gt\/producto\/carruaje-con-silla-de-carro-para-bebe-fastaction-fold-jogger-click-connect-graco\/#primaryimage\",\"url\":\"https:\/\/mivoot.com\/gt\/wp-content\/uploads\/2025\/02\/carruaje-fastaction.avif\",\"contentUrl\":\"https:\/\/mivoot.com\/gt\/wp-content\/uploads\/2025\/02\/carruaje-fastaction.avif\",\"width\":1188,\"height\":1073},{\"@type\":\"BreadcrumbList\",\"@id\":\"https:\/\/mivoot.com\/gt\/producto\/carruaje-con-silla-de-carro-para-bebe-fastaction-fold-jogger-click-connect-graco\/#breadcrumb\",\"itemListElement\":[{\"@type\":\"ListItem\",\"position\":1,\"name\":\"Inicio\",\"item\":\"https:\/\/mivoot.com\/gt\/\"},{\"@type\":\"ListItem\",\"position\":2,\"name\":\"Productos\",\"item\":\"https:\/\/mivoot.com\/gt\/producto\/\"},{\"@type\":\"ListItem\",\"position\":3,\"name\":\"Graco\",\"item\":\"https:\/\/mivoot.com\/gt\/marca\/graco\/\"},{\"@type\":\"ListItem\",\"position\":4,\"name\":\"Carruaje con Silla de Carro para Beb\u00e9 FastAction Fold Jogger Click Connect Graco\"}]},{\"@type\":\"WebSite\",\"@id\":\"https:\/\/mivoot.com\/gt\/#website\",\"url\":\"https:\/\/mivoot.com\/gt\/\",\"name\":\"Mivoot\",\"description\":\"Mivoot Guatemala | Tienda Online\",\"publisher\":{\"@id\":\"https:\/\/mivoot.com\/gt\/#organization\"},\"alternateName\":\"mivoot\",\"potentialAction\":[{\"@type\":\"SearchAction\",\"target\":{\"@type\":\"EntryPoint\",\"urlTemplate\":\"https:\/\/mivoot.com\/gt\/?s={search_term_string}\"},\"query-input\":{\"@type\":\"PropertyValueSpecification\",\"valueRequired\":true,\"valueName\":\"search_term_string\"}}],\"inLanguage\":\"es\"},{\"@type\":\"Organization\",\"@id\":\"https:\/\/mivoot.com\/gt\/#organization\",\"name\":\"Mivoot Guatemala\",\"alternateName\":\"mivoot.com\",\"url\":\"https:\/\/mivoot.com\/gt\/\",\"logo\":{\"@type\":\"ImageObject\",\"inLanguage\":\"es\",\"@id\":\"https:\/\/mivoot.com\/gt\/#\/schema\/logo\/image\/\",\"url\":\"https:\/\/mivoot.com\/gt\/wp-content\/uploads\/2023\/03\/cropped-icon.png\",\"contentUrl\":\"https:\/\/mivoot.com\/gt\/wp-content\/uploads\/2023\/03\/cropped-icon.png\",\"width\":512,\"height\":512,\"caption\":\"Mivoot Guatemala\"},\"image\":{\"@id\":\"https:\/\/mivoot.com\/gt\/#\/schema\/logo\/image\/\"},\"sameAs\":[\"https:\/\/www.facebook.com\/mivootgt\",\"https:\/\/instagram.com\/mivoot\"]}]}<\/script>\n<!-- \/ Yoast SEO Premium plugin. -->","yoast_head_json":{"title":"Carruaje con Silla de Carro para Beb\u00e9 FastAction Fold Jogger Click Connect Graco - Mivoot","robots":{"index":"index","follow":"follow","max-snippet":"max-snippet:-1","max-image-preview":"max-image-preview:large","max-video-preview":"max-video-preview:-1"},"canonical":"https:\/\/mivoot.com\/gt\/producto\/carruaje-con-silla-de-carro-para-bebe-fastaction-fold-jogger-click-connect-graco\/","og_locale":"es_ES","og_type":"article","og_title":"Carruaje con Silla de Carro para Beb\u00e9 FastAction Fold Jogger Click Connect Graco","og_description":"Bandeja de lujo para padres con soporte para tel\u00e9fono inteligente, 2 portavasos profundos y un compartimento de almacenamiento cubierto.  La bandeja para ni\u00f1os con portavasos gira o se quita para facilitar la entrada al cochecito  La cesta de almacenamiento extragrande contiene elementos esenciales para padres e hijos.  El asiento reclinable de m\u00faltiples posiciones garantiza la comodidad del beb\u00e9.  Toldo ampliable extragrande con ventana que permite ver a tu hijo a la sombra  El arn\u00e9s convertible de 3 o 5 puntos crece con su hijo.  Cumple con los requisitos de tama\u00f1o de Disney.","og_url":"https:\/\/mivoot.com\/gt\/producto\/carruaje-con-silla-de-carro-para-bebe-fastaction-fold-jogger-click-connect-graco\/","og_site_name":"Mivoot","article_publisher":"https:\/\/www.facebook.com\/mivootgt","article_modified_time":"2025-02-11T23:11:46+00:00","og_image":[{"width":512,"height":512,"url":"https:\/\/mivoot.com\/gt\/wp-content\/uploads\/2021\/03\/cropped-icon.png","type":"image\/png"}],"twitter_card":"summary_large_image","twitter_misc":{"Est. reading time":"2 minutos"},"schema":{"@context":"https:\/\/schema.org","@graph":[{"@type":"WebPage","@id":"https:\/\/mivoot.com\/gt\/producto\/carruaje-con-silla-de-carro-para-bebe-fastaction-fold-jogger-click-connect-graco\/","url":"https:\/\/mivoot.com\/gt\/producto\/carruaje-con-silla-de-carro-para-bebe-fastaction-fold-jogger-click-connect-graco\/","name":"Carruaje con Silla de Carro para Beb\u00e9 FastAction Fold Jogger Click Connect Graco - Mivoot","isPartOf":{"@id":"https:\/\/mivoot.com\/gt\/#website"},"primaryImageOfPage":{"@id":"https:\/\/mivoot.com\/gt\/producto\/carruaje-con-silla-de-carro-para-bebe-fastaction-fold-jogger-click-connect-graco\/#primaryimage"},"image":{"@id":"https:\/\/mivoot.com\/gt\/producto\/carruaje-con-silla-de-carro-para-bebe-fastaction-fold-jogger-click-connect-graco\/#primaryimage"},"thumbnailUrl":"https:\/\/mivoot.com\/gt\/wp-content\/uploads\/2025\/02\/carruaje-fastaction.avif","datePublished":"2025-02-11T23:03:25+00:00","dateModified":"2025-02-11T23:11:46+00:00","breadcrumb":{"@id":"https:\/\/mivoot.com\/gt\/producto\/carruaje-con-silla-de-carro-para-bebe-fastaction-fold-jogger-click-connect-graco\/#breadcrumb"},"inLanguage":"es","potentialAction":[{"@type":"ReadAction","target":["https:\/\/mivoot.com\/gt\/producto\/carruaje-con-silla-de-carro-para-bebe-fastaction-fold-jogger-click-connect-graco\/"]}]},{"@type":"ImageObject","inLanguage":"es","@id":"https:\/\/mivoot.com\/gt\/producto\/carruaje-con-silla-de-carro-para-bebe-fastaction-fold-jogger-click-connect-graco\/#primaryimage","url":"https:\/\/mivoot.com\/gt\/wp-content\/uploads\/2025\/02\/carruaje-fastaction.avif","contentUrl":"https:\/\/mivoot.com\/gt\/wp-content\/uploads\/2025\/02\/carruaje-fastaction.avif","width":1188,"height":1073},{"@type":"BreadcrumbList","@id":"https:\/\/mivoot.com\/gt\/producto\/carruaje-con-silla-de-carro-para-bebe-fastaction-fold-jogger-click-connect-graco\/#breadcrumb","itemListElement":[{"@type":"ListItem","position":1,"name":"Inicio","item":"https:\/\/mivoot.com\/gt\/"},{"@type":"ListItem","position":2,"name":"Productos","item":"https:\/\/mivoot.com\/gt\/producto\/"},{"@type":"ListItem","position":3,"name":"Graco","item":"https:\/\/mivoot.com\/gt\/marca\/graco\/"},{"@type":"ListItem","position":4,"name":"Carruaje con Silla de Carro para Beb\u00e9 FastAction Fold Jogger Click Connect Graco"}]},{"@type":"WebSite","@id":"https:\/\/mivoot.com\/gt\/#website","url":"https:\/\/mivoot.com\/gt\/","name":"Mivoot","description":"Mivoot Guatemala | Tienda Online","publisher":{"@id":"https:\/\/mivoot.com\/gt\/#organization"},"alternateName":"mivoot","potentialAction":[{"@type":"SearchAction","target":{"@type":"EntryPoint","urlTemplate":"https:\/\/mivoot.com\/gt\/?s={search_term_string}"},"query-input":{"@type":"PropertyValueSpecification","valueRequired":true,"valueName":"search_term_string"}}],"inLanguage":"es"},{"@type":"Organization","@id":"https:\/\/mivoot.com\/gt\/#organization","name":"Mivoot Guatemala","alternateName":"mivoot.com","url":"https:\/\/mivoot.com\/gt\/","logo":{"@type":"ImageObject","inLanguage":"es","@id":"https:\/\/mivoot.com\/gt\/#\/schema\/logo\/image\/","url":"https:\/\/mivoot.com\/gt\/wp-content\/uploads\/2023\/03\/cropped-icon.png","contentUrl":"https:\/\/mivoot.com\/gt\/wp-content\/uploads\/2023\/03\/cropped-icon.png","width":512,"height":512,"caption":"Mivoot Guatemala"},"image":{"@id":"https:\/\/mivoot.com\/gt\/#\/schema\/logo\/image\/"},"sameAs":["https:\/\/www.facebook.com\/mivootgt","https:\/\/instagram.com\/mivoot"]}]}},"jetpack_publicize_connections":[],"jetpack_sharing_enabled":true,"brands":[{"id":595,"name":"Graco","slug":"graco"}],"_links":{"self":[{"href":"https:\/\/mivoot.com\/gt\/wp-json\/wp\/v2\/product\/26335","targetHints":{"allow":["GET"]}}],"collection":[{"href":"https:\/\/mivoot.com\/gt\/wp-json\/wp\/v2\/product"}],"about":[{"href":"https:\/\/mivoot.com\/gt\/wp-json\/wp\/v2\/types\/product"}],"replies":[{"embeddable":true,"href":"https:\/\/mivoot.com\/gt\/wp-json\/wp\/v2\/comments?post=26335"}],"version-history":[{"count":5,"href":"https:\/\/mivoot.com\/gt\/wp-json\/wp\/v2\/product\/26335\/revisions"}],"predecessor-version":[{"id":26347,"href":"https:\/\/mivoot.com\/gt\/wp-json\/wp\/v2\/product\/26335\/revisions\/26347"}],"wp:featuredmedia":[{"embeddable":true,"href":"https:\/\/mivoot.com\/gt\/wp-json\/wp\/v2\/media\/26340"}],"wp:attachment":[{"href":"https:\/\/mivoot.com\/gt\/wp-json\/wp\/v2\/media?parent=26335"}],"wp:term":[{"taxonomy":"pwb-brand","embeddable":true,"href":"https:\/\/mivoot.com\/gt\/wp-json\/wp\/v2\/pwb-brand?post=26335"},{"taxonomy":"product_brand","embeddable":true,"href":"https:\/\/mivoot.com\/gt\/wp-json\/wp\/v2\/product_brand?post=26335"},{"taxonomy":"product_cat","embeddable":true,"href":"https:\/\/mivoot.com\/gt\/wp-json\/wp\/v2\/product_cat?post=26335"},{"taxonomy":"product_tag","embeddable":true,"href":"https:\/\/mivoot.com\/gt\/wp-json\/wp\/v2\/product_tag?post=26335"}],"curies":[{"name":"wp","href":"https:\/\/api.w.org\/{rel}","templated":true}]}}