{"id":26403,"date":"2025-02-14T14:17:45","date_gmt":"2025-02-14T20:17:45","guid":{"rendered":"https:\/\/mivoot.com\/gt\/?post_type=product&#038;p=26403"},"modified":"2025-02-14T14:27:50","modified_gmt":"2025-02-14T20:27:50","slug":"ventilador-de-pared-16-blanco-navia","status":"publish","type":"product","link":"https:\/\/mivoot.com\/gt\/producto\/ventilador-de-pared-16-blanco-navia\/","title":{"rendered":"Ventilador de Pared 16&#8243; con Correa Blanco Navia"},"content":{"rendered":"<p><img decoding=\"async\" src=\"https:\/\/static.wixstatic.com\/media\/7ff6db_2d9f6b2c7859447381e5b918cf23c921~mv2.jpg\/v1\/fill\/w_1899,h_563,al_t,q_85,usm_0.66_1.00_0.01,enc_avif,quality_auto\/7ff6db_2d9f6b2c7859447381e5b918cf23c921~mv2.jpg\" \/><\/p>\n<div id=\"bgLayers_comp-klay7vam\" class=\"MW5IWV\" data-hook=\"bgLayers\" data-motion-part=\"BG_LAYER comp-klay7vam\">\n<div data-motion-part=\"BG_MEDIA comp-klay7vam\">\n<div class=\"woocommerce-tabs wc-tabs-wrapper\">\n<div id=\"tab-description\" class=\"woocommerce-Tabs-panel woocommerce-Tabs-panel--description panel entry-content wc-tab\" role=\"tabpanel\" aria-labelledby=\"tab-title-description\">\n<h1 class=\"product-meta__title heading h1\" style=\"text-align: center;\">Navia Ventilador de Pared 16&#8243; Potente y Silencioso con Control de Correa<\/h1>\n<p>El M016P cuenta con un magn\u00edfico desplazamiento de aire consumiendo s\u00f3lo 50 Watts. Ensamble sin herramientas. Rejilla pl\u00e1stica y duradera. Correa para cambiar velocidades (3 velocidades).<\/p>\n<\/div>\n<\/div>\n<section class=\"related products\"><\/section>\n<\/div>\n<div id=\"bgMedia_comp-klay7vam\" class=\"VgO9Yg\" data-motion-part=\"BG_MEDIA comp-klay7vam\"><span style=\"font-size: 20.16px;\">Ventilaci\u00f3n Refrescante<\/span><\/div>\n<\/div>\n<div class=\"\" data-mesh-id=\"comp-klay7vaminlineContent\" data-testid=\"inline-content\">\n<div data-mesh-id=\"comp-klay7vaminlineContent-gridContainer\" data-testid=\"mesh-container-content\">\n<div id=\"comp-klay7var\" class=\"HcOXKn c9GqVL QxJLC3 lq2cno YQcXTT comp-klay7var wixui-rich-text\" data-testid=\"richTextElement\" data-motion-enter=\"done\">\n<p class=\"font_9 wixui-rich-text__text\">Disfruta de su gran desplazamiento de aire con sus 3 modalidades de velocidad y disfruta del confort que se genera en el ambiente.<\/p>\n<div class=\"\" data-mesh-id=\"comp-klay7vbsinlineContent\" data-testid=\"inline-content\">\n<div data-mesh-id=\"comp-klay7vbsinlineContent-gridContainer\" data-testid=\"mesh-container-content\">\n<div id=\"comp-klay7vbw1\" class=\"HcOXKn c9GqVL QxJLC3 lq2cno YQcXTT comp-klay7vbw1 wixui-rich-text\" data-testid=\"richTextElement\" data-motion-enter=\"done\">\n<h3 class=\"font_3 wixui-rich-text__text\"><span class=\"wixui-rich-text__text\"><span class=\"color_23 wixui-rich-text__text\">Amplio \u00e1ngulo <\/span><span class=\"color_23 wixui-rich-text__text\">de inclinaci\u00f3n<\/span><\/span><\/h3>\n<\/div>\n<div id=\"comp-klay7vby\" class=\"HcOXKn c9GqVL QxJLC3 lq2cno YQcXTT comp-klay7vby wixui-rich-text\" data-testid=\"richTextElement\" data-motion-enter=\"done\">\n<p class=\"font_9 wixui-rich-text__text\">Su amplio \u00e1ngulo de inclinaci\u00f3n de 49\u00b0 te permite dirigir el aire en m\u00e1s direcciones. Est\u00e9 rango junto con el amplio rango de selecci\u00f3n de altura te permite dirigir el aire en casi cualquier direcci\u00f3n de la habitaci\u00f3n<\/p>\n<div id=\"comp-klay7vbl2\" class=\"HcOXKn c9GqVL QxJLC3 lq2cno YQcXTT comp-klay7vbl2 wixui-rich-text\" data-testid=\"richTextElement\">\n<h3 class=\"font_3 wixui-rich-text__text\"><span class=\"wixui-rich-text__text\"><span class=\"color_23 wixui-rich-text__text\">F\u00e1cil ensamblado de rejillas<\/span><\/span><\/h3>\n<\/div>\n<div id=\"comp-klay7vbn\" class=\"HcOXKn c9GqVL QxJLC3 lq2cno YQcXTT comp-klay7vbn wixui-rich-text\" data-testid=\"richTextElement\">\n<p class=\"font_7 wixui-rich-text__text\"><span class=\"wixui-rich-text__text\"><span class=\"color_14 wixui-rich-text__text\">El ensamblado de rejillas es bastante f\u00e1cil lo que permite hacer una limpieza de sus aspas bastante sencilla y en pocos pasos.<\/span><\/span><\/p>\n<\/div>\n<p class=\"font_9 wixui-rich-text__text\">.<\/p>\n<\/div>\n<\/div>\n<\/div>\n<\/div>\n<\/div>\n<\/div>\n<p><img fetchpriority=\"high\" decoding=\"async\" class=\"\" src=\"https:\/\/m.media-amazon.com\/images\/I\/61dFfz2OvJL._AC_SL1200_.jpg\" width=\"455\" height=\"521\" \/><img decoding=\"async\" class=\"\" src=\"https:\/\/m.media-amazon.com\/images\/I\/61rwHVNE9+L._AC_SL1200_.jpg\" width=\"433\" height=\"528\" \/><img decoding=\"async\" src=\"https:\/\/m.media-amazon.com\/images\/I\/61VOWIpRfmL._AC_SL1200_.jpg\" \/><img decoding=\"async\" src=\"https:\/\/m.media-amazon.com\/images\/I\/71+AGThvscL._AC_SL1200_.jpg\" \/><img decoding=\"async\" class=\"\" src=\"https:\/\/m.media-amazon.com\/images\/I\/61V0F83wShL._AC_SL1200_.jpg\" width=\"598\" height=\"598\" \/><img loading=\"lazy\" decoding=\"async\" class=\"\" src=\"https:\/\/m.media-amazon.com\/images\/I\/61GYcM+fX4L._AC_SL1200_.jpg\" width=\"600\" height=\"600\" \/><\/p>\n","protected":false},"excerpt":{"rendered":"<p>&#8211; Rejilla de 16&#8243;.<br \/>\n&#8211; Rejillas totalmente de pl\u00e1stico.<br \/>\n&#8211; Empotrable en la pared<br \/>\n&#8211; Cable de control de velocidad<br \/>\n&#8211; \u00c1ngulo de inclinaci\u00f3n para un mayor flujo<br \/>\n&#8211; Cord\u00f3n para control de velocidades.<br \/>\n&#8211; Color: Gris<br \/>\n&#8211; 3 alabes de dispersi\u00f3n amplia.<br \/>\n&#8211; Peso del producto 3.6 kg \/ 7.9 lbs<\/p>\n","protected":false},"featured_media":26418,"comment_status":"open","ping_status":"closed","template":"","meta":{"jetpack_publicize_message":"","jetpack_publicize_feature_enabled":true,"jetpack_social_post_already_shared":true,"jetpack_social_options":{"image_generator_settings":{"template":"highway","default_image_id":0,"font":"","enabled":false},"version":2}},"pwb-brand":[373],"product_brand":[],"product_cat":[289],"product_tag":[],"class_list":{"0":"post-26403","1":"product","2":"type-product","3":"status-publish","4":"has-post-thumbnail","6":"pwb-brand-navia","7":"product_cat-ventiladores-2","9":"first","10":"instock","11":"taxable","12":"shipping-taxable","13":"purchasable","14":"product-type-simple"},"yoast_head":"<!-- This site is optimized with the Yoast SEO Premium plugin v25.7.1 (Yoast SEO v26.8) - https:\/\/yoast.com\/product\/yoast-seo-premium-wordpress\/ -->\n<title>Ventilador de Pared 16&quot; con Correa Blanco Navia - Mivoot<\/title>\n<meta name=\"robots\" content=\"index, follow, max-snippet:-1, max-image-preview:large, max-video-preview:-1\" \/>\n<link rel=\"canonical\" href=\"https:\/\/mivoot.com\/gt\/producto\/ventilador-de-pared-16-blanco-navia\/\" \/>\n<meta property=\"og:locale\" content=\"es_ES\" \/>\n<meta property=\"og:type\" content=\"article\" \/>\n<meta property=\"og:title\" content=\"Ventilador de Pared 16&quot; con Correa Blanco Navia\" \/>\n<meta property=\"og:description\" content=\"- Rejilla de 16&quot;. - Rejillas totalmente de pl\u00e1stico. - Empotrable en la pared - Cable de control de velocidad - \u00c1ngulo de inclinaci\u00f3n para un mayor flujo - Cord\u00f3n para control de velocidades. - Color: Gris - 3 alabes de dispersi\u00f3n amplia. - Peso del producto 3.6 kg \/ 7.9 lbs\" \/>\n<meta property=\"og:url\" content=\"https:\/\/mivoot.com\/gt\/producto\/ventilador-de-pared-16-blanco-navia\/\" \/>\n<meta property=\"og:site_name\" content=\"Mivoot\" \/>\n<meta property=\"article:publisher\" content=\"https:\/\/www.facebook.com\/mivootgt\" \/>\n<meta property=\"article:modified_time\" content=\"2025-02-14T20:27:50+00:00\" \/>\n<meta property=\"og:image\" content=\"https:\/\/mivoot.com\/gt\/wp-content\/uploads\/2025\/02\/M018P00.jpg\" \/>\n\t<meta property=\"og:image:width\" content=\"800\" \/>\n\t<meta property=\"og:image:height\" content=\"800\" \/>\n\t<meta property=\"og:image:type\" content=\"image\/jpeg\" \/>\n<meta name=\"twitter:card\" content=\"summary_large_image\" \/>\n<meta name=\"twitter:label1\" content=\"Est. reading time\" \/>\n\t<meta name=\"twitter:data1\" content=\"3 minutos\" \/>\n<script type=\"application\/ld+json\" class=\"yoast-schema-graph\">{\"@context\":\"https:\/\/schema.org\",\"@graph\":[{\"@type\":\"WebPage\",\"@id\":\"https:\/\/mivoot.com\/gt\/producto\/ventilador-de-pared-16-blanco-navia\/\",\"url\":\"https:\/\/mivoot.com\/gt\/producto\/ventilador-de-pared-16-blanco-navia\/\",\"name\":\"Ventilador de Pared 16\\\" con Correa Blanco Navia - Mivoot\",\"isPartOf\":{\"@id\":\"https:\/\/mivoot.com\/gt\/#website\"},\"primaryImageOfPage\":{\"@id\":\"https:\/\/mivoot.com\/gt\/producto\/ventilador-de-pared-16-blanco-navia\/#primaryimage\"},\"image\":{\"@id\":\"https:\/\/mivoot.com\/gt\/producto\/ventilador-de-pared-16-blanco-navia\/#primaryimage\"},\"thumbnailUrl\":\"https:\/\/mivoot.com\/gt\/wp-content\/uploads\/2025\/02\/M018P00.jpg\",\"datePublished\":\"2025-02-14T20:17:45+00:00\",\"dateModified\":\"2025-02-14T20:27:50+00:00\",\"breadcrumb\":{\"@id\":\"https:\/\/mivoot.com\/gt\/producto\/ventilador-de-pared-16-blanco-navia\/#breadcrumb\"},\"inLanguage\":\"es\",\"potentialAction\":[{\"@type\":\"ReadAction\",\"target\":[\"https:\/\/mivoot.com\/gt\/producto\/ventilador-de-pared-16-blanco-navia\/\"]}]},{\"@type\":\"ImageObject\",\"inLanguage\":\"es\",\"@id\":\"https:\/\/mivoot.com\/gt\/producto\/ventilador-de-pared-16-blanco-navia\/#primaryimage\",\"url\":\"https:\/\/mivoot.com\/gt\/wp-content\/uploads\/2025\/02\/M018P00.jpg\",\"contentUrl\":\"https:\/\/mivoot.com\/gt\/wp-content\/uploads\/2025\/02\/M018P00.jpg\",\"width\":800,\"height\":800},{\"@type\":\"BreadcrumbList\",\"@id\":\"https:\/\/mivoot.com\/gt\/producto\/ventilador-de-pared-16-blanco-navia\/#breadcrumb\",\"itemListElement\":[{\"@type\":\"ListItem\",\"position\":1,\"name\":\"Inicio\",\"item\":\"https:\/\/mivoot.com\/gt\/\"},{\"@type\":\"ListItem\",\"position\":2,\"name\":\"Productos\",\"item\":\"https:\/\/mivoot.com\/gt\/producto\/\"},{\"@type\":\"ListItem\",\"position\":3,\"name\":\"Navia\",\"item\":\"https:\/\/mivoot.com\/gt\/marca\/navia\/\"},{\"@type\":\"ListItem\",\"position\":4,\"name\":\"Ventilador de Pared 16&#8243; con Correa Blanco Navia\"}]},{\"@type\":\"WebSite\",\"@id\":\"https:\/\/mivoot.com\/gt\/#website\",\"url\":\"https:\/\/mivoot.com\/gt\/\",\"name\":\"Mivoot\",\"description\":\"Mivoot Guatemala | Tienda Online\",\"publisher\":{\"@id\":\"https:\/\/mivoot.com\/gt\/#organization\"},\"alternateName\":\"mivoot\",\"potentialAction\":[{\"@type\":\"SearchAction\",\"target\":{\"@type\":\"EntryPoint\",\"urlTemplate\":\"https:\/\/mivoot.com\/gt\/?s={search_term_string}\"},\"query-input\":{\"@type\":\"PropertyValueSpecification\",\"valueRequired\":true,\"valueName\":\"search_term_string\"}}],\"inLanguage\":\"es\"},{\"@type\":\"Organization\",\"@id\":\"https:\/\/mivoot.com\/gt\/#organization\",\"name\":\"Mivoot Guatemala\",\"alternateName\":\"mivoot.com\",\"url\":\"https:\/\/mivoot.com\/gt\/\",\"logo\":{\"@type\":\"ImageObject\",\"inLanguage\":\"es\",\"@id\":\"https:\/\/mivoot.com\/gt\/#\/schema\/logo\/image\/\",\"url\":\"https:\/\/mivoot.com\/gt\/wp-content\/uploads\/2023\/03\/cropped-icon.png\",\"contentUrl\":\"https:\/\/mivoot.com\/gt\/wp-content\/uploads\/2023\/03\/cropped-icon.png\",\"width\":512,\"height\":512,\"caption\":\"Mivoot Guatemala\"},\"image\":{\"@id\":\"https:\/\/mivoot.com\/gt\/#\/schema\/logo\/image\/\"},\"sameAs\":[\"https:\/\/www.facebook.com\/mivootgt\",\"https:\/\/instagram.com\/mivoot\"]}]}<\/script>\n<!-- \/ Yoast SEO Premium plugin. -->","yoast_head_json":{"title":"Ventilador de Pared 16\" con Correa Blanco Navia - Mivoot","robots":{"index":"index","follow":"follow","max-snippet":"max-snippet:-1","max-image-preview":"max-image-preview:large","max-video-preview":"max-video-preview:-1"},"canonical":"https:\/\/mivoot.com\/gt\/producto\/ventilador-de-pared-16-blanco-navia\/","og_locale":"es_ES","og_type":"article","og_title":"Ventilador de Pared 16\" con Correa Blanco Navia","og_description":"- Rejilla de 16\". - Rejillas totalmente de pl\u00e1stico. - Empotrable en la pared - Cable de control de velocidad - \u00c1ngulo de inclinaci\u00f3n para un mayor flujo - Cord\u00f3n para control de velocidades. - Color: Gris - 3 alabes de dispersi\u00f3n amplia. - Peso del producto 3.6 kg \/ 7.9 lbs","og_url":"https:\/\/mivoot.com\/gt\/producto\/ventilador-de-pared-16-blanco-navia\/","og_site_name":"Mivoot","article_publisher":"https:\/\/www.facebook.com\/mivootgt","article_modified_time":"2025-02-14T20:27:50+00:00","og_image":[{"width":800,"height":800,"url":"https:\/\/mivoot.com\/gt\/wp-content\/uploads\/2025\/02\/M018P00.jpg","type":"image\/jpeg"}],"twitter_card":"summary_large_image","twitter_misc":{"Est. reading time":"3 minutos"},"schema":{"@context":"https:\/\/schema.org","@graph":[{"@type":"WebPage","@id":"https:\/\/mivoot.com\/gt\/producto\/ventilador-de-pared-16-blanco-navia\/","url":"https:\/\/mivoot.com\/gt\/producto\/ventilador-de-pared-16-blanco-navia\/","name":"Ventilador de Pared 16\" con Correa Blanco Navia - Mivoot","isPartOf":{"@id":"https:\/\/mivoot.com\/gt\/#website"},"primaryImageOfPage":{"@id":"https:\/\/mivoot.com\/gt\/producto\/ventilador-de-pared-16-blanco-navia\/#primaryimage"},"image":{"@id":"https:\/\/mivoot.com\/gt\/producto\/ventilador-de-pared-16-blanco-navia\/#primaryimage"},"thumbnailUrl":"https:\/\/mivoot.com\/gt\/wp-content\/uploads\/2025\/02\/M018P00.jpg","datePublished":"2025-02-14T20:17:45+00:00","dateModified":"2025-02-14T20:27:50+00:00","breadcrumb":{"@id":"https:\/\/mivoot.com\/gt\/producto\/ventilador-de-pared-16-blanco-navia\/#breadcrumb"},"inLanguage":"es","potentialAction":[{"@type":"ReadAction","target":["https:\/\/mivoot.com\/gt\/producto\/ventilador-de-pared-16-blanco-navia\/"]}]},{"@type":"ImageObject","inLanguage":"es","@id":"https:\/\/mivoot.com\/gt\/producto\/ventilador-de-pared-16-blanco-navia\/#primaryimage","url":"https:\/\/mivoot.com\/gt\/wp-content\/uploads\/2025\/02\/M018P00.jpg","contentUrl":"https:\/\/mivoot.com\/gt\/wp-content\/uploads\/2025\/02\/M018P00.jpg","width":800,"height":800},{"@type":"BreadcrumbList","@id":"https:\/\/mivoot.com\/gt\/producto\/ventilador-de-pared-16-blanco-navia\/#breadcrumb","itemListElement":[{"@type":"ListItem","position":1,"name":"Inicio","item":"https:\/\/mivoot.com\/gt\/"},{"@type":"ListItem","position":2,"name":"Productos","item":"https:\/\/mivoot.com\/gt\/producto\/"},{"@type":"ListItem","position":3,"name":"Navia","item":"https:\/\/mivoot.com\/gt\/marca\/navia\/"},{"@type":"ListItem","position":4,"name":"Ventilador de Pared 16&#8243; con Correa Blanco Navia"}]},{"@type":"WebSite","@id":"https:\/\/mivoot.com\/gt\/#website","url":"https:\/\/mivoot.com\/gt\/","name":"Mivoot","description":"Mivoot Guatemala | Tienda Online","publisher":{"@id":"https:\/\/mivoot.com\/gt\/#organization"},"alternateName":"mivoot","potentialAction":[{"@type":"SearchAction","target":{"@type":"EntryPoint","urlTemplate":"https:\/\/mivoot.com\/gt\/?s={search_term_string}"},"query-input":{"@type":"PropertyValueSpecification","valueRequired":true,"valueName":"search_term_string"}}],"inLanguage":"es"},{"@type":"Organization","@id":"https:\/\/mivoot.com\/gt\/#organization","name":"Mivoot Guatemala","alternateName":"mivoot.com","url":"https:\/\/mivoot.com\/gt\/","logo":{"@type":"ImageObject","inLanguage":"es","@id":"https:\/\/mivoot.com\/gt\/#\/schema\/logo\/image\/","url":"https:\/\/mivoot.com\/gt\/wp-content\/uploads\/2023\/03\/cropped-icon.png","contentUrl":"https:\/\/mivoot.com\/gt\/wp-content\/uploads\/2023\/03\/cropped-icon.png","width":512,"height":512,"caption":"Mivoot Guatemala"},"image":{"@id":"https:\/\/mivoot.com\/gt\/#\/schema\/logo\/image\/"},"sameAs":["https:\/\/www.facebook.com\/mivootgt","https:\/\/instagram.com\/mivoot"]}]}},"jetpack_publicize_connections":[],"jetpack_sharing_enabled":true,"brands":[{"id":373,"name":"Navia","slug":"navia"}],"_links":{"self":[{"href":"https:\/\/mivoot.com\/gt\/wp-json\/wp\/v2\/product\/26403","targetHints":{"allow":["GET"]}}],"collection":[{"href":"https:\/\/mivoot.com\/gt\/wp-json\/wp\/v2\/product"}],"about":[{"href":"https:\/\/mivoot.com\/gt\/wp-json\/wp\/v2\/types\/product"}],"replies":[{"embeddable":true,"href":"https:\/\/mivoot.com\/gt\/wp-json\/wp\/v2\/comments?post=26403"}],"version-history":[{"count":3,"href":"https:\/\/mivoot.com\/gt\/wp-json\/wp\/v2\/product\/26403\/revisions"}],"predecessor-version":[{"id":26421,"href":"https:\/\/mivoot.com\/gt\/wp-json\/wp\/v2\/product\/26403\/revisions\/26421"}],"wp:featuredmedia":[{"embeddable":true,"href":"https:\/\/mivoot.com\/gt\/wp-json\/wp\/v2\/media\/26418"}],"wp:attachment":[{"href":"https:\/\/mivoot.com\/gt\/wp-json\/wp\/v2\/media?parent=26403"}],"wp:term":[{"taxonomy":"pwb-brand","embeddable":true,"href":"https:\/\/mivoot.com\/gt\/wp-json\/wp\/v2\/pwb-brand?post=26403"},{"taxonomy":"product_brand","embeddable":true,"href":"https:\/\/mivoot.com\/gt\/wp-json\/wp\/v2\/product_brand?post=26403"},{"taxonomy":"product_cat","embeddable":true,"href":"https:\/\/mivoot.com\/gt\/wp-json\/wp\/v2\/product_cat?post=26403"},{"taxonomy":"product_tag","embeddable":true,"href":"https:\/\/mivoot.com\/gt\/wp-json\/wp\/v2\/product_tag?post=26403"}],"curies":[{"name":"wp","href":"https:\/\/api.w.org\/{rel}","templated":true}]}}