{"id":26423,"date":"2025-02-14T14:54:30","date_gmt":"2025-02-14T20:54:30","guid":{"rendered":"https:\/\/mivoot.com\/gt\/?post_type=product&#038;p=26423"},"modified":"2025-02-14T14:54:32","modified_gmt":"2025-02-14T20:54:32","slug":"ventilador-de-pared-18-con-manual-y-cuerda-blanco-navia","status":"publish","type":"product","link":"https:\/\/mivoot.com\/gt\/producto\/ventilador-de-pared-18-con-manual-y-cuerda-blanco-navia\/","title":{"rendered":"Ventilador de Pared 18&#8243; con Manual y Cuerda Blanco Navia"},"content":{"rendered":"<div>Disfruta de su gran desplazamiento de aire con sus 3 modalidades de velocidad y disfruta del confort que se genera en el ambiente.<\/div>\n<div><\/div>\n<div>El Ventilador de Pared M018P de Navia, garantiza un ambiente fresco y confortable en cualquier \u00e9poca del a\u00f1o. Con un peso ligero, es f\u00e1cil de instalar y mover seg\u00fan tus necesidades.<br \/>\nControla sus 3 velocidades para un ajuste conveniente desde cualquier lugar de la habitaci\u00f3n. Disfruta de su amplio \u00e1ngulo de inclinaci\u00f3n y funci\u00f3n de oscilaci\u00f3n horizontal, que permiten dirigir el aire en m\u00faltiples direcciones para una distribuci\u00f3n uniforme.<\/p>\n<p>El dise\u00f1o duradero del M018P incluye rejillas de pl\u00e1stico que previenen la oxidaci\u00f3n, asegurando una larga vida \u00fatil. Instalarlo es r\u00e1pido y sencillo, ofreciendo comodidad y eficiencia.<\/p>\n<p>Mejora tu ambiente con el Ventilador de Pared M018P, disfruta de un hogar m\u00e1s fresco y agradable.<\/p><\/div>\n<ul>\n<li>Consumo de s\u00f3lo 80 Watts.<\/li>\n<li>\u00a0F\u00e1cil ensamble sin herramientas.<\/li>\n<li>\u00a0Rejilla Pl\u00e1stica y duradera.<\/li>\n<li>\u00a0Alto desplazamiento de aire<\/li>\n<li>\u00a0Rejillas pl\u00e1sticas<\/li>\n<li>\u00a0Correa para cambiar velocidades<\/li>\n<li>\u00a03 velocidades<\/li>\n<li>\u00a0F\u00e1cil de montar<\/li>\n<li>\u00a0Larga duraci\u00f3n<\/li>\n<li>\u00a0Amplio \u00e1ngulo de inclinaci\u00f3n<\/li>\n<li>Perilla de velocidades frontal.<\/li>\n<\/ul>\n<p><img fetchpriority=\"high\" decoding=\"async\" class=\"\" src=\"https:\/\/m.media-amazon.com\/images\/I\/61LAc4PoWXL._AC_SL1200_.jpg\" width=\"539\" height=\"577\" \/><img decoding=\"async\" class=\"\" src=\"https:\/\/m.media-amazon.com\/images\/I\/614Gvg1AOPL._AC_SL1200_.jpg\" width=\"558\" height=\"578\" \/><img decoding=\"async\" class=\"alignleft\" src=\"https:\/\/m.media-amazon.com\/images\/I\/51dHTVO7rZL._AC_SL1200_.jpg\" width=\"527\" height=\"504\" \/><img loading=\"lazy\" decoding=\"async\" class=\"\" src=\"https:\/\/m.media-amazon.com\/images\/I\/61WeS+pACQL._AC_SL1200_.jpg\" width=\"610\" height=\"631\" \/><\/p>\n","protected":false},"excerpt":{"rendered":"<p>&#8211; Empotrable en la pared<br \/>\n&#8211; Rejillas de pl\u00e1stico inoxidables<br \/>\n&#8211; Cable para control remoto de velocidad<br \/>\n&#8211; Gran \u00e1ngulo de inclinaci\u00f3n<br \/>\n&#8211; Cantidad de aspas: 3<br \/>\n&#8211; Voltaje: 127V<br \/>\n&#8211; Color de las aspas: Gris<br \/>\n&#8211; Color de la estructura: Blanco<br \/>\n&#8211; Di\u00e1metro: 18 &#8221;<br \/>\n&#8211; Refresca los ambientes sin ruidos molestos.<br \/>\n&#8211; Ventilador de 3 velocidades.<br \/>\n&#8211; Potencia de 80 W.<br \/>\n&#8211; Cuenta con rejilla extra\u00edble.<br \/>\n&#8211; Ideal para refrigerar.<br \/>\n&#8211; Alto flujo de aire de manera eficiente (91 m3\/min de flujo de aire mientras consume 81 vatios)<\/p>\n","protected":false},"featured_media":26418,"comment_status":"open","ping_status":"closed","template":"","meta":{"jetpack_publicize_message":"","jetpack_publicize_feature_enabled":true,"jetpack_social_post_already_shared":true,"jetpack_social_options":{"image_generator_settings":{"template":"highway","default_image_id":0,"font":"","enabled":false},"version":2}},"pwb-brand":[373],"product_brand":[],"product_cat":[289],"product_tag":[],"class_list":{"0":"post-26423","1":"product","2":"type-product","3":"status-publish","4":"has-post-thumbnail","6":"pwb-brand-navia","7":"product_cat-ventiladores-2","9":"first","10":"instock","11":"taxable","12":"shipping-taxable","13":"purchasable","14":"product-type-simple"},"yoast_head":"<!-- This site is optimized with the Yoast SEO Premium plugin v25.7.1 (Yoast SEO v26.8) - https:\/\/yoast.com\/product\/yoast-seo-premium-wordpress\/ -->\n<title>Ventilador de Pared 18&quot; con Manual y Cuerda Blanco Navia - Mivoot<\/title>\n<meta name=\"robots\" content=\"index, follow, max-snippet:-1, max-image-preview:large, max-video-preview:-1\" \/>\n<link rel=\"canonical\" href=\"https:\/\/mivoot.com\/gt\/producto\/ventilador-de-pared-18-con-manual-y-cuerda-blanco-navia\/\" \/>\n<meta property=\"og:locale\" content=\"es_ES\" \/>\n<meta property=\"og:type\" content=\"article\" \/>\n<meta property=\"og:title\" content=\"Ventilador de Pared 18&quot; con Manual y Cuerda Blanco Navia\" \/>\n<meta property=\"og:description\" content=\"- Empotrable en la pared - Rejillas de pl\u00e1stico inoxidables - Cable para control remoto de velocidad - Gran \u00e1ngulo de inclinaci\u00f3n - Cantidad de aspas: 3 - Voltaje: 127V - Color de las aspas: Gris - Color de la estructura: Blanco - Di\u00e1metro: 18 &quot; - Refresca los ambientes sin ruidos molestos. - Ventilador de 3 velocidades. - Potencia de 80 W. - Cuenta con rejilla extra\u00edble. - Ideal para refrigerar. - Alto flujo de aire de manera eficiente (91 m3\/min de flujo de aire mientras consume 81 vatios)\" \/>\n<meta property=\"og:url\" content=\"https:\/\/mivoot.com\/gt\/producto\/ventilador-de-pared-18-con-manual-y-cuerda-blanco-navia\/\" \/>\n<meta property=\"og:site_name\" content=\"Mivoot\" \/>\n<meta property=\"article:publisher\" content=\"https:\/\/www.facebook.com\/mivootgt\" \/>\n<meta property=\"article:modified_time\" content=\"2025-02-14T20:54:32+00:00\" \/>\n<meta property=\"og:image\" content=\"https:\/\/mivoot.com\/gt\/wp-content\/uploads\/2025\/02\/M018P00.jpg\" \/>\n\t<meta property=\"og:image:width\" content=\"800\" \/>\n\t<meta property=\"og:image:height\" content=\"800\" \/>\n\t<meta property=\"og:image:type\" content=\"image\/jpeg\" \/>\n<meta name=\"twitter:card\" content=\"summary_large_image\" \/>\n<meta name=\"twitter:label1\" content=\"Est. reading time\" \/>\n\t<meta name=\"twitter:data1\" content=\"2 minutos\" \/>\n<script type=\"application\/ld+json\" class=\"yoast-schema-graph\">{\"@context\":\"https:\/\/schema.org\",\"@graph\":[{\"@type\":\"WebPage\",\"@id\":\"https:\/\/mivoot.com\/gt\/producto\/ventilador-de-pared-18-con-manual-y-cuerda-blanco-navia\/\",\"url\":\"https:\/\/mivoot.com\/gt\/producto\/ventilador-de-pared-18-con-manual-y-cuerda-blanco-navia\/\",\"name\":\"Ventilador de Pared 18\\\" con Manual y Cuerda Blanco Navia - Mivoot\",\"isPartOf\":{\"@id\":\"https:\/\/mivoot.com\/gt\/#website\"},\"primaryImageOfPage\":{\"@id\":\"https:\/\/mivoot.com\/gt\/producto\/ventilador-de-pared-18-con-manual-y-cuerda-blanco-navia\/#primaryimage\"},\"image\":{\"@id\":\"https:\/\/mivoot.com\/gt\/producto\/ventilador-de-pared-18-con-manual-y-cuerda-blanco-navia\/#primaryimage\"},\"thumbnailUrl\":\"https:\/\/mivoot.com\/gt\/wp-content\/uploads\/2025\/02\/M018P00.jpg\",\"datePublished\":\"2025-02-14T20:54:30+00:00\",\"dateModified\":\"2025-02-14T20:54:32+00:00\",\"breadcrumb\":{\"@id\":\"https:\/\/mivoot.com\/gt\/producto\/ventilador-de-pared-18-con-manual-y-cuerda-blanco-navia\/#breadcrumb\"},\"inLanguage\":\"es\",\"potentialAction\":[{\"@type\":\"ReadAction\",\"target\":[\"https:\/\/mivoot.com\/gt\/producto\/ventilador-de-pared-18-con-manual-y-cuerda-blanco-navia\/\"]}]},{\"@type\":\"ImageObject\",\"inLanguage\":\"es\",\"@id\":\"https:\/\/mivoot.com\/gt\/producto\/ventilador-de-pared-18-con-manual-y-cuerda-blanco-navia\/#primaryimage\",\"url\":\"https:\/\/mivoot.com\/gt\/wp-content\/uploads\/2025\/02\/M018P00.jpg\",\"contentUrl\":\"https:\/\/mivoot.com\/gt\/wp-content\/uploads\/2025\/02\/M018P00.jpg\",\"width\":800,\"height\":800},{\"@type\":\"BreadcrumbList\",\"@id\":\"https:\/\/mivoot.com\/gt\/producto\/ventilador-de-pared-18-con-manual-y-cuerda-blanco-navia\/#breadcrumb\",\"itemListElement\":[{\"@type\":\"ListItem\",\"position\":1,\"name\":\"Inicio\",\"item\":\"https:\/\/mivoot.com\/gt\/\"},{\"@type\":\"ListItem\",\"position\":2,\"name\":\"Productos\",\"item\":\"https:\/\/mivoot.com\/gt\/producto\/\"},{\"@type\":\"ListItem\",\"position\":3,\"name\":\"Navia\",\"item\":\"https:\/\/mivoot.com\/gt\/marca\/navia\/\"},{\"@type\":\"ListItem\",\"position\":4,\"name\":\"Ventilador de Pared 18&#8243; con Manual y Cuerda Blanco Navia\"}]},{\"@type\":\"WebSite\",\"@id\":\"https:\/\/mivoot.com\/gt\/#website\",\"url\":\"https:\/\/mivoot.com\/gt\/\",\"name\":\"Mivoot\",\"description\":\"Mivoot Guatemala | Tienda Online\",\"publisher\":{\"@id\":\"https:\/\/mivoot.com\/gt\/#organization\"},\"alternateName\":\"mivoot\",\"potentialAction\":[{\"@type\":\"SearchAction\",\"target\":{\"@type\":\"EntryPoint\",\"urlTemplate\":\"https:\/\/mivoot.com\/gt\/?s={search_term_string}\"},\"query-input\":{\"@type\":\"PropertyValueSpecification\",\"valueRequired\":true,\"valueName\":\"search_term_string\"}}],\"inLanguage\":\"es\"},{\"@type\":\"Organization\",\"@id\":\"https:\/\/mivoot.com\/gt\/#organization\",\"name\":\"Mivoot Guatemala\",\"alternateName\":\"mivoot.com\",\"url\":\"https:\/\/mivoot.com\/gt\/\",\"logo\":{\"@type\":\"ImageObject\",\"inLanguage\":\"es\",\"@id\":\"https:\/\/mivoot.com\/gt\/#\/schema\/logo\/image\/\",\"url\":\"https:\/\/mivoot.com\/gt\/wp-content\/uploads\/2023\/03\/cropped-icon.png\",\"contentUrl\":\"https:\/\/mivoot.com\/gt\/wp-content\/uploads\/2023\/03\/cropped-icon.png\",\"width\":512,\"height\":512,\"caption\":\"Mivoot Guatemala\"},\"image\":{\"@id\":\"https:\/\/mivoot.com\/gt\/#\/schema\/logo\/image\/\"},\"sameAs\":[\"https:\/\/www.facebook.com\/mivootgt\",\"https:\/\/instagram.com\/mivoot\"]}]}<\/script>\n<!-- \/ Yoast SEO Premium plugin. -->","yoast_head_json":{"title":"Ventilador de Pared 18\" con Manual y Cuerda Blanco Navia - Mivoot","robots":{"index":"index","follow":"follow","max-snippet":"max-snippet:-1","max-image-preview":"max-image-preview:large","max-video-preview":"max-video-preview:-1"},"canonical":"https:\/\/mivoot.com\/gt\/producto\/ventilador-de-pared-18-con-manual-y-cuerda-blanco-navia\/","og_locale":"es_ES","og_type":"article","og_title":"Ventilador de Pared 18\" con Manual y Cuerda Blanco Navia","og_description":"- Empotrable en la pared - Rejillas de pl\u00e1stico inoxidables - Cable para control remoto de velocidad - Gran \u00e1ngulo de inclinaci\u00f3n - Cantidad de aspas: 3 - Voltaje: 127V - Color de las aspas: Gris - Color de la estructura: Blanco - Di\u00e1metro: 18 \" - Refresca los ambientes sin ruidos molestos. - Ventilador de 3 velocidades. - Potencia de 80 W. - Cuenta con rejilla extra\u00edble. - Ideal para refrigerar. - Alto flujo de aire de manera eficiente (91 m3\/min de flujo de aire mientras consume 81 vatios)","og_url":"https:\/\/mivoot.com\/gt\/producto\/ventilador-de-pared-18-con-manual-y-cuerda-blanco-navia\/","og_site_name":"Mivoot","article_publisher":"https:\/\/www.facebook.com\/mivootgt","article_modified_time":"2025-02-14T20:54:32+00:00","og_image":[{"width":800,"height":800,"url":"https:\/\/mivoot.com\/gt\/wp-content\/uploads\/2025\/02\/M018P00.jpg","type":"image\/jpeg"}],"twitter_card":"summary_large_image","twitter_misc":{"Est. reading time":"2 minutos"},"schema":{"@context":"https:\/\/schema.org","@graph":[{"@type":"WebPage","@id":"https:\/\/mivoot.com\/gt\/producto\/ventilador-de-pared-18-con-manual-y-cuerda-blanco-navia\/","url":"https:\/\/mivoot.com\/gt\/producto\/ventilador-de-pared-18-con-manual-y-cuerda-blanco-navia\/","name":"Ventilador de Pared 18\" con Manual y Cuerda Blanco Navia - Mivoot","isPartOf":{"@id":"https:\/\/mivoot.com\/gt\/#website"},"primaryImageOfPage":{"@id":"https:\/\/mivoot.com\/gt\/producto\/ventilador-de-pared-18-con-manual-y-cuerda-blanco-navia\/#primaryimage"},"image":{"@id":"https:\/\/mivoot.com\/gt\/producto\/ventilador-de-pared-18-con-manual-y-cuerda-blanco-navia\/#primaryimage"},"thumbnailUrl":"https:\/\/mivoot.com\/gt\/wp-content\/uploads\/2025\/02\/M018P00.jpg","datePublished":"2025-02-14T20:54:30+00:00","dateModified":"2025-02-14T20:54:32+00:00","breadcrumb":{"@id":"https:\/\/mivoot.com\/gt\/producto\/ventilador-de-pared-18-con-manual-y-cuerda-blanco-navia\/#breadcrumb"},"inLanguage":"es","potentialAction":[{"@type":"ReadAction","target":["https:\/\/mivoot.com\/gt\/producto\/ventilador-de-pared-18-con-manual-y-cuerda-blanco-navia\/"]}]},{"@type":"ImageObject","inLanguage":"es","@id":"https:\/\/mivoot.com\/gt\/producto\/ventilador-de-pared-18-con-manual-y-cuerda-blanco-navia\/#primaryimage","url":"https:\/\/mivoot.com\/gt\/wp-content\/uploads\/2025\/02\/M018P00.jpg","contentUrl":"https:\/\/mivoot.com\/gt\/wp-content\/uploads\/2025\/02\/M018P00.jpg","width":800,"height":800},{"@type":"BreadcrumbList","@id":"https:\/\/mivoot.com\/gt\/producto\/ventilador-de-pared-18-con-manual-y-cuerda-blanco-navia\/#breadcrumb","itemListElement":[{"@type":"ListItem","position":1,"name":"Inicio","item":"https:\/\/mivoot.com\/gt\/"},{"@type":"ListItem","position":2,"name":"Productos","item":"https:\/\/mivoot.com\/gt\/producto\/"},{"@type":"ListItem","position":3,"name":"Navia","item":"https:\/\/mivoot.com\/gt\/marca\/navia\/"},{"@type":"ListItem","position":4,"name":"Ventilador de Pared 18&#8243; con Manual y Cuerda Blanco Navia"}]},{"@type":"WebSite","@id":"https:\/\/mivoot.com\/gt\/#website","url":"https:\/\/mivoot.com\/gt\/","name":"Mivoot","description":"Mivoot Guatemala | Tienda Online","publisher":{"@id":"https:\/\/mivoot.com\/gt\/#organization"},"alternateName":"mivoot","potentialAction":[{"@type":"SearchAction","target":{"@type":"EntryPoint","urlTemplate":"https:\/\/mivoot.com\/gt\/?s={search_term_string}"},"query-input":{"@type":"PropertyValueSpecification","valueRequired":true,"valueName":"search_term_string"}}],"inLanguage":"es"},{"@type":"Organization","@id":"https:\/\/mivoot.com\/gt\/#organization","name":"Mivoot Guatemala","alternateName":"mivoot.com","url":"https:\/\/mivoot.com\/gt\/","logo":{"@type":"ImageObject","inLanguage":"es","@id":"https:\/\/mivoot.com\/gt\/#\/schema\/logo\/image\/","url":"https:\/\/mivoot.com\/gt\/wp-content\/uploads\/2023\/03\/cropped-icon.png","contentUrl":"https:\/\/mivoot.com\/gt\/wp-content\/uploads\/2023\/03\/cropped-icon.png","width":512,"height":512,"caption":"Mivoot Guatemala"},"image":{"@id":"https:\/\/mivoot.com\/gt\/#\/schema\/logo\/image\/"},"sameAs":["https:\/\/www.facebook.com\/mivootgt","https:\/\/instagram.com\/mivoot"]}]}},"jetpack_publicize_connections":[],"jetpack_sharing_enabled":true,"brands":[{"id":373,"name":"Navia","slug":"navia"}],"_links":{"self":[{"href":"https:\/\/mivoot.com\/gt\/wp-json\/wp\/v2\/product\/26423","targetHints":{"allow":["GET"]}}],"collection":[{"href":"https:\/\/mivoot.com\/gt\/wp-json\/wp\/v2\/product"}],"about":[{"href":"https:\/\/mivoot.com\/gt\/wp-json\/wp\/v2\/types\/product"}],"replies":[{"embeddable":true,"href":"https:\/\/mivoot.com\/gt\/wp-json\/wp\/v2\/comments?post=26423"}],"version-history":[{"count":2,"href":"https:\/\/mivoot.com\/gt\/wp-json\/wp\/v2\/product\/26423\/revisions"}],"predecessor-version":[{"id":26427,"href":"https:\/\/mivoot.com\/gt\/wp-json\/wp\/v2\/product\/26423\/revisions\/26427"}],"wp:featuredmedia":[{"embeddable":true,"href":"https:\/\/mivoot.com\/gt\/wp-json\/wp\/v2\/media\/26418"}],"wp:attachment":[{"href":"https:\/\/mivoot.com\/gt\/wp-json\/wp\/v2\/media?parent=26423"}],"wp:term":[{"taxonomy":"pwb-brand","embeddable":true,"href":"https:\/\/mivoot.com\/gt\/wp-json\/wp\/v2\/pwb-brand?post=26423"},{"taxonomy":"product_brand","embeddable":true,"href":"https:\/\/mivoot.com\/gt\/wp-json\/wp\/v2\/product_brand?post=26423"},{"taxonomy":"product_cat","embeddable":true,"href":"https:\/\/mivoot.com\/gt\/wp-json\/wp\/v2\/product_cat?post=26423"},{"taxonomy":"product_tag","embeddable":true,"href":"https:\/\/mivoot.com\/gt\/wp-json\/wp\/v2\/product_tag?post=26423"}],"curies":[{"name":"wp","href":"https:\/\/api.w.org\/{rel}","templated":true}]}}