{"id":26428,"date":"2025-02-14T16:11:51","date_gmt":"2025-02-14T22:11:51","guid":{"rendered":"https:\/\/mivoot.com\/gt\/?post_type=product&#038;p=26428"},"modified":"2025-02-14T16:19:35","modified_gmt":"2025-02-14T22:19:35","slug":"ventilador-de-pedestal-y-pared-16-2-en-1-navia","status":"publish","type":"product","link":"https:\/\/mivoot.com\/gt\/producto\/ventilador-de-pedestal-y-pared-16-2-en-1-navia\/","title":{"rendered":"Ventilador de Pedestal y Pared 16&#8243; 2 en 1 Navia"},"content":{"rendered":"<div id=\"comp-lf00j29b\" class=\"HcOXKn c9GqVL QxJLC3 lq2cno YQcXTT comp-lf00j29b wixui-rich-text\" data-testid=\"richTextElement\" data-motion-enter=\"done\">\n<div>\n<div id=\"comp-lf00j26e\" class=\"HcOXKn c9GqVL QxJLC3 lq2cno YQcXTT comp-lf00j26e wixui-rich-text\" data-testid=\"richTextElement\" data-motion-enter=\"done\">\n<h1 class=\"font_3 wixui-rich-text__text\" style=\"text-align: center;\"><span class=\"wixui-rich-text__text\"><span class=\"color_23 wixui-rich-text__text\">Ventilador 2 en 1 <\/span><\/span>Pedestal Y Pared Navia <span class=\"wixui-rich-text__text\"><span class=\"color_23 wixui-rich-text__text\">de 16&#8243;<\/span><\/span><\/h1>\n<\/div>\n<div id=\"comp-lgwvfb79\" class=\"HcOXKn c9GqVL QxJLC3 lq2cno YQcXTT comp-lgwvfb79 wixui-rich-text\" data-testid=\"richTextElement\"><span style=\"color: #555555; font-size: 14.4px;\">Mant\u00e9n tu hogar fresco y c\u00f3modo con el Ventilador de Pedestal Navia de 16 pulgadas en elegante color blanco. Este ventilador, con su dise\u00f1o funcional y eficiente, es ideal para cualquier espacio de tu hogar u oficina.<\/span><\/div>\n<\/div>\n<ul>\n<li>Con 3 velocidades diferentes, puedes ajustar el flujo de aire seg\u00fan tus necesidades y preferencias.<\/li>\n<li>Su cabezal con inclinaci\u00f3n te permite dirigir el aire en la direcci\u00f3n deseada, proporcionando una circulaci\u00f3n de aire \u00f3ptima en tu entorno<\/li>\n<\/ul>\n<h3 class=\"font_3 wixui-rich-text__text\"><span class=\"wixui-rich-text__text\">Gran Volumen Aire<\/span><\/h3>\n<\/div>\n<div id=\"comp-lf00j29d\" class=\"HcOXKn c9GqVL QxJLC3 lq2cno YQcXTT comp-lf00j29d wixui-rich-text\" data-testid=\"richTextElement\" data-motion-enter=\"done\">\n<p class=\"font_9 wixui-rich-text__text\"><span class=\"wixui-rich-text__text\">Disfruta de un flujo de aire explorando sus 3 modalidades de velocidad.<\/span><\/p>\n<div id=\"comp-lf00j2a2\" class=\"HcOXKn c9GqVL QxJLC3 lq2cno YQcXTT comp-lf00j2a2 wixui-rich-text\" data-testid=\"richTextElement\">\n<h3 class=\"font_3 wixui-rich-text__text\"><span class=\"wixui-rich-text__text\">\u00c1rmalo F\u00e1cilmente<\/span><\/h3>\n<\/div>\n<div id=\"comp-lf00j2a41\" class=\"HcOXKn c9GqVL QxJLC3 lq2cno YQcXTT comp-lf00j2a41 wixui-rich-text\" data-testid=\"richTextElement\">\n<p class=\"font_9 wixui-rich-text__text\"><span class=\"wixui-rich-text__text\">No se requiere usar herramientas para armar las rejillas, s\u00f3lo es cuesti\u00f3n de alinear todo y fijar perillas, todo con las manos.<\/span><\/p>\n<div id=\"comp-lf00j2ad\" class=\"HcOXKn c9GqVL QxJLC3 lq2cno YQcXTT comp-lf00j2ad wixui-rich-text\" data-testid=\"richTextElement\" data-motion-enter=\"done\">\n<h3 class=\"font_3 wixui-rich-text__text\"><span class=\"wixui-rich-text__text\"><span class=\"color_23 wixui-rich-text__text\">Aire, <\/span><span class=\"color_23 wixui-rich-text__text\">Donde\u00a0<\/span>Lo Necesitas<\/span><\/h3>\n<\/div>\n<div id=\"comp-lf00j2ae2\" class=\"HcOXKn c9GqVL QxJLC3 lq2cno YQcXTT comp-lf00j2ae2 wixui-rich-text\" data-testid=\"richTextElement\" data-motion-enter=\"done\">\n<p class=\"font_9 wixui-rich-text__text\">F\u00e1cilmente posiciona el cabezal dentro de un rango de 50\u00ba, luego, ajusta la altura y decide donde quieres mover aire.<\/p>\n<\/div>\n<\/div>\n<\/div>\n<ul>\n<li>Dise\u00f1o Ligero: para moverlo con facilidad.<\/li>\n<li>Alta eficiencia energ\u00e9tica: dise\u00f1ado para lugares donde se necesita encendido todo el tiempo.<\/li>\n<li>Armado sencillo de rejillas: No se requiere usar herramientas para armar las rejillas.<\/li>\n<li>Posicionamiento vertical de hasta 50\u00b0<\/li>\n<\/ul>\n<p>&nbsp;<\/p>\n<p><img fetchpriority=\"high\" decoding=\"async\" class=\"alignnone\" src=\"https:\/\/http2.mlstatic.com\/D_NQ_NP_2X_975108-MLA80752109471_112024-F.webp\" width=\"622\" height=\"585\" \/><img decoding=\"async\" class=\"alignnone\" src=\"https:\/\/http2.mlstatic.com\/D_NQ_NP_2X_968886-MLA80491099090_112024-F.webp\" width=\"604\" height=\"582\" \/><img decoding=\"async\" class=\"aligncenter\" src=\"https:\/\/http2.mlstatic.com\/D_NQ_NP_2X_975645-MLA80752176133_112024-F.webp\" \/><img decoding=\"async\" class=\"alignnone\" src=\"https:\/\/http2.mlstatic.com\/D_NQ_NP_2X_738665-MLA80491099092_112024-F.webp\" width=\"626\" height=\"603\" \/><img loading=\"lazy\" decoding=\"async\" class=\"\" src=\"https:\/\/m.media-amazon.com\/images\/I\/51m-EpRm5eL._AC_SL1200_.jpg\" width=\"573\" height=\"590\" \/><img decoding=\"async\" class=\"aligncenter\" src=\"https:\/\/http2.mlstatic.com\/D_NQ_NP_2X_903295-MLA80491080652_112024-F.webp\" \/><img loading=\"lazy\" decoding=\"async\" class=\"\" src=\"https:\/\/m.media-amazon.com\/images\/I\/61EeQsQ7caL._AC_SL1200_.jpg\" width=\"508\" height=\"595\" \/><img loading=\"lazy\" decoding=\"async\" class=\"\" src=\"https:\/\/m.media-amazon.com\/images\/I\/61Ald9SkDqL._AC_SL1200_.jpg\" width=\"594\" height=\"594\" \/><\/p>\n","protected":false},"excerpt":{"rendered":"<p>&#8211; 2 en 1: Pared y Piso<br \/>\n&#8211; Rejilla de 16&#8243;.<br \/>\n&#8211; Montado sin herramientas, f\u00e1cil de montar<br \/>\n&#8211; 3 velocidades silenciosas<br \/>\n&#8211; Altura m\u00e1xima 120 cm \/ 47-in.<br \/>\n&#8211; Altura fija<br \/>\n&#8211; Rejillas totalmente de pl\u00e1stico.<br \/>\n&#8211; Ensamble sin herramientas.<br \/>\n&#8211; Base Redonda pl\u00e1stica de alta resistencia.<br \/>\n&#8211; 3 alabes de dispersi\u00f3n amplia.<br \/>\n&#8211; Peso del producto 4.2 kg \/ 9.3 lbs<br \/>\n&#8211; Fixtura para pared f\u00e1cil de montar.<\/p>\n","protected":false},"featured_media":26429,"comment_status":"open","ping_status":"closed","template":"","meta":{"jetpack_publicize_message":"","jetpack_publicize_feature_enabled":true,"jetpack_social_post_already_shared":true,"jetpack_social_options":{"image_generator_settings":{"template":"highway","default_image_id":0,"font":"","enabled":false},"version":2}},"pwb-brand":[373],"product_brand":[],"product_cat":[289],"product_tag":[],"class_list":{"0":"post-26428","1":"product","2":"type-product","3":"status-publish","4":"has-post-thumbnail","6":"pwb-brand-navia","7":"product_cat-ventiladores-2","9":"first","10":"instock","11":"taxable","12":"shipping-taxable","13":"purchasable","14":"product-type-simple"},"yoast_head":"<!-- This site is optimized with the Yoast SEO Premium plugin v25.7.1 (Yoast SEO v26.8) - https:\/\/yoast.com\/product\/yoast-seo-premium-wordpress\/ -->\n<title>Ventilador de Pedestal y Pared 16&quot; 2 en 1 Navia - Mivoot<\/title>\n<meta name=\"robots\" content=\"index, follow, max-snippet:-1, max-image-preview:large, max-video-preview:-1\" \/>\n<link rel=\"canonical\" href=\"https:\/\/mivoot.com\/gt\/producto\/ventilador-de-pedestal-y-pared-16-2-en-1-navia\/\" \/>\n<meta property=\"og:locale\" content=\"es_ES\" \/>\n<meta property=\"og:type\" content=\"article\" \/>\n<meta property=\"og:title\" content=\"Ventilador de Pedestal y Pared 16&quot; 2 en 1 Navia\" \/>\n<meta property=\"og:description\" content=\"- 2 en 1: Pared y Piso - Rejilla de 16&quot;. - Montado sin herramientas, f\u00e1cil de montar - 3 velocidades silenciosas - Altura m\u00e1xima 120 cm \/ 47-in. - Altura fija - Rejillas totalmente de pl\u00e1stico. - Ensamble sin herramientas. - Base Redonda pl\u00e1stica de alta resistencia. - 3 alabes de dispersi\u00f3n amplia. - Peso del producto 4.2 kg \/ 9.3 lbs - Fixtura para pared f\u00e1cil de montar.\" \/>\n<meta property=\"og:url\" content=\"https:\/\/mivoot.com\/gt\/producto\/ventilador-de-pedestal-y-pared-16-2-en-1-navia\/\" \/>\n<meta property=\"og:site_name\" content=\"Mivoot\" \/>\n<meta property=\"article:publisher\" content=\"https:\/\/www.facebook.com\/mivootgt\" \/>\n<meta property=\"article:modified_time\" content=\"2025-02-14T22:19:35+00:00\" \/>\n<meta property=\"og:image\" content=\"https:\/\/mivoot.com\/gt\/wp-content\/uploads\/2025\/02\/P16S2-01.webp\" \/>\n\t<meta property=\"og:image:width\" content=\"1600\" \/>\n\t<meta property=\"og:image:height\" content=\"1200\" \/>\n\t<meta property=\"og:image:type\" content=\"image\/webp\" \/>\n<meta name=\"twitter:card\" content=\"summary_large_image\" \/>\n<meta name=\"twitter:label1\" content=\"Est. reading time\" \/>\n\t<meta name=\"twitter:data1\" content=\"3 minutos\" \/>\n<script type=\"application\/ld+json\" class=\"yoast-schema-graph\">{\"@context\":\"https:\/\/schema.org\",\"@graph\":[{\"@type\":\"WebPage\",\"@id\":\"https:\/\/mivoot.com\/gt\/producto\/ventilador-de-pedestal-y-pared-16-2-en-1-navia\/\",\"url\":\"https:\/\/mivoot.com\/gt\/producto\/ventilador-de-pedestal-y-pared-16-2-en-1-navia\/\",\"name\":\"Ventilador de Pedestal y Pared 16\\\" 2 en 1 Navia - Mivoot\",\"isPartOf\":{\"@id\":\"https:\/\/mivoot.com\/gt\/#website\"},\"primaryImageOfPage\":{\"@id\":\"https:\/\/mivoot.com\/gt\/producto\/ventilador-de-pedestal-y-pared-16-2-en-1-navia\/#primaryimage\"},\"image\":{\"@id\":\"https:\/\/mivoot.com\/gt\/producto\/ventilador-de-pedestal-y-pared-16-2-en-1-navia\/#primaryimage\"},\"thumbnailUrl\":\"https:\/\/mivoot.com\/gt\/wp-content\/uploads\/2025\/02\/P16S2-01.webp\",\"datePublished\":\"2025-02-14T22:11:51+00:00\",\"dateModified\":\"2025-02-14T22:19:35+00:00\",\"breadcrumb\":{\"@id\":\"https:\/\/mivoot.com\/gt\/producto\/ventilador-de-pedestal-y-pared-16-2-en-1-navia\/#breadcrumb\"},\"inLanguage\":\"es\",\"potentialAction\":[{\"@type\":\"ReadAction\",\"target\":[\"https:\/\/mivoot.com\/gt\/producto\/ventilador-de-pedestal-y-pared-16-2-en-1-navia\/\"]}]},{\"@type\":\"ImageObject\",\"inLanguage\":\"es\",\"@id\":\"https:\/\/mivoot.com\/gt\/producto\/ventilador-de-pedestal-y-pared-16-2-en-1-navia\/#primaryimage\",\"url\":\"https:\/\/mivoot.com\/gt\/wp-content\/uploads\/2025\/02\/P16S2-01.webp\",\"contentUrl\":\"https:\/\/mivoot.com\/gt\/wp-content\/uploads\/2025\/02\/P16S2-01.webp\",\"width\":1600,\"height\":1200},{\"@type\":\"BreadcrumbList\",\"@id\":\"https:\/\/mivoot.com\/gt\/producto\/ventilador-de-pedestal-y-pared-16-2-en-1-navia\/#breadcrumb\",\"itemListElement\":[{\"@type\":\"ListItem\",\"position\":1,\"name\":\"Inicio\",\"item\":\"https:\/\/mivoot.com\/gt\/\"},{\"@type\":\"ListItem\",\"position\":2,\"name\":\"Productos\",\"item\":\"https:\/\/mivoot.com\/gt\/producto\/\"},{\"@type\":\"ListItem\",\"position\":3,\"name\":\"Navia\",\"item\":\"https:\/\/mivoot.com\/gt\/marca\/navia\/\"},{\"@type\":\"ListItem\",\"position\":4,\"name\":\"Ventilador de Pedestal y Pared 16&#8243; 2 en 1 Navia\"}]},{\"@type\":\"WebSite\",\"@id\":\"https:\/\/mivoot.com\/gt\/#website\",\"url\":\"https:\/\/mivoot.com\/gt\/\",\"name\":\"Mivoot\",\"description\":\"Mivoot Guatemala | Tienda Online\",\"publisher\":{\"@id\":\"https:\/\/mivoot.com\/gt\/#organization\"},\"alternateName\":\"mivoot\",\"potentialAction\":[{\"@type\":\"SearchAction\",\"target\":{\"@type\":\"EntryPoint\",\"urlTemplate\":\"https:\/\/mivoot.com\/gt\/?s={search_term_string}\"},\"query-input\":{\"@type\":\"PropertyValueSpecification\",\"valueRequired\":true,\"valueName\":\"search_term_string\"}}],\"inLanguage\":\"es\"},{\"@type\":\"Organization\",\"@id\":\"https:\/\/mivoot.com\/gt\/#organization\",\"name\":\"Mivoot Guatemala\",\"alternateName\":\"mivoot.com\",\"url\":\"https:\/\/mivoot.com\/gt\/\",\"logo\":{\"@type\":\"ImageObject\",\"inLanguage\":\"es\",\"@id\":\"https:\/\/mivoot.com\/gt\/#\/schema\/logo\/image\/\",\"url\":\"https:\/\/mivoot.com\/gt\/wp-content\/uploads\/2023\/03\/cropped-icon.png\",\"contentUrl\":\"https:\/\/mivoot.com\/gt\/wp-content\/uploads\/2023\/03\/cropped-icon.png\",\"width\":512,\"height\":512,\"caption\":\"Mivoot Guatemala\"},\"image\":{\"@id\":\"https:\/\/mivoot.com\/gt\/#\/schema\/logo\/image\/\"},\"sameAs\":[\"https:\/\/www.facebook.com\/mivootgt\",\"https:\/\/instagram.com\/mivoot\"]}]}<\/script>\n<!-- \/ Yoast SEO Premium plugin. -->","yoast_head_json":{"title":"Ventilador de Pedestal y Pared 16\" 2 en 1 Navia - Mivoot","robots":{"index":"index","follow":"follow","max-snippet":"max-snippet:-1","max-image-preview":"max-image-preview:large","max-video-preview":"max-video-preview:-1"},"canonical":"https:\/\/mivoot.com\/gt\/producto\/ventilador-de-pedestal-y-pared-16-2-en-1-navia\/","og_locale":"es_ES","og_type":"article","og_title":"Ventilador de Pedestal y Pared 16\" 2 en 1 Navia","og_description":"- 2 en 1: Pared y Piso - Rejilla de 16\". - Montado sin herramientas, f\u00e1cil de montar - 3 velocidades silenciosas - Altura m\u00e1xima 120 cm \/ 47-in. - Altura fija - Rejillas totalmente de pl\u00e1stico. - Ensamble sin herramientas. - Base Redonda pl\u00e1stica de alta resistencia. - 3 alabes de dispersi\u00f3n amplia. - Peso del producto 4.2 kg \/ 9.3 lbs - Fixtura para pared f\u00e1cil de montar.","og_url":"https:\/\/mivoot.com\/gt\/producto\/ventilador-de-pedestal-y-pared-16-2-en-1-navia\/","og_site_name":"Mivoot","article_publisher":"https:\/\/www.facebook.com\/mivootgt","article_modified_time":"2025-02-14T22:19:35+00:00","og_image":[{"width":1600,"height":1200,"url":"https:\/\/mivoot.com\/gt\/wp-content\/uploads\/2025\/02\/P16S2-01.webp","type":"image\/webp"}],"twitter_card":"summary_large_image","twitter_misc":{"Est. reading time":"3 minutos"},"schema":{"@context":"https:\/\/schema.org","@graph":[{"@type":"WebPage","@id":"https:\/\/mivoot.com\/gt\/producto\/ventilador-de-pedestal-y-pared-16-2-en-1-navia\/","url":"https:\/\/mivoot.com\/gt\/producto\/ventilador-de-pedestal-y-pared-16-2-en-1-navia\/","name":"Ventilador de Pedestal y Pared 16\" 2 en 1 Navia - Mivoot","isPartOf":{"@id":"https:\/\/mivoot.com\/gt\/#website"},"primaryImageOfPage":{"@id":"https:\/\/mivoot.com\/gt\/producto\/ventilador-de-pedestal-y-pared-16-2-en-1-navia\/#primaryimage"},"image":{"@id":"https:\/\/mivoot.com\/gt\/producto\/ventilador-de-pedestal-y-pared-16-2-en-1-navia\/#primaryimage"},"thumbnailUrl":"https:\/\/mivoot.com\/gt\/wp-content\/uploads\/2025\/02\/P16S2-01.webp","datePublished":"2025-02-14T22:11:51+00:00","dateModified":"2025-02-14T22:19:35+00:00","breadcrumb":{"@id":"https:\/\/mivoot.com\/gt\/producto\/ventilador-de-pedestal-y-pared-16-2-en-1-navia\/#breadcrumb"},"inLanguage":"es","potentialAction":[{"@type":"ReadAction","target":["https:\/\/mivoot.com\/gt\/producto\/ventilador-de-pedestal-y-pared-16-2-en-1-navia\/"]}]},{"@type":"ImageObject","inLanguage":"es","@id":"https:\/\/mivoot.com\/gt\/producto\/ventilador-de-pedestal-y-pared-16-2-en-1-navia\/#primaryimage","url":"https:\/\/mivoot.com\/gt\/wp-content\/uploads\/2025\/02\/P16S2-01.webp","contentUrl":"https:\/\/mivoot.com\/gt\/wp-content\/uploads\/2025\/02\/P16S2-01.webp","width":1600,"height":1200},{"@type":"BreadcrumbList","@id":"https:\/\/mivoot.com\/gt\/producto\/ventilador-de-pedestal-y-pared-16-2-en-1-navia\/#breadcrumb","itemListElement":[{"@type":"ListItem","position":1,"name":"Inicio","item":"https:\/\/mivoot.com\/gt\/"},{"@type":"ListItem","position":2,"name":"Productos","item":"https:\/\/mivoot.com\/gt\/producto\/"},{"@type":"ListItem","position":3,"name":"Navia","item":"https:\/\/mivoot.com\/gt\/marca\/navia\/"},{"@type":"ListItem","position":4,"name":"Ventilador de Pedestal y Pared 16&#8243; 2 en 1 Navia"}]},{"@type":"WebSite","@id":"https:\/\/mivoot.com\/gt\/#website","url":"https:\/\/mivoot.com\/gt\/","name":"Mivoot","description":"Mivoot Guatemala | Tienda Online","publisher":{"@id":"https:\/\/mivoot.com\/gt\/#organization"},"alternateName":"mivoot","potentialAction":[{"@type":"SearchAction","target":{"@type":"EntryPoint","urlTemplate":"https:\/\/mivoot.com\/gt\/?s={search_term_string}"},"query-input":{"@type":"PropertyValueSpecification","valueRequired":true,"valueName":"search_term_string"}}],"inLanguage":"es"},{"@type":"Organization","@id":"https:\/\/mivoot.com\/gt\/#organization","name":"Mivoot Guatemala","alternateName":"mivoot.com","url":"https:\/\/mivoot.com\/gt\/","logo":{"@type":"ImageObject","inLanguage":"es","@id":"https:\/\/mivoot.com\/gt\/#\/schema\/logo\/image\/","url":"https:\/\/mivoot.com\/gt\/wp-content\/uploads\/2023\/03\/cropped-icon.png","contentUrl":"https:\/\/mivoot.com\/gt\/wp-content\/uploads\/2023\/03\/cropped-icon.png","width":512,"height":512,"caption":"Mivoot Guatemala"},"image":{"@id":"https:\/\/mivoot.com\/gt\/#\/schema\/logo\/image\/"},"sameAs":["https:\/\/www.facebook.com\/mivootgt","https:\/\/instagram.com\/mivoot"]}]}},"jetpack_publicize_connections":[],"jetpack_sharing_enabled":true,"brands":[{"id":373,"name":"Navia","slug":"navia"}],"_links":{"self":[{"href":"https:\/\/mivoot.com\/gt\/wp-json\/wp\/v2\/product\/26428","targetHints":{"allow":["GET"]}}],"collection":[{"href":"https:\/\/mivoot.com\/gt\/wp-json\/wp\/v2\/product"}],"about":[{"href":"https:\/\/mivoot.com\/gt\/wp-json\/wp\/v2\/types\/product"}],"replies":[{"embeddable":true,"href":"https:\/\/mivoot.com\/gt\/wp-json\/wp\/v2\/comments?post=26428"}],"version-history":[{"count":4,"href":"https:\/\/mivoot.com\/gt\/wp-json\/wp\/v2\/product\/26428\/revisions"}],"predecessor-version":[{"id":26437,"href":"https:\/\/mivoot.com\/gt\/wp-json\/wp\/v2\/product\/26428\/revisions\/26437"}],"wp:featuredmedia":[{"embeddable":true,"href":"https:\/\/mivoot.com\/gt\/wp-json\/wp\/v2\/media\/26429"}],"wp:attachment":[{"href":"https:\/\/mivoot.com\/gt\/wp-json\/wp\/v2\/media?parent=26428"}],"wp:term":[{"taxonomy":"pwb-brand","embeddable":true,"href":"https:\/\/mivoot.com\/gt\/wp-json\/wp\/v2\/pwb-brand?post=26428"},{"taxonomy":"product_brand","embeddable":true,"href":"https:\/\/mivoot.com\/gt\/wp-json\/wp\/v2\/product_brand?post=26428"},{"taxonomy":"product_cat","embeddable":true,"href":"https:\/\/mivoot.com\/gt\/wp-json\/wp\/v2\/product_cat?post=26428"},{"taxonomy":"product_tag","embeddable":true,"href":"https:\/\/mivoot.com\/gt\/wp-json\/wp\/v2\/product_tag?post=26428"}],"curies":[{"name":"wp","href":"https:\/\/api.w.org\/{rel}","templated":true}]}}