{"id":26438,"date":"2025-02-14T16:36:41","date_gmt":"2025-02-14T22:36:41","guid":{"rendered":"https:\/\/mivoot.com\/gt\/?post_type=product&#038;p=26438"},"modified":"2025-02-14T16:56:39","modified_gmt":"2025-02-14T22:56:39","slug":"ventilador-de-pedestal-18-aspas-metalicas-navia","status":"publish","type":"product","link":"https:\/\/mivoot.com\/gt\/producto\/ventilador-de-pedestal-18-aspas-metalicas-navia\/","title":{"rendered":"Ventilador de Pedestal 18&#8243; Aspas Met\u00e1licas Navia"},"content":{"rendered":"<div id=\"comp-lhjti80l2\" class=\"HcOXKn c9GqVL QxJLC3 lq2cno YQcXTT comp-lhjti80l2 wixui-rich-text\" data-testid=\"richTextElement\" data-motion-enter=\"done\">\n<h1 style=\"text-align: center;\">Ventilador de Pedestal 18 Pulgadas Navia A18<\/h1>\n<p>posee tres aspas dise\u00f1adas tanto en metal como en pl\u00e1stico para asegurar durabilidad y rendimiento \u00f3ptimo. Tambi\u00e9n incorpora un interruptor integrado para encenderlo o apagarlo f\u00e1cilmente seg\u00fan sea necesario.<\/p>\n<ul>\n<li>S\u00f3lo embona las piezas con tus manos y suj\u00e9talo con una tuerca para fijar la base.<\/li>\n<li>Amplio \u00e1ngulo de inclinaci\u00f3n Su amplio \u00e1ngulo de inclinaci\u00f3n te permite dirigir el aire en m\u00e1s direcciones.<\/li>\n<li>Est\u00e9 rango junto con el amplio rango de selecci\u00f3n de altura te permite dirigir el aire en casi cualquier direcci\u00f3n de la habitaci\u00f3n.<\/li>\n<li>Aspas Aerodin\u00e1micas: Nuestro dise\u00f1o de Aspas est\u00e1 dise\u00f1ado para maximizar el desplazamiento de aire tanto en distancia de proyecci\u00f3n como en amplitud.<\/li>\n<li>Potencia en el motor: Circula hasta 3 veces el aire de una habitaci\u00f3n.<\/li>\n<li>Su alto desplazamiento (91.49 m\u00b3) es de gran apoyo en esos d\u00edas de calor.<\/li>\n<li>Puedes modular la altura de 100 cm a 135 cm con lo cual se ajusta para librar desde un escritorio hasta una silla o un sill\u00f3n.<\/li>\n<li>Gracias a su potente motor logra mover el aire sin dificultades pese a los obst\u00e1culos.<\/li>\n<\/ul>\n<h3>Ensamble sin herramientas<\/h3>\n<\/div>\n<div id=\"comp-lhjti80n1\" class=\"HcOXKn c9GqVL QxJLC3 lq2cno YQcXTT comp-lhjti80n1 wixui-rich-text\" data-testid=\"richTextElement\" data-motion-enter=\"done\">\n<p class=\"font_7 wixui-rich-text__text\">El nuevo dise\u00f1o de crucetas de Navia no requiere del uso de herramientas. S\u00f3lo embona las piezas con tus manos y suj\u00e9talo con una tuerca para fijar la base.<\/p>\n<h3 class=\"font_7 wixui-rich-text__text\"><span style=\"font-size: 100%;\"><span style=\"color: #333333;\">Amplio \u00e1ngulo <\/span><span style=\"color: #333333;\">de inclinaci\u00f3n<\/span><\/span><\/h3>\n<div class=\"\" data-mesh-id=\"comp-lfa9wlv92inlineContent\" data-testid=\"inline-content\">\n<div data-mesh-id=\"comp-lfa9wlv92inlineContent-gridContainer\" data-testid=\"mesh-container-content\">\n<div id=\"comp-lfa9wlvf\" class=\"HcOXKn c9GqVL QxJLC3 lq2cno YQcXTT comp-lfa9wlvf wixui-rich-text\" data-testid=\"richTextElement\" data-motion-enter=\"done\">\n<p class=\"font_9 wixui-rich-text__text\">Su amplio \u00e1ngulo de inclinaci\u00f3n te permite dirigir el aire en m\u00e1s direcciones. Est\u00e9 rango junto con el amplio rango de selecci\u00f3n de altura te permite dirigir el aire en casi cualquier direcci\u00f3n de la habitaci\u00f3n.<\/p>\n<h3 id=\"comp-lfa9wlvw1\" class=\"HcOXKn c9GqVL QxJLC3 lq2cno YQcXTT comp-lfa9wlvw1 wixui-rich-text\" data-testid=\"richTextElement\"><span class=\"color_23 wixui-rich-text__text\"><span class=\"wixui-rich-text__text\">Aspas Aerodin\u00e1micas<\/span><\/span><\/h3>\n<div id=\"comp-lfa9wlvu\" class=\"MazNVa comp-lfa9wlvu wixui-image\" data-motion-enter=\"done\">\n<div class=\"j7pOnl\" data-testid=\"linkElement\"><img fetchpriority=\"high\" decoding=\"async\" src=\"https:\/\/static.wixstatic.com\/media\/376773_9381d7aa73f5420d964f0e7020b549e0~mv2.png\/v1\/crop\/x_14,y_550,w_1550,h_1027\/fill\/w_656,h_435,al_c,q_85,usm_0.66_1.00_0.01,enc_avif,quality_auto\/A18---Pedestal-18-in-aspa-metalica_EXP.png\" alt=\"A18---Pedestal-18-in-aspa-metalica_EXP.png\" width=\"656\" height=\"435\" data-ssr-src-done=\"true\" \/><\/div>\n<\/div>\n<div id=\"comp-lhkzxpq3\" class=\"HcOXKn c9GqVL QxJLC3 lq2cno YQcXTT comp-lhkzxpq3 wixui-rich-text\" data-testid=\"richTextElement\">\n<p class=\"font_8 wixui-rich-text__text\"><span class=\"color_15 wixui-rich-text__text\">Nuestro dise\u00f1o de Aspas est\u00e1 dise\u00f1ado para maximizar el desplazamiento de aire tanto en distancia de proyecci\u00f3n como en amplitud.<\/span><\/p>\n<div id=\"comp-lgwmpwj5\" class=\"HcOXKn c9GqVL QxJLC3 lq2cno YQcXTT comp-lgwmpwj5 wixui-rich-text\" data-testid=\"richTextElement\" data-motion-enter=\"done\">\n<h3 class=\"font_3 wixui-rich-text__text\"><span class=\"wixui-rich-text__text\"><span class=\"color_23 wixui-rich-text__text\">Potencia en el motor<\/span><\/span><\/h3>\n<\/div>\n<div id=\"comp-lgwmpwja\" class=\"HcOXKn c9GqVL QxJLC3 lq2cno YQcXTT comp-lgwmpwja wixui-rich-text\" data-testid=\"richTextElement\" data-motion-enter=\"done\">\n<p class=\"font_9 wixui-rich-text__text\">Circula hasta 3 veces el aire de una habitaci\u00f3n. Su alto desplazamiento (91.49 m\u00b3) es de gran apoyo en esos d\u00edas de calor.<\/p>\n<h3 class=\"font_3 wixui-rich-text__text\"><span class=\"wixui-rich-text__text\">Circulaci\u00f3n Sin Obstrucciones<\/span><\/h3>\n<p>Puedes modular la altura de 100 cm a 135 cm con lo cual se ajusta para librar desde un escritorio hasta una silla o un sill\u00f3n.<\/p>\n<p>Gracias a su potente motor logra\u00a0 mover el aire sin dificultades pese a los obst\u00e1culos.<\/p>\n<p><img decoding=\"async\" class=\"aligncenter\" src=\"https:\/\/m.media-amazon.com\/images\/I\/61Ml2Xn9NbL._AC_SL1200_.jpg\" \/><img decoding=\"async\" class=\"aligncenter\" src=\"https:\/\/m.media-amazon.com\/images\/I\/615bLI04fXL._AC_SL1200_.jpg\" \/><img decoding=\"async\" class=\"aligncenter\" src=\"https:\/\/m.media-amazon.com\/images\/I\/61faIbpvBvL._AC_SL1200_.jpg\" \/><img decoding=\"async\" class=\"aligncenter\" src=\"https:\/\/m.media-amazon.com\/images\/I\/71T2UchxIlL._AC_SL1200_.jpg\" \/><img decoding=\"async\" class=\"aligncenter\" src=\"https:\/\/m.media-amazon.com\/images\/I\/61kpuwusoxL._AC_SL1200_.jpg\" \/><\/p>\n<\/div>\n<\/div>\n<\/div>\n<\/div>\n<\/div>\n<\/div>\n","protected":false},"excerpt":{"rendered":"<p>&#8211; F\u00e1cil ensamble, sin herramientas<br \/>\n&#8211; Cabezal con gran inclinaci\u00f3n<br \/>\n&#8211; Rejillas y aspas met\u00e1licas<br \/>\n&#8211; Rejilla de 18&#8243;.<br \/>\n&#8211; 3 Velocidades.<br \/>\n&#8211; Perilla de velocidades en cabezal.<br \/>\n&#8211; Altura m\u00e1xima 135 cm \/ 53-in.<br \/>\n&#8211; Altura modulable<br \/>\n&#8211; Ensamble sin herramientas.<br \/>\n&#8211; Base cruceta pl\u00e1stica de alta resistencia.<br \/>\n&#8211; 3 alabes de dispersi\u00f3n amplia.<br \/>\n&#8211; Peso del producto 5.6 kg \/ 12.3 lbs<br \/>\n&#8211; Alto desplazamiento de aire de 91.49 m\u00b3\/min.*<br \/>\n&#8211; 1,500 RPM<\/p>\n","protected":false},"featured_media":26445,"comment_status":"open","ping_status":"closed","template":"","meta":{"jetpack_publicize_message":"","jetpack_publicize_feature_enabled":true,"jetpack_social_post_already_shared":true,"jetpack_social_options":{"image_generator_settings":{"template":"highway","default_image_id":0,"font":"","enabled":false},"version":2}},"pwb-brand":[373],"product_brand":[],"product_cat":[289],"product_tag":[],"class_list":{"0":"post-26438","1":"product","2":"type-product","3":"status-publish","4":"has-post-thumbnail","6":"pwb-brand-navia","7":"product_cat-ventiladores-2","9":"first","10":"instock","11":"taxable","12":"shipping-taxable","13":"purchasable","14":"product-type-simple"},"yoast_head":"<!-- This site is optimized with the Yoast SEO Premium plugin v25.7.1 (Yoast SEO v26.8) - https:\/\/yoast.com\/product\/yoast-seo-premium-wordpress\/ -->\n<title>Ventilador de Pedestal 18&quot; Aspas Met\u00e1licas Navia - Mivoot<\/title>\n<meta name=\"robots\" content=\"index, follow, max-snippet:-1, max-image-preview:large, max-video-preview:-1\" \/>\n<link rel=\"canonical\" href=\"https:\/\/mivoot.com\/gt\/producto\/ventilador-de-pedestal-18-aspas-metalicas-navia\/\" \/>\n<meta property=\"og:locale\" content=\"es_ES\" \/>\n<meta property=\"og:type\" content=\"article\" \/>\n<meta property=\"og:title\" content=\"Ventilador de Pedestal 18&quot; Aspas Met\u00e1licas Navia\" \/>\n<meta property=\"og:description\" content=\"- F\u00e1cil ensamble, sin herramientas - Cabezal con gran inclinaci\u00f3n - Rejillas y aspas met\u00e1licas - Rejilla de 18&quot;. - 3 Velocidades. - Perilla de velocidades en cabezal. - Altura m\u00e1xima 135 cm \/ 53-in. - Altura modulable - Ensamble sin herramientas. - Base cruceta pl\u00e1stica de alta resistencia. - 3 alabes de dispersi\u00f3n amplia. - Peso del producto 5.6 kg \/ 12.3 lbs - Alto desplazamiento de aire de 91.49 m\u00b3\/min.* - 1,500 RPM\" \/>\n<meta property=\"og:url\" content=\"https:\/\/mivoot.com\/gt\/producto\/ventilador-de-pedestal-18-aspas-metalicas-navia\/\" \/>\n<meta property=\"og:site_name\" content=\"Mivoot\" \/>\n<meta property=\"article:publisher\" content=\"https:\/\/www.facebook.com\/mivootgt\" \/>\n<meta property=\"article:modified_time\" content=\"2025-02-14T22:56:39+00:00\" \/>\n<meta property=\"og:image\" content=\"https:\/\/mivoot.com\/gt\/wp-content\/uploads\/2025\/02\/A18-03.png\" \/>\n\t<meta property=\"og:image:width\" content=\"586\" \/>\n\t<meta property=\"og:image:height\" content=\"763\" \/>\n\t<meta property=\"og:image:type\" content=\"image\/png\" \/>\n<meta name=\"twitter:card\" content=\"summary_large_image\" \/>\n<meta name=\"twitter:label1\" content=\"Est. reading time\" \/>\n\t<meta name=\"twitter:data1\" content=\"4 minutos\" \/>\n<script type=\"application\/ld+json\" class=\"yoast-schema-graph\">{\"@context\":\"https:\/\/schema.org\",\"@graph\":[{\"@type\":\"WebPage\",\"@id\":\"https:\/\/mivoot.com\/gt\/producto\/ventilador-de-pedestal-18-aspas-metalicas-navia\/\",\"url\":\"https:\/\/mivoot.com\/gt\/producto\/ventilador-de-pedestal-18-aspas-metalicas-navia\/\",\"name\":\"Ventilador de Pedestal 18\\\" Aspas Met\u00e1licas Navia - Mivoot\",\"isPartOf\":{\"@id\":\"https:\/\/mivoot.com\/gt\/#website\"},\"primaryImageOfPage\":{\"@id\":\"https:\/\/mivoot.com\/gt\/producto\/ventilador-de-pedestal-18-aspas-metalicas-navia\/#primaryimage\"},\"image\":{\"@id\":\"https:\/\/mivoot.com\/gt\/producto\/ventilador-de-pedestal-18-aspas-metalicas-navia\/#primaryimage\"},\"thumbnailUrl\":\"https:\/\/mivoot.com\/gt\/wp-content\/uploads\/2025\/02\/A18-03.png\",\"datePublished\":\"2025-02-14T22:36:41+00:00\",\"dateModified\":\"2025-02-14T22:56:39+00:00\",\"breadcrumb\":{\"@id\":\"https:\/\/mivoot.com\/gt\/producto\/ventilador-de-pedestal-18-aspas-metalicas-navia\/#breadcrumb\"},\"inLanguage\":\"es\",\"potentialAction\":[{\"@type\":\"ReadAction\",\"target\":[\"https:\/\/mivoot.com\/gt\/producto\/ventilador-de-pedestal-18-aspas-metalicas-navia\/\"]}]},{\"@type\":\"ImageObject\",\"inLanguage\":\"es\",\"@id\":\"https:\/\/mivoot.com\/gt\/producto\/ventilador-de-pedestal-18-aspas-metalicas-navia\/#primaryimage\",\"url\":\"https:\/\/mivoot.com\/gt\/wp-content\/uploads\/2025\/02\/A18-03.png\",\"contentUrl\":\"https:\/\/mivoot.com\/gt\/wp-content\/uploads\/2025\/02\/A18-03.png\",\"width\":586,\"height\":763},{\"@type\":\"BreadcrumbList\",\"@id\":\"https:\/\/mivoot.com\/gt\/producto\/ventilador-de-pedestal-18-aspas-metalicas-navia\/#breadcrumb\",\"itemListElement\":[{\"@type\":\"ListItem\",\"position\":1,\"name\":\"Inicio\",\"item\":\"https:\/\/mivoot.com\/gt\/\"},{\"@type\":\"ListItem\",\"position\":2,\"name\":\"Productos\",\"item\":\"https:\/\/mivoot.com\/gt\/producto\/\"},{\"@type\":\"ListItem\",\"position\":3,\"name\":\"Navia\",\"item\":\"https:\/\/mivoot.com\/gt\/marca\/navia\/\"},{\"@type\":\"ListItem\",\"position\":4,\"name\":\"Ventilador de Pedestal 18&#8243; Aspas Met\u00e1licas Navia\"}]},{\"@type\":\"WebSite\",\"@id\":\"https:\/\/mivoot.com\/gt\/#website\",\"url\":\"https:\/\/mivoot.com\/gt\/\",\"name\":\"Mivoot\",\"description\":\"Mivoot Guatemala | Tienda Online\",\"publisher\":{\"@id\":\"https:\/\/mivoot.com\/gt\/#organization\"},\"alternateName\":\"mivoot\",\"potentialAction\":[{\"@type\":\"SearchAction\",\"target\":{\"@type\":\"EntryPoint\",\"urlTemplate\":\"https:\/\/mivoot.com\/gt\/?s={search_term_string}\"},\"query-input\":{\"@type\":\"PropertyValueSpecification\",\"valueRequired\":true,\"valueName\":\"search_term_string\"}}],\"inLanguage\":\"es\"},{\"@type\":\"Organization\",\"@id\":\"https:\/\/mivoot.com\/gt\/#organization\",\"name\":\"Mivoot Guatemala\",\"alternateName\":\"mivoot.com\",\"url\":\"https:\/\/mivoot.com\/gt\/\",\"logo\":{\"@type\":\"ImageObject\",\"inLanguage\":\"es\",\"@id\":\"https:\/\/mivoot.com\/gt\/#\/schema\/logo\/image\/\",\"url\":\"https:\/\/mivoot.com\/gt\/wp-content\/uploads\/2023\/03\/cropped-icon.png\",\"contentUrl\":\"https:\/\/mivoot.com\/gt\/wp-content\/uploads\/2023\/03\/cropped-icon.png\",\"width\":512,\"height\":512,\"caption\":\"Mivoot Guatemala\"},\"image\":{\"@id\":\"https:\/\/mivoot.com\/gt\/#\/schema\/logo\/image\/\"},\"sameAs\":[\"https:\/\/www.facebook.com\/mivootgt\",\"https:\/\/instagram.com\/mivoot\"]}]}<\/script>\n<!-- \/ Yoast SEO Premium plugin. -->","yoast_head_json":{"title":"Ventilador de Pedestal 18\" Aspas Met\u00e1licas Navia - Mivoot","robots":{"index":"index","follow":"follow","max-snippet":"max-snippet:-1","max-image-preview":"max-image-preview:large","max-video-preview":"max-video-preview:-1"},"canonical":"https:\/\/mivoot.com\/gt\/producto\/ventilador-de-pedestal-18-aspas-metalicas-navia\/","og_locale":"es_ES","og_type":"article","og_title":"Ventilador de Pedestal 18\" Aspas Met\u00e1licas Navia","og_description":"- F\u00e1cil ensamble, sin herramientas - Cabezal con gran inclinaci\u00f3n - Rejillas y aspas met\u00e1licas - Rejilla de 18\". - 3 Velocidades. - Perilla de velocidades en cabezal. - Altura m\u00e1xima 135 cm \/ 53-in. - Altura modulable - Ensamble sin herramientas. - Base cruceta pl\u00e1stica de alta resistencia. - 3 alabes de dispersi\u00f3n amplia. - Peso del producto 5.6 kg \/ 12.3 lbs - Alto desplazamiento de aire de 91.49 m\u00b3\/min.* - 1,500 RPM","og_url":"https:\/\/mivoot.com\/gt\/producto\/ventilador-de-pedestal-18-aspas-metalicas-navia\/","og_site_name":"Mivoot","article_publisher":"https:\/\/www.facebook.com\/mivootgt","article_modified_time":"2025-02-14T22:56:39+00:00","og_image":[{"width":586,"height":763,"url":"https:\/\/mivoot.com\/gt\/wp-content\/uploads\/2025\/02\/A18-03.png","type":"image\/png"}],"twitter_card":"summary_large_image","twitter_misc":{"Est. reading time":"4 minutos"},"schema":{"@context":"https:\/\/schema.org","@graph":[{"@type":"WebPage","@id":"https:\/\/mivoot.com\/gt\/producto\/ventilador-de-pedestal-18-aspas-metalicas-navia\/","url":"https:\/\/mivoot.com\/gt\/producto\/ventilador-de-pedestal-18-aspas-metalicas-navia\/","name":"Ventilador de Pedestal 18\" Aspas Met\u00e1licas Navia - Mivoot","isPartOf":{"@id":"https:\/\/mivoot.com\/gt\/#website"},"primaryImageOfPage":{"@id":"https:\/\/mivoot.com\/gt\/producto\/ventilador-de-pedestal-18-aspas-metalicas-navia\/#primaryimage"},"image":{"@id":"https:\/\/mivoot.com\/gt\/producto\/ventilador-de-pedestal-18-aspas-metalicas-navia\/#primaryimage"},"thumbnailUrl":"https:\/\/mivoot.com\/gt\/wp-content\/uploads\/2025\/02\/A18-03.png","datePublished":"2025-02-14T22:36:41+00:00","dateModified":"2025-02-14T22:56:39+00:00","breadcrumb":{"@id":"https:\/\/mivoot.com\/gt\/producto\/ventilador-de-pedestal-18-aspas-metalicas-navia\/#breadcrumb"},"inLanguage":"es","potentialAction":[{"@type":"ReadAction","target":["https:\/\/mivoot.com\/gt\/producto\/ventilador-de-pedestal-18-aspas-metalicas-navia\/"]}]},{"@type":"ImageObject","inLanguage":"es","@id":"https:\/\/mivoot.com\/gt\/producto\/ventilador-de-pedestal-18-aspas-metalicas-navia\/#primaryimage","url":"https:\/\/mivoot.com\/gt\/wp-content\/uploads\/2025\/02\/A18-03.png","contentUrl":"https:\/\/mivoot.com\/gt\/wp-content\/uploads\/2025\/02\/A18-03.png","width":586,"height":763},{"@type":"BreadcrumbList","@id":"https:\/\/mivoot.com\/gt\/producto\/ventilador-de-pedestal-18-aspas-metalicas-navia\/#breadcrumb","itemListElement":[{"@type":"ListItem","position":1,"name":"Inicio","item":"https:\/\/mivoot.com\/gt\/"},{"@type":"ListItem","position":2,"name":"Productos","item":"https:\/\/mivoot.com\/gt\/producto\/"},{"@type":"ListItem","position":3,"name":"Navia","item":"https:\/\/mivoot.com\/gt\/marca\/navia\/"},{"@type":"ListItem","position":4,"name":"Ventilador de Pedestal 18&#8243; Aspas Met\u00e1licas Navia"}]},{"@type":"WebSite","@id":"https:\/\/mivoot.com\/gt\/#website","url":"https:\/\/mivoot.com\/gt\/","name":"Mivoot","description":"Mivoot Guatemala | Tienda Online","publisher":{"@id":"https:\/\/mivoot.com\/gt\/#organization"},"alternateName":"mivoot","potentialAction":[{"@type":"SearchAction","target":{"@type":"EntryPoint","urlTemplate":"https:\/\/mivoot.com\/gt\/?s={search_term_string}"},"query-input":{"@type":"PropertyValueSpecification","valueRequired":true,"valueName":"search_term_string"}}],"inLanguage":"es"},{"@type":"Organization","@id":"https:\/\/mivoot.com\/gt\/#organization","name":"Mivoot Guatemala","alternateName":"mivoot.com","url":"https:\/\/mivoot.com\/gt\/","logo":{"@type":"ImageObject","inLanguage":"es","@id":"https:\/\/mivoot.com\/gt\/#\/schema\/logo\/image\/","url":"https:\/\/mivoot.com\/gt\/wp-content\/uploads\/2023\/03\/cropped-icon.png","contentUrl":"https:\/\/mivoot.com\/gt\/wp-content\/uploads\/2023\/03\/cropped-icon.png","width":512,"height":512,"caption":"Mivoot Guatemala"},"image":{"@id":"https:\/\/mivoot.com\/gt\/#\/schema\/logo\/image\/"},"sameAs":["https:\/\/www.facebook.com\/mivootgt","https:\/\/instagram.com\/mivoot"]}]}},"jetpack_publicize_connections":[],"jetpack_sharing_enabled":true,"brands":[{"id":373,"name":"Navia","slug":"navia"}],"_links":{"self":[{"href":"https:\/\/mivoot.com\/gt\/wp-json\/wp\/v2\/product\/26438","targetHints":{"allow":["GET"]}}],"collection":[{"href":"https:\/\/mivoot.com\/gt\/wp-json\/wp\/v2\/product"}],"about":[{"href":"https:\/\/mivoot.com\/gt\/wp-json\/wp\/v2\/types\/product"}],"replies":[{"embeddable":true,"href":"https:\/\/mivoot.com\/gt\/wp-json\/wp\/v2\/comments?post=26438"}],"version-history":[{"count":4,"href":"https:\/\/mivoot.com\/gt\/wp-json\/wp\/v2\/product\/26438\/revisions"}],"predecessor-version":[{"id":26447,"href":"https:\/\/mivoot.com\/gt\/wp-json\/wp\/v2\/product\/26438\/revisions\/26447"}],"wp:featuredmedia":[{"embeddable":true,"href":"https:\/\/mivoot.com\/gt\/wp-json\/wp\/v2\/media\/26445"}],"wp:attachment":[{"href":"https:\/\/mivoot.com\/gt\/wp-json\/wp\/v2\/media?parent=26438"}],"wp:term":[{"taxonomy":"pwb-brand","embeddable":true,"href":"https:\/\/mivoot.com\/gt\/wp-json\/wp\/v2\/pwb-brand?post=26438"},{"taxonomy":"product_brand","embeddable":true,"href":"https:\/\/mivoot.com\/gt\/wp-json\/wp\/v2\/product_brand?post=26438"},{"taxonomy":"product_cat","embeddable":true,"href":"https:\/\/mivoot.com\/gt\/wp-json\/wp\/v2\/product_cat?post=26438"},{"taxonomy":"product_tag","embeddable":true,"href":"https:\/\/mivoot.com\/gt\/wp-json\/wp\/v2\/product_tag?post=26438"}],"curies":[{"name":"wp","href":"https:\/\/api.w.org\/{rel}","templated":true}]}}