{"id":26449,"date":"2025-02-14T18:08:18","date_gmt":"2025-02-15T00:08:18","guid":{"rendered":"https:\/\/mivoot.com\/gt\/?post_type=product&#038;p=26449"},"modified":"2025-02-14T18:19:45","modified_gmt":"2025-02-15T00:19:45","slug":"ventilador-personal-10%e2%80%b3-3-velocidades-2-en-1-cobre-navia","status":"publish","type":"product","link":"https:\/\/mivoot.com\/gt\/producto\/ventilador-personal-10%e2%80%b3-3-velocidades-2-en-1-cobre-navia\/","title":{"rendered":"Ventilador Personal 10\u2033 3 Velocidades 2 en 1 Cobre Navia"},"content":{"rendered":"<p style=\"text-align: center;\"><span style=\"font-size: 23.04px;\">&#8220;SIENTE LA BRISA EN CUALQUIER LUGAR CON EL VENTILADOR PERSONAL NAVIA&#8221;<\/span><\/p>\n<div>\n<section>\n<section id=\"product-description-section\" data-testid=\"product-description\">\n<section id=\"item-product-details\" class=\"expand-collapse-section\" aria-describedby=\"delivery-instructions\">\n<div class=\"w_zz0G expand-collapse-content\" data-testid=\"ui-collapse-panel\">\n<div class=\"ph3 pb4 pt1\">\n<div class=\"nb3\" data-testid=\"product-description-content\">\n<div class=\"mb3\">\n<div class=\"dangerous-html mb3\">\n<div>Confort para ti. La ventilaci\u00f3n que necesitas solo para ti, para refrescarte y recibir confort en esos d\u00edas calurosos. Ergon\u00f3mico. Gracias a su cabezal giratorio, su \u00e1ngulo de inclinaci\u00f3n maximiza su capacidad de refrescar mientras est\u00e1 colocado sobre tu escritorio o en la pared. Ventilaci\u00f3n solo para ti.<\/div>\n<div><\/div>\n<div>El ventilador que te acompa\u00f1a en cada rinc\u00f3n de tu hogar u oficina. Confort personalizado para cada rinc\u00f3n que lo necesites. Diferencia de velocidades que se nota. Una velocidad alta para d\u00edas calurosos y una velocidad baja para trabajar silenciosamente y fresco. Inclinaci\u00f3n 360 Grados. A pesar de su peque\u00f1o tama\u00f1o est\u00e1 dise\u00f1ado para mover un gran volumen de aire dirigido hacia ti.<\/div>\n<\/div>\n<\/div>\n<\/div>\n<\/div>\n<\/div>\n<\/section>\n<\/section>\n<\/section>\n<\/div>\n<div><\/div>\n<p>Elige entre 3 ajustes de velocidad para encontrar el nivel de confort perfecto para los calurosos d\u00edas de verano, las frescas tardes de oto\u00f1o y las confortables noches.<\/p>\n<p><img fetchpriority=\"high\" decoding=\"async\" class=\"size-full wp-image-26453 aligncenter\" src=\"https:\/\/mivoot.com\/gt\/wp-content\/uploads\/2025\/02\/navia.png\" alt=\"\" width=\"992\" height=\"860\" srcset=\"https:\/\/mivoot.com\/gt\/wp-content\/uploads\/2025\/02\/navia.png 992w, https:\/\/mivoot.com\/gt\/wp-content\/uploads\/2025\/02\/navia-410x355.png 410w, https:\/\/mivoot.com\/gt\/wp-content\/uploads\/2025\/02\/navia-64x55.png 64w, https:\/\/mivoot.com\/gt\/wp-content\/uploads\/2025\/02\/navia-300x260.png 300w, https:\/\/mivoot.com\/gt\/wp-content\/uploads\/2025\/02\/navia-768x666.png 768w, https:\/\/mivoot.com\/gt\/wp-content\/uploads\/2025\/02\/navia-600x520.png 600w\" sizes=\"(max-width: 992px) 100vw, 992px\" \/><\/p>\n<div id=\"comp-li22xhzd2\" class=\"HcOXKn c9GqVL QxJLC3 lq2cno YQcXTT comp-li22xhzd2 wixui-rich-text\" data-testid=\"richTextElement\">\n<h4 class=\"font_6 wixui-rich-text__text\"><span class=\"wixui-rich-text__text\">Dise\u00f1o<\/span><\/h4>\n<\/div>\n<div id=\"comp-li22xhze4\" class=\"HcOXKn c9GqVL QxJLC3 lq2cno YQcXTT comp-li22xhze4 wixui-rich-text\" data-testid=\"richTextElement\">\n<ul>\n<li class=\"font_9 wixui-rich-text__text\">Rejilla de 10&#8243;.<\/li>\n<li class=\"font_9 wixui-rich-text__text\">Rejillas totalmente de pl\u00e1stico.<\/li>\n<li class=\"font_9 wixui-rich-text__text\">3 velocidades<\/li>\n<li class=\"font_9 wixui-rich-text__text\">3 alabes de dispersi\u00f3n amplia.<\/li>\n<li class=\"font_9 wixui-rich-text__text\">Peso del producto 1.4 kg \/ 3 lbs<\/li>\n<li class=\"font_9 wixui-rich-text__text\">Giro de Cabezal de 360\u00b0<\/li>\n<\/ul>\n<\/div>\n<p>&nbsp;<\/p>\n<p><img decoding=\"async\" class=\"\" src=\"https:\/\/m.media-amazon.com\/images\/I\/718chc7eGoL._AC_SL1500_.jpg\" width=\"532\" height=\"509\" \/><img decoding=\"async\" class=\"\" src=\"https:\/\/m.media-amazon.com\/images\/I\/81i3+e6MHoL._AC_SL1500_.jpg\" width=\"605\" height=\"510\" \/><img loading=\"lazy\" decoding=\"async\" class=\"\" src=\"https:\/\/m.media-amazon.com\/images\/I\/715h6LIKa0L._AC_SL1500_.jpg\" width=\"514\" height=\"494\" \/><img loading=\"lazy\" decoding=\"async\" class=\"\" src=\"https:\/\/m.media-amazon.com\/images\/I\/71pPRNyy1kL._AC_SL1500_.jpg\" width=\"541\" height=\"495\" \/><img decoding=\"async\" src=\"https:\/\/m.media-amazon.com\/images\/I\/81GoHZdjKaL._AC_SL1500_.jpg\" \/><\/p>\n","protected":false},"excerpt":{"rendered":"<p>\u2013 Medidas 10.2\u2033 X 5.5\u2033 X 10.8\u2033<br \/>\n\u2013 Peso: 2.42 libras.<br \/>\n\u2013 Tama\u00f1o de ventilador de 27.5cm<br \/>\n\u2013 Peso de 1.4 kg<br \/>\n\u2013 2 en 1 Pared y piso<br \/>\n\u2013 3 Velocidades- Voltaje 120V\/127V<br \/>\n\u2013 Frecuencia 2667 rpm<br \/>\n\u2013 Voltaje 120V\/127V<\/p>\n","protected":false},"featured_media":26454,"comment_status":"open","ping_status":"closed","template":"","meta":{"jetpack_publicize_message":"","jetpack_publicize_feature_enabled":true,"jetpack_social_post_already_shared":true,"jetpack_social_options":{"image_generator_settings":{"template":"highway","default_image_id":0,"font":"","enabled":false},"version":2}},"pwb-brand":[373],"product_brand":[],"product_cat":[289],"product_tag":[],"class_list":{"0":"post-26449","1":"product","2":"type-product","3":"status-publish","4":"has-post-thumbnail","6":"pwb-brand-navia","7":"product_cat-ventiladores-2","9":"first","10":"instock","11":"taxable","12":"shipping-taxable","13":"purchasable","14":"product-type-simple"},"yoast_head":"<!-- This site is optimized with the Yoast SEO Premium plugin v25.7.1 (Yoast SEO v26.8) - https:\/\/yoast.com\/product\/yoast-seo-premium-wordpress\/ -->\n<title>Ventilador Personal 10\u2033 3 Velocidades 2 en 1 Cobre Navia - Mivoot<\/title>\n<meta name=\"robots\" content=\"index, follow, max-snippet:-1, max-image-preview:large, max-video-preview:-1\" \/>\n<link rel=\"canonical\" href=\"https:\/\/mivoot.com\/gt\/producto\/ventilador-personal-10\u2033-3-velocidades-2-en-1-cobre-navia\/\" \/>\n<meta property=\"og:locale\" content=\"es_ES\" \/>\n<meta property=\"og:type\" content=\"article\" \/>\n<meta property=\"og:title\" content=\"Ventilador Personal 10\u2033 3 Velocidades 2 en 1 Cobre Navia\" \/>\n<meta property=\"og:description\" content=\"\u2013 Medidas 10.2\u2033 X 5.5\u2033 X 10.8\u2033 \u2013 Peso: 2.42 libras. \u2013 Tama\u00f1o de ventilador de 27.5cm \u2013 Peso de 1.4 kg \u2013 2 en 1 Pared y piso \u2013 3 Velocidades- Voltaje 120V\/127V \u2013 Frecuencia 2667 rpm \u2013 Voltaje 120V\/127V\" \/>\n<meta property=\"og:url\" content=\"https:\/\/mivoot.com\/gt\/producto\/ventilador-personal-10\u2033-3-velocidades-2-en-1-cobre-navia\/\" \/>\n<meta property=\"og:site_name\" content=\"Mivoot\" \/>\n<meta property=\"article:publisher\" content=\"https:\/\/www.facebook.com\/mivootgt\" \/>\n<meta property=\"article:modified_time\" content=\"2025-02-15T00:19:45+00:00\" \/>\n<meta property=\"og:image\" content=\"https:\/\/mivoot.com\/gt\/wp-content\/uploads\/2025\/02\/CEN-1013-00.webp\" \/>\n\t<meta property=\"og:image:width\" content=\"612\" \/>\n\t<meta property=\"og:image:height\" content=\"612\" \/>\n\t<meta property=\"og:image:type\" content=\"image\/webp\" \/>\n<meta name=\"twitter:card\" content=\"summary_large_image\" \/>\n<meta name=\"twitter:label1\" content=\"Est. reading time\" \/>\n\t<meta name=\"twitter:data1\" content=\"3 minutos\" \/>\n<script type=\"application\/ld+json\" class=\"yoast-schema-graph\">{\"@context\":\"https:\/\/schema.org\",\"@graph\":[{\"@type\":\"WebPage\",\"@id\":\"https:\/\/mivoot.com\/gt\/producto\/ventilador-personal-10%e2%80%b3-3-velocidades-2-en-1-cobre-navia\/\",\"url\":\"https:\/\/mivoot.com\/gt\/producto\/ventilador-personal-10%e2%80%b3-3-velocidades-2-en-1-cobre-navia\/\",\"name\":\"Ventilador Personal 10\u2033 3 Velocidades 2 en 1 Cobre Navia - Mivoot\",\"isPartOf\":{\"@id\":\"https:\/\/mivoot.com\/gt\/#website\"},\"primaryImageOfPage\":{\"@id\":\"https:\/\/mivoot.com\/gt\/producto\/ventilador-personal-10%e2%80%b3-3-velocidades-2-en-1-cobre-navia\/#primaryimage\"},\"image\":{\"@id\":\"https:\/\/mivoot.com\/gt\/producto\/ventilador-personal-10%e2%80%b3-3-velocidades-2-en-1-cobre-navia\/#primaryimage\"},\"thumbnailUrl\":\"https:\/\/mivoot.com\/gt\/wp-content\/uploads\/2025\/02\/CEN-1013-00.webp\",\"datePublished\":\"2025-02-15T00:08:18+00:00\",\"dateModified\":\"2025-02-15T00:19:45+00:00\",\"breadcrumb\":{\"@id\":\"https:\/\/mivoot.com\/gt\/producto\/ventilador-personal-10%e2%80%b3-3-velocidades-2-en-1-cobre-navia\/#breadcrumb\"},\"inLanguage\":\"es\",\"potentialAction\":[{\"@type\":\"ReadAction\",\"target\":[\"https:\/\/mivoot.com\/gt\/producto\/ventilador-personal-10%e2%80%b3-3-velocidades-2-en-1-cobre-navia\/\"]}]},{\"@type\":\"ImageObject\",\"inLanguage\":\"es\",\"@id\":\"https:\/\/mivoot.com\/gt\/producto\/ventilador-personal-10%e2%80%b3-3-velocidades-2-en-1-cobre-navia\/#primaryimage\",\"url\":\"https:\/\/mivoot.com\/gt\/wp-content\/uploads\/2025\/02\/CEN-1013-00.webp\",\"contentUrl\":\"https:\/\/mivoot.com\/gt\/wp-content\/uploads\/2025\/02\/CEN-1013-00.webp\",\"width\":612,\"height\":612},{\"@type\":\"BreadcrumbList\",\"@id\":\"https:\/\/mivoot.com\/gt\/producto\/ventilador-personal-10%e2%80%b3-3-velocidades-2-en-1-cobre-navia\/#breadcrumb\",\"itemListElement\":[{\"@type\":\"ListItem\",\"position\":1,\"name\":\"Inicio\",\"item\":\"https:\/\/mivoot.com\/gt\/\"},{\"@type\":\"ListItem\",\"position\":2,\"name\":\"Productos\",\"item\":\"https:\/\/mivoot.com\/gt\/producto\/\"},{\"@type\":\"ListItem\",\"position\":3,\"name\":\"Navia\",\"item\":\"https:\/\/mivoot.com\/gt\/marca\/navia\/\"},{\"@type\":\"ListItem\",\"position\":4,\"name\":\"Ventilador Personal 10\u2033 3 Velocidades 2 en 1 Cobre Navia\"}]},{\"@type\":\"WebSite\",\"@id\":\"https:\/\/mivoot.com\/gt\/#website\",\"url\":\"https:\/\/mivoot.com\/gt\/\",\"name\":\"Mivoot\",\"description\":\"Mivoot Guatemala | Tienda Online\",\"publisher\":{\"@id\":\"https:\/\/mivoot.com\/gt\/#organization\"},\"alternateName\":\"mivoot\",\"potentialAction\":[{\"@type\":\"SearchAction\",\"target\":{\"@type\":\"EntryPoint\",\"urlTemplate\":\"https:\/\/mivoot.com\/gt\/?s={search_term_string}\"},\"query-input\":{\"@type\":\"PropertyValueSpecification\",\"valueRequired\":true,\"valueName\":\"search_term_string\"}}],\"inLanguage\":\"es\"},{\"@type\":\"Organization\",\"@id\":\"https:\/\/mivoot.com\/gt\/#organization\",\"name\":\"Mivoot Guatemala\",\"alternateName\":\"mivoot.com\",\"url\":\"https:\/\/mivoot.com\/gt\/\",\"logo\":{\"@type\":\"ImageObject\",\"inLanguage\":\"es\",\"@id\":\"https:\/\/mivoot.com\/gt\/#\/schema\/logo\/image\/\",\"url\":\"https:\/\/mivoot.com\/gt\/wp-content\/uploads\/2023\/03\/cropped-icon.png\",\"contentUrl\":\"https:\/\/mivoot.com\/gt\/wp-content\/uploads\/2023\/03\/cropped-icon.png\",\"width\":512,\"height\":512,\"caption\":\"Mivoot Guatemala\"},\"image\":{\"@id\":\"https:\/\/mivoot.com\/gt\/#\/schema\/logo\/image\/\"},\"sameAs\":[\"https:\/\/www.facebook.com\/mivootgt\",\"https:\/\/instagram.com\/mivoot\"]}]}<\/script>\n<!-- \/ Yoast SEO Premium plugin. -->","yoast_head_json":{"title":"Ventilador Personal 10\u2033 3 Velocidades 2 en 1 Cobre Navia - Mivoot","robots":{"index":"index","follow":"follow","max-snippet":"max-snippet:-1","max-image-preview":"max-image-preview:large","max-video-preview":"max-video-preview:-1"},"canonical":"https:\/\/mivoot.com\/gt\/producto\/ventilador-personal-10\u2033-3-velocidades-2-en-1-cobre-navia\/","og_locale":"es_ES","og_type":"article","og_title":"Ventilador Personal 10\u2033 3 Velocidades 2 en 1 Cobre Navia","og_description":"\u2013 Medidas 10.2\u2033 X 5.5\u2033 X 10.8\u2033 \u2013 Peso: 2.42 libras. \u2013 Tama\u00f1o de ventilador de 27.5cm \u2013 Peso de 1.4 kg \u2013 2 en 1 Pared y piso \u2013 3 Velocidades- Voltaje 120V\/127V \u2013 Frecuencia 2667 rpm \u2013 Voltaje 120V\/127V","og_url":"https:\/\/mivoot.com\/gt\/producto\/ventilador-personal-10\u2033-3-velocidades-2-en-1-cobre-navia\/","og_site_name":"Mivoot","article_publisher":"https:\/\/www.facebook.com\/mivootgt","article_modified_time":"2025-02-15T00:19:45+00:00","og_image":[{"width":612,"height":612,"url":"https:\/\/mivoot.com\/gt\/wp-content\/uploads\/2025\/02\/CEN-1013-00.webp","type":"image\/webp"}],"twitter_card":"summary_large_image","twitter_misc":{"Est. reading time":"3 minutos"},"schema":{"@context":"https:\/\/schema.org","@graph":[{"@type":"WebPage","@id":"https:\/\/mivoot.com\/gt\/producto\/ventilador-personal-10%e2%80%b3-3-velocidades-2-en-1-cobre-navia\/","url":"https:\/\/mivoot.com\/gt\/producto\/ventilador-personal-10%e2%80%b3-3-velocidades-2-en-1-cobre-navia\/","name":"Ventilador Personal 10\u2033 3 Velocidades 2 en 1 Cobre Navia - Mivoot","isPartOf":{"@id":"https:\/\/mivoot.com\/gt\/#website"},"primaryImageOfPage":{"@id":"https:\/\/mivoot.com\/gt\/producto\/ventilador-personal-10%e2%80%b3-3-velocidades-2-en-1-cobre-navia\/#primaryimage"},"image":{"@id":"https:\/\/mivoot.com\/gt\/producto\/ventilador-personal-10%e2%80%b3-3-velocidades-2-en-1-cobre-navia\/#primaryimage"},"thumbnailUrl":"https:\/\/mivoot.com\/gt\/wp-content\/uploads\/2025\/02\/CEN-1013-00.webp","datePublished":"2025-02-15T00:08:18+00:00","dateModified":"2025-02-15T00:19:45+00:00","breadcrumb":{"@id":"https:\/\/mivoot.com\/gt\/producto\/ventilador-personal-10%e2%80%b3-3-velocidades-2-en-1-cobre-navia\/#breadcrumb"},"inLanguage":"es","potentialAction":[{"@type":"ReadAction","target":["https:\/\/mivoot.com\/gt\/producto\/ventilador-personal-10%e2%80%b3-3-velocidades-2-en-1-cobre-navia\/"]}]},{"@type":"ImageObject","inLanguage":"es","@id":"https:\/\/mivoot.com\/gt\/producto\/ventilador-personal-10%e2%80%b3-3-velocidades-2-en-1-cobre-navia\/#primaryimage","url":"https:\/\/mivoot.com\/gt\/wp-content\/uploads\/2025\/02\/CEN-1013-00.webp","contentUrl":"https:\/\/mivoot.com\/gt\/wp-content\/uploads\/2025\/02\/CEN-1013-00.webp","width":612,"height":612},{"@type":"BreadcrumbList","@id":"https:\/\/mivoot.com\/gt\/producto\/ventilador-personal-10%e2%80%b3-3-velocidades-2-en-1-cobre-navia\/#breadcrumb","itemListElement":[{"@type":"ListItem","position":1,"name":"Inicio","item":"https:\/\/mivoot.com\/gt\/"},{"@type":"ListItem","position":2,"name":"Productos","item":"https:\/\/mivoot.com\/gt\/producto\/"},{"@type":"ListItem","position":3,"name":"Navia","item":"https:\/\/mivoot.com\/gt\/marca\/navia\/"},{"@type":"ListItem","position":4,"name":"Ventilador Personal 10\u2033 3 Velocidades 2 en 1 Cobre Navia"}]},{"@type":"WebSite","@id":"https:\/\/mivoot.com\/gt\/#website","url":"https:\/\/mivoot.com\/gt\/","name":"Mivoot","description":"Mivoot Guatemala | Tienda Online","publisher":{"@id":"https:\/\/mivoot.com\/gt\/#organization"},"alternateName":"mivoot","potentialAction":[{"@type":"SearchAction","target":{"@type":"EntryPoint","urlTemplate":"https:\/\/mivoot.com\/gt\/?s={search_term_string}"},"query-input":{"@type":"PropertyValueSpecification","valueRequired":true,"valueName":"search_term_string"}}],"inLanguage":"es"},{"@type":"Organization","@id":"https:\/\/mivoot.com\/gt\/#organization","name":"Mivoot Guatemala","alternateName":"mivoot.com","url":"https:\/\/mivoot.com\/gt\/","logo":{"@type":"ImageObject","inLanguage":"es","@id":"https:\/\/mivoot.com\/gt\/#\/schema\/logo\/image\/","url":"https:\/\/mivoot.com\/gt\/wp-content\/uploads\/2023\/03\/cropped-icon.png","contentUrl":"https:\/\/mivoot.com\/gt\/wp-content\/uploads\/2023\/03\/cropped-icon.png","width":512,"height":512,"caption":"Mivoot Guatemala"},"image":{"@id":"https:\/\/mivoot.com\/gt\/#\/schema\/logo\/image\/"},"sameAs":["https:\/\/www.facebook.com\/mivootgt","https:\/\/instagram.com\/mivoot"]}]}},"jetpack_publicize_connections":[],"jetpack_sharing_enabled":true,"brands":[{"id":373,"name":"Navia","slug":"navia"}],"_links":{"self":[{"href":"https:\/\/mivoot.com\/gt\/wp-json\/wp\/v2\/product\/26449","targetHints":{"allow":["GET"]}}],"collection":[{"href":"https:\/\/mivoot.com\/gt\/wp-json\/wp\/v2\/product"}],"about":[{"href":"https:\/\/mivoot.com\/gt\/wp-json\/wp\/v2\/types\/product"}],"replies":[{"embeddable":true,"href":"https:\/\/mivoot.com\/gt\/wp-json\/wp\/v2\/comments?post=26449"}],"version-history":[{"count":2,"href":"https:\/\/mivoot.com\/gt\/wp-json\/wp\/v2\/product\/26449\/revisions"}],"predecessor-version":[{"id":26465,"href":"https:\/\/mivoot.com\/gt\/wp-json\/wp\/v2\/product\/26449\/revisions\/26465"}],"wp:featuredmedia":[{"embeddable":true,"href":"https:\/\/mivoot.com\/gt\/wp-json\/wp\/v2\/media\/26454"}],"wp:attachment":[{"href":"https:\/\/mivoot.com\/gt\/wp-json\/wp\/v2\/media?parent=26449"}],"wp:term":[{"taxonomy":"pwb-brand","embeddable":true,"href":"https:\/\/mivoot.com\/gt\/wp-json\/wp\/v2\/pwb-brand?post=26449"},{"taxonomy":"product_brand","embeddable":true,"href":"https:\/\/mivoot.com\/gt\/wp-json\/wp\/v2\/product_brand?post=26449"},{"taxonomy":"product_cat","embeddable":true,"href":"https:\/\/mivoot.com\/gt\/wp-json\/wp\/v2\/product_cat?post=26449"},{"taxonomy":"product_tag","embeddable":true,"href":"https:\/\/mivoot.com\/gt\/wp-json\/wp\/v2\/product_tag?post=26449"}],"curies":[{"name":"wp","href":"https:\/\/api.w.org\/{rel}","templated":true}]}}