{"id":26596,"date":"2025-02-19T13:38:45","date_gmt":"2025-02-19T19:38:45","guid":{"rendered":"https:\/\/mivoot.com\/gt\/?post_type=product&#038;p=26596"},"modified":"2025-02-27T12:23:51","modified_gmt":"2025-02-27T18:23:51","slug":"hielera-circular-19l-5gal-naranja-igloo","status":"publish","type":"product","link":"https:\/\/mivoot.com\/gt\/producto\/hielera-circular-19l-5gal-naranja-igloo\/","title":{"rendered":"Hielera Circular 19L 5gal Naranja Igloo"},"content":{"rendered":"<div class=\"vtex-flex-layout-0-x-flexRow vtex-flex-layout-0-x-flexRow--product-description\">\n<section class=\"vtex-store-components-3-x-container ph3 ph5-m ph2-xl mw9 center \">\n<div class=\"flex mt0 mb7 pt0 pb0    justify-start vtex-flex-layout-0-x-flexRowContent vtex-flex-layout-0-x-flexRowContent--product-description items-stretch w-100\">\n<div class=\"pr0 items-stretch vtex-flex-layout-0-x-stretchChildrenWidth   flex\">\n<div class=\"vtex-tab-layout-0-x-container vtex-tab-layout-0-x-container--tab-description\">\n<div class=\"vtex-tab-layout-0-x-contentContainer vtex-tab-layout-0-x-contentContainer--tab-content-desc w-100\">\n<div class=\"vtex-tab-layout-0-x-contentItem w-100\">\n<div class=\"vtex-store-components-3-x-productDescriptionContainer\">\n<div class=\"vtex-store-components-3-x-productDescriptionText c-muted-1\">\n<div class=\"vtex-store-components-3-x-container relative\">\n<div>\n<div id=\"title_feature_div\" class=\"celwidget\" data-feature-name=\"title\" data-csa-c-type=\"widget\" data-csa-c-content-id=\"title\" data-csa-c-slot-id=\"title_feature_div\" data-csa-c-asin=\"\" data-csa-c-is-in-initial-active-row=\"false\" data-cel-widget=\"title_feature_div\" data-csa-c-id=\"4kcams-iad0ki-lmdu4m-whznkf\">\n<div id=\"titleSection\" class=\"a-section a-spacing-none\">\n<h1 id=\"title\" class=\"a-size-large a-spacing-none a-color-secondary\" style=\"text-align: center;\"><span id=\"productTitle\" class=\"a-size-large product-title-word-break\">Igloo Enfriador de 5 galones con tapa de asiento en naranja<\/span><\/h1>\n<\/div>\n<\/div>\n<div id=\"averageCustomerReviews_feature_div\" class=\"celwidget\" data-feature-name=\"averageCustomerReviews\" data-csa-c-type=\"widget\" data-csa-c-content-id=\"averageCustomerReviews\" data-csa-c-slot-id=\"averageCustomerReviews_feature_div\" data-csa-c-asin=\"\" data-csa-c-is-in-initial-active-row=\"false\" data-cel-widget=\"averageCustomerReviews_feature_div\" data-csa-c-id=\"5y7eli-78roxi-uj32-f50ip4\"><span style=\"font-size: 14.4px;\">Los productos Igloo combinan innovaci\u00f3n y durabilidad para ofrecer soluciones de enfriamiento excepcionales. Desde neveras port\u00e1tiles hasta contenedores t\u00e9rmicos, cada producto refleja calidad y dise\u00f1o superior. Mant\u00e9n tus alimentos y bebidas frescos en cualquier aventura con la confianza que solo Igloo puede brindar.<\/span><\/div>\n<\/div>\n<\/div>\n<\/div>\n<\/div>\n<\/div>\n<\/div>\n<\/div>\n<\/div>\n<\/div>\n<\/section>\n<\/div>\n<div data-feature-name=\"averageCustomerReviews\" data-csa-c-type=\"widget\" data-csa-c-content-id=\"averageCustomerReviews\" data-csa-c-slot-id=\"averageCustomerReviews_feature_div\" data-csa-c-asin=\"\" data-csa-c-is-in-initial-active-row=\"false\" data-cel-widget=\"averageCustomerReviews_feature_div\" data-csa-c-id=\"5y7eli-78roxi-uj32-f50ip4\"><\/div>\n<div id=\"rowReviews\" class=\"vtex-flex-layout-0-x-flexRow vtex-flex-layout-0-x-flexRow--row-reviews\">\n<section class=\"vtex-store-components-3-x-container ph3 ph5-m ph2-xl mw9 center \">\n<div class=\"flex mt0 mb0 pt0 pb0    justify-start vtex-flex-layout-0-x-flexRowContent vtex-flex-layout-0-x-flexRowContent--row-reviews items-stretch w-100\">\n<div class=\"pr0 items-stretch vtex-flex-layout-0-x-stretchChildrenWidth   flex\"><\/div>\n<\/div>\n<\/section>\n<\/div>\n<ul class=\"a-unordered-list a-vertical a-spacing-small\">\n<li><span class=\"a-list-item a-size-base a-color-base\">La capacidad de 5 galones proporciona almacenamiento port\u00e1til y dispensaci\u00f3n para bebidas, hielo, alimentos y m\u00e1s<\/span><\/li>\n<li><span class=\"a-list-item a-size-base a-color-base\">La tapa superior del asiento moldeada permite un asiento c\u00f3modo durante actividades y eventos al aire libre<\/span><\/li>\n<li><span class=\"a-list-item a-size-base a-color-base\">Cuerpo de pl\u00e1stico naranja duradero con tapa y asas de pl\u00e1stico blanco que proporciona un estilo audaz y vibrante<\/span><\/li>\n<li><span class=\"a-list-item a-size-base a-color-base\">La espita en \u00e1ngulo dispensa el contenido mientras mantiene los derrames al m\u00ednimo<\/span><\/li>\n<li><span class=\"a-list-item a-size-base a-color-base\">Asas reforzadas que garantizan resistencia y longevidad<\/span><\/li>\n<\/ul>\n","protected":false},"excerpt":{"rendered":"<p>&#8211; Tapa con ajuste de presi\u00f3n<br \/>\n&#8211; Mantiene tus bebidas en la temperatura ideal<br \/>\n&#8211; Con dispensador en la parte inferior<br \/>\n&#8211; Gran capacidad 5 galones (18.9 Lts)<br \/>\n&#8211;  Peso Neto: 2.49 kg \/ 5.5 lb<\/p>\n","protected":false},"featured_media":26597,"comment_status":"open","ping_status":"closed","template":"","meta":{"jetpack_publicize_message":"","jetpack_publicize_feature_enabled":true,"jetpack_social_post_already_shared":true,"jetpack_social_options":{"image_generator_settings":{"template":"highway","default_image_id":0,"font":"","enabled":false},"version":2}},"pwb-brand":[],"product_brand":[],"product_cat":[592],"product_tag":[],"class_list":{"0":"post-26596","1":"product","2":"type-product","3":"status-publish","4":"has-post-thumbnail","6":"product_cat-hieleras","8":"first","9":"instock","10":"taxable","11":"shipping-taxable","12":"purchasable","13":"product-type-simple"},"yoast_head":"<!-- This site is optimized with the Yoast SEO Premium plugin v25.7.1 (Yoast SEO v26.8) - https:\/\/yoast.com\/product\/yoast-seo-premium-wordpress\/ -->\n<title>Hielera Circular 19L 5gal Naranja Igloo - Mivoot<\/title>\n<meta name=\"robots\" content=\"index, follow, max-snippet:-1, max-image-preview:large, max-video-preview:-1\" \/>\n<link rel=\"canonical\" href=\"https:\/\/mivoot.com\/gt\/producto\/hielera-circular-19l-5gal-naranja-igloo\/\" \/>\n<meta property=\"og:locale\" content=\"es_ES\" \/>\n<meta property=\"og:type\" content=\"article\" \/>\n<meta property=\"og:title\" content=\"Hielera Circular 19L 5gal Naranja Igloo\" \/>\n<meta property=\"og:description\" content=\"- Tapa con ajuste de presi\u00f3n - Mantiene tus bebidas en la temperatura ideal - Con dispensador en la parte inferior - Gran capacidad 5 galones (18.9 Lts) - Peso Neto: 2.49 kg \/ 5.5 lb\" \/>\n<meta property=\"og:url\" content=\"https:\/\/mivoot.com\/gt\/producto\/hielera-circular-19l-5gal-naranja-igloo\/\" \/>\n<meta property=\"og:site_name\" content=\"Mivoot\" \/>\n<meta property=\"article:publisher\" content=\"https:\/\/www.facebook.com\/mivootgt\" \/>\n<meta property=\"article:modified_time\" content=\"2025-02-27T18:23:51+00:00\" \/>\n<meta property=\"og:image\" content=\"https:\/\/mivoot.com\/gt\/wp-content\/uploads\/2025\/02\/igloo-hielera-naranja-00.jpg\" \/>\n\t<meta property=\"og:image:width\" content=\"1024\" \/>\n\t<meta property=\"og:image:height\" content=\"1024\" \/>\n\t<meta property=\"og:image:type\" content=\"image\/jpeg\" \/>\n<meta name=\"twitter:card\" content=\"summary_large_image\" \/>\n<meta name=\"twitter:label1\" content=\"Est. reading time\" \/>\n\t<meta name=\"twitter:data1\" content=\"1 minuto\" \/>\n<script type=\"application\/ld+json\" class=\"yoast-schema-graph\">{\"@context\":\"https:\/\/schema.org\",\"@graph\":[{\"@type\":\"WebPage\",\"@id\":\"https:\/\/mivoot.com\/gt\/producto\/hielera-circular-19l-5gal-naranja-igloo\/\",\"url\":\"https:\/\/mivoot.com\/gt\/producto\/hielera-circular-19l-5gal-naranja-igloo\/\",\"name\":\"Hielera Circular 19L 5gal Naranja Igloo - Mivoot\",\"isPartOf\":{\"@id\":\"https:\/\/mivoot.com\/gt\/#website\"},\"primaryImageOfPage\":{\"@id\":\"https:\/\/mivoot.com\/gt\/producto\/hielera-circular-19l-5gal-naranja-igloo\/#primaryimage\"},\"image\":{\"@id\":\"https:\/\/mivoot.com\/gt\/producto\/hielera-circular-19l-5gal-naranja-igloo\/#primaryimage\"},\"thumbnailUrl\":\"https:\/\/mivoot.com\/gt\/wp-content\/uploads\/2025\/02\/igloo-hielera-naranja-00.jpg\",\"datePublished\":\"2025-02-19T19:38:45+00:00\",\"dateModified\":\"2025-02-27T18:23:51+00:00\",\"breadcrumb\":{\"@id\":\"https:\/\/mivoot.com\/gt\/producto\/hielera-circular-19l-5gal-naranja-igloo\/#breadcrumb\"},\"inLanguage\":\"es\",\"potentialAction\":[{\"@type\":\"ReadAction\",\"target\":[\"https:\/\/mivoot.com\/gt\/producto\/hielera-circular-19l-5gal-naranja-igloo\/\"]}]},{\"@type\":\"ImageObject\",\"inLanguage\":\"es\",\"@id\":\"https:\/\/mivoot.com\/gt\/producto\/hielera-circular-19l-5gal-naranja-igloo\/#primaryimage\",\"url\":\"https:\/\/mivoot.com\/gt\/wp-content\/uploads\/2025\/02\/igloo-hielera-naranja-00.jpg\",\"contentUrl\":\"https:\/\/mivoot.com\/gt\/wp-content\/uploads\/2025\/02\/igloo-hielera-naranja-00.jpg\",\"width\":1024,\"height\":1024},{\"@type\":\"BreadcrumbList\",\"@id\":\"https:\/\/mivoot.com\/gt\/producto\/hielera-circular-19l-5gal-naranja-igloo\/#breadcrumb\",\"itemListElement\":[{\"@type\":\"ListItem\",\"position\":1,\"name\":\"Inicio\",\"item\":\"https:\/\/mivoot.com\/gt\/\"},{\"@type\":\"ListItem\",\"position\":2,\"name\":\"Productos\",\"item\":\"https:\/\/mivoot.com\/gt\/producto\/\"},{\"@type\":\"ListItem\",\"position\":3,\"name\":\"Hielera Circular 19L 5gal Naranja Igloo\"}]},{\"@type\":\"WebSite\",\"@id\":\"https:\/\/mivoot.com\/gt\/#website\",\"url\":\"https:\/\/mivoot.com\/gt\/\",\"name\":\"Mivoot\",\"description\":\"Mivoot Guatemala | Tienda Online\",\"publisher\":{\"@id\":\"https:\/\/mivoot.com\/gt\/#organization\"},\"alternateName\":\"mivoot\",\"potentialAction\":[{\"@type\":\"SearchAction\",\"target\":{\"@type\":\"EntryPoint\",\"urlTemplate\":\"https:\/\/mivoot.com\/gt\/?s={search_term_string}\"},\"query-input\":{\"@type\":\"PropertyValueSpecification\",\"valueRequired\":true,\"valueName\":\"search_term_string\"}}],\"inLanguage\":\"es\"},{\"@type\":\"Organization\",\"@id\":\"https:\/\/mivoot.com\/gt\/#organization\",\"name\":\"Mivoot Guatemala\",\"alternateName\":\"mivoot.com\",\"url\":\"https:\/\/mivoot.com\/gt\/\",\"logo\":{\"@type\":\"ImageObject\",\"inLanguage\":\"es\",\"@id\":\"https:\/\/mivoot.com\/gt\/#\/schema\/logo\/image\/\",\"url\":\"https:\/\/mivoot.com\/gt\/wp-content\/uploads\/2023\/03\/cropped-icon.png\",\"contentUrl\":\"https:\/\/mivoot.com\/gt\/wp-content\/uploads\/2023\/03\/cropped-icon.png\",\"width\":512,\"height\":512,\"caption\":\"Mivoot Guatemala\"},\"image\":{\"@id\":\"https:\/\/mivoot.com\/gt\/#\/schema\/logo\/image\/\"},\"sameAs\":[\"https:\/\/www.facebook.com\/mivootgt\",\"https:\/\/instagram.com\/mivoot\"]}]}<\/script>\n<!-- \/ Yoast SEO Premium plugin. -->","yoast_head_json":{"title":"Hielera Circular 19L 5gal Naranja Igloo - Mivoot","robots":{"index":"index","follow":"follow","max-snippet":"max-snippet:-1","max-image-preview":"max-image-preview:large","max-video-preview":"max-video-preview:-1"},"canonical":"https:\/\/mivoot.com\/gt\/producto\/hielera-circular-19l-5gal-naranja-igloo\/","og_locale":"es_ES","og_type":"article","og_title":"Hielera Circular 19L 5gal Naranja Igloo","og_description":"- Tapa con ajuste de presi\u00f3n - Mantiene tus bebidas en la temperatura ideal - Con dispensador en la parte inferior - Gran capacidad 5 galones (18.9 Lts) - Peso Neto: 2.49 kg \/ 5.5 lb","og_url":"https:\/\/mivoot.com\/gt\/producto\/hielera-circular-19l-5gal-naranja-igloo\/","og_site_name":"Mivoot","article_publisher":"https:\/\/www.facebook.com\/mivootgt","article_modified_time":"2025-02-27T18:23:51+00:00","og_image":[{"width":1024,"height":1024,"url":"https:\/\/mivoot.com\/gt\/wp-content\/uploads\/2025\/02\/igloo-hielera-naranja-00.jpg","type":"image\/jpeg"}],"twitter_card":"summary_large_image","twitter_misc":{"Est. reading time":"1 minuto"},"schema":{"@context":"https:\/\/schema.org","@graph":[{"@type":"WebPage","@id":"https:\/\/mivoot.com\/gt\/producto\/hielera-circular-19l-5gal-naranja-igloo\/","url":"https:\/\/mivoot.com\/gt\/producto\/hielera-circular-19l-5gal-naranja-igloo\/","name":"Hielera Circular 19L 5gal Naranja Igloo - Mivoot","isPartOf":{"@id":"https:\/\/mivoot.com\/gt\/#website"},"primaryImageOfPage":{"@id":"https:\/\/mivoot.com\/gt\/producto\/hielera-circular-19l-5gal-naranja-igloo\/#primaryimage"},"image":{"@id":"https:\/\/mivoot.com\/gt\/producto\/hielera-circular-19l-5gal-naranja-igloo\/#primaryimage"},"thumbnailUrl":"https:\/\/mivoot.com\/gt\/wp-content\/uploads\/2025\/02\/igloo-hielera-naranja-00.jpg","datePublished":"2025-02-19T19:38:45+00:00","dateModified":"2025-02-27T18:23:51+00:00","breadcrumb":{"@id":"https:\/\/mivoot.com\/gt\/producto\/hielera-circular-19l-5gal-naranja-igloo\/#breadcrumb"},"inLanguage":"es","potentialAction":[{"@type":"ReadAction","target":["https:\/\/mivoot.com\/gt\/producto\/hielera-circular-19l-5gal-naranja-igloo\/"]}]},{"@type":"ImageObject","inLanguage":"es","@id":"https:\/\/mivoot.com\/gt\/producto\/hielera-circular-19l-5gal-naranja-igloo\/#primaryimage","url":"https:\/\/mivoot.com\/gt\/wp-content\/uploads\/2025\/02\/igloo-hielera-naranja-00.jpg","contentUrl":"https:\/\/mivoot.com\/gt\/wp-content\/uploads\/2025\/02\/igloo-hielera-naranja-00.jpg","width":1024,"height":1024},{"@type":"BreadcrumbList","@id":"https:\/\/mivoot.com\/gt\/producto\/hielera-circular-19l-5gal-naranja-igloo\/#breadcrumb","itemListElement":[{"@type":"ListItem","position":1,"name":"Inicio","item":"https:\/\/mivoot.com\/gt\/"},{"@type":"ListItem","position":2,"name":"Productos","item":"https:\/\/mivoot.com\/gt\/producto\/"},{"@type":"ListItem","position":3,"name":"Hielera Circular 19L 5gal Naranja Igloo"}]},{"@type":"WebSite","@id":"https:\/\/mivoot.com\/gt\/#website","url":"https:\/\/mivoot.com\/gt\/","name":"Mivoot","description":"Mivoot Guatemala | Tienda Online","publisher":{"@id":"https:\/\/mivoot.com\/gt\/#organization"},"alternateName":"mivoot","potentialAction":[{"@type":"SearchAction","target":{"@type":"EntryPoint","urlTemplate":"https:\/\/mivoot.com\/gt\/?s={search_term_string}"},"query-input":{"@type":"PropertyValueSpecification","valueRequired":true,"valueName":"search_term_string"}}],"inLanguage":"es"},{"@type":"Organization","@id":"https:\/\/mivoot.com\/gt\/#organization","name":"Mivoot Guatemala","alternateName":"mivoot.com","url":"https:\/\/mivoot.com\/gt\/","logo":{"@type":"ImageObject","inLanguage":"es","@id":"https:\/\/mivoot.com\/gt\/#\/schema\/logo\/image\/","url":"https:\/\/mivoot.com\/gt\/wp-content\/uploads\/2023\/03\/cropped-icon.png","contentUrl":"https:\/\/mivoot.com\/gt\/wp-content\/uploads\/2023\/03\/cropped-icon.png","width":512,"height":512,"caption":"Mivoot Guatemala"},"image":{"@id":"https:\/\/mivoot.com\/gt\/#\/schema\/logo\/image\/"},"sameAs":["https:\/\/www.facebook.com\/mivootgt","https:\/\/instagram.com\/mivoot"]}]}},"jetpack_publicize_connections":[],"jetpack_sharing_enabled":true,"brands":[],"_links":{"self":[{"href":"https:\/\/mivoot.com\/gt\/wp-json\/wp\/v2\/product\/26596","targetHints":{"allow":["GET"]}}],"collection":[{"href":"https:\/\/mivoot.com\/gt\/wp-json\/wp\/v2\/product"}],"about":[{"href":"https:\/\/mivoot.com\/gt\/wp-json\/wp\/v2\/types\/product"}],"replies":[{"embeddable":true,"href":"https:\/\/mivoot.com\/gt\/wp-json\/wp\/v2\/comments?post=26596"}],"version-history":[{"count":1,"href":"https:\/\/mivoot.com\/gt\/wp-json\/wp\/v2\/product\/26596\/revisions"}],"predecessor-version":[{"id":26602,"href":"https:\/\/mivoot.com\/gt\/wp-json\/wp\/v2\/product\/26596\/revisions\/26602"}],"wp:featuredmedia":[{"embeddable":true,"href":"https:\/\/mivoot.com\/gt\/wp-json\/wp\/v2\/media\/26597"}],"wp:attachment":[{"href":"https:\/\/mivoot.com\/gt\/wp-json\/wp\/v2\/media?parent=26596"}],"wp:term":[{"taxonomy":"pwb-brand","embeddable":true,"href":"https:\/\/mivoot.com\/gt\/wp-json\/wp\/v2\/pwb-brand?post=26596"},{"taxonomy":"product_brand","embeddable":true,"href":"https:\/\/mivoot.com\/gt\/wp-json\/wp\/v2\/product_brand?post=26596"},{"taxonomy":"product_cat","embeddable":true,"href":"https:\/\/mivoot.com\/gt\/wp-json\/wp\/v2\/product_cat?post=26596"},{"taxonomy":"product_tag","embeddable":true,"href":"https:\/\/mivoot.com\/gt\/wp-json\/wp\/v2\/product_tag?post=26596"}],"curies":[{"name":"wp","href":"https:\/\/api.w.org\/{rel}","templated":true}]}}