{"id":26617,"date":"2025-02-21T15:43:55","date_gmt":"2025-02-21T21:43:55","guid":{"rendered":"https:\/\/mivoot.com\/gt\/?post_type=product&#038;p=26617"},"modified":"2025-02-21T15:43:57","modified_gmt":"2025-02-21T21:43:57","slug":"escaner-codigo-de-barras-1d-bluetooth-zkb103-zkteco","status":"publish","type":"product","link":"https:\/\/mivoot.com\/gt\/producto\/escaner-codigo-de-barras-1d-bluetooth-zkb103-zkteco\/","title":{"rendered":"Escaner Codigo de Barras 1D Bluetooth ZKB103 ZKTeco"},"content":{"rendered":"<p>El ZKB103 es un esc\u00e1ner de c\u00f3digo de barras unidimensional inal\u00e1mbrico con un buen rendimiento de lectura. Puede leer f\u00e1cilmente c\u00f3digos de barras en diferentes medios como papel, productos b\u00e1sicos, pantallas, etc.<\/p>\n<p>El producto adopta una tecnolog\u00eda mejorada de transmisi\u00f3n inal\u00e1mbrica 2.4G. La distancia efectiva del entorno exterior puede alcanzar m\u00e1s de 150 metros y es compatible con los modos de transmisi\u00f3n por cable e inal\u00e1mbrica. Se puede utilizar principalmente en pagos m\u00f3viles, escaneo de c\u00f3digos de barras, verificaci\u00f3n de inventario, etc.<\/p>\n<ul>\n<li>Dise\u00f1o ergon\u00f3mico, operaci\u00f3n m\u00e1s conveniente, agarre m\u00e1s c\u00f3modo.<\/li>\n<li>Tecnolog\u00eda de transmisi\u00f3n inal\u00e1mbrica 2.4G mejorada, distancia de transmisi\u00f3n abierta al aire libre confiable de hasta 150 metros, al mismo tiempo que admite transmisi\u00f3n por cable sin conmutaci\u00f3n<\/li>\n<li>16 MB de almacenamiento, admite escaneo y transferencia en modo sincr\u00f3nico, admite modo de almacenamiento y almacena m\u00e1s de 100 000 c\u00f3digos de productos en gran capacidad<\/li>\n<li>El indicador y el zumbador pueden reflejar claramente los resultados del escaneo.<\/li>\n<\/ul>\n<p><img decoding=\"async\" src=\"https:\/\/m.media-amazon.com\/images\/I\/61wDIV5OOFL._AC_SL1500_.jpg\" \/><img decoding=\"async\" src=\"https:\/\/m.media-amazon.com\/images\/I\/613IjSWMFFL._AC_SL1500_.jpg\" \/><\/p>\n<table width=\"546\">\n<tbody>\n<tr>\n<td>Dimensiones (L\u00d7W\u00d7H)<\/td>\n<td>175mm \u00d7 72mm \u00d7 100mm (Scanner)<\/td>\n<\/tr>\n<tr>\n<td>Material<\/td>\n<td>\u00a0ABS+PC, negro<\/td>\n<\/tr>\n<tr>\n<td>Interfaz en el esc\u00e1ner<\/td>\n<td>USB\u00a0 (Tipo B)<\/td>\n<\/tr>\n<tr>\n<td>Interfaz en el servidor<\/td>\n<td>Standard USB<\/td>\n<\/tr>\n<tr>\n<td>Longitud del cable de comunicaci\u00f3n<\/td>\n<td>1.5m<\/td>\n<\/tr>\n<tr>\n<td>Certificado<\/td>\n<td>CE<\/td>\n<\/tr>\n<tr>\n<td>Corriente de trabajo<\/td>\n<td>DC5V@85mA<\/td>\n<\/tr>\n<tr>\n<td>Soporte de SO<\/td>\n<td>Windows, Mac OS, IOS, Linux, Unix, Android<\/td>\n<\/tr>\n<tr>\n<td>Especificaci\u00f3n normal<\/td>\n<td><\/td>\n<\/tr>\n<tr>\n<td>M\u00e9todo de comunicaci\u00f3n<\/td>\n<td>Cable USB o inal\u00e1mbrico 2.4G (sin controlador)<\/td>\n<\/tr>\n<tr>\n<td>Fuente de luz<\/td>\n<td>Diodo l\u00e1ser visible, longitud de onda: 650 nm<\/td>\n<\/tr>\n<tr>\n<td>Procesador<\/td>\n<td>ARM 8-bit<\/td>\n<\/tr>\n<tr>\n<td>Resoluci\u00f3n de decodificaci\u00f3n<\/td>\n<td>&gt; 3mil\/0.076mm@PCS90%<\/td>\n<\/tr>\n<tr>\n<td>Decodificaci\u00f3n de profundidad de campo<\/td>\n<td>0-30 cm<\/td>\n<\/tr>\n<tr>\n<td>Velocidad de decodificaci\u00f3n<\/td>\n<td>100 veces por segundo<\/td>\n<\/tr>\n<tr>\n<td>Modo de escaneo<\/td>\n<td>Prensa manual o escaneo con iluminaci\u00f3n continua<\/td>\n<\/tr>\n<tr>\n<td>M\u00e9todo de recordatorio<\/td>\n<td>Luz LED y zumbador<\/td>\n<\/tr>\n<tr>\n<td>\u00c1ngulo de escaneo<\/td>\n<td>Roll: \u00b130\u00b0; Pitch: \u00b160\u00b0; Yaw: \u00b150\u00b0<\/td>\n<\/tr>\n<tr>\n<td>Se\u00f1al de contraste de impresi\u00f3n<\/td>\n<td>&gt;25%<\/td>\n<\/tr>\n<tr>\n<td>Intensidad de luz ambiental<\/td>\n<td>5000 Lux Max.<\/td>\n<\/tr>\n<tr>\n<td>Capacidades de decodificaci\u00f3n<\/td>\n<td>EAN\/JAN-8, EAN\/JAN-13, UPC-A, UPC-E, CODE 39, CODE 93, CODE128, Codabar, GS1-<br \/>\n128, UCC\/EAN 128, *CODE11, MSI<\/td>\n<\/tr>\n<tr>\n<td>Especificaci\u00f3n inal\u00e1mbrica<\/td>\n<\/tr>\n<tr>\n<td>Modo inal\u00e1mbrico<\/td>\n<td>Modo s\u00edncrono, modo de almacenamiento<\/td>\n<\/tr>\n<tr>\n<td>Est\u00e1ndar inal\u00e1mbrico<\/td>\n<td>2,4 GHz (canal de frecuencia ISM)<\/td>\n<\/tr>\n<tr>\n<td>Distancia de comunicaci\u00f3n inal\u00e1mbrica<\/td>\n<td>150 metros Max.<\/td>\n<\/tr>\n<tr>\n<td>Capacidad de almacenamiento<\/td>\n<td>16 MB (m\u00e1s de 100.000 c\u00f3digos de producto)<\/td>\n<\/tr>\n<tr>\n<td>Bater\u00eda<\/td>\n<td>1600 mAh\u00a0 (bater\u00eda de iones de litio) Tiempo de uso continuo: &gt;12 horas<\/td>\n<\/tr>\n<tr>\n<td>Tiempo de carga<\/td>\n<td>Aproximadamente 5 horas<\/td>\n<\/tr>\n<tr>\n<td>Tiempo de espera<\/td>\n<td>&gt; 4 semanas<\/td>\n<\/tr>\n<tr>\n<td>Condiciones de trabajo<\/td>\n<td><\/td>\n<\/tr>\n<tr>\n<td>Temperatura de funcionamiento<\/td>\n<td>0\u00b0C a 50\u00b0C<\/td>\n<\/tr>\n<tr>\n<td>Temperatura de almacenamiento<\/td>\n<td>-30\u00b0C a 60\u00b0C<\/td>\n<\/tr>\n<tr>\n<td>Vida del producto<\/td>\n<td>4,000 horas (MTBF)<\/td>\n<\/tr>\n<tr>\n<td>Nivel de protecci\u00f3n<\/td>\n<td>IP54<\/td>\n<\/tr>\n<tr>\n<td>Resiste<\/td>\n<td>Ca\u00eddas de hasta 1,2 metros<\/td>\n<\/tr>\n<tr>\n<td>Lista de paquetes est\u00e1ndar<\/td>\n<td><\/td>\n<\/tr>\n<tr>\n<td>Peso<\/td>\n<td>400g (un solo juego)<\/td>\n<\/tr>\n<tr>\n<td>Dimensiones<\/td>\n<td>195mm \u00d7 105mm \u00d7 80mm (un solo juego)<\/td>\n<\/tr>\n<tr>\n<td>1 * Esc\u00e1ner, 1 * Cable de comunicaci\u00f3n USB<\/td>\n<td>1 * Receptor de se\u00f1al USB, 1 * Manual de usuario<\/td>\n<\/tr>\n<\/tbody>\n<\/table>\n","protected":false},"excerpt":{"rendered":"<p>&#8211; Escaneo lineal de c\u00f3digos de barras.<br \/>\n&#8211; Dise\u00f1o ergon\u00f3mico.<br \/>\n&#8211; Tecnolog\u00eda de transmisi\u00f3n inal\u00e1mbrica 2.4G mejorada.<br \/>\n&#8211; Admite modo s\u00edncrono.<br \/>\n&#8211; Retroalimentaci\u00f3n operativa intuitiva.<br \/>\n&#8211; Peso\t400g (un solo juego)<br \/>\n&#8211; Dimensiones\t195mm \u00d7 105mm \u00d7 80mm (un solo juego)<br \/>\n&#8211; 1 * Esc\u00e1ner<br \/>\n&#8211; 1 * Receptor de se\u00f1al USb<\/p>\n","protected":false},"featured_media":26620,"comment_status":"open","ping_status":"closed","template":"","meta":{"jetpack_publicize_message":"","jetpack_publicize_feature_enabled":true,"jetpack_social_post_already_shared":true,"jetpack_social_options":{"image_generator_settings":{"template":"highway","default_image_id":0,"font":"","enabled":false},"version":2}},"pwb-brand":[101],"product_brand":[],"product_cat":[300],"product_tag":[],"class_list":{"0":"post-26617","1":"product","2":"type-product","3":"status-publish","4":"has-post-thumbnail","6":"pwb-brand-zkteco-guatemala","7":"product_cat-codigobarras","9":"first","10":"instock","11":"sale","12":"taxable","13":"shipping-taxable","14":"purchasable","15":"product-type-simple"},"yoast_head":"<!-- This site is optimized with the Yoast SEO Premium plugin v25.7.1 (Yoast SEO v26.8) - https:\/\/yoast.com\/product\/yoast-seo-premium-wordpress\/ -->\n<title>Escaner Codigo de Barras 1D Bluetooth ZKB103 ZKTeco - Mivoot<\/title>\n<meta name=\"robots\" content=\"index, follow, max-snippet:-1, max-image-preview:large, max-video-preview:-1\" \/>\n<link rel=\"canonical\" href=\"https:\/\/mivoot.com\/gt\/producto\/escaner-codigo-de-barras-1d-bluetooth-zkb103-zkteco\/\" \/>\n<meta property=\"og:locale\" content=\"es_ES\" \/>\n<meta property=\"og:type\" content=\"article\" \/>\n<meta property=\"og:title\" content=\"Escaner Codigo de Barras 1D Bluetooth ZKB103 ZKTeco\" \/>\n<meta property=\"og:description\" content=\"- Escaneo lineal de c\u00f3digos de barras. - Dise\u00f1o ergon\u00f3mico. - Tecnolog\u00eda de transmisi\u00f3n inal\u00e1mbrica 2.4G mejorada. - Admite modo s\u00edncrono. - Retroalimentaci\u00f3n operativa intuitiva. - Peso 400g (un solo juego) - Dimensiones 195mm \u00d7 105mm \u00d7 80mm (un solo juego) - 1 * Esc\u00e1ner - 1 * Receptor de se\u00f1al USb\" \/>\n<meta property=\"og:url\" content=\"https:\/\/mivoot.com\/gt\/producto\/escaner-codigo-de-barras-1d-bluetooth-zkb103-zkteco\/\" \/>\n<meta property=\"og:site_name\" content=\"Mivoot\" \/>\n<meta property=\"article:publisher\" content=\"https:\/\/www.facebook.com\/mivootgt\" \/>\n<meta property=\"article:modified_time\" content=\"2025-02-21T21:43:57+00:00\" \/>\n<meta property=\"og:image\" content=\"https:\/\/mivoot.com\/gt\/wp-content\/uploads\/2025\/02\/ZKB103-03.jpg\" \/>\n\t<meta property=\"og:image:width\" content=\"600\" \/>\n\t<meta property=\"og:image:height\" content=\"600\" \/>\n\t<meta property=\"og:image:type\" content=\"image\/jpeg\" \/>\n<meta name=\"twitter:card\" content=\"summary_large_image\" \/>\n<meta name=\"twitter:label1\" content=\"Est. reading time\" \/>\n\t<meta name=\"twitter:data1\" content=\"3 minutos\" \/>\n<script type=\"application\/ld+json\" class=\"yoast-schema-graph\">{\"@context\":\"https:\/\/schema.org\",\"@graph\":[{\"@type\":\"WebPage\",\"@id\":\"https:\/\/mivoot.com\/gt\/producto\/escaner-codigo-de-barras-1d-bluetooth-zkb103-zkteco\/\",\"url\":\"https:\/\/mivoot.com\/gt\/producto\/escaner-codigo-de-barras-1d-bluetooth-zkb103-zkteco\/\",\"name\":\"Escaner Codigo de Barras 1D Bluetooth ZKB103 ZKTeco - Mivoot\",\"isPartOf\":{\"@id\":\"https:\/\/mivoot.com\/gt\/#website\"},\"primaryImageOfPage\":{\"@id\":\"https:\/\/mivoot.com\/gt\/producto\/escaner-codigo-de-barras-1d-bluetooth-zkb103-zkteco\/#primaryimage\"},\"image\":{\"@id\":\"https:\/\/mivoot.com\/gt\/producto\/escaner-codigo-de-barras-1d-bluetooth-zkb103-zkteco\/#primaryimage\"},\"thumbnailUrl\":\"https:\/\/mivoot.com\/gt\/wp-content\/uploads\/2025\/02\/ZKB103-03.jpg\",\"datePublished\":\"2025-02-21T21:43:55+00:00\",\"dateModified\":\"2025-02-21T21:43:57+00:00\",\"breadcrumb\":{\"@id\":\"https:\/\/mivoot.com\/gt\/producto\/escaner-codigo-de-barras-1d-bluetooth-zkb103-zkteco\/#breadcrumb\"},\"inLanguage\":\"es\",\"potentialAction\":[{\"@type\":\"ReadAction\",\"target\":[\"https:\/\/mivoot.com\/gt\/producto\/escaner-codigo-de-barras-1d-bluetooth-zkb103-zkteco\/\"]}]},{\"@type\":\"ImageObject\",\"inLanguage\":\"es\",\"@id\":\"https:\/\/mivoot.com\/gt\/producto\/escaner-codigo-de-barras-1d-bluetooth-zkb103-zkteco\/#primaryimage\",\"url\":\"https:\/\/mivoot.com\/gt\/wp-content\/uploads\/2025\/02\/ZKB103-03.jpg\",\"contentUrl\":\"https:\/\/mivoot.com\/gt\/wp-content\/uploads\/2025\/02\/ZKB103-03.jpg\",\"width\":600,\"height\":600},{\"@type\":\"BreadcrumbList\",\"@id\":\"https:\/\/mivoot.com\/gt\/producto\/escaner-codigo-de-barras-1d-bluetooth-zkb103-zkteco\/#breadcrumb\",\"itemListElement\":[{\"@type\":\"ListItem\",\"position\":1,\"name\":\"Inicio\",\"item\":\"https:\/\/mivoot.com\/gt\/\"},{\"@type\":\"ListItem\",\"position\":2,\"name\":\"Productos\",\"item\":\"https:\/\/mivoot.com\/gt\/producto\/\"},{\"@type\":\"ListItem\",\"position\":3,\"name\":\"ZKTeco\",\"item\":\"https:\/\/mivoot.com\/gt\/marca\/zkteco-guatemala\/\"},{\"@type\":\"ListItem\",\"position\":4,\"name\":\"Escaner Codigo de Barras 1D Bluetooth ZKB103 ZKTeco\"}]},{\"@type\":\"WebSite\",\"@id\":\"https:\/\/mivoot.com\/gt\/#website\",\"url\":\"https:\/\/mivoot.com\/gt\/\",\"name\":\"Mivoot\",\"description\":\"Mivoot Guatemala | Tienda Online\",\"publisher\":{\"@id\":\"https:\/\/mivoot.com\/gt\/#organization\"},\"alternateName\":\"mivoot\",\"potentialAction\":[{\"@type\":\"SearchAction\",\"target\":{\"@type\":\"EntryPoint\",\"urlTemplate\":\"https:\/\/mivoot.com\/gt\/?s={search_term_string}\"},\"query-input\":{\"@type\":\"PropertyValueSpecification\",\"valueRequired\":true,\"valueName\":\"search_term_string\"}}],\"inLanguage\":\"es\"},{\"@type\":\"Organization\",\"@id\":\"https:\/\/mivoot.com\/gt\/#organization\",\"name\":\"Mivoot Guatemala\",\"alternateName\":\"mivoot.com\",\"url\":\"https:\/\/mivoot.com\/gt\/\",\"logo\":{\"@type\":\"ImageObject\",\"inLanguage\":\"es\",\"@id\":\"https:\/\/mivoot.com\/gt\/#\/schema\/logo\/image\/\",\"url\":\"https:\/\/mivoot.com\/gt\/wp-content\/uploads\/2023\/03\/cropped-icon.png\",\"contentUrl\":\"https:\/\/mivoot.com\/gt\/wp-content\/uploads\/2023\/03\/cropped-icon.png\",\"width\":512,\"height\":512,\"caption\":\"Mivoot Guatemala\"},\"image\":{\"@id\":\"https:\/\/mivoot.com\/gt\/#\/schema\/logo\/image\/\"},\"sameAs\":[\"https:\/\/www.facebook.com\/mivootgt\",\"https:\/\/instagram.com\/mivoot\"]}]}<\/script>\n<!-- \/ Yoast SEO Premium plugin. -->","yoast_head_json":{"title":"Escaner Codigo de Barras 1D Bluetooth ZKB103 ZKTeco - Mivoot","robots":{"index":"index","follow":"follow","max-snippet":"max-snippet:-1","max-image-preview":"max-image-preview:large","max-video-preview":"max-video-preview:-1"},"canonical":"https:\/\/mivoot.com\/gt\/producto\/escaner-codigo-de-barras-1d-bluetooth-zkb103-zkteco\/","og_locale":"es_ES","og_type":"article","og_title":"Escaner Codigo de Barras 1D Bluetooth ZKB103 ZKTeco","og_description":"- Escaneo lineal de c\u00f3digos de barras. - Dise\u00f1o ergon\u00f3mico. - Tecnolog\u00eda de transmisi\u00f3n inal\u00e1mbrica 2.4G mejorada. - Admite modo s\u00edncrono. - Retroalimentaci\u00f3n operativa intuitiva. - Peso 400g (un solo juego) - Dimensiones 195mm \u00d7 105mm \u00d7 80mm (un solo juego) - 1 * Esc\u00e1ner - 1 * Receptor de se\u00f1al USb","og_url":"https:\/\/mivoot.com\/gt\/producto\/escaner-codigo-de-barras-1d-bluetooth-zkb103-zkteco\/","og_site_name":"Mivoot","article_publisher":"https:\/\/www.facebook.com\/mivootgt","article_modified_time":"2025-02-21T21:43:57+00:00","og_image":[{"width":600,"height":600,"url":"https:\/\/mivoot.com\/gt\/wp-content\/uploads\/2025\/02\/ZKB103-03.jpg","type":"image\/jpeg"}],"twitter_card":"summary_large_image","twitter_misc":{"Est. reading time":"3 minutos"},"schema":{"@context":"https:\/\/schema.org","@graph":[{"@type":"WebPage","@id":"https:\/\/mivoot.com\/gt\/producto\/escaner-codigo-de-barras-1d-bluetooth-zkb103-zkteco\/","url":"https:\/\/mivoot.com\/gt\/producto\/escaner-codigo-de-barras-1d-bluetooth-zkb103-zkteco\/","name":"Escaner Codigo de Barras 1D Bluetooth ZKB103 ZKTeco - Mivoot","isPartOf":{"@id":"https:\/\/mivoot.com\/gt\/#website"},"primaryImageOfPage":{"@id":"https:\/\/mivoot.com\/gt\/producto\/escaner-codigo-de-barras-1d-bluetooth-zkb103-zkteco\/#primaryimage"},"image":{"@id":"https:\/\/mivoot.com\/gt\/producto\/escaner-codigo-de-barras-1d-bluetooth-zkb103-zkteco\/#primaryimage"},"thumbnailUrl":"https:\/\/mivoot.com\/gt\/wp-content\/uploads\/2025\/02\/ZKB103-03.jpg","datePublished":"2025-02-21T21:43:55+00:00","dateModified":"2025-02-21T21:43:57+00:00","breadcrumb":{"@id":"https:\/\/mivoot.com\/gt\/producto\/escaner-codigo-de-barras-1d-bluetooth-zkb103-zkteco\/#breadcrumb"},"inLanguage":"es","potentialAction":[{"@type":"ReadAction","target":["https:\/\/mivoot.com\/gt\/producto\/escaner-codigo-de-barras-1d-bluetooth-zkb103-zkteco\/"]}]},{"@type":"ImageObject","inLanguage":"es","@id":"https:\/\/mivoot.com\/gt\/producto\/escaner-codigo-de-barras-1d-bluetooth-zkb103-zkteco\/#primaryimage","url":"https:\/\/mivoot.com\/gt\/wp-content\/uploads\/2025\/02\/ZKB103-03.jpg","contentUrl":"https:\/\/mivoot.com\/gt\/wp-content\/uploads\/2025\/02\/ZKB103-03.jpg","width":600,"height":600},{"@type":"BreadcrumbList","@id":"https:\/\/mivoot.com\/gt\/producto\/escaner-codigo-de-barras-1d-bluetooth-zkb103-zkteco\/#breadcrumb","itemListElement":[{"@type":"ListItem","position":1,"name":"Inicio","item":"https:\/\/mivoot.com\/gt\/"},{"@type":"ListItem","position":2,"name":"Productos","item":"https:\/\/mivoot.com\/gt\/producto\/"},{"@type":"ListItem","position":3,"name":"ZKTeco","item":"https:\/\/mivoot.com\/gt\/marca\/zkteco-guatemala\/"},{"@type":"ListItem","position":4,"name":"Escaner Codigo de Barras 1D Bluetooth ZKB103 ZKTeco"}]},{"@type":"WebSite","@id":"https:\/\/mivoot.com\/gt\/#website","url":"https:\/\/mivoot.com\/gt\/","name":"Mivoot","description":"Mivoot Guatemala | Tienda Online","publisher":{"@id":"https:\/\/mivoot.com\/gt\/#organization"},"alternateName":"mivoot","potentialAction":[{"@type":"SearchAction","target":{"@type":"EntryPoint","urlTemplate":"https:\/\/mivoot.com\/gt\/?s={search_term_string}"},"query-input":{"@type":"PropertyValueSpecification","valueRequired":true,"valueName":"search_term_string"}}],"inLanguage":"es"},{"@type":"Organization","@id":"https:\/\/mivoot.com\/gt\/#organization","name":"Mivoot Guatemala","alternateName":"mivoot.com","url":"https:\/\/mivoot.com\/gt\/","logo":{"@type":"ImageObject","inLanguage":"es","@id":"https:\/\/mivoot.com\/gt\/#\/schema\/logo\/image\/","url":"https:\/\/mivoot.com\/gt\/wp-content\/uploads\/2023\/03\/cropped-icon.png","contentUrl":"https:\/\/mivoot.com\/gt\/wp-content\/uploads\/2023\/03\/cropped-icon.png","width":512,"height":512,"caption":"Mivoot Guatemala"},"image":{"@id":"https:\/\/mivoot.com\/gt\/#\/schema\/logo\/image\/"},"sameAs":["https:\/\/www.facebook.com\/mivootgt","https:\/\/instagram.com\/mivoot"]}]}},"jetpack_publicize_connections":[],"jetpack_sharing_enabled":true,"brands":[{"id":101,"name":"ZKTeco","slug":"zkteco-guatemala"}],"_links":{"self":[{"href":"https:\/\/mivoot.com\/gt\/wp-json\/wp\/v2\/product\/26617","targetHints":{"allow":["GET"]}}],"collection":[{"href":"https:\/\/mivoot.com\/gt\/wp-json\/wp\/v2\/product"}],"about":[{"href":"https:\/\/mivoot.com\/gt\/wp-json\/wp\/v2\/types\/product"}],"replies":[{"embeddable":true,"href":"https:\/\/mivoot.com\/gt\/wp-json\/wp\/v2\/comments?post=26617"}],"version-history":[{"count":1,"href":"https:\/\/mivoot.com\/gt\/wp-json\/wp\/v2\/product\/26617\/revisions"}],"predecessor-version":[{"id":26621,"href":"https:\/\/mivoot.com\/gt\/wp-json\/wp\/v2\/product\/26617\/revisions\/26621"}],"wp:featuredmedia":[{"embeddable":true,"href":"https:\/\/mivoot.com\/gt\/wp-json\/wp\/v2\/media\/26620"}],"wp:attachment":[{"href":"https:\/\/mivoot.com\/gt\/wp-json\/wp\/v2\/media?parent=26617"}],"wp:term":[{"taxonomy":"pwb-brand","embeddable":true,"href":"https:\/\/mivoot.com\/gt\/wp-json\/wp\/v2\/pwb-brand?post=26617"},{"taxonomy":"product_brand","embeddable":true,"href":"https:\/\/mivoot.com\/gt\/wp-json\/wp\/v2\/product_brand?post=26617"},{"taxonomy":"product_cat","embeddable":true,"href":"https:\/\/mivoot.com\/gt\/wp-json\/wp\/v2\/product_cat?post=26617"},{"taxonomy":"product_tag","embeddable":true,"href":"https:\/\/mivoot.com\/gt\/wp-json\/wp\/v2\/product_tag?post=26617"}],"curies":[{"name":"wp","href":"https:\/\/api.w.org\/{rel}","templated":true}]}}