{"id":26665,"date":"2025-02-26T09:39:36","date_gmt":"2025-02-26T15:39:36","guid":{"rendered":"https:\/\/mivoot.com\/gt\/?post_type=product&#038;p=26665"},"modified":"2025-03-26T11:53:07","modified_gmt":"2025-03-26T17:53:07","slug":"regulador-de-voltaje-900j-1800w-zion-3pack-forza","status":"publish","type":"product","link":"https:\/\/mivoot.com\/gt\/producto\/regulador-de-voltaje-900j-1800w-zion-3pack-forza\/","title":{"rendered":"Regulador de Voltaje 900J 1800W Zion 3Pack Forza"},"content":{"rendered":"<div class=\"\">\n<div class=\"br-button-wrapper\">\n<div>\n<div>\n<div id=\"brxsaas:pdpPage-KN6m9\" class=\"product-title content-block\" data-v-32d7e11c=\"\">\n<div class=\"sf-heading--no-underline sf-heading--left sf-heading\" data-v-32d7e11c=\"\">\n<h1><img decoding=\"async\" src=\"http:\/\/forza-ups-frontend.s3.amazonaws.com\/media\/img\/Banner-top-DK_SPA-FVP-1201-3PK.jpg\" alt=\"FVP-1201 3PK\" \/><\/h1>\n<h1 class=\"sf-heading__title h2\" style=\"text-align: center;\">Forza Regulador de Voltaje 900J 1800W\u00a0 &#8211; 110 \/ 120 VAC 3 Unidades<\/h1>\n<\/div>\n<div class=\"product-title-details\" data-v-32d7e11c=\"\">\n<div data-v-32d7e11c=\"\"><img decoding=\"async\" style=\"color: #555555;\" src=\"http:\/\/forza-ups-frontend.s3.amazonaws.com\/media\/img\/Banner-2_DK-SPA-FVP-1201-3PK.jpg\" alt=\"Banner-2_DK-SPA-FVP-1201-3PK.jpg\" \/><img decoding=\"async\" style=\"color: #555555;\" src=\"http:\/\/forza-ups-frontend.s3.amazonaws.com\/media\/img\/Banner-1_DK-SPA-FVP-1201-3PK.jpg\" alt=\"Banner-1_DK-SPA-FVP-1201-3PK.jpg\" \/><\/div>\n<\/div>\n<\/div>\n<\/div>\n<\/div>\n<\/div>\n<\/div>\n<div class=\"col-sm-6 col-xs-12\" data-v-01385bd4=\"\"><\/div>\n<div data-v-01385bd4=\"\">\n<div class=\"\">\n<div class=\"br-button-wrapper\">\n<div>\n<div>\n<div id=\"brxsaas:productAttributes-hppmR\" class=\"content-block\" data-v-01bf2557=\"\">\n<div class=\"product-description__container\" data-v-01bf2557=\"\">\n<div data-v-3acd4ba6=\"\" data-v-01bf2557=\"\">\n<div data-v-3acd4ba6=\"\">\n<p class=\"items-data\" data-v-3acd4ba6=\"\">Este conjunto de tres unidades es esencial para garantizar una alimentaci\u00f3n el\u00e9ctrica estable y segura. Cada regulador est\u00e1 dise\u00f1ado para manejar voltajes de 110 \/ 120 VAC y opera eficientemente en un rango de frecuencia de 50 \/ 60 Hz, asegurando que tus aparatos est\u00e9n protegidos de fluctuaciones imprevistas.<\/p>\n<ul>\n<li class=\"items-data\">Una caracter\u00edstica destacada son sus salidas giratorias de 350\u00b0, proporcionando una flexibilidad \u00fanica para conectar diversos dispositivos en espacios reducidos o complicados.<\/li>\n<li class=\"items-data\">El interruptor de encendido y apagado no solo facilita su uso, sino que tambi\u00e9n ayuda a reducir el consumo de energ\u00eda en espera.<\/li>\n<li class=\"items-data\">Pero lo m\u00e1s importante es que el Forza Regulador de Voltaje protege autom\u00e1ticamente tus equipos contra bajones de tensi\u00f3n o picos transitorios causados por rayos o fallas en la l\u00ednea el\u00e9ctrica.<\/li>\n<li class=\"items-data\">Estos reguladores son una inversi\u00f3n inteligente para aumentar la vida \u00fatil de tus aparatos electr\u00f3nicos, proporcionando una barrera confiable contra los peligros el\u00e9ctricos.<\/li>\n<\/ul>\n<p><strong data-v-01385bd4=\"\">Apagado autom\u00e1tico<\/strong><\/p>\n<p><br data-v-01385bd4=\"\" \/>Produce la desconexi\u00f3n autom\u00e1tica cuando los niveles de tensi\u00f3n son demasiado altos o demasiado bajos con el fin de proteger sus equipos contra fluctuaciones potencialmente perjudiciales y dem\u00e1s irregularidades en el suministro el\u00e9ctrico.<\/p>\n<\/div>\n<\/div>\n<\/div>\n<\/div>\n<\/div>\n<\/div>\n<\/div>\n<\/div>\n<div class=\"\">\n<div class=\"br-button-wrapper\">\n<div>\n<div>\n<div id=\"brxsaas:productAttributes-VnkBF\" class=\"content-block\" data-v-01bf2557=\"\"><\/div>\n<\/div>\n<\/div>\n<\/div>\n<\/div>\n<div class=\"\">\n<div class=\"br-button-wrapper\">\n<div>\n<div>\n<div id=\"brxsaas:productAttributes-iHBaY\" class=\"content-block\" data-v-01bf2557=\"\">\n<div class=\"product-description__container\" data-v-01bf2557=\"\">\n<div data-v-01bf2557=\"\">\n<div class=\"sf-heading--left sf-heading\" data-v-01bf2557=\"\"><\/div>\n<\/div>\n<\/div>\n<\/div>\n<\/div>\n<\/div>\n<\/div>\n<\/div>\n<\/div>\n","protected":false},"excerpt":{"rendered":"<p>&#8211; Capacidad: 1800W<br \/>\n&#8211; Voltaje: 120V<br \/>\n&#8211; Tipo de entrada: NEMA 5-15P<br \/>\n&#8211; Tipo de salida: 1 x NEMA 5-15R<br \/>\n&#8211; Indicador visual: Luz LED de estado<\/p>\n","protected":false},"featured_media":26666,"comment_status":"open","ping_status":"closed","template":"","meta":{"jetpack_publicize_message":"","jetpack_publicize_feature_enabled":true,"jetpack_social_post_already_shared":true,"jetpack_social_options":{"image_generator_settings":{"template":"highway","default_image_id":0,"font":"","enabled":false},"version":2}},"pwb-brand":[110],"product_brand":[],"product_cat":[179],"product_tag":[],"class_list":{"0":"post-26665","1":"product","2":"type-product","3":"status-publish","4":"has-post-thumbnail","6":"pwb-brand-forza","7":"product_cat-regulador","9":"first","10":"instock","11":"taxable","12":"shipping-taxable","13":"purchasable","14":"product-type-simple"},"yoast_head":"<!-- This site is optimized with the Yoast SEO Premium plugin v25.7.1 (Yoast SEO v26.8) - https:\/\/yoast.com\/product\/yoast-seo-premium-wordpress\/ -->\n<title>Regulador de Voltaje 900J 1800W Zion 3Pack Forza - Mivoot<\/title>\n<meta name=\"robots\" content=\"index, follow, max-snippet:-1, max-image-preview:large, max-video-preview:-1\" \/>\n<link rel=\"canonical\" href=\"https:\/\/mivoot.com\/gt\/producto\/regulador-de-voltaje-900j-1800w-zion-3pack-forza\/\" \/>\n<meta property=\"og:locale\" content=\"es_ES\" \/>\n<meta property=\"og:type\" content=\"article\" \/>\n<meta property=\"og:title\" content=\"Regulador de Voltaje 900J 1800W Zion 3Pack Forza\" \/>\n<meta property=\"og:description\" content=\"- Capacidad: 1800W - Voltaje: 120V - Tipo de entrada: NEMA 5-15P - Tipo de salida: 1 x NEMA 5-15R - Indicador visual: Luz LED de estado\" \/>\n<meta property=\"og:url\" content=\"https:\/\/mivoot.com\/gt\/producto\/regulador-de-voltaje-900j-1800w-zion-3pack-forza\/\" \/>\n<meta property=\"og:site_name\" content=\"Mivoot\" \/>\n<meta property=\"article:publisher\" content=\"https:\/\/www.facebook.com\/mivootgt\" \/>\n<meta property=\"article:modified_time\" content=\"2025-03-26T17:53:07+00:00\" \/>\n<meta property=\"og:image\" content=\"https:\/\/mivoot.com\/gt\/wp-content\/uploads\/2025\/02\/Zion-2K10-00.jpg\" \/>\n\t<meta property=\"og:image:width\" content=\"1024\" \/>\n\t<meta property=\"og:image:height\" content=\"1024\" \/>\n\t<meta property=\"og:image:type\" content=\"image\/jpeg\" \/>\n<meta name=\"twitter:card\" content=\"summary_large_image\" \/>\n<meta name=\"twitter:label1\" content=\"Est. reading time\" \/>\n\t<meta name=\"twitter:data1\" content=\"2 minutos\" \/>\n<script type=\"application\/ld+json\" class=\"yoast-schema-graph\">{\"@context\":\"https:\/\/schema.org\",\"@graph\":[{\"@type\":\"WebPage\",\"@id\":\"https:\/\/mivoot.com\/gt\/producto\/regulador-de-voltaje-900j-1800w-zion-3pack-forza\/\",\"url\":\"https:\/\/mivoot.com\/gt\/producto\/regulador-de-voltaje-900j-1800w-zion-3pack-forza\/\",\"name\":\"Regulador de Voltaje 900J 1800W Zion 3Pack Forza - Mivoot\",\"isPartOf\":{\"@id\":\"https:\/\/mivoot.com\/gt\/#website\"},\"primaryImageOfPage\":{\"@id\":\"https:\/\/mivoot.com\/gt\/producto\/regulador-de-voltaje-900j-1800w-zion-3pack-forza\/#primaryimage\"},\"image\":{\"@id\":\"https:\/\/mivoot.com\/gt\/producto\/regulador-de-voltaje-900j-1800w-zion-3pack-forza\/#primaryimage\"},\"thumbnailUrl\":\"https:\/\/mivoot.com\/gt\/wp-content\/uploads\/2025\/02\/Zion-2K10-00.jpg\",\"datePublished\":\"2025-02-26T15:39:36+00:00\",\"dateModified\":\"2025-03-26T17:53:07+00:00\",\"breadcrumb\":{\"@id\":\"https:\/\/mivoot.com\/gt\/producto\/regulador-de-voltaje-900j-1800w-zion-3pack-forza\/#breadcrumb\"},\"inLanguage\":\"es\",\"potentialAction\":[{\"@type\":\"ReadAction\",\"target\":[\"https:\/\/mivoot.com\/gt\/producto\/regulador-de-voltaje-900j-1800w-zion-3pack-forza\/\"]}]},{\"@type\":\"ImageObject\",\"inLanguage\":\"es\",\"@id\":\"https:\/\/mivoot.com\/gt\/producto\/regulador-de-voltaje-900j-1800w-zion-3pack-forza\/#primaryimage\",\"url\":\"https:\/\/mivoot.com\/gt\/wp-content\/uploads\/2025\/02\/Zion-2K10-00.jpg\",\"contentUrl\":\"https:\/\/mivoot.com\/gt\/wp-content\/uploads\/2025\/02\/Zion-2K10-00.jpg\",\"width\":1024,\"height\":1024},{\"@type\":\"BreadcrumbList\",\"@id\":\"https:\/\/mivoot.com\/gt\/producto\/regulador-de-voltaje-900j-1800w-zion-3pack-forza\/#breadcrumb\",\"itemListElement\":[{\"@type\":\"ListItem\",\"position\":1,\"name\":\"Inicio\",\"item\":\"https:\/\/mivoot.com\/gt\/\"},{\"@type\":\"ListItem\",\"position\":2,\"name\":\"Productos\",\"item\":\"https:\/\/mivoot.com\/gt\/producto\/\"},{\"@type\":\"ListItem\",\"position\":3,\"name\":\"Forza\",\"item\":\"https:\/\/mivoot.com\/gt\/marca\/forza\/\"},{\"@type\":\"ListItem\",\"position\":4,\"name\":\"Regulador de Voltaje 900J 1800W Zion 3Pack Forza\"}]},{\"@type\":\"WebSite\",\"@id\":\"https:\/\/mivoot.com\/gt\/#website\",\"url\":\"https:\/\/mivoot.com\/gt\/\",\"name\":\"Mivoot\",\"description\":\"Mivoot Guatemala | Tienda Online\",\"publisher\":{\"@id\":\"https:\/\/mivoot.com\/gt\/#organization\"},\"alternateName\":\"mivoot\",\"potentialAction\":[{\"@type\":\"SearchAction\",\"target\":{\"@type\":\"EntryPoint\",\"urlTemplate\":\"https:\/\/mivoot.com\/gt\/?s={search_term_string}\"},\"query-input\":{\"@type\":\"PropertyValueSpecification\",\"valueRequired\":true,\"valueName\":\"search_term_string\"}}],\"inLanguage\":\"es\"},{\"@type\":\"Organization\",\"@id\":\"https:\/\/mivoot.com\/gt\/#organization\",\"name\":\"Mivoot Guatemala\",\"alternateName\":\"mivoot.com\",\"url\":\"https:\/\/mivoot.com\/gt\/\",\"logo\":{\"@type\":\"ImageObject\",\"inLanguage\":\"es\",\"@id\":\"https:\/\/mivoot.com\/gt\/#\/schema\/logo\/image\/\",\"url\":\"https:\/\/mivoot.com\/gt\/wp-content\/uploads\/2023\/03\/cropped-icon.png\",\"contentUrl\":\"https:\/\/mivoot.com\/gt\/wp-content\/uploads\/2023\/03\/cropped-icon.png\",\"width\":512,\"height\":512,\"caption\":\"Mivoot Guatemala\"},\"image\":{\"@id\":\"https:\/\/mivoot.com\/gt\/#\/schema\/logo\/image\/\"},\"sameAs\":[\"https:\/\/www.facebook.com\/mivootgt\",\"https:\/\/instagram.com\/mivoot\"]}]}<\/script>\n<!-- \/ Yoast SEO Premium plugin. -->","yoast_head_json":{"title":"Regulador de Voltaje 900J 1800W Zion 3Pack Forza - Mivoot","robots":{"index":"index","follow":"follow","max-snippet":"max-snippet:-1","max-image-preview":"max-image-preview:large","max-video-preview":"max-video-preview:-1"},"canonical":"https:\/\/mivoot.com\/gt\/producto\/regulador-de-voltaje-900j-1800w-zion-3pack-forza\/","og_locale":"es_ES","og_type":"article","og_title":"Regulador de Voltaje 900J 1800W Zion 3Pack Forza","og_description":"- Capacidad: 1800W - Voltaje: 120V - Tipo de entrada: NEMA 5-15P - Tipo de salida: 1 x NEMA 5-15R - Indicador visual: Luz LED de estado","og_url":"https:\/\/mivoot.com\/gt\/producto\/regulador-de-voltaje-900j-1800w-zion-3pack-forza\/","og_site_name":"Mivoot","article_publisher":"https:\/\/www.facebook.com\/mivootgt","article_modified_time":"2025-03-26T17:53:07+00:00","og_image":[{"width":1024,"height":1024,"url":"https:\/\/mivoot.com\/gt\/wp-content\/uploads\/2025\/02\/Zion-2K10-00.jpg","type":"image\/jpeg"}],"twitter_card":"summary_large_image","twitter_misc":{"Est. reading time":"2 minutos"},"schema":{"@context":"https:\/\/schema.org","@graph":[{"@type":"WebPage","@id":"https:\/\/mivoot.com\/gt\/producto\/regulador-de-voltaje-900j-1800w-zion-3pack-forza\/","url":"https:\/\/mivoot.com\/gt\/producto\/regulador-de-voltaje-900j-1800w-zion-3pack-forza\/","name":"Regulador de Voltaje 900J 1800W Zion 3Pack Forza - Mivoot","isPartOf":{"@id":"https:\/\/mivoot.com\/gt\/#website"},"primaryImageOfPage":{"@id":"https:\/\/mivoot.com\/gt\/producto\/regulador-de-voltaje-900j-1800w-zion-3pack-forza\/#primaryimage"},"image":{"@id":"https:\/\/mivoot.com\/gt\/producto\/regulador-de-voltaje-900j-1800w-zion-3pack-forza\/#primaryimage"},"thumbnailUrl":"https:\/\/mivoot.com\/gt\/wp-content\/uploads\/2025\/02\/Zion-2K10-00.jpg","datePublished":"2025-02-26T15:39:36+00:00","dateModified":"2025-03-26T17:53:07+00:00","breadcrumb":{"@id":"https:\/\/mivoot.com\/gt\/producto\/regulador-de-voltaje-900j-1800w-zion-3pack-forza\/#breadcrumb"},"inLanguage":"es","potentialAction":[{"@type":"ReadAction","target":["https:\/\/mivoot.com\/gt\/producto\/regulador-de-voltaje-900j-1800w-zion-3pack-forza\/"]}]},{"@type":"ImageObject","inLanguage":"es","@id":"https:\/\/mivoot.com\/gt\/producto\/regulador-de-voltaje-900j-1800w-zion-3pack-forza\/#primaryimage","url":"https:\/\/mivoot.com\/gt\/wp-content\/uploads\/2025\/02\/Zion-2K10-00.jpg","contentUrl":"https:\/\/mivoot.com\/gt\/wp-content\/uploads\/2025\/02\/Zion-2K10-00.jpg","width":1024,"height":1024},{"@type":"BreadcrumbList","@id":"https:\/\/mivoot.com\/gt\/producto\/regulador-de-voltaje-900j-1800w-zion-3pack-forza\/#breadcrumb","itemListElement":[{"@type":"ListItem","position":1,"name":"Inicio","item":"https:\/\/mivoot.com\/gt\/"},{"@type":"ListItem","position":2,"name":"Productos","item":"https:\/\/mivoot.com\/gt\/producto\/"},{"@type":"ListItem","position":3,"name":"Forza","item":"https:\/\/mivoot.com\/gt\/marca\/forza\/"},{"@type":"ListItem","position":4,"name":"Regulador de Voltaje 900J 1800W Zion 3Pack Forza"}]},{"@type":"WebSite","@id":"https:\/\/mivoot.com\/gt\/#website","url":"https:\/\/mivoot.com\/gt\/","name":"Mivoot","description":"Mivoot Guatemala | Tienda Online","publisher":{"@id":"https:\/\/mivoot.com\/gt\/#organization"},"alternateName":"mivoot","potentialAction":[{"@type":"SearchAction","target":{"@type":"EntryPoint","urlTemplate":"https:\/\/mivoot.com\/gt\/?s={search_term_string}"},"query-input":{"@type":"PropertyValueSpecification","valueRequired":true,"valueName":"search_term_string"}}],"inLanguage":"es"},{"@type":"Organization","@id":"https:\/\/mivoot.com\/gt\/#organization","name":"Mivoot Guatemala","alternateName":"mivoot.com","url":"https:\/\/mivoot.com\/gt\/","logo":{"@type":"ImageObject","inLanguage":"es","@id":"https:\/\/mivoot.com\/gt\/#\/schema\/logo\/image\/","url":"https:\/\/mivoot.com\/gt\/wp-content\/uploads\/2023\/03\/cropped-icon.png","contentUrl":"https:\/\/mivoot.com\/gt\/wp-content\/uploads\/2023\/03\/cropped-icon.png","width":512,"height":512,"caption":"Mivoot Guatemala"},"image":{"@id":"https:\/\/mivoot.com\/gt\/#\/schema\/logo\/image\/"},"sameAs":["https:\/\/www.facebook.com\/mivootgt","https:\/\/instagram.com\/mivoot"]}]}},"jetpack_publicize_connections":[],"jetpack_sharing_enabled":true,"brands":[{"id":110,"name":"Forza","slug":"forza"}],"_links":{"self":[{"href":"https:\/\/mivoot.com\/gt\/wp-json\/wp\/v2\/product\/26665","targetHints":{"allow":["GET"]}}],"collection":[{"href":"https:\/\/mivoot.com\/gt\/wp-json\/wp\/v2\/product"}],"about":[{"href":"https:\/\/mivoot.com\/gt\/wp-json\/wp\/v2\/types\/product"}],"replies":[{"embeddable":true,"href":"https:\/\/mivoot.com\/gt\/wp-json\/wp\/v2\/comments?post=26665"}],"version-history":[{"count":2,"href":"https:\/\/mivoot.com\/gt\/wp-json\/wp\/v2\/product\/26665\/revisions"}],"predecessor-version":[{"id":26670,"href":"https:\/\/mivoot.com\/gt\/wp-json\/wp\/v2\/product\/26665\/revisions\/26670"}],"wp:featuredmedia":[{"embeddable":true,"href":"https:\/\/mivoot.com\/gt\/wp-json\/wp\/v2\/media\/26666"}],"wp:attachment":[{"href":"https:\/\/mivoot.com\/gt\/wp-json\/wp\/v2\/media?parent=26665"}],"wp:term":[{"taxonomy":"pwb-brand","embeddable":true,"href":"https:\/\/mivoot.com\/gt\/wp-json\/wp\/v2\/pwb-brand?post=26665"},{"taxonomy":"product_brand","embeddable":true,"href":"https:\/\/mivoot.com\/gt\/wp-json\/wp\/v2\/product_brand?post=26665"},{"taxonomy":"product_cat","embeddable":true,"href":"https:\/\/mivoot.com\/gt\/wp-json\/wp\/v2\/product_cat?post=26665"},{"taxonomy":"product_tag","embeddable":true,"href":"https:\/\/mivoot.com\/gt\/wp-json\/wp\/v2\/product_tag?post=26665"}],"curies":[{"name":"wp","href":"https:\/\/api.w.org\/{rel}","templated":true}]}}