{"id":2668,"date":"2021-03-24T21:48:24","date_gmt":"2021-03-25T03:48:24","guid":{"rendered":"https:\/\/mivoot.com\/gt\/?post_type=product&#038;p=2668"},"modified":"2025-03-25T17:07:18","modified_gmt":"2025-03-25T23:07:18","slug":"ventiladorultraligero","status":"publish","type":"product","link":"https:\/\/mivoot.com\/gt\/producto\/ventiladorultraligero\/","title":{"rendered":"Ventilador recargable Ultraligero port\u00e1til compacto extensible"},"content":{"rendered":"\t\t<div data-elementor-type=\"product-post\" data-elementor-id=\"2668\" class=\"elementor elementor-2668\">\n\t\t\t\t\t\t<section class=\"elementor-section elementor-top-section elementor-element elementor-element-160ccccb elementor-section-boxed elementor-section-height-default elementor-section-height-default\" data-id=\"160ccccb\" data-element_type=\"section\">\n\t\t\t\t\t\t<div class=\"elementor-container elementor-column-gap-default\">\n\t\t\t\t\t<div class=\"elementor-column elementor-col-100 elementor-top-column elementor-element elementor-element-27207d38\" data-id=\"27207d38\" data-element_type=\"column\">\n\t\t\t<div class=\"elementor-widget-wrap elementor-element-populated\">\n\t\t\t\t\t\t<div class=\"elementor-element elementor-element-1e36fd45 elementor-widget elementor-widget-text-editor\" data-id=\"1e36fd45\" data-element_type=\"widget\" data-widget_type=\"text-editor.default\">\n\t\t\t\t<div class=\"elementor-widget-container\">\n\t\t\t\t\t\t\t\t\t<h3>Descripci\u00f3n del producto:<\/h3>\nMy Foldaway Fan es un ventilador redondo blanco con un soporte telesc\u00f3pico y una base circular que ha sido dise\u00f1ada para portabilidad y uso tanto en interiores como en exteriores. Se especifica que el ventilador tiene una bater\u00eda de litio recargable, tres velocidades diferentes para elegir, y una altura m\u00e1xima de 40 pulgadas. Adem\u00e1s, ha sido dise\u00f1ado para plegarse cuando no lo est\u00e9s usando, por lo que no ocupar\u00e1 tanto espacio en tu hogar, oficina o veh\u00edculo como en su tama\u00f1o completo.\n<ul>\n \t<li>Bater\u00eda recargable de 10 horas Lleva tu ventilador plegable a cualquier lugar que necesites una brisa. Junto a la piscina, al lado de la fogata, en el barco, a la playa&#8230; y una bater\u00eda totalmente cargada dura 10 horas.<\/li>\n \t<li>Se extiende a casi 4 pies de alto. Hemos dise\u00f1ado el ventilador plegable para que se extienda a la altura ideal para una noche de sue\u00f1o perfecta. No m\u00e1s abanicos de piso con apoyo.<\/li>\n \t<li>Ventilador silencioso con 3 velocidades My Foldaway no sacrifica energ\u00eda por portabilidad. Nuestro potente motor de 3 velocidades proporciona una suave brisa o una explosi\u00f3n que se puede sentir en toda la habitaci\u00f3n.<\/li>\n \t<li>Se pliega para un f\u00e1cil almacenamiento Una vez que hayas terminado de usar el ventilador plegable, simplemente gu\u00e1rdelo en cualquier espacio peque\u00f1o para un almacenamiento c\u00f3modo y f\u00e1cil.<\/li>\n<\/ul>\n<h3>C\u00f3mo utilizar:<\/h3>\n<ol>\n \t<li>Despliega el ventilador y equilibra la base coloc\u00e1ndolo sobre una superficie plana, como mesa o suelo.<\/li>\n \t<li>Ajusta la altura (opcional) tirando suavemente del tallo hacia arriba y presiona hacia abajo si quieres hacerlo m\u00e1s corto.<\/li>\n \t<li>Enci\u00e9ndelo y elija velocidad pulsando el bot\u00f3n en la base del ventilador.<\/li>\n \t<li>Cuando termines de usarlo, ap\u00e1galo pulsando el bot\u00f3n en la base del ventilador.<\/li>\n<\/ol>\n&nbsp;\t\t\t\t\t\t\t\t<\/div>\n\t\t\t\t<\/div>\n\t\t\t\t\t<\/div>\n\t\t<\/div>\n\t\t\t\t\t<\/div>\n\t\t<\/section>\n\t\t\t\t<section class=\"elementor-section elementor-top-section elementor-element elementor-element-e95847b elementor-section-boxed elementor-section-height-default elementor-section-height-default\" data-id=\"e95847b\" data-element_type=\"section\">\n\t\t\t\t\t\t<div class=\"elementor-container elementor-column-gap-default\">\n\t\t\t\t\t<div class=\"elementor-column elementor-col-100 elementor-top-column elementor-element elementor-element-2d2796f\" data-id=\"2d2796f\" data-element_type=\"column\">\n\t\t\t<div class=\"elementor-widget-wrap elementor-element-populated\">\n\t\t\t\t\t\t<div class=\"elementor-element elementor-element-2de6bbd elementor-widget elementor-widget-video\" data-id=\"2de6bbd\" data-element_type=\"widget\" data-settings=\"{&quot;youtube_url&quot;:&quot;https:\\\/\\\/www.youtube.com\\\/watch?v=KOJfIUY7mBk&quot;,&quot;video_type&quot;:&quot;youtube&quot;,&quot;controls&quot;:&quot;yes&quot;}\" data-widget_type=\"video.default\">\n\t\t\t\t<div class=\"elementor-widget-container\">\n\t\t\t\t\t\t\t<div class=\"elementor-wrapper elementor-open-inline\">\n\t\t\t<div class=\"elementor-video\"><\/div>\t\t<\/div>\n\t\t\t\t\t\t<\/div>\n\t\t\t\t<\/div>\n\t\t\t\t\t<\/div>\n\t\t<\/div>\n\t\t\t\t\t<\/div>\n\t\t<\/section>\n\t\t\t\t<section class=\"elementor-section elementor-top-section elementor-element elementor-element-ce66fd1 elementor-section-boxed elementor-section-height-default elementor-section-height-default\" data-id=\"ce66fd1\" data-element_type=\"section\">\n\t\t\t\t\t\t<div class=\"elementor-container elementor-column-gap-default\">\n\t\t\t\t\t<div class=\"elementor-column elementor-col-50 elementor-top-column elementor-element elementor-element-bbe9f18\" data-id=\"bbe9f18\" data-element_type=\"column\">\n\t\t\t<div class=\"elementor-widget-wrap elementor-element-populated\">\n\t\t\t\t\t\t<div class=\"elementor-element elementor-element-4ccdd9a elementor-widget elementor-widget-image\" data-id=\"4ccdd9a\" data-element_type=\"widget\" data-widget_type=\"image.default\">\n\t\t\t\t<div class=\"elementor-widget-container\">\n\t\t\t\t\t\t\t\t\t\t\t\t\t\t\t<img fetchpriority=\"high\" decoding=\"async\" width=\"1020\" height=\"680\" src=\"https:\/\/mivoot.com\/gt\/wp-content\/uploads\/2021\/03\/91KV96lf4zL._AC_SL1500_.jpg\" class=\"attachment-large size-large wp-image-2677\" alt=\"\" srcset=\"https:\/\/mivoot.com\/gt\/wp-content\/uploads\/2021\/03\/91KV96lf4zL._AC_SL1500_.jpg 1500w, https:\/\/mivoot.com\/gt\/wp-content\/uploads\/2021\/03\/91KV96lf4zL._AC_SL1500_-410x273.jpg 410w, https:\/\/mivoot.com\/gt\/wp-content\/uploads\/2021\/03\/91KV96lf4zL._AC_SL1500_-64x43.jpg 64w, https:\/\/mivoot.com\/gt\/wp-content\/uploads\/2021\/03\/91KV96lf4zL._AC_SL1500_-300x200.jpg 300w, https:\/\/mivoot.com\/gt\/wp-content\/uploads\/2021\/03\/91KV96lf4zL._AC_SL1500_-768x512.jpg 768w\" sizes=\"(max-width: 1020px) 100vw, 1020px\" \/>\t\t\t\t\t\t\t\t\t\t\t\t\t\t\t<\/div>\n\t\t\t\t<\/div>\n\t\t\t\t\t<\/div>\n\t\t<\/div>\n\t\t\t\t<div class=\"elementor-column elementor-col-50 elementor-top-column elementor-element elementor-element-26f71aa\" data-id=\"26f71aa\" data-element_type=\"column\">\n\t\t\t<div class=\"elementor-widget-wrap elementor-element-populated\">\n\t\t\t\t\t\t<div class=\"elementor-element elementor-element-3435b4a elementor-widget elementor-widget-image\" data-id=\"3435b4a\" data-element_type=\"widget\" data-widget_type=\"image.default\">\n\t\t\t\t<div class=\"elementor-widget-container\">\n\t\t\t\t\t\t\t\t\t\t\t\t\t\t\t<img decoding=\"async\" width=\"1020\" height=\"680\" src=\"https:\/\/mivoot.com\/gt\/wp-content\/uploads\/2021\/03\/71UjhwplHTL._AC_SL1500_.jpg\" class=\"attachment-large size-large wp-image-2673\" alt=\"\" srcset=\"https:\/\/mivoot.com\/gt\/wp-content\/uploads\/2021\/03\/71UjhwplHTL._AC_SL1500_.jpg 1500w, https:\/\/mivoot.com\/gt\/wp-content\/uploads\/2021\/03\/71UjhwplHTL._AC_SL1500_-410x273.jpg 410w, https:\/\/mivoot.com\/gt\/wp-content\/uploads\/2021\/03\/71UjhwplHTL._AC_SL1500_-64x43.jpg 64w, https:\/\/mivoot.com\/gt\/wp-content\/uploads\/2021\/03\/71UjhwplHTL._AC_SL1500_-300x200.jpg 300w, https:\/\/mivoot.com\/gt\/wp-content\/uploads\/2021\/03\/71UjhwplHTL._AC_SL1500_-768x512.jpg 768w\" sizes=\"(max-width: 1020px) 100vw, 1020px\" \/>\t\t\t\t\t\t\t\t\t\t\t\t\t\t\t<\/div>\n\t\t\t\t<\/div>\n\t\t\t\t\t<\/div>\n\t\t<\/div>\n\t\t\t\t\t<\/div>\n\t\t<\/section>\n\t\t\t\t<\/div>\n\t\t","protected":false},"excerpt":{"rendered":"<ul class=\"a-unordered-list a-vertical a-spacing-mini\">\n<li><span class=\"a-list-item\">Ventilador plegable: est\u00e1 construido con las partes principales, la parte circular, el poste y la base circular que se pueden plegar y desplegar para facilidad de uso y almacenamiento c\u00f3modo.<\/span><\/li>\n<li><span class=\"a-list-item\">Silueta silenciosa: est\u00e1 dise\u00f1ado con un motor ultra silencioso que no crea sonido o ruidos que pueden molestar a los miembros del hogar.<\/span><\/li>\n<li><span class=\"a-list-item\">3 modos de velocidad: tiene un potente motor de 3 velocidades que se puede ajustar a alto, medio y bajo o dependiendo de la cantidad de enfriamiento que realmente necesites.<\/span><\/li>\n<\/ul>\n","protected":false},"featured_media":2670,"comment_status":"open","ping_status":"closed","template":"","meta":{"jetpack_publicize_message":"","jetpack_publicize_feature_enabled":true,"jetpack_social_post_already_shared":false,"jetpack_social_options":{"image_generator_settings":{"template":"highway","default_image_id":0,"font":"","enabled":false},"version":2}},"pwb-brand":[123],"product_brand":[],"product_cat":[289],"product_tag":[],"class_list":{"0":"post-2668","1":"product","2":"type-product","3":"status-publish","4":"has-post-thumbnail","6":"pwb-brand-cascade","7":"product_cat-ventiladores-2","9":"first","10":"onbackorder","11":"sale","12":"taxable","13":"shipping-taxable","14":"purchasable","15":"product-type-simple"},"yoast_head":"<!-- This site is optimized with the Yoast SEO Premium plugin v25.7.1 (Yoast SEO v26.8) - https:\/\/yoast.com\/product\/yoast-seo-premium-wordpress\/ -->\n<title>Ventilador recargable Ultraligero port\u00e1til compacto extensible - Mivoot<\/title>\n<meta name=\"robots\" content=\"index, follow, max-snippet:-1, max-image-preview:large, max-video-preview:-1\" \/>\n<link rel=\"canonical\" href=\"https:\/\/mivoot.com\/gt\/producto\/ventiladorultraligero\/\" \/>\n<meta property=\"og:locale\" content=\"es_ES\" \/>\n<meta property=\"og:type\" content=\"article\" \/>\n<meta property=\"og:title\" content=\"Ventilador recargable Ultraligero port\u00e1til compacto extensible\" \/>\n<meta property=\"og:description\" content=\"Ventilador plegable: est\u00e1 construido con las partes principales, la parte circular, el poste y la base circular que se pueden plegar y desplegar para facilidad de uso y almacenamiento c\u00f3modo.  Silueta silenciosa: est\u00e1 dise\u00f1ado con un motor ultra silencioso que no crea sonido o ruidos que pueden molestar a los miembros del hogar.  3 modos de velocidad: tiene un potente motor de 3 velocidades que se puede ajustar a alto, medio y bajo o dependiendo de la cantidad de enfriamiento que realmente necesites.\" \/>\n<meta property=\"og:url\" content=\"https:\/\/mivoot.com\/gt\/producto\/ventiladorultraligero\/\" \/>\n<meta property=\"og:site_name\" content=\"Mivoot\" \/>\n<meta property=\"article:publisher\" content=\"https:\/\/www.facebook.com\/mivootgt\" \/>\n<meta property=\"article:modified_time\" content=\"2025-03-25T23:07:18+00:00\" \/>\n<meta property=\"og:image\" content=\"https:\/\/mivoot.com\/gt\/wp-content\/uploads\/2021\/03\/41nnNylm6NL.jpg\" \/>\n\t<meta property=\"og:image:width\" content=\"500\" \/>\n\t<meta property=\"og:image:height\" content=\"456\" \/>\n\t<meta property=\"og:image:type\" content=\"image\/jpeg\" \/>\n<meta name=\"twitter:card\" content=\"summary_large_image\" \/>\n<meta name=\"twitter:label1\" content=\"Est. reading time\" \/>\n\t<meta name=\"twitter:data1\" content=\"2 minutos\" \/>\n<script type=\"application\/ld+json\" class=\"yoast-schema-graph\">{\"@context\":\"https:\/\/schema.org\",\"@graph\":[{\"@type\":\"WebPage\",\"@id\":\"https:\/\/mivoot.com\/gt\/producto\/ventiladorultraligero\/\",\"url\":\"https:\/\/mivoot.com\/gt\/producto\/ventiladorultraligero\/\",\"name\":\"Ventilador recargable Ultraligero port\u00e1til compacto extensible - Mivoot\",\"isPartOf\":{\"@id\":\"https:\/\/mivoot.com\/gt\/#website\"},\"primaryImageOfPage\":{\"@id\":\"https:\/\/mivoot.com\/gt\/producto\/ventiladorultraligero\/#primaryimage\"},\"image\":{\"@id\":\"https:\/\/mivoot.com\/gt\/producto\/ventiladorultraligero\/#primaryimage\"},\"thumbnailUrl\":\"https:\/\/mivoot.com\/gt\/wp-content\/uploads\/2021\/03\/41nnNylm6NL.jpg\",\"datePublished\":\"2021-03-25T03:48:24+00:00\",\"dateModified\":\"2025-03-25T23:07:18+00:00\",\"breadcrumb\":{\"@id\":\"https:\/\/mivoot.com\/gt\/producto\/ventiladorultraligero\/#breadcrumb\"},\"inLanguage\":\"es\",\"potentialAction\":[{\"@type\":\"ReadAction\",\"target\":[\"https:\/\/mivoot.com\/gt\/producto\/ventiladorultraligero\/\"]}]},{\"@type\":\"ImageObject\",\"inLanguage\":\"es\",\"@id\":\"https:\/\/mivoot.com\/gt\/producto\/ventiladorultraligero\/#primaryimage\",\"url\":\"https:\/\/mivoot.com\/gt\/wp-content\/uploads\/2021\/03\/41nnNylm6NL.jpg\",\"contentUrl\":\"https:\/\/mivoot.com\/gt\/wp-content\/uploads\/2021\/03\/41nnNylm6NL.jpg\",\"width\":500,\"height\":456},{\"@type\":\"BreadcrumbList\",\"@id\":\"https:\/\/mivoot.com\/gt\/producto\/ventiladorultraligero\/#breadcrumb\",\"itemListElement\":[{\"@type\":\"ListItem\",\"position\":1,\"name\":\"Inicio\",\"item\":\"https:\/\/mivoot.com\/gt\/\"},{\"@type\":\"ListItem\",\"position\":2,\"name\":\"Productos\",\"item\":\"https:\/\/mivoot.com\/gt\/producto\/\"},{\"@type\":\"ListItem\",\"position\":3,\"name\":\"Cascade\",\"item\":\"https:\/\/mivoot.com\/gt\/marca\/cascade\/\"},{\"@type\":\"ListItem\",\"position\":4,\"name\":\"Ventilador recargable Ultraligero port\u00e1til compacto extensible\"}]},{\"@type\":\"WebSite\",\"@id\":\"https:\/\/mivoot.com\/gt\/#website\",\"url\":\"https:\/\/mivoot.com\/gt\/\",\"name\":\"Mivoot\",\"description\":\"Mivoot Guatemala | Tienda Online\",\"publisher\":{\"@id\":\"https:\/\/mivoot.com\/gt\/#organization\"},\"alternateName\":\"mivoot\",\"potentialAction\":[{\"@type\":\"SearchAction\",\"target\":{\"@type\":\"EntryPoint\",\"urlTemplate\":\"https:\/\/mivoot.com\/gt\/?s={search_term_string}\"},\"query-input\":{\"@type\":\"PropertyValueSpecification\",\"valueRequired\":true,\"valueName\":\"search_term_string\"}}],\"inLanguage\":\"es\"},{\"@type\":\"Organization\",\"@id\":\"https:\/\/mivoot.com\/gt\/#organization\",\"name\":\"Mivoot Guatemala\",\"alternateName\":\"mivoot.com\",\"url\":\"https:\/\/mivoot.com\/gt\/\",\"logo\":{\"@type\":\"ImageObject\",\"inLanguage\":\"es\",\"@id\":\"https:\/\/mivoot.com\/gt\/#\/schema\/logo\/image\/\",\"url\":\"https:\/\/mivoot.com\/gt\/wp-content\/uploads\/2023\/03\/cropped-icon.png\",\"contentUrl\":\"https:\/\/mivoot.com\/gt\/wp-content\/uploads\/2023\/03\/cropped-icon.png\",\"width\":512,\"height\":512,\"caption\":\"Mivoot Guatemala\"},\"image\":{\"@id\":\"https:\/\/mivoot.com\/gt\/#\/schema\/logo\/image\/\"},\"sameAs\":[\"https:\/\/www.facebook.com\/mivootgt\",\"https:\/\/instagram.com\/mivoot\"]}]}<\/script>\n<!-- \/ Yoast SEO Premium plugin. -->","yoast_head_json":{"title":"Ventilador recargable Ultraligero port\u00e1til compacto extensible - Mivoot","robots":{"index":"index","follow":"follow","max-snippet":"max-snippet:-1","max-image-preview":"max-image-preview:large","max-video-preview":"max-video-preview:-1"},"canonical":"https:\/\/mivoot.com\/gt\/producto\/ventiladorultraligero\/","og_locale":"es_ES","og_type":"article","og_title":"Ventilador recargable Ultraligero port\u00e1til compacto extensible","og_description":"Ventilador plegable: est\u00e1 construido con las partes principales, la parte circular, el poste y la base circular que se pueden plegar y desplegar para facilidad de uso y almacenamiento c\u00f3modo.  Silueta silenciosa: est\u00e1 dise\u00f1ado con un motor ultra silencioso que no crea sonido o ruidos que pueden molestar a los miembros del hogar.  3 modos de velocidad: tiene un potente motor de 3 velocidades que se puede ajustar a alto, medio y bajo o dependiendo de la cantidad de enfriamiento que realmente necesites.","og_url":"https:\/\/mivoot.com\/gt\/producto\/ventiladorultraligero\/","og_site_name":"Mivoot","article_publisher":"https:\/\/www.facebook.com\/mivootgt","article_modified_time":"2025-03-25T23:07:18+00:00","og_image":[{"width":500,"height":456,"url":"https:\/\/mivoot.com\/gt\/wp-content\/uploads\/2021\/03\/41nnNylm6NL.jpg","type":"image\/jpeg"}],"twitter_card":"summary_large_image","twitter_misc":{"Est. reading time":"2 minutos"},"schema":{"@context":"https:\/\/schema.org","@graph":[{"@type":"WebPage","@id":"https:\/\/mivoot.com\/gt\/producto\/ventiladorultraligero\/","url":"https:\/\/mivoot.com\/gt\/producto\/ventiladorultraligero\/","name":"Ventilador recargable Ultraligero port\u00e1til compacto extensible - Mivoot","isPartOf":{"@id":"https:\/\/mivoot.com\/gt\/#website"},"primaryImageOfPage":{"@id":"https:\/\/mivoot.com\/gt\/producto\/ventiladorultraligero\/#primaryimage"},"image":{"@id":"https:\/\/mivoot.com\/gt\/producto\/ventiladorultraligero\/#primaryimage"},"thumbnailUrl":"https:\/\/mivoot.com\/gt\/wp-content\/uploads\/2021\/03\/41nnNylm6NL.jpg","datePublished":"2021-03-25T03:48:24+00:00","dateModified":"2025-03-25T23:07:18+00:00","breadcrumb":{"@id":"https:\/\/mivoot.com\/gt\/producto\/ventiladorultraligero\/#breadcrumb"},"inLanguage":"es","potentialAction":[{"@type":"ReadAction","target":["https:\/\/mivoot.com\/gt\/producto\/ventiladorultraligero\/"]}]},{"@type":"ImageObject","inLanguage":"es","@id":"https:\/\/mivoot.com\/gt\/producto\/ventiladorultraligero\/#primaryimage","url":"https:\/\/mivoot.com\/gt\/wp-content\/uploads\/2021\/03\/41nnNylm6NL.jpg","contentUrl":"https:\/\/mivoot.com\/gt\/wp-content\/uploads\/2021\/03\/41nnNylm6NL.jpg","width":500,"height":456},{"@type":"BreadcrumbList","@id":"https:\/\/mivoot.com\/gt\/producto\/ventiladorultraligero\/#breadcrumb","itemListElement":[{"@type":"ListItem","position":1,"name":"Inicio","item":"https:\/\/mivoot.com\/gt\/"},{"@type":"ListItem","position":2,"name":"Productos","item":"https:\/\/mivoot.com\/gt\/producto\/"},{"@type":"ListItem","position":3,"name":"Cascade","item":"https:\/\/mivoot.com\/gt\/marca\/cascade\/"},{"@type":"ListItem","position":4,"name":"Ventilador recargable Ultraligero port\u00e1til compacto extensible"}]},{"@type":"WebSite","@id":"https:\/\/mivoot.com\/gt\/#website","url":"https:\/\/mivoot.com\/gt\/","name":"Mivoot","description":"Mivoot Guatemala | Tienda Online","publisher":{"@id":"https:\/\/mivoot.com\/gt\/#organization"},"alternateName":"mivoot","potentialAction":[{"@type":"SearchAction","target":{"@type":"EntryPoint","urlTemplate":"https:\/\/mivoot.com\/gt\/?s={search_term_string}"},"query-input":{"@type":"PropertyValueSpecification","valueRequired":true,"valueName":"search_term_string"}}],"inLanguage":"es"},{"@type":"Organization","@id":"https:\/\/mivoot.com\/gt\/#organization","name":"Mivoot Guatemala","alternateName":"mivoot.com","url":"https:\/\/mivoot.com\/gt\/","logo":{"@type":"ImageObject","inLanguage":"es","@id":"https:\/\/mivoot.com\/gt\/#\/schema\/logo\/image\/","url":"https:\/\/mivoot.com\/gt\/wp-content\/uploads\/2023\/03\/cropped-icon.png","contentUrl":"https:\/\/mivoot.com\/gt\/wp-content\/uploads\/2023\/03\/cropped-icon.png","width":512,"height":512,"caption":"Mivoot Guatemala"},"image":{"@id":"https:\/\/mivoot.com\/gt\/#\/schema\/logo\/image\/"},"sameAs":["https:\/\/www.facebook.com\/mivootgt","https:\/\/instagram.com\/mivoot"]}]}},"jetpack_publicize_connections":[],"jetpack_sharing_enabled":true,"brands":[{"id":123,"name":"Cascade","slug":"cascade"}],"_links":{"self":[{"href":"https:\/\/mivoot.com\/gt\/wp-json\/wp\/v2\/product\/2668","targetHints":{"allow":["GET"]}}],"collection":[{"href":"https:\/\/mivoot.com\/gt\/wp-json\/wp\/v2\/product"}],"about":[{"href":"https:\/\/mivoot.com\/gt\/wp-json\/wp\/v2\/types\/product"}],"replies":[{"embeddable":true,"href":"https:\/\/mivoot.com\/gt\/wp-json\/wp\/v2\/comments?post=2668"}],"version-history":[{"count":6,"href":"https:\/\/mivoot.com\/gt\/wp-json\/wp\/v2\/product\/2668\/revisions"}],"predecessor-version":[{"id":27320,"href":"https:\/\/mivoot.com\/gt\/wp-json\/wp\/v2\/product\/2668\/revisions\/27320"}],"wp:featuredmedia":[{"embeddable":true,"href":"https:\/\/mivoot.com\/gt\/wp-json\/wp\/v2\/media\/2670"}],"wp:attachment":[{"href":"https:\/\/mivoot.com\/gt\/wp-json\/wp\/v2\/media?parent=2668"}],"wp:term":[{"taxonomy":"pwb-brand","embeddable":true,"href":"https:\/\/mivoot.com\/gt\/wp-json\/wp\/v2\/pwb-brand?post=2668"},{"taxonomy":"product_brand","embeddable":true,"href":"https:\/\/mivoot.com\/gt\/wp-json\/wp\/v2\/product_brand?post=2668"},{"taxonomy":"product_cat","embeddable":true,"href":"https:\/\/mivoot.com\/gt\/wp-json\/wp\/v2\/product_cat?post=2668"},{"taxonomy":"product_tag","embeddable":true,"href":"https:\/\/mivoot.com\/gt\/wp-json\/wp\/v2\/product_tag?post=2668"}],"curies":[{"name":"wp","href":"https:\/\/api.w.org\/{rel}","templated":true}]}}