{"id":26711,"date":"2025-03-03T19:52:47","date_gmt":"2025-03-04T01:52:47","guid":{"rendered":"https:\/\/mivoot.com\/gt\/?post_type=product&#038;p=26711"},"modified":"2025-03-03T19:52:49","modified_gmt":"2025-03-04T01:52:49","slug":"teclado-con-lector-de-tarjetas-de-chip-kc-1000-sc-cherry","status":"publish","type":"product","link":"https:\/\/mivoot.com\/gt\/producto\/teclado-con-lector-de-tarjetas-de-chip-kc-1000-sc-cherry\/","title":{"rendered":"Teclado con Lector de Tarjetas de CHIP KC 1000 SC Cherry"},"content":{"rendered":"<h1 style=\"text-align: center;\">Teclado con Lector de Tarjetas de CHIP KC 1000 SC Cherry<\/h1>\n<p>\u00a1Adquiere el Teclado Cherry<strong>\u00a0KC 1000 SC<\/strong>! Es una excelente opci\u00f3n para aquellos que buscan un teclado de calidad y rendimiento confiable. Fabricado por Cherry, una reconocida marca en el campo de los perif\u00e9ricos de ordenadores, este teclado ofrece una experiencia de escritura c\u00f3moda y eficiente.<\/p>\n<ul class=\"list-group list-group-flush border-top border-bottom\">\n<li class=\"list-group-item\">Teclado de seguridad inteligente con cable y con lector de tarjetas inteligentes integrado<\/li>\n<li class=\"list-group-item\">Segura introducci\u00f3n del PIN (lector de clase 2)<\/li>\n<li class=\"list-group-item\">Lector PC\/SC de smartcards<\/li>\n<li class=\"list-group-item\">Protocolos: T=0, T=1, S=8, S=9, S=10<\/li>\n<li class=\"list-group-item\">Compatible con CCID<\/li>\n<li class=\"list-group-item\">Lectura\/escritura de smartcards conformes con ISO 7816<\/li>\n<li class=\"list-group-item\">Dise\u00f1o plano, unidad baja de contacto para tarjetas chip<\/li>\n<\/ul>\n<h4><strong>Conectividad<\/strong><\/h4>\n<p>Se conecta mediante un cable USB, lo que garantiza una conexi\u00f3n estable y confiable. No requiere ning\u00fan tipo de configuraci\u00f3n adicional, solo debe conectarlo a un puerto USB de su ordenador y estar\u00e1 listo para usar. Esta conexi\u00f3n por cable elimina la necesidad de bater\u00edas o emparejamientos complicados por lo tanto lo que hace que el teclado sea muy f\u00e1cil de usar.<\/p>\n<h4>Compatibilidad<\/h4>\n<p>con una amplia gama de sistemas operativos, incluyendo Windows, macOS y Linux, lo que lo convierte en una opci\u00f3n vers\u00e1til para cualquier usuario<\/p>\n<p><img decoding=\"async\" class=\"aligncenter\" src=\"https:\/\/m.media-amazon.com\/images\/I\/61gHKC9P7bL._AC_UF1000,1000_QL80_.jpg\" alt=\"CHERRY KC 1000 SC, US Layout, QWERTY Keyboard, Wired Security Keyboard with  Integrated Chip Card Terminal, Blue Angel, Black : Amazon.co.uk: Computers  &amp; Accessories\" \/><\/p>\n<p>&nbsp;<\/p>\n","protected":false},"excerpt":{"rendered":"<p>&#8211; Teclado de seguridad inteligente con cable y terminal de tarjeta inteligente integrado<br \/>\n&#8211; Color: Negro<br \/>\n&#8211; Conectividad: USB<br \/>\n&#8211; Tecnolog\u00eda: Al\u00e1mbrico<br \/>\n&#8211; Dise\u00f1o: QWERTY<br \/>\n&#8211; Dise\u00f1o plano, baja unidad de contacto con la tarjeta inteligente<br \/>\n&#8211; Teclado num\u00e9rico: Si<br \/>\n&#8211; Teclado, cantidad de teclas: 105<br \/>\n&#8211; Vida \u00fatil de las teclas del teclado: 10 mill\u00f3n de caracteres<br \/>\n&#8211; Teclas de Windows: Si<br \/>\n&#8211; Teclas de acceso directo: Si<br \/>\n&#8211; N\u00famero de teclas de acceso r\u00e1pido: 4<br \/>\n&#8211; Compatible con controladores para Windows\/MacOS-X\/Linux<\/p>\n","protected":false},"featured_media":26716,"comment_status":"open","ping_status":"closed","template":"","meta":{"jetpack_publicize_message":"","jetpack_publicize_feature_enabled":true,"jetpack_social_post_already_shared":true,"jetpack_social_options":{"image_generator_settings":{"template":"highway","default_image_id":0,"font":"","enabled":false},"version":2}},"pwb-brand":[606],"product_brand":[],"product_cat":[48],"product_tag":[],"class_list":{"0":"post-26711","1":"product","2":"type-product","3":"status-publish","4":"has-post-thumbnail","6":"pwb-brand-cherry","7":"product_cat-teclados","9":"first","10":"instock","11":"taxable","12":"shipping-taxable","13":"product-type-simple"},"yoast_head":"<!-- This site is optimized with the Yoast SEO Premium plugin v25.7.1 (Yoast SEO v26.8) - https:\/\/yoast.com\/product\/yoast-seo-premium-wordpress\/ -->\n<title>Teclado con Lector de Tarjetas de CHIP KC 1000 SC Cherry - Mivoot<\/title>\n<meta name=\"robots\" content=\"index, follow, max-snippet:-1, max-image-preview:large, max-video-preview:-1\" \/>\n<link rel=\"canonical\" href=\"https:\/\/mivoot.com\/gt\/producto\/teclado-con-lector-de-tarjetas-de-chip-kc-1000-sc-cherry\/\" \/>\n<meta property=\"og:locale\" content=\"es_ES\" \/>\n<meta property=\"og:type\" content=\"article\" \/>\n<meta property=\"og:title\" content=\"Teclado con Lector de Tarjetas de CHIP KC 1000 SC Cherry\" \/>\n<meta property=\"og:description\" content=\"- Teclado de seguridad inteligente con cable y terminal de tarjeta inteligente integrado - Color: Negro - Conectividad: USB - Tecnolog\u00eda: Al\u00e1mbrico - Dise\u00f1o: QWERTY - Dise\u00f1o plano, baja unidad de contacto con la tarjeta inteligente - Teclado num\u00e9rico: Si - Teclado, cantidad de teclas: 105 - Vida \u00fatil de las teclas del teclado: 10 mill\u00f3n de caracteres - Teclas de Windows: Si - Teclas de acceso directo: Si - N\u00famero de teclas de acceso r\u00e1pido: 4 - Compatible con controladores para Windows\/MacOS-X\/Linux\" \/>\n<meta property=\"og:url\" content=\"https:\/\/mivoot.com\/gt\/producto\/teclado-con-lector-de-tarjetas-de-chip-kc-1000-sc-cherry\/\" \/>\n<meta property=\"og:site_name\" content=\"Mivoot\" \/>\n<meta property=\"article:publisher\" content=\"https:\/\/www.facebook.com\/mivootgt\" \/>\n<meta property=\"article:modified_time\" content=\"2025-03-04T01:52:49+00:00\" \/>\n<meta property=\"og:image\" content=\"https:\/\/mivoot.com\/gt\/wp-content\/uploads\/2025\/03\/JK-A0100US-2-05.jpg\" \/>\n\t<meta property=\"og:image:width\" content=\"2560\" \/>\n\t<meta property=\"og:image:height\" content=\"2560\" \/>\n\t<meta property=\"og:image:type\" content=\"image\/jpeg\" \/>\n<meta name=\"twitter:card\" content=\"summary_large_image\" \/>\n<meta name=\"twitter:label1\" content=\"Est. reading time\" \/>\n\t<meta name=\"twitter:data1\" content=\"2 minutos\" \/>\n<script type=\"application\/ld+json\" class=\"yoast-schema-graph\">{\"@context\":\"https:\/\/schema.org\",\"@graph\":[{\"@type\":\"WebPage\",\"@id\":\"https:\/\/mivoot.com\/gt\/producto\/teclado-con-lector-de-tarjetas-de-chip-kc-1000-sc-cherry\/\",\"url\":\"https:\/\/mivoot.com\/gt\/producto\/teclado-con-lector-de-tarjetas-de-chip-kc-1000-sc-cherry\/\",\"name\":\"Teclado con Lector de Tarjetas de CHIP KC 1000 SC Cherry - Mivoot\",\"isPartOf\":{\"@id\":\"https:\/\/mivoot.com\/gt\/#website\"},\"primaryImageOfPage\":{\"@id\":\"https:\/\/mivoot.com\/gt\/producto\/teclado-con-lector-de-tarjetas-de-chip-kc-1000-sc-cherry\/#primaryimage\"},\"image\":{\"@id\":\"https:\/\/mivoot.com\/gt\/producto\/teclado-con-lector-de-tarjetas-de-chip-kc-1000-sc-cherry\/#primaryimage\"},\"thumbnailUrl\":\"https:\/\/mivoot.com\/gt\/wp-content\/uploads\/2025\/03\/JK-A0100US-2-05.jpg\",\"datePublished\":\"2025-03-04T01:52:47+00:00\",\"dateModified\":\"2025-03-04T01:52:49+00:00\",\"breadcrumb\":{\"@id\":\"https:\/\/mivoot.com\/gt\/producto\/teclado-con-lector-de-tarjetas-de-chip-kc-1000-sc-cherry\/#breadcrumb\"},\"inLanguage\":\"es\",\"potentialAction\":[{\"@type\":\"ReadAction\",\"target\":[\"https:\/\/mivoot.com\/gt\/producto\/teclado-con-lector-de-tarjetas-de-chip-kc-1000-sc-cherry\/\"]}]},{\"@type\":\"ImageObject\",\"inLanguage\":\"es\",\"@id\":\"https:\/\/mivoot.com\/gt\/producto\/teclado-con-lector-de-tarjetas-de-chip-kc-1000-sc-cherry\/#primaryimage\",\"url\":\"https:\/\/mivoot.com\/gt\/wp-content\/uploads\/2025\/03\/JK-A0100US-2-05.jpg\",\"contentUrl\":\"https:\/\/mivoot.com\/gt\/wp-content\/uploads\/2025\/03\/JK-A0100US-2-05.jpg\",\"width\":2560,\"height\":2560,\"caption\":\"Version 1.0.0\"},{\"@type\":\"BreadcrumbList\",\"@id\":\"https:\/\/mivoot.com\/gt\/producto\/teclado-con-lector-de-tarjetas-de-chip-kc-1000-sc-cherry\/#breadcrumb\",\"itemListElement\":[{\"@type\":\"ListItem\",\"position\":1,\"name\":\"Inicio\",\"item\":\"https:\/\/mivoot.com\/gt\/\"},{\"@type\":\"ListItem\",\"position\":2,\"name\":\"Productos\",\"item\":\"https:\/\/mivoot.com\/gt\/producto\/\"},{\"@type\":\"ListItem\",\"position\":3,\"name\":\"Cherry\",\"item\":\"https:\/\/mivoot.com\/gt\/marca\/cherry\/\"},{\"@type\":\"ListItem\",\"position\":4,\"name\":\"Teclado con Lector de Tarjetas de CHIP KC 1000 SC Cherry\"}]},{\"@type\":\"WebSite\",\"@id\":\"https:\/\/mivoot.com\/gt\/#website\",\"url\":\"https:\/\/mivoot.com\/gt\/\",\"name\":\"Mivoot\",\"description\":\"Mivoot Guatemala | Tienda Online\",\"publisher\":{\"@id\":\"https:\/\/mivoot.com\/gt\/#organization\"},\"alternateName\":\"mivoot\",\"potentialAction\":[{\"@type\":\"SearchAction\",\"target\":{\"@type\":\"EntryPoint\",\"urlTemplate\":\"https:\/\/mivoot.com\/gt\/?s={search_term_string}\"},\"query-input\":{\"@type\":\"PropertyValueSpecification\",\"valueRequired\":true,\"valueName\":\"search_term_string\"}}],\"inLanguage\":\"es\"},{\"@type\":\"Organization\",\"@id\":\"https:\/\/mivoot.com\/gt\/#organization\",\"name\":\"Mivoot Guatemala\",\"alternateName\":\"mivoot.com\",\"url\":\"https:\/\/mivoot.com\/gt\/\",\"logo\":{\"@type\":\"ImageObject\",\"inLanguage\":\"es\",\"@id\":\"https:\/\/mivoot.com\/gt\/#\/schema\/logo\/image\/\",\"url\":\"https:\/\/mivoot.com\/gt\/wp-content\/uploads\/2023\/03\/cropped-icon.png\",\"contentUrl\":\"https:\/\/mivoot.com\/gt\/wp-content\/uploads\/2023\/03\/cropped-icon.png\",\"width\":512,\"height\":512,\"caption\":\"Mivoot Guatemala\"},\"image\":{\"@id\":\"https:\/\/mivoot.com\/gt\/#\/schema\/logo\/image\/\"},\"sameAs\":[\"https:\/\/www.facebook.com\/mivootgt\",\"https:\/\/instagram.com\/mivoot\"]}]}<\/script>\n<!-- \/ Yoast SEO Premium plugin. -->","yoast_head_json":{"title":"Teclado con Lector de Tarjetas de CHIP KC 1000 SC Cherry - Mivoot","robots":{"index":"index","follow":"follow","max-snippet":"max-snippet:-1","max-image-preview":"max-image-preview:large","max-video-preview":"max-video-preview:-1"},"canonical":"https:\/\/mivoot.com\/gt\/producto\/teclado-con-lector-de-tarjetas-de-chip-kc-1000-sc-cherry\/","og_locale":"es_ES","og_type":"article","og_title":"Teclado con Lector de Tarjetas de CHIP KC 1000 SC Cherry","og_description":"- Teclado de seguridad inteligente con cable y terminal de tarjeta inteligente integrado - Color: Negro - Conectividad: USB - Tecnolog\u00eda: Al\u00e1mbrico - Dise\u00f1o: QWERTY - Dise\u00f1o plano, baja unidad de contacto con la tarjeta inteligente - Teclado num\u00e9rico: Si - Teclado, cantidad de teclas: 105 - Vida \u00fatil de las teclas del teclado: 10 mill\u00f3n de caracteres - Teclas de Windows: Si - Teclas de acceso directo: Si - N\u00famero de teclas de acceso r\u00e1pido: 4 - Compatible con controladores para Windows\/MacOS-X\/Linux","og_url":"https:\/\/mivoot.com\/gt\/producto\/teclado-con-lector-de-tarjetas-de-chip-kc-1000-sc-cherry\/","og_site_name":"Mivoot","article_publisher":"https:\/\/www.facebook.com\/mivootgt","article_modified_time":"2025-03-04T01:52:49+00:00","og_image":[{"width":2560,"height":2560,"url":"https:\/\/mivoot.com\/gt\/wp-content\/uploads\/2025\/03\/JK-A0100US-2-05.jpg","type":"image\/jpeg"}],"twitter_card":"summary_large_image","twitter_misc":{"Est. reading time":"2 minutos"},"schema":{"@context":"https:\/\/schema.org","@graph":[{"@type":"WebPage","@id":"https:\/\/mivoot.com\/gt\/producto\/teclado-con-lector-de-tarjetas-de-chip-kc-1000-sc-cherry\/","url":"https:\/\/mivoot.com\/gt\/producto\/teclado-con-lector-de-tarjetas-de-chip-kc-1000-sc-cherry\/","name":"Teclado con Lector de Tarjetas de CHIP KC 1000 SC Cherry - Mivoot","isPartOf":{"@id":"https:\/\/mivoot.com\/gt\/#website"},"primaryImageOfPage":{"@id":"https:\/\/mivoot.com\/gt\/producto\/teclado-con-lector-de-tarjetas-de-chip-kc-1000-sc-cherry\/#primaryimage"},"image":{"@id":"https:\/\/mivoot.com\/gt\/producto\/teclado-con-lector-de-tarjetas-de-chip-kc-1000-sc-cherry\/#primaryimage"},"thumbnailUrl":"https:\/\/mivoot.com\/gt\/wp-content\/uploads\/2025\/03\/JK-A0100US-2-05.jpg","datePublished":"2025-03-04T01:52:47+00:00","dateModified":"2025-03-04T01:52:49+00:00","breadcrumb":{"@id":"https:\/\/mivoot.com\/gt\/producto\/teclado-con-lector-de-tarjetas-de-chip-kc-1000-sc-cherry\/#breadcrumb"},"inLanguage":"es","potentialAction":[{"@type":"ReadAction","target":["https:\/\/mivoot.com\/gt\/producto\/teclado-con-lector-de-tarjetas-de-chip-kc-1000-sc-cherry\/"]}]},{"@type":"ImageObject","inLanguage":"es","@id":"https:\/\/mivoot.com\/gt\/producto\/teclado-con-lector-de-tarjetas-de-chip-kc-1000-sc-cherry\/#primaryimage","url":"https:\/\/mivoot.com\/gt\/wp-content\/uploads\/2025\/03\/JK-A0100US-2-05.jpg","contentUrl":"https:\/\/mivoot.com\/gt\/wp-content\/uploads\/2025\/03\/JK-A0100US-2-05.jpg","width":2560,"height":2560,"caption":"Version 1.0.0"},{"@type":"BreadcrumbList","@id":"https:\/\/mivoot.com\/gt\/producto\/teclado-con-lector-de-tarjetas-de-chip-kc-1000-sc-cherry\/#breadcrumb","itemListElement":[{"@type":"ListItem","position":1,"name":"Inicio","item":"https:\/\/mivoot.com\/gt\/"},{"@type":"ListItem","position":2,"name":"Productos","item":"https:\/\/mivoot.com\/gt\/producto\/"},{"@type":"ListItem","position":3,"name":"Cherry","item":"https:\/\/mivoot.com\/gt\/marca\/cherry\/"},{"@type":"ListItem","position":4,"name":"Teclado con Lector de Tarjetas de CHIP KC 1000 SC Cherry"}]},{"@type":"WebSite","@id":"https:\/\/mivoot.com\/gt\/#website","url":"https:\/\/mivoot.com\/gt\/","name":"Mivoot","description":"Mivoot Guatemala | Tienda Online","publisher":{"@id":"https:\/\/mivoot.com\/gt\/#organization"},"alternateName":"mivoot","potentialAction":[{"@type":"SearchAction","target":{"@type":"EntryPoint","urlTemplate":"https:\/\/mivoot.com\/gt\/?s={search_term_string}"},"query-input":{"@type":"PropertyValueSpecification","valueRequired":true,"valueName":"search_term_string"}}],"inLanguage":"es"},{"@type":"Organization","@id":"https:\/\/mivoot.com\/gt\/#organization","name":"Mivoot Guatemala","alternateName":"mivoot.com","url":"https:\/\/mivoot.com\/gt\/","logo":{"@type":"ImageObject","inLanguage":"es","@id":"https:\/\/mivoot.com\/gt\/#\/schema\/logo\/image\/","url":"https:\/\/mivoot.com\/gt\/wp-content\/uploads\/2023\/03\/cropped-icon.png","contentUrl":"https:\/\/mivoot.com\/gt\/wp-content\/uploads\/2023\/03\/cropped-icon.png","width":512,"height":512,"caption":"Mivoot Guatemala"},"image":{"@id":"https:\/\/mivoot.com\/gt\/#\/schema\/logo\/image\/"},"sameAs":["https:\/\/www.facebook.com\/mivootgt","https:\/\/instagram.com\/mivoot"]}]}},"jetpack_publicize_connections":[],"jetpack_sharing_enabled":true,"brands":[{"id":606,"name":"Cherry","slug":"cherry"}],"_links":{"self":[{"href":"https:\/\/mivoot.com\/gt\/wp-json\/wp\/v2\/product\/26711","targetHints":{"allow":["GET"]}}],"collection":[{"href":"https:\/\/mivoot.com\/gt\/wp-json\/wp\/v2\/product"}],"about":[{"href":"https:\/\/mivoot.com\/gt\/wp-json\/wp\/v2\/types\/product"}],"replies":[{"embeddable":true,"href":"https:\/\/mivoot.com\/gt\/wp-json\/wp\/v2\/comments?post=26711"}],"version-history":[{"count":1,"href":"https:\/\/mivoot.com\/gt\/wp-json\/wp\/v2\/product\/26711\/revisions"}],"predecessor-version":[{"id":26717,"href":"https:\/\/mivoot.com\/gt\/wp-json\/wp\/v2\/product\/26711\/revisions\/26717"}],"wp:featuredmedia":[{"embeddable":true,"href":"https:\/\/mivoot.com\/gt\/wp-json\/wp\/v2\/media\/26716"}],"wp:attachment":[{"href":"https:\/\/mivoot.com\/gt\/wp-json\/wp\/v2\/media?parent=26711"}],"wp:term":[{"taxonomy":"pwb-brand","embeddable":true,"href":"https:\/\/mivoot.com\/gt\/wp-json\/wp\/v2\/pwb-brand?post=26711"},{"taxonomy":"product_brand","embeddable":true,"href":"https:\/\/mivoot.com\/gt\/wp-json\/wp\/v2\/product_brand?post=26711"},{"taxonomy":"product_cat","embeddable":true,"href":"https:\/\/mivoot.com\/gt\/wp-json\/wp\/v2\/product_cat?post=26711"},{"taxonomy":"product_tag","embeddable":true,"href":"https:\/\/mivoot.com\/gt\/wp-json\/wp\/v2\/product_tag?post=26711"}],"curies":[{"name":"wp","href":"https:\/\/api.w.org\/{rel}","templated":true}]}}