{"id":26718,"date":"2025-03-03T20:05:51","date_gmt":"2025-03-04T02:05:51","guid":{"rendered":"https:\/\/mivoot.com\/gt\/?post_type=product&#038;p=26718"},"modified":"2025-03-06T15:47:23","modified_gmt":"2025-03-06T21:47:23","slug":"impresora-de-recibos-robusta-impermeable-serial-usb-ethernet-srp-f310ii-bixolon","status":"publish","type":"product","link":"https:\/\/mivoot.com\/gt\/producto\/impresora-de-recibos-robusta-impermeable-serial-usb-ethernet-srp-f310ii-bixolon\/","title":{"rendered":"Impresora de Recibos Robusta Impermeable Serial USB Ethernet SRP-F310II Bixolon"},"content":{"rendered":"<div class=\"col-md-5 col-sm-7 no-padding\">\n<h1 style=\"text-align: center;\">Impresora de Recibos Robusta Serial USB Ethernet SRP-F310II Bixolon<\/h1>\n<p>La impresora SRP-F310II incluye la interfaz All in one Plus\u2122 con conectividad USB y Ethernet de serie, y conectividad serie, paralela, USB alimentado, Bluetooth o WLAN opcionales. Ofrece compatibilidad con los principales lenguajes de programaci\u00f3n del mercado con una amplia gama de controladores y SDK (kits de desarrollo de software).<\/p>\n<div class=\"elementor-element elementor-element-8f7c6c4 elementor-widget elementor-widget-heading\" data-id=\"8f7c6c4\" data-element_type=\"widget\" data-widget_type=\"heading.default\">\n<div class=\"elementor-widget-container\">\n<h2 class=\"elementor-heading-title elementor-size-default\">Caracter\u00edsticas<\/h2>\n<\/div>\n<\/div>\n<div class=\"elementor-element elementor-element-4a15a43 elementor-widget elementor-widget-shortcode\" data-id=\"4a15a43\" data-element_type=\"widget\" data-widget_type=\"shortcode.default\">\n<div class=\"elementor-widget-container\">\n<div class=\"features_container\">\n<div class=\"features_inner\">\n<div class=\"feature\"><img fetchpriority=\"high\" decoding=\"async\" class=\"aligncenter\" src=\"https:\/\/bixoloneu.com\/wp-content\/uploads\/2020\/11\/F310II-Feat-1.webp\" width=\"754\" height=\"370\" \/><\/p>\n<h4 class=\"feature_title\">Resistencia ambiental<\/h4>\n<ul>\n<li>\u2013 La tecnolog\u00eda Liquid-Barrier\u2122 da lugar a una soluci\u00f3n de impresi\u00f3n real resistente al agua y al polvo (certificaci\u00f3n IP12)<\/li>\n<li>\u2013 Fuente de alimentaci\u00f3n integrada que permite ahorrar espacio y protege la impresora del agua<\/li>\n<\/ul>\n<\/div>\n<div class=\"feature\"><img decoding=\"async\" class=\"aligncenter\" src=\"https:\/\/bixoloneu.com\/wp-content\/uploads\/2020\/11\/F310II-Feat-2.webp\" width=\"754\" height=\"370\" \/><\/p>\n<h4 class=\"feature_title\">Continuidad empresarial garantizada<\/h4>\n<ul>\n<li>\u2013 TPH de 250 km de gran fiabilidad con una opci\u00f3n de corte autom\u00e1tico que garantiza hasta 3 millones de cortes<\/li>\n<li>\u2013 R\u00e1pida velocidad de impresi\u00f3n de hasta 350\u00a0mm\/s,<br \/>\n(un 29 % m\u00e1s r\u00e1pida que la SRP-F310)<\/li>\n<li>\u2013 Interfaz All in one Plus\u2122 (USB V2.0 + Ethernet integrados) + Serie, USB alimentado, Bluetooth\u00a05.0 (con certificaci\u00f3n MFi) o WLAN de doble banda (2,4\u00a0GHz y 5\u00a0GHz)<\/li>\n<\/ul>\n<\/div>\n<div class=\"feature\"><img decoding=\"async\" class=\"aligncenter\" src=\"https:\/\/bixoloneu.com\/wp-content\/uploads\/2020\/11\/F310II-Feat-3.webp\" width=\"754\" height=\"370\" \/><\/p>\n<h4 class=\"feature_title\">TCO bajo<\/h4>\n<ul>\n<li>\u2013 Modo de ahorro de papel compatible<\/li>\n<li>\u2013 Uso de tecnolog\u00eda ecol\u00f3gica de bajo consumo energ\u00e9tico<\/li>\n<li>\u2013 Certificaci\u00f3n Energy Star<\/li>\n<\/ul>\n<\/div>\n<\/div>\n<\/div>\n<\/div>\n<\/div>\n<\/div>\n<p><span style=\"font-size: 23.04px; color: #333333;\">Especificaciones<\/span><\/p>\n<div class=\"elementor-element elementor-element-04180d2 elementor-widget elementor-widget-shortcode\" data-id=\"04180d2\" data-element_type=\"widget\" data-widget_type=\"shortcode.default\">\n<div class=\"elementor-widget-container\">\n<div class=\"specifications_container\">\n<table class=\"specifications_table\">\n<tbody>\n<tr>\n<td>Caracter\u00edsticas de impresi\u00f3n<\/td>\n<td><\/td>\n<\/tr>\n<tr>\n<td>M\u00e9todo de impresi\u00f3n<\/td>\n<td>T\u00e9rmica directa (salida frontal)<\/td>\n<\/tr>\n<tr>\n<td>Velocidad de impresi\u00f3n<\/td>\n<td>Hasta 350\u00a0mm\/s<\/td>\n<\/tr>\n<tr>\n<td>Resoluci\u00f3n de impresi\u00f3n<\/td>\n<td>&#8220;SRP-F310II: 180\u00a0ppp (512 puntos)SRP-F312II: 203\u00a0ppp (576 puntos)SRP-F313II: 203\u00a0ppp (640 puntos)&#8221;<\/td>\n<\/tr>\n<tr>\n<td>Ancho de impresi\u00f3n<\/td>\n<td>&#8220;SRP-F310II: Hasta 72\u00a0mmSRP-F312II: Hasta 72\u00a0mmSRP-F313II: Hasta 80\u00a0mm&#8221;<\/td>\n<\/tr>\n<tr>\n<td>Sensor<\/td>\n<td>Papel agotado, papel a punto de agotarse, cubierta abierta<\/td>\n<\/tr>\n<tr>\n<td>Caracter\u00edsticas de papel<\/td>\n<td><\/td>\n<\/tr>\n<tr>\n<td>Tipo de papel<\/td>\n<td>Recibos<\/td>\n<\/tr>\n<tr>\n<td>Ancho de papel<\/td>\n<td>&#8220;80\u00a0mmOpcional: 83\u00a0mm&#8221;<\/td>\n<\/tr>\n<tr>\n<td>Di\u00e1metro de rollo de papel<\/td>\n<td>Hasta 105\u00a0mm<\/td>\n<\/tr>\n<tr>\n<td>Grosor de papel<\/td>\n<td>0,05\u00a0~\u00a00,08\u00a0mm<\/td>\n<\/tr>\n<tr>\n<td>M\u00e9todo de suministro<\/td>\n<td>Carga de papel sencilla<\/td>\n<\/tr>\n<tr>\n<td>Caracter\u00edsticas f\u00edsicas<\/td>\n<td><\/td>\n<\/tr>\n<tr>\n<td>&#8220;Dimensiones(an\u00a0\u00d7\u00a0pr\u00a0\u00d7\u00a0al)&#8221;<\/td>\n<td>&#8220;154\u00a0x\u00a0203\u00a0x\u00a0148\u00a0mm(6,06\u00a0\u00d7\u00a07,99\u00a0\u00d7\u00a05,82\u00a0pulgadas)&#8221;<\/td>\n<\/tr>\n<tr>\n<td>Peso<\/td>\n<td>2\u00a0kg (4,40\u00a0libras)<\/td>\n<\/tr>\n<tr>\n<td>Componentes el\u00e9ctricos<\/td>\n<td>Certificaci\u00f3n Energy Star, fuente de alimentaci\u00f3n externa alojada en el interior, (adaptador 24\u00a0V\/2,5\u00a0A), 50\/60\u00a0Hz<\/td>\n<\/tr>\n<tr>\n<td>Puerto de caj\u00f3n<\/td>\n<td>2 puertos (a trav\u00e9s de adaptador de tipo y)<\/td>\n<\/tr>\n<tr>\n<td>Caracter\u00edsticas de rendimiento<\/td>\n<td><\/td>\n<\/tr>\n<tr>\n<td>Memoria<\/td>\n<td>&#8211;<\/td>\n<\/tr>\n<tr>\n<td>Memoria de im\u00e1genes NV<\/td>\n<td>768\u00a0KB (monocromo)<\/td>\n<\/tr>\n<tr>\n<td>B\u00fafer de recepci\u00f3n<\/td>\n<td>4\u00a0KB<\/td>\n<\/tr>\n<tr>\n<td>B\u00fafer definido por el usuario<\/td>\n<td>12\u00a0KB<\/td>\n<\/tr>\n<tr>\n<td>Conexi\u00f3n<\/td>\n<td>&#8220;De serie: USB V 2.0 FS + Ethernet Opcional: USB V 2.0 FS + Ethernet +USB alimentado\/serie\/serial dual\/paralelo\/WLAN\u00b9\/BluetoothSRP-F310IIHi (interfaz de concentrador B-gate): 3 puertos USB host (V 2.0 HS) + 1 puerto de dispositivo (V 2.0 HS) + 1 puerto USB host con carga + Ethernet + WLAN\u00b2&#8212;&#8212;&#8212;&#8212;&#8212;&#8212;&#8212;&#8212;&#8212;&#8212;&#8212;&#8212;&#8212;&#8212;&#8212;&#8212;WLAN\u00b9: 802.11a\/ac\/b\/g\/n (2,4\u00a0G y 5\u00a0G)WLAN\u00b2: USB 802.11a\/ac\/b\/g\/n (2,4\u00a0G y 5\u00a0G) tipo dongle (opcional)Bluetooth: V4.2 cl\u00e1sico\/bajo consumo, clase 1, certificaci\u00f3n MFi&#8221;<\/td>\n<\/tr>\n<tr>\n<td>Caracter\u00edsticas ambientales<\/td>\n<td><\/td>\n<\/tr>\n<tr>\n<td>Temperatura<\/td>\n<td>&#8220;De funcionamiento: 0 ~ 40\u2103 (32 ~ 104\u2109)De almacenamiento: -20 ~ 60\u2103 (-4 ~ 140\u2109)&#8221;<\/td>\n<\/tr>\n<tr>\n<td>Humedad<\/td>\n<td>&#8220;De funcionamiento: 10\u00a0%\u00a0~\u00a080\u00a0% de HRDe almacenamiento: 10\u00a0%\u00a0~\u00a090\u00a0% de HR&#8221;<\/td>\n<\/tr>\n<tr>\n<td>Fiabilidad<\/td>\n<td><\/td>\n<\/tr>\n<tr>\n<td>Cabezal t\u00e9rmico de impresi\u00f3n (TPH)<\/td>\n<td>250\u00a0km***<\/td>\n<\/tr>\n<tr>\n<td>Corte autom\u00e1tico<\/td>\n<td>3 millones de cortes***<\/td>\n<\/tr>\n<tr>\n<td>***\u00a0Papel especificado<\/td>\n<td>&#8221; &#8211; TF50KS-E (grosor del papel: 65\u00a0\u03bcm) : Nippon Paper industries Co., Ltd. &#8211; PD 150R (grosor del papel: 75\u00a0\u03bcm) : New Oji Paper Mfg, Co., Ltd. &#8211; PD 160R (grosor del papel: 75\u00a0\u03bcm) : New Oji Paper Mfg, Co., Ltd. &#8211; P350 (grosor del papel: 62 \u03bcm) : Kansaki Specialty Paper, Inc. (EE.\u00a0UU.)&#8221;<\/td>\n<\/tr>\n<tr>\n<td>Software<\/td>\n<td><\/td>\n<\/tr>\n<tr>\n<td>Emulaci\u00f3n<\/td>\n<td>BXL\/POS<\/td>\n<\/tr>\n<tr>\n<td>Controlador\/utilidad<\/td>\n<td>&#8220;Controlador WindowsControlador OPOS\/JPOSControlador Linux\/Mac CUPSControlador Virtual COM USB\/EthernetUtility ProgramSRP-F310IIHi: Utility Program&#8221;<\/td>\n<\/tr>\n<tr>\n<td>SDK\/Complemento<\/td>\n<td>&#8220;Android\/iOS\/Windows SDKLinux SDKXamarin SDKChrome SDKComplemento CordovaSRP-F310IIHi: B-gate iOS\/Android\/Windows SDK Chrome SDK, B-gate SDK_Impresi\u00f3n a trav\u00e9s de servidor en la nube, B-gate SDK_Impresi\u00f3n a trav\u00e9s de la aplicaci\u00f3n web&#8221;<\/td>\n<\/tr>\n<tr>\n<td>Aplicaci\u00f3n<\/td>\n<td>&#8220;Aplicaci\u00f3n mPrint (iOS)Servidor de mPrint (Windows, iOS) &#8220;<\/td>\n<\/tr>\n<tr>\n<td>MDM (opcional)<\/td>\n<td>Administrador de perfiles BIXOLON &#8211; XPM\u2122, XCM\u2122 (Windows, Android)<\/td>\n<\/tr>\n<tr>\n<td>Fuentes\/Gr\u00e1ficos\/Simbolog\u00edas<\/td>\n<td><\/td>\n<\/tr>\n<tr>\n<td>Tama\u00f1o de caracteres<\/td>\n<td>&#8220;Fuente A: 12\u00a0\u00d7\u00a024 Fuente B: 9\u00d717 Fuente C: 9\u00d724KOR, CHN, JPN: 24\u00a0\u00d7\u00a024&#8221;<\/td>\n<\/tr>\n<tr>\n<td>Caracteres por l\u00ednea<\/td>\n<td>&#8220;SRP-F310II: Fuente A: 42 Fuente B, C: 56KOR, CHN, JPN: 21SRP-F312II: Fuente A: 48 Fuente B, C: 64KOR, CHN, JPN: 24SRP-F313II: Fuente A: 53 Fuente B, C: 71KOR, CHN, JPN: 26&#8221;<\/td>\n<\/tr>\n<tr>\n<td>Conjuntos de caracteres<\/td>\n<td>&#8220;Alfanum\u00e9rico: 95Gr\u00e1ficos ampliados: p\u00e1gina de 128\u00a0\u00d7\u00a035Internacional: 32&#8221;<\/td>\n<\/tr>\n<tr>\n<td>Gr\u00e1ficos<\/td>\n<td>Compatibilidad con fuentes, gr\u00e1ficos, formatos y logotipos definidos por el usuario<\/td>\n<\/tr>\n<tr>\n<td>Simbolog\u00edas de c\u00f3digos de barras<\/td>\n<td>&#8220;1D: Codabar, Code 39, Code 93, Code 128, EAN-8, EAN-13, ITF, UPC-A, UPC-E 2D: Data Matrix, PDF417, c\u00f3digo QR&#8221;<\/td>\n<\/tr>\n<tr>\n<td>Accesorios<\/td>\n<td><\/td>\n<\/tr>\n<tr>\n<td>De serie<\/td>\n<td>Partici\u00f3n de 3\u00a0pulgadas (83\u00a0mm)<\/td>\n<\/tr>\n<tr>\n<td>Opcional<\/td>\n<td>&#8220;Zumbador externo, B-Melodist,Cable USB A-B 1,8\u00a0m, USB para cable de serie, WLAN tipo dongle,USB alimentado 0,5\u00a0m, USB alimentado 1,2\u00a0m&#8221;<\/td>\n<\/tr>\n<\/tbody>\n<\/table>\n<\/div>\n<\/div>\n<\/div>\n<div class=\"col-md-4 col-md-offset-3 col-sm-5 col-sm-offset-0 no-padding hidden-xs\"><\/div>\n","protected":false},"excerpt":{"rendered":"<p>&#8211; M\u00e9todo de impresi\u00f3n T\u00e9rmica directa (salida frontal)<br \/>\n&#8211; Velocidad de impresi\u00f3n hasta 350\u00a0mm\/s<br \/>\n&#8211; Impermeable resistente al agua<br \/>\n&#8211; Tipo de papel\tRecibos<br \/>\n&#8211; Ancho de papel 80\u00a0mm<br \/>\n&#8211; Cabezal t\u00e9rmico de impresi\u00f3n (TPH) 250\u00a0km<br \/>\n&#8211; Serial USB Ethernet<\/p>\n","protected":false},"featured_media":26722,"comment_status":"open","ping_status":"closed","template":"","meta":{"jetpack_publicize_message":"","jetpack_publicize_feature_enabled":true,"jetpack_social_post_already_shared":true,"jetpack_social_options":{"image_generator_settings":{"template":"highway","default_image_id":0,"font":"","enabled":false},"version":2}},"pwb-brand":[607],"product_brand":[],"product_cat":[174,305],"product_tag":[],"class_list":{"0":"post-26718","1":"product","2":"type-product","3":"status-publish","4":"has-post-thumbnail","6":"pwb-brand-bixolon","7":"product_cat-imptermica","8":"product_cat-impresoratermicarecibos","10":"first","11":"instock","12":"taxable","13":"shipping-taxable","14":"purchasable","15":"product-type-simple"},"yoast_head":"<!-- This site is optimized with the Yoast SEO Premium plugin v25.7.1 (Yoast SEO v26.8) - https:\/\/yoast.com\/product\/yoast-seo-premium-wordpress\/ -->\n<title>Impresora de Recibos Robusta Impermeable Serial USB Ethernet SRP-F310II Bixolon - Mivoot<\/title>\n<meta name=\"robots\" content=\"index, follow, max-snippet:-1, max-image-preview:large, max-video-preview:-1\" \/>\n<link rel=\"canonical\" href=\"https:\/\/mivoot.com\/gt\/producto\/impresora-de-recibos-robusta-impermeable-serial-usb-ethernet-srp-f310ii-bixolon\/\" \/>\n<meta property=\"og:locale\" content=\"es_ES\" \/>\n<meta property=\"og:type\" content=\"article\" \/>\n<meta property=\"og:title\" content=\"Impresora de Recibos Robusta Impermeable Serial USB Ethernet SRP-F310II Bixolon\" \/>\n<meta property=\"og:description\" content=\"- M\u00e9todo de impresi\u00f3n T\u00e9rmica directa (salida frontal) - Velocidad de impresi\u00f3n hasta 350\u00a0mm\/s - Impermeable resistente al agua - Tipo de papel Recibos - Ancho de papel 80\u00a0mm - Cabezal t\u00e9rmico de impresi\u00f3n (TPH) 250\u00a0km - Serial USB Ethernet\" \/>\n<meta property=\"og:url\" content=\"https:\/\/mivoot.com\/gt\/producto\/impresora-de-recibos-robusta-impermeable-serial-usb-ethernet-srp-f310ii-bixolon\/\" \/>\n<meta property=\"og:site_name\" content=\"Mivoot\" \/>\n<meta property=\"article:publisher\" content=\"https:\/\/www.facebook.com\/mivootgt\" \/>\n<meta property=\"article:modified_time\" content=\"2025-03-06T21:47:23+00:00\" \/>\n<meta property=\"og:image\" content=\"https:\/\/mivoot.com\/gt\/wp-content\/uploads\/2025\/03\/SRP-F310II-02.webp\" \/>\n\t<meta property=\"og:image:width\" content=\"800\" \/>\n\t<meta property=\"og:image:height\" content=\"800\" \/>\n\t<meta property=\"og:image:type\" content=\"image\/webp\" \/>\n<meta name=\"twitter:card\" content=\"summary_large_image\" \/>\n<meta name=\"twitter:label1\" content=\"Est. reading time\" \/>\n\t<meta name=\"twitter:data1\" content=\"5 minutos\" \/>\n<script type=\"application\/ld+json\" class=\"yoast-schema-graph\">{\"@context\":\"https:\/\/schema.org\",\"@graph\":[{\"@type\":\"WebPage\",\"@id\":\"https:\/\/mivoot.com\/gt\/producto\/impresora-de-recibos-robusta-impermeable-serial-usb-ethernet-srp-f310ii-bixolon\/\",\"url\":\"https:\/\/mivoot.com\/gt\/producto\/impresora-de-recibos-robusta-impermeable-serial-usb-ethernet-srp-f310ii-bixolon\/\",\"name\":\"Impresora de Recibos Robusta Impermeable Serial USB Ethernet SRP-F310II Bixolon - Mivoot\",\"isPartOf\":{\"@id\":\"https:\/\/mivoot.com\/gt\/#website\"},\"primaryImageOfPage\":{\"@id\":\"https:\/\/mivoot.com\/gt\/producto\/impresora-de-recibos-robusta-impermeable-serial-usb-ethernet-srp-f310ii-bixolon\/#primaryimage\"},\"image\":{\"@id\":\"https:\/\/mivoot.com\/gt\/producto\/impresora-de-recibos-robusta-impermeable-serial-usb-ethernet-srp-f310ii-bixolon\/#primaryimage\"},\"thumbnailUrl\":\"https:\/\/mivoot.com\/gt\/wp-content\/uploads\/2025\/03\/SRP-F310II-02.webp\",\"datePublished\":\"2025-03-04T02:05:51+00:00\",\"dateModified\":\"2025-03-06T21:47:23+00:00\",\"breadcrumb\":{\"@id\":\"https:\/\/mivoot.com\/gt\/producto\/impresora-de-recibos-robusta-impermeable-serial-usb-ethernet-srp-f310ii-bixolon\/#breadcrumb\"},\"inLanguage\":\"es\",\"potentialAction\":[{\"@type\":\"ReadAction\",\"target\":[\"https:\/\/mivoot.com\/gt\/producto\/impresora-de-recibos-robusta-impermeable-serial-usb-ethernet-srp-f310ii-bixolon\/\"]}]},{\"@type\":\"ImageObject\",\"inLanguage\":\"es\",\"@id\":\"https:\/\/mivoot.com\/gt\/producto\/impresora-de-recibos-robusta-impermeable-serial-usb-ethernet-srp-f310ii-bixolon\/#primaryimage\",\"url\":\"https:\/\/mivoot.com\/gt\/wp-content\/uploads\/2025\/03\/SRP-F310II-02.webp\",\"contentUrl\":\"https:\/\/mivoot.com\/gt\/wp-content\/uploads\/2025\/03\/SRP-F310II-02.webp\",\"width\":800,\"height\":800},{\"@type\":\"BreadcrumbList\",\"@id\":\"https:\/\/mivoot.com\/gt\/producto\/impresora-de-recibos-robusta-impermeable-serial-usb-ethernet-srp-f310ii-bixolon\/#breadcrumb\",\"itemListElement\":[{\"@type\":\"ListItem\",\"position\":1,\"name\":\"Inicio\",\"item\":\"https:\/\/mivoot.com\/gt\/\"},{\"@type\":\"ListItem\",\"position\":2,\"name\":\"Productos\",\"item\":\"https:\/\/mivoot.com\/gt\/producto\/\"},{\"@type\":\"ListItem\",\"position\":3,\"name\":\"Bixolon\",\"item\":\"https:\/\/mivoot.com\/gt\/marca\/bixolon\/\"},{\"@type\":\"ListItem\",\"position\":4,\"name\":\"Impresora de Recibos Robusta Impermeable Serial USB Ethernet SRP-F310II Bixolon\"}]},{\"@type\":\"WebSite\",\"@id\":\"https:\/\/mivoot.com\/gt\/#website\",\"url\":\"https:\/\/mivoot.com\/gt\/\",\"name\":\"Mivoot\",\"description\":\"Mivoot Guatemala | Tienda Online\",\"publisher\":{\"@id\":\"https:\/\/mivoot.com\/gt\/#organization\"},\"alternateName\":\"mivoot\",\"potentialAction\":[{\"@type\":\"SearchAction\",\"target\":{\"@type\":\"EntryPoint\",\"urlTemplate\":\"https:\/\/mivoot.com\/gt\/?s={search_term_string}\"},\"query-input\":{\"@type\":\"PropertyValueSpecification\",\"valueRequired\":true,\"valueName\":\"search_term_string\"}}],\"inLanguage\":\"es\"},{\"@type\":\"Organization\",\"@id\":\"https:\/\/mivoot.com\/gt\/#organization\",\"name\":\"Mivoot Guatemala\",\"alternateName\":\"mivoot.com\",\"url\":\"https:\/\/mivoot.com\/gt\/\",\"logo\":{\"@type\":\"ImageObject\",\"inLanguage\":\"es\",\"@id\":\"https:\/\/mivoot.com\/gt\/#\/schema\/logo\/image\/\",\"url\":\"https:\/\/mivoot.com\/gt\/wp-content\/uploads\/2023\/03\/cropped-icon.png\",\"contentUrl\":\"https:\/\/mivoot.com\/gt\/wp-content\/uploads\/2023\/03\/cropped-icon.png\",\"width\":512,\"height\":512,\"caption\":\"Mivoot Guatemala\"},\"image\":{\"@id\":\"https:\/\/mivoot.com\/gt\/#\/schema\/logo\/image\/\"},\"sameAs\":[\"https:\/\/www.facebook.com\/mivootgt\",\"https:\/\/instagram.com\/mivoot\"]}]}<\/script>\n<!-- \/ Yoast SEO Premium plugin. -->","yoast_head_json":{"title":"Impresora de Recibos Robusta Impermeable Serial USB Ethernet SRP-F310II Bixolon - Mivoot","robots":{"index":"index","follow":"follow","max-snippet":"max-snippet:-1","max-image-preview":"max-image-preview:large","max-video-preview":"max-video-preview:-1"},"canonical":"https:\/\/mivoot.com\/gt\/producto\/impresora-de-recibos-robusta-impermeable-serial-usb-ethernet-srp-f310ii-bixolon\/","og_locale":"es_ES","og_type":"article","og_title":"Impresora de Recibos Robusta Impermeable Serial USB Ethernet SRP-F310II Bixolon","og_description":"- M\u00e9todo de impresi\u00f3n T\u00e9rmica directa (salida frontal) - Velocidad de impresi\u00f3n hasta 350\u00a0mm\/s - Impermeable resistente al agua - Tipo de papel Recibos - Ancho de papel 80\u00a0mm - Cabezal t\u00e9rmico de impresi\u00f3n (TPH) 250\u00a0km - Serial USB Ethernet","og_url":"https:\/\/mivoot.com\/gt\/producto\/impresora-de-recibos-robusta-impermeable-serial-usb-ethernet-srp-f310ii-bixolon\/","og_site_name":"Mivoot","article_publisher":"https:\/\/www.facebook.com\/mivootgt","article_modified_time":"2025-03-06T21:47:23+00:00","og_image":[{"width":800,"height":800,"url":"https:\/\/mivoot.com\/gt\/wp-content\/uploads\/2025\/03\/SRP-F310II-02.webp","type":"image\/webp"}],"twitter_card":"summary_large_image","twitter_misc":{"Est. reading time":"5 minutos"},"schema":{"@context":"https:\/\/schema.org","@graph":[{"@type":"WebPage","@id":"https:\/\/mivoot.com\/gt\/producto\/impresora-de-recibos-robusta-impermeable-serial-usb-ethernet-srp-f310ii-bixolon\/","url":"https:\/\/mivoot.com\/gt\/producto\/impresora-de-recibos-robusta-impermeable-serial-usb-ethernet-srp-f310ii-bixolon\/","name":"Impresora de Recibos Robusta Impermeable Serial USB Ethernet SRP-F310II Bixolon - Mivoot","isPartOf":{"@id":"https:\/\/mivoot.com\/gt\/#website"},"primaryImageOfPage":{"@id":"https:\/\/mivoot.com\/gt\/producto\/impresora-de-recibos-robusta-impermeable-serial-usb-ethernet-srp-f310ii-bixolon\/#primaryimage"},"image":{"@id":"https:\/\/mivoot.com\/gt\/producto\/impresora-de-recibos-robusta-impermeable-serial-usb-ethernet-srp-f310ii-bixolon\/#primaryimage"},"thumbnailUrl":"https:\/\/mivoot.com\/gt\/wp-content\/uploads\/2025\/03\/SRP-F310II-02.webp","datePublished":"2025-03-04T02:05:51+00:00","dateModified":"2025-03-06T21:47:23+00:00","breadcrumb":{"@id":"https:\/\/mivoot.com\/gt\/producto\/impresora-de-recibos-robusta-impermeable-serial-usb-ethernet-srp-f310ii-bixolon\/#breadcrumb"},"inLanguage":"es","potentialAction":[{"@type":"ReadAction","target":["https:\/\/mivoot.com\/gt\/producto\/impresora-de-recibos-robusta-impermeable-serial-usb-ethernet-srp-f310ii-bixolon\/"]}]},{"@type":"ImageObject","inLanguage":"es","@id":"https:\/\/mivoot.com\/gt\/producto\/impresora-de-recibos-robusta-impermeable-serial-usb-ethernet-srp-f310ii-bixolon\/#primaryimage","url":"https:\/\/mivoot.com\/gt\/wp-content\/uploads\/2025\/03\/SRP-F310II-02.webp","contentUrl":"https:\/\/mivoot.com\/gt\/wp-content\/uploads\/2025\/03\/SRP-F310II-02.webp","width":800,"height":800},{"@type":"BreadcrumbList","@id":"https:\/\/mivoot.com\/gt\/producto\/impresora-de-recibos-robusta-impermeable-serial-usb-ethernet-srp-f310ii-bixolon\/#breadcrumb","itemListElement":[{"@type":"ListItem","position":1,"name":"Inicio","item":"https:\/\/mivoot.com\/gt\/"},{"@type":"ListItem","position":2,"name":"Productos","item":"https:\/\/mivoot.com\/gt\/producto\/"},{"@type":"ListItem","position":3,"name":"Bixolon","item":"https:\/\/mivoot.com\/gt\/marca\/bixolon\/"},{"@type":"ListItem","position":4,"name":"Impresora de Recibos Robusta Impermeable Serial USB Ethernet SRP-F310II Bixolon"}]},{"@type":"WebSite","@id":"https:\/\/mivoot.com\/gt\/#website","url":"https:\/\/mivoot.com\/gt\/","name":"Mivoot","description":"Mivoot Guatemala | Tienda Online","publisher":{"@id":"https:\/\/mivoot.com\/gt\/#organization"},"alternateName":"mivoot","potentialAction":[{"@type":"SearchAction","target":{"@type":"EntryPoint","urlTemplate":"https:\/\/mivoot.com\/gt\/?s={search_term_string}"},"query-input":{"@type":"PropertyValueSpecification","valueRequired":true,"valueName":"search_term_string"}}],"inLanguage":"es"},{"@type":"Organization","@id":"https:\/\/mivoot.com\/gt\/#organization","name":"Mivoot Guatemala","alternateName":"mivoot.com","url":"https:\/\/mivoot.com\/gt\/","logo":{"@type":"ImageObject","inLanguage":"es","@id":"https:\/\/mivoot.com\/gt\/#\/schema\/logo\/image\/","url":"https:\/\/mivoot.com\/gt\/wp-content\/uploads\/2023\/03\/cropped-icon.png","contentUrl":"https:\/\/mivoot.com\/gt\/wp-content\/uploads\/2023\/03\/cropped-icon.png","width":512,"height":512,"caption":"Mivoot Guatemala"},"image":{"@id":"https:\/\/mivoot.com\/gt\/#\/schema\/logo\/image\/"},"sameAs":["https:\/\/www.facebook.com\/mivootgt","https:\/\/instagram.com\/mivoot"]}]}},"jetpack_publicize_connections":[],"jetpack_sharing_enabled":true,"brands":[{"id":607,"name":"Bixolon","slug":"bixolon"}],"_links":{"self":[{"href":"https:\/\/mivoot.com\/gt\/wp-json\/wp\/v2\/product\/26718","targetHints":{"allow":["GET"]}}],"collection":[{"href":"https:\/\/mivoot.com\/gt\/wp-json\/wp\/v2\/product"}],"about":[{"href":"https:\/\/mivoot.com\/gt\/wp-json\/wp\/v2\/types\/product"}],"replies":[{"embeddable":true,"href":"https:\/\/mivoot.com\/gt\/wp-json\/wp\/v2\/comments?post=26718"}],"version-history":[{"count":1,"href":"https:\/\/mivoot.com\/gt\/wp-json\/wp\/v2\/product\/26718\/revisions"}],"predecessor-version":[{"id":26723,"href":"https:\/\/mivoot.com\/gt\/wp-json\/wp\/v2\/product\/26718\/revisions\/26723"}],"wp:featuredmedia":[{"embeddable":true,"href":"https:\/\/mivoot.com\/gt\/wp-json\/wp\/v2\/media\/26722"}],"wp:attachment":[{"href":"https:\/\/mivoot.com\/gt\/wp-json\/wp\/v2\/media?parent=26718"}],"wp:term":[{"taxonomy":"pwb-brand","embeddable":true,"href":"https:\/\/mivoot.com\/gt\/wp-json\/wp\/v2\/pwb-brand?post=26718"},{"taxonomy":"product_brand","embeddable":true,"href":"https:\/\/mivoot.com\/gt\/wp-json\/wp\/v2\/product_brand?post=26718"},{"taxonomy":"product_cat","embeddable":true,"href":"https:\/\/mivoot.com\/gt\/wp-json\/wp\/v2\/product_cat?post=26718"},{"taxonomy":"product_tag","embeddable":true,"href":"https:\/\/mivoot.com\/gt\/wp-json\/wp\/v2\/product_tag?post=26718"}],"curies":[{"name":"wp","href":"https:\/\/api.w.org\/{rel}","templated":true}]}}