{"id":26800,"date":"2025-03-17T17:27:08","date_gmt":"2025-03-17T23:27:08","guid":{"rendered":"https:\/\/mivoot.com\/gt\/?post_type=product&#038;p=26800"},"modified":"2025-03-17T17:27:10","modified_gmt":"2025-03-17T23:27:10","slug":"router-wifi-de-doble-banda-ac1200-tenda","status":"publish","type":"product","link":"https:\/\/mivoot.com\/gt\/producto\/router-wifi-de-doble-banda-ac1200-tenda\/","title":{"rendered":"Router WiFi de doble banda AC1200 Tenda"},"content":{"rendered":"<h1 style=\"text-align: center\"><span style=\"color: #f99b1c\"><strong>Router WiFi de doble banda AC1200<\/strong><\/span><\/h1>\n<h4 style=\"text-align: center\">Dise\u00f1ado para apartamentos medianos<\/h4>\n<p>&nbsp;<\/p>\n<p><img fetchpriority=\"high\" decoding=\"async\" class=\" wp-image-26801 aligncenter\" src=\"https:\/\/mivoot.com\/gt\/wp-content\/uploads\/2025\/03\/Captura-de-pantalla-2025-03-17-170625-300x266.png\" alt=\"\" width=\"642\" height=\"570\" srcset=\"https:\/\/mivoot.com\/gt\/wp-content\/uploads\/2025\/03\/Captura-de-pantalla-2025-03-17-170625-300x266.png 300w, https:\/\/mivoot.com\/gt\/wp-content\/uploads\/2025\/03\/Captura-de-pantalla-2025-03-17-170625-410x364.png 410w, https:\/\/mivoot.com\/gt\/wp-content\/uploads\/2025\/03\/Captura-de-pantalla-2025-03-17-170625-64x57.png 64w, https:\/\/mivoot.com\/gt\/wp-content\/uploads\/2025\/03\/Captura-de-pantalla-2025-03-17-170625.png 581w\" sizes=\"(max-width: 642px) 100vw, 642px\" \/><\/p>\n<p>&nbsp;<\/p>\n<h2><\/h2>\n<h2><strong><span style=\"color: #f99b1c\">Priorizaci\u00f3n de tr\u00e1fico inteligente<\/span><\/strong><\/h2>\n<p><img decoding=\"async\" class=\"alignright\" style=\"color: #555555;font-size: 14.4px\" src=\"https:\/\/pic.tendacn.com\/pro_pictures\/AC5V3\/3-1.png\" alt=\"AC23\" \/><\/p>\n<h4>Adopt\u00f3 la tecnolog\u00eda integrada de doble banda, combinando se\u00f1ales de 2,4 GHz y 5 GHz bajo un nombre WiFi.\u00a0Nuestro sistema de optimizaci\u00f3n din\u00e1mica asignar\u00e1 autom\u00e1ticamente la banda m\u00e1s r\u00e1pida a sus dispositivos.<\/h4>\n<p>&nbsp;<\/p>\n<h2><strong><span style=\"color: #f99b1c\">Configuraci\u00f3n en minutos<\/span><\/strong><\/h2>\n<h4>La funci\u00f3n de migraci\u00f3n de cuenta de banda ancha lo ayuda a transferir su cuenta desde el enrutador original, configur\u00e1ndose en minutos.<\/h4>\n<p>&nbsp;<\/p>\n<p>&nbsp;<\/p>\n<p><img decoding=\"async\" class=\"wp-image-26802 aligncenter\" src=\"https:\/\/mivoot.com\/gt\/wp-content\/uploads\/2025\/03\/Captura-de-pantalla-2025-03-17-171020-300x134.png\" alt=\"\" width=\"958\" height=\"428\" srcset=\"https:\/\/mivoot.com\/gt\/wp-content\/uploads\/2025\/03\/Captura-de-pantalla-2025-03-17-171020-300x134.png 300w, https:\/\/mivoot.com\/gt\/wp-content\/uploads\/2025\/03\/Captura-de-pantalla-2025-03-17-171020-410x183.png 410w, https:\/\/mivoot.com\/gt\/wp-content\/uploads\/2025\/03\/Captura-de-pantalla-2025-03-17-171020-64x29.png 64w, https:\/\/mivoot.com\/gt\/wp-content\/uploads\/2025\/03\/Captura-de-pantalla-2025-03-17-171020-768x342.png 768w, https:\/\/mivoot.com\/gt\/wp-content\/uploads\/2025\/03\/Captura-de-pantalla-2025-03-17-171020-600x267.png 600w, https:\/\/mivoot.com\/gt\/wp-content\/uploads\/2025\/03\/Captura-de-pantalla-2025-03-17-171020.png 1282w\" sizes=\"(max-width: 958px) 100vw, 958px\" \/><\/p>\n<p>&nbsp;<\/p>\n<p>&nbsp;<\/p>\n<h2 style=\"text-align: center\"><strong><span style=\"color: #f99b1c\">Administre f\u00e1cilmente su AC5<\/span><\/strong><\/h2>\n<h4 style=\"text-align: center\">La aplicaci\u00f3n Tenda WiFi proporciona la forma m\u00e1s f\u00e1cil de administrar AC5.<\/h4>\n<p>&nbsp;<\/p>\n<h3><strong><span style=\"color: #f99b1c\">Control parental:<\/span><\/strong><\/h3>\n<p>Administre el tiempo en l\u00ednea de sus hijos y supervise el contenido en l\u00ednea a trav\u00e9s de la aplicaci\u00f3n inteligente.<\/p>\n<h3 style=\"text-align: right\"><strong><span style=\"color: #f99b1c\">Red de invitados:<\/span><\/strong><\/h3>\n<p style=\"text-align: right\">El uso de su tel\u00e9fono inteligente configura f\u00e1cilmente una lista negra y limita el acceso de los invitados.<\/p>\n<p>&nbsp;<\/p>\n<p><img decoding=\"async\" class=\" wp-image-26803 aligncenter\" src=\"https:\/\/mivoot.com\/gt\/wp-content\/uploads\/2025\/03\/Captura-de-pantalla-2025-03-17-171443-300x102.png\" alt=\"\" width=\"906\" height=\"308\" srcset=\"https:\/\/mivoot.com\/gt\/wp-content\/uploads\/2025\/03\/Captura-de-pantalla-2025-03-17-171443-300x102.png 300w, https:\/\/mivoot.com\/gt\/wp-content\/uploads\/2025\/03\/Captura-de-pantalla-2025-03-17-171443-410x139.png 410w, https:\/\/mivoot.com\/gt\/wp-content\/uploads\/2025\/03\/Captura-de-pantalla-2025-03-17-171443-64x22.png 64w, https:\/\/mivoot.com\/gt\/wp-content\/uploads\/2025\/03\/Captura-de-pantalla-2025-03-17-171443-768x261.png 768w, https:\/\/mivoot.com\/gt\/wp-content\/uploads\/2025\/03\/Captura-de-pantalla-2025-03-17-171443-600x204.png 600w, https:\/\/mivoot.com\/gt\/wp-content\/uploads\/2025\/03\/Captura-de-pantalla-2025-03-17-171443.png 1442w\" sizes=\"(max-width: 906px) 100vw, 906px\" \/><\/p>\n","protected":false},"excerpt":{"rendered":"<p>&#8211; Est\u00e1ndar y protocolo: IEEE802.3, IEEE802.3u<br \/>\n&#8211; Interfaces: Puerto WAN de 10\/100 Mbps * 1 \/ puerto LAN de 10\/100 Mbps * 3<br \/>\n&#8211; Antena: Antena externa de 6dBi*4<br \/>\n&#8211; Entrada de CA: 100-240 V-50\/60 Hz, 0,2 A<br \/>\n&#8211; Salida de CC: 9 V 1 A<br \/>\n&#8211; Dimensi\u00f3n: 171 mm x 171 mm x 210 mm (largo x ancho x alto)<br \/>\n&#8211; Est\u00e1ndar inal\u00e1mbrico IEEE 802.11ac\/a\/n a 5 GHz &#8211; IEEE 802.11b\/g\/n a 2,4 GHz<br \/>\n&#8211; Velocidad de datos 5 GHz: 867 Mbps &#8211; 2,4 GHz: 300 Mbps<br \/>\n&#8211; Seguridad inal\u00e1mbrica WPA-PSK\/WPA2-PSK, WPA\/WPA2<\/p>\n","protected":false},"featured_media":26807,"comment_status":"open","ping_status":"closed","template":"","meta":{"jetpack_publicize_message":"","jetpack_publicize_feature_enabled":true,"jetpack_social_post_already_shared":true,"jetpack_social_options":{"image_generator_settings":{"template":"highway","default_image_id":0,"font":"","enabled":false},"version":2}},"pwb-brand":[318],"product_brand":[],"product_cat":[17],"product_tag":[],"class_list":{"0":"post-26800","1":"product","2":"type-product","3":"status-publish","4":"has-post-thumbnail","6":"pwb-brand-tenda","7":"product_cat-redes-e-internet","9":"first","10":"instock","11":"taxable","12":"shipping-taxable","13":"purchasable","14":"product-type-simple"},"yoast_head":"<!-- This site is optimized with the Yoast SEO Premium plugin v25.7.1 (Yoast SEO v26.8) - https:\/\/yoast.com\/product\/yoast-seo-premium-wordpress\/ -->\n<title>Router WiFi de doble banda AC1200 Tenda - Mivoot<\/title>\n<meta name=\"robots\" content=\"index, follow, max-snippet:-1, max-image-preview:large, max-video-preview:-1\" \/>\n<link rel=\"canonical\" href=\"https:\/\/mivoot.com\/gt\/producto\/router-wifi-de-doble-banda-ac1200-tenda\/\" \/>\n<meta property=\"og:locale\" content=\"es_ES\" \/>\n<meta property=\"og:type\" content=\"article\" \/>\n<meta property=\"og:title\" content=\"Router WiFi de doble banda AC1200 Tenda\" \/>\n<meta property=\"og:description\" content=\"- Est\u00e1ndar y protocolo: IEEE802.3, IEEE802.3u - Interfaces: Puerto WAN de 10\/100 Mbps * 1 \/ puerto LAN de 10\/100 Mbps * 3 - Antena: Antena externa de 6dBi*4 - Entrada de CA: 100-240 V-50\/60 Hz, 0,2 A - Salida de CC: 9 V 1 A - Dimensi\u00f3n: 171 mm x 171 mm x 210 mm (largo x ancho x alto) - Est\u00e1ndar inal\u00e1mbrico IEEE 802.11ac\/a\/n a 5 GHz - IEEE 802.11b\/g\/n a 2,4 GHz - Velocidad de datos 5 GHz: 867 Mbps - 2,4 GHz: 300 Mbps - Seguridad inal\u00e1mbrica WPA-PSK\/WPA2-PSK, WPA\/WPA2\" \/>\n<meta property=\"og:url\" content=\"https:\/\/mivoot.com\/gt\/producto\/router-wifi-de-doble-banda-ac1200-tenda\/\" \/>\n<meta property=\"og:site_name\" content=\"Mivoot\" \/>\n<meta property=\"article:publisher\" content=\"https:\/\/www.facebook.com\/mivootgt\" \/>\n<meta property=\"article:modified_time\" content=\"2025-03-17T23:27:10+00:00\" \/>\n<meta property=\"og:image\" content=\"https:\/\/mivoot.com\/gt\/wp-content\/uploads\/2025\/03\/201911131105093004.jpg\" \/>\n\t<meta property=\"og:image:width\" content=\"1000\" \/>\n\t<meta property=\"og:image:height\" content=\"1000\" \/>\n\t<meta property=\"og:image:type\" content=\"image\/jpeg\" \/>\n<meta name=\"twitter:card\" content=\"summary_large_image\" \/>\n<meta name=\"twitter:label1\" content=\"Est. reading time\" \/>\n\t<meta name=\"twitter:data1\" content=\"2 minutos\" \/>\n<script type=\"application\/ld+json\" class=\"yoast-schema-graph\">{\"@context\":\"https:\/\/schema.org\",\"@graph\":[{\"@type\":\"WebPage\",\"@id\":\"https:\/\/mivoot.com\/gt\/producto\/router-wifi-de-doble-banda-ac1200-tenda\/\",\"url\":\"https:\/\/mivoot.com\/gt\/producto\/router-wifi-de-doble-banda-ac1200-tenda\/\",\"name\":\"Router WiFi de doble banda AC1200 Tenda - Mivoot\",\"isPartOf\":{\"@id\":\"https:\/\/mivoot.com\/gt\/#website\"},\"primaryImageOfPage\":{\"@id\":\"https:\/\/mivoot.com\/gt\/producto\/router-wifi-de-doble-banda-ac1200-tenda\/#primaryimage\"},\"image\":{\"@id\":\"https:\/\/mivoot.com\/gt\/producto\/router-wifi-de-doble-banda-ac1200-tenda\/#primaryimage\"},\"thumbnailUrl\":\"https:\/\/mivoot.com\/gt\/wp-content\/uploads\/2025\/03\/201911131105093004.jpg\",\"datePublished\":\"2025-03-17T23:27:08+00:00\",\"dateModified\":\"2025-03-17T23:27:10+00:00\",\"breadcrumb\":{\"@id\":\"https:\/\/mivoot.com\/gt\/producto\/router-wifi-de-doble-banda-ac1200-tenda\/#breadcrumb\"},\"inLanguage\":\"es\",\"potentialAction\":[{\"@type\":\"ReadAction\",\"target\":[\"https:\/\/mivoot.com\/gt\/producto\/router-wifi-de-doble-banda-ac1200-tenda\/\"]}]},{\"@type\":\"ImageObject\",\"inLanguage\":\"es\",\"@id\":\"https:\/\/mivoot.com\/gt\/producto\/router-wifi-de-doble-banda-ac1200-tenda\/#primaryimage\",\"url\":\"https:\/\/mivoot.com\/gt\/wp-content\/uploads\/2025\/03\/201911131105093004.jpg\",\"contentUrl\":\"https:\/\/mivoot.com\/gt\/wp-content\/uploads\/2025\/03\/201911131105093004.jpg\",\"width\":1000,\"height\":1000},{\"@type\":\"BreadcrumbList\",\"@id\":\"https:\/\/mivoot.com\/gt\/producto\/router-wifi-de-doble-banda-ac1200-tenda\/#breadcrumb\",\"itemListElement\":[{\"@type\":\"ListItem\",\"position\":1,\"name\":\"Inicio\",\"item\":\"https:\/\/mivoot.com\/gt\/\"},{\"@type\":\"ListItem\",\"position\":2,\"name\":\"Productos\",\"item\":\"https:\/\/mivoot.com\/gt\/producto\/\"},{\"@type\":\"ListItem\",\"position\":3,\"name\":\"Tenda\",\"item\":\"https:\/\/mivoot.com\/gt\/marca\/tenda\/\"},{\"@type\":\"ListItem\",\"position\":4,\"name\":\"Router WiFi de doble banda AC1200 Tenda\"}]},{\"@type\":\"WebSite\",\"@id\":\"https:\/\/mivoot.com\/gt\/#website\",\"url\":\"https:\/\/mivoot.com\/gt\/\",\"name\":\"Mivoot\",\"description\":\"Mivoot Guatemala | Tienda Online\",\"publisher\":{\"@id\":\"https:\/\/mivoot.com\/gt\/#organization\"},\"alternateName\":\"mivoot\",\"potentialAction\":[{\"@type\":\"SearchAction\",\"target\":{\"@type\":\"EntryPoint\",\"urlTemplate\":\"https:\/\/mivoot.com\/gt\/?s={search_term_string}\"},\"query-input\":{\"@type\":\"PropertyValueSpecification\",\"valueRequired\":true,\"valueName\":\"search_term_string\"}}],\"inLanguage\":\"es\"},{\"@type\":\"Organization\",\"@id\":\"https:\/\/mivoot.com\/gt\/#organization\",\"name\":\"Mivoot Guatemala\",\"alternateName\":\"mivoot.com\",\"url\":\"https:\/\/mivoot.com\/gt\/\",\"logo\":{\"@type\":\"ImageObject\",\"inLanguage\":\"es\",\"@id\":\"https:\/\/mivoot.com\/gt\/#\/schema\/logo\/image\/\",\"url\":\"https:\/\/mivoot.com\/gt\/wp-content\/uploads\/2023\/03\/cropped-icon.png\",\"contentUrl\":\"https:\/\/mivoot.com\/gt\/wp-content\/uploads\/2023\/03\/cropped-icon.png\",\"width\":512,\"height\":512,\"caption\":\"Mivoot Guatemala\"},\"image\":{\"@id\":\"https:\/\/mivoot.com\/gt\/#\/schema\/logo\/image\/\"},\"sameAs\":[\"https:\/\/www.facebook.com\/mivootgt\",\"https:\/\/instagram.com\/mivoot\"]}]}<\/script>\n<!-- \/ Yoast SEO Premium plugin. -->","yoast_head_json":{"title":"Router WiFi de doble banda AC1200 Tenda - Mivoot","robots":{"index":"index","follow":"follow","max-snippet":"max-snippet:-1","max-image-preview":"max-image-preview:large","max-video-preview":"max-video-preview:-1"},"canonical":"https:\/\/mivoot.com\/gt\/producto\/router-wifi-de-doble-banda-ac1200-tenda\/","og_locale":"es_ES","og_type":"article","og_title":"Router WiFi de doble banda AC1200 Tenda","og_description":"- Est\u00e1ndar y protocolo: IEEE802.3, IEEE802.3u - Interfaces: Puerto WAN de 10\/100 Mbps * 1 \/ puerto LAN de 10\/100 Mbps * 3 - Antena: Antena externa de 6dBi*4 - Entrada de CA: 100-240 V-50\/60 Hz, 0,2 A - Salida de CC: 9 V 1 A - Dimensi\u00f3n: 171 mm x 171 mm x 210 mm (largo x ancho x alto) - Est\u00e1ndar inal\u00e1mbrico IEEE 802.11ac\/a\/n a 5 GHz - IEEE 802.11b\/g\/n a 2,4 GHz - Velocidad de datos 5 GHz: 867 Mbps - 2,4 GHz: 300 Mbps - Seguridad inal\u00e1mbrica WPA-PSK\/WPA2-PSK, WPA\/WPA2","og_url":"https:\/\/mivoot.com\/gt\/producto\/router-wifi-de-doble-banda-ac1200-tenda\/","og_site_name":"Mivoot","article_publisher":"https:\/\/www.facebook.com\/mivootgt","article_modified_time":"2025-03-17T23:27:10+00:00","og_image":[{"width":1000,"height":1000,"url":"https:\/\/mivoot.com\/gt\/wp-content\/uploads\/2025\/03\/201911131105093004.jpg","type":"image\/jpeg"}],"twitter_card":"summary_large_image","twitter_misc":{"Est. reading time":"2 minutos"},"schema":{"@context":"https:\/\/schema.org","@graph":[{"@type":"WebPage","@id":"https:\/\/mivoot.com\/gt\/producto\/router-wifi-de-doble-banda-ac1200-tenda\/","url":"https:\/\/mivoot.com\/gt\/producto\/router-wifi-de-doble-banda-ac1200-tenda\/","name":"Router WiFi de doble banda AC1200 Tenda - Mivoot","isPartOf":{"@id":"https:\/\/mivoot.com\/gt\/#website"},"primaryImageOfPage":{"@id":"https:\/\/mivoot.com\/gt\/producto\/router-wifi-de-doble-banda-ac1200-tenda\/#primaryimage"},"image":{"@id":"https:\/\/mivoot.com\/gt\/producto\/router-wifi-de-doble-banda-ac1200-tenda\/#primaryimage"},"thumbnailUrl":"https:\/\/mivoot.com\/gt\/wp-content\/uploads\/2025\/03\/201911131105093004.jpg","datePublished":"2025-03-17T23:27:08+00:00","dateModified":"2025-03-17T23:27:10+00:00","breadcrumb":{"@id":"https:\/\/mivoot.com\/gt\/producto\/router-wifi-de-doble-banda-ac1200-tenda\/#breadcrumb"},"inLanguage":"es","potentialAction":[{"@type":"ReadAction","target":["https:\/\/mivoot.com\/gt\/producto\/router-wifi-de-doble-banda-ac1200-tenda\/"]}]},{"@type":"ImageObject","inLanguage":"es","@id":"https:\/\/mivoot.com\/gt\/producto\/router-wifi-de-doble-banda-ac1200-tenda\/#primaryimage","url":"https:\/\/mivoot.com\/gt\/wp-content\/uploads\/2025\/03\/201911131105093004.jpg","contentUrl":"https:\/\/mivoot.com\/gt\/wp-content\/uploads\/2025\/03\/201911131105093004.jpg","width":1000,"height":1000},{"@type":"BreadcrumbList","@id":"https:\/\/mivoot.com\/gt\/producto\/router-wifi-de-doble-banda-ac1200-tenda\/#breadcrumb","itemListElement":[{"@type":"ListItem","position":1,"name":"Inicio","item":"https:\/\/mivoot.com\/gt\/"},{"@type":"ListItem","position":2,"name":"Productos","item":"https:\/\/mivoot.com\/gt\/producto\/"},{"@type":"ListItem","position":3,"name":"Tenda","item":"https:\/\/mivoot.com\/gt\/marca\/tenda\/"},{"@type":"ListItem","position":4,"name":"Router WiFi de doble banda AC1200 Tenda"}]},{"@type":"WebSite","@id":"https:\/\/mivoot.com\/gt\/#website","url":"https:\/\/mivoot.com\/gt\/","name":"Mivoot","description":"Mivoot Guatemala | Tienda Online","publisher":{"@id":"https:\/\/mivoot.com\/gt\/#organization"},"alternateName":"mivoot","potentialAction":[{"@type":"SearchAction","target":{"@type":"EntryPoint","urlTemplate":"https:\/\/mivoot.com\/gt\/?s={search_term_string}"},"query-input":{"@type":"PropertyValueSpecification","valueRequired":true,"valueName":"search_term_string"}}],"inLanguage":"es"},{"@type":"Organization","@id":"https:\/\/mivoot.com\/gt\/#organization","name":"Mivoot Guatemala","alternateName":"mivoot.com","url":"https:\/\/mivoot.com\/gt\/","logo":{"@type":"ImageObject","inLanguage":"es","@id":"https:\/\/mivoot.com\/gt\/#\/schema\/logo\/image\/","url":"https:\/\/mivoot.com\/gt\/wp-content\/uploads\/2023\/03\/cropped-icon.png","contentUrl":"https:\/\/mivoot.com\/gt\/wp-content\/uploads\/2023\/03\/cropped-icon.png","width":512,"height":512,"caption":"Mivoot Guatemala"},"image":{"@id":"https:\/\/mivoot.com\/gt\/#\/schema\/logo\/image\/"},"sameAs":["https:\/\/www.facebook.com\/mivootgt","https:\/\/instagram.com\/mivoot"]}]}},"jetpack_publicize_connections":[],"jetpack_sharing_enabled":true,"brands":[{"id":318,"name":"Tenda","slug":"tenda"}],"_links":{"self":[{"href":"https:\/\/mivoot.com\/gt\/wp-json\/wp\/v2\/product\/26800","targetHints":{"allow":["GET"]}}],"collection":[{"href":"https:\/\/mivoot.com\/gt\/wp-json\/wp\/v2\/product"}],"about":[{"href":"https:\/\/mivoot.com\/gt\/wp-json\/wp\/v2\/types\/product"}],"replies":[{"embeddable":true,"href":"https:\/\/mivoot.com\/gt\/wp-json\/wp\/v2\/comments?post=26800"}],"version-history":[{"count":1,"href":"https:\/\/mivoot.com\/gt\/wp-json\/wp\/v2\/product\/26800\/revisions"}],"predecessor-version":[{"id":26808,"href":"https:\/\/mivoot.com\/gt\/wp-json\/wp\/v2\/product\/26800\/revisions\/26808"}],"wp:featuredmedia":[{"embeddable":true,"href":"https:\/\/mivoot.com\/gt\/wp-json\/wp\/v2\/media\/26807"}],"wp:attachment":[{"href":"https:\/\/mivoot.com\/gt\/wp-json\/wp\/v2\/media?parent=26800"}],"wp:term":[{"taxonomy":"pwb-brand","embeddable":true,"href":"https:\/\/mivoot.com\/gt\/wp-json\/wp\/v2\/pwb-brand?post=26800"},{"taxonomy":"product_brand","embeddable":true,"href":"https:\/\/mivoot.com\/gt\/wp-json\/wp\/v2\/product_brand?post=26800"},{"taxonomy":"product_cat","embeddable":true,"href":"https:\/\/mivoot.com\/gt\/wp-json\/wp\/v2\/product_cat?post=26800"},{"taxonomy":"product_tag","embeddable":true,"href":"https:\/\/mivoot.com\/gt\/wp-json\/wp\/v2\/product_tag?post=26800"}],"curies":[{"name":"wp","href":"https:\/\/api.w.org\/{rel}","templated":true}]}}