{"id":26952,"date":"2025-03-19T17:10:38","date_gmt":"2025-03-19T23:10:38","guid":{"rendered":"https:\/\/mivoot.com\/gt\/?post_type=product&#038;p=26952"},"modified":"2025-03-19T17:10:40","modified_gmt":"2025-03-19T23:10:40","slug":"camara-de-seguridad-panoramica-inclinable-de-3-mp-cp3-pro-tenda","status":"publish","type":"product","link":"https:\/\/mivoot.com\/gt\/producto\/camara-de-seguridad-panoramica-inclinable-de-3-mp-cp3-pro-tenda\/","title":{"rendered":"C\u00e1mara de seguridad panor\u00e1mica\/inclinable de 3 MP CP3 Pro  Tenda"},"content":{"rendered":"<h1 style=\"text-align: center\"><span style=\"color: #ff6600\"><strong>C\u00e1mara de seguridad panor\u00e1mica\/inclinable de 3 MP<\/strong> <\/span>\u00a0<img decoding=\"async\" src=\"https:\/\/files.tendacn.com\/pro_pictures\/CP3Pro\/p1-2.png\" alt=\"Tenda\" \/><\/h1>\n<p>&nbsp;<\/p>\n<p><img fetchpriority=\"high\" decoding=\"async\" class=\" wp-image-26955 aligncenter\" src=\"https:\/\/mivoot.com\/gt\/wp-content\/uploads\/2025\/03\/Captura-de-pantalla-2025-03-19-170243-300x97.png\" alt=\"\" width=\"847\" height=\"274\" srcset=\"https:\/\/mivoot.com\/gt\/wp-content\/uploads\/2025\/03\/Captura-de-pantalla-2025-03-19-170243-300x97.png 300w, https:\/\/mivoot.com\/gt\/wp-content\/uploads\/2025\/03\/Captura-de-pantalla-2025-03-19-170243-410x133.png 410w, https:\/\/mivoot.com\/gt\/wp-content\/uploads\/2025\/03\/Captura-de-pantalla-2025-03-19-170243-64x21.png 64w, https:\/\/mivoot.com\/gt\/wp-content\/uploads\/2025\/03\/Captura-de-pantalla-2025-03-19-170243-768x248.png 768w, https:\/\/mivoot.com\/gt\/wp-content\/uploads\/2025\/03\/Captura-de-pantalla-2025-03-19-170243-600x194.png 600w, https:\/\/mivoot.com\/gt\/wp-content\/uploads\/2025\/03\/Captura-de-pantalla-2025-03-19-170243.png 1522w\" sizes=\"(max-width: 847px) 100vw, 847px\" \/><\/p>\n<p>&nbsp;<\/p>\n<h2 class=\"text aos-init aos-animate\" data-aos=\"fade-up\" data-aos-delay=\"100\" data-aos-offset=\"300\"><strong><span style=\"color: #ff6600\">Cubra cada rinc\u00f3n de su hogar<\/span><\/strong><\/h2>\n<div class=\"text aos-init aos-animate\" data-aos=\"fade-up\" data-aos-delay=\"200\" data-aos-offset=\"300\">El dise\u00f1o de giro\/inclinaci\u00f3n de alta velocidad permite una rotaci\u00f3n flexible en todas las direcciones.\u00a0Cubre 360\u00b0 horizontalmente y 155\u00b0 verticalmente (90\u00b0 arriba, 65\u00b0 abajo), lo que deja cero zonas ciegas.<\/div>\n<div data-aos=\"fade-up\" data-aos-delay=\"200\" data-aos-offset=\"300\"><\/div>\n<div data-aos=\"fade-up\" data-aos-delay=\"200\" data-aos-offset=\"300\">\n<h2 class=\"text aos-init aos-animate\" style=\"text-align: right\" data-aos=\"fade-up\" data-aos-delay=\"100\" data-aos-offset=\"300\"><strong><span style=\"color: #ff6600\">Nueva tecnolog\u00eda WiFi6, retardo de red ultrabajo<\/span><\/strong><\/h2>\n<div class=\"text aos-init aos-animate\" style=\"text-align: right\" data-aos=\"fade-up\" data-aos-delay=\"200\" data-aos-offset=\"300\">Utilizando una nueva generaci\u00f3n de tecnolog\u00eda de red WiFi6, una antena especial incorporada para mejorar la se\u00f1al, el rendimiento de WiFi mejora en 1\/3 en comparaci\u00f3n con la generaci\u00f3n anterior y el v\u00eddeo sigue siendo fluido a trav\u00e9s de dos paredes.<\/div>\n<div data-aos=\"fade-up\" data-aos-delay=\"200\" data-aos-offset=\"300\"><\/div>\n<\/div>\n<div data-aos=\"fade-up\" data-aos-delay=\"200\" data-aos-offset=\"300\">\n<h2 class=\"text aos-init aos-animate\" data-aos=\"fade-up\" data-aos-delay=\"100\" data-aos-offset=\"300\"><strong><span style=\"color: #ff6600\">Llame f\u00e1cilmente a miembros de su familia con el bot\u00f3n de llamada de un toque<\/span><\/strong><\/h2>\n<div class=\"text aos-init aos-animate\" data-aos=\"fade-up\" data-aos-delay=\"200\" data-aos-offset=\"300\">Cuando los abuelos o los ni\u00f1os est\u00e1n solos en casa, solo necesitan tocar ligeramente el bot\u00f3n de la c\u00e1mara para llamar a sus familiares afuera.<\/div>\n<\/div>\n<div data-aos=\"fade-up\" data-aos-delay=\"200\" data-aos-offset=\"300\"><\/div>\n<div data-aos=\"fade-up\" data-aos-delay=\"200\" data-aos-offset=\"300\">\n<h2 class=\"text aos-init aos-animate\" style=\"text-align: right\" data-aos=\"fade-up\" data-aos-delay=\"100\" data-aos-offset=\"300\"><strong><span style=\"color: #ff6600\">Orientaci\u00f3n y seguimiento autom\u00e1ticos<\/span><\/strong><\/h2>\n<div class=\"text aos-init aos-animate\" style=\"text-align: right\" data-aos=\"fade-up\" data-aos-delay=\"200\" data-aos-offset=\"300\">Basado en el algoritmo inteligente de aprendizaje profundo, el &#8220;Smart Tracking&#8221; puede rastrear autom\u00e1ticamente los movimientos y almacenar el video.<\/div>\n<\/div>\n<div data-aos=\"fade-up\" data-aos-delay=\"200\" data-aos-offset=\"300\"><\/div>\n<div data-aos=\"fade-up\" data-aos-delay=\"200\" data-aos-offset=\"300\">\n<h2 class=\"text aos-init aos-animate\" data-aos=\"fade-up\" data-aos-delay=\"100\" data-aos-offset=\"300\"><strong><span style=\"color: #ff6600\">Alarmas activas de luz y sonido para una defensa mejorada<\/span><\/strong><\/h2>\n<div class=\"text aos-init aos-animate\" data-aos=\"fade-up\" data-aos-delay=\"200\" data-aos-offset=\"300\">Cuando se detecta una intrusi\u00f3n durante el per\u00edodo de alerta, se activar\u00e1 una alarma sonora y una luz blanca intermitente para advertir a los intrusos ilegales.\u00a0Al mismo tiempo, se enviar\u00e1 el mensaje de alarma a tu m\u00f3vil.<\/div>\n<\/div>\n<div data-aos=\"fade-up\" data-aos-delay=\"200\" data-aos-offset=\"300\"><\/div>\n<div data-aos=\"fade-up\" data-aos-delay=\"200\" data-aos-offset=\"300\"><img decoding=\"async\" class=\" wp-image-26965 aligncenter\" src=\"https:\/\/mivoot.com\/gt\/wp-content\/uploads\/2025\/03\/Captura-de-pantalla-2025-03-19-170610-300x121.png\" alt=\"\" width=\"910\" height=\"367\" srcset=\"https:\/\/mivoot.com\/gt\/wp-content\/uploads\/2025\/03\/Captura-de-pantalla-2025-03-19-170610-300x121.png 300w, https:\/\/mivoot.com\/gt\/wp-content\/uploads\/2025\/03\/Captura-de-pantalla-2025-03-19-170610-410x165.png 410w, https:\/\/mivoot.com\/gt\/wp-content\/uploads\/2025\/03\/Captura-de-pantalla-2025-03-19-170610-64x26.png 64w, https:\/\/mivoot.com\/gt\/wp-content\/uploads\/2025\/03\/Captura-de-pantalla-2025-03-19-170610-768x310.png 768w, https:\/\/mivoot.com\/gt\/wp-content\/uploads\/2025\/03\/Captura-de-pantalla-2025-03-19-170610-600x242.png 600w, https:\/\/mivoot.com\/gt\/wp-content\/uploads\/2025\/03\/Captura-de-pantalla-2025-03-19-170610.png 1378w\" sizes=\"(max-width: 910px) 100vw, 910px\" \/><\/div>\n<div data-aos=\"fade-up\" data-aos-delay=\"200\" data-aos-offset=\"300\"><\/div>\n<div data-aos=\"fade-up\" data-aos-delay=\"200\" data-aos-offset=\"300\"><\/div>\n<div data-aos=\"fade-up\" data-aos-delay=\"200\" data-aos-offset=\"300\">\n<h2 class=\"text aos-init aos-animate\" style=\"text-align: center\" data-aos=\"fade-up\" data-aos-delay=\"100\" data-aos-offset=\"300\"><strong><span style=\"color: #ff6600\">Soporte para montaje en escritorio, techo y pared<\/span><\/strong><\/h2>\n<div class=\"text aos-init aos-animate\" style=\"text-align: center\" data-aos=\"fade-up\" data-aos-delay=\"200\" data-aos-offset=\"300\">El producto se entrega con una &#8220;Base&#8221; separada.\u00a0La c\u00e1mara se puede colocar directamente en el escritorio, o en la parte superior del armario, etc. Tambi\u00e9n puede instalar primero la &#8220;Base&#8221; en el techo o la pared, luego abroche la &#8220;C\u00e1mara&#8221; en la &#8220;Base&#8221; y gir\u00e1ndola 40\u00b0.\u00a0La funci\u00f3n de rotaci\u00f3n de pantalla en la aplicaci\u00f3n es necesaria cuando se instala en el techo.<\/div>\n<\/div>\n<div data-aos=\"fade-up\" data-aos-delay=\"200\" data-aos-offset=\"300\"><\/div>\n","protected":false},"excerpt":{"rendered":"<p>&#8211; Sensor de imagen: Sensor CMOS de escaneo progresivo de 1\/3<br \/>\n&#8211; D\u00eda y noche: Tipo de ICR<br \/>\n&#8211; Campo de visi\u00f3n: Horizontal: 78\u00b0, Vertical: 41,8\u00b0, Diagonal: 95\u00b0<br \/>\n&#8211; Luz suplementaria: 2 luces infrarrojas<br \/>\n&#8211; Distancia de luz suplementaria: Hasta 10 m\/32 pies (seg\u00fan el entorno)<br \/>\n&#8211; Comunicaci\u00f3n de audio: Audio bidireccional, llamada con un solo toque<br \/>\n&#8211; Antena: Antena interna<br \/>\n&#8211; Detecci\u00f3n inteligente: Detecci\u00f3n de movimiento, detecci\u00f3n de manipulaci\u00f3n, detecci\u00f3n de personas, detecci\u00f3n de llanto, detecci\u00f3n de<br \/>\n  mascotas<br \/>\n&#8211; Entrada de audio: Micr\u00f3fono incorporado<br \/>\n&#8211; Salida de audio: Altavoz incorporado<br \/>\n&#8211; Almacenamiento: Ranura para tarjeta Micro SD incorporada, hasta 256 GB<\/p>\n","protected":false},"featured_media":26969,"comment_status":"open","ping_status":"closed","template":"","meta":{"jetpack_publicize_message":"","jetpack_publicize_feature_enabled":true,"jetpack_social_post_already_shared":true,"jetpack_social_options":{"image_generator_settings":{"template":"highway","default_image_id":0,"font":"","enabled":false},"version":2}},"pwb-brand":[318],"product_brand":[],"product_cat":[16],"product_tag":[],"class_list":{"0":"post-26952","1":"product","2":"type-product","3":"status-publish","4":"has-post-thumbnail","6":"pwb-brand-tenda","7":"product_cat-camaras-de-seguridad","9":"first","10":"instock","11":"taxable","12":"shipping-taxable","13":"purchasable","14":"product-type-simple"},"yoast_head":"<!-- This site is optimized with the Yoast SEO Premium plugin v25.7.1 (Yoast SEO v26.8) - https:\/\/yoast.com\/product\/yoast-seo-premium-wordpress\/ -->\n<title>C\u00e1mara de seguridad panor\u00e1mica\/inclinable de 3 MP CP3 Pro Tenda - Mivoot<\/title>\n<meta name=\"robots\" content=\"index, follow, max-snippet:-1, max-image-preview:large, max-video-preview:-1\" \/>\n<link rel=\"canonical\" href=\"https:\/\/mivoot.com\/gt\/producto\/camara-de-seguridad-panoramica-inclinable-de-3-mp-cp3-pro-tenda\/\" \/>\n<meta property=\"og:locale\" content=\"es_ES\" \/>\n<meta property=\"og:type\" content=\"article\" \/>\n<meta property=\"og:title\" content=\"C\u00e1mara de seguridad panor\u00e1mica\/inclinable de 3 MP CP3 Pro Tenda\" \/>\n<meta property=\"og:description\" content=\"- Sensor de imagen: Sensor CMOS de escaneo progresivo de 1\/3 - D\u00eda y noche: Tipo de ICR - Campo de visi\u00f3n: Horizontal: 78\u00b0, Vertical: 41,8\u00b0, Diagonal: 95\u00b0 - Luz suplementaria: 2 luces infrarrojas - Distancia de luz suplementaria: Hasta 10 m\/32 pies (seg\u00fan el entorno) - Comunicaci\u00f3n de audio: Audio bidireccional, llamada con un solo toque - Antena: Antena interna - Detecci\u00f3n inteligente: Detecci\u00f3n de movimiento, detecci\u00f3n de manipulaci\u00f3n, detecci\u00f3n de personas, detecci\u00f3n de llanto, detecci\u00f3n de   mascotas - Entrada de audio: Micr\u00f3fono incorporado - Salida de audio: Altavoz incorporado - Almacenamiento: Ranura para tarjeta Micro SD incorporada, hasta 256 GB\" \/>\n<meta property=\"og:url\" content=\"https:\/\/mivoot.com\/gt\/producto\/camara-de-seguridad-panoramica-inclinable-de-3-mp-cp3-pro-tenda\/\" \/>\n<meta property=\"og:site_name\" content=\"Mivoot\" \/>\n<meta property=\"article:publisher\" content=\"https:\/\/www.facebook.com\/mivootgt\" \/>\n<meta property=\"article:modified_time\" content=\"2025-03-19T23:10:40+00:00\" \/>\n<meta property=\"og:image\" content=\"https:\/\/mivoot.com\/gt\/wp-content\/uploads\/2025\/03\/20230906141213_0724.jpg\" \/>\n\t<meta property=\"og:image:width\" content=\"1000\" \/>\n\t<meta property=\"og:image:height\" content=\"1000\" \/>\n\t<meta property=\"og:image:type\" content=\"image\/jpeg\" \/>\n<meta name=\"twitter:card\" content=\"summary_large_image\" \/>\n<meta name=\"twitter:label1\" content=\"Est. reading time\" \/>\n\t<meta name=\"twitter:data1\" content=\"3 minutos\" \/>\n<script type=\"application\/ld+json\" class=\"yoast-schema-graph\">{\"@context\":\"https:\/\/schema.org\",\"@graph\":[{\"@type\":\"WebPage\",\"@id\":\"https:\/\/mivoot.com\/gt\/producto\/camara-de-seguridad-panoramica-inclinable-de-3-mp-cp3-pro-tenda\/\",\"url\":\"https:\/\/mivoot.com\/gt\/producto\/camara-de-seguridad-panoramica-inclinable-de-3-mp-cp3-pro-tenda\/\",\"name\":\"C\u00e1mara de seguridad panor\u00e1mica\/inclinable de 3 MP CP3 Pro Tenda - Mivoot\",\"isPartOf\":{\"@id\":\"https:\/\/mivoot.com\/gt\/#website\"},\"primaryImageOfPage\":{\"@id\":\"https:\/\/mivoot.com\/gt\/producto\/camara-de-seguridad-panoramica-inclinable-de-3-mp-cp3-pro-tenda\/#primaryimage\"},\"image\":{\"@id\":\"https:\/\/mivoot.com\/gt\/producto\/camara-de-seguridad-panoramica-inclinable-de-3-mp-cp3-pro-tenda\/#primaryimage\"},\"thumbnailUrl\":\"https:\/\/mivoot.com\/gt\/wp-content\/uploads\/2025\/03\/20230906141213_0724.jpg\",\"datePublished\":\"2025-03-19T23:10:38+00:00\",\"dateModified\":\"2025-03-19T23:10:40+00:00\",\"breadcrumb\":{\"@id\":\"https:\/\/mivoot.com\/gt\/producto\/camara-de-seguridad-panoramica-inclinable-de-3-mp-cp3-pro-tenda\/#breadcrumb\"},\"inLanguage\":\"es\",\"potentialAction\":[{\"@type\":\"ReadAction\",\"target\":[\"https:\/\/mivoot.com\/gt\/producto\/camara-de-seguridad-panoramica-inclinable-de-3-mp-cp3-pro-tenda\/\"]}]},{\"@type\":\"ImageObject\",\"inLanguage\":\"es\",\"@id\":\"https:\/\/mivoot.com\/gt\/producto\/camara-de-seguridad-panoramica-inclinable-de-3-mp-cp3-pro-tenda\/#primaryimage\",\"url\":\"https:\/\/mivoot.com\/gt\/wp-content\/uploads\/2025\/03\/20230906141213_0724.jpg\",\"contentUrl\":\"https:\/\/mivoot.com\/gt\/wp-content\/uploads\/2025\/03\/20230906141213_0724.jpg\",\"width\":1000,\"height\":1000},{\"@type\":\"BreadcrumbList\",\"@id\":\"https:\/\/mivoot.com\/gt\/producto\/camara-de-seguridad-panoramica-inclinable-de-3-mp-cp3-pro-tenda\/#breadcrumb\",\"itemListElement\":[{\"@type\":\"ListItem\",\"position\":1,\"name\":\"Inicio\",\"item\":\"https:\/\/mivoot.com\/gt\/\"},{\"@type\":\"ListItem\",\"position\":2,\"name\":\"Productos\",\"item\":\"https:\/\/mivoot.com\/gt\/producto\/\"},{\"@type\":\"ListItem\",\"position\":3,\"name\":\"Tenda\",\"item\":\"https:\/\/mivoot.com\/gt\/marca\/tenda\/\"},{\"@type\":\"ListItem\",\"position\":4,\"name\":\"C\u00e1mara de seguridad panor\u00e1mica\/inclinable de 3 MP CP3 Pro Tenda\"}]},{\"@type\":\"WebSite\",\"@id\":\"https:\/\/mivoot.com\/gt\/#website\",\"url\":\"https:\/\/mivoot.com\/gt\/\",\"name\":\"Mivoot\",\"description\":\"Mivoot Guatemala | Tienda Online\",\"publisher\":{\"@id\":\"https:\/\/mivoot.com\/gt\/#organization\"},\"alternateName\":\"mivoot\",\"potentialAction\":[{\"@type\":\"SearchAction\",\"target\":{\"@type\":\"EntryPoint\",\"urlTemplate\":\"https:\/\/mivoot.com\/gt\/?s={search_term_string}\"},\"query-input\":{\"@type\":\"PropertyValueSpecification\",\"valueRequired\":true,\"valueName\":\"search_term_string\"}}],\"inLanguage\":\"es\"},{\"@type\":\"Organization\",\"@id\":\"https:\/\/mivoot.com\/gt\/#organization\",\"name\":\"Mivoot Guatemala\",\"alternateName\":\"mivoot.com\",\"url\":\"https:\/\/mivoot.com\/gt\/\",\"logo\":{\"@type\":\"ImageObject\",\"inLanguage\":\"es\",\"@id\":\"https:\/\/mivoot.com\/gt\/#\/schema\/logo\/image\/\",\"url\":\"https:\/\/mivoot.com\/gt\/wp-content\/uploads\/2023\/03\/cropped-icon.png\",\"contentUrl\":\"https:\/\/mivoot.com\/gt\/wp-content\/uploads\/2023\/03\/cropped-icon.png\",\"width\":512,\"height\":512,\"caption\":\"Mivoot Guatemala\"},\"image\":{\"@id\":\"https:\/\/mivoot.com\/gt\/#\/schema\/logo\/image\/\"},\"sameAs\":[\"https:\/\/www.facebook.com\/mivootgt\",\"https:\/\/instagram.com\/mivoot\"]}]}<\/script>\n<!-- \/ Yoast SEO Premium plugin. -->","yoast_head_json":{"title":"C\u00e1mara de seguridad panor\u00e1mica\/inclinable de 3 MP CP3 Pro Tenda - Mivoot","robots":{"index":"index","follow":"follow","max-snippet":"max-snippet:-1","max-image-preview":"max-image-preview:large","max-video-preview":"max-video-preview:-1"},"canonical":"https:\/\/mivoot.com\/gt\/producto\/camara-de-seguridad-panoramica-inclinable-de-3-mp-cp3-pro-tenda\/","og_locale":"es_ES","og_type":"article","og_title":"C\u00e1mara de seguridad panor\u00e1mica\/inclinable de 3 MP CP3 Pro Tenda","og_description":"- Sensor de imagen: Sensor CMOS de escaneo progresivo de 1\/3 - D\u00eda y noche: Tipo de ICR - Campo de visi\u00f3n: Horizontal: 78\u00b0, Vertical: 41,8\u00b0, Diagonal: 95\u00b0 - Luz suplementaria: 2 luces infrarrojas - Distancia de luz suplementaria: Hasta 10 m\/32 pies (seg\u00fan el entorno) - Comunicaci\u00f3n de audio: Audio bidireccional, llamada con un solo toque - Antena: Antena interna - Detecci\u00f3n inteligente: Detecci\u00f3n de movimiento, detecci\u00f3n de manipulaci\u00f3n, detecci\u00f3n de personas, detecci\u00f3n de llanto, detecci\u00f3n de   mascotas - Entrada de audio: Micr\u00f3fono incorporado - Salida de audio: Altavoz incorporado - Almacenamiento: Ranura para tarjeta Micro SD incorporada, hasta 256 GB","og_url":"https:\/\/mivoot.com\/gt\/producto\/camara-de-seguridad-panoramica-inclinable-de-3-mp-cp3-pro-tenda\/","og_site_name":"Mivoot","article_publisher":"https:\/\/www.facebook.com\/mivootgt","article_modified_time":"2025-03-19T23:10:40+00:00","og_image":[{"width":1000,"height":1000,"url":"https:\/\/mivoot.com\/gt\/wp-content\/uploads\/2025\/03\/20230906141213_0724.jpg","type":"image\/jpeg"}],"twitter_card":"summary_large_image","twitter_misc":{"Est. reading time":"3 minutos"},"schema":{"@context":"https:\/\/schema.org","@graph":[{"@type":"WebPage","@id":"https:\/\/mivoot.com\/gt\/producto\/camara-de-seguridad-panoramica-inclinable-de-3-mp-cp3-pro-tenda\/","url":"https:\/\/mivoot.com\/gt\/producto\/camara-de-seguridad-panoramica-inclinable-de-3-mp-cp3-pro-tenda\/","name":"C\u00e1mara de seguridad panor\u00e1mica\/inclinable de 3 MP CP3 Pro Tenda - Mivoot","isPartOf":{"@id":"https:\/\/mivoot.com\/gt\/#website"},"primaryImageOfPage":{"@id":"https:\/\/mivoot.com\/gt\/producto\/camara-de-seguridad-panoramica-inclinable-de-3-mp-cp3-pro-tenda\/#primaryimage"},"image":{"@id":"https:\/\/mivoot.com\/gt\/producto\/camara-de-seguridad-panoramica-inclinable-de-3-mp-cp3-pro-tenda\/#primaryimage"},"thumbnailUrl":"https:\/\/mivoot.com\/gt\/wp-content\/uploads\/2025\/03\/20230906141213_0724.jpg","datePublished":"2025-03-19T23:10:38+00:00","dateModified":"2025-03-19T23:10:40+00:00","breadcrumb":{"@id":"https:\/\/mivoot.com\/gt\/producto\/camara-de-seguridad-panoramica-inclinable-de-3-mp-cp3-pro-tenda\/#breadcrumb"},"inLanguage":"es","potentialAction":[{"@type":"ReadAction","target":["https:\/\/mivoot.com\/gt\/producto\/camara-de-seguridad-panoramica-inclinable-de-3-mp-cp3-pro-tenda\/"]}]},{"@type":"ImageObject","inLanguage":"es","@id":"https:\/\/mivoot.com\/gt\/producto\/camara-de-seguridad-panoramica-inclinable-de-3-mp-cp3-pro-tenda\/#primaryimage","url":"https:\/\/mivoot.com\/gt\/wp-content\/uploads\/2025\/03\/20230906141213_0724.jpg","contentUrl":"https:\/\/mivoot.com\/gt\/wp-content\/uploads\/2025\/03\/20230906141213_0724.jpg","width":1000,"height":1000},{"@type":"BreadcrumbList","@id":"https:\/\/mivoot.com\/gt\/producto\/camara-de-seguridad-panoramica-inclinable-de-3-mp-cp3-pro-tenda\/#breadcrumb","itemListElement":[{"@type":"ListItem","position":1,"name":"Inicio","item":"https:\/\/mivoot.com\/gt\/"},{"@type":"ListItem","position":2,"name":"Productos","item":"https:\/\/mivoot.com\/gt\/producto\/"},{"@type":"ListItem","position":3,"name":"Tenda","item":"https:\/\/mivoot.com\/gt\/marca\/tenda\/"},{"@type":"ListItem","position":4,"name":"C\u00e1mara de seguridad panor\u00e1mica\/inclinable de 3 MP CP3 Pro Tenda"}]},{"@type":"WebSite","@id":"https:\/\/mivoot.com\/gt\/#website","url":"https:\/\/mivoot.com\/gt\/","name":"Mivoot","description":"Mivoot Guatemala | Tienda Online","publisher":{"@id":"https:\/\/mivoot.com\/gt\/#organization"},"alternateName":"mivoot","potentialAction":[{"@type":"SearchAction","target":{"@type":"EntryPoint","urlTemplate":"https:\/\/mivoot.com\/gt\/?s={search_term_string}"},"query-input":{"@type":"PropertyValueSpecification","valueRequired":true,"valueName":"search_term_string"}}],"inLanguage":"es"},{"@type":"Organization","@id":"https:\/\/mivoot.com\/gt\/#organization","name":"Mivoot Guatemala","alternateName":"mivoot.com","url":"https:\/\/mivoot.com\/gt\/","logo":{"@type":"ImageObject","inLanguage":"es","@id":"https:\/\/mivoot.com\/gt\/#\/schema\/logo\/image\/","url":"https:\/\/mivoot.com\/gt\/wp-content\/uploads\/2023\/03\/cropped-icon.png","contentUrl":"https:\/\/mivoot.com\/gt\/wp-content\/uploads\/2023\/03\/cropped-icon.png","width":512,"height":512,"caption":"Mivoot Guatemala"},"image":{"@id":"https:\/\/mivoot.com\/gt\/#\/schema\/logo\/image\/"},"sameAs":["https:\/\/www.facebook.com\/mivootgt","https:\/\/instagram.com\/mivoot"]}]}},"jetpack_publicize_connections":[],"jetpack_sharing_enabled":true,"brands":[{"id":318,"name":"Tenda","slug":"tenda"}],"_links":{"self":[{"href":"https:\/\/mivoot.com\/gt\/wp-json\/wp\/v2\/product\/26952","targetHints":{"allow":["GET"]}}],"collection":[{"href":"https:\/\/mivoot.com\/gt\/wp-json\/wp\/v2\/product"}],"about":[{"href":"https:\/\/mivoot.com\/gt\/wp-json\/wp\/v2\/types\/product"}],"replies":[{"embeddable":true,"href":"https:\/\/mivoot.com\/gt\/wp-json\/wp\/v2\/comments?post=26952"}],"version-history":[{"count":1,"href":"https:\/\/mivoot.com\/gt\/wp-json\/wp\/v2\/product\/26952\/revisions"}],"predecessor-version":[{"id":26970,"href":"https:\/\/mivoot.com\/gt\/wp-json\/wp\/v2\/product\/26952\/revisions\/26970"}],"wp:featuredmedia":[{"embeddable":true,"href":"https:\/\/mivoot.com\/gt\/wp-json\/wp\/v2\/media\/26969"}],"wp:attachment":[{"href":"https:\/\/mivoot.com\/gt\/wp-json\/wp\/v2\/media?parent=26952"}],"wp:term":[{"taxonomy":"pwb-brand","embeddable":true,"href":"https:\/\/mivoot.com\/gt\/wp-json\/wp\/v2\/pwb-brand?post=26952"},{"taxonomy":"product_brand","embeddable":true,"href":"https:\/\/mivoot.com\/gt\/wp-json\/wp\/v2\/product_brand?post=26952"},{"taxonomy":"product_cat","embeddable":true,"href":"https:\/\/mivoot.com\/gt\/wp-json\/wp\/v2\/product_cat?post=26952"},{"taxonomy":"product_tag","embeddable":true,"href":"https:\/\/mivoot.com\/gt\/wp-json\/wp\/v2\/product_tag?post=26952"}],"curies":[{"name":"wp","href":"https:\/\/api.w.org\/{rel}","templated":true}]}}