{"id":27123,"date":"2025-03-24T12:52:32","date_gmt":"2025-03-24T18:52:32","guid":{"rendered":"https:\/\/mivoot.com\/gt\/?post_type=product&#038;p=27123"},"modified":"2025-03-24T12:52:33","modified_gmt":"2025-03-24T18:52:33","slug":"router-n300-fh456-tenda","status":"publish","type":"product","link":"https:\/\/mivoot.com\/gt\/producto\/router-n300-fh456-tenda\/","title":{"rendered":"Router N300 FH456 Tenda"},"content":{"rendered":"<h1 class=\"page-body-title_heading__rF0WV\" style=\"text-align: center\"><span style=\"color: #ff6600\"><strong>Router Tenda FH456 N300<\/strong><\/span><\/h1>\n<h3><\/h3>\n<h3><span style=\"color: #ff6600\"><strong>Amplificaci\u00f3n de la se\u00f1al WiFi:<\/strong><\/span><\/h3>\n<p>Con tan solo introducir la contrase\u00f1a de otra WiFi, el FH456 puede conectar con el router existente para ampliar la se\u00f1al WiFi.<\/p>\n<h3 style=\"text-align: right\"><span style=\"color: #ff6600\"><strong>Control de ancho de banda:<\/strong>\u00a0<\/span><\/h3>\n<p style=\"text-align: right\">Con QoS (calidad de servicio), puede asignar ancho de banda a diferentes tareas para garantizar que todos los usuarios puedan conectarse sin problemas.<\/p>\n<h3><span style=\"color: #ff6600\"><strong>Seguridad WiFi<\/strong><\/span><\/h3>\n<p>Admite los cifrados inal\u00e1mbricos WPA-PSK y WPA2-PSK. Proteja su WiFi contra los ciberdelincuentes.<\/p>\n<h3 style=\"text-align: right\"><span style=\"color: #ff6600\"><strong>F\u00e1cil configuraci\u00f3n:<\/strong>\u00a0<\/span><\/h3>\n<p style=\"text-align: right\">No importa que sea un experto en tecnolog\u00eda o un usuario novel, la configuraci\u00f3n del FH456 es f\u00e1cil e intuitiva.<\/p>\n","protected":false},"excerpt":{"rendered":"<p>&#8211; Velocidad: 300Mbps<br \/>\n&#8211; Antenas: 4*5dBi external antennas<br \/>\n&#8211; Interface: 1* 10\/100M Ethernet WAN port &#8211; 3* 10\/100M Ethernet LAN ports<br \/>\n&#8211; Dimensiones: 6.74*6.74*1.43in \/171.3*171.3*36.4mm<\/p>\n","protected":false},"featured_media":27135,"comment_status":"open","ping_status":"closed","template":"","meta":{"jetpack_publicize_message":"","jetpack_publicize_feature_enabled":true,"jetpack_social_post_already_shared":true,"jetpack_social_options":{"image_generator_settings":{"template":"highway","default_image_id":0,"font":"","enabled":false},"version":2}},"pwb-brand":[318],"product_brand":[],"product_cat":[17],"product_tag":[],"class_list":{"0":"post-27123","1":"product","2":"type-product","3":"status-publish","4":"has-post-thumbnail","6":"pwb-brand-tenda","7":"product_cat-redes-e-internet","9":"first","10":"instock","11":"taxable","12":"shipping-taxable","13":"purchasable","14":"product-type-simple"},"yoast_head":"<!-- This site is optimized with the Yoast SEO Premium plugin v25.7.1 (Yoast SEO v26.8) - https:\/\/yoast.com\/product\/yoast-seo-premium-wordpress\/ -->\n<title>Router N300 FH456 Tenda - Mivoot<\/title>\n<meta name=\"robots\" content=\"index, follow, max-snippet:-1, max-image-preview:large, max-video-preview:-1\" \/>\n<link rel=\"canonical\" href=\"https:\/\/mivoot.com\/gt\/producto\/router-n300-fh456-tenda\/\" \/>\n<meta property=\"og:locale\" content=\"es_ES\" \/>\n<meta property=\"og:type\" content=\"article\" \/>\n<meta property=\"og:title\" content=\"Router N300 FH456 Tenda\" \/>\n<meta property=\"og:description\" content=\"- Velocidad: 300Mbps - Antenas: 4*5dBi external antennas - Interface: 1* 10\/100M Ethernet WAN port - 3* 10\/100M Ethernet LAN ports - Dimensiones: 6.74*6.74*1.43in \/171.3*171.3*36.4mm\" \/>\n<meta property=\"og:url\" content=\"https:\/\/mivoot.com\/gt\/producto\/router-n300-fh456-tenda\/\" \/>\n<meta property=\"og:site_name\" content=\"Mivoot\" \/>\n<meta property=\"article:publisher\" content=\"https:\/\/www.facebook.com\/mivootgt\" \/>\n<meta property=\"article:modified_time\" content=\"2025-03-24T18:52:33+00:00\" \/>\n<meta property=\"og:image\" content=\"https:\/\/mivoot.com\/gt\/wp-content\/uploads\/2025\/03\/WHx4-768x768-1.jpg\" \/>\n\t<meta property=\"og:image:width\" content=\"768\" \/>\n\t<meta property=\"og:image:height\" content=\"768\" \/>\n\t<meta property=\"og:image:type\" content=\"image\/jpeg\" \/>\n<meta name=\"twitter:card\" content=\"summary_large_image\" \/>\n<meta name=\"twitter:label1\" content=\"Est. reading time\" \/>\n\t<meta name=\"twitter:data1\" content=\"1 minuto\" \/>\n<script type=\"application\/ld+json\" class=\"yoast-schema-graph\">{\"@context\":\"https:\/\/schema.org\",\"@graph\":[{\"@type\":\"WebPage\",\"@id\":\"https:\/\/mivoot.com\/gt\/producto\/router-n300-fh456-tenda\/\",\"url\":\"https:\/\/mivoot.com\/gt\/producto\/router-n300-fh456-tenda\/\",\"name\":\"Router N300 FH456 Tenda - Mivoot\",\"isPartOf\":{\"@id\":\"https:\/\/mivoot.com\/gt\/#website\"},\"primaryImageOfPage\":{\"@id\":\"https:\/\/mivoot.com\/gt\/producto\/router-n300-fh456-tenda\/#primaryimage\"},\"image\":{\"@id\":\"https:\/\/mivoot.com\/gt\/producto\/router-n300-fh456-tenda\/#primaryimage\"},\"thumbnailUrl\":\"https:\/\/mivoot.com\/gt\/wp-content\/uploads\/2025\/03\/WHx4-768x768-1.jpg\",\"datePublished\":\"2025-03-24T18:52:32+00:00\",\"dateModified\":\"2025-03-24T18:52:33+00:00\",\"breadcrumb\":{\"@id\":\"https:\/\/mivoot.com\/gt\/producto\/router-n300-fh456-tenda\/#breadcrumb\"},\"inLanguage\":\"es\",\"potentialAction\":[{\"@type\":\"ReadAction\",\"target\":[\"https:\/\/mivoot.com\/gt\/producto\/router-n300-fh456-tenda\/\"]}]},{\"@type\":\"ImageObject\",\"inLanguage\":\"es\",\"@id\":\"https:\/\/mivoot.com\/gt\/producto\/router-n300-fh456-tenda\/#primaryimage\",\"url\":\"https:\/\/mivoot.com\/gt\/wp-content\/uploads\/2025\/03\/WHx4-768x768-1.jpg\",\"contentUrl\":\"https:\/\/mivoot.com\/gt\/wp-content\/uploads\/2025\/03\/WHx4-768x768-1.jpg\",\"width\":768,\"height\":768},{\"@type\":\"BreadcrumbList\",\"@id\":\"https:\/\/mivoot.com\/gt\/producto\/router-n300-fh456-tenda\/#breadcrumb\",\"itemListElement\":[{\"@type\":\"ListItem\",\"position\":1,\"name\":\"Inicio\",\"item\":\"https:\/\/mivoot.com\/gt\/\"},{\"@type\":\"ListItem\",\"position\":2,\"name\":\"Productos\",\"item\":\"https:\/\/mivoot.com\/gt\/producto\/\"},{\"@type\":\"ListItem\",\"position\":3,\"name\":\"Tenda\",\"item\":\"https:\/\/mivoot.com\/gt\/marca\/tenda\/\"},{\"@type\":\"ListItem\",\"position\":4,\"name\":\"Router N300 FH456 Tenda\"}]},{\"@type\":\"WebSite\",\"@id\":\"https:\/\/mivoot.com\/gt\/#website\",\"url\":\"https:\/\/mivoot.com\/gt\/\",\"name\":\"Mivoot\",\"description\":\"Mivoot Guatemala | Tienda Online\",\"publisher\":{\"@id\":\"https:\/\/mivoot.com\/gt\/#organization\"},\"alternateName\":\"mivoot\",\"potentialAction\":[{\"@type\":\"SearchAction\",\"target\":{\"@type\":\"EntryPoint\",\"urlTemplate\":\"https:\/\/mivoot.com\/gt\/?s={search_term_string}\"},\"query-input\":{\"@type\":\"PropertyValueSpecification\",\"valueRequired\":true,\"valueName\":\"search_term_string\"}}],\"inLanguage\":\"es\"},{\"@type\":\"Organization\",\"@id\":\"https:\/\/mivoot.com\/gt\/#organization\",\"name\":\"Mivoot Guatemala\",\"alternateName\":\"mivoot.com\",\"url\":\"https:\/\/mivoot.com\/gt\/\",\"logo\":{\"@type\":\"ImageObject\",\"inLanguage\":\"es\",\"@id\":\"https:\/\/mivoot.com\/gt\/#\/schema\/logo\/image\/\",\"url\":\"https:\/\/mivoot.com\/gt\/wp-content\/uploads\/2023\/03\/cropped-icon.png\",\"contentUrl\":\"https:\/\/mivoot.com\/gt\/wp-content\/uploads\/2023\/03\/cropped-icon.png\",\"width\":512,\"height\":512,\"caption\":\"Mivoot Guatemala\"},\"image\":{\"@id\":\"https:\/\/mivoot.com\/gt\/#\/schema\/logo\/image\/\"},\"sameAs\":[\"https:\/\/www.facebook.com\/mivootgt\",\"https:\/\/instagram.com\/mivoot\"]}]}<\/script>\n<!-- \/ Yoast SEO Premium plugin. -->","yoast_head_json":{"title":"Router N300 FH456 Tenda - Mivoot","robots":{"index":"index","follow":"follow","max-snippet":"max-snippet:-1","max-image-preview":"max-image-preview:large","max-video-preview":"max-video-preview:-1"},"canonical":"https:\/\/mivoot.com\/gt\/producto\/router-n300-fh456-tenda\/","og_locale":"es_ES","og_type":"article","og_title":"Router N300 FH456 Tenda","og_description":"- Velocidad: 300Mbps - Antenas: 4*5dBi external antennas - Interface: 1* 10\/100M Ethernet WAN port - 3* 10\/100M Ethernet LAN ports - Dimensiones: 6.74*6.74*1.43in \/171.3*171.3*36.4mm","og_url":"https:\/\/mivoot.com\/gt\/producto\/router-n300-fh456-tenda\/","og_site_name":"Mivoot","article_publisher":"https:\/\/www.facebook.com\/mivootgt","article_modified_time":"2025-03-24T18:52:33+00:00","og_image":[{"width":768,"height":768,"url":"https:\/\/mivoot.com\/gt\/wp-content\/uploads\/2025\/03\/WHx4-768x768-1.jpg","type":"image\/jpeg"}],"twitter_card":"summary_large_image","twitter_misc":{"Est. reading time":"1 minuto"},"schema":{"@context":"https:\/\/schema.org","@graph":[{"@type":"WebPage","@id":"https:\/\/mivoot.com\/gt\/producto\/router-n300-fh456-tenda\/","url":"https:\/\/mivoot.com\/gt\/producto\/router-n300-fh456-tenda\/","name":"Router N300 FH456 Tenda - Mivoot","isPartOf":{"@id":"https:\/\/mivoot.com\/gt\/#website"},"primaryImageOfPage":{"@id":"https:\/\/mivoot.com\/gt\/producto\/router-n300-fh456-tenda\/#primaryimage"},"image":{"@id":"https:\/\/mivoot.com\/gt\/producto\/router-n300-fh456-tenda\/#primaryimage"},"thumbnailUrl":"https:\/\/mivoot.com\/gt\/wp-content\/uploads\/2025\/03\/WHx4-768x768-1.jpg","datePublished":"2025-03-24T18:52:32+00:00","dateModified":"2025-03-24T18:52:33+00:00","breadcrumb":{"@id":"https:\/\/mivoot.com\/gt\/producto\/router-n300-fh456-tenda\/#breadcrumb"},"inLanguage":"es","potentialAction":[{"@type":"ReadAction","target":["https:\/\/mivoot.com\/gt\/producto\/router-n300-fh456-tenda\/"]}]},{"@type":"ImageObject","inLanguage":"es","@id":"https:\/\/mivoot.com\/gt\/producto\/router-n300-fh456-tenda\/#primaryimage","url":"https:\/\/mivoot.com\/gt\/wp-content\/uploads\/2025\/03\/WHx4-768x768-1.jpg","contentUrl":"https:\/\/mivoot.com\/gt\/wp-content\/uploads\/2025\/03\/WHx4-768x768-1.jpg","width":768,"height":768},{"@type":"BreadcrumbList","@id":"https:\/\/mivoot.com\/gt\/producto\/router-n300-fh456-tenda\/#breadcrumb","itemListElement":[{"@type":"ListItem","position":1,"name":"Inicio","item":"https:\/\/mivoot.com\/gt\/"},{"@type":"ListItem","position":2,"name":"Productos","item":"https:\/\/mivoot.com\/gt\/producto\/"},{"@type":"ListItem","position":3,"name":"Tenda","item":"https:\/\/mivoot.com\/gt\/marca\/tenda\/"},{"@type":"ListItem","position":4,"name":"Router N300 FH456 Tenda"}]},{"@type":"WebSite","@id":"https:\/\/mivoot.com\/gt\/#website","url":"https:\/\/mivoot.com\/gt\/","name":"Mivoot","description":"Mivoot Guatemala | Tienda Online","publisher":{"@id":"https:\/\/mivoot.com\/gt\/#organization"},"alternateName":"mivoot","potentialAction":[{"@type":"SearchAction","target":{"@type":"EntryPoint","urlTemplate":"https:\/\/mivoot.com\/gt\/?s={search_term_string}"},"query-input":{"@type":"PropertyValueSpecification","valueRequired":true,"valueName":"search_term_string"}}],"inLanguage":"es"},{"@type":"Organization","@id":"https:\/\/mivoot.com\/gt\/#organization","name":"Mivoot Guatemala","alternateName":"mivoot.com","url":"https:\/\/mivoot.com\/gt\/","logo":{"@type":"ImageObject","inLanguage":"es","@id":"https:\/\/mivoot.com\/gt\/#\/schema\/logo\/image\/","url":"https:\/\/mivoot.com\/gt\/wp-content\/uploads\/2023\/03\/cropped-icon.png","contentUrl":"https:\/\/mivoot.com\/gt\/wp-content\/uploads\/2023\/03\/cropped-icon.png","width":512,"height":512,"caption":"Mivoot Guatemala"},"image":{"@id":"https:\/\/mivoot.com\/gt\/#\/schema\/logo\/image\/"},"sameAs":["https:\/\/www.facebook.com\/mivootgt","https:\/\/instagram.com\/mivoot"]}]}},"jetpack_publicize_connections":[],"jetpack_sharing_enabled":true,"brands":[{"id":318,"name":"Tenda","slug":"tenda"}],"_links":{"self":[{"href":"https:\/\/mivoot.com\/gt\/wp-json\/wp\/v2\/product\/27123","targetHints":{"allow":["GET"]}}],"collection":[{"href":"https:\/\/mivoot.com\/gt\/wp-json\/wp\/v2\/product"}],"about":[{"href":"https:\/\/mivoot.com\/gt\/wp-json\/wp\/v2\/types\/product"}],"replies":[{"embeddable":true,"href":"https:\/\/mivoot.com\/gt\/wp-json\/wp\/v2\/comments?post=27123"}],"version-history":[{"count":2,"href":"https:\/\/mivoot.com\/gt\/wp-json\/wp\/v2\/product\/27123\/revisions"}],"predecessor-version":[{"id":27139,"href":"https:\/\/mivoot.com\/gt\/wp-json\/wp\/v2\/product\/27123\/revisions\/27139"}],"wp:featuredmedia":[{"embeddable":true,"href":"https:\/\/mivoot.com\/gt\/wp-json\/wp\/v2\/media\/27135"}],"wp:attachment":[{"href":"https:\/\/mivoot.com\/gt\/wp-json\/wp\/v2\/media?parent=27123"}],"wp:term":[{"taxonomy":"pwb-brand","embeddable":true,"href":"https:\/\/mivoot.com\/gt\/wp-json\/wp\/v2\/pwb-brand?post=27123"},{"taxonomy":"product_brand","embeddable":true,"href":"https:\/\/mivoot.com\/gt\/wp-json\/wp\/v2\/product_brand?post=27123"},{"taxonomy":"product_cat","embeddable":true,"href":"https:\/\/mivoot.com\/gt\/wp-json\/wp\/v2\/product_cat?post=27123"},{"taxonomy":"product_tag","embeddable":true,"href":"https:\/\/mivoot.com\/gt\/wp-json\/wp\/v2\/product_tag?post=27123"}],"curies":[{"name":"wp","href":"https:\/\/api.w.org\/{rel}","templated":true}]}}